{"id":470498,"date":"2024-01-08T12:40:30","date_gmt":"2024-01-08T12:40:30","guid":{"rendered":"https:\/\/madabouthorror.co.uk\/?post_type=product&#038;p=470498"},"modified":"2026-04-22T11:37:36","modified_gmt":"2026-04-22T10:37:36","slug":"childs-play-2-good-guy-talking-board","status":"publish","type":"product","link":"https:\/\/madabouthorror.co.uk\/fr\/product\/childs-play-2-good-guy-talking-board\/","title":{"rendered":"Child's Play 2 - Planche parlante Good Guy"},"content":{"rendered":"<div class=\"description rte section cf not-in-quickbuy\">\n<p>Lib\u00e9rez le surnaturel avec la planchette parlante Good Guys, sous licence officielle, de Trick or Treat Studios. Cet ensemble comprend une planchette en couleur magnifiquement con\u00e7ue et une planchette sculpt\u00e9e.<\/p>\n<p>Pr\u00e9sent\u00e9 dans une bo\u00eete th\u00e9matique d\u00e9taill\u00e9e, c'est l'accessoire id\u00e9al pour apprendre l'ABC et le 1-2-3 ou pour tendre la main \u00e0 des amis lointains. Con\u00e7ue par Sam First, cette planche parlante Good Guys offre une exp\u00e9rience unique et attrayante aux passionn\u00e9s et aux collectionneurs.<\/p>\n<\/div>\n<p>Commandez le v\u00f4tre d\u00e8s maintenant et commencez \u00e0 invoquer !<\/p>\n<p><strong>D\u00e9tails :<\/strong><\/p>\n<div class=\"description rte section cf not-in-quickbuy\">\n<ul>\n<li>planche 12\u2033x18\u2033, 1\/4\u2033 d'\u00e9paisseur ; planchette environ 4\u2033 x 6\u2033<\/li>\n<li><span data-contrast=\"none\">Licence officielle<\/span><\/li>\n<\/ul>\n<\/div>\n<div class=\"rte cf light-inner-row not-in-quickbuy\">\n<p>Universal City Studios LLC. Tous droits r\u00e9serv\u00e9s.<\/p>\n<\/div>\n<p>La poup\u00e9e Chucky sur la photo n'est pas incluse.<\/p>","protected":false},"excerpt":{"rendered":"<p>Lib\u00e9rez le surnaturel avec la planchette parlante Good Guys, sous licence officielle, de Trick or Treat Studios. Cet ensemble comprend un magnifique tableau en couleurs et une planchette sculpt\u00e9e. Pr\u00e9sent\u00e9 dans une bo\u00eete th\u00e9matique d\u00e9taill\u00e9e, c'est l'accessoire id\u00e9al pour apprendre l'ABC et le 1-2-3 ou pour tendre la main \u00e0 des amis lointains. Con\u00e7u par [...]<\/p>","protected":false},"featured_media":475829,"comment_status":"closed","ping_status":"closed","template":"","meta":{"_acf_changed":false},"product_brand":[],"product_cat":[10133,10134,10076,10130,10041,10093,10107,10038,6547,9967,9924,6792],"product_tag":[],"class_list":{"0":"post-470498","1":"product","2":"type-product","3":"status-publish","4":"has-post-thumbnail","6":"product_cat-chucky-dolls-childs-play","7":"product_cat-official-replica-dolls-accessories","8":"product_cat-replica-dolls-props","9":"product_cat-top-50-gifts","10":"product_cat-gifts-under-50","11":"product_cat-indoor-halloween-decorations","12":"product_cat-licensed-halloween-decorations","13":"product_cat-horror-gifts","14":"product_cat-decorations","15":"product_cat-replica-props","16":"product_cat-trick-or-treat-studios-last-chance","17":"product_cat-trick-or-treat-studios","19":"first","20":"instock","21":"taxable","22":"shipping-taxable","23":"purchasable","24":"product-type-simple"},"supplier_id":471029,"supplier_sku":"SFUS188","barcode":"","atum_controlled":true,"out_stock_date":null,"out_stock_threshold":null,"inheritable":false,"inbound_stock":1,"stock_on_hold":0,"sold_today":0,"sales_last_days":0,"reserved_stock":0,"customer_returns":0,"warehouse_damage":0,"lost_in_post":0,"other_logs":0,"out_stock_days":0,"lost_sales":0,"has_location":false,"update_date":"2026-04-30T02:09:56","atum_locations":[],"atum_stock_status":"instock","restock_status":false,"low_stock_amount":4,"sales_update_date":"2026-04-30T02:09:55","calc_backorders":null,"acf":[],"yoast_head":"<!-- This site is optimized with the Yoast SEO plugin v27.5 - https:\/\/yoast.com\/product\/yoast-seo-wordpress\/ -->\n<title>Child&#039;s Play 2 - Good Guy Talking Board | Mad About Horror<\/title>\n<meta name=\"description\" content=\"Officially licensed Good Guys Talking Board from Trick or Treat Studios. PRE-ORDER now available at Mad About Horror, Europe&#039;s leading Horror specialist.\" \/>\n<meta name=\"robots\" content=\"index, follow, max-snippet:-1, max-image-preview:large, max-video-preview:-1\" \/>\n<link rel=\"canonical\" href=\"https:\/\/madabouthorror.co.uk\/fr\/product\/childs-play-2-good-guy-talking-board\/\" \/>\n<meta property=\"og:locale\" content=\"fr_FR\" \/>\n<meta property=\"og:type\" content=\"article\" \/>\n<meta property=\"og:title\" content=\"Child&#039;s Play 2 - Good Guy Talking Board | Mad About Horror\" \/>\n<meta property=\"og:description\" content=\"Officially licensed Good Guys Talking Board from Trick or Treat Studios. PRE-ORDER now available at Mad About Horror, Europe&#039;s leading Horror specialist.\" \/>\n<meta property=\"og:url\" content=\"https:\/\/madabouthorror.co.uk\/fr\/product\/childs-play-2-good-guy-talking-board\/\" \/>\n<meta property=\"og:site_name\" content=\"Mad About Horror\" \/>\n<meta property=\"article:publisher\" content=\"https:\/\/www.facebook.com\/madabouthorror\/\" \/>\n<meta property=\"article:modified_time\" content=\"2026-04-22T10:37:36+00:00\" \/>\n<meta property=\"og:image\" content=\"https:\/\/madabouthorror.co.uk\/wp-content\/uploads\/2024\/01\/1.jpeg\" \/>\n\t<meta property=\"og:image:width\" content=\"720\" \/>\n\t<meta property=\"og:image:height\" content=\"720\" \/>\n\t<meta property=\"og:image:type\" content=\"image\/jpeg\" \/>\n<meta name=\"twitter:card\" content=\"summary_large_image\" \/>\n<meta name=\"twitter:label1\" content=\"Dur\u00e9e de lecture estim\u00e9e\" \/>\n\t<meta name=\"twitter:data1\" content=\"1 minute\" \/>\n<script type=\"application\/ld+json\" class=\"yoast-schema-graph\">{\"@context\":\"https:\\\/\\\/schema.org\",\"@graph\":[{\"@type\":[\"WebPage\",\"ItemPage\"],\"@id\":\"https:\\\/\\\/madabouthorror.co.uk\\\/product\\\/childs-play-2-good-guy-talking-board\\\/\",\"url\":\"https:\\\/\\\/madabouthorror.co.uk\\\/product\\\/childs-play-2-good-guy-talking-board\\\/\",\"name\":\"Child's Play 2 - Good Guy Talking Board | Mad About Horror\",\"isPartOf\":{\"@id\":\"https:\\\/\\\/madabouthorror.co.uk\\\/#website\"},\"primaryImageOfPage\":{\"@id\":\"https:\\\/\\\/madabouthorror.co.uk\\\/product\\\/childs-play-2-good-guy-talking-board\\\/#primaryimage\"},\"image\":{\"@id\":\"https:\\\/\\\/madabouthorror.co.uk\\\/product\\\/childs-play-2-good-guy-talking-board\\\/#primaryimage\"},\"thumbnailUrl\":\"https:\\\/\\\/madabouthorror.co.uk\\\/wp-content\\\/uploads\\\/2024\\\/01\\\/1.jpeg\",\"datePublished\":\"2024-01-08T12:40:30+00:00\",\"dateModified\":\"2026-04-22T10:37:36+00:00\",\"description\":\"Officially licensed Good Guys Talking Board from Trick or Treat Studios. PRE-ORDER now available at Mad About Horror, Europe's leading Horror specialist.\",\"breadcrumb\":{\"@id\":\"https:\\\/\\\/madabouthorror.co.uk\\\/product\\\/childs-play-2-good-guy-talking-board\\\/#breadcrumb\"},\"inLanguage\":\"fr-FR\",\"potentialAction\":[{\"@type\":\"ReadAction\",\"target\":[\"https:\\\/\\\/madabouthorror.co.uk\\\/product\\\/childs-play-2-good-guy-talking-board\\\/\"]}]},{\"@type\":\"ImageObject\",\"inLanguage\":\"fr-FR\",\"@id\":\"https:\\\/\\\/madabouthorror.co.uk\\\/product\\\/childs-play-2-good-guy-talking-board\\\/#primaryimage\",\"url\":\"https:\\\/\\\/madabouthorror.co.uk\\\/wp-content\\\/uploads\\\/2024\\\/01\\\/1.jpeg\",\"contentUrl\":\"https:\\\/\\\/madabouthorror.co.uk\\\/wp-content\\\/uploads\\\/2024\\\/01\\\/1.jpeg\",\"width\":720,\"height\":720},{\"@type\":\"BreadcrumbList\",\"@id\":\"https:\\\/\\\/madabouthorror.co.uk\\\/product\\\/childs-play-2-good-guy-talking-board\\\/#breadcrumb\",\"itemListElement\":[{\"@type\":\"ListItem\",\"position\":1,\"name\":\"Shop\",\"item\":\"https:\\\/\\\/madabouthorror.co.uk\\\/shop\\\/\"},{\"@type\":\"ListItem\",\"position\":2,\"name\":\"Child&#8217;s Play 2 &#8211; Good Guy Talking Board\"}]},{\"@type\":\"WebSite\",\"@id\":\"https:\\\/\\\/madabouthorror.co.uk\\\/#website\",\"url\":\"https:\\\/\\\/madabouthorror.co.uk\\\/\",\"name\":\"Mad About Horror\",\"description\":\"\",\"publisher\":{\"@id\":\"https:\\\/\\\/madabouthorror.co.uk\\\/#organization\"},\"alternateName\":\"Mad About Horror Limited\",\"potentialAction\":[{\"@type\":\"SearchAction\",\"target\":{\"@type\":\"EntryPoint\",\"urlTemplate\":\"https:\\\/\\\/madabouthorror.co.uk\\\/?s={search_term_string}\"},\"query-input\":{\"@type\":\"PropertyValueSpecification\",\"valueRequired\":true,\"valueName\":\"search_term_string\"}}],\"inLanguage\":\"fr-FR\"},{\"@type\":\"Organization\",\"@id\":\"https:\\\/\\\/madabouthorror.co.uk\\\/#organization\",\"name\":\"Mad About Horror\",\"url\":\"https:\\\/\\\/madabouthorror.co.uk\\\/\",\"logo\":{\"@type\":\"ImageObject\",\"inLanguage\":\"fr-FR\",\"@id\":\"https:\\\/\\\/madabouthorror.co.uk\\\/#\\\/schema\\\/logo\\\/image\\\/\",\"url\":\"https:\\\/\\\/madabouthorror.co.uk\\\/wp-content\\\/uploads\\\/2024\\\/02\\\/cropped-Logo.png\",\"contentUrl\":\"https:\\\/\\\/madabouthorror.co.uk\\\/wp-content\\\/uploads\\\/2024\\\/02\\\/cropped-Logo.png\",\"width\":240,\"height\":88,\"caption\":\"Mad About Horror\"},\"image\":{\"@id\":\"https:\\\/\\\/madabouthorror.co.uk\\\/#\\\/schema\\\/logo\\\/image\\\/\"},\"sameAs\":[\"https:\\\/\\\/www.facebook.com\\\/madabouthorror\\\/\",\"https:\\\/\\\/www.instagram.com\\\/madabouthorror\\\/\",\"https:\\\/\\\/www.pinterest.co.uk\\\/madabouthorror\\\/\",\"https:\\\/\\\/www.youtube.com\\\/channel\\\/UCBooLOIxjoQ89dj6T5lWm_w\",\"https:\\\/\\\/www.tiktok.com\\\/@weremadabouthorror\"]}]}<\/script>\n<!-- \/ Yoast SEO plugin. -->","yoast_head_json":{"title":"Child's Play 2 - Good Guy Talking Board | Mad About Horror","description":"Planche parlante Good Guys sous licence officielle de Trick or Treat Studios. PR\u00c9-COMMANDE disponible d\u00e8s maintenant chez Mad About Horror, le plus grand sp\u00e9cialiste de l'horreur en Europe.","robots":{"index":"index","follow":"follow","max-snippet":"max-snippet:-1","max-image-preview":"max-image-preview:large","max-video-preview":"max-video-preview:-1"},"canonical":"https:\/\/madabouthorror.co.uk\/fr\/product\/childs-play-2-good-guy-talking-board\/","og_locale":"fr_FR","og_type":"article","og_title":"Child's Play 2 - Good Guy Talking Board | Mad About Horror","og_description":"Officially licensed Good Guys Talking Board from Trick or Treat Studios. PRE-ORDER now available at Mad About Horror, Europe's leading Horror specialist.","og_url":"https:\/\/madabouthorror.co.uk\/fr\/product\/childs-play-2-good-guy-talking-board\/","og_site_name":"Mad About Horror","article_publisher":"https:\/\/www.facebook.com\/madabouthorror\/","article_modified_time":"2026-04-22T10:37:36+00:00","og_image":[{"width":720,"height":720,"url":"https:\/\/madabouthorror.co.uk\/wp-content\/uploads\/2024\/01\/1.jpeg","type":"image\/jpeg"}],"twitter_card":"summary_large_image","twitter_misc":{"Dur\u00e9e de lecture estim\u00e9e":"1 minute"},"schema":{"@context":"https:\/\/schema.org","@graph":[{"@type":["WebPage","ItemPage"],"@id":"https:\/\/madabouthorror.co.uk\/product\/childs-play-2-good-guy-talking-board\/","url":"https:\/\/madabouthorror.co.uk\/product\/childs-play-2-good-guy-talking-board\/","name":"Child's Play 2 - Good Guy Talking Board | Mad About Horror","isPartOf":{"@id":"https:\/\/madabouthorror.co.uk\/#website"},"primaryImageOfPage":{"@id":"https:\/\/madabouthorror.co.uk\/product\/childs-play-2-good-guy-talking-board\/#primaryimage"},"image":{"@id":"https:\/\/madabouthorror.co.uk\/product\/childs-play-2-good-guy-talking-board\/#primaryimage"},"thumbnailUrl":"https:\/\/madabouthorror.co.uk\/wp-content\/uploads\/2024\/01\/1.jpeg","datePublished":"2024-01-08T12:40:30+00:00","dateModified":"2026-04-22T10:37:36+00:00","description":"Planche parlante Good Guys sous licence officielle de Trick or Treat Studios. PR\u00c9-COMMANDE disponible d\u00e8s maintenant chez Mad About Horror, le plus grand sp\u00e9cialiste de l'horreur en Europe.","breadcrumb":{"@id":"https:\/\/madabouthorror.co.uk\/product\/childs-play-2-good-guy-talking-board\/#breadcrumb"},"inLanguage":"fr-FR","potentialAction":[{"@type":"ReadAction","target":["https:\/\/madabouthorror.co.uk\/product\/childs-play-2-good-guy-talking-board\/"]}]},{"@type":"ImageObject","inLanguage":"fr-FR","@id":"https:\/\/madabouthorror.co.uk\/product\/childs-play-2-good-guy-talking-board\/#primaryimage","url":"https:\/\/madabouthorror.co.uk\/wp-content\/uploads\/2024\/01\/1.jpeg","contentUrl":"https:\/\/madabouthorror.co.uk\/wp-content\/uploads\/2024\/01\/1.jpeg","width":720,"height":720},{"@type":"BreadcrumbList","@id":"https:\/\/madabouthorror.co.uk\/product\/childs-play-2-good-guy-talking-board\/#breadcrumb","itemListElement":[{"@type":"ListItem","position":1,"name":"Shop","item":"https:\/\/madabouthorror.co.uk\/shop\/"},{"@type":"ListItem","position":2,"name":"Child&#8217;s Play 2 &#8211; Good Guy Talking Board"}]},{"@type":"WebSite","@id":"https:\/\/madabouthorror.co.uk\/#website","url":"https:\/\/madabouthorror.co.uk\/","name":"L'horreur en folie","description":"","publisher":{"@id":"https:\/\/madabouthorror.co.uk\/#organization"},"alternateName":"Mad About Horror Limited","potentialAction":[{"@type":"SearchAction","target":{"@type":"EntryPoint","urlTemplate":"https:\/\/madabouthorror.co.uk\/?s={search_term_string}"},"query-input":{"@type":"PropertyValueSpecification","valueRequired":true,"valueName":"search_term_string"}}],"inLanguage":"fr-FR"},{"@type":"Organization","@id":"https:\/\/madabouthorror.co.uk\/#organization","name":"L'horreur en folie","url":"https:\/\/madabouthorror.co.uk\/","logo":{"@type":"ImageObject","inLanguage":"fr-FR","@id":"https:\/\/madabouthorror.co.uk\/#\/schema\/logo\/image\/","url":"https:\/\/madabouthorror.co.uk\/wp-content\/uploads\/2024\/02\/cropped-Logo.png","contentUrl":"https:\/\/madabouthorror.co.uk\/wp-content\/uploads\/2024\/02\/cropped-Logo.png","width":240,"height":88,"caption":"Mad About Horror"},"image":{"@id":"https:\/\/madabouthorror.co.uk\/#\/schema\/logo\/image\/"},"sameAs":["https:\/\/www.facebook.com\/madabouthorror\/","https:\/\/www.instagram.com\/madabouthorror\/","https:\/\/www.pinterest.co.uk\/madabouthorror\/","https:\/\/www.youtube.com\/channel\/UCBooLOIxjoQ89dj6T5lWm_w","https:\/\/www.tiktok.com\/@weremadabouthorror"]}]}},"df_price":54.95,"df_sale_price":"","df_regular_price":54.95,"df_image_link":"https:\/\/madabouthorror.co.uk\/wp-content\/uploads\/2024\/01\/1-300x300.jpeg","_links":{"self":[{"href":"https:\/\/madabouthorror.co.uk\/fr\/wp-json\/wp\/v2\/product\/470498","targetHints":{"allow":["GET"]}}],"collection":[{"href":"https:\/\/madabouthorror.co.uk\/fr\/wp-json\/wp\/v2\/product"}],"about":[{"href":"https:\/\/madabouthorror.co.uk\/fr\/wp-json\/wp\/v2\/types\/product"}],"replies":[{"embeddable":true,"href":"https:\/\/madabouthorror.co.uk\/fr\/wp-json\/wp\/v2\/comments?post=470498"}],"wp:featuredmedia":[{"embeddable":true,"href":"https:\/\/madabouthorror.co.uk\/fr\/wp-json\/wp\/v2\/media\/475829"}],"wp:attachment":[{"href":"https:\/\/madabouthorror.co.uk\/fr\/wp-json\/wp\/v2\/media?parent=470498"}],"wp:term":[{"taxonomy":"product_brand","embeddable":true,"href":"https:\/\/madabouthorror.co.uk\/fr\/wp-json\/wp\/v2\/product_brand?post=470498"},{"taxonomy":"product_cat","embeddable":true,"href":"https:\/\/madabouthorror.co.uk\/fr\/wp-json\/wp\/v2\/product_cat?post=470498"},{"taxonomy":"product_tag","embeddable":true,"href":"https:\/\/madabouthorror.co.uk\/fr\/wp-json\/wp\/v2\/product_tag?post=470498"}],"curies":[{"name":"wp","href":"https:\/\/api.w.org\/{rel}","templated":true}]}}