{"id":471409,"date":"2024-01-16T12:06:40","date_gmt":"2024-01-16T12:06:40","guid":{"rendered":"https:\/\/madabouthorror.co.uk\/?post_type=product&#038;p=471409"},"modified":"2025-11-27T18:30:37","modified_gmt":"2025-11-27T18:30:37","slug":"spirit-halloween-killer-klowns-from-outer-space-light-up-jumbo-statue","status":"publish","type":"product","link":"https:\/\/madabouthorror.co.uk\/fr\/product\/spirit-halloween-killer-klowns-from-outer-space-light-up-jumbo-statue\/","title":{"rendered":"Spirit Halloween - Killer Klowns From Outer Space - Statue g\u00e9ante lumineuse"},"content":{"rendered":"<p style=\"font-weight: 400;\">Vous cherchez \u00e0 ajouter un peu de folie \u00e0 la d\u00e9coration de votre maison ou de votre bureau ? Il n'y a pas de clown plus loufoque que Jumbo lui-m\u00eame ! Avec cette statue de Jumbo sous licence officielle, vous montrerez toujours que vous \u00eates fan du film classique Killer Klowns from Outer Space.<\/p>\n<ul>\n<li style=\"font-weight: 400;\">Licence officielle<\/li>\n<li style=\"font-weight: 400;\">Conception lumineuse<\/li>\n<li style=\"font-weight: 400;\">Dimensions : 8.5\u2033 H x 5.5\u2033 W x 5\u2033 D<\/li>\n<li style=\"font-weight: 400;\">Mat\u00e9riau : Polyr\u00e9sine, poudre de pierre<\/li>\n<li style=\"font-weight: 400;\">Type de piles : 3 AAA (non inclus)<\/li>\n<\/ul>","protected":false},"excerpt":{"rendered":"<p>Vous cherchez \u00e0 ajouter un peu de folie \u00e0 la d\u00e9coration de votre maison ou de votre bureau ? Il n'y a pas de clown plus loufoque que Jumbo lui-m\u00eame ! Avec cette statue de Jumbo sous licence officielle, vous montrerez toujours que vous \u00eates fan du film classique Killer Klowns from Outer Space. Licence officielle Design lumineux Dimensions : 8.5\u2033 H x 5.5\u2033 W x 5\u2033 D Mat\u00e9riau : Polyr\u00e9sine, pierre [...]<\/p>","protected":false},"featured_media":471413,"comment_status":"closed","ping_status":"closed","template":"","meta":{"_acf_changed":false},"product_brand":[],"product_cat":[10116,9948,6537,7036,10038,6797,6673],"product_tag":[],"class_list":{"0":"post-471409","1":"product","2":"type-product","3":"status-publish","4":"has-post-thumbnail","6":"product_cat-halloween-ornaments","7":"product_cat-spirit-halloween-ornaments","8":"product_cat-collectibles","9":"product_cat-ornaments","10":"product_cat-horror-gifts","11":"product_cat-spirit-halloween-uk-stockist","12":"product_cat-killerklownsfromouterspace","14":"first","15":"outofstock","16":"taxable","17":"shipping-taxable","18":"purchasable","19":"product-type-simple"},"supplier_id":471382,"supplier_sku":"1590744","barcode":"","atum_controlled":true,"out_stock_date":"2025-11-27 18:30:38","out_stock_threshold":null,"inheritable":false,"inbound_stock":0,"stock_on_hold":0,"sold_today":0,"sales_last_days":0,"reserved_stock":0,"customer_returns":0,"warehouse_damage":0,"lost_in_post":0,"other_logs":0,"out_stock_days":152,"lost_sales":2603,"has_location":false,"update_date":"2026-04-29T00:40:32","atum_locations":[],"atum_stock_status":"outofstock","restock_status":false,"low_stock_amount":"","sales_update_date":"2026-04-29T00:40:30","calc_backorders":null,"acf":[],"yoast_head":"<!-- This site is optimized with the Yoast SEO plugin v27.5 - https:\/\/yoast.com\/product\/yoast-seo-wordpress\/ -->\n<title>Spirit Halloween - Killer Klowns From Outer Space - Light Up Jumbo Statue | Mad About Horror<\/title>\n<meta name=\"robots\" content=\"index, follow, max-snippet:-1, max-image-preview:large, max-video-preview:-1\" \/>\n<link rel=\"canonical\" href=\"https:\/\/madabouthorror.co.uk\/fr\/product\/spirit-halloween-killer-klowns-from-outer-space-light-up-jumbo-statue\/\" \/>\n<meta property=\"og:locale\" content=\"fr_FR\" \/>\n<meta property=\"og:type\" content=\"article\" \/>\n<meta property=\"og:title\" content=\"Spirit Halloween - Killer Klowns From Outer Space - Light Up Jumbo Statue | Mad About Horror\" \/>\n<meta property=\"og:description\" content=\"Looking to add some wackiness to your home or desk decor? There&#8217;s no clown wackier than Jumbo himself! With this officially licensed Jumbo statue you&#8217;ll always be showing your fandom for the classic movie Killer Klowns from Outer Space. Officially licensed Light-up design Dimensions: 8.5&#8243; H x 5.5&#8243; W x 5&#8243; D Material: Polyresin, stone [&hellip;]\" \/>\n<meta property=\"og:url\" content=\"https:\/\/madabouthorror.co.uk\/fr\/product\/spirit-halloween-killer-klowns-from-outer-space-light-up-jumbo-statue\/\" \/>\n<meta property=\"og:site_name\" content=\"Mad About Horror\" \/>\n<meta property=\"article:publisher\" content=\"https:\/\/www.facebook.com\/madabouthorror\/\" \/>\n<meta property=\"article:modified_time\" content=\"2025-11-27T18:30:37+00:00\" \/>\n<meta property=\"og:image\" content=\"https:\/\/madabouthorror.co.uk\/wp-content\/uploads\/2024\/01\/spirit-halloween-light-up-jumbo-statue-Killer-Klowns.jpg\" \/>\n\t<meta property=\"og:image:width\" content=\"1500\" \/>\n\t<meta property=\"og:image:height\" content=\"1500\" \/>\n\t<meta property=\"og:image:type\" content=\"image\/jpeg\" \/>\n<meta name=\"twitter:card\" content=\"summary_large_image\" \/>\n<meta name=\"twitter:label1\" content=\"Dur\u00e9e de lecture estim\u00e9e\" \/>\n\t<meta name=\"twitter:data1\" content=\"1 minute\" \/>\n<script type=\"application\/ld+json\" class=\"yoast-schema-graph\">{\"@context\":\"https:\\\/\\\/schema.org\",\"@graph\":[{\"@type\":[\"WebPage\",\"ItemPage\"],\"@id\":\"https:\\\/\\\/madabouthorror.co.uk\\\/product\\\/spirit-halloween-killer-klowns-from-outer-space-light-up-jumbo-statue\\\/\",\"url\":\"https:\\\/\\\/madabouthorror.co.uk\\\/product\\\/spirit-halloween-killer-klowns-from-outer-space-light-up-jumbo-statue\\\/\",\"name\":\"Spirit Halloween - Killer Klowns From Outer Space - Light Up Jumbo Statue | Mad About Horror\",\"isPartOf\":{\"@id\":\"https:\\\/\\\/madabouthorror.co.uk\\\/#website\"},\"primaryImageOfPage\":{\"@id\":\"https:\\\/\\\/madabouthorror.co.uk\\\/product\\\/spirit-halloween-killer-klowns-from-outer-space-light-up-jumbo-statue\\\/#primaryimage\"},\"image\":{\"@id\":\"https:\\\/\\\/madabouthorror.co.uk\\\/product\\\/spirit-halloween-killer-klowns-from-outer-space-light-up-jumbo-statue\\\/#primaryimage\"},\"thumbnailUrl\":\"https:\\\/\\\/madabouthorror.co.uk\\\/wp-content\\\/uploads\\\/2024\\\/01\\\/spirit-halloween-light-up-jumbo-statue-Killer-Klowns.jpg\",\"datePublished\":\"2024-01-16T12:06:40+00:00\",\"dateModified\":\"2025-11-27T18:30:37+00:00\",\"breadcrumb\":{\"@id\":\"https:\\\/\\\/madabouthorror.co.uk\\\/product\\\/spirit-halloween-killer-klowns-from-outer-space-light-up-jumbo-statue\\\/#breadcrumb\"},\"inLanguage\":\"fr-FR\",\"potentialAction\":[{\"@type\":\"ReadAction\",\"target\":[\"https:\\\/\\\/madabouthorror.co.uk\\\/product\\\/spirit-halloween-killer-klowns-from-outer-space-light-up-jumbo-statue\\\/\"]}]},{\"@type\":\"ImageObject\",\"inLanguage\":\"fr-FR\",\"@id\":\"https:\\\/\\\/madabouthorror.co.uk\\\/product\\\/spirit-halloween-killer-klowns-from-outer-space-light-up-jumbo-statue\\\/#primaryimage\",\"url\":\"https:\\\/\\\/madabouthorror.co.uk\\\/wp-content\\\/uploads\\\/2024\\\/01\\\/spirit-halloween-light-up-jumbo-statue-Killer-Klowns.jpg\",\"contentUrl\":\"https:\\\/\\\/madabouthorror.co.uk\\\/wp-content\\\/uploads\\\/2024\\\/01\\\/spirit-halloween-light-up-jumbo-statue-Killer-Klowns.jpg\",\"width\":1500,\"height\":1500,\"caption\":\"Light up killer clown jumbo statue Spirit Halloween\"},{\"@type\":\"BreadcrumbList\",\"@id\":\"https:\\\/\\\/madabouthorror.co.uk\\\/product\\\/spirit-halloween-killer-klowns-from-outer-space-light-up-jumbo-statue\\\/#breadcrumb\",\"itemListElement\":[{\"@type\":\"ListItem\",\"position\":1,\"name\":\"Shop\",\"item\":\"https:\\\/\\\/madabouthorror.co.uk\\\/shop\\\/\"},{\"@type\":\"ListItem\",\"position\":2,\"name\":\"Spirit Halloween &#8211; Killer Klowns From Outer Space &#8211; Light Up Jumbo Statue\"}]},{\"@type\":\"WebSite\",\"@id\":\"https:\\\/\\\/madabouthorror.co.uk\\\/#website\",\"url\":\"https:\\\/\\\/madabouthorror.co.uk\\\/\",\"name\":\"Mad About Horror\",\"description\":\"\",\"publisher\":{\"@id\":\"https:\\\/\\\/madabouthorror.co.uk\\\/#organization\"},\"alternateName\":\"Mad About Horror Limited\",\"potentialAction\":[{\"@type\":\"SearchAction\",\"target\":{\"@type\":\"EntryPoint\",\"urlTemplate\":\"https:\\\/\\\/madabouthorror.co.uk\\\/?s={search_term_string}\"},\"query-input\":{\"@type\":\"PropertyValueSpecification\",\"valueRequired\":true,\"valueName\":\"search_term_string\"}}],\"inLanguage\":\"fr-FR\"},{\"@type\":\"Organization\",\"@id\":\"https:\\\/\\\/madabouthorror.co.uk\\\/#organization\",\"name\":\"Mad About Horror\",\"url\":\"https:\\\/\\\/madabouthorror.co.uk\\\/\",\"logo\":{\"@type\":\"ImageObject\",\"inLanguage\":\"fr-FR\",\"@id\":\"https:\\\/\\\/madabouthorror.co.uk\\\/#\\\/schema\\\/logo\\\/image\\\/\",\"url\":\"https:\\\/\\\/madabouthorror.co.uk\\\/wp-content\\\/uploads\\\/2024\\\/02\\\/cropped-Logo.png\",\"contentUrl\":\"https:\\\/\\\/madabouthorror.co.uk\\\/wp-content\\\/uploads\\\/2024\\\/02\\\/cropped-Logo.png\",\"width\":240,\"height\":88,\"caption\":\"Mad About Horror\"},\"image\":{\"@id\":\"https:\\\/\\\/madabouthorror.co.uk\\\/#\\\/schema\\\/logo\\\/image\\\/\"},\"sameAs\":[\"https:\\\/\\\/www.facebook.com\\\/madabouthorror\\\/\",\"https:\\\/\\\/www.instagram.com\\\/madabouthorror\\\/\",\"https:\\\/\\\/www.pinterest.co.uk\\\/madabouthorror\\\/\",\"https:\\\/\\\/www.youtube.com\\\/channel\\\/UCBooLOIxjoQ89dj6T5lWm_w\",\"https:\\\/\\\/www.tiktok.com\\\/@weremadabouthorror\"]}]}<\/script>\n<!-- \/ Yoast SEO plugin. -->","yoast_head_json":{"title":"Spirit Halloween - Killer Klowns From Outer Space - Light Up Jumbo Statue | Mad About Horror","robots":{"index":"index","follow":"follow","max-snippet":"max-snippet:-1","max-image-preview":"max-image-preview:large","max-video-preview":"max-video-preview:-1"},"canonical":"https:\/\/madabouthorror.co.uk\/fr\/product\/spirit-halloween-killer-klowns-from-outer-space-light-up-jumbo-statue\/","og_locale":"fr_FR","og_type":"article","og_title":"Spirit Halloween - Killer Klowns From Outer Space - Light Up Jumbo Statue | Mad About Horror","og_description":"Looking to add some wackiness to your home or desk decor? There&#8217;s no clown wackier than Jumbo himself! With this officially licensed Jumbo statue you&#8217;ll always be showing your fandom for the classic movie Killer Klowns from Outer Space. Officially licensed Light-up design Dimensions: 8.5&#8243; H x 5.5&#8243; W x 5&#8243; D Material: Polyresin, stone [&hellip;]","og_url":"https:\/\/madabouthorror.co.uk\/fr\/product\/spirit-halloween-killer-klowns-from-outer-space-light-up-jumbo-statue\/","og_site_name":"Mad About Horror","article_publisher":"https:\/\/www.facebook.com\/madabouthorror\/","article_modified_time":"2025-11-27T18:30:37+00:00","og_image":[{"width":1500,"height":1500,"url":"https:\/\/madabouthorror.co.uk\/wp-content\/uploads\/2024\/01\/spirit-halloween-light-up-jumbo-statue-Killer-Klowns.jpg","type":"image\/jpeg"}],"twitter_card":"summary_large_image","twitter_misc":{"Dur\u00e9e de lecture estim\u00e9e":"1 minute"},"schema":{"@context":"https:\/\/schema.org","@graph":[{"@type":["WebPage","ItemPage"],"@id":"https:\/\/madabouthorror.co.uk\/product\/spirit-halloween-killer-klowns-from-outer-space-light-up-jumbo-statue\/","url":"https:\/\/madabouthorror.co.uk\/product\/spirit-halloween-killer-klowns-from-outer-space-light-up-jumbo-statue\/","name":"Spirit Halloween - Killer Klowns From Outer Space - Light Up Jumbo Statue | Mad About Horror","isPartOf":{"@id":"https:\/\/madabouthorror.co.uk\/#website"},"primaryImageOfPage":{"@id":"https:\/\/madabouthorror.co.uk\/product\/spirit-halloween-killer-klowns-from-outer-space-light-up-jumbo-statue\/#primaryimage"},"image":{"@id":"https:\/\/madabouthorror.co.uk\/product\/spirit-halloween-killer-klowns-from-outer-space-light-up-jumbo-statue\/#primaryimage"},"thumbnailUrl":"https:\/\/madabouthorror.co.uk\/wp-content\/uploads\/2024\/01\/spirit-halloween-light-up-jumbo-statue-Killer-Klowns.jpg","datePublished":"2024-01-16T12:06:40+00:00","dateModified":"2025-11-27T18:30:37+00:00","breadcrumb":{"@id":"https:\/\/madabouthorror.co.uk\/product\/spirit-halloween-killer-klowns-from-outer-space-light-up-jumbo-statue\/#breadcrumb"},"inLanguage":"fr-FR","potentialAction":[{"@type":"ReadAction","target":["https:\/\/madabouthorror.co.uk\/product\/spirit-halloween-killer-klowns-from-outer-space-light-up-jumbo-statue\/"]}]},{"@type":"ImageObject","inLanguage":"fr-FR","@id":"https:\/\/madabouthorror.co.uk\/product\/spirit-halloween-killer-klowns-from-outer-space-light-up-jumbo-statue\/#primaryimage","url":"https:\/\/madabouthorror.co.uk\/wp-content\/uploads\/2024\/01\/spirit-halloween-light-up-jumbo-statue-Killer-Klowns.jpg","contentUrl":"https:\/\/madabouthorror.co.uk\/wp-content\/uploads\/2024\/01\/spirit-halloween-light-up-jumbo-statue-Killer-Klowns.jpg","width":1500,"height":1500,"caption":"Light up killer clown jumbo statue Spirit Halloween"},{"@type":"BreadcrumbList","@id":"https:\/\/madabouthorror.co.uk\/product\/spirit-halloween-killer-klowns-from-outer-space-light-up-jumbo-statue\/#breadcrumb","itemListElement":[{"@type":"ListItem","position":1,"name":"Shop","item":"https:\/\/madabouthorror.co.uk\/shop\/"},{"@type":"ListItem","position":2,"name":"Spirit Halloween &#8211; Killer Klowns From Outer Space &#8211; Light Up Jumbo Statue"}]},{"@type":"WebSite","@id":"https:\/\/madabouthorror.co.uk\/#website","url":"https:\/\/madabouthorror.co.uk\/","name":"L'horreur en folie","description":"","publisher":{"@id":"https:\/\/madabouthorror.co.uk\/#organization"},"alternateName":"Mad About Horror Limited","potentialAction":[{"@type":"SearchAction","target":{"@type":"EntryPoint","urlTemplate":"https:\/\/madabouthorror.co.uk\/?s={search_term_string}"},"query-input":{"@type":"PropertyValueSpecification","valueRequired":true,"valueName":"search_term_string"}}],"inLanguage":"fr-FR"},{"@type":"Organization","@id":"https:\/\/madabouthorror.co.uk\/#organization","name":"L'horreur en folie","url":"https:\/\/madabouthorror.co.uk\/","logo":{"@type":"ImageObject","inLanguage":"fr-FR","@id":"https:\/\/madabouthorror.co.uk\/#\/schema\/logo\/image\/","url":"https:\/\/madabouthorror.co.uk\/wp-content\/uploads\/2024\/02\/cropped-Logo.png","contentUrl":"https:\/\/madabouthorror.co.uk\/wp-content\/uploads\/2024\/02\/cropped-Logo.png","width":240,"height":88,"caption":"Mad About Horror"},"image":{"@id":"https:\/\/madabouthorror.co.uk\/#\/schema\/logo\/image\/"},"sameAs":["https:\/\/www.facebook.com\/madabouthorror\/","https:\/\/www.instagram.com\/madabouthorror\/","https:\/\/www.pinterest.co.uk\/madabouthorror\/","https:\/\/www.youtube.com\/channel\/UCBooLOIxjoQ89dj6T5lWm_w","https:\/\/www.tiktok.com\/@weremadabouthorror"]}]}},"df_price":59.95,"df_sale_price":"","df_regular_price":59.95,"df_image_link":"https:\/\/madabouthorror.co.uk\/wp-content\/uploads\/2024\/01\/spirit-halloween-light-up-jumbo-statue-Killer-Klowns-300x300.jpg","_links":{"self":[{"href":"https:\/\/madabouthorror.co.uk\/fr\/wp-json\/wp\/v2\/product\/471409","targetHints":{"allow":["GET"]}}],"collection":[{"href":"https:\/\/madabouthorror.co.uk\/fr\/wp-json\/wp\/v2\/product"}],"about":[{"href":"https:\/\/madabouthorror.co.uk\/fr\/wp-json\/wp\/v2\/types\/product"}],"replies":[{"embeddable":true,"href":"https:\/\/madabouthorror.co.uk\/fr\/wp-json\/wp\/v2\/comments?post=471409"}],"wp:featuredmedia":[{"embeddable":true,"href":"https:\/\/madabouthorror.co.uk\/fr\/wp-json\/wp\/v2\/media\/471413"}],"wp:attachment":[{"href":"https:\/\/madabouthorror.co.uk\/fr\/wp-json\/wp\/v2\/media?parent=471409"}],"wp:term":[{"taxonomy":"product_brand","embeddable":true,"href":"https:\/\/madabouthorror.co.uk\/fr\/wp-json\/wp\/v2\/product_brand?post=471409"},{"taxonomy":"product_cat","embeddable":true,"href":"https:\/\/madabouthorror.co.uk\/fr\/wp-json\/wp\/v2\/product_cat?post=471409"},{"taxonomy":"product_tag","embeddable":true,"href":"https:\/\/madabouthorror.co.uk\/fr\/wp-json\/wp\/v2\/product_tag?post=471409"}],"curies":[{"name":"wp","href":"https:\/\/api.w.org\/{rel}","templated":true}]}}