{"id":47155,"date":"2021-02-16T16:31:13","date_gmt":"2021-02-16T16:31:13","guid":{"rendered":"https:\/\/mah.6bdv.ws\/product\/universal-monsters-dracula-medallion-pre-order\/"},"modified":"2026-04-02T09:34:46","modified_gmt":"2026-04-02T08:34:46","slug":"universal-monsters-dracula-medallion-pre-order","status":"publish","type":"product","link":"https:\/\/madabouthorror.co.uk\/fr\/product\/universal-monsters-dracula-medallion-pre-order\/","title":{"rendered":"M\u00e9daillon Universal Monsters Dracula"},"content":{"rendered":"<p>Trick or Treat Studios et Universal Studios sont fiers de pr\u00e9senter le m\u00e9daillon officiel Universal Classic Monsters Dracula.<\/p>\n<p>Les d\u00e9tails de ce m\u00e9daillon avaient \u00e9t\u00e9 perdus dans le temps jusqu'\u00e0 aujourd'hui ! Des recherches approfondies sur la fabrication des accessoires utilis\u00e9s par le studio dans les ann\u00e9es 1930, ainsi que des comparaisons approfondies entre les films et les photos, ont permis d'obtenir une conception fid\u00e8le \u00e0 l'\u00e9cran.<\/p>\n<p>Le m\u00e9daillon est fabriqu\u00e9 en m\u00e9tal et comporte un ruban de haute qualit\u00e9 pour un aspect et une sensation authentiques. Pr\u00e9sent\u00e9 dans une bo\u00eete \u00e0 fen\u00eatre, ce m\u00e9daillon Universal Monsters est indispensable \u00e0 tout costume ou collection !<\/p>\n<p>Commandez votre m\u00e9daillon Universal Monsters - Dracula d\u00e8s aujourd'hui !<\/p>\n<p><em>Les Universal Monsters sont des marques d\u00e9pos\u00e9es et des droits d'auteur d'Universal Studios. Sous licence d'Universal Studios. Tous droits r\u00e9serv\u00e9s.<\/em><\/p>","protected":false},"excerpt":{"rendered":"<p>Trick or Treat Studios et Universal Studios sont fiers de pr\u00e9senter le m\u00e9daillon officiel de Universal Classic Monsters Dracula. Les d\u00e9tails de ce m\u00e9daillon ont \u00e9t\u00e9 perdus dans le temps jusqu'\u00e0 aujourd'hui ! Des recherches approfondies sur la fabrication des accessoires utilis\u00e9s dans les ann\u00e9es 1930 par le studio, ainsi que des comparaisons approfondies entre les films et les photos, ont permis de cr\u00e9er cet \u00e9cran [...]<\/p>","protected":false},"featured_media":47153,"comment_status":"closed","ping_status":"closed","template":"","meta":{"_acf_changed":false},"product_brand":[],"product_cat":[10076,10041,6537,10038,6552,9967,9924,7090,6792,6717],"product_tag":[],"class_list":{"0":"post-47155","1":"product","2":"type-product","3":"status-publish","4":"has-post-thumbnail","6":"product_cat-replica-dolls-props","7":"product_cat-gifts-under-50","8":"product_cat-collectibles","9":"product_cat-horror-gifts","10":"product_cat-accessories","11":"product_cat-replica-props","12":"product_cat-trick-or-treat-studios-last-chance","13":"product_cat-dracula","14":"product_cat-trick-or-treat-studios","15":"product_cat-universalmonsters","16":"product_shipping_class-small-parcel-economy-3-5-business-days","18":"first","19":"instock","20":"taxable","21":"shipping-taxable","22":"purchasable","23":"product-type-simple"},"supplier_id":467429,"supplier_sku":"JEUS100","barcode":"811501035725","atum_controlled":true,"out_stock_date":null,"out_stock_threshold":null,"inheritable":false,"inbound_stock":0,"stock_on_hold":0,"sold_today":0,"sales_last_days":0,"reserved_stock":0,"customer_returns":0,"warehouse_damage":0,"lost_in_post":0,"other_logs":0,"out_stock_days":0,"lost_sales":0,"has_location":false,"update_date":"2026-04-04T01:35:51","atum_locations":[],"atum_stock_status":"instock","restock_status":false,"low_stock_amount":1,"sales_update_date":"2026-04-04T01:35:50","calc_backorders":null,"acf":[],"yoast_head":"<!-- This site is optimized with the Yoast SEO plugin v27.3 - https:\/\/yoast.com\/product\/yoast-seo-wordpress\/ -->\n<title>Dracula Medallion | Trick or Treat Studios<\/title>\n<meta name=\"description\" content=\"Officially licensed Universal Monsters Dracula Medallion. Horror collectibles and Halloween props available from Madabouthorror.\" \/>\n<meta name=\"robots\" content=\"index, follow, max-snippet:-1, max-image-preview:large, max-video-preview:-1\" \/>\n<link rel=\"canonical\" href=\"https:\/\/madabouthorror.co.uk\/fr\/product\/universal-monsters-dracula-medallion-pre-order\/\" \/>\n<meta property=\"og:locale\" content=\"fr_FR\" \/>\n<meta property=\"og:type\" content=\"article\" \/>\n<meta property=\"og:title\" content=\"Dracula Medallion | Trick or Treat Studios\" \/>\n<meta property=\"og:description\" content=\"Officially licensed Universal Monsters Dracula Medallion. Horror collectibles and Halloween props available from Madabouthorror.\" \/>\n<meta property=\"og:url\" content=\"https:\/\/madabouthorror.co.uk\/fr\/product\/universal-monsters-dracula-medallion-pre-order\/\" \/>\n<meta property=\"og:site_name\" content=\"Mad About Horror\" \/>\n<meta property=\"article:publisher\" content=\"https:\/\/www.facebook.com\/madabouthorror\/\" \/>\n<meta property=\"article:modified_time\" content=\"2026-04-02T08:34:46+00:00\" \/>\n<meta property=\"og:image\" content=\"https:\/\/madabouthorror.co.uk\/wp-content\/uploads\/2021\/02\/tots_universal_monsters_dracula_medallion_1.jpg\" \/>\n\t<meta property=\"og:image:width\" content=\"670\" \/>\n\t<meta property=\"og:image:height\" content=\"670\" \/>\n\t<meta property=\"og:image:type\" content=\"image\/jpeg\" \/>\n<meta name=\"twitter:card\" content=\"summary_large_image\" \/>\n<meta name=\"twitter:label1\" content=\"Dur\u00e9e de lecture estim\u00e9e\" \/>\n\t<meta name=\"twitter:data1\" content=\"1 minute\" \/>\n<script type=\"application\/ld+json\" class=\"yoast-schema-graph\">{\"@context\":\"https:\\\/\\\/schema.org\",\"@graph\":[{\"@type\":[\"WebPage\",\"ItemPage\"],\"@id\":\"https:\\\/\\\/madabouthorror.co.uk\\\/product\\\/universal-monsters-dracula-medallion-pre-order\\\/\",\"url\":\"https:\\\/\\\/madabouthorror.co.uk\\\/product\\\/universal-monsters-dracula-medallion-pre-order\\\/\",\"name\":\"Dracula Medallion | Trick or Treat Studios\",\"isPartOf\":{\"@id\":\"https:\\\/\\\/madabouthorror.co.uk\\\/#website\"},\"primaryImageOfPage\":{\"@id\":\"https:\\\/\\\/madabouthorror.co.uk\\\/product\\\/universal-monsters-dracula-medallion-pre-order\\\/#primaryimage\"},\"image\":{\"@id\":\"https:\\\/\\\/madabouthorror.co.uk\\\/product\\\/universal-monsters-dracula-medallion-pre-order\\\/#primaryimage\"},\"thumbnailUrl\":\"https:\\\/\\\/madabouthorror.co.uk\\\/wp-content\\\/uploads\\\/2021\\\/02\\\/tots_universal_monsters_dracula_medallion_1.jpg\",\"datePublished\":\"2021-02-16T16:31:13+00:00\",\"dateModified\":\"2026-04-02T08:34:46+00:00\",\"description\":\"Officially licensed Universal Monsters Dracula Medallion. Horror collectibles and Halloween props available from Madabouthorror.\",\"breadcrumb\":{\"@id\":\"https:\\\/\\\/madabouthorror.co.uk\\\/product\\\/universal-monsters-dracula-medallion-pre-order\\\/#breadcrumb\"},\"inLanguage\":\"fr-FR\",\"potentialAction\":[{\"@type\":\"ReadAction\",\"target\":[\"https:\\\/\\\/madabouthorror.co.uk\\\/product\\\/universal-monsters-dracula-medallion-pre-order\\\/\"]}]},{\"@type\":\"ImageObject\",\"inLanguage\":\"fr-FR\",\"@id\":\"https:\\\/\\\/madabouthorror.co.uk\\\/product\\\/universal-monsters-dracula-medallion-pre-order\\\/#primaryimage\",\"url\":\"https:\\\/\\\/madabouthorror.co.uk\\\/wp-content\\\/uploads\\\/2021\\\/02\\\/tots_universal_monsters_dracula_medallion_1.jpg\",\"contentUrl\":\"https:\\\/\\\/madabouthorror.co.uk\\\/wp-content\\\/uploads\\\/2021\\\/02\\\/tots_universal_monsters_dracula_medallion_1.jpg\",\"width\":670,\"height\":670,\"caption\":\"Trick or Treat Studios - Universal Monsters Dracula Medallion\"},{\"@type\":\"BreadcrumbList\",\"@id\":\"https:\\\/\\\/madabouthorror.co.uk\\\/product\\\/universal-monsters-dracula-medallion-pre-order\\\/#breadcrumb\",\"itemListElement\":[{\"@type\":\"ListItem\",\"position\":1,\"name\":\"Shop\",\"item\":\"https:\\\/\\\/madabouthorror.co.uk\\\/shop\\\/\"},{\"@type\":\"ListItem\",\"position\":2,\"name\":\"Universal Monsters Dracula Medallion\"}]},{\"@type\":\"WebSite\",\"@id\":\"https:\\\/\\\/madabouthorror.co.uk\\\/#website\",\"url\":\"https:\\\/\\\/madabouthorror.co.uk\\\/\",\"name\":\"Mad About Horror\",\"description\":\"\",\"publisher\":{\"@id\":\"https:\\\/\\\/madabouthorror.co.uk\\\/#organization\"},\"alternateName\":\"Mad About Horror Limited\",\"potentialAction\":[{\"@type\":\"SearchAction\",\"target\":{\"@type\":\"EntryPoint\",\"urlTemplate\":\"https:\\\/\\\/madabouthorror.co.uk\\\/?s={search_term_string}\"},\"query-input\":{\"@type\":\"PropertyValueSpecification\",\"valueRequired\":true,\"valueName\":\"search_term_string\"}}],\"inLanguage\":\"fr-FR\"},{\"@type\":\"Organization\",\"@id\":\"https:\\\/\\\/madabouthorror.co.uk\\\/#organization\",\"name\":\"Mad About Horror\",\"url\":\"https:\\\/\\\/madabouthorror.co.uk\\\/\",\"logo\":{\"@type\":\"ImageObject\",\"inLanguage\":\"fr-FR\",\"@id\":\"https:\\\/\\\/madabouthorror.co.uk\\\/#\\\/schema\\\/logo\\\/image\\\/\",\"url\":\"https:\\\/\\\/madabouthorror.co.uk\\\/wp-content\\\/uploads\\\/2024\\\/02\\\/cropped-Logo.png\",\"contentUrl\":\"https:\\\/\\\/madabouthorror.co.uk\\\/wp-content\\\/uploads\\\/2024\\\/02\\\/cropped-Logo.png\",\"width\":240,\"height\":88,\"caption\":\"Mad About Horror\"},\"image\":{\"@id\":\"https:\\\/\\\/madabouthorror.co.uk\\\/#\\\/schema\\\/logo\\\/image\\\/\"},\"sameAs\":[\"https:\\\/\\\/www.facebook.com\\\/madabouthorror\\\/\",\"https:\\\/\\\/www.instagram.com\\\/madabouthorror\\\/\",\"https:\\\/\\\/www.pinterest.co.uk\\\/madabouthorror\\\/\",\"https:\\\/\\\/www.youtube.com\\\/channel\\\/UCBooLOIxjoQ89dj6T5lWm_w\",\"https:\\\/\\\/www.tiktok.com\\\/@weremadabouthorror\"]}]}<\/script>\n<!-- \/ Yoast SEO plugin. -->","yoast_head_json":{"title":"Dracula Medallion | Trick or Treat Studios","description":"M\u00e9daillon Dracula sous licence officielle Universal Monsters. Les objets de collection d'horreur et les accessoires d'Halloween sont disponibles chez Madabouthorror.","robots":{"index":"index","follow":"follow","max-snippet":"max-snippet:-1","max-image-preview":"max-image-preview:large","max-video-preview":"max-video-preview:-1"},"canonical":"https:\/\/madabouthorror.co.uk\/fr\/product\/universal-monsters-dracula-medallion-pre-order\/","og_locale":"fr_FR","og_type":"article","og_title":"Dracula Medallion | Trick or Treat Studios","og_description":"Officially licensed Universal Monsters Dracula Medallion. Horror collectibles and Halloween props available from Madabouthorror.","og_url":"https:\/\/madabouthorror.co.uk\/fr\/product\/universal-monsters-dracula-medallion-pre-order\/","og_site_name":"Mad About Horror","article_publisher":"https:\/\/www.facebook.com\/madabouthorror\/","article_modified_time":"2026-04-02T08:34:46+00:00","og_image":[{"width":670,"height":670,"url":"https:\/\/madabouthorror.co.uk\/wp-content\/uploads\/2021\/02\/tots_universal_monsters_dracula_medallion_1.jpg","type":"image\/jpeg"}],"twitter_card":"summary_large_image","twitter_misc":{"Dur\u00e9e de lecture estim\u00e9e":"1 minute"},"schema":{"@context":"https:\/\/schema.org","@graph":[{"@type":["WebPage","ItemPage"],"@id":"https:\/\/madabouthorror.co.uk\/product\/universal-monsters-dracula-medallion-pre-order\/","url":"https:\/\/madabouthorror.co.uk\/product\/universal-monsters-dracula-medallion-pre-order\/","name":"Dracula Medallion | Trick or Treat Studios","isPartOf":{"@id":"https:\/\/madabouthorror.co.uk\/#website"},"primaryImageOfPage":{"@id":"https:\/\/madabouthorror.co.uk\/product\/universal-monsters-dracula-medallion-pre-order\/#primaryimage"},"image":{"@id":"https:\/\/madabouthorror.co.uk\/product\/universal-monsters-dracula-medallion-pre-order\/#primaryimage"},"thumbnailUrl":"https:\/\/madabouthorror.co.uk\/wp-content\/uploads\/2021\/02\/tots_universal_monsters_dracula_medallion_1.jpg","datePublished":"2021-02-16T16:31:13+00:00","dateModified":"2026-04-02T08:34:46+00:00","description":"M\u00e9daillon Dracula sous licence officielle Universal Monsters. Les objets de collection d'horreur et les accessoires d'Halloween sont disponibles chez Madabouthorror.","breadcrumb":{"@id":"https:\/\/madabouthorror.co.uk\/product\/universal-monsters-dracula-medallion-pre-order\/#breadcrumb"},"inLanguage":"fr-FR","potentialAction":[{"@type":"ReadAction","target":["https:\/\/madabouthorror.co.uk\/product\/universal-monsters-dracula-medallion-pre-order\/"]}]},{"@type":"ImageObject","inLanguage":"fr-FR","@id":"https:\/\/madabouthorror.co.uk\/product\/universal-monsters-dracula-medallion-pre-order\/#primaryimage","url":"https:\/\/madabouthorror.co.uk\/wp-content\/uploads\/2021\/02\/tots_universal_monsters_dracula_medallion_1.jpg","contentUrl":"https:\/\/madabouthorror.co.uk\/wp-content\/uploads\/2021\/02\/tots_universal_monsters_dracula_medallion_1.jpg","width":670,"height":670,"caption":"Trick or Treat Studios - Universal Monsters Dracula Medallion"},{"@type":"BreadcrumbList","@id":"https:\/\/madabouthorror.co.uk\/product\/universal-monsters-dracula-medallion-pre-order\/#breadcrumb","itemListElement":[{"@type":"ListItem","position":1,"name":"Shop","item":"https:\/\/madabouthorror.co.uk\/shop\/"},{"@type":"ListItem","position":2,"name":"Universal Monsters Dracula Medallion"}]},{"@type":"WebSite","@id":"https:\/\/madabouthorror.co.uk\/#website","url":"https:\/\/madabouthorror.co.uk\/","name":"L'horreur en folie","description":"","publisher":{"@id":"https:\/\/madabouthorror.co.uk\/#organization"},"alternateName":"Mad About Horror Limited","potentialAction":[{"@type":"SearchAction","target":{"@type":"EntryPoint","urlTemplate":"https:\/\/madabouthorror.co.uk\/?s={search_term_string}"},"query-input":{"@type":"PropertyValueSpecification","valueRequired":true,"valueName":"search_term_string"}}],"inLanguage":"fr-FR"},{"@type":"Organization","@id":"https:\/\/madabouthorror.co.uk\/#organization","name":"L'horreur en folie","url":"https:\/\/madabouthorror.co.uk\/","logo":{"@type":"ImageObject","inLanguage":"fr-FR","@id":"https:\/\/madabouthorror.co.uk\/#\/schema\/logo\/image\/","url":"https:\/\/madabouthorror.co.uk\/wp-content\/uploads\/2024\/02\/cropped-Logo.png","contentUrl":"https:\/\/madabouthorror.co.uk\/wp-content\/uploads\/2024\/02\/cropped-Logo.png","width":240,"height":88,"caption":"Mad About Horror"},"image":{"@id":"https:\/\/madabouthorror.co.uk\/#\/schema\/logo\/image\/"},"sameAs":["https:\/\/www.facebook.com\/madabouthorror\/","https:\/\/www.instagram.com\/madabouthorror\/","https:\/\/www.pinterest.co.uk\/madabouthorror\/","https:\/\/www.youtube.com\/channel\/UCBooLOIxjoQ89dj6T5lWm_w","https:\/\/www.tiktok.com\/@weremadabouthorror"]}]}},"df_price":41.62,"df_sale_price":"","df_regular_price":41.62,"df_image_link":"https:\/\/madabouthorror.co.uk\/wp-content\/uploads\/2021\/02\/tots_universal_monsters_dracula_medallion_1-300x300.jpg","_links":{"self":[{"href":"https:\/\/madabouthorror.co.uk\/fr\/wp-json\/wp\/v2\/product\/47155","targetHints":{"allow":["GET"]}}],"collection":[{"href":"https:\/\/madabouthorror.co.uk\/fr\/wp-json\/wp\/v2\/product"}],"about":[{"href":"https:\/\/madabouthorror.co.uk\/fr\/wp-json\/wp\/v2\/types\/product"}],"replies":[{"embeddable":true,"href":"https:\/\/madabouthorror.co.uk\/fr\/wp-json\/wp\/v2\/comments?post=47155"}],"wp:featuredmedia":[{"embeddable":true,"href":"https:\/\/madabouthorror.co.uk\/fr\/wp-json\/wp\/v2\/media\/47153"}],"wp:attachment":[{"href":"https:\/\/madabouthorror.co.uk\/fr\/wp-json\/wp\/v2\/media?parent=47155"}],"wp:term":[{"taxonomy":"product_brand","embeddable":true,"href":"https:\/\/madabouthorror.co.uk\/fr\/wp-json\/wp\/v2\/product_brand?post=47155"},{"taxonomy":"product_cat","embeddable":true,"href":"https:\/\/madabouthorror.co.uk\/fr\/wp-json\/wp\/v2\/product_cat?post=47155"},{"taxonomy":"product_tag","embeddable":true,"href":"https:\/\/madabouthorror.co.uk\/fr\/wp-json\/wp\/v2\/product_tag?post=47155"}],"curies":[{"name":"wp","href":"https:\/\/api.w.org\/{rel}","templated":true}]}}