{"id":47197,"date":"2021-02-22T11:23:17","date_gmt":"2021-02-22T11:23:17","guid":{"rendered":"https:\/\/mah.6bdv.ws\/product\/killer-klowns-from-outer-space-klownzilla-mask\/"},"modified":"2026-04-02T09:34:51","modified_gmt":"2026-04-02T08:34:51","slug":"killer-klowns-from-outer-space-klownzilla-mask","status":"publish","type":"product","link":"https:\/\/madabouthorror.co.uk\/fr\/product\/killer-klowns-from-outer-space-klownzilla-mask\/","title":{"rendered":"Masque Klownzilla de Killer Klowns from Outer Space"},"content":{"rendered":"<p>Adoptez la terreur de l'autre monde de \"Killer Klowns From Outer Space\" avec le masque d'Halloween officiel Klownzilla de Trick or Treat Studios. Sculpt\u00e9 par Mikey Rottela, ce masque est une recr\u00e9ation impeccable de Klownzilla, capturant chaque d\u00e9tail complexe avec une pr\u00e9cision remarquable.<\/p>\n<p>Lorsqu'une petite ville est envahie par des extraterrestres venus de l'espace qui capturent et tuent les habitants, personne ne les prend au s\u00e9rieux. Pourquoi ? Les extraterrestres ressemblent tous \u00e0 des clowns de cirque, utilisent des armes qui ressemblent \u00e0 celles des clowns et ont tous des sourires peints. Seuls quelques jeunes de la ville se rendent compte du danger et, bien s\u00fbr, personne ne les croit. Arm\u00e9s d'un camion de glace, ils tentent de sauver leurs amis.<\/p>\n<p>Ce masque incorpore des d\u00e9tails provenant de nombreuses captures d'\u00e9cran et de photos des masques r\u00e9els, garantissant une repr\u00e9sentation authentique et donnant vie \u00e0 la v\u00e9ritable essence de Klownzilla.<\/p>\n<p>Pr\u00e9parez-vous \u00e0 d\u00e9clencher l'horreur colossale de \"Killer Klowns From Outer Space\" et \u00e0 devenir le chef de file de la peur pour Halloween. Commandez d\u00e8s maintenant votre masque officiel Klownzilla et vivez l'effroi extraterrestre !<\/p>","protected":false},"excerpt":{"rendered":"<p>Adoptez la terreur de l'autre monde de \"Killer Klowns From Outer Space\" avec le masque d'Halloween officiel Klownzilla de Trick or Treat Studios. Sculpt\u00e9 par Mikey Rottela, ce masque est une recr\u00e9ation impeccable de Klownzilla, capturant chaque d\u00e9tail complexe avec une pr\u00e9cision remarquable. Lorsqu'une petite ville est envahie par des extraterrestres venus de l'espace qui capturent et [...]<\/p>","protected":false},"featured_media":47195,"comment_status":"closed","ping_status":"closed","template":"","meta":{"_acf_changed":false},"product_brand":[],"product_cat":[10099,6580,10100,10040,10038,9962,6546,6541,6792,6673],"product_tag":[],"class_list":{"0":"post-47197","1":"product","2":"type-product","3":"status-publish","4":"has-post-thumbnail","6":"product_cat-alien-masks","7":"product_cat-movie-tv","8":"product_cat-latex-masks","9":"product_cat-gifts-under-100","10":"product_cat-horror-gifts","11":"product_cat-trick-or-treat-studios-masks","12":"product_cat-masks-clown","13":"product_cat-masks","14":"product_cat-trick-or-treat-studios","15":"product_cat-killerklownsfromouterspace","17":"first","18":"instock","19":"taxable","20":"shipping-taxable","21":"purchasable","22":"product-type-simple"},"supplier_id":471030,"supplier_sku":"TTMGM106","barcode":"859182005361","atum_controlled":true,"out_stock_date":null,"out_stock_threshold":null,"inheritable":false,"inbound_stock":0,"stock_on_hold":0,"sold_today":0,"sales_last_days":0,"reserved_stock":0,"customer_returns":0,"warehouse_damage":0,"lost_in_post":0,"other_logs":0,"out_stock_days":0,"lost_sales":0,"has_location":false,"update_date":"2026-04-06T01:30:38","atum_locations":[],"atum_stock_status":"instock","restock_status":false,"low_stock_amount":1,"sales_update_date":"2026-04-06T01:30:37","calc_backorders":null,"acf":[],"yoast_head":"<!-- This site is optimized with the Yoast SEO plugin v27.3 - https:\/\/yoast.com\/product\/yoast-seo-wordpress\/ -->\n<title>Klownzilla Mask | Trick or treat Studios | Mad About Horror<\/title>\n<meta name=\"description\" content=\"Trick or Treat Studios presents the Killer Klowns from Outer Space Klownzilla mask. Shop Horror collectibles and Halloween props. UK Stock.\" \/>\n<meta name=\"robots\" content=\"index, follow, max-snippet:-1, max-image-preview:large, max-video-preview:-1\" \/>\n<link rel=\"canonical\" href=\"https:\/\/madabouthorror.co.uk\/fr\/product\/killer-klowns-from-outer-space-klownzilla-mask\/\" \/>\n<meta property=\"og:locale\" content=\"fr_FR\" \/>\n<meta property=\"og:type\" content=\"article\" \/>\n<meta property=\"og:title\" content=\"Klownzilla Mask | Trick or treat Studios | Mad About Horror\" \/>\n<meta property=\"og:description\" content=\"Trick or Treat Studios presents the Killer Klowns from Outer Space Klownzilla mask. Shop Horror collectibles and Halloween props. UK Stock.\" \/>\n<meta property=\"og:url\" content=\"https:\/\/madabouthorror.co.uk\/fr\/product\/killer-klowns-from-outer-space-klownzilla-mask\/\" \/>\n<meta property=\"og:site_name\" content=\"Mad About Horror\" \/>\n<meta property=\"article:publisher\" content=\"https:\/\/www.facebook.com\/madabouthorror\/\" \/>\n<meta property=\"article:modified_time\" content=\"2026-04-02T08:34:51+00:00\" \/>\n<meta property=\"og:image\" content=\"https:\/\/madabouthorror.co.uk\/wp-content\/uploads\/2021\/02\/klownzilla_killer_klowns_mask_tots.jpg\" \/>\n\t<meta property=\"og:image:width\" content=\"670\" \/>\n\t<meta property=\"og:image:height\" content=\"670\" \/>\n\t<meta property=\"og:image:type\" content=\"image\/jpeg\" \/>\n<meta name=\"twitter:card\" content=\"summary_large_image\" \/>\n<meta name=\"twitter:label1\" content=\"Dur\u00e9e de lecture estim\u00e9e\" \/>\n\t<meta name=\"twitter:data1\" content=\"1 minute\" \/>\n<script type=\"application\/ld+json\" class=\"yoast-schema-graph\">{\"@context\":\"https:\\\/\\\/schema.org\",\"@graph\":[{\"@type\":[\"WebPage\",\"ItemPage\"],\"@id\":\"https:\\\/\\\/madabouthorror.co.uk\\\/product\\\/killer-klowns-from-outer-space-klownzilla-mask\\\/\",\"url\":\"https:\\\/\\\/madabouthorror.co.uk\\\/product\\\/killer-klowns-from-outer-space-klownzilla-mask\\\/\",\"name\":\"Klownzilla Mask | Trick or treat Studios | Mad About Horror\",\"isPartOf\":{\"@id\":\"https:\\\/\\\/madabouthorror.co.uk\\\/#website\"},\"primaryImageOfPage\":{\"@id\":\"https:\\\/\\\/madabouthorror.co.uk\\\/product\\\/killer-klowns-from-outer-space-klownzilla-mask\\\/#primaryimage\"},\"image\":{\"@id\":\"https:\\\/\\\/madabouthorror.co.uk\\\/product\\\/killer-klowns-from-outer-space-klownzilla-mask\\\/#primaryimage\"},\"thumbnailUrl\":\"https:\\\/\\\/madabouthorror.co.uk\\\/wp-content\\\/uploads\\\/2021\\\/02\\\/klownzilla_killer_klowns_mask_tots.jpg\",\"datePublished\":\"2021-02-22T11:23:17+00:00\",\"dateModified\":\"2026-04-02T08:34:51+00:00\",\"description\":\"Trick or Treat Studios presents the Killer Klowns from Outer Space Klownzilla mask. Shop Horror collectibles and Halloween props. UK Stock.\",\"breadcrumb\":{\"@id\":\"https:\\\/\\\/madabouthorror.co.uk\\\/product\\\/killer-klowns-from-outer-space-klownzilla-mask\\\/#breadcrumb\"},\"inLanguage\":\"fr-FR\",\"potentialAction\":[{\"@type\":\"ReadAction\",\"target\":[\"https:\\\/\\\/madabouthorror.co.uk\\\/product\\\/killer-klowns-from-outer-space-klownzilla-mask\\\/\"]}]},{\"@type\":\"ImageObject\",\"inLanguage\":\"fr-FR\",\"@id\":\"https:\\\/\\\/madabouthorror.co.uk\\\/product\\\/killer-klowns-from-outer-space-klownzilla-mask\\\/#primaryimage\",\"url\":\"https:\\\/\\\/madabouthorror.co.uk\\\/wp-content\\\/uploads\\\/2021\\\/02\\\/klownzilla_killer_klowns_mask_tots.jpg\",\"contentUrl\":\"https:\\\/\\\/madabouthorror.co.uk\\\/wp-content\\\/uploads\\\/2021\\\/02\\\/klownzilla_killer_klowns_mask_tots.jpg\",\"width\":670,\"height\":670,\"caption\":\"Killer Klowns from Outer Space Klownzilla Mask-0\"},{\"@type\":\"BreadcrumbList\",\"@id\":\"https:\\\/\\\/madabouthorror.co.uk\\\/product\\\/killer-klowns-from-outer-space-klownzilla-mask\\\/#breadcrumb\",\"itemListElement\":[{\"@type\":\"ListItem\",\"position\":1,\"name\":\"Shop\",\"item\":\"https:\\\/\\\/madabouthorror.co.uk\\\/shop\\\/\"},{\"@type\":\"ListItem\",\"position\":2,\"name\":\"Killer Klowns from Outer Space Klownzilla Mask\"}]},{\"@type\":\"WebSite\",\"@id\":\"https:\\\/\\\/madabouthorror.co.uk\\\/#website\",\"url\":\"https:\\\/\\\/madabouthorror.co.uk\\\/\",\"name\":\"Mad About Horror\",\"description\":\"\",\"publisher\":{\"@id\":\"https:\\\/\\\/madabouthorror.co.uk\\\/#organization\"},\"alternateName\":\"Mad About Horror Limited\",\"potentialAction\":[{\"@type\":\"SearchAction\",\"target\":{\"@type\":\"EntryPoint\",\"urlTemplate\":\"https:\\\/\\\/madabouthorror.co.uk\\\/?s={search_term_string}\"},\"query-input\":{\"@type\":\"PropertyValueSpecification\",\"valueRequired\":true,\"valueName\":\"search_term_string\"}}],\"inLanguage\":\"fr-FR\"},{\"@type\":\"Organization\",\"@id\":\"https:\\\/\\\/madabouthorror.co.uk\\\/#organization\",\"name\":\"Mad About Horror\",\"url\":\"https:\\\/\\\/madabouthorror.co.uk\\\/\",\"logo\":{\"@type\":\"ImageObject\",\"inLanguage\":\"fr-FR\",\"@id\":\"https:\\\/\\\/madabouthorror.co.uk\\\/#\\\/schema\\\/logo\\\/image\\\/\",\"url\":\"https:\\\/\\\/madabouthorror.co.uk\\\/wp-content\\\/uploads\\\/2024\\\/02\\\/cropped-Logo.png\",\"contentUrl\":\"https:\\\/\\\/madabouthorror.co.uk\\\/wp-content\\\/uploads\\\/2024\\\/02\\\/cropped-Logo.png\",\"width\":240,\"height\":88,\"caption\":\"Mad About Horror\"},\"image\":{\"@id\":\"https:\\\/\\\/madabouthorror.co.uk\\\/#\\\/schema\\\/logo\\\/image\\\/\"},\"sameAs\":[\"https:\\\/\\\/www.facebook.com\\\/madabouthorror\\\/\",\"https:\\\/\\\/www.instagram.com\\\/madabouthorror\\\/\",\"https:\\\/\\\/www.pinterest.co.uk\\\/madabouthorror\\\/\",\"https:\\\/\\\/www.youtube.com\\\/channel\\\/UCBooLOIxjoQ89dj6T5lWm_w\",\"https:\\\/\\\/www.tiktok.com\\\/@weremadabouthorror\"]}]}<\/script>\n<!-- \/ Yoast SEO plugin. -->","yoast_head_json":{"title":"Masque Klownzilla | Trick or treat Studios | Mad About Horror","description":"Trick or Treat Studios pr\u00e9sente le masque Klownzilla de Killer Klowns from Outer Space. Boutique d'objets de collection d'horreur et d'accessoires d'Halloween. UK Stock.","robots":{"index":"index","follow":"follow","max-snippet":"max-snippet:-1","max-image-preview":"max-image-preview:large","max-video-preview":"max-video-preview:-1"},"canonical":"https:\/\/madabouthorror.co.uk\/fr\/product\/killer-klowns-from-outer-space-klownzilla-mask\/","og_locale":"fr_FR","og_type":"article","og_title":"Klownzilla Mask | Trick or treat Studios | Mad About Horror","og_description":"Trick or Treat Studios presents the Killer Klowns from Outer Space Klownzilla mask. Shop Horror collectibles and Halloween props. UK Stock.","og_url":"https:\/\/madabouthorror.co.uk\/fr\/product\/killer-klowns-from-outer-space-klownzilla-mask\/","og_site_name":"Mad About Horror","article_publisher":"https:\/\/www.facebook.com\/madabouthorror\/","article_modified_time":"2026-04-02T08:34:51+00:00","og_image":[{"width":670,"height":670,"url":"https:\/\/madabouthorror.co.uk\/wp-content\/uploads\/2021\/02\/klownzilla_killer_klowns_mask_tots.jpg","type":"image\/jpeg"}],"twitter_card":"summary_large_image","twitter_misc":{"Dur\u00e9e de lecture estim\u00e9e":"1 minute"},"schema":{"@context":"https:\/\/schema.org","@graph":[{"@type":["WebPage","ItemPage"],"@id":"https:\/\/madabouthorror.co.uk\/product\/killer-klowns-from-outer-space-klownzilla-mask\/","url":"https:\/\/madabouthorror.co.uk\/product\/killer-klowns-from-outer-space-klownzilla-mask\/","name":"Masque Klownzilla | Trick or treat Studios | Mad About Horror","isPartOf":{"@id":"https:\/\/madabouthorror.co.uk\/#website"},"primaryImageOfPage":{"@id":"https:\/\/madabouthorror.co.uk\/product\/killer-klowns-from-outer-space-klownzilla-mask\/#primaryimage"},"image":{"@id":"https:\/\/madabouthorror.co.uk\/product\/killer-klowns-from-outer-space-klownzilla-mask\/#primaryimage"},"thumbnailUrl":"https:\/\/madabouthorror.co.uk\/wp-content\/uploads\/2021\/02\/klownzilla_killer_klowns_mask_tots.jpg","datePublished":"2021-02-22T11:23:17+00:00","dateModified":"2026-04-02T08:34:51+00:00","description":"Trick or Treat Studios pr\u00e9sente le masque Klownzilla de Killer Klowns from Outer Space. Boutique d'objets de collection d'horreur et d'accessoires d'Halloween. UK Stock.","breadcrumb":{"@id":"https:\/\/madabouthorror.co.uk\/product\/killer-klowns-from-outer-space-klownzilla-mask\/#breadcrumb"},"inLanguage":"fr-FR","potentialAction":[{"@type":"ReadAction","target":["https:\/\/madabouthorror.co.uk\/product\/killer-klowns-from-outer-space-klownzilla-mask\/"]}]},{"@type":"ImageObject","inLanguage":"fr-FR","@id":"https:\/\/madabouthorror.co.uk\/product\/killer-klowns-from-outer-space-klownzilla-mask\/#primaryimage","url":"https:\/\/madabouthorror.co.uk\/wp-content\/uploads\/2021\/02\/klownzilla_killer_klowns_mask_tots.jpg","contentUrl":"https:\/\/madabouthorror.co.uk\/wp-content\/uploads\/2021\/02\/klownzilla_killer_klowns_mask_tots.jpg","width":670,"height":670,"caption":"Killer Klowns from Outer Space Klownzilla Mask-0"},{"@type":"BreadcrumbList","@id":"https:\/\/madabouthorror.co.uk\/product\/killer-klowns-from-outer-space-klownzilla-mask\/#breadcrumb","itemListElement":[{"@type":"ListItem","position":1,"name":"Shop","item":"https:\/\/madabouthorror.co.uk\/shop\/"},{"@type":"ListItem","position":2,"name":"Killer Klowns from Outer Space Klownzilla Mask"}]},{"@type":"WebSite","@id":"https:\/\/madabouthorror.co.uk\/#website","url":"https:\/\/madabouthorror.co.uk\/","name":"L'horreur en folie","description":"","publisher":{"@id":"https:\/\/madabouthorror.co.uk\/#organization"},"alternateName":"Mad About Horror Limited","potentialAction":[{"@type":"SearchAction","target":{"@type":"EntryPoint","urlTemplate":"https:\/\/madabouthorror.co.uk\/?s={search_term_string}"},"query-input":{"@type":"PropertyValueSpecification","valueRequired":true,"valueName":"search_term_string"}}],"inLanguage":"fr-FR"},{"@type":"Organization","@id":"https:\/\/madabouthorror.co.uk\/#organization","name":"L'horreur en folie","url":"https:\/\/madabouthorror.co.uk\/","logo":{"@type":"ImageObject","inLanguage":"fr-FR","@id":"https:\/\/madabouthorror.co.uk\/#\/schema\/logo\/image\/","url":"https:\/\/madabouthorror.co.uk\/wp-content\/uploads\/2024\/02\/cropped-Logo.png","contentUrl":"https:\/\/madabouthorror.co.uk\/wp-content\/uploads\/2024\/02\/cropped-Logo.png","width":240,"height":88,"caption":"Mad About Horror"},"image":{"@id":"https:\/\/madabouthorror.co.uk\/#\/schema\/logo\/image\/"},"sameAs":["https:\/\/www.facebook.com\/madabouthorror\/","https:\/\/www.instagram.com\/madabouthorror\/","https:\/\/www.pinterest.co.uk\/madabouthorror\/","https:\/\/www.youtube.com\/channel\/UCBooLOIxjoQ89dj6T5lWm_w","https:\/\/www.tiktok.com\/@weremadabouthorror"]}]}},"df_price":104.12,"df_sale_price":"","df_regular_price":104.12,"df_image_link":"https:\/\/madabouthorror.co.uk\/wp-content\/uploads\/2021\/02\/klownzilla_killer_klowns_mask_tots-300x300.jpg","_links":{"self":[{"href":"https:\/\/madabouthorror.co.uk\/fr\/wp-json\/wp\/v2\/product\/47197","targetHints":{"allow":["GET"]}}],"collection":[{"href":"https:\/\/madabouthorror.co.uk\/fr\/wp-json\/wp\/v2\/product"}],"about":[{"href":"https:\/\/madabouthorror.co.uk\/fr\/wp-json\/wp\/v2\/types\/product"}],"replies":[{"embeddable":true,"href":"https:\/\/madabouthorror.co.uk\/fr\/wp-json\/wp\/v2\/comments?post=47197"}],"wp:featuredmedia":[{"embeddable":true,"href":"https:\/\/madabouthorror.co.uk\/fr\/wp-json\/wp\/v2\/media\/47195"}],"wp:attachment":[{"href":"https:\/\/madabouthorror.co.uk\/fr\/wp-json\/wp\/v2\/media?parent=47197"}],"wp:term":[{"taxonomy":"product_brand","embeddable":true,"href":"https:\/\/madabouthorror.co.uk\/fr\/wp-json\/wp\/v2\/product_brand?post=47197"},{"taxonomy":"product_cat","embeddable":true,"href":"https:\/\/madabouthorror.co.uk\/fr\/wp-json\/wp\/v2\/product_cat?post=47197"},{"taxonomy":"product_tag","embeddable":true,"href":"https:\/\/madabouthorror.co.uk\/fr\/wp-json\/wp\/v2\/product_tag?post=47197"}],"curies":[{"name":"wp","href":"https:\/\/api.w.org\/{rel}","templated":true}]}}