{"id":47236,"date":"2021-02-25T11:13:13","date_gmt":"2021-02-25T11:13:13","guid":{"rendered":"https:\/\/mah.6bdv.ws\/product\/halloween-kills-knife-trick-or-treat-studios\/"},"modified":"2026-04-20T15:40:08","modified_gmt":"2026-04-20T14:40:08","slug":"halloween-kills-knife-trick-or-treat-studios","status":"publish","type":"product","link":"https:\/\/madabouthorror.co.uk\/fr\/product\/halloween-kills-knife-trick-or-treat-studios\/","title":{"rendered":"Halloween Kills - Couteau"},"content":{"rendered":"<p><strong>Halloween Kills - Couteau de boucher\u00a0<\/strong><\/p>\n<p>Trick or Treat Studios est fier de pr\u00e9senter le couteau de boucher Michael Myers, officiellement sous licence.<\/p>\n<p>Cet accessoire \u00e9tonnant est moul\u00e9 \u00e0 partir de plastique inject\u00e9 et peint pour avoir l'air hyperr\u00e9aliste sans le danger de faire des farces et attrapes avec un vrai couteau.<\/p>\n<p>Environ 13\u2033.<\/p>\n<p>Alors, procurez-vous l'accessoire couteau de boucher de Michael Myers, notre masque de Michael Myers et notre combinaison de Michael Myers et donnez \u00e0 vos amis l'ultime frayeur pour cet Halloween !<\/p>\n<p><em>2021 Miramax, LLC. Tous droits r\u00e9serv\u00e9s. MIRAMAX et Halloween Kills sont des marques commerciales ou des marques d\u00e9pos\u00e9es de Miramax, LLC. Utilis\u00e9es sous licence. www.miramax.com<\/em><\/p>\n<p>&nbsp;<\/p>","protected":false},"excerpt":{"rendered":"<p>Halloween Kills - Butchers Knife Les studios Trick or Treat sont fiers de pr\u00e9senter le couteau de boucher de Michael Myers, officiellement licenci\u00e9 pour Halloween Kills. Cet accessoire est moul\u00e9 \u00e0 partir de plastique inject\u00e9 et peint pour para\u00eetre hyper r\u00e9aliste sans le danger d'avoir un vrai couteau pour faire des farces et attrapes. Approximativement 13\u2033 Alors, procurez-vous le couteau de boucher d'Halloween Kills [...]<\/p>","protected":false},"featured_media":47235,"comment_status":"closed","ping_status":"closed","template":"","meta":{"_acf_changed":false},"product_brand":[],"product_cat":[6580,10105,10078,7091,6551,10038,9962,6541,6552,6554,6792,6660],"product_tag":[],"class_list":{"0":"post-47236","1":"product","2":"type-product","3":"status-publish","4":"has-post-thumbnail","6":"product_cat-movie-tv","7":"product_cat-replica-knives","8":"product_cat-weapons-trick-or-treat-studios","9":"product_cat-tv-movie","10":"product_cat-costumes","11":"product_cat-horror-gifts","12":"product_cat-trick-or-treat-studios-masks","13":"product_cat-masks","14":"product_cat-accessories","15":"product_cat-weapons","16":"product_cat-trick-or-treat-studios","17":"product_cat-halloweenmichaelmyers","18":"product_shipping_class-small-parcel-economy-3-5-business-days","20":"first","21":"outofstock","22":"taxable","23":"shipping-taxable","24":"purchasable","25":"product-type-simple"},"supplier_id":467429,"supplier_sku":"TTMF110","barcode":"811501034704","atum_controlled":true,"out_stock_date":"2026-03-25 12:03:24","out_stock_threshold":null,"inheritable":false,"inbound_stock":0,"stock_on_hold":0,"sold_today":0,"sales_last_days":1,"reserved_stock":0,"customer_returns":0,"warehouse_damage":0,"lost_in_post":0,"other_logs":0,"out_stock_days":30,"lost_sales":119,"has_location":false,"update_date":"2026-04-25T01:39:24","atum_locations":[],"atum_stock_status":"outofstock","restock_status":false,"low_stock_amount":10,"sales_update_date":"2026-04-25T01:39:22","calc_backorders":null,"acf":[],"yoast_head":"<!-- This site is optimized with the Yoast SEO plugin v27.4 - https:\/\/yoast.com\/product\/yoast-seo-wordpress\/ -->\n<title>Halloween Kills - Knife| Mad About Horror|Trick or Treat Studios<\/title>\n<meta name=\"description\" content=\"IN STOCK NOW. Official licensed Halloween Kills Knife by Trick or Treat Studios. Huge range of horror collectibles and merchandise from the UK&#039;s leading horror &amp; Halloween specialist\" \/>\n<meta name=\"robots\" content=\"index, follow, max-snippet:-1, max-image-preview:large, max-video-preview:-1\" \/>\n<link rel=\"canonical\" href=\"https:\/\/madabouthorror.co.uk\/fr\/product\/halloween-kills-knife-trick-or-treat-studios\/\" \/>\n<meta property=\"og:locale\" content=\"fr_FR\" \/>\n<meta property=\"og:type\" content=\"article\" \/>\n<meta property=\"og:title\" content=\"Halloween Kills - Knife| Mad About Horror|Trick or Treat Studios\" \/>\n<meta property=\"og:description\" content=\"IN STOCK NOW. Official licensed Halloween Kills Knife by Trick or Treat Studios. Huge range of horror collectibles and merchandise from the UK&#039;s leading horror &amp; Halloween specialist\" \/>\n<meta property=\"og:url\" content=\"https:\/\/madabouthorror.co.uk\/fr\/product\/halloween-kills-knife-trick-or-treat-studios\/\" \/>\n<meta property=\"og:site_name\" content=\"Mad About Horror\" \/>\n<meta property=\"article:publisher\" content=\"https:\/\/www.facebook.com\/madabouthorror\/\" \/>\n<meta property=\"article:modified_time\" content=\"2026-04-20T14:40:08+00:00\" \/>\n<meta property=\"og:image\" content=\"https:\/\/madabouthorror.co.uk\/wp-content\/uploads\/2021\/02\/trick_or_treat_studios_halloween_kills_-_knife.jpg\" \/>\n\t<meta property=\"og:image:width\" content=\"650\" \/>\n\t<meta property=\"og:image:height\" content=\"650\" \/>\n\t<meta property=\"og:image:type\" content=\"image\/jpeg\" \/>\n<meta name=\"twitter:card\" content=\"summary_large_image\" \/>\n<meta name=\"twitter:label1\" content=\"Dur\u00e9e de lecture estim\u00e9e\" \/>\n\t<meta name=\"twitter:data1\" content=\"1 minute\" \/>\n<script type=\"application\/ld+json\" class=\"yoast-schema-graph\">{\"@context\":\"https:\\\/\\\/schema.org\",\"@graph\":[{\"@type\":[\"WebPage\",\"ItemPage\"],\"@id\":\"https:\\\/\\\/madabouthorror.co.uk\\\/product\\\/halloween-kills-knife-trick-or-treat-studios\\\/\",\"url\":\"https:\\\/\\\/madabouthorror.co.uk\\\/product\\\/halloween-kills-knife-trick-or-treat-studios\\\/\",\"name\":\"Halloween Kills - Knife| Mad About Horror|Trick or Treat Studios\",\"isPartOf\":{\"@id\":\"https:\\\/\\\/madabouthorror.co.uk\\\/#website\"},\"primaryImageOfPage\":{\"@id\":\"https:\\\/\\\/madabouthorror.co.uk\\\/product\\\/halloween-kills-knife-trick-or-treat-studios\\\/#primaryimage\"},\"image\":{\"@id\":\"https:\\\/\\\/madabouthorror.co.uk\\\/product\\\/halloween-kills-knife-trick-or-treat-studios\\\/#primaryimage\"},\"thumbnailUrl\":\"https:\\\/\\\/madabouthorror.co.uk\\\/wp-content\\\/uploads\\\/2021\\\/02\\\/trick_or_treat_studios_halloween_kills_-_knife.jpg\",\"datePublished\":\"2021-02-25T11:13:13+00:00\",\"dateModified\":\"2026-04-20T14:40:08+00:00\",\"description\":\"IN STOCK NOW. Official licensed Halloween Kills Knife by Trick or Treat Studios. Huge range of horror collectibles and merchandise from the UK's leading horror & Halloween specialist\",\"breadcrumb\":{\"@id\":\"https:\\\/\\\/madabouthorror.co.uk\\\/product\\\/halloween-kills-knife-trick-or-treat-studios\\\/#breadcrumb\"},\"inLanguage\":\"fr-FR\",\"potentialAction\":[{\"@type\":\"ReadAction\",\"target\":[\"https:\\\/\\\/madabouthorror.co.uk\\\/product\\\/halloween-kills-knife-trick-or-treat-studios\\\/\"]}]},{\"@type\":\"ImageObject\",\"inLanguage\":\"fr-FR\",\"@id\":\"https:\\\/\\\/madabouthorror.co.uk\\\/product\\\/halloween-kills-knife-trick-or-treat-studios\\\/#primaryimage\",\"url\":\"https:\\\/\\\/madabouthorror.co.uk\\\/wp-content\\\/uploads\\\/2021\\\/02\\\/trick_or_treat_studios_halloween_kills_-_knife.jpg\",\"contentUrl\":\"https:\\\/\\\/madabouthorror.co.uk\\\/wp-content\\\/uploads\\\/2021\\\/02\\\/trick_or_treat_studios_halloween_kills_-_knife.jpg\",\"width\":650,\"height\":650,\"caption\":\"Halloween Kills - Butchers Knife\"},{\"@type\":\"BreadcrumbList\",\"@id\":\"https:\\\/\\\/madabouthorror.co.uk\\\/product\\\/halloween-kills-knife-trick-or-treat-studios\\\/#breadcrumb\",\"itemListElement\":[{\"@type\":\"ListItem\",\"position\":1,\"name\":\"Shop\",\"item\":\"https:\\\/\\\/madabouthorror.co.uk\\\/shop\\\/\"},{\"@type\":\"ListItem\",\"position\":2,\"name\":\"Halloween Kills &#8211; Knife\"}]},{\"@type\":\"WebSite\",\"@id\":\"https:\\\/\\\/madabouthorror.co.uk\\\/#website\",\"url\":\"https:\\\/\\\/madabouthorror.co.uk\\\/\",\"name\":\"Mad About Horror\",\"description\":\"\",\"publisher\":{\"@id\":\"https:\\\/\\\/madabouthorror.co.uk\\\/#organization\"},\"alternateName\":\"Mad About Horror Limited\",\"potentialAction\":[{\"@type\":\"SearchAction\",\"target\":{\"@type\":\"EntryPoint\",\"urlTemplate\":\"https:\\\/\\\/madabouthorror.co.uk\\\/?s={search_term_string}\"},\"query-input\":{\"@type\":\"PropertyValueSpecification\",\"valueRequired\":true,\"valueName\":\"search_term_string\"}}],\"inLanguage\":\"fr-FR\"},{\"@type\":\"Organization\",\"@id\":\"https:\\\/\\\/madabouthorror.co.uk\\\/#organization\",\"name\":\"Mad About Horror\",\"url\":\"https:\\\/\\\/madabouthorror.co.uk\\\/\",\"logo\":{\"@type\":\"ImageObject\",\"inLanguage\":\"fr-FR\",\"@id\":\"https:\\\/\\\/madabouthorror.co.uk\\\/#\\\/schema\\\/logo\\\/image\\\/\",\"url\":\"https:\\\/\\\/madabouthorror.co.uk\\\/wp-content\\\/uploads\\\/2024\\\/02\\\/cropped-Logo.png\",\"contentUrl\":\"https:\\\/\\\/madabouthorror.co.uk\\\/wp-content\\\/uploads\\\/2024\\\/02\\\/cropped-Logo.png\",\"width\":240,\"height\":88,\"caption\":\"Mad About Horror\"},\"image\":{\"@id\":\"https:\\\/\\\/madabouthorror.co.uk\\\/#\\\/schema\\\/logo\\\/image\\\/\"},\"sameAs\":[\"https:\\\/\\\/www.facebook.com\\\/madabouthorror\\\/\",\"https:\\\/\\\/www.instagram.com\\\/madabouthorror\\\/\",\"https:\\\/\\\/www.pinterest.co.uk\\\/madabouthorror\\\/\",\"https:\\\/\\\/www.youtube.com\\\/channel\\\/UCBooLOIxjoQ89dj6T5lWm_w\",\"https:\\\/\\\/www.tiktok.com\\\/@weremadabouthorror\"]}]}<\/script>\n<!-- \/ Yoast SEO plugin. -->","yoast_head_json":{"title":"Halloween Kills - Knife| Mad About Horror|Trick or Treat Studios","description":"EN STOCK MAINTENANT. Couteau officiel sous licence Halloween Kills par Trick or Treat Studios. Vaste gamme d'objets de collection et de marchandises d'horreur du plus grand sp\u00e9cialiste de l'horreur et de l'Halloween du Royaume-Uni.","robots":{"index":"index","follow":"follow","max-snippet":"max-snippet:-1","max-image-preview":"max-image-preview:large","max-video-preview":"max-video-preview:-1"},"canonical":"https:\/\/madabouthorror.co.uk\/fr\/product\/halloween-kills-knife-trick-or-treat-studios\/","og_locale":"fr_FR","og_type":"article","og_title":"Halloween Kills - Knife| Mad About Horror|Trick or Treat Studios","og_description":"IN STOCK NOW. Official licensed Halloween Kills Knife by Trick or Treat Studios. Huge range of horror collectibles and merchandise from the UK's leading horror & Halloween specialist","og_url":"https:\/\/madabouthorror.co.uk\/fr\/product\/halloween-kills-knife-trick-or-treat-studios\/","og_site_name":"Mad About Horror","article_publisher":"https:\/\/www.facebook.com\/madabouthorror\/","article_modified_time":"2026-04-20T14:40:08+00:00","og_image":[{"width":650,"height":650,"url":"https:\/\/madabouthorror.co.uk\/wp-content\/uploads\/2021\/02\/trick_or_treat_studios_halloween_kills_-_knife.jpg","type":"image\/jpeg"}],"twitter_card":"summary_large_image","twitter_misc":{"Dur\u00e9e de lecture estim\u00e9e":"1 minute"},"schema":{"@context":"https:\/\/schema.org","@graph":[{"@type":["WebPage","ItemPage"],"@id":"https:\/\/madabouthorror.co.uk\/product\/halloween-kills-knife-trick-or-treat-studios\/","url":"https:\/\/madabouthorror.co.uk\/product\/halloween-kills-knife-trick-or-treat-studios\/","name":"Halloween Kills - Knife| Mad About Horror|Trick or Treat Studios","isPartOf":{"@id":"https:\/\/madabouthorror.co.uk\/#website"},"primaryImageOfPage":{"@id":"https:\/\/madabouthorror.co.uk\/product\/halloween-kills-knife-trick-or-treat-studios\/#primaryimage"},"image":{"@id":"https:\/\/madabouthorror.co.uk\/product\/halloween-kills-knife-trick-or-treat-studios\/#primaryimage"},"thumbnailUrl":"https:\/\/madabouthorror.co.uk\/wp-content\/uploads\/2021\/02\/trick_or_treat_studios_halloween_kills_-_knife.jpg","datePublished":"2021-02-25T11:13:13+00:00","dateModified":"2026-04-20T14:40:08+00:00","description":"EN STOCK MAINTENANT. Couteau officiel sous licence Halloween Kills par Trick or Treat Studios. Vaste gamme d'objets de collection et de marchandises d'horreur du plus grand sp\u00e9cialiste de l'horreur et de l'Halloween du Royaume-Uni.","breadcrumb":{"@id":"https:\/\/madabouthorror.co.uk\/product\/halloween-kills-knife-trick-or-treat-studios\/#breadcrumb"},"inLanguage":"fr-FR","potentialAction":[{"@type":"ReadAction","target":["https:\/\/madabouthorror.co.uk\/product\/halloween-kills-knife-trick-or-treat-studios\/"]}]},{"@type":"ImageObject","inLanguage":"fr-FR","@id":"https:\/\/madabouthorror.co.uk\/product\/halloween-kills-knife-trick-or-treat-studios\/#primaryimage","url":"https:\/\/madabouthorror.co.uk\/wp-content\/uploads\/2021\/02\/trick_or_treat_studios_halloween_kills_-_knife.jpg","contentUrl":"https:\/\/madabouthorror.co.uk\/wp-content\/uploads\/2021\/02\/trick_or_treat_studios_halloween_kills_-_knife.jpg","width":650,"height":650,"caption":"Halloween Kills - Butchers Knife"},{"@type":"BreadcrumbList","@id":"https:\/\/madabouthorror.co.uk\/product\/halloween-kills-knife-trick-or-treat-studios\/#breadcrumb","itemListElement":[{"@type":"ListItem","position":1,"name":"Shop","item":"https:\/\/madabouthorror.co.uk\/shop\/"},{"@type":"ListItem","position":2,"name":"Halloween Kills &#8211; Knife"}]},{"@type":"WebSite","@id":"https:\/\/madabouthorror.co.uk\/#website","url":"https:\/\/madabouthorror.co.uk\/","name":"L'horreur en folie","description":"","publisher":{"@id":"https:\/\/madabouthorror.co.uk\/#organization"},"alternateName":"Mad About Horror Limited","potentialAction":[{"@type":"SearchAction","target":{"@type":"EntryPoint","urlTemplate":"https:\/\/madabouthorror.co.uk\/?s={search_term_string}"},"query-input":{"@type":"PropertyValueSpecification","valueRequired":true,"valueName":"search_term_string"}}],"inLanguage":"fr-FR"},{"@type":"Organization","@id":"https:\/\/madabouthorror.co.uk\/#organization","name":"L'horreur en folie","url":"https:\/\/madabouthorror.co.uk\/","logo":{"@type":"ImageObject","inLanguage":"fr-FR","@id":"https:\/\/madabouthorror.co.uk\/#\/schema\/logo\/image\/","url":"https:\/\/madabouthorror.co.uk\/wp-content\/uploads\/2024\/02\/cropped-Logo.png","contentUrl":"https:\/\/madabouthorror.co.uk\/wp-content\/uploads\/2024\/02\/cropped-Logo.png","width":240,"height":88,"caption":"Mad About Horror"},"image":{"@id":"https:\/\/madabouthorror.co.uk\/#\/schema\/logo\/image\/"},"sameAs":["https:\/\/www.facebook.com\/madabouthorror\/","https:\/\/www.instagram.com\/madabouthorror\/","https:\/\/www.pinterest.co.uk\/madabouthorror\/","https:\/\/www.youtube.com\/channel\/UCBooLOIxjoQ89dj6T5lWm_w","https:\/\/www.tiktok.com\/@weremadabouthorror"]}]}},"df_price":29.12,"df_sale_price":"","df_regular_price":29.12,"df_image_link":"https:\/\/madabouthorror.co.uk\/wp-content\/uploads\/2021\/02\/trick_or_treat_studios_halloween_kills_-_knife-300x300.jpg","_links":{"self":[{"href":"https:\/\/madabouthorror.co.uk\/fr\/wp-json\/wp\/v2\/product\/47236","targetHints":{"allow":["GET"]}}],"collection":[{"href":"https:\/\/madabouthorror.co.uk\/fr\/wp-json\/wp\/v2\/product"}],"about":[{"href":"https:\/\/madabouthorror.co.uk\/fr\/wp-json\/wp\/v2\/types\/product"}],"replies":[{"embeddable":true,"href":"https:\/\/madabouthorror.co.uk\/fr\/wp-json\/wp\/v2\/comments?post=47236"}],"wp:featuredmedia":[{"embeddable":true,"href":"https:\/\/madabouthorror.co.uk\/fr\/wp-json\/wp\/v2\/media\/47235"}],"wp:attachment":[{"href":"https:\/\/madabouthorror.co.uk\/fr\/wp-json\/wp\/v2\/media?parent=47236"}],"wp:term":[{"taxonomy":"product_brand","embeddable":true,"href":"https:\/\/madabouthorror.co.uk\/fr\/wp-json\/wp\/v2\/product_brand?post=47236"},{"taxonomy":"product_cat","embeddable":true,"href":"https:\/\/madabouthorror.co.uk\/fr\/wp-json\/wp\/v2\/product_cat?post=47236"},{"taxonomy":"product_tag","embeddable":true,"href":"https:\/\/madabouthorror.co.uk\/fr\/wp-json\/wp\/v2\/product_tag?post=47236"}],"curies":[{"name":"wp","href":"https:\/\/api.w.org\/{rel}","templated":true}]}}