{"id":47307,"date":"2021-03-04T14:52:37","date_gmt":"2021-03-04T14:52:37","guid":{"rendered":"https:\/\/mah.6bdv.ws\/product\/skeleton-animated-figure-with-digiteyes-pre-order\/"},"modified":"2026-04-29T15:43:59","modified_gmt":"2026-04-29T14:43:59","slug":"skeleton-animated-figure-with-digiteyes","status":"publish","type":"product","link":"https:\/\/madabouthorror.co.uk\/fr\/product\/skeleton-animated-figure-with-digiteyes\/","title":{"rendered":"Squelette de 8 pieds Animatronic Halloween avec Digiteyes"},"content":{"rendered":"<p>Regardez ce squelette de 2,5 m\u00e8tres de haut avec la technologie des yeux de projection mobiles prendre vie ! Ce squelette g\u00e9ant a une sculpture r\u00e9aliste d\u00e9taill\u00e9e, des yeux de projection mobiles et un mouvement de la m\u00e2choire. Il mesure 2,43 m de haut ! Les bras sont \u00e9galement amovibles.<\/p>\n<div class=\"page\" title=\"Page 3\">\n<div class=\"section\">\n<div class=\"layoutArea\">\n<div class=\"column\">\n<p>Un ajout effrayant \u00e0 votre exposition d'Halloween - il ne manquera pas d'impressionner vos invit\u00e9s avec ses mouvements oculaires r\u00e9alistes et ses salutations de bienvenue effrayantes.<\/p>\n<p>Chiffre fonctionnant sur secteur avec contr\u00f4le du volume et minuterie.<\/p>\n<p>Activation : D\u00e9tecteur \/ Step-pad \/ constamment en marche.<\/p>\n<p><b>Fourni avec un adaptateur secteur britannique<\/b>. <i>N'utilisez que l'adaptateur d'alimentation fourni, car les adaptateurs d'alimentation incorrects peuvent causer des dommages.<\/i><\/p>\n<div>\n<div><b>Pour le porche couvert ou l'int\u00e9rieur.<\/b> <i>Prot\u00e9ger des intemp\u00e9ries en cas d'utilisation \u00e0 l'ext\u00e9rieur et ne pas laisser \u00e0 l'ext\u00e9rieur pendant des p\u00e9riodes prolong\u00e9es.<\/i><\/div>\n<div><\/div>\n<div><b>A noter :<\/b><i> Ces accessoires ne sont pas recommand\u00e9s pour un usage commercial intensif, c'est-\u00e0-dire qu'ils ne doivent pas \u00eatre utilis\u00e9s pendant des p\u00e9riodes prolong\u00e9es, c'est-\u00e0-dire plusieurs jours d'affil\u00e9e. Ils sont con\u00e7us pour \u00eatre utilis\u00e9s \u00e0 l'occasion d'Halloween. Si vous avez des questions \u00e0 ce sujet, n'h\u00e9sitez pas \u00e0 les poser.<\/i><\/div>\n<\/div>\n<\/div>\n<\/div>\n<\/div>\n<\/div>","protected":false},"excerpt":{"rendered":"<p>Regardez ce squelette de 2,5 m\u00e8tres de haut avec la technologie des yeux de projection mobiles prendre vie ! Ce squelette g\u00e9ant a une sculpture r\u00e9aliste d\u00e9taill\u00e9e, des yeux de projection mobiles et un mouvement de la m\u00e2choire. Il mesure 2,43 m de haut ! Les bras sont \u00e9galement amovibles. Un ajout effrayant \u00e0 votre exposition d'Halloween - il ne manquera pas d'impressionner vos invit\u00e9s avec ses mouvements d'yeux [...]<\/p>","protected":false},"featured_media":456292,"comment_status":"closed","ping_status":"closed","template":"","meta":{"_acf_changed":false},"product_brand":[],"product_cat":[10068,10131,10158,10108,10034,10093,10094,6550,6547,6549,6548,6963,7047,7050,7051],"product_tag":[],"class_list":{"0":"post-47307","1":"product","2":"type-product","3":"status-publish","4":"has-post-thumbnail","6":"product_cat-halloween-decorations-2025","7":"product_cat-halloween-gifts","8":"product_cat-in-stock-animatronics","9":"product_cat-light-up-halloween-decorations","10":"product_cat-family-friendly","11":"product_cat-indoor-halloween-decorations","12":"product_cat-outdoor-halloween-decorations","13":"product_cat-graveyard-decorations","14":"product_cat-decorations","15":"product_cat-haunted-house","16":"product_cat-skeleton-decorations","17":"product_cat-animatronics","18":"product_cat-skeletons-reapers","19":"product_cat-haunted-house-animatronics","20":"product_cat-graveyard-animatronics","21":"product_shipping_class-props","23":"first","24":"instock","25":"taxable","26":"shipping-taxable","27":"purchasable","28":"product-type-simple"},"supplier_id":467908,"supplier_sku":"MR123682","barcode":"842445149964","atum_controlled":true,"out_stock_date":null,"out_stock_threshold":null,"inheritable":false,"inbound_stock":0,"stock_on_hold":0,"sold_today":0,"sales_last_days":0,"reserved_stock":0,"customer_returns":0,"warehouse_damage":0,"lost_in_post":0,"other_logs":0,"out_stock_days":0,"lost_sales":0,"has_location":false,"update_date":"2026-05-06T01:19:12","atum_locations":[],"atum_stock_status":"instock","restock_status":false,"low_stock_amount":1,"sales_update_date":"2026-05-06T01:19:11","calc_backorders":null,"acf":[],"yoast_head":"<!-- This site is optimized with the Yoast SEO plugin v27.5 - https:\/\/yoast.com\/product\/yoast-seo-wordpress\/ -->\n<title>Skeleton Animated Figure with Digiteyes | Mad About Horror<\/title>\n<meta name=\"description\" content=\"8ft Skeleton Halloween Animatronic with Digiteyes. Huge range of quality Halloween props, masks and accessories. UK Stock, Fast Delivery.\u00a0\" \/>\n<meta name=\"robots\" content=\"index, follow, max-snippet:-1, max-image-preview:large, max-video-preview:-1\" \/>\n<link rel=\"canonical\" href=\"https:\/\/madabouthorror.co.uk\/fr\/product\/skeleton-animated-figure-with-digiteyes\/\" \/>\n<meta property=\"og:locale\" content=\"fr_FR\" \/>\n<meta property=\"og:type\" content=\"article\" \/>\n<meta property=\"og:title\" content=\"Skeleton Animated Figure with Digiteyes | Mad About Horror\" \/>\n<meta property=\"og:description\" content=\"8ft Skeleton Halloween Animatronic with Digiteyes. Huge range of quality Halloween props, masks and accessories. UK Stock, Fast Delivery.\u00a0\" \/>\n<meta property=\"og:url\" content=\"https:\/\/madabouthorror.co.uk\/fr\/product\/skeleton-animated-figure-with-digiteyes\/\" \/>\n<meta property=\"og:site_name\" content=\"Mad About Horror\" \/>\n<meta property=\"article:publisher\" content=\"https:\/\/www.facebook.com\/madabouthorror\/\" \/>\n<meta property=\"article:modified_time\" content=\"2026-04-29T14:43:59+00:00\" \/>\n<meta property=\"og:image\" content=\"https:\/\/madabouthorror.co.uk\/wp-content\/uploads\/2021\/03\/8-towering-skeleton-with-projection-eyesmr123682.jpeg\" \/>\n\t<meta property=\"og:image:width\" content=\"1500\" \/>\n\t<meta property=\"og:image:height\" content=\"1500\" \/>\n\t<meta property=\"og:image:type\" content=\"image\/jpeg\" \/>\n<meta name=\"twitter:card\" content=\"summary_large_image\" \/>\n<meta name=\"twitter:label1\" content=\"Dur\u00e9e de lecture estim\u00e9e\" \/>\n\t<meta name=\"twitter:data1\" content=\"1 minute\" \/>\n<script type=\"application\/ld+json\" class=\"yoast-schema-graph\">{\"@context\":\"https:\\\/\\\/schema.org\",\"@graph\":[{\"@type\":[\"WebPage\",\"ItemPage\"],\"@id\":\"https:\\\/\\\/madabouthorror.co.uk\\\/product\\\/skeleton-animated-figure-with-digiteyes\\\/\",\"url\":\"https:\\\/\\\/madabouthorror.co.uk\\\/product\\\/skeleton-animated-figure-with-digiteyes\\\/\",\"name\":\"Skeleton Animated Figure with Digiteyes | Mad About Horror\",\"isPartOf\":{\"@id\":\"https:\\\/\\\/madabouthorror.co.uk\\\/#website\"},\"primaryImageOfPage\":{\"@id\":\"https:\\\/\\\/madabouthorror.co.uk\\\/product\\\/skeleton-animated-figure-with-digiteyes\\\/#primaryimage\"},\"image\":{\"@id\":\"https:\\\/\\\/madabouthorror.co.uk\\\/product\\\/skeleton-animated-figure-with-digiteyes\\\/#primaryimage\"},\"thumbnailUrl\":\"https:\\\/\\\/madabouthorror.co.uk\\\/wp-content\\\/uploads\\\/2021\\\/03\\\/8-towering-skeleton-with-projection-eyesmr123682.jpeg\",\"datePublished\":\"2021-03-04T14:52:37+00:00\",\"dateModified\":\"2026-04-29T14:43:59+00:00\",\"description\":\"8ft Skeleton Halloween Animatronic with Digiteyes. Huge range of quality Halloween props, masks and accessories. UK Stock, Fast Delivery.\u00a0\",\"breadcrumb\":{\"@id\":\"https:\\\/\\\/madabouthorror.co.uk\\\/product\\\/skeleton-animated-figure-with-digiteyes\\\/#breadcrumb\"},\"inLanguage\":\"fr-FR\",\"potentialAction\":[{\"@type\":\"ReadAction\",\"target\":[\"https:\\\/\\\/madabouthorror.co.uk\\\/product\\\/skeleton-animated-figure-with-digiteyes\\\/\"]}]},{\"@type\":\"ImageObject\",\"inLanguage\":\"fr-FR\",\"@id\":\"https:\\\/\\\/madabouthorror.co.uk\\\/product\\\/skeleton-animated-figure-with-digiteyes\\\/#primaryimage\",\"url\":\"https:\\\/\\\/madabouthorror.co.uk\\\/wp-content\\\/uploads\\\/2021\\\/03\\\/8-towering-skeleton-with-projection-eyesmr123682.jpeg\",\"contentUrl\":\"https:\\\/\\\/madabouthorror.co.uk\\\/wp-content\\\/uploads\\\/2021\\\/03\\\/8-towering-skeleton-with-projection-eyesmr123682.jpeg\",\"width\":1500,\"height\":1500,\"caption\":\"8ft giant skeleton digiteyes animated prop\"},{\"@type\":\"BreadcrumbList\",\"@id\":\"https:\\\/\\\/madabouthorror.co.uk\\\/product\\\/skeleton-animated-figure-with-digiteyes\\\/#breadcrumb\",\"itemListElement\":[{\"@type\":\"ListItem\",\"position\":1,\"name\":\"Shop\",\"item\":\"https:\\\/\\\/madabouthorror.co.uk\\\/shop\\\/\"},{\"@type\":\"ListItem\",\"position\":2,\"name\":\"8ft Skeleton Halloween Animatronic with Digiteyes\"}]},{\"@type\":\"WebSite\",\"@id\":\"https:\\\/\\\/madabouthorror.co.uk\\\/#website\",\"url\":\"https:\\\/\\\/madabouthorror.co.uk\\\/\",\"name\":\"Mad About Horror\",\"description\":\"\",\"publisher\":{\"@id\":\"https:\\\/\\\/madabouthorror.co.uk\\\/#organization\"},\"alternateName\":\"Mad About Horror Limited\",\"potentialAction\":[{\"@type\":\"SearchAction\",\"target\":{\"@type\":\"EntryPoint\",\"urlTemplate\":\"https:\\\/\\\/madabouthorror.co.uk\\\/?s={search_term_string}\"},\"query-input\":{\"@type\":\"PropertyValueSpecification\",\"valueRequired\":true,\"valueName\":\"search_term_string\"}}],\"inLanguage\":\"fr-FR\"},{\"@type\":\"Organization\",\"@id\":\"https:\\\/\\\/madabouthorror.co.uk\\\/#organization\",\"name\":\"Mad About Horror\",\"url\":\"https:\\\/\\\/madabouthorror.co.uk\\\/\",\"logo\":{\"@type\":\"ImageObject\",\"inLanguage\":\"fr-FR\",\"@id\":\"https:\\\/\\\/madabouthorror.co.uk\\\/#\\\/schema\\\/logo\\\/image\\\/\",\"url\":\"https:\\\/\\\/madabouthorror.co.uk\\\/wp-content\\\/uploads\\\/2024\\\/02\\\/cropped-Logo.png\",\"contentUrl\":\"https:\\\/\\\/madabouthorror.co.uk\\\/wp-content\\\/uploads\\\/2024\\\/02\\\/cropped-Logo.png\",\"width\":240,\"height\":88,\"caption\":\"Mad About Horror\"},\"image\":{\"@id\":\"https:\\\/\\\/madabouthorror.co.uk\\\/#\\\/schema\\\/logo\\\/image\\\/\"},\"sameAs\":[\"https:\\\/\\\/www.facebook.com\\\/madabouthorror\\\/\",\"https:\\\/\\\/www.instagram.com\\\/madabouthorror\\\/\",\"https:\\\/\\\/www.pinterest.co.uk\\\/madabouthorror\\\/\",\"https:\\\/\\\/www.youtube.com\\\/channel\\\/UCBooLOIxjoQ89dj6T5lWm_w\",\"https:\\\/\\\/www.tiktok.com\\\/@weremadabouthorror\"]}]}<\/script>\n<!-- \/ Yoast SEO plugin. -->","yoast_head_json":{"title":"Figurine anim\u00e9e de squelette avec yeux num\u00e9riques | Mad About Horror","description":"Squelette d'Halloween Animatronic de 8 pieds avec Digiteyes. Vaste gamme d'accessoires d'Halloween, de masques et d'accessoires de qualit\u00e9. Stock britannique, livraison rapide.\u00a0","robots":{"index":"index","follow":"follow","max-snippet":"max-snippet:-1","max-image-preview":"max-image-preview:large","max-video-preview":"max-video-preview:-1"},"canonical":"https:\/\/madabouthorror.co.uk\/fr\/product\/skeleton-animated-figure-with-digiteyes\/","og_locale":"fr_FR","og_type":"article","og_title":"Skeleton Animated Figure with Digiteyes | Mad About Horror","og_description":"8ft Skeleton Halloween Animatronic with Digiteyes. Huge range of quality Halloween props, masks and accessories. UK Stock, Fast Delivery.\u00a0","og_url":"https:\/\/madabouthorror.co.uk\/fr\/product\/skeleton-animated-figure-with-digiteyes\/","og_site_name":"Mad About Horror","article_publisher":"https:\/\/www.facebook.com\/madabouthorror\/","article_modified_time":"2026-04-29T14:43:59+00:00","og_image":[{"width":1500,"height":1500,"url":"https:\/\/madabouthorror.co.uk\/wp-content\/uploads\/2021\/03\/8-towering-skeleton-with-projection-eyesmr123682.jpeg","type":"image\/jpeg"}],"twitter_card":"summary_large_image","twitter_misc":{"Dur\u00e9e de lecture estim\u00e9e":"1 minute"},"schema":{"@context":"https:\/\/schema.org","@graph":[{"@type":["WebPage","ItemPage"],"@id":"https:\/\/madabouthorror.co.uk\/product\/skeleton-animated-figure-with-digiteyes\/","url":"https:\/\/madabouthorror.co.uk\/product\/skeleton-animated-figure-with-digiteyes\/","name":"Figurine anim\u00e9e de squelette avec yeux num\u00e9riques | Mad About Horror","isPartOf":{"@id":"https:\/\/madabouthorror.co.uk\/#website"},"primaryImageOfPage":{"@id":"https:\/\/madabouthorror.co.uk\/product\/skeleton-animated-figure-with-digiteyes\/#primaryimage"},"image":{"@id":"https:\/\/madabouthorror.co.uk\/product\/skeleton-animated-figure-with-digiteyes\/#primaryimage"},"thumbnailUrl":"https:\/\/madabouthorror.co.uk\/wp-content\/uploads\/2021\/03\/8-towering-skeleton-with-projection-eyesmr123682.jpeg","datePublished":"2021-03-04T14:52:37+00:00","dateModified":"2026-04-29T14:43:59+00:00","description":"Squelette d'Halloween Animatronic de 8 pieds avec Digiteyes. Vaste gamme d'accessoires d'Halloween, de masques et d'accessoires de qualit\u00e9. Stock britannique, livraison rapide.\u00a0","breadcrumb":{"@id":"https:\/\/madabouthorror.co.uk\/product\/skeleton-animated-figure-with-digiteyes\/#breadcrumb"},"inLanguage":"fr-FR","potentialAction":[{"@type":"ReadAction","target":["https:\/\/madabouthorror.co.uk\/product\/skeleton-animated-figure-with-digiteyes\/"]}]},{"@type":"ImageObject","inLanguage":"fr-FR","@id":"https:\/\/madabouthorror.co.uk\/product\/skeleton-animated-figure-with-digiteyes\/#primaryimage","url":"https:\/\/madabouthorror.co.uk\/wp-content\/uploads\/2021\/03\/8-towering-skeleton-with-projection-eyesmr123682.jpeg","contentUrl":"https:\/\/madabouthorror.co.uk\/wp-content\/uploads\/2021\/03\/8-towering-skeleton-with-projection-eyesmr123682.jpeg","width":1500,"height":1500,"caption":"8ft giant skeleton digiteyes animated prop"},{"@type":"BreadcrumbList","@id":"https:\/\/madabouthorror.co.uk\/product\/skeleton-animated-figure-with-digiteyes\/#breadcrumb","itemListElement":[{"@type":"ListItem","position":1,"name":"Shop","item":"https:\/\/madabouthorror.co.uk\/shop\/"},{"@type":"ListItem","position":2,"name":"8ft Skeleton Halloween Animatronic with Digiteyes"}]},{"@type":"WebSite","@id":"https:\/\/madabouthorror.co.uk\/#website","url":"https:\/\/madabouthorror.co.uk\/","name":"L'horreur en folie","description":"","publisher":{"@id":"https:\/\/madabouthorror.co.uk\/#organization"},"alternateName":"Mad About Horror Limited","potentialAction":[{"@type":"SearchAction","target":{"@type":"EntryPoint","urlTemplate":"https:\/\/madabouthorror.co.uk\/?s={search_term_string}"},"query-input":{"@type":"PropertyValueSpecification","valueRequired":true,"valueName":"search_term_string"}}],"inLanguage":"fr-FR"},{"@type":"Organization","@id":"https:\/\/madabouthorror.co.uk\/#organization","name":"L'horreur en folie","url":"https:\/\/madabouthorror.co.uk\/","logo":{"@type":"ImageObject","inLanguage":"fr-FR","@id":"https:\/\/madabouthorror.co.uk\/#\/schema\/logo\/image\/","url":"https:\/\/madabouthorror.co.uk\/wp-content\/uploads\/2024\/02\/cropped-Logo.png","contentUrl":"https:\/\/madabouthorror.co.uk\/wp-content\/uploads\/2024\/02\/cropped-Logo.png","width":240,"height":88,"caption":"Mad About Horror"},"image":{"@id":"https:\/\/madabouthorror.co.uk\/#\/schema\/logo\/image\/"},"sameAs":["https:\/\/www.facebook.com\/madabouthorror\/","https:\/\/www.instagram.com\/madabouthorror\/","https:\/\/www.pinterest.co.uk\/madabouthorror\/","https:\/\/www.youtube.com\/channel\/UCBooLOIxjoQ89dj6T5lWm_w","https:\/\/www.tiktok.com\/@weremadabouthorror"]}]}},"df_price":429.95,"df_sale_price":"","df_regular_price":429.95,"df_image_link":"https:\/\/madabouthorror.co.uk\/wp-content\/uploads\/2021\/03\/8-towering-skeleton-with-projection-eyesmr123682-300x300.jpeg","_links":{"self":[{"href":"https:\/\/madabouthorror.co.uk\/fr\/wp-json\/wp\/v2\/product\/47307","targetHints":{"allow":["GET"]}}],"collection":[{"href":"https:\/\/madabouthorror.co.uk\/fr\/wp-json\/wp\/v2\/product"}],"about":[{"href":"https:\/\/madabouthorror.co.uk\/fr\/wp-json\/wp\/v2\/types\/product"}],"replies":[{"embeddable":true,"href":"https:\/\/madabouthorror.co.uk\/fr\/wp-json\/wp\/v2\/comments?post=47307"}],"wp:featuredmedia":[{"embeddable":true,"href":"https:\/\/madabouthorror.co.uk\/fr\/wp-json\/wp\/v2\/media\/456292"}],"wp:attachment":[{"href":"https:\/\/madabouthorror.co.uk\/fr\/wp-json\/wp\/v2\/media?parent=47307"}],"wp:term":[{"taxonomy":"product_brand","embeddable":true,"href":"https:\/\/madabouthorror.co.uk\/fr\/wp-json\/wp\/v2\/product_brand?post=47307"},{"taxonomy":"product_cat","embeddable":true,"href":"https:\/\/madabouthorror.co.uk\/fr\/wp-json\/wp\/v2\/product_cat?post=47307"},{"taxonomy":"product_tag","embeddable":true,"href":"https:\/\/madabouthorror.co.uk\/fr\/wp-json\/wp\/v2\/product_tag?post=47307"}],"curies":[{"name":"wp","href":"https:\/\/api.w.org\/{rel}","templated":true}]}}