{"id":473444,"date":"2024-02-07T12:45:07","date_gmt":"2024-02-07T12:45:07","guid":{"rendered":"https:\/\/madabouthorror.co.uk\/?post_type=product&#038;p=473444"},"modified":"2026-04-24T14:03:43","modified_gmt":"2026-04-24T13:03:43","slug":"ghostbusters-light-up-no-ghosts-sign","status":"publish","type":"product","link":"https:\/\/madabouthorror.co.uk\/fr\/product\/ghostbusters-light-up-no-ghosts-sign\/","title":{"rendered":"Panneau S.O.S. Fant\u00f4mes - lumineux Pas de fant\u00f4mes"},"content":{"rendered":"<p style=\"font-weight: 400;\">L'incroyable panneau Ghostbusters \u2013 Light Up No Ghosts est disponible d\u00e8s maintenant ! Fabriqu\u00e9 en plastique r\u00e9sistant, ce panneau imposant et embl\u00e9matique est \u00e9quip\u00e9 d'une lumi\u00e8re interne pour mettre en valeur le symbole classique. Con\u00e7u pour \u00eatre pratique, le panneau No Ghost comprend des trous pour une suspension facile, ainsi qu'un interrupteur judicieusement plac\u00e9 sur le c\u00f4t\u00e9 inf\u00e9rieur gauche pour activer simplement la fonction lumineuse, m\u00eame lorsqu'il est mont\u00e9. Adoptez l'esprit de Ghostbusters et illuminez votre espace en commandant d\u00e8s aujourd'hui le panneau lumineux \"No Ghost\". Fabriqu\u00e9 par Trick or Treat Studios !<\/p>\n<p style=\"font-weight: 400;\">N\u00e9cessite 3 piles AA (non incluses)<\/p>\n<p style=\"font-weight: 400;\">Environ 22\u2033 de large, 20\u2033 de haut, 4\u2033 de profondeur<\/p>\n<p style=\"font-weight: 400;\">","protected":false},"excerpt":{"rendered":"<p>L'incroyable panneau Ghostbusters \u2013 Light Up No Ghosts est disponible d\u00e8s maintenant ! Fabriqu\u00e9 en plastique r\u00e9sistant, ce panneau imposant et embl\u00e9matique est \u00e9quip\u00e9 d'une lumi\u00e8re interne pour mettre en valeur le symbole classique. Con\u00e7u pour la commodit\u00e9, le panneau No Ghost comprend des trous pour une suspension facile, ainsi qu'un interrupteur facilement accessible sur le bord inf\u00e9rieur [\u2026]<\/p>","protected":false},"featured_media":480366,"comment_status":"closed","ping_status":"closed","template":"","meta":{"_acf_changed":false},"product_brand":[],"product_cat":[10120,10108,10093,6537,10107,6547,6728,8802,6571,6656,6792],"product_tag":[],"class_list":{"0":"post-473444","1":"product","2":"type-product","3":"status-publish","4":"has-post-thumbnail","6":"product_cat-halloween-ghost-decorations","7":"product_cat-light-up-halloween-decorations","8":"product_cat-indoor-halloween-decorations","9":"product_cat-collectibles","10":"product_cat-licensed-halloween-decorations","11":"product_cat-decorations","12":"product_cat-premium","13":"product_cat-sale","14":"product_cat-just-arrived","15":"product_cat-ghostbusters","16":"product_cat-trick-or-treat-studios","17":"product_shipping_class-oversize-for-post","19":"first","20":"instock","21":"sale","22":"taxable","23":"shipping-taxable","24":"purchasable","25":"product-type-simple"},"supplier_id":471029,"supplier_sku":"TTSP101-s6","barcode":"810116282319","atum_controlled":false,"out_stock_date":null,"out_stock_threshold":null,"inheritable":false,"inbound_stock":0,"stock_on_hold":0,"sold_today":0,"sales_last_days":0,"reserved_stock":0,"customer_returns":0,"warehouse_damage":0,"lost_in_post":0,"other_logs":0,"out_stock_days":0,"lost_sales":0,"has_location":false,"update_date":"2026-04-29T01:58:54","atum_locations":[],"atum_stock_status":"instock","restock_status":false,"low_stock_amount":"","sales_update_date":"2026-04-29T01:58:52","calc_backorders":null,"acf":[],"yoast_head":"<!-- This site is optimized with the Yoast SEO plugin v27.5 - https:\/\/yoast.com\/product\/yoast-seo-wordpress\/ -->\n<title>Ghostbusters Sign - Light Up No Ghosts | Mad About Horror, UK Stock<\/title>\n<meta name=\"description\" content=\"Ghostbusters Sign - Light Up No Ghosts. Offical UK Stockist of Trick or Treat Studios. Huge range of Ghostbusters Collectibles avabilale. UK Stock.\" \/>\n<meta name=\"robots\" content=\"index, follow, max-snippet:-1, max-image-preview:large, max-video-preview:-1\" \/>\n<link rel=\"canonical\" href=\"https:\/\/madabouthorror.co.uk\/fr\/product\/ghostbusters-light-up-no-ghosts-sign\/\" \/>\n<meta property=\"og:locale\" content=\"fr_FR\" \/>\n<meta property=\"og:type\" content=\"article\" \/>\n<meta property=\"og:title\" content=\"Ghostbusters Sign - Light Up No Ghosts | Mad About Horror, UK Stock\" \/>\n<meta property=\"og:description\" content=\"Ghostbusters Sign - Light Up No Ghosts. Offical UK Stockist of Trick or Treat Studios. Huge range of Ghostbusters Collectibles avabilale. UK Stock.\" \/>\n<meta property=\"og:url\" content=\"https:\/\/madabouthorror.co.uk\/fr\/product\/ghostbusters-light-up-no-ghosts-sign\/\" \/>\n<meta property=\"og:site_name\" content=\"Mad About Horror\" \/>\n<meta property=\"article:publisher\" content=\"https:\/\/www.facebook.com\/madabouthorror\/\" \/>\n<meta property=\"article:modified_time\" content=\"2026-04-24T13:03:43+00:00\" \/>\n<meta property=\"og:image\" content=\"https:\/\/madabouthorror.co.uk\/wp-content\/uploads\/2024\/02\/t2-ots-ghostbusters-light-up-no-ghost-sign.jpg\" \/>\n\t<meta property=\"og:image:width\" content=\"1500\" \/>\n\t<meta property=\"og:image:height\" content=\"1500\" \/>\n\t<meta property=\"og:image:type\" content=\"image\/jpeg\" \/>\n<meta name=\"twitter:card\" content=\"summary_large_image\" \/>\n<meta name=\"twitter:label1\" content=\"Dur\u00e9e de lecture estim\u00e9e\" \/>\n\t<meta name=\"twitter:data1\" content=\"1 minute\" \/>\n<script type=\"application\/ld+json\" class=\"yoast-schema-graph\">{\"@context\":\"https:\\\/\\\/schema.org\",\"@graph\":[{\"@type\":[\"WebPage\",\"ItemPage\"],\"@id\":\"https:\\\/\\\/madabouthorror.co.uk\\\/product\\\/ghostbusters-light-up-no-ghosts-sign\\\/\",\"url\":\"https:\\\/\\\/madabouthorror.co.uk\\\/product\\\/ghostbusters-light-up-no-ghosts-sign\\\/\",\"name\":\"Ghostbusters Sign - Light Up No Ghosts | Mad About Horror, UK Stock\",\"isPartOf\":{\"@id\":\"https:\\\/\\\/madabouthorror.co.uk\\\/#website\"},\"primaryImageOfPage\":{\"@id\":\"https:\\\/\\\/madabouthorror.co.uk\\\/product\\\/ghostbusters-light-up-no-ghosts-sign\\\/#primaryimage\"},\"image\":{\"@id\":\"https:\\\/\\\/madabouthorror.co.uk\\\/product\\\/ghostbusters-light-up-no-ghosts-sign\\\/#primaryimage\"},\"thumbnailUrl\":\"https:\\\/\\\/madabouthorror.co.uk\\\/wp-content\\\/uploads\\\/2024\\\/02\\\/t2-ots-ghostbusters-light-up-no-ghost-sign.jpg\",\"datePublished\":\"2024-02-07T12:45:07+00:00\",\"dateModified\":\"2026-04-24T13:03:43+00:00\",\"description\":\"Ghostbusters Sign - Light Up No Ghosts. Offical UK Stockist of Trick or Treat Studios. Huge range of Ghostbusters Collectibles avabilale. UK Stock.\",\"breadcrumb\":{\"@id\":\"https:\\\/\\\/madabouthorror.co.uk\\\/product\\\/ghostbusters-light-up-no-ghosts-sign\\\/#breadcrumb\"},\"inLanguage\":\"fr-FR\",\"potentialAction\":[{\"@type\":\"ReadAction\",\"target\":[\"https:\\\/\\\/madabouthorror.co.uk\\\/product\\\/ghostbusters-light-up-no-ghosts-sign\\\/\"]}]},{\"@type\":\"ImageObject\",\"inLanguage\":\"fr-FR\",\"@id\":\"https:\\\/\\\/madabouthorror.co.uk\\\/product\\\/ghostbusters-light-up-no-ghosts-sign\\\/#primaryimage\",\"url\":\"https:\\\/\\\/madabouthorror.co.uk\\\/wp-content\\\/uploads\\\/2024\\\/02\\\/t2-ots-ghostbusters-light-up-no-ghost-sign.jpg\",\"contentUrl\":\"https:\\\/\\\/madabouthorror.co.uk\\\/wp-content\\\/uploads\\\/2024\\\/02\\\/t2-ots-ghostbusters-light-up-no-ghost-sign.jpg\",\"width\":1500,\"height\":1500,\"caption\":\"ghostbusters light up no ghost sign\"},{\"@type\":\"BreadcrumbList\",\"@id\":\"https:\\\/\\\/madabouthorror.co.uk\\\/product\\\/ghostbusters-light-up-no-ghosts-sign\\\/#breadcrumb\",\"itemListElement\":[{\"@type\":\"ListItem\",\"position\":1,\"name\":\"Shop\",\"item\":\"https:\\\/\\\/madabouthorror.co.uk\\\/shop\\\/\"},{\"@type\":\"ListItem\",\"position\":2,\"name\":\"Ghostbusters Sign &#8211; Light Up No Ghosts\"}]},{\"@type\":\"WebSite\",\"@id\":\"https:\\\/\\\/madabouthorror.co.uk\\\/#website\",\"url\":\"https:\\\/\\\/madabouthorror.co.uk\\\/\",\"name\":\"Mad About Horror\",\"description\":\"\",\"publisher\":{\"@id\":\"https:\\\/\\\/madabouthorror.co.uk\\\/#organization\"},\"alternateName\":\"Mad About Horror Limited\",\"potentialAction\":[{\"@type\":\"SearchAction\",\"target\":{\"@type\":\"EntryPoint\",\"urlTemplate\":\"https:\\\/\\\/madabouthorror.co.uk\\\/?s={search_term_string}\"},\"query-input\":{\"@type\":\"PropertyValueSpecification\",\"valueRequired\":true,\"valueName\":\"search_term_string\"}}],\"inLanguage\":\"fr-FR\"},{\"@type\":\"Organization\",\"@id\":\"https:\\\/\\\/madabouthorror.co.uk\\\/#organization\",\"name\":\"Mad About Horror\",\"url\":\"https:\\\/\\\/madabouthorror.co.uk\\\/\",\"logo\":{\"@type\":\"ImageObject\",\"inLanguage\":\"fr-FR\",\"@id\":\"https:\\\/\\\/madabouthorror.co.uk\\\/#\\\/schema\\\/logo\\\/image\\\/\",\"url\":\"https:\\\/\\\/madabouthorror.co.uk\\\/wp-content\\\/uploads\\\/2024\\\/02\\\/cropped-Logo.png\",\"contentUrl\":\"https:\\\/\\\/madabouthorror.co.uk\\\/wp-content\\\/uploads\\\/2024\\\/02\\\/cropped-Logo.png\",\"width\":240,\"height\":88,\"caption\":\"Mad About Horror\"},\"image\":{\"@id\":\"https:\\\/\\\/madabouthorror.co.uk\\\/#\\\/schema\\\/logo\\\/image\\\/\"},\"sameAs\":[\"https:\\\/\\\/www.facebook.com\\\/madabouthorror\\\/\",\"https:\\\/\\\/www.instagram.com\\\/madabouthorror\\\/\",\"https:\\\/\\\/www.pinterest.co.uk\\\/madabouthorror\\\/\",\"https:\\\/\\\/www.youtube.com\\\/channel\\\/UCBooLOIxjoQ89dj6T5lWm_w\",\"https:\\\/\\\/www.tiktok.com\\\/@weremadabouthorror\"]}]}<\/script>\n<!-- \/ Yoast SEO plugin. -->","yoast_head_json":{"title":"Panneau Ghostbusters - Lumi\u00e8re Nos Fant\u00f4mes | Mad About Horror, Stock UK","description":"Panneau Ghostbusters - Ne pas d\u00e9ranger les fant\u00f4mes lumineux. Revendeur officiel au Royaume-Uni de Trick or Treat Studios. \u00c9norme gamme de produits de collection Ghostbusters disponibles. Stock au Royaume-Uni.","robots":{"index":"index","follow":"follow","max-snippet":"max-snippet:-1","max-image-preview":"max-image-preview:large","max-video-preview":"max-video-preview:-1"},"canonical":"https:\/\/madabouthorror.co.uk\/fr\/product\/ghostbusters-light-up-no-ghosts-sign\/","og_locale":"fr_FR","og_type":"article","og_title":"Ghostbusters Sign - Light Up No Ghosts | Mad About Horror, UK Stock","og_description":"Ghostbusters Sign - Light Up No Ghosts. Offical UK Stockist of Trick or Treat Studios. Huge range of Ghostbusters Collectibles avabilale. UK Stock.","og_url":"https:\/\/madabouthorror.co.uk\/fr\/product\/ghostbusters-light-up-no-ghosts-sign\/","og_site_name":"Mad About Horror","article_publisher":"https:\/\/www.facebook.com\/madabouthorror\/","article_modified_time":"2026-04-24T13:03:43+00:00","og_image":[{"width":1500,"height":1500,"url":"https:\/\/madabouthorror.co.uk\/wp-content\/uploads\/2024\/02\/t2-ots-ghostbusters-light-up-no-ghost-sign.jpg","type":"image\/jpeg"}],"twitter_card":"summary_large_image","twitter_misc":{"Dur\u00e9e de lecture estim\u00e9e":"1 minute"},"schema":{"@context":"https:\/\/schema.org","@graph":[{"@type":["WebPage","ItemPage"],"@id":"https:\/\/madabouthorror.co.uk\/product\/ghostbusters-light-up-no-ghosts-sign\/","url":"https:\/\/madabouthorror.co.uk\/product\/ghostbusters-light-up-no-ghosts-sign\/","name":"Panneau Ghostbusters - Lumi\u00e8re Nos Fant\u00f4mes | Mad About Horror, Stock UK","isPartOf":{"@id":"https:\/\/madabouthorror.co.uk\/#website"},"primaryImageOfPage":{"@id":"https:\/\/madabouthorror.co.uk\/product\/ghostbusters-light-up-no-ghosts-sign\/#primaryimage"},"image":{"@id":"https:\/\/madabouthorror.co.uk\/product\/ghostbusters-light-up-no-ghosts-sign\/#primaryimage"},"thumbnailUrl":"https:\/\/madabouthorror.co.uk\/wp-content\/uploads\/2024\/02\/t2-ots-ghostbusters-light-up-no-ghost-sign.jpg","datePublished":"2024-02-07T12:45:07+00:00","dateModified":"2026-04-24T13:03:43+00:00","description":"Panneau Ghostbusters - Ne pas d\u00e9ranger les fant\u00f4mes lumineux. Revendeur officiel au Royaume-Uni de Trick or Treat Studios. \u00c9norme gamme de produits de collection Ghostbusters disponibles. Stock au Royaume-Uni.","breadcrumb":{"@id":"https:\/\/madabouthorror.co.uk\/product\/ghostbusters-light-up-no-ghosts-sign\/#breadcrumb"},"inLanguage":"fr-FR","potentialAction":[{"@type":"ReadAction","target":["https:\/\/madabouthorror.co.uk\/product\/ghostbusters-light-up-no-ghosts-sign\/"]}]},{"@type":"ImageObject","inLanguage":"fr-FR","@id":"https:\/\/madabouthorror.co.uk\/product\/ghostbusters-light-up-no-ghosts-sign\/#primaryimage","url":"https:\/\/madabouthorror.co.uk\/wp-content\/uploads\/2024\/02\/t2-ots-ghostbusters-light-up-no-ghost-sign.jpg","contentUrl":"https:\/\/madabouthorror.co.uk\/wp-content\/uploads\/2024\/02\/t2-ots-ghostbusters-light-up-no-ghost-sign.jpg","width":1500,"height":1500,"caption":"ghostbusters light up no ghost sign"},{"@type":"BreadcrumbList","@id":"https:\/\/madabouthorror.co.uk\/product\/ghostbusters-light-up-no-ghosts-sign\/#breadcrumb","itemListElement":[{"@type":"ListItem","position":1,"name":"Shop","item":"https:\/\/madabouthorror.co.uk\/shop\/"},{"@type":"ListItem","position":2,"name":"Ghostbusters Sign &#8211; Light Up No Ghosts"}]},{"@type":"WebSite","@id":"https:\/\/madabouthorror.co.uk\/#website","url":"https:\/\/madabouthorror.co.uk\/","name":"L'horreur en folie","description":"","publisher":{"@id":"https:\/\/madabouthorror.co.uk\/#organization"},"alternateName":"Mad About Horror Limited","potentialAction":[{"@type":"SearchAction","target":{"@type":"EntryPoint","urlTemplate":"https:\/\/madabouthorror.co.uk\/?s={search_term_string}"},"query-input":{"@type":"PropertyValueSpecification","valueRequired":true,"valueName":"search_term_string"}}],"inLanguage":"fr-FR"},{"@type":"Organization","@id":"https:\/\/madabouthorror.co.uk\/#organization","name":"L'horreur en folie","url":"https:\/\/madabouthorror.co.uk\/","logo":{"@type":"ImageObject","inLanguage":"fr-FR","@id":"https:\/\/madabouthorror.co.uk\/#\/schema\/logo\/image\/","url":"https:\/\/madabouthorror.co.uk\/wp-content\/uploads\/2024\/02\/cropped-Logo.png","contentUrl":"https:\/\/madabouthorror.co.uk\/wp-content\/uploads\/2024\/02\/cropped-Logo.png","width":240,"height":88,"caption":"Mad About Horror"},"image":{"@id":"https:\/\/madabouthorror.co.uk\/#\/schema\/logo\/image\/"},"sameAs":["https:\/\/www.facebook.com\/madabouthorror\/","https:\/\/www.instagram.com\/madabouthorror\/","https:\/\/www.pinterest.co.uk\/madabouthorror\/","https:\/\/www.youtube.com\/channel\/UCBooLOIxjoQ89dj6T5lWm_w","https:\/\/www.tiktok.com\/@weremadabouthorror"]}]}},"df_price":99.95,"df_sale_price":99.95,"df_regular_price":109.95,"df_image_link":"https:\/\/madabouthorror.co.uk\/wp-content\/uploads\/2024\/02\/t2-ots-ghostbusters-light-up-no-ghost-sign-300x300.jpg","_links":{"self":[{"href":"https:\/\/madabouthorror.co.uk\/fr\/wp-json\/wp\/v2\/product\/473444","targetHints":{"allow":["GET"]}}],"collection":[{"href":"https:\/\/madabouthorror.co.uk\/fr\/wp-json\/wp\/v2\/product"}],"about":[{"href":"https:\/\/madabouthorror.co.uk\/fr\/wp-json\/wp\/v2\/types\/product"}],"replies":[{"embeddable":true,"href":"https:\/\/madabouthorror.co.uk\/fr\/wp-json\/wp\/v2\/comments?post=473444"}],"wp:featuredmedia":[{"embeddable":true,"href":"https:\/\/madabouthorror.co.uk\/fr\/wp-json\/wp\/v2\/media\/480366"}],"wp:attachment":[{"href":"https:\/\/madabouthorror.co.uk\/fr\/wp-json\/wp\/v2\/media?parent=473444"}],"wp:term":[{"taxonomy":"product_brand","embeddable":true,"href":"https:\/\/madabouthorror.co.uk\/fr\/wp-json\/wp\/v2\/product_brand?post=473444"},{"taxonomy":"product_cat","embeddable":true,"href":"https:\/\/madabouthorror.co.uk\/fr\/wp-json\/wp\/v2\/product_cat?post=473444"},{"taxonomy":"product_tag","embeddable":true,"href":"https:\/\/madabouthorror.co.uk\/fr\/wp-json\/wp\/v2\/product_tag?post=473444"}],"curies":[{"name":"wp","href":"https:\/\/api.w.org\/{rel}","templated":true}]}}