{"id":47348,"date":"2021-03-08T17:49:42","date_gmt":"2021-03-08T17:49:42","guid":{"rendered":"https:\/\/mah.6bdv.ws\/product\/lunging-witch-with-digiteyes-animated-prop\/"},"modified":"2025-11-20T12:47:00","modified_gmt":"2025-11-20T12:47:00","slug":"lunging-witch-with-digiteyes-animated-prop","status":"publish","type":"product","link":"https:\/\/madabouthorror.co.uk\/fr\/product\/lunging-witch-with-digiteyes-animated-prop\/","title":{"rendered":"Sorci\u00e8re \u00e0 poumons avec DIGITEYES Accessoire anim\u00e9"},"content":{"rendered":"<p>Avec la technologie DigitEyes !<\/p>\n<ul>\n<li class=\"ng-binding ng-scope\" style=\"box-sizing: border-box; list-style: square; line-height: 25px; border-top-left-radius: 0px !important; border-top-right-radius: 0px !important; border-bottom-right-radius: 0px !important; border-bottom-left-radius: 0px !important;\">Sa position grandeur nature attire les regards de tous ceux qui osent la croiser.<\/li>\n<li class=\"ng-binding ng-scope\" style=\"box-sizing: border-box; list-style: square; line-height: 25px; border-top-left-radius: 0px !important; border-top-right-radius: 0px !important; border-bottom-right-radius: 0px !important; border-bottom-left-radius: 0px !important;\">Les yeux anim\u00e9s utilisant la technologie brevet\u00e9e DigitEye regardent autour d'eux, cr\u00e9ant un aspect r\u00e9aliste sans pr\u00e9c\u00e9dent.<\/li>\n<li class=\"ng-binding ng-scope\" style=\"box-sizing: border-box; list-style: square; line-height: 25px; border-top-left-radius: 0px !important; border-top-right-radius: 0px !important; border-bottom-right-radius: 0px !important; border-bottom-left-radius: 0px !important;\">Comprend 3 options d'activation et un contr\u00f4le du volume<\/li>\n<\/ul>\n<p>L'ultime d\u00e9coration d'Halloween, qui ne manquera pas de faire parler d'elle ! Recommand\u00e9 pour une utilisation \u00e0 l'int\u00e9rieur ou sous un porche couvert uniquement.<\/p>\n<p><b>Fourni avec un adaptateur secteur britannique<\/b>. <i>N'utilisez que l'adaptateur d'alimentation fourni, car les adaptateurs d'alimentation incorrects peuvent causer des dommages.<\/i><\/p>\n<div>\n<div><b>Pour le porche couvert ou l'int\u00e9rieur.<\/b> <i>Prot\u00e9ger des intemp\u00e9ries en cas d'utilisation \u00e0 l'ext\u00e9rieur et ne pas laisser \u00e0 l'ext\u00e9rieur pendant des p\u00e9riodes prolong\u00e9es.<\/i><\/div>\n<div><\/div>\n<div><b>A noter :<\/b><i> Ces accessoires ne sont pas recommand\u00e9s pour un usage commercial intensif, c'est-\u00e0-dire qu'ils ne doivent pas \u00eatre utilis\u00e9s pendant des p\u00e9riodes prolong\u00e9es, c'est-\u00e0-dire plusieurs jours d'affil\u00e9e. Ils sont con\u00e7us pour \u00eatre utilis\u00e9s \u00e0 l'occasion d'Halloween. Si vous avez des questions \u00e0 ce sujet, n'h\u00e9sitez pas \u00e0 les poser.<\/i><\/div>\n<\/div>\n<p>&nbsp;<\/p>\n<p>&nbsp;<\/p>\n<p>&nbsp;<\/p>","protected":false},"excerpt":{"rendered":"<p>Avec la technologie DigitEyes ! Sa position grandeur nature attire les regards de tous ceux qui osent la croiser. Les yeux anim\u00e9s utilisant la technologie brevet\u00e9e DigitEye regardent autour d'eux, cr\u00e9ant une apparence r\u00e9aliste sans pr\u00e9c\u00e9dent. 3 options d'activation et contr\u00f4le du volume inclus. La d\u00e9coration d'Halloween ultime et s\u00fbre d'\u00eatre un point de discussion majeur ! Recommand\u00e9 pour les porches int\u00e9rieurs ou couverts [...]<\/p>","protected":false},"featured_media":543673,"comment_status":"closed","ping_status":"closed","template":"","meta":{"_acf_changed":false},"product_brand":[],"product_cat":[10068,10131,10108,10093,10033,10094,6547,6963,6596,7055],"product_tag":[],"class_list":{"0":"post-47348","1":"product","2":"type-product","3":"status-publish","4":"has-post-thumbnail","6":"product_cat-halloween-decorations-2025","7":"product_cat-halloween-gifts","8":"product_cat-light-up-halloween-decorations","9":"product_cat-indoor-halloween-decorations","10":"product_cat-jump-scare","11":"product_cat-outdoor-halloween-decorations","12":"product_cat-decorations","13":"product_cat-animatronics","14":"product_cat-witch-decorations","15":"product_cat-animated-props-witches","16":"product_shipping_class-props","18":"first","19":"instock","20":"taxable","21":"shipping-taxable","22":"purchasable","23":"product-type-simple"},"supplier_id":467908,"supplier_sku":"MR124911","barcode":"842445145782","atum_controlled":true,"out_stock_date":null,"out_stock_threshold":null,"inheritable":false,"inbound_stock":6,"stock_on_hold":0,"sold_today":0,"sales_last_days":0,"reserved_stock":0,"customer_returns":0,"warehouse_damage":0,"lost_in_post":0,"other_logs":0,"out_stock_days":0,"lost_sales":0,"has_location":false,"update_date":"2026-04-07T01:11:47","atum_locations":[],"atum_stock_status":"instock","restock_status":false,"low_stock_amount":"","sales_update_date":"2026-04-07T01:11:46","calc_backorders":null,"acf":[],"yoast_head":"<!-- This site is optimized with the Yoast SEO plugin v27.3 - https:\/\/yoast.com\/product\/yoast-seo-wordpress\/ -->\n<title>Lunging Witch with Digiteyes Animated Prop<\/title>\n<meta name=\"description\" content=\"DigitEyes Lunging Animated Prop - The UK&#039;s leading Halloween &amp; Horror specialist - Huge range. Europe\u2019s leading Horror Specialist.\" \/>\n<meta name=\"robots\" content=\"index, follow, max-snippet:-1, max-image-preview:large, max-video-preview:-1\" \/>\n<link rel=\"canonical\" href=\"https:\/\/madabouthorror.co.uk\/fr\/product\/lunging-witch-with-digiteyes-animated-prop\/\" \/>\n<meta property=\"og:locale\" content=\"fr_FR\" \/>\n<meta property=\"og:type\" content=\"article\" \/>\n<meta property=\"og:title\" content=\"Lunging Witch with Digiteyes Animated Prop\" \/>\n<meta property=\"og:description\" content=\"DigitEyes Lunging Animated Prop - The UK&#039;s leading Halloween &amp; Horror specialist - Huge range. Europe\u2019s leading Horror Specialist.\" \/>\n<meta property=\"og:url\" content=\"https:\/\/madabouthorror.co.uk\/fr\/product\/lunging-witch-with-digiteyes-animated-prop\/\" \/>\n<meta property=\"og:site_name\" content=\"Mad About Horror\" \/>\n<meta property=\"article:publisher\" content=\"https:\/\/www.facebook.com\/madabouthorror\/\" \/>\n<meta property=\"article:modified_time\" content=\"2025-11-20T12:47:00+00:00\" \/>\n<meta property=\"og:image\" content=\"https:\/\/madabouthorror.co.uk\/wp-content\/uploads\/2021\/03\/Landingpagecircles-2copy4-ezgif.com-gif-to-webp-converter.webp\" \/>\n\t<meta property=\"og:image:width\" content=\"800\" \/>\n\t<meta property=\"og:image:height\" content=\"800\" \/>\n\t<meta property=\"og:image:type\" content=\"image\/webp\" \/>\n<meta name=\"twitter:card\" content=\"summary_large_image\" \/>\n<meta name=\"twitter:label1\" content=\"Dur\u00e9e de lecture estim\u00e9e\" \/>\n\t<meta name=\"twitter:data1\" content=\"1 minute\" \/>\n<script type=\"application\/ld+json\" class=\"yoast-schema-graph\">{\"@context\":\"https:\\\/\\\/schema.org\",\"@graph\":[{\"@type\":[\"WebPage\",\"ItemPage\"],\"@id\":\"https:\\\/\\\/madabouthorror.co.uk\\\/product\\\/lunging-witch-with-digiteyes-animated-prop\\\/\",\"url\":\"https:\\\/\\\/madabouthorror.co.uk\\\/product\\\/lunging-witch-with-digiteyes-animated-prop\\\/\",\"name\":\"Lunging Witch with Digiteyes Animated Prop\",\"isPartOf\":{\"@id\":\"https:\\\/\\\/madabouthorror.co.uk\\\/#website\"},\"primaryImageOfPage\":{\"@id\":\"https:\\\/\\\/madabouthorror.co.uk\\\/product\\\/lunging-witch-with-digiteyes-animated-prop\\\/#primaryimage\"},\"image\":{\"@id\":\"https:\\\/\\\/madabouthorror.co.uk\\\/product\\\/lunging-witch-with-digiteyes-animated-prop\\\/#primaryimage\"},\"thumbnailUrl\":\"https:\\\/\\\/madabouthorror.co.uk\\\/wp-content\\\/uploads\\\/2021\\\/03\\\/Landingpagecircles-2copy4-ezgif.com-gif-to-webp-converter.webp\",\"datePublished\":\"2021-03-08T17:49:42+00:00\",\"dateModified\":\"2025-11-20T12:47:00+00:00\",\"description\":\"DigitEyes Lunging Animated Prop - The UK's leading Halloween & Horror specialist - Huge range. Europe\u2019s leading Horror Specialist.\",\"breadcrumb\":{\"@id\":\"https:\\\/\\\/madabouthorror.co.uk\\\/product\\\/lunging-witch-with-digiteyes-animated-prop\\\/#breadcrumb\"},\"inLanguage\":\"fr-FR\",\"potentialAction\":[{\"@type\":\"ReadAction\",\"target\":[\"https:\\\/\\\/madabouthorror.co.uk\\\/product\\\/lunging-witch-with-digiteyes-animated-prop\\\/\"]}]},{\"@type\":\"ImageObject\",\"inLanguage\":\"fr-FR\",\"@id\":\"https:\\\/\\\/madabouthorror.co.uk\\\/product\\\/lunging-witch-with-digiteyes-animated-prop\\\/#primaryimage\",\"url\":\"https:\\\/\\\/madabouthorror.co.uk\\\/wp-content\\\/uploads\\\/2021\\\/03\\\/Landingpagecircles-2copy4-ezgif.com-gif-to-webp-converter.webp\",\"contentUrl\":\"https:\\\/\\\/madabouthorror.co.uk\\\/wp-content\\\/uploads\\\/2021\\\/03\\\/Landingpagecircles-2copy4-ezgif.com-gif-to-webp-converter.webp\",\"width\":800,\"height\":800,\"caption\":\"DigitEyes Lunging Animated Prop\"},{\"@type\":\"BreadcrumbList\",\"@id\":\"https:\\\/\\\/madabouthorror.co.uk\\\/product\\\/lunging-witch-with-digiteyes-animated-prop\\\/#breadcrumb\",\"itemListElement\":[{\"@type\":\"ListItem\",\"position\":1,\"name\":\"Shop\",\"item\":\"https:\\\/\\\/madabouthorror.co.uk\\\/shop\\\/\"},{\"@type\":\"ListItem\",\"position\":2,\"name\":\"Lunging Witch with DIGITEYES Animated Prop\"}]},{\"@type\":\"WebSite\",\"@id\":\"https:\\\/\\\/madabouthorror.co.uk\\\/#website\",\"url\":\"https:\\\/\\\/madabouthorror.co.uk\\\/\",\"name\":\"Mad About Horror\",\"description\":\"\",\"publisher\":{\"@id\":\"https:\\\/\\\/madabouthorror.co.uk\\\/#organization\"},\"alternateName\":\"Mad About Horror Limited\",\"potentialAction\":[{\"@type\":\"SearchAction\",\"target\":{\"@type\":\"EntryPoint\",\"urlTemplate\":\"https:\\\/\\\/madabouthorror.co.uk\\\/?s={search_term_string}\"},\"query-input\":{\"@type\":\"PropertyValueSpecification\",\"valueRequired\":true,\"valueName\":\"search_term_string\"}}],\"inLanguage\":\"fr-FR\"},{\"@type\":\"Organization\",\"@id\":\"https:\\\/\\\/madabouthorror.co.uk\\\/#organization\",\"name\":\"Mad About Horror\",\"url\":\"https:\\\/\\\/madabouthorror.co.uk\\\/\",\"logo\":{\"@type\":\"ImageObject\",\"inLanguage\":\"fr-FR\",\"@id\":\"https:\\\/\\\/madabouthorror.co.uk\\\/#\\\/schema\\\/logo\\\/image\\\/\",\"url\":\"https:\\\/\\\/madabouthorror.co.uk\\\/wp-content\\\/uploads\\\/2024\\\/02\\\/cropped-Logo.png\",\"contentUrl\":\"https:\\\/\\\/madabouthorror.co.uk\\\/wp-content\\\/uploads\\\/2024\\\/02\\\/cropped-Logo.png\",\"width\":240,\"height\":88,\"caption\":\"Mad About Horror\"},\"image\":{\"@id\":\"https:\\\/\\\/madabouthorror.co.uk\\\/#\\\/schema\\\/logo\\\/image\\\/\"},\"sameAs\":[\"https:\\\/\\\/www.facebook.com\\\/madabouthorror\\\/\",\"https:\\\/\\\/www.instagram.com\\\/madabouthorror\\\/\",\"https:\\\/\\\/www.pinterest.co.uk\\\/madabouthorror\\\/\",\"https:\\\/\\\/www.youtube.com\\\/channel\\\/UCBooLOIxjoQ89dj6T5lWm_w\",\"https:\\\/\\\/www.tiktok.com\\\/@weremadabouthorror\"]}]}<\/script>\n<!-- \/ Yoast SEO plugin. -->","yoast_head_json":{"title":"Sorci\u00e8re avec yeux digitaux Prop anim\u00e9","description":"Accessoire anim\u00e9 DigitEyes Lunging - Le sp\u00e9cialiste britannique de l'Halloween et de l'\u00e9pouvante - Une large gamme. Le premier sp\u00e9cialiste europ\u00e9en de l'horreur.","robots":{"index":"index","follow":"follow","max-snippet":"max-snippet:-1","max-image-preview":"max-image-preview:large","max-video-preview":"max-video-preview:-1"},"canonical":"https:\/\/madabouthorror.co.uk\/fr\/product\/lunging-witch-with-digiteyes-animated-prop\/","og_locale":"fr_FR","og_type":"article","og_title":"Lunging Witch with Digiteyes Animated Prop","og_description":"DigitEyes Lunging Animated Prop - The UK's leading Halloween & Horror specialist - Huge range. Europe\u2019s leading Horror Specialist.","og_url":"https:\/\/madabouthorror.co.uk\/fr\/product\/lunging-witch-with-digiteyes-animated-prop\/","og_site_name":"Mad About Horror","article_publisher":"https:\/\/www.facebook.com\/madabouthorror\/","article_modified_time":"2025-11-20T12:47:00+00:00","og_image":[{"url":"https:\/\/madabouthorror.co.uk\/wp-content\/uploads\/2021\/03\/Landingpagecircles-2copy4-ezgif.com-gif-to-webp-converter.webp","width":800,"height":800,"type":"image\/webp"}],"twitter_card":"summary_large_image","twitter_misc":{"Dur\u00e9e de lecture estim\u00e9e":"1 minute"},"schema":{"@context":"https:\/\/schema.org","@graph":[{"@type":["WebPage","ItemPage"],"@id":"https:\/\/madabouthorror.co.uk\/product\/lunging-witch-with-digiteyes-animated-prop\/","url":"https:\/\/madabouthorror.co.uk\/product\/lunging-witch-with-digiteyes-animated-prop\/","name":"Sorci\u00e8re avec yeux digitaux Prop anim\u00e9","isPartOf":{"@id":"https:\/\/madabouthorror.co.uk\/#website"},"primaryImageOfPage":{"@id":"https:\/\/madabouthorror.co.uk\/product\/lunging-witch-with-digiteyes-animated-prop\/#primaryimage"},"image":{"@id":"https:\/\/madabouthorror.co.uk\/product\/lunging-witch-with-digiteyes-animated-prop\/#primaryimage"},"thumbnailUrl":"https:\/\/madabouthorror.co.uk\/wp-content\/uploads\/2021\/03\/Landingpagecircles-2copy4-ezgif.com-gif-to-webp-converter.webp","datePublished":"2021-03-08T17:49:42+00:00","dateModified":"2025-11-20T12:47:00+00:00","description":"Accessoire anim\u00e9 DigitEyes Lunging - Le sp\u00e9cialiste britannique de l'Halloween et de l'\u00e9pouvante - Une large gamme. Le premier sp\u00e9cialiste europ\u00e9en de l'horreur.","breadcrumb":{"@id":"https:\/\/madabouthorror.co.uk\/product\/lunging-witch-with-digiteyes-animated-prop\/#breadcrumb"},"inLanguage":"fr-FR","potentialAction":[{"@type":"ReadAction","target":["https:\/\/madabouthorror.co.uk\/product\/lunging-witch-with-digiteyes-animated-prop\/"]}]},{"@type":"ImageObject","inLanguage":"fr-FR","@id":"https:\/\/madabouthorror.co.uk\/product\/lunging-witch-with-digiteyes-animated-prop\/#primaryimage","url":"https:\/\/madabouthorror.co.uk\/wp-content\/uploads\/2021\/03\/Landingpagecircles-2copy4-ezgif.com-gif-to-webp-converter.webp","contentUrl":"https:\/\/madabouthorror.co.uk\/wp-content\/uploads\/2021\/03\/Landingpagecircles-2copy4-ezgif.com-gif-to-webp-converter.webp","width":800,"height":800,"caption":"DigitEyes Lunging Animated Prop"},{"@type":"BreadcrumbList","@id":"https:\/\/madabouthorror.co.uk\/product\/lunging-witch-with-digiteyes-animated-prop\/#breadcrumb","itemListElement":[{"@type":"ListItem","position":1,"name":"Shop","item":"https:\/\/madabouthorror.co.uk\/shop\/"},{"@type":"ListItem","position":2,"name":"Lunging Witch with DIGITEYES Animated Prop"}]},{"@type":"WebSite","@id":"https:\/\/madabouthorror.co.uk\/#website","url":"https:\/\/madabouthorror.co.uk\/","name":"L'horreur en folie","description":"","publisher":{"@id":"https:\/\/madabouthorror.co.uk\/#organization"},"alternateName":"Mad About Horror Limited","potentialAction":[{"@type":"SearchAction","target":{"@type":"EntryPoint","urlTemplate":"https:\/\/madabouthorror.co.uk\/?s={search_term_string}"},"query-input":{"@type":"PropertyValueSpecification","valueRequired":true,"valueName":"search_term_string"}}],"inLanguage":"fr-FR"},{"@type":"Organization","@id":"https:\/\/madabouthorror.co.uk\/#organization","name":"L'horreur en folie","url":"https:\/\/madabouthorror.co.uk\/","logo":{"@type":"ImageObject","inLanguage":"fr-FR","@id":"https:\/\/madabouthorror.co.uk\/#\/schema\/logo\/image\/","url":"https:\/\/madabouthorror.co.uk\/wp-content\/uploads\/2024\/02\/cropped-Logo.png","contentUrl":"https:\/\/madabouthorror.co.uk\/wp-content\/uploads\/2024\/02\/cropped-Logo.png","width":240,"height":88,"caption":"Mad About Horror"},"image":{"@id":"https:\/\/madabouthorror.co.uk\/#\/schema\/logo\/image\/"},"sameAs":["https:\/\/www.facebook.com\/madabouthorror\/","https:\/\/www.instagram.com\/madabouthorror\/","https:\/\/www.pinterest.co.uk\/madabouthorror\/","https:\/\/www.youtube.com\/channel\/UCBooLOIxjoQ89dj6T5lWm_w","https:\/\/www.tiktok.com\/@weremadabouthorror"]}]}},"df_price":364.53,"df_sale_price":"","df_regular_price":364.53,"df_image_link":"https:\/\/madabouthorror.co.uk\/wp-content\/uploads\/2021\/03\/Landingpagecircles-2copy4-ezgif.com-gif-to-webp-converter-300x300.webp","_links":{"self":[{"href":"https:\/\/madabouthorror.co.uk\/fr\/wp-json\/wp\/v2\/product\/47348","targetHints":{"allow":["GET"]}}],"collection":[{"href":"https:\/\/madabouthorror.co.uk\/fr\/wp-json\/wp\/v2\/product"}],"about":[{"href":"https:\/\/madabouthorror.co.uk\/fr\/wp-json\/wp\/v2\/types\/product"}],"replies":[{"embeddable":true,"href":"https:\/\/madabouthorror.co.uk\/fr\/wp-json\/wp\/v2\/comments?post=47348"}],"wp:featuredmedia":[{"embeddable":true,"href":"https:\/\/madabouthorror.co.uk\/fr\/wp-json\/wp\/v2\/media\/543673"}],"wp:attachment":[{"href":"https:\/\/madabouthorror.co.uk\/fr\/wp-json\/wp\/v2\/media?parent=47348"}],"wp:term":[{"taxonomy":"product_brand","embeddable":true,"href":"https:\/\/madabouthorror.co.uk\/fr\/wp-json\/wp\/v2\/product_brand?post=47348"},{"taxonomy":"product_cat","embeddable":true,"href":"https:\/\/madabouthorror.co.uk\/fr\/wp-json\/wp\/v2\/product_cat?post=47348"},{"taxonomy":"product_tag","embeddable":true,"href":"https:\/\/madabouthorror.co.uk\/fr\/wp-json\/wp\/v2\/product_tag?post=47348"}],"curies":[{"name":"wp","href":"https:\/\/api.w.org\/{rel}","templated":true}]}}