{"id":47357,"date":"2021-03-09T12:59:12","date_gmt":"2021-03-09T12:59:12","guid":{"rendered":"https:\/\/mah.6bdv.ws\/product\/36-twisting-zombie-animated-prop\/"},"modified":"2025-11-20T12:53:26","modified_gmt":"2025-11-20T12:53:26","slug":"36-twisting-zombie-animated-prop","status":"publish","type":"product","link":"https:\/\/madabouthorror.co.uk\/fr\/product\/36-twisting-zombie-animated-prop\/","title":{"rendered":"Propulsion anim\u00e9e de zombies tordus de 3 pieds"},"content":{"rendered":"<p>Cet animatronic zombie tordant ajoute un mouvement qui fait froid dans le dos \u00e0 votre installation hant\u00e9e, semblant se tordre \u00e0 la recherche de sa prochaine victime. Ses bras mobiles peuvent \u00eatre ajust\u00e9s pour cr\u00e9er diff\u00e9rentes positions sinistres, ajoutant ainsi de la vari\u00e9t\u00e9 \u00e0 votre pr\u00e9sentation. Fonctionnant sur piles et con\u00e7u pour un usage int\u00e9rieur uniquement, cet animatronic zombie est id\u00e9al pour les maisons hant\u00e9es, les f\u00eates \u00e0 th\u00e8me ou la d\u00e9coration d'Halloween. Qu'il soit tapi dans un coin ou au centre de la sc\u00e8ne, ses mouvements inqui\u00e9tants et son \u00e9nergie de mort-vivant apportent une touche macabre \u00e0 toute sc\u00e8ne effrayante.<\/p>\n<p><b>Fourni avec un adaptateur secteur britannique<\/b>. <i>N'utilisez que l'adaptateur d'alimentation fourni, car les adaptateurs d'alimentation incorrects peuvent causer des dommages.<\/i><\/p>\n<div>\n<div><b>Pour le porche couvert ou l'int\u00e9rieur.<\/b> <i>Prot\u00e9ger des intemp\u00e9ries en cas d'utilisation \u00e0 l'ext\u00e9rieur et ne pas laisser \u00e0 l'ext\u00e9rieur pendant des p\u00e9riodes prolong\u00e9es.<\/i><\/div>\n<div><\/div>\n<div><b>A noter :<\/b><i> Ces accessoires ne sont pas recommand\u00e9s pour un usage commercial intensif, c'est-\u00e0-dire qu'ils ne doivent pas \u00eatre utilis\u00e9s pendant des p\u00e9riodes prolong\u00e9es, c'est-\u00e0-dire plusieurs jours d'affil\u00e9e. Ils sont con\u00e7us pour \u00eatre utilis\u00e9s \u00e0 l'occasion d'Halloween. Si vous avez des questions \u00e0 ce sujet, n'h\u00e9sitez pas \u00e0 les poser.<\/i><\/div>\n<\/div>\n<p>&nbsp;<\/p>\n<p>&nbsp;<\/p>\n<p>&nbsp;<\/p>","protected":false},"excerpt":{"rendered":"<p>Cet animatronic zombie tordant ajoute un mouvement qui fait froid dans le dos \u00e0 votre installation hant\u00e9e, semblant se tordre \u00e0 la recherche de sa prochaine victime. Ses bras mobiles peuvent \u00eatre ajust\u00e9s pour cr\u00e9er diff\u00e9rentes positions sinistres, ajoutant ainsi de la vari\u00e9t\u00e9 \u00e0 votre pr\u00e9sentation. Fonctionnant sur piles et con\u00e7u pour un usage int\u00e9rieur uniquement, cet animatronic zombie est id\u00e9al pour les maisons hant\u00e9es, les f\u00eates \u00e0 th\u00e8me ou les [...]<\/p>","protected":false},"featured_media":484003,"comment_status":"closed","ping_status":"closed","template":"","meta":{"_acf_changed":false},"product_brand":[],"product_cat":[10068,10131,10093,10094,6550,6547,6963,7051,7053],"product_tag":[],"class_list":{"0":"post-47357","1":"product","2":"type-product","3":"status-publish","4":"has-post-thumbnail","6":"product_cat-halloween-decorations-2025","7":"product_cat-halloween-gifts","8":"product_cat-indoor-halloween-decorations","9":"product_cat-outdoor-halloween-decorations","10":"product_cat-graveyard-decorations","11":"product_cat-decorations","12":"product_cat-animatronics","13":"product_cat-graveyard-animatronics","14":"product_cat-animated-props-zombies","15":"product_shipping_class-props","17":"first","18":"outofstock","19":"taxable","20":"shipping-taxable","21":"purchasable","22":"product-type-simple"},"supplier_id":467908,"supplier_sku":"TT60075","barcode":"669703600759","atum_controlled":true,"out_stock_date":"2025-06-02 16:51:13","out_stock_threshold":null,"inheritable":false,"inbound_stock":0,"stock_on_hold":0,"sold_today":0,"sales_last_days":0,"reserved_stock":0,"customer_returns":0,"warehouse_damage":0,"lost_in_post":0,"other_logs":0,"out_stock_days":331,"lost_sales":9452,"has_location":false,"update_date":"2026-04-30T00:36:20","atum_locations":[],"atum_stock_status":"outofstock","restock_status":false,"low_stock_amount":"","sales_update_date":"2026-04-30T00:36:19","calc_backorders":null,"acf":[],"yoast_head":"<!-- This site is optimized with the Yoast SEO plugin v27.5 - https:\/\/yoast.com\/product\/yoast-seo-wordpress\/ -->\n<title>Mad About Horror | 36&quot; Twisting Zombie Animated Prop<\/title>\n<meta name=\"description\" content=\"3ft Twisting Zombie Animatronic. Horror collectibles and Halloween props available from Madabouthorror, Europe\u2019s leading horror specialist.\" \/>\n<meta name=\"robots\" content=\"index, follow, max-snippet:-1, max-image-preview:large, max-video-preview:-1\" \/>\n<link rel=\"canonical\" href=\"https:\/\/madabouthorror.co.uk\/fr\/product\/36-twisting-zombie-animated-prop\/\" \/>\n<meta property=\"og:locale\" content=\"fr_FR\" \/>\n<meta property=\"og:type\" content=\"article\" \/>\n<meta property=\"og:title\" content=\"Mad About Horror | 36&quot; Twisting Zombie Animated Prop\" \/>\n<meta property=\"og:description\" content=\"3ft Twisting Zombie Animatronic. Horror collectibles and Halloween props available from Madabouthorror, Europe\u2019s leading horror specialist.\" \/>\n<meta property=\"og:url\" content=\"https:\/\/madabouthorror.co.uk\/fr\/product\/36-twisting-zombie-animated-prop\/\" \/>\n<meta property=\"og:site_name\" content=\"Mad About Horror\" \/>\n<meta property=\"article:publisher\" content=\"https:\/\/www.facebook.com\/madabouthorror\/\" \/>\n<meta property=\"article:modified_time\" content=\"2025-11-20T12:53:26+00:00\" \/>\n<meta property=\"og:image\" content=\"https:\/\/madabouthorror.co.uk\/wp-content\/uploads\/2021\/03\/36-twisting-zombie-animated-proptt60075-a03.jpeg\" \/>\n\t<meta property=\"og:image:width\" content=\"1500\" \/>\n\t<meta property=\"og:image:height\" content=\"1500\" \/>\n\t<meta property=\"og:image:type\" content=\"image\/jpeg\" \/>\n<meta name=\"twitter:card\" content=\"summary_large_image\" \/>\n<meta name=\"twitter:label1\" content=\"Dur\u00e9e de lecture estim\u00e9e\" \/>\n\t<meta name=\"twitter:data1\" content=\"1 minute\" \/>\n<script type=\"application\/ld+json\" class=\"yoast-schema-graph\">{\"@context\":\"https:\\\/\\\/schema.org\",\"@graph\":[{\"@type\":[\"WebPage\",\"ItemPage\"],\"@id\":\"https:\\\/\\\/madabouthorror.co.uk\\\/product\\\/36-twisting-zombie-animated-prop\\\/\",\"url\":\"https:\\\/\\\/madabouthorror.co.uk\\\/product\\\/36-twisting-zombie-animated-prop\\\/\",\"name\":\"Mad About Horror | 36\\\" Twisting Zombie Animated Prop\",\"isPartOf\":{\"@id\":\"https:\\\/\\\/madabouthorror.co.uk\\\/#website\"},\"primaryImageOfPage\":{\"@id\":\"https:\\\/\\\/madabouthorror.co.uk\\\/product\\\/36-twisting-zombie-animated-prop\\\/#primaryimage\"},\"image\":{\"@id\":\"https:\\\/\\\/madabouthorror.co.uk\\\/product\\\/36-twisting-zombie-animated-prop\\\/#primaryimage\"},\"thumbnailUrl\":\"https:\\\/\\\/madabouthorror.co.uk\\\/wp-content\\\/uploads\\\/2021\\\/03\\\/36-twisting-zombie-animated-proptt60075-a03.jpeg\",\"datePublished\":\"2021-03-09T12:59:12+00:00\",\"dateModified\":\"2025-11-20T12:53:26+00:00\",\"description\":\"3ft Twisting Zombie Animatronic. Horror collectibles and Halloween props available from Madabouthorror, Europe\u2019s leading horror specialist.\",\"breadcrumb\":{\"@id\":\"https:\\\/\\\/madabouthorror.co.uk\\\/product\\\/36-twisting-zombie-animated-prop\\\/#breadcrumb\"},\"inLanguage\":\"fr-FR\",\"potentialAction\":[{\"@type\":\"ReadAction\",\"target\":[\"https:\\\/\\\/madabouthorror.co.uk\\\/product\\\/36-twisting-zombie-animated-prop\\\/\"]}]},{\"@type\":\"ImageObject\",\"inLanguage\":\"fr-FR\",\"@id\":\"https:\\\/\\\/madabouthorror.co.uk\\\/product\\\/36-twisting-zombie-animated-prop\\\/#primaryimage\",\"url\":\"https:\\\/\\\/madabouthorror.co.uk\\\/wp-content\\\/uploads\\\/2021\\\/03\\\/36-twisting-zombie-animated-proptt60075-a03.jpeg\",\"contentUrl\":\"https:\\\/\\\/madabouthorror.co.uk\\\/wp-content\\\/uploads\\\/2021\\\/03\\\/36-twisting-zombie-animated-proptt60075-a03.jpeg\",\"width\":1500,\"height\":1500,\"caption\":\"Twisting zombie halloween figure\"},{\"@type\":\"BreadcrumbList\",\"@id\":\"https:\\\/\\\/madabouthorror.co.uk\\\/product\\\/36-twisting-zombie-animated-prop\\\/#breadcrumb\",\"itemListElement\":[{\"@type\":\"ListItem\",\"position\":1,\"name\":\"Shop\",\"item\":\"https:\\\/\\\/madabouthorror.co.uk\\\/shop\\\/\"},{\"@type\":\"ListItem\",\"position\":2,\"name\":\"3ft Twisting Zombie Animated Prop\"}]},{\"@type\":\"WebSite\",\"@id\":\"https:\\\/\\\/madabouthorror.co.uk\\\/#website\",\"url\":\"https:\\\/\\\/madabouthorror.co.uk\\\/\",\"name\":\"Mad About Horror\",\"description\":\"\",\"publisher\":{\"@id\":\"https:\\\/\\\/madabouthorror.co.uk\\\/#organization\"},\"alternateName\":\"Mad About Horror Limited\",\"potentialAction\":[{\"@type\":\"SearchAction\",\"target\":{\"@type\":\"EntryPoint\",\"urlTemplate\":\"https:\\\/\\\/madabouthorror.co.uk\\\/?s={search_term_string}\"},\"query-input\":{\"@type\":\"PropertyValueSpecification\",\"valueRequired\":true,\"valueName\":\"search_term_string\"}}],\"inLanguage\":\"fr-FR\"},{\"@type\":\"Organization\",\"@id\":\"https:\\\/\\\/madabouthorror.co.uk\\\/#organization\",\"name\":\"Mad About Horror\",\"url\":\"https:\\\/\\\/madabouthorror.co.uk\\\/\",\"logo\":{\"@type\":\"ImageObject\",\"inLanguage\":\"fr-FR\",\"@id\":\"https:\\\/\\\/madabouthorror.co.uk\\\/#\\\/schema\\\/logo\\\/image\\\/\",\"url\":\"https:\\\/\\\/madabouthorror.co.uk\\\/wp-content\\\/uploads\\\/2024\\\/02\\\/cropped-Logo.png\",\"contentUrl\":\"https:\\\/\\\/madabouthorror.co.uk\\\/wp-content\\\/uploads\\\/2024\\\/02\\\/cropped-Logo.png\",\"width\":240,\"height\":88,\"caption\":\"Mad About Horror\"},\"image\":{\"@id\":\"https:\\\/\\\/madabouthorror.co.uk\\\/#\\\/schema\\\/logo\\\/image\\\/\"},\"sameAs\":[\"https:\\\/\\\/www.facebook.com\\\/madabouthorror\\\/\",\"https:\\\/\\\/www.instagram.com\\\/madabouthorror\\\/\",\"https:\\\/\\\/www.pinterest.co.uk\\\/madabouthorror\\\/\",\"https:\\\/\\\/www.youtube.com\\\/channel\\\/UCBooLOIxjoQ89dj6T5lWm_w\",\"https:\\\/\\\/www.tiktok.com\\\/@weremadabouthorror\"]}]}<\/script>\n<!-- \/ Yoast SEO plugin. -->","yoast_head_json":{"title":"Mad About Horror - Propulseur anim\u00e9 de zombie torsad\u00e9 de 36 pouces","description":"Animatronic Zombie de 3 pieds. Les objets de collection d'horreur et les accessoires d'Halloween sont disponibles chez Madabouthorror, le plus grand sp\u00e9cialiste de l'horreur en Europe.","robots":{"index":"index","follow":"follow","max-snippet":"max-snippet:-1","max-image-preview":"max-image-preview:large","max-video-preview":"max-video-preview:-1"},"canonical":"https:\/\/madabouthorror.co.uk\/fr\/product\/36-twisting-zombie-animated-prop\/","og_locale":"fr_FR","og_type":"article","og_title":"Mad About Horror | 36\" Twisting Zombie Animated Prop","og_description":"3ft Twisting Zombie Animatronic. Horror collectibles and Halloween props available from Madabouthorror, Europe\u2019s leading horror specialist.","og_url":"https:\/\/madabouthorror.co.uk\/fr\/product\/36-twisting-zombie-animated-prop\/","og_site_name":"Mad About Horror","article_publisher":"https:\/\/www.facebook.com\/madabouthorror\/","article_modified_time":"2025-11-20T12:53:26+00:00","og_image":[{"width":1500,"height":1500,"url":"https:\/\/madabouthorror.co.uk\/wp-content\/uploads\/2021\/03\/36-twisting-zombie-animated-proptt60075-a03.jpeg","type":"image\/jpeg"}],"twitter_card":"summary_large_image","twitter_misc":{"Dur\u00e9e de lecture estim\u00e9e":"1 minute"},"schema":{"@context":"https:\/\/schema.org","@graph":[{"@type":["WebPage","ItemPage"],"@id":"https:\/\/madabouthorror.co.uk\/product\/36-twisting-zombie-animated-prop\/","url":"https:\/\/madabouthorror.co.uk\/product\/36-twisting-zombie-animated-prop\/","name":"Mad About Horror - Propulseur anim\u00e9 de zombie torsad\u00e9 de 36 pouces","isPartOf":{"@id":"https:\/\/madabouthorror.co.uk\/#website"},"primaryImageOfPage":{"@id":"https:\/\/madabouthorror.co.uk\/product\/36-twisting-zombie-animated-prop\/#primaryimage"},"image":{"@id":"https:\/\/madabouthorror.co.uk\/product\/36-twisting-zombie-animated-prop\/#primaryimage"},"thumbnailUrl":"https:\/\/madabouthorror.co.uk\/wp-content\/uploads\/2021\/03\/36-twisting-zombie-animated-proptt60075-a03.jpeg","datePublished":"2021-03-09T12:59:12+00:00","dateModified":"2025-11-20T12:53:26+00:00","description":"Animatronic Zombie de 3 pieds. Les objets de collection d'horreur et les accessoires d'Halloween sont disponibles chez Madabouthorror, le plus grand sp\u00e9cialiste de l'horreur en Europe.","breadcrumb":{"@id":"https:\/\/madabouthorror.co.uk\/product\/36-twisting-zombie-animated-prop\/#breadcrumb"},"inLanguage":"fr-FR","potentialAction":[{"@type":"ReadAction","target":["https:\/\/madabouthorror.co.uk\/product\/36-twisting-zombie-animated-prop\/"]}]},{"@type":"ImageObject","inLanguage":"fr-FR","@id":"https:\/\/madabouthorror.co.uk\/product\/36-twisting-zombie-animated-prop\/#primaryimage","url":"https:\/\/madabouthorror.co.uk\/wp-content\/uploads\/2021\/03\/36-twisting-zombie-animated-proptt60075-a03.jpeg","contentUrl":"https:\/\/madabouthorror.co.uk\/wp-content\/uploads\/2021\/03\/36-twisting-zombie-animated-proptt60075-a03.jpeg","width":1500,"height":1500,"caption":"Twisting zombie halloween figure"},{"@type":"BreadcrumbList","@id":"https:\/\/madabouthorror.co.uk\/product\/36-twisting-zombie-animated-prop\/#breadcrumb","itemListElement":[{"@type":"ListItem","position":1,"name":"Shop","item":"https:\/\/madabouthorror.co.uk\/shop\/"},{"@type":"ListItem","position":2,"name":"3ft Twisting Zombie Animated Prop"}]},{"@type":"WebSite","@id":"https:\/\/madabouthorror.co.uk\/#website","url":"https:\/\/madabouthorror.co.uk\/","name":"L'horreur en folie","description":"","publisher":{"@id":"https:\/\/madabouthorror.co.uk\/#organization"},"alternateName":"Mad About Horror Limited","potentialAction":[{"@type":"SearchAction","target":{"@type":"EntryPoint","urlTemplate":"https:\/\/madabouthorror.co.uk\/?s={search_term_string}"},"query-input":{"@type":"PropertyValueSpecification","valueRequired":true,"valueName":"search_term_string"}}],"inLanguage":"fr-FR"},{"@type":"Organization","@id":"https:\/\/madabouthorror.co.uk\/#organization","name":"L'horreur en folie","url":"https:\/\/madabouthorror.co.uk\/","logo":{"@type":"ImageObject","inLanguage":"fr-FR","@id":"https:\/\/madabouthorror.co.uk\/#\/schema\/logo\/image\/","url":"https:\/\/madabouthorror.co.uk\/wp-content\/uploads\/2024\/02\/cropped-Logo.png","contentUrl":"https:\/\/madabouthorror.co.uk\/wp-content\/uploads\/2024\/02\/cropped-Logo.png","width":240,"height":88,"caption":"Mad About Horror"},"image":{"@id":"https:\/\/madabouthorror.co.uk\/#\/schema\/logo\/image\/"},"sameAs":["https:\/\/www.facebook.com\/madabouthorror\/","https:\/\/www.instagram.com\/madabouthorror\/","https:\/\/www.pinterest.co.uk\/madabouthorror\/","https:\/\/www.youtube.com\/channel\/UCBooLOIxjoQ89dj6T5lWm_w","https:\/\/www.tiktok.com\/@weremadabouthorror"]}]}},"df_price":99.95,"df_sale_price":"","df_regular_price":99.95,"df_image_link":"https:\/\/madabouthorror.co.uk\/wp-content\/uploads\/2021\/03\/36-twisting-zombie-animated-proptt60075-a03-300x300.jpeg","_links":{"self":[{"href":"https:\/\/madabouthorror.co.uk\/fr\/wp-json\/wp\/v2\/product\/47357","targetHints":{"allow":["GET"]}}],"collection":[{"href":"https:\/\/madabouthorror.co.uk\/fr\/wp-json\/wp\/v2\/product"}],"about":[{"href":"https:\/\/madabouthorror.co.uk\/fr\/wp-json\/wp\/v2\/types\/product"}],"replies":[{"embeddable":true,"href":"https:\/\/madabouthorror.co.uk\/fr\/wp-json\/wp\/v2\/comments?post=47357"}],"wp:featuredmedia":[{"embeddable":true,"href":"https:\/\/madabouthorror.co.uk\/fr\/wp-json\/wp\/v2\/media\/484003"}],"wp:attachment":[{"href":"https:\/\/madabouthorror.co.uk\/fr\/wp-json\/wp\/v2\/media?parent=47357"}],"wp:term":[{"taxonomy":"product_brand","embeddable":true,"href":"https:\/\/madabouthorror.co.uk\/fr\/wp-json\/wp\/v2\/product_brand?post=47357"},{"taxonomy":"product_cat","embeddable":true,"href":"https:\/\/madabouthorror.co.uk\/fr\/wp-json\/wp\/v2\/product_cat?post=47357"},{"taxonomy":"product_tag","embeddable":true,"href":"https:\/\/madabouthorror.co.uk\/fr\/wp-json\/wp\/v2\/product_tag?post=47357"}],"curies":[{"name":"wp","href":"https:\/\/api.w.org\/{rel}","templated":true}]}}