{"id":473785,"date":"2024-02-08T13:06:36","date_gmt":"2024-02-08T13:06:36","guid":{"rendered":"https:\/\/madabouthorror.co.uk\/?post_type=product&#038;p=473785"},"modified":"2026-04-22T00:12:24","modified_gmt":"2026-04-21T23:12:24","slug":"gremlins-2-daffy","status":"publish","type":"product","link":"https:\/\/madabouthorror.co.uk\/fr\/product\/gremlins-2-daffy\/","title":{"rendered":"Gremlins 2 : The New Batch - Daffy Mogwai Prop"},"content":{"rendered":"<p>\"Nous vous avons pr\u00e9venus. Rappelez-vous les r\u00e8gles. Vous n'avez pas \u00e9cout\u00e9.\"<\/p>\n<p>Pr\u00e9sentation de la figurine Daffy Mogwai de Gremlins 2 : La Nouvelle G\u00e9n\u00e9ration, sous licence officielle de Trick or Treat Studios. Cette figurine Mogwai \u00e0 l'\u00e9chelle 1:1 est tr\u00e8s d\u00e9taill\u00e9e, fid\u00e8le \u00e0 l'\u00e9cran et incroyablement c\u00e2line ! Votre Mogwai arrivera dans une bo\u00eete fen\u00eatre de collectionneur, parfaite pour l'exposition.<\/p>\n<p>Daffy Mogwai a commenc\u00e9 comme un adorable Mogwai avant de se transformer en un gremlin compl\u00e8tement fou et plus d\u00e9lirant que jamais. Capturez le charme et le chaos de ce personnage unique avec cet adorable accessoire !<\/p>\n<p><strong>Caract\u00e9ristiques :<\/strong><\/p>\n<ul>\n<li>Oreilles \u00e0 poser<\/li>\n<li>Corps en mousse<\/li>\n<li>Yeux ins\u00e9r\u00e9s<\/li>\n<li>Motif unique de fourrure<\/li>\n<li>Cadre de squelette en fil de fer posable<\/li>\n<\/ul>\n<p><strong>Mesures approximatives :<\/strong><\/p>\n<ul>\n<li><strong>Hauteur<\/strong>: 10\u2033 (du haut des oreilles aux orteils)<\/li>\n<li><strong>Largeur<\/strong>7\u2033 (d'une main \u00e0 l'autre)<\/li>\n<\/ul>\n<p>Ramenez chez vous ce Mogwai charmant et espi\u00e8gle et revivez la magie de Gremlins 2 !<\/p>\n<p><em>Gremlins et tous les personnages et \u00e9l\u00e9ments associ\u00e9s TM &amp; \u00a9 Warner Bros. Entertainment Inc. Tous droits r\u00e9serv\u00e9s.<\/em><\/p>","protected":false},"excerpt":{"rendered":"<p>\u201c\u00a0Nous vous avions pr\u00e9venus. Rappelez-vous des r\u00e8gles. Vous n'avez pas \u00e9cout\u00e9.\u00a0\u201d D\u00e9couvrez la figurine Daffy Mogwai sous licence officielle Gremlins 2: La Nouvelle G\u00e9n\u00e9ration de Trick or Treat Studios. Cette figurine Mogwai \u00e0 l'\u00e9chelle 1:1 est tr\u00e8s d\u00e9taill\u00e9e, fid\u00e8le \u00e0 l'\u00e9cran et incroyablement c\u00e2line ! Votre Mogwai arrivera dans une bo\u00eete fen\u00eatre de collectionneur, parfaite pour l'exposition. Daffy Mogwai a commenc\u00e9 comme un [\u2026]<\/p>","protected":false},"featured_media":491896,"comment_status":"closed","ping_status":"closed","template":"","meta":{"_acf_changed":false},"product_brand":[],"product_cat":[10076,10151,10093,9946,10107,6547,6728,6792,6659],"product_tag":[],"class_list":{"0":"post-473785","1":"product","2":"type-product","3":"status-publish","4":"has-post-thumbnail","6":"product_cat-replica-dolls-props","7":"product_cat-trick-or-treat-studios-props-neca-figures","8":"product_cat-indoor-halloween-decorations","9":"product_cat-replica-dolls","10":"product_cat-licensed-halloween-decorations","11":"product_cat-decorations","12":"product_cat-premium","13":"product_cat-trick-or-treat-studios","14":"product_cat-gremlins","16":"first","17":"onbackorder","18":"taxable","19":"shipping-taxable","20":"purchasable","21":"product-type-simple"},"supplier_id":471030,"supplier_sku":"RLWB110","barcode":"811501037828","atum_controlled":true,"out_stock_date":null,"out_stock_threshold":null,"inheritable":false,"inbound_stock":120,"stock_on_hold":0,"sold_today":0,"sales_last_days":0,"reserved_stock":0,"customer_returns":0,"warehouse_damage":0,"lost_in_post":0,"other_logs":0,"out_stock_days":0,"lost_sales":0,"has_location":false,"update_date":"2026-04-24T01:56:50","atum_locations":[],"atum_stock_status":"onbackorder","restock_status":false,"low_stock_amount":24,"sales_update_date":"2026-04-24T01:56:49","calc_backorders":-18,"acf":[],"yoast_head":"<!-- This site is optimized with the Yoast SEO plugin v27.4 - https:\/\/yoast.com\/product\/yoast-seo-wordpress\/ -->\n<title>Gremlins 2: The New Batch - Daffy Mogwai | Official UK Stockist<\/title>\n<meta name=\"description\" content=\"Official UK Stockist of Trick or Treat Studios. Officially licensed Gremlins 2 Daffy Mogwai 1:1 scale Mogwai prop | Mad About Horror\" \/>\n<meta name=\"robots\" content=\"index, follow, max-snippet:-1, max-image-preview:large, max-video-preview:-1\" \/>\n<link rel=\"canonical\" href=\"https:\/\/madabouthorror.co.uk\/fr\/product\/gremlins-2-daffy\/\" \/>\n<meta property=\"og:locale\" content=\"fr_FR\" \/>\n<meta property=\"og:type\" content=\"article\" \/>\n<meta property=\"og:title\" content=\"Gremlins 2: The New Batch - Daffy Mogwai | Official UK Stockist\" \/>\n<meta property=\"og:description\" content=\"Official UK Stockist of Trick or Treat Studios. Officially licensed Gremlins 2 Daffy Mogwai 1:1 scale Mogwai prop | Mad About Horror\" \/>\n<meta property=\"og:url\" content=\"https:\/\/madabouthorror.co.uk\/fr\/product\/gremlins-2-daffy\/\" \/>\n<meta property=\"og:site_name\" content=\"Mad About Horror\" \/>\n<meta property=\"article:publisher\" content=\"https:\/\/www.facebook.com\/madabouthorror\/\" \/>\n<meta property=\"article:modified_time\" content=\"2026-04-21T23:12:24+00:00\" \/>\n<meta property=\"og:image\" content=\"https:\/\/madabouthorror.co.uk\/wp-content\/uploads\/2024\/02\/Gremlins-2-Daffy-Mogwai.webp\" \/>\n\t<meta property=\"og:image:width\" content=\"900\" \/>\n\t<meta property=\"og:image:height\" content=\"900\" \/>\n\t<meta property=\"og:image:type\" content=\"image\/webp\" \/>\n<meta name=\"twitter:card\" content=\"summary_large_image\" \/>\n<meta name=\"twitter:label1\" content=\"Dur\u00e9e de lecture estim\u00e9e\" \/>\n\t<meta name=\"twitter:data1\" content=\"1 minute\" \/>\n<script type=\"application\/ld+json\" class=\"yoast-schema-graph\">{\"@context\":\"https:\\\/\\\/schema.org\",\"@graph\":[{\"@type\":[\"WebPage\",\"ItemPage\"],\"@id\":\"https:\\\/\\\/madabouthorror.co.uk\\\/product\\\/gremlins-2-daffy\\\/\",\"url\":\"https:\\\/\\\/madabouthorror.co.uk\\\/product\\\/gremlins-2-daffy\\\/\",\"name\":\"Gremlins 2: The New Batch - Daffy Mogwai | Official UK Stockist\",\"isPartOf\":{\"@id\":\"https:\\\/\\\/madabouthorror.co.uk\\\/#website\"},\"primaryImageOfPage\":{\"@id\":\"https:\\\/\\\/madabouthorror.co.uk\\\/product\\\/gremlins-2-daffy\\\/#primaryimage\"},\"image\":{\"@id\":\"https:\\\/\\\/madabouthorror.co.uk\\\/product\\\/gremlins-2-daffy\\\/#primaryimage\"},\"thumbnailUrl\":\"https:\\\/\\\/madabouthorror.co.uk\\\/wp-content\\\/uploads\\\/2024\\\/02\\\/Gremlins-2-Daffy-Mogwai.webp\",\"datePublished\":\"2024-02-08T13:06:36+00:00\",\"dateModified\":\"2026-04-21T23:12:24+00:00\",\"description\":\"Official UK Stockist of Trick or Treat Studios. Officially licensed Gremlins 2 Daffy Mogwai 1:1 scale Mogwai prop | Mad About Horror\",\"breadcrumb\":{\"@id\":\"https:\\\/\\\/madabouthorror.co.uk\\\/product\\\/gremlins-2-daffy\\\/#breadcrumb\"},\"inLanguage\":\"fr-FR\",\"potentialAction\":[{\"@type\":\"ReadAction\",\"target\":[\"https:\\\/\\\/madabouthorror.co.uk\\\/product\\\/gremlins-2-daffy\\\/\"]}]},{\"@type\":\"ImageObject\",\"inLanguage\":\"fr-FR\",\"@id\":\"https:\\\/\\\/madabouthorror.co.uk\\\/product\\\/gremlins-2-daffy\\\/#primaryimage\",\"url\":\"https:\\\/\\\/madabouthorror.co.uk\\\/wp-content\\\/uploads\\\/2024\\\/02\\\/Gremlins-2-Daffy-Mogwai.webp\",\"contentUrl\":\"https:\\\/\\\/madabouthorror.co.uk\\\/wp-content\\\/uploads\\\/2024\\\/02\\\/Gremlins-2-Daffy-Mogwai.webp\",\"width\":900,\"height\":900,\"caption\":\"Gremlins 2 Daffy Mogwai\"},{\"@type\":\"BreadcrumbList\",\"@id\":\"https:\\\/\\\/madabouthorror.co.uk\\\/product\\\/gremlins-2-daffy\\\/#breadcrumb\",\"itemListElement\":[{\"@type\":\"ListItem\",\"position\":1,\"name\":\"Shop\",\"item\":\"https:\\\/\\\/madabouthorror.co.uk\\\/shop\\\/\"},{\"@type\":\"ListItem\",\"position\":2,\"name\":\"Gremlins 2 : The New Batch &#8211; Daffy Mogwai Prop\"}]},{\"@type\":\"WebSite\",\"@id\":\"https:\\\/\\\/madabouthorror.co.uk\\\/#website\",\"url\":\"https:\\\/\\\/madabouthorror.co.uk\\\/\",\"name\":\"Mad About Horror\",\"description\":\"\",\"publisher\":{\"@id\":\"https:\\\/\\\/madabouthorror.co.uk\\\/#organization\"},\"alternateName\":\"Mad About Horror Limited\",\"potentialAction\":[{\"@type\":\"SearchAction\",\"target\":{\"@type\":\"EntryPoint\",\"urlTemplate\":\"https:\\\/\\\/madabouthorror.co.uk\\\/?s={search_term_string}\"},\"query-input\":{\"@type\":\"PropertyValueSpecification\",\"valueRequired\":true,\"valueName\":\"search_term_string\"}}],\"inLanguage\":\"fr-FR\"},{\"@type\":\"Organization\",\"@id\":\"https:\\\/\\\/madabouthorror.co.uk\\\/#organization\",\"name\":\"Mad About Horror\",\"url\":\"https:\\\/\\\/madabouthorror.co.uk\\\/\",\"logo\":{\"@type\":\"ImageObject\",\"inLanguage\":\"fr-FR\",\"@id\":\"https:\\\/\\\/madabouthorror.co.uk\\\/#\\\/schema\\\/logo\\\/image\\\/\",\"url\":\"https:\\\/\\\/madabouthorror.co.uk\\\/wp-content\\\/uploads\\\/2024\\\/02\\\/cropped-Logo.png\",\"contentUrl\":\"https:\\\/\\\/madabouthorror.co.uk\\\/wp-content\\\/uploads\\\/2024\\\/02\\\/cropped-Logo.png\",\"width\":240,\"height\":88,\"caption\":\"Mad About Horror\"},\"image\":{\"@id\":\"https:\\\/\\\/madabouthorror.co.uk\\\/#\\\/schema\\\/logo\\\/image\\\/\"},\"sameAs\":[\"https:\\\/\\\/www.facebook.com\\\/madabouthorror\\\/\",\"https:\\\/\\\/www.instagram.com\\\/madabouthorror\\\/\",\"https:\\\/\\\/www.pinterest.co.uk\\\/madabouthorror\\\/\",\"https:\\\/\\\/www.youtube.com\\\/channel\\\/UCBooLOIxjoQ89dj6T5lWm_w\",\"https:\\\/\\\/www.tiktok.com\\\/@weremadabouthorror\"]}]}<\/script>\n<!-- \/ Yoast SEO plugin. -->","yoast_head_json":{"title":"Gremlins 2 : La Nouvelle G\u00e9n\u00e9ration - Mogwai Daffy | Revendeur Officiel UK","description":"Distributeur officiel au Royaume-Uni de Trick or Treat Studios. Accessoire Mogwai sous licence officielle Gremlins 2 Daffy Mogwai \u00e0 l'\u00e9chelle 1:1 | Mad About Horror","robots":{"index":"index","follow":"follow","max-snippet":"max-snippet:-1","max-image-preview":"max-image-preview:large","max-video-preview":"max-video-preview:-1"},"canonical":"https:\/\/madabouthorror.co.uk\/fr\/product\/gremlins-2-daffy\/","og_locale":"fr_FR","og_type":"article","og_title":"Gremlins 2: The New Batch - Daffy Mogwai | Official UK Stockist","og_description":"Official UK Stockist of Trick or Treat Studios. Officially licensed Gremlins 2 Daffy Mogwai 1:1 scale Mogwai prop | Mad About Horror","og_url":"https:\/\/madabouthorror.co.uk\/fr\/product\/gremlins-2-daffy\/","og_site_name":"Mad About Horror","article_publisher":"https:\/\/www.facebook.com\/madabouthorror\/","article_modified_time":"2026-04-21T23:12:24+00:00","og_image":[{"width":900,"height":900,"url":"https:\/\/madabouthorror.co.uk\/wp-content\/uploads\/2024\/02\/Gremlins-2-Daffy-Mogwai.webp","type":"image\/webp"}],"twitter_card":"summary_large_image","twitter_misc":{"Dur\u00e9e de lecture estim\u00e9e":"1 minute"},"schema":{"@context":"https:\/\/schema.org","@graph":[{"@type":["WebPage","ItemPage"],"@id":"https:\/\/madabouthorror.co.uk\/product\/gremlins-2-daffy\/","url":"https:\/\/madabouthorror.co.uk\/product\/gremlins-2-daffy\/","name":"Gremlins 2 : La Nouvelle G\u00e9n\u00e9ration - Mogwai Daffy | Revendeur Officiel UK","isPartOf":{"@id":"https:\/\/madabouthorror.co.uk\/#website"},"primaryImageOfPage":{"@id":"https:\/\/madabouthorror.co.uk\/product\/gremlins-2-daffy\/#primaryimage"},"image":{"@id":"https:\/\/madabouthorror.co.uk\/product\/gremlins-2-daffy\/#primaryimage"},"thumbnailUrl":"https:\/\/madabouthorror.co.uk\/wp-content\/uploads\/2024\/02\/Gremlins-2-Daffy-Mogwai.webp","datePublished":"2024-02-08T13:06:36+00:00","dateModified":"2026-04-21T23:12:24+00:00","description":"Distributeur officiel au Royaume-Uni de Trick or Treat Studios. Accessoire Mogwai sous licence officielle Gremlins 2 Daffy Mogwai \u00e0 l'\u00e9chelle 1:1 | Mad About Horror","breadcrumb":{"@id":"https:\/\/madabouthorror.co.uk\/product\/gremlins-2-daffy\/#breadcrumb"},"inLanguage":"fr-FR","potentialAction":[{"@type":"ReadAction","target":["https:\/\/madabouthorror.co.uk\/product\/gremlins-2-daffy\/"]}]},{"@type":"ImageObject","inLanguage":"fr-FR","@id":"https:\/\/madabouthorror.co.uk\/product\/gremlins-2-daffy\/#primaryimage","url":"https:\/\/madabouthorror.co.uk\/wp-content\/uploads\/2024\/02\/Gremlins-2-Daffy-Mogwai.webp","contentUrl":"https:\/\/madabouthorror.co.uk\/wp-content\/uploads\/2024\/02\/Gremlins-2-Daffy-Mogwai.webp","width":900,"height":900,"caption":"Gremlins 2 Daffy Mogwai"},{"@type":"BreadcrumbList","@id":"https:\/\/madabouthorror.co.uk\/product\/gremlins-2-daffy\/#breadcrumb","itemListElement":[{"@type":"ListItem","position":1,"name":"Shop","item":"https:\/\/madabouthorror.co.uk\/shop\/"},{"@type":"ListItem","position":2,"name":"Gremlins 2 : The New Batch &#8211; Daffy Mogwai Prop"}]},{"@type":"WebSite","@id":"https:\/\/madabouthorror.co.uk\/#website","url":"https:\/\/madabouthorror.co.uk\/","name":"L'horreur en folie","description":"","publisher":{"@id":"https:\/\/madabouthorror.co.uk\/#organization"},"alternateName":"Mad About Horror Limited","potentialAction":[{"@type":"SearchAction","target":{"@type":"EntryPoint","urlTemplate":"https:\/\/madabouthorror.co.uk\/?s={search_term_string}"},"query-input":{"@type":"PropertyValueSpecification","valueRequired":true,"valueName":"search_term_string"}}],"inLanguage":"fr-FR"},{"@type":"Organization","@id":"https:\/\/madabouthorror.co.uk\/#organization","name":"L'horreur en folie","url":"https:\/\/madabouthorror.co.uk\/","logo":{"@type":"ImageObject","inLanguage":"fr-FR","@id":"https:\/\/madabouthorror.co.uk\/#\/schema\/logo\/image\/","url":"https:\/\/madabouthorror.co.uk\/wp-content\/uploads\/2024\/02\/cropped-Logo.png","contentUrl":"https:\/\/madabouthorror.co.uk\/wp-content\/uploads\/2024\/02\/cropped-Logo.png","width":240,"height":88,"caption":"Mad About Horror"},"image":{"@id":"https:\/\/madabouthorror.co.uk\/#\/schema\/logo\/image\/"},"sameAs":["https:\/\/www.facebook.com\/madabouthorror\/","https:\/\/www.instagram.com\/madabouthorror\/","https:\/\/www.pinterest.co.uk\/madabouthorror\/","https:\/\/www.youtube.com\/channel\/UCBooLOIxjoQ89dj6T5lWm_w","https:\/\/www.tiktok.com\/@weremadabouthorror"]}]}},"df_price":135.37,"df_sale_price":"","df_regular_price":135.37,"df_image_link":"https:\/\/madabouthorror.co.uk\/wp-content\/uploads\/2024\/02\/Gremlins-2-Daffy-Mogwai-300x300.webp","_links":{"self":[{"href":"https:\/\/madabouthorror.co.uk\/fr\/wp-json\/wp\/v2\/product\/473785","targetHints":{"allow":["GET"]}}],"collection":[{"href":"https:\/\/madabouthorror.co.uk\/fr\/wp-json\/wp\/v2\/product"}],"about":[{"href":"https:\/\/madabouthorror.co.uk\/fr\/wp-json\/wp\/v2\/types\/product"}],"replies":[{"embeddable":true,"href":"https:\/\/madabouthorror.co.uk\/fr\/wp-json\/wp\/v2\/comments?post=473785"}],"wp:featuredmedia":[{"embeddable":true,"href":"https:\/\/madabouthorror.co.uk\/fr\/wp-json\/wp\/v2\/media\/491896"}],"wp:attachment":[{"href":"https:\/\/madabouthorror.co.uk\/fr\/wp-json\/wp\/v2\/media?parent=473785"}],"wp:term":[{"taxonomy":"product_brand","embeddable":true,"href":"https:\/\/madabouthorror.co.uk\/fr\/wp-json\/wp\/v2\/product_brand?post=473785"},{"taxonomy":"product_cat","embeddable":true,"href":"https:\/\/madabouthorror.co.uk\/fr\/wp-json\/wp\/v2\/product_cat?post=473785"},{"taxonomy":"product_tag","embeddable":true,"href":"https:\/\/madabouthorror.co.uk\/fr\/wp-json\/wp\/v2\/product_tag?post=473785"}],"curies":[{"name":"wp","href":"https:\/\/api.w.org\/{rel}","templated":true}]}}