{"id":47381,"date":"2021-03-10T10:49:08","date_gmt":"2021-03-10T10:49:08","guid":{"rendered":"https:\/\/mah.6bdv.ws\/product\/7ft-cellar-dweller-animated-prop\/"},"modified":"2026-02-06T15:14:23","modified_gmt":"2026-02-06T15:14:23","slug":"7ft-cellar-dweller-animated-prop","status":"publish","type":"product","link":"https:\/\/madabouthorror.co.uk\/fr\/product\/7ft-cellar-dweller-animated-prop\/","title":{"rendered":"Accessoire anim\u00e9 7ft Cellar Dweller"},"content":{"rendered":"<p>Tapie dans les profondeurs de votre cave, une terreur mortelle se r\u00e9veille. Le zombie anim\u00e9 de 7 pieds Cellar Dweller, couvert de haillons en lambeaux, a des yeux verts luisants qui percent l'obscurit\u00e9, tandis que sa t\u00eate tourne et que sa bouche bouge.<\/p>\n<p><em>Note : l'exp\u00e9dition acc\u00e9l\u00e9r\u00e9e n'est pas disponible, la livraison se fait en 3-4 jours ouvrables.<\/em><\/p>\n<p>Sa voix rude et s\u00e8che s'exprime sur un ton mortel, tandis que des gouttes d'eau r\u00e9sonnent en arri\u00e8re-plan.<\/p>\n<p>D\u00e9tails :<\/p>\n<ul>\n<li>La t\u00eate tourne et la bouche bouge pendant qu'il prononce 4 phrases effrayantes.<\/li>\n<li>Les bras se l\u00e8vent et s'abaissent dans un mouvement mena\u00e7ant.<\/li>\n<li>Les yeux brillants et lumineux<\/li>\n<li>Les tiges encliquetables facilitent l'assemblage<\/li>\n<li>Comprend 3 options d'activation et un contr\u00f4le du volume<\/li>\n<\/ul>\n<p>Il prononce l'une des quatre phrases effrayantes :<\/p>\n<p>Phrase #1 : \"Cette vieille maison humide suinte l'odeur naus\u00e9abonde des \u00e2mes pourries. Elle m'a permis de prosp\u00e9rer, tant que je me cachais ici avec les rats. Je suis heureux de partager avec vous, si vous avez l'estomac pour \u00e7a ! Huh huh huh !\"<\/p>\n<p>Phrase #2 : Uuuuhhhh Je respire l'esprit d'Halloween. Goutte \u00e0 goutte, goutte \u00e0 goutte, goutte \u00e0 goutte. Uuuuhhh<\/p>\n<p>Phrase #3 : Cet endroit regorge d'esprits condamn\u00e9s. Lib\u00e9r\u00e9s de leurs tombes, ils cherchent de nouvelles victimes \u00e0 hanter. Il n'y a aucun moyen de se cacher d'eux, mais allez-y et essayez ! Huh huh<\/p>\n<p>Phrase #4:L'humidit\u00e9 sirupeuse et malsaine de la cave m'a rendu tout moisi. Mais peu importe. J'ai pris go\u00fbt \u00e0 la puanteur humide et je veux la partager avec vous ! Uuuuhhhh !<\/p>\n<h4>Instructions d'entretien :<\/h4>\n<p><em>Ses bras se l\u00e8vent et s'abaissent, et ses mains osseuses d\u00e9cr\u00e9pites griffent l'obscurit\u00e9 tandis qu'un capteur infrarouge attend que les vivants fassent un faux mouvement, activant ainsi sa pr\u00e9sence. Trois options d'activation sont disponibles : Steady-On, capteur infrarouge ou Step-Here Pad. Un r\u00e9glage du volume permet \u00e9galement de s'adapter \u00e0 l'environnement. Construite \u00e0 partir de tiges m\u00e9talliques durables qui s'embo\u00eetent les unes dans les autres, cette pi\u00e8ce s'assemble facilement en moins de 30 minutes.<\/em><\/p>\n<p><b>Fourni avec un adaptateur secteur britannique<\/b>. <i>N'utilisez que l'adaptateur d'alimentation fourni, car les adaptateurs d'alimentation incorrects peuvent causer des dommages.<\/i><\/p>\n<div>\n<div><b>Pour le porche couvert ou l'int\u00e9rieur.<\/b> <i>Prot\u00e9ger des intemp\u00e9ries en cas d'utilisation \u00e0 l'ext\u00e9rieur et ne pas laisser \u00e0 l'ext\u00e9rieur pendant des p\u00e9riodes prolong\u00e9es.<\/i><\/div>\n<div><\/div>\n<div><b>A noter :<\/b><i> Ces accessoires ne sont pas recommand\u00e9s pour un usage commercial intensif, c'est-\u00e0-dire qu'ils ne doivent pas \u00eatre utilis\u00e9s pendant des p\u00e9riodes prolong\u00e9es, c'est-\u00e0-dire plusieurs jours d'affil\u00e9e. Ils sont con\u00e7us pour \u00eatre utilis\u00e9s \u00e0 l'occasion d'Halloween. Si vous avez des questions \u00e0 ce sujet, n'h\u00e9sitez pas \u00e0 les poser.<\/i><\/div>\n<\/div>","protected":false},"excerpt":{"rendered":"<p>Tapie dans les profondeurs de votre cave, une terreur mortelle se r\u00e9veille. Le zombie anim\u00e9 de 7 pieds Cellar Dweller, couvert de haillons en lambeaux, a des yeux verts luisants qui percent l'obscurit\u00e9, tandis que sa t\u00eate tourne et que sa bouche bouge. Note : exp\u00e9dition acc\u00e9l\u00e9r\u00e9e non disponible, livraison 3-4 jours ouvrables Sa voix rude et s\u00e8che parle d'une mani\u00e8re mortelle [...]<\/p>","protected":false},"featured_media":543677,"comment_status":"closed","ping_status":"closed","template":"","meta":{"_acf_changed":false},"product_brand":[],"product_cat":[10068,10131,10108,10093,10094,6550,6547,6963,7051,7053],"product_tag":[],"class_list":{"0":"post-47381","1":"product","2":"type-product","3":"status-publish","4":"has-post-thumbnail","6":"product_cat-halloween-decorations-2025","7":"product_cat-halloween-gifts","8":"product_cat-light-up-halloween-decorations","9":"product_cat-indoor-halloween-decorations","10":"product_cat-outdoor-halloween-decorations","11":"product_cat-graveyard-decorations","12":"product_cat-decorations","13":"product_cat-animatronics","14":"product_cat-graveyard-animatronics","15":"product_cat-animated-props-zombies","16":"product_shipping_class-props","18":"first","19":"outofstock","20":"taxable","21":"shipping-taxable","22":"purchasable","23":"product-type-simple"},"supplier_id":467908,"supplier_sku":"","barcode":"842445144167","atum_controlled":true,"out_stock_date":"2025-10-12 09:02:33","out_stock_threshold":null,"inheritable":false,"inbound_stock":0,"stock_on_hold":0,"sold_today":0,"sales_last_days":0,"reserved_stock":0,"customer_returns":0,"warehouse_damage":0,"lost_in_post":0,"other_logs":0,"out_stock_days":193,"lost_sales":11027,"has_location":false,"update_date":"2026-04-24T01:30:08","atum_locations":[],"atum_stock_status":"outofstock","restock_status":false,"low_stock_amount":2,"sales_update_date":"2026-04-24T01:30:06","calc_backorders":null,"acf":[],"yoast_head":"<!-- This site is optimized with the Yoast SEO plugin v27.4 - https:\/\/yoast.com\/product\/yoast-seo-wordpress\/ -->\n<title>Mad About Horror | 7ft Cellar Dweller Zombie Animated Prop<\/title>\n<meta name=\"description\" content=\"Cellar Zombie Animated Prop for Halloween. Shop Horror collectibles and Halloween props. Europe\u2019s leading Horror Specialist. UK stock. Fast delivery.\" \/>\n<meta name=\"robots\" content=\"index, follow, max-snippet:-1, max-image-preview:large, max-video-preview:-1\" \/>\n<link rel=\"canonical\" href=\"https:\/\/madabouthorror.co.uk\/fr\/product\/7ft-cellar-dweller-animated-prop\/\" \/>\n<meta property=\"og:locale\" content=\"fr_FR\" \/>\n<meta property=\"og:type\" content=\"article\" \/>\n<meta property=\"og:title\" content=\"Mad About Horror | 7ft Cellar Dweller Zombie Animated Prop\" \/>\n<meta property=\"og:description\" content=\"Cellar Zombie Animated Prop for Halloween. Shop Horror collectibles and Halloween props. Europe\u2019s leading Horror Specialist. UK stock. Fast delivery.\" \/>\n<meta property=\"og:url\" content=\"https:\/\/madabouthorror.co.uk\/fr\/product\/7ft-cellar-dweller-animated-prop\/\" \/>\n<meta property=\"og:site_name\" content=\"Mad About Horror\" \/>\n<meta property=\"article:publisher\" content=\"https:\/\/www.facebook.com\/madabouthorror\/\" \/>\n<meta property=\"article:modified_time\" content=\"2026-02-06T15:14:23+00:00\" \/>\n<meta property=\"og:image\" content=\"https:\/\/madabouthorror.co.uk\/wp-content\/uploads\/2021\/03\/Landingpagecircles-2copy11-ezgif.com-gif-to-webp-converter.webp\" \/>\n\t<meta property=\"og:image:width\" content=\"800\" \/>\n\t<meta property=\"og:image:height\" content=\"800\" \/>\n\t<meta property=\"og:image:type\" content=\"image\/webp\" \/>\n<meta name=\"twitter:card\" content=\"summary_large_image\" \/>\n<meta name=\"twitter:label1\" content=\"Dur\u00e9e de lecture estim\u00e9e\" \/>\n\t<meta name=\"twitter:data1\" content=\"2 minutes\" \/>\n<script type=\"application\/ld+json\" class=\"yoast-schema-graph\">{\"@context\":\"https:\\\/\\\/schema.org\",\"@graph\":[{\"@type\":[\"WebPage\",\"ItemPage\"],\"@id\":\"https:\\\/\\\/madabouthorror.co.uk\\\/product\\\/7ft-cellar-dweller-animated-prop\\\/\",\"url\":\"https:\\\/\\\/madabouthorror.co.uk\\\/product\\\/7ft-cellar-dweller-animated-prop\\\/\",\"name\":\"Mad About Horror | 7ft Cellar Dweller Zombie Animated Prop\",\"isPartOf\":{\"@id\":\"https:\\\/\\\/madabouthorror.co.uk\\\/#website\"},\"primaryImageOfPage\":{\"@id\":\"https:\\\/\\\/madabouthorror.co.uk\\\/product\\\/7ft-cellar-dweller-animated-prop\\\/#primaryimage\"},\"image\":{\"@id\":\"https:\\\/\\\/madabouthorror.co.uk\\\/product\\\/7ft-cellar-dweller-animated-prop\\\/#primaryimage\"},\"thumbnailUrl\":\"https:\\\/\\\/madabouthorror.co.uk\\\/wp-content\\\/uploads\\\/2021\\\/03\\\/Landingpagecircles-2copy11-ezgif.com-gif-to-webp-converter.webp\",\"datePublished\":\"2021-03-10T10:49:08+00:00\",\"dateModified\":\"2026-02-06T15:14:23+00:00\",\"description\":\"Cellar Zombie Animated Prop for Halloween. Shop Horror collectibles and Halloween props. Europe\u2019s leading Horror Specialist. UK stock. Fast delivery.\",\"breadcrumb\":{\"@id\":\"https:\\\/\\\/madabouthorror.co.uk\\\/product\\\/7ft-cellar-dweller-animated-prop\\\/#breadcrumb\"},\"inLanguage\":\"fr-FR\",\"potentialAction\":[{\"@type\":\"ReadAction\",\"target\":[\"https:\\\/\\\/madabouthorror.co.uk\\\/product\\\/7ft-cellar-dweller-animated-prop\\\/\"]}]},{\"@type\":\"ImageObject\",\"inLanguage\":\"fr-FR\",\"@id\":\"https:\\\/\\\/madabouthorror.co.uk\\\/product\\\/7ft-cellar-dweller-animated-prop\\\/#primaryimage\",\"url\":\"https:\\\/\\\/madabouthorror.co.uk\\\/wp-content\\\/uploads\\\/2021\\\/03\\\/Landingpagecircles-2copy11-ezgif.com-gif-to-webp-converter.webp\",\"contentUrl\":\"https:\\\/\\\/madabouthorror.co.uk\\\/wp-content\\\/uploads\\\/2021\\\/03\\\/Landingpagecircles-2copy11-ezgif.com-gif-to-webp-converter.webp\",\"width\":800,\"height\":800,\"caption\":\"Zombie Animated Prop\"},{\"@type\":\"BreadcrumbList\",\"@id\":\"https:\\\/\\\/madabouthorror.co.uk\\\/product\\\/7ft-cellar-dweller-animated-prop\\\/#breadcrumb\",\"itemListElement\":[{\"@type\":\"ListItem\",\"position\":1,\"name\":\"Shop\",\"item\":\"https:\\\/\\\/madabouthorror.co.uk\\\/shop\\\/\"},{\"@type\":\"ListItem\",\"position\":2,\"name\":\"7ft Cellar Dweller Animated Prop\"}]},{\"@type\":\"WebSite\",\"@id\":\"https:\\\/\\\/madabouthorror.co.uk\\\/#website\",\"url\":\"https:\\\/\\\/madabouthorror.co.uk\\\/\",\"name\":\"Mad About Horror\",\"description\":\"\",\"publisher\":{\"@id\":\"https:\\\/\\\/madabouthorror.co.uk\\\/#organization\"},\"alternateName\":\"Mad About Horror Limited\",\"potentialAction\":[{\"@type\":\"SearchAction\",\"target\":{\"@type\":\"EntryPoint\",\"urlTemplate\":\"https:\\\/\\\/madabouthorror.co.uk\\\/?s={search_term_string}\"},\"query-input\":{\"@type\":\"PropertyValueSpecification\",\"valueRequired\":true,\"valueName\":\"search_term_string\"}}],\"inLanguage\":\"fr-FR\"},{\"@type\":\"Organization\",\"@id\":\"https:\\\/\\\/madabouthorror.co.uk\\\/#organization\",\"name\":\"Mad About Horror\",\"url\":\"https:\\\/\\\/madabouthorror.co.uk\\\/\",\"logo\":{\"@type\":\"ImageObject\",\"inLanguage\":\"fr-FR\",\"@id\":\"https:\\\/\\\/madabouthorror.co.uk\\\/#\\\/schema\\\/logo\\\/image\\\/\",\"url\":\"https:\\\/\\\/madabouthorror.co.uk\\\/wp-content\\\/uploads\\\/2024\\\/02\\\/cropped-Logo.png\",\"contentUrl\":\"https:\\\/\\\/madabouthorror.co.uk\\\/wp-content\\\/uploads\\\/2024\\\/02\\\/cropped-Logo.png\",\"width\":240,\"height\":88,\"caption\":\"Mad About Horror\"},\"image\":{\"@id\":\"https:\\\/\\\/madabouthorror.co.uk\\\/#\\\/schema\\\/logo\\\/image\\\/\"},\"sameAs\":[\"https:\\\/\\\/www.facebook.com\\\/madabouthorror\\\/\",\"https:\\\/\\\/www.instagram.com\\\/madabouthorror\\\/\",\"https:\\\/\\\/www.pinterest.co.uk\\\/madabouthorror\\\/\",\"https:\\\/\\\/www.youtube.com\\\/channel\\\/UCBooLOIxjoQ89dj6T5lWm_w\",\"https:\\\/\\\/www.tiktok.com\\\/@weremadabouthorror\"]}]}<\/script>\n<!-- \/ Yoast SEO plugin. -->","yoast_head_json":{"title":"Mad About Horror - Propulseur anim\u00e9 de zombie de 7ft Cellar Dweller","description":"Zombie de la cave, accessoire anim\u00e9 pour Halloween. Boutique d'objets de collection d'horreur et d'accessoires d'Halloween. Le plus grand sp\u00e9cialiste europ\u00e9en de l'horreur. Stock au Royaume-Uni. Livraison rapide.","robots":{"index":"index","follow":"follow","max-snippet":"max-snippet:-1","max-image-preview":"max-image-preview:large","max-video-preview":"max-video-preview:-1"},"canonical":"https:\/\/madabouthorror.co.uk\/fr\/product\/7ft-cellar-dweller-animated-prop\/","og_locale":"fr_FR","og_type":"article","og_title":"Mad About Horror | 7ft Cellar Dweller Zombie Animated Prop","og_description":"Cellar Zombie Animated Prop for Halloween. Shop Horror collectibles and Halloween props. Europe\u2019s leading Horror Specialist. UK stock. Fast delivery.","og_url":"https:\/\/madabouthorror.co.uk\/fr\/product\/7ft-cellar-dweller-animated-prop\/","og_site_name":"Mad About Horror","article_publisher":"https:\/\/www.facebook.com\/madabouthorror\/","article_modified_time":"2026-02-06T15:14:23+00:00","og_image":[{"url":"https:\/\/madabouthorror.co.uk\/wp-content\/uploads\/2021\/03\/Landingpagecircles-2copy11-ezgif.com-gif-to-webp-converter.webp","width":800,"height":800,"type":"image\/webp"}],"twitter_card":"summary_large_image","twitter_misc":{"Dur\u00e9e de lecture estim\u00e9e":"2 minutes"},"schema":{"@context":"https:\/\/schema.org","@graph":[{"@type":["WebPage","ItemPage"],"@id":"https:\/\/madabouthorror.co.uk\/product\/7ft-cellar-dweller-animated-prop\/","url":"https:\/\/madabouthorror.co.uk\/product\/7ft-cellar-dweller-animated-prop\/","name":"Mad About Horror - Propulseur anim\u00e9 de zombie de 7ft Cellar Dweller","isPartOf":{"@id":"https:\/\/madabouthorror.co.uk\/#website"},"primaryImageOfPage":{"@id":"https:\/\/madabouthorror.co.uk\/product\/7ft-cellar-dweller-animated-prop\/#primaryimage"},"image":{"@id":"https:\/\/madabouthorror.co.uk\/product\/7ft-cellar-dweller-animated-prop\/#primaryimage"},"thumbnailUrl":"https:\/\/madabouthorror.co.uk\/wp-content\/uploads\/2021\/03\/Landingpagecircles-2copy11-ezgif.com-gif-to-webp-converter.webp","datePublished":"2021-03-10T10:49:08+00:00","dateModified":"2026-02-06T15:14:23+00:00","description":"Zombie de la cave, accessoire anim\u00e9 pour Halloween. Boutique d'objets de collection d'horreur et d'accessoires d'Halloween. Le plus grand sp\u00e9cialiste europ\u00e9en de l'horreur. Stock au Royaume-Uni. Livraison rapide.","breadcrumb":{"@id":"https:\/\/madabouthorror.co.uk\/product\/7ft-cellar-dweller-animated-prop\/#breadcrumb"},"inLanguage":"fr-FR","potentialAction":[{"@type":"ReadAction","target":["https:\/\/madabouthorror.co.uk\/product\/7ft-cellar-dweller-animated-prop\/"]}]},{"@type":"ImageObject","inLanguage":"fr-FR","@id":"https:\/\/madabouthorror.co.uk\/product\/7ft-cellar-dweller-animated-prop\/#primaryimage","url":"https:\/\/madabouthorror.co.uk\/wp-content\/uploads\/2021\/03\/Landingpagecircles-2copy11-ezgif.com-gif-to-webp-converter.webp","contentUrl":"https:\/\/madabouthorror.co.uk\/wp-content\/uploads\/2021\/03\/Landingpagecircles-2copy11-ezgif.com-gif-to-webp-converter.webp","width":800,"height":800,"caption":"Zombie Animated Prop"},{"@type":"BreadcrumbList","@id":"https:\/\/madabouthorror.co.uk\/product\/7ft-cellar-dweller-animated-prop\/#breadcrumb","itemListElement":[{"@type":"ListItem","position":1,"name":"Shop","item":"https:\/\/madabouthorror.co.uk\/shop\/"},{"@type":"ListItem","position":2,"name":"7ft Cellar Dweller Animated Prop"}]},{"@type":"WebSite","@id":"https:\/\/madabouthorror.co.uk\/#website","url":"https:\/\/madabouthorror.co.uk\/","name":"L'horreur en folie","description":"","publisher":{"@id":"https:\/\/madabouthorror.co.uk\/#organization"},"alternateName":"Mad About Horror Limited","potentialAction":[{"@type":"SearchAction","target":{"@type":"EntryPoint","urlTemplate":"https:\/\/madabouthorror.co.uk\/?s={search_term_string}"},"query-input":{"@type":"PropertyValueSpecification","valueRequired":true,"valueName":"search_term_string"}}],"inLanguage":"fr-FR"},{"@type":"Organization","@id":"https:\/\/madabouthorror.co.uk\/#organization","name":"L'horreur en folie","url":"https:\/\/madabouthorror.co.uk\/","logo":{"@type":"ImageObject","inLanguage":"fr-FR","@id":"https:\/\/madabouthorror.co.uk\/#\/schema\/logo\/image\/","url":"https:\/\/madabouthorror.co.uk\/wp-content\/uploads\/2024\/02\/cropped-Logo.png","contentUrl":"https:\/\/madabouthorror.co.uk\/wp-content\/uploads\/2024\/02\/cropped-Logo.png","width":240,"height":88,"caption":"Mad About Horror"},"image":{"@id":"https:\/\/madabouthorror.co.uk\/#\/schema\/logo\/image\/"},"sameAs":["https:\/\/www.facebook.com\/madabouthorror\/","https:\/\/www.instagram.com\/madabouthorror\/","https:\/\/www.pinterest.co.uk\/madabouthorror\/","https:\/\/www.youtube.com\/channel\/UCBooLOIxjoQ89dj6T5lWm_w","https:\/\/www.tiktok.com\/@weremadabouthorror"]}]}},"df_price":416.62,"df_sale_price":"","df_regular_price":416.62,"df_image_link":"https:\/\/madabouthorror.co.uk\/wp-content\/uploads\/2021\/03\/Landingpagecircles-2copy11-ezgif.com-gif-to-webp-converter-300x300.webp","_links":{"self":[{"href":"https:\/\/madabouthorror.co.uk\/fr\/wp-json\/wp\/v2\/product\/47381","targetHints":{"allow":["GET"]}}],"collection":[{"href":"https:\/\/madabouthorror.co.uk\/fr\/wp-json\/wp\/v2\/product"}],"about":[{"href":"https:\/\/madabouthorror.co.uk\/fr\/wp-json\/wp\/v2\/types\/product"}],"replies":[{"embeddable":true,"href":"https:\/\/madabouthorror.co.uk\/fr\/wp-json\/wp\/v2\/comments?post=47381"}],"wp:featuredmedia":[{"embeddable":true,"href":"https:\/\/madabouthorror.co.uk\/fr\/wp-json\/wp\/v2\/media\/543677"}],"wp:attachment":[{"href":"https:\/\/madabouthorror.co.uk\/fr\/wp-json\/wp\/v2\/media?parent=47381"}],"wp:term":[{"taxonomy":"product_brand","embeddable":true,"href":"https:\/\/madabouthorror.co.uk\/fr\/wp-json\/wp\/v2\/product_brand?post=47381"},{"taxonomy":"product_cat","embeddable":true,"href":"https:\/\/madabouthorror.co.uk\/fr\/wp-json\/wp\/v2\/product_cat?post=47381"},{"taxonomy":"product_tag","embeddable":true,"href":"https:\/\/madabouthorror.co.uk\/fr\/wp-json\/wp\/v2\/product_tag?post=47381"}],"curies":[{"name":"wp","href":"https:\/\/api.w.org\/{rel}","templated":true}]}}