{"id":474270,"date":"2024-02-12T15:17:36","date_gmt":"2024-02-12T15:17:36","guid":{"rendered":"https:\/\/madabouthorror.co.uk\/?post_type=product&#038;p=474270"},"modified":"2026-04-02T09:42:53","modified_gmt":"2026-04-02T08:42:53","slug":"saw-billy-costume","status":"publish","type":"product","link":"https:\/\/madabouthorror.co.uk\/fr\/product\/saw-billy-costume\/","title":{"rendered":"SAW - Costume de Billy"},"content":{"rendered":"<div class=\"description rte section cf not-in-quickbuy\">\n<p>Voici le costume sous licence officielle de Saw - Billy Puppet de Trick or Treat Studios ! Con\u00e7u \u00e0 partir de nombreuses captures d'\u00e9cran, chaque d\u00e9tail de Saw - Billy Puppet est captur\u00e9 dans cet incroyable costume. Il comprend une chemise, une cravate, un gilet, une veste, un pantalon et, bien s\u00fbr, des gants blancs. Le costume est de taille unique ; veuillez consulter le tableau des tailles dans les images du produit. <em>Masque vendu s\u00e9par\u00e9ment.<\/em> Procurez-vous le costume et le masque de Billy Puppet et demandez aux enfants s'ils veulent jouer \u00e0 un jeu le soir d'Halloween !<\/p>\n<\/div>\n<p><strong>Costume uniquement, masque vendu s\u00e9par\u00e9ment.<\/strong><\/p>\n<div class=\"rte cf light-inner-row not-in-quickbuy\">\n<p>Saw TM &amp; \u00a9 2014 Lions Gate Entertainment. Tous droits r\u00e9serv\u00e9s.<\/p>\n<\/div>\n<div class=\"not-in-quickbuy\">\n<div id=\"shopify-block-judge_me_reviews_review_widget_xnFJaM\" class=\"shopify-block shopify-app-block\">\n<div><\/div>\n<div id=\"judgeme_product_reviews\" class=\"jdgm-widget jdgm-review-widget jdgm--done-setup-widget jdgm-review-widget--small\" data-product-title=\"SAW - Billy Puppet Adult Costume\" data-id=\"8017773887775\" data-widget-name=\"review_widget\" data-impressions-tracked=\"true\" data-views-tracked=\"true\">\n<div class=\"jdgm-rev-widg\" data-updated-at=\"2024-02-27T19:39:20Z\" data-average-rating=\"0.00\" data-number-of-reviews=\"0\" data-number-of-questions=\"0\">\n<div class=\"jdgm-rev-widg__header\"><\/div>\n<\/div>\n<\/div>\n<\/div>\n<\/div>","protected":false},"excerpt":{"rendered":"<p>Voici le costume sous licence officielle de Saw - Billy Puppet de Trick or Treat Studios ! Con\u00e7u \u00e0 partir de nombreuses captures d'\u00e9cran, chaque d\u00e9tail de Saw - Billy Puppet est captur\u00e9 dans cet incroyable costume. Il comprend une chemise, une cravate, un gilet, une veste, un pantalon et, bien s\u00fbr, des gants blancs. Le costume est de taille unique ; veuillez consulter la [...]<\/p>","protected":false},"featured_media":481825,"comment_status":"closed","ping_status":"closed","template":"","meta":{"_acf_changed":false},"product_brand":[],"product_cat":[10074,10136,10135,7091,6551,10038,6792],"product_tag":[],"class_list":{"0":"post-474270","1":"product","2":"type-product","3":"status-publish","4":"has-post-thumbnail","6":"product_cat-costumes-trick-or-treat-studios","7":"product_cat-official-replica-dolls-props","8":"product_cat-saw-jigsaw","9":"product_cat-tv-movie","10":"product_cat-costumes","11":"product_cat-horror-gifts","12":"product_cat-trick-or-treat-studios","14":"first","15":"outofstock","16":"taxable","17":"shipping-taxable","18":"purchasable","19":"product-type-simple"},"supplier_id":471029,"supplier_sku":"TTLG109","barcode":"859182005750","atum_controlled":true,"out_stock_date":"2025-09-10 17:17:59","out_stock_threshold":null,"inheritable":false,"inbound_stock":6,"stock_on_hold":0,"sold_today":0,"sales_last_days":0,"reserved_stock":0,"customer_returns":0,"warehouse_damage":0,"lost_in_post":0,"other_logs":0,"out_stock_days":205,"lost_sales":5267,"has_location":false,"update_date":"2026-04-04T01:41:16","atum_locations":[],"atum_stock_status":"outofstock","restock_status":false,"low_stock_amount":1,"sales_update_date":"2026-04-04T01:41:14","calc_backorders":null,"acf":[],"yoast_head":"<!-- This site is optimized with the Yoast SEO plugin v27.3 - https:\/\/yoast.com\/product\/yoast-seo-wordpress\/ -->\n<title>SAW - Billy Costume | Mad About Horror<\/title>\n<meta name=\"description\" content=\"Officially licensed Saw - Billy Puppet Costume from Trick or Treat Studios! Available in the UK from Mad About Horror. Europe&#039;s leading horror specialist.\" \/>\n<meta name=\"robots\" content=\"index, follow, max-snippet:-1, max-image-preview:large, max-video-preview:-1\" \/>\n<link rel=\"canonical\" href=\"https:\/\/madabouthorror.co.uk\/fr\/product\/saw-billy-costume\/\" \/>\n<meta property=\"og:locale\" content=\"fr_FR\" \/>\n<meta property=\"og:type\" content=\"article\" \/>\n<meta property=\"og:title\" content=\"SAW - Billy Costume | Mad About Horror\" \/>\n<meta property=\"og:description\" content=\"Officially licensed Saw - Billy Puppet Costume from Trick or Treat Studios! Available in the UK from Mad About Horror. Europe&#039;s leading horror specialist.\" \/>\n<meta property=\"og:url\" content=\"https:\/\/madabouthorror.co.uk\/fr\/product\/saw-billy-costume\/\" \/>\n<meta property=\"og:site_name\" content=\"Mad About Horror\" \/>\n<meta property=\"article:publisher\" content=\"https:\/\/www.facebook.com\/madabouthorror\/\" \/>\n<meta property=\"article:modified_time\" content=\"2026-04-02T08:42:53+00:00\" \/>\n<meta property=\"og:image\" content=\"https:\/\/madabouthorror.co.uk\/wp-content\/uploads\/2024\/02\/1_17711f88-8f5a-4c9c-9268-d436e8d9cb0f_900x.jpg.webp\" \/>\n\t<meta property=\"og:image:width\" content=\"639\" \/>\n\t<meta property=\"og:image:height\" content=\"639\" \/>\n\t<meta property=\"og:image:type\" content=\"image\/webp\" \/>\n<meta name=\"twitter:card\" content=\"summary_large_image\" \/>\n<meta name=\"twitter:label1\" content=\"Dur\u00e9e de lecture estim\u00e9e\" \/>\n\t<meta name=\"twitter:data1\" content=\"1 minute\" \/>\n<script type=\"application\/ld+json\" class=\"yoast-schema-graph\">{\"@context\":\"https:\\\/\\\/schema.org\",\"@graph\":[{\"@type\":[\"WebPage\",\"ItemPage\"],\"@id\":\"https:\\\/\\\/madabouthorror.co.uk\\\/product\\\/saw-billy-costume\\\/\",\"url\":\"https:\\\/\\\/madabouthorror.co.uk\\\/product\\\/saw-billy-costume\\\/\",\"name\":\"SAW - Billy Costume | Mad About Horror\",\"isPartOf\":{\"@id\":\"https:\\\/\\\/madabouthorror.co.uk\\\/#website\"},\"primaryImageOfPage\":{\"@id\":\"https:\\\/\\\/madabouthorror.co.uk\\\/product\\\/saw-billy-costume\\\/#primaryimage\"},\"image\":{\"@id\":\"https:\\\/\\\/madabouthorror.co.uk\\\/product\\\/saw-billy-costume\\\/#primaryimage\"},\"thumbnailUrl\":\"https:\\\/\\\/madabouthorror.co.uk\\\/wp-content\\\/uploads\\\/2024\\\/02\\\/1_17711f88-8f5a-4c9c-9268-d436e8d9cb0f_900x.jpg.webp\",\"datePublished\":\"2024-02-12T15:17:36+00:00\",\"dateModified\":\"2026-04-02T08:42:53+00:00\",\"description\":\"Officially licensed Saw - Billy Puppet Costume from Trick or Treat Studios! Available in the UK from Mad About Horror. Europe's leading horror specialist.\",\"breadcrumb\":{\"@id\":\"https:\\\/\\\/madabouthorror.co.uk\\\/product\\\/saw-billy-costume\\\/#breadcrumb\"},\"inLanguage\":\"fr-FR\",\"potentialAction\":[{\"@type\":\"ReadAction\",\"target\":[\"https:\\\/\\\/madabouthorror.co.uk\\\/product\\\/saw-billy-costume\\\/\"]}]},{\"@type\":\"ImageObject\",\"inLanguage\":\"fr-FR\",\"@id\":\"https:\\\/\\\/madabouthorror.co.uk\\\/product\\\/saw-billy-costume\\\/#primaryimage\",\"url\":\"https:\\\/\\\/madabouthorror.co.uk\\\/wp-content\\\/uploads\\\/2024\\\/02\\\/1_17711f88-8f5a-4c9c-9268-d436e8d9cb0f_900x.jpg.webp\",\"contentUrl\":\"https:\\\/\\\/madabouthorror.co.uk\\\/wp-content\\\/uploads\\\/2024\\\/02\\\/1_17711f88-8f5a-4c9c-9268-d436e8d9cb0f_900x.jpg.webp\",\"width\":639,\"height\":639},{\"@type\":\"BreadcrumbList\",\"@id\":\"https:\\\/\\\/madabouthorror.co.uk\\\/product\\\/saw-billy-costume\\\/#breadcrumb\",\"itemListElement\":[{\"@type\":\"ListItem\",\"position\":1,\"name\":\"Shop\",\"item\":\"https:\\\/\\\/madabouthorror.co.uk\\\/shop\\\/\"},{\"@type\":\"ListItem\",\"position\":2,\"name\":\"SAW &#8211; Billy Costume\"}]},{\"@type\":\"WebSite\",\"@id\":\"https:\\\/\\\/madabouthorror.co.uk\\\/#website\",\"url\":\"https:\\\/\\\/madabouthorror.co.uk\\\/\",\"name\":\"Mad About Horror\",\"description\":\"\",\"publisher\":{\"@id\":\"https:\\\/\\\/madabouthorror.co.uk\\\/#organization\"},\"alternateName\":\"Mad About Horror Limited\",\"potentialAction\":[{\"@type\":\"SearchAction\",\"target\":{\"@type\":\"EntryPoint\",\"urlTemplate\":\"https:\\\/\\\/madabouthorror.co.uk\\\/?s={search_term_string}\"},\"query-input\":{\"@type\":\"PropertyValueSpecification\",\"valueRequired\":true,\"valueName\":\"search_term_string\"}}],\"inLanguage\":\"fr-FR\"},{\"@type\":\"Organization\",\"@id\":\"https:\\\/\\\/madabouthorror.co.uk\\\/#organization\",\"name\":\"Mad About Horror\",\"url\":\"https:\\\/\\\/madabouthorror.co.uk\\\/\",\"logo\":{\"@type\":\"ImageObject\",\"inLanguage\":\"fr-FR\",\"@id\":\"https:\\\/\\\/madabouthorror.co.uk\\\/#\\\/schema\\\/logo\\\/image\\\/\",\"url\":\"https:\\\/\\\/madabouthorror.co.uk\\\/wp-content\\\/uploads\\\/2024\\\/02\\\/cropped-Logo.png\",\"contentUrl\":\"https:\\\/\\\/madabouthorror.co.uk\\\/wp-content\\\/uploads\\\/2024\\\/02\\\/cropped-Logo.png\",\"width\":240,\"height\":88,\"caption\":\"Mad About Horror\"},\"image\":{\"@id\":\"https:\\\/\\\/madabouthorror.co.uk\\\/#\\\/schema\\\/logo\\\/image\\\/\"},\"sameAs\":[\"https:\\\/\\\/www.facebook.com\\\/madabouthorror\\\/\",\"https:\\\/\\\/www.instagram.com\\\/madabouthorror\\\/\",\"https:\\\/\\\/www.pinterest.co.uk\\\/madabouthorror\\\/\",\"https:\\\/\\\/www.youtube.com\\\/channel\\\/UCBooLOIxjoQ89dj6T5lWm_w\",\"https:\\\/\\\/www.tiktok.com\\\/@weremadabouthorror\"]}]}<\/script>\n<!-- \/ Yoast SEO plugin. -->","yoast_head_json":{"title":"SAW - Billy Costume | Mad About Horror","description":"Costume de marionnette Saw - Billy sous licence officielle de Trick or Treat Studios ! Disponible au Royaume-Uni aupr\u00e8s de Mad About Horror. Le plus grand sp\u00e9cialiste europ\u00e9en de l'horreur.","robots":{"index":"index","follow":"follow","max-snippet":"max-snippet:-1","max-image-preview":"max-image-preview:large","max-video-preview":"max-video-preview:-1"},"canonical":"https:\/\/madabouthorror.co.uk\/fr\/product\/saw-billy-costume\/","og_locale":"fr_FR","og_type":"article","og_title":"SAW - Billy Costume | Mad About Horror","og_description":"Officially licensed Saw - Billy Puppet Costume from Trick or Treat Studios! Available in the UK from Mad About Horror. Europe's leading horror specialist.","og_url":"https:\/\/madabouthorror.co.uk\/fr\/product\/saw-billy-costume\/","og_site_name":"Mad About Horror","article_publisher":"https:\/\/www.facebook.com\/madabouthorror\/","article_modified_time":"2026-04-02T08:42:53+00:00","og_image":[{"width":639,"height":639,"url":"https:\/\/madabouthorror.co.uk\/wp-content\/uploads\/2024\/02\/1_17711f88-8f5a-4c9c-9268-d436e8d9cb0f_900x.jpg.webp","type":"image\/webp"}],"twitter_card":"summary_large_image","twitter_misc":{"Dur\u00e9e de lecture estim\u00e9e":"1 minute"},"schema":{"@context":"https:\/\/schema.org","@graph":[{"@type":["WebPage","ItemPage"],"@id":"https:\/\/madabouthorror.co.uk\/product\/saw-billy-costume\/","url":"https:\/\/madabouthorror.co.uk\/product\/saw-billy-costume\/","name":"SAW - Billy Costume | Mad About Horror","isPartOf":{"@id":"https:\/\/madabouthorror.co.uk\/#website"},"primaryImageOfPage":{"@id":"https:\/\/madabouthorror.co.uk\/product\/saw-billy-costume\/#primaryimage"},"image":{"@id":"https:\/\/madabouthorror.co.uk\/product\/saw-billy-costume\/#primaryimage"},"thumbnailUrl":"https:\/\/madabouthorror.co.uk\/wp-content\/uploads\/2024\/02\/1_17711f88-8f5a-4c9c-9268-d436e8d9cb0f_900x.jpg.webp","datePublished":"2024-02-12T15:17:36+00:00","dateModified":"2026-04-02T08:42:53+00:00","description":"Costume de marionnette Saw - Billy sous licence officielle de Trick or Treat Studios ! Disponible au Royaume-Uni aupr\u00e8s de Mad About Horror. Le plus grand sp\u00e9cialiste europ\u00e9en de l'horreur.","breadcrumb":{"@id":"https:\/\/madabouthorror.co.uk\/product\/saw-billy-costume\/#breadcrumb"},"inLanguage":"fr-FR","potentialAction":[{"@type":"ReadAction","target":["https:\/\/madabouthorror.co.uk\/product\/saw-billy-costume\/"]}]},{"@type":"ImageObject","inLanguage":"fr-FR","@id":"https:\/\/madabouthorror.co.uk\/product\/saw-billy-costume\/#primaryimage","url":"https:\/\/madabouthorror.co.uk\/wp-content\/uploads\/2024\/02\/1_17711f88-8f5a-4c9c-9268-d436e8d9cb0f_900x.jpg.webp","contentUrl":"https:\/\/madabouthorror.co.uk\/wp-content\/uploads\/2024\/02\/1_17711f88-8f5a-4c9c-9268-d436e8d9cb0f_900x.jpg.webp","width":639,"height":639},{"@type":"BreadcrumbList","@id":"https:\/\/madabouthorror.co.uk\/product\/saw-billy-costume\/#breadcrumb","itemListElement":[{"@type":"ListItem","position":1,"name":"Shop","item":"https:\/\/madabouthorror.co.uk\/shop\/"},{"@type":"ListItem","position":2,"name":"SAW &#8211; Billy Costume"}]},{"@type":"WebSite","@id":"https:\/\/madabouthorror.co.uk\/#website","url":"https:\/\/madabouthorror.co.uk\/","name":"L'horreur en folie","description":"","publisher":{"@id":"https:\/\/madabouthorror.co.uk\/#organization"},"alternateName":"Mad About Horror Limited","potentialAction":[{"@type":"SearchAction","target":{"@type":"EntryPoint","urlTemplate":"https:\/\/madabouthorror.co.uk\/?s={search_term_string}"},"query-input":{"@type":"PropertyValueSpecification","valueRequired":true,"valueName":"search_term_string"}}],"inLanguage":"fr-FR"},{"@type":"Organization","@id":"https:\/\/madabouthorror.co.uk\/#organization","name":"L'horreur en folie","url":"https:\/\/madabouthorror.co.uk\/","logo":{"@type":"ImageObject","inLanguage":"fr-FR","@id":"https:\/\/madabouthorror.co.uk\/#\/schema\/logo\/image\/","url":"https:\/\/madabouthorror.co.uk\/wp-content\/uploads\/2024\/02\/cropped-Logo.png","contentUrl":"https:\/\/madabouthorror.co.uk\/wp-content\/uploads\/2024\/02\/cropped-Logo.png","width":240,"height":88,"caption":"Mad About Horror"},"image":{"@id":"https:\/\/madabouthorror.co.uk\/#\/schema\/logo\/image\/"},"sameAs":["https:\/\/www.facebook.com\/madabouthorror\/","https:\/\/www.instagram.com\/madabouthorror\/","https:\/\/www.pinterest.co.uk\/madabouthorror\/","https:\/\/www.youtube.com\/channel\/UCBooLOIxjoQ89dj6T5lWm_w","https:\/\/www.tiktok.com\/@weremadabouthorror"]}]}},"df_price":78.08,"df_sale_price":"","df_regular_price":78.08,"df_image_link":"https:\/\/madabouthorror.co.uk\/wp-content\/uploads\/2024\/02\/1_17711f88-8f5a-4c9c-9268-d436e8d9cb0f_900x.jpg-300x300.webp","_links":{"self":[{"href":"https:\/\/madabouthorror.co.uk\/fr\/wp-json\/wp\/v2\/product\/474270","targetHints":{"allow":["GET"]}}],"collection":[{"href":"https:\/\/madabouthorror.co.uk\/fr\/wp-json\/wp\/v2\/product"}],"about":[{"href":"https:\/\/madabouthorror.co.uk\/fr\/wp-json\/wp\/v2\/types\/product"}],"replies":[{"embeddable":true,"href":"https:\/\/madabouthorror.co.uk\/fr\/wp-json\/wp\/v2\/comments?post=474270"}],"wp:featuredmedia":[{"embeddable":true,"href":"https:\/\/madabouthorror.co.uk\/fr\/wp-json\/wp\/v2\/media\/481825"}],"wp:attachment":[{"href":"https:\/\/madabouthorror.co.uk\/fr\/wp-json\/wp\/v2\/media?parent=474270"}],"wp:term":[{"taxonomy":"product_brand","embeddable":true,"href":"https:\/\/madabouthorror.co.uk\/fr\/wp-json\/wp\/v2\/product_brand?post=474270"},{"taxonomy":"product_cat","embeddable":true,"href":"https:\/\/madabouthorror.co.uk\/fr\/wp-json\/wp\/v2\/product_cat?post=474270"},{"taxonomy":"product_tag","embeddable":true,"href":"https:\/\/madabouthorror.co.uk\/fr\/wp-json\/wp\/v2\/product_tag?post=474270"}],"curies":[{"name":"wp","href":"https:\/\/api.w.org\/{rel}","templated":true}]}}