{"id":474337,"date":"2024-02-13T12:13:29","date_gmt":"2024-02-13T12:13:29","guid":{"rendered":"https:\/\/madabouthorror.co.uk\/?post_type=product&#038;p=474337"},"modified":"2026-05-06T19:12:31","modified_gmt":"2026-05-06T18:12:31","slug":"goosebumps-slappy-mask-vinyl","status":"publish","type":"product","link":"https:\/\/madabouthorror.co.uk\/fr\/product\/goosebumps-slappy-mask-vinyl\/","title":{"rendered":"Goosebumps - Slappy Mask (Vinyle)"},"content":{"rendered":"<p>Pr\u00e9sentation du masque Slappy Goosebumps sous licence officielle, un v\u00e9ritable objet de collection pour les fans de la s\u00e9rie embl\u00e9matique. Inspir\u00e9 par l'un des personnages les plus notoires, Slappy le Marionnette, ce masque m\u00e9ticuleusement con\u00e7u capture son expression sinistre et son charme effrayant. Slappy est apparu pour la premi\u00e8re fois dans le classique La Nuit des marionnettes vivantes, et est depuis devenu un favori des fans. Avec une attention incroyable aux d\u00e9tails, ce masque donne vie \u00e0 la marionnette mal\u00e9fique, ce qui en fait l'ajout parfait \u00e0 votre collection ou \u00e0 votre costume d'Halloween. Ne manquez pas cette occasion, procurez-vous votre masque Slappy d\u00e8s aujourd'hui !<\/p>","protected":false},"excerpt":{"rendered":"<p>Pr\u00e9sentation du masque officiellement sous licence Goosebumps Slappy, un v\u00e9ritable objet de collection pour les fans de la s\u00e9rie embl\u00e9matique. Inspir\u00e9 par l'un des personnages les plus notoires, Slappy le pantin, ce masque m\u00e9ticuleusement con\u00e7u capture son expression sinistre et son charme effrayant. Slappy est apparu pour la premi\u00e8re fois dans le classique La Nuit du pantin mal\u00e9fique, et est depuis devenu un [\u2026]<\/p>","protected":false},"featured_media":490892,"comment_status":"closed","ping_status":"closed","template":"","meta":{"_acf_changed":false},"product_brand":[],"product_cat":[6580,10038,9962,6541,6780,6627,8802,6792,6657],"product_tag":[],"class_list":{"0":"post-474337","1":"product","2":"type-product","3":"status-publish","4":"has-post-thumbnail","6":"product_cat-movie-tv","7":"product_cat-horror-gifts","8":"product_cat-trick-or-treat-studios-masks","9":"product_cat-masks","10":"product_cat-brand","11":"product_cat-movie","12":"product_cat-sale","13":"product_cat-trick-or-treat-studios","14":"product_cat-goosebumps","16":"first","17":"instock","18":"sale","19":"taxable","20":"shipping-taxable","21":"purchasable","22":"product-type-simple"},"supplier_id":467429,"supplier_sku":"TTSP116-s3","barcode":"810116282937","atum_controlled":true,"out_stock_date":null,"out_stock_threshold":null,"inheritable":false,"inbound_stock":0,"stock_on_hold":0,"sold_today":0,"sales_last_days":1,"reserved_stock":0,"customer_returns":0,"warehouse_damage":0,"lost_in_post":0,"other_logs":0,"out_stock_days":0,"lost_sales":0,"has_location":false,"update_date":"2026-05-13T02:02:26","atum_locations":[],"atum_stock_status":"instock","restock_status":false,"low_stock_amount":2,"sales_update_date":"2026-05-13T02:02:24","calc_backorders":null,"acf":[],"yoast_head":"<!-- This site is optimized with the Yoast SEO plugin v27.6 - https:\/\/yoast.com\/product\/yoast-seo-wordpress\/ -->\n<title>Goosebumps - Slappy Mask (Vinyl) | UK Stock<\/title>\n<meta name=\"description\" content=\"Officially licensed Goosebumps Slappy Mask. Shop Horror collectibles and Halloween props. Europe&#039;s leading horror collectibles specialist.\" \/>\n<meta name=\"robots\" content=\"index, follow, max-snippet:-1, max-image-preview:large, max-video-preview:-1\" \/>\n<link rel=\"canonical\" href=\"https:\/\/madabouthorror.co.uk\/fr\/product\/goosebumps-slappy-mask-vinyl\/\" \/>\n<meta property=\"og:locale\" content=\"fr_FR\" \/>\n<meta property=\"og:type\" content=\"article\" \/>\n<meta property=\"og:title\" content=\"Goosebumps - Slappy Mask (Vinyl) | UK Stock\" \/>\n<meta property=\"og:description\" content=\"Officially licensed Goosebumps Slappy Mask. Shop Horror collectibles and Halloween props. Europe&#039;s leading horror collectibles specialist.\" \/>\n<meta property=\"og:url\" content=\"https:\/\/madabouthorror.co.uk\/fr\/product\/goosebumps-slappy-mask-vinyl\/\" \/>\n<meta property=\"og:site_name\" content=\"Mad About Horror\" \/>\n<meta property=\"article:publisher\" content=\"https:\/\/www.facebook.com\/madabouthorror\/\" \/>\n<meta property=\"article:modified_time\" content=\"2026-05-06T18:12:31+00:00\" \/>\n<meta property=\"og:image\" content=\"https:\/\/madabouthorror.co.uk\/wp-content\/uploads\/2024\/02\/slappy-mask.jpg\" \/>\n\t<meta property=\"og:image:width\" content=\"1772\" \/>\n\t<meta property=\"og:image:height\" content=\"1772\" \/>\n\t<meta property=\"og:image:type\" content=\"image\/jpeg\" \/>\n<meta name=\"twitter:card\" content=\"summary_large_image\" \/>\n<meta name=\"twitter:label1\" content=\"Dur\u00e9e de lecture estim\u00e9e\" \/>\n\t<meta name=\"twitter:data1\" content=\"1 minute\" \/>\n<script type=\"application\/ld+json\" class=\"yoast-schema-graph\">{\"@context\":\"https:\\\/\\\/schema.org\",\"@graph\":[{\"@type\":[\"WebPage\",\"ItemPage\"],\"@id\":\"https:\\\/\\\/madabouthorror.co.uk\\\/product\\\/goosebumps-slappy-mask-vinyl\\\/\",\"url\":\"https:\\\/\\\/madabouthorror.co.uk\\\/product\\\/goosebumps-slappy-mask-vinyl\\\/\",\"name\":\"Goosebumps - Slappy Mask (Vinyl) | UK Stock\",\"isPartOf\":{\"@id\":\"https:\\\/\\\/madabouthorror.co.uk\\\/#website\"},\"primaryImageOfPage\":{\"@id\":\"https:\\\/\\\/madabouthorror.co.uk\\\/product\\\/goosebumps-slappy-mask-vinyl\\\/#primaryimage\"},\"image\":{\"@id\":\"https:\\\/\\\/madabouthorror.co.uk\\\/product\\\/goosebumps-slappy-mask-vinyl\\\/#primaryimage\"},\"thumbnailUrl\":\"https:\\\/\\\/madabouthorror.co.uk\\\/wp-content\\\/uploads\\\/2024\\\/02\\\/slappy-mask.jpg\",\"datePublished\":\"2024-02-13T12:13:29+00:00\",\"dateModified\":\"2026-05-06T18:12:31+00:00\",\"description\":\"Officially licensed Goosebumps Slappy Mask. Shop Horror collectibles and Halloween props. Europe's leading horror collectibles specialist.\",\"breadcrumb\":{\"@id\":\"https:\\\/\\\/madabouthorror.co.uk\\\/product\\\/goosebumps-slappy-mask-vinyl\\\/#breadcrumb\"},\"inLanguage\":\"fr-FR\",\"potentialAction\":[{\"@type\":\"ReadAction\",\"target\":[\"https:\\\/\\\/madabouthorror.co.uk\\\/product\\\/goosebumps-slappy-mask-vinyl\\\/\"]}]},{\"@type\":\"ImageObject\",\"inLanguage\":\"fr-FR\",\"@id\":\"https:\\\/\\\/madabouthorror.co.uk\\\/product\\\/goosebumps-slappy-mask-vinyl\\\/#primaryimage\",\"url\":\"https:\\\/\\\/madabouthorror.co.uk\\\/wp-content\\\/uploads\\\/2024\\\/02\\\/slappy-mask.jpg\",\"contentUrl\":\"https:\\\/\\\/madabouthorror.co.uk\\\/wp-content\\\/uploads\\\/2024\\\/02\\\/slappy-mask.jpg\",\"width\":1772,\"height\":1772,\"caption\":\"Goosebumps Slappy Mask\"},{\"@type\":\"BreadcrumbList\",\"@id\":\"https:\\\/\\\/madabouthorror.co.uk\\\/product\\\/goosebumps-slappy-mask-vinyl\\\/#breadcrumb\",\"itemListElement\":[{\"@type\":\"ListItem\",\"position\":1,\"name\":\"Shop\",\"item\":\"https:\\\/\\\/madabouthorror.co.uk\\\/shop\\\/\"},{\"@type\":\"ListItem\",\"position\":2,\"name\":\"Goosebumps &#8211; Slappy Mask (Vinyl)\"}]},{\"@type\":\"WebSite\",\"@id\":\"https:\\\/\\\/madabouthorror.co.uk\\\/#website\",\"url\":\"https:\\\/\\\/madabouthorror.co.uk\\\/\",\"name\":\"Mad About Horror\",\"description\":\"\",\"publisher\":{\"@id\":\"https:\\\/\\\/madabouthorror.co.uk\\\/#organization\"},\"alternateName\":\"Mad About Horror Limited\",\"potentialAction\":[{\"@type\":\"SearchAction\",\"target\":{\"@type\":\"EntryPoint\",\"urlTemplate\":\"https:\\\/\\\/madabouthorror.co.uk\\\/?s={search_term_string}\"},\"query-input\":{\"@type\":\"PropertyValueSpecification\",\"valueRequired\":true,\"valueName\":\"search_term_string\"}}],\"inLanguage\":\"fr-FR\"},{\"@type\":\"Organization\",\"@id\":\"https:\\\/\\\/madabouthorror.co.uk\\\/#organization\",\"name\":\"Mad About Horror\",\"url\":\"https:\\\/\\\/madabouthorror.co.uk\\\/\",\"logo\":{\"@type\":\"ImageObject\",\"inLanguage\":\"fr-FR\",\"@id\":\"https:\\\/\\\/madabouthorror.co.uk\\\/#\\\/schema\\\/logo\\\/image\\\/\",\"url\":\"https:\\\/\\\/madabouthorror.co.uk\\\/wp-content\\\/uploads\\\/2024\\\/02\\\/cropped-Logo.png\",\"contentUrl\":\"https:\\\/\\\/madabouthorror.co.uk\\\/wp-content\\\/uploads\\\/2024\\\/02\\\/cropped-Logo.png\",\"width\":240,\"height\":88,\"caption\":\"Mad About Horror\"},\"image\":{\"@id\":\"https:\\\/\\\/madabouthorror.co.uk\\\/#\\\/schema\\\/logo\\\/image\\\/\"},\"sameAs\":[\"https:\\\/\\\/www.facebook.com\\\/madabouthorror\\\/\",\"https:\\\/\\\/www.instagram.com\\\/madabouthorror\\\/\",\"https:\\\/\\\/www.pinterest.co.uk\\\/madabouthorror\\\/\",\"https:\\\/\\\/www.youtube.com\\\/channel\\\/UCBooLOIxjoQ89dj6T5lWm_w\",\"https:\\\/\\\/www.tiktok.com\\\/@weremadabouthorror\"]}]}<\/script>\n<!-- \/ Yoast SEO plugin. -->","yoast_head_json":{"title":"Chair de poule - Masque Slappy (Vinyle) | Stock Royaume-Uni","description":"Masque Slappy sous licence officielle Goosebumps. Achetez des objets de collection d'horreur et des accessoires d'Halloween. Le sp\u00e9cialiste europ\u00e9en des objets de collection d'horreur.","robots":{"index":"index","follow":"follow","max-snippet":"max-snippet:-1","max-image-preview":"max-image-preview:large","max-video-preview":"max-video-preview:-1"},"canonical":"https:\/\/madabouthorror.co.uk\/fr\/product\/goosebumps-slappy-mask-vinyl\/","og_locale":"fr_FR","og_type":"article","og_title":"Goosebumps - Slappy Mask (Vinyl) | UK Stock","og_description":"Officially licensed Goosebumps Slappy Mask. Shop Horror collectibles and Halloween props. Europe's leading horror collectibles specialist.","og_url":"https:\/\/madabouthorror.co.uk\/fr\/product\/goosebumps-slappy-mask-vinyl\/","og_site_name":"Mad About Horror","article_publisher":"https:\/\/www.facebook.com\/madabouthorror\/","article_modified_time":"2026-05-06T18:12:31+00:00","og_image":[{"width":1772,"height":1772,"url":"https:\/\/madabouthorror.co.uk\/wp-content\/uploads\/2024\/02\/slappy-mask.jpg","type":"image\/jpeg"}],"twitter_card":"summary_large_image","twitter_misc":{"Dur\u00e9e de lecture estim\u00e9e":"1 minute"},"schema":{"@context":"https:\/\/schema.org","@graph":[{"@type":["WebPage","ItemPage"],"@id":"https:\/\/madabouthorror.co.uk\/product\/goosebumps-slappy-mask-vinyl\/","url":"https:\/\/madabouthorror.co.uk\/product\/goosebumps-slappy-mask-vinyl\/","name":"Chair de poule - Masque Slappy (Vinyle) | Stock Royaume-Uni","isPartOf":{"@id":"https:\/\/madabouthorror.co.uk\/#website"},"primaryImageOfPage":{"@id":"https:\/\/madabouthorror.co.uk\/product\/goosebumps-slappy-mask-vinyl\/#primaryimage"},"image":{"@id":"https:\/\/madabouthorror.co.uk\/product\/goosebumps-slappy-mask-vinyl\/#primaryimage"},"thumbnailUrl":"https:\/\/madabouthorror.co.uk\/wp-content\/uploads\/2024\/02\/slappy-mask.jpg","datePublished":"2024-02-13T12:13:29+00:00","dateModified":"2026-05-06T18:12:31+00:00","description":"Masque Slappy sous licence officielle Goosebumps. Achetez des objets de collection d'horreur et des accessoires d'Halloween. Le sp\u00e9cialiste europ\u00e9en des objets de collection d'horreur.","breadcrumb":{"@id":"https:\/\/madabouthorror.co.uk\/product\/goosebumps-slappy-mask-vinyl\/#breadcrumb"},"inLanguage":"fr-FR","potentialAction":[{"@type":"ReadAction","target":["https:\/\/madabouthorror.co.uk\/product\/goosebumps-slappy-mask-vinyl\/"]}]},{"@type":"ImageObject","inLanguage":"fr-FR","@id":"https:\/\/madabouthorror.co.uk\/product\/goosebumps-slappy-mask-vinyl\/#primaryimage","url":"https:\/\/madabouthorror.co.uk\/wp-content\/uploads\/2024\/02\/slappy-mask.jpg","contentUrl":"https:\/\/madabouthorror.co.uk\/wp-content\/uploads\/2024\/02\/slappy-mask.jpg","width":1772,"height":1772,"caption":"Goosebumps Slappy Mask"},{"@type":"BreadcrumbList","@id":"https:\/\/madabouthorror.co.uk\/product\/goosebumps-slappy-mask-vinyl\/#breadcrumb","itemListElement":[{"@type":"ListItem","position":1,"name":"Shop","item":"https:\/\/madabouthorror.co.uk\/shop\/"},{"@type":"ListItem","position":2,"name":"Goosebumps &#8211; Slappy Mask (Vinyl)"}]},{"@type":"WebSite","@id":"https:\/\/madabouthorror.co.uk\/#website","url":"https:\/\/madabouthorror.co.uk\/","name":"L'horreur en folie","description":"","publisher":{"@id":"https:\/\/madabouthorror.co.uk\/#organization"},"alternateName":"Mad About Horror Limited","potentialAction":[{"@type":"SearchAction","target":{"@type":"EntryPoint","urlTemplate":"https:\/\/madabouthorror.co.uk\/?s={search_term_string}"},"query-input":{"@type":"PropertyValueSpecification","valueRequired":true,"valueName":"search_term_string"}}],"inLanguage":"fr-FR"},{"@type":"Organization","@id":"https:\/\/madabouthorror.co.uk\/#organization","name":"L'horreur en folie","url":"https:\/\/madabouthorror.co.uk\/","logo":{"@type":"ImageObject","inLanguage":"fr-FR","@id":"https:\/\/madabouthorror.co.uk\/#\/schema\/logo\/image\/","url":"https:\/\/madabouthorror.co.uk\/wp-content\/uploads\/2024\/02\/cropped-Logo.png","contentUrl":"https:\/\/madabouthorror.co.uk\/wp-content\/uploads\/2024\/02\/cropped-Logo.png","width":240,"height":88,"caption":"Mad About Horror"},"image":{"@id":"https:\/\/madabouthorror.co.uk\/#\/schema\/logo\/image\/"},"sameAs":["https:\/\/www.facebook.com\/madabouthorror\/","https:\/\/www.instagram.com\/madabouthorror\/","https:\/\/www.pinterest.co.uk\/madabouthorror\/","https:\/\/www.youtube.com\/channel\/UCBooLOIxjoQ89dj6T5lWm_w","https:\/\/www.tiktok.com\/@weremadabouthorror"]}]}},"df_price":39.95,"df_sale_price":39.95,"df_regular_price":54.95,"df_image_link":"https:\/\/madabouthorror.co.uk\/wp-content\/uploads\/2024\/02\/slappy-mask-300x300.jpg","_links":{"self":[{"href":"https:\/\/madabouthorror.co.uk\/fr\/wp-json\/wp\/v2\/product\/474337","targetHints":{"allow":["GET"]}}],"collection":[{"href":"https:\/\/madabouthorror.co.uk\/fr\/wp-json\/wp\/v2\/product"}],"about":[{"href":"https:\/\/madabouthorror.co.uk\/fr\/wp-json\/wp\/v2\/types\/product"}],"replies":[{"embeddable":true,"href":"https:\/\/madabouthorror.co.uk\/fr\/wp-json\/wp\/v2\/comments?post=474337"}],"wp:featuredmedia":[{"embeddable":true,"href":"https:\/\/madabouthorror.co.uk\/fr\/wp-json\/wp\/v2\/media\/490892"}],"wp:attachment":[{"href":"https:\/\/madabouthorror.co.uk\/fr\/wp-json\/wp\/v2\/media?parent=474337"}],"wp:term":[{"taxonomy":"product_brand","embeddable":true,"href":"https:\/\/madabouthorror.co.uk\/fr\/wp-json\/wp\/v2\/product_brand?post=474337"},{"taxonomy":"product_cat","embeddable":true,"href":"https:\/\/madabouthorror.co.uk\/fr\/wp-json\/wp\/v2\/product_cat?post=474337"},{"taxonomy":"product_tag","embeddable":true,"href":"https:\/\/madabouthorror.co.uk\/fr\/wp-json\/wp\/v2\/product_tag?post=474337"}],"curies":[{"name":"wp","href":"https:\/\/api.w.org\/{rel}","templated":true}]}}