{"id":47464,"date":"2021-03-16T18:59:58","date_gmt":"2021-03-16T18:59:58","guid":{"rendered":"https:\/\/mah.6bdv.ws\/product\/woodsboro-city-limits-replica-rusty-street-sign\/"},"modified":"2025-11-13T07:23:00","modified_gmt":"2025-11-13T07:23:00","slug":"woodsboro-city-limits-replica-rusty-street-sign","status":"publish","type":"product","link":"https:\/\/madabouthorror.co.uk\/fr\/product\/woodsboro-city-limits-replica-rusty-street-sign\/","title":{"rendered":"R\u00e9plique de panneau de signalisation rouill\u00e9 des limites de la ville de Woodsboro"},"content":{"rendered":"<h4>Panneau de signalisation rouill\u00e9 r\u00e9plique des limites de la ville de Woodsboro<\/h4>\n<p>&nbsp;<\/p>\n<p>Nous sommes fiers de vous pr\u00e9senter le travail impressionnant de Burkbench Designs.<\/p>\n<p>Cette r\u00e9plique du panneau de signalisation de Woodsboro City Limits a \u00e9t\u00e9 sculpt\u00e9e et form\u00e9e sous vide en plastique ABS de 2 mm. La version \"Rusty\" pr\u00e9sente des d\u00e9tails vieillis tr\u00e8s int\u00e9ressants. C'est un excellent ajout \u00e0 toute collection de fans de Scream. Elle est superbe seule ou pour ajouter une touche finale \u00e0 votre pr\u00e9sentation de Ghost Face.<\/p>","protected":false},"excerpt":{"rendered":"<p>Woodsboro City Limits Replica Rusty Street Sign Nous sommes fiers de vous pr\u00e9senter le travail impressionnant de Burkbench Designs. Cette r\u00e9plique du panneau de signalisation de Woodsboro City Limits a \u00e9t\u00e9 sculpt\u00e9e et form\u00e9e sous vide en plastique ABS de 2 mm. La version \"Rusty\" pr\u00e9sente des d\u00e9tails vieillis tr\u00e8s int\u00e9ressants. C'est un excellent ajout \u00e0 toute collection de fans de Scream. Cette r\u00e9plique est impressionnante [...]<\/p>","protected":false},"featured_media":47462,"comment_status":"closed","ping_status":"closed","template":"","meta":{"_acf_changed":false},"product_brand":[],"product_cat":[10041,10038,6552,6554],"product_tag":[],"class_list":{"0":"post-47464","1":"product","2":"type-product","3":"status-publish","4":"has-post-thumbnail","6":"product_cat-gifts-under-50","7":"product_cat-horror-gifts","8":"product_cat-accessories","9":"product_cat-weapons","10":"product_shipping_class-small-parcel-economy-3-5-business-days","11":"pa_brand-burkbenchdesigns","12":"pa_character-scream","13":"pa_google_tax-ba-artsentertainmenthobbiescr","15":"first","16":"outofstock","17":"taxable","18":"shipping-taxable","19":"purchasable","20":"product-type-simple"},"supplier_id":467463,"supplier_sku":"","barcode":"","atum_controlled":true,"out_stock_date":"2025-11-13 07:23:01","out_stock_threshold":null,"inheritable":false,"inbound_stock":0,"stock_on_hold":0,"sold_today":0,"sales_last_days":0,"reserved_stock":0,"customer_returns":0,"warehouse_damage":0,"lost_in_post":0,"other_logs":0,"out_stock_days":143,"lost_sales":734,"has_location":false,"update_date":"2026-04-06T00:26:40","atum_locations":[],"atum_stock_status":"outofstock","restock_status":false,"low_stock_amount":"","sales_update_date":"2026-04-06T00:26:39","calc_backorders":null,"acf":[],"yoast_head":"<!-- This site is optimized with the Yoast SEO plugin v27.3 - https:\/\/yoast.com\/product\/yoast-seo-wordpress\/ -->\n<title>Woodboro City Limits Rusty Sign | Ghost Face | Mad About Horror<\/title>\n<meta name=\"description\" content=\"It&#039;s a Scream Baby! Replica Woodsboro City Limits sign, perfect for Ghost Face fans! Despatched by Mad About Horror. Call 01482 935936\" \/>\n<meta name=\"robots\" content=\"index, follow, max-snippet:-1, max-image-preview:large, max-video-preview:-1\" \/>\n<link rel=\"canonical\" href=\"https:\/\/madabouthorror.co.uk\/fr\/product\/woodsboro-city-limits-replica-rusty-street-sign\/\" \/>\n<meta property=\"og:locale\" content=\"fr_FR\" \/>\n<meta property=\"og:type\" content=\"article\" \/>\n<meta property=\"og:title\" content=\"Woodboro City Limits Rusty Sign | Ghost Face | Mad About Horror\" \/>\n<meta property=\"og:description\" content=\"It&#039;s a Scream Baby! Replica Woodsboro City Limits sign, perfect for Ghost Face fans! Despatched by Mad About Horror. Call 01482 935936\" \/>\n<meta property=\"og:url\" content=\"https:\/\/madabouthorror.co.uk\/fr\/product\/woodsboro-city-limits-replica-rusty-street-sign\/\" \/>\n<meta property=\"og:site_name\" content=\"Mad About Horror\" \/>\n<meta property=\"article:publisher\" content=\"https:\/\/www.facebook.com\/madabouthorror\/\" \/>\n<meta property=\"article:modified_time\" content=\"2025-11-13T07:23:00+00:00\" \/>\n<meta property=\"og:image\" content=\"https:\/\/madabouthorror.co.uk\/wp-content\/uploads\/2021\/03\/burkbench_scream_woodsboro_city_limits_sign_rusted.jpg\" \/>\n\t<meta property=\"og:image:width\" content=\"670\" \/>\n\t<meta property=\"og:image:height\" content=\"670\" \/>\n\t<meta property=\"og:image:type\" content=\"image\/jpeg\" \/>\n<meta name=\"twitter:card\" content=\"summary_large_image\" \/>\n<script type=\"application\/ld+json\" class=\"yoast-schema-graph\">{\"@context\":\"https:\\\/\\\/schema.org\",\"@graph\":[{\"@type\":[\"WebPage\",\"ItemPage\"],\"@id\":\"https:\\\/\\\/madabouthorror.co.uk\\\/product\\\/woodsboro-city-limits-replica-rusty-street-sign\\\/\",\"url\":\"https:\\\/\\\/madabouthorror.co.uk\\\/product\\\/woodsboro-city-limits-replica-rusty-street-sign\\\/\",\"name\":\"Woodboro City Limits Rusty Sign | Ghost Face | Mad About Horror\",\"isPartOf\":{\"@id\":\"https:\\\/\\\/madabouthorror.co.uk\\\/#website\"},\"primaryImageOfPage\":{\"@id\":\"https:\\\/\\\/madabouthorror.co.uk\\\/product\\\/woodsboro-city-limits-replica-rusty-street-sign\\\/#primaryimage\"},\"image\":{\"@id\":\"https:\\\/\\\/madabouthorror.co.uk\\\/product\\\/woodsboro-city-limits-replica-rusty-street-sign\\\/#primaryimage\"},\"thumbnailUrl\":\"https:\\\/\\\/madabouthorror.co.uk\\\/wp-content\\\/uploads\\\/2021\\\/03\\\/burkbench_scream_woodsboro_city_limits_sign_rusted.jpg\",\"datePublished\":\"2021-03-16T18:59:58+00:00\",\"dateModified\":\"2025-11-13T07:23:00+00:00\",\"description\":\"It's a Scream Baby! Replica Woodsboro City Limits sign, perfect for Ghost Face fans! Despatched by Mad About Horror. Call 01482 935936\",\"breadcrumb\":{\"@id\":\"https:\\\/\\\/madabouthorror.co.uk\\\/product\\\/woodsboro-city-limits-replica-rusty-street-sign\\\/#breadcrumb\"},\"inLanguage\":\"fr-FR\",\"potentialAction\":[{\"@type\":\"ReadAction\",\"target\":[\"https:\\\/\\\/madabouthorror.co.uk\\\/product\\\/woodsboro-city-limits-replica-rusty-street-sign\\\/\"]}]},{\"@type\":\"ImageObject\",\"inLanguage\":\"fr-FR\",\"@id\":\"https:\\\/\\\/madabouthorror.co.uk\\\/product\\\/woodsboro-city-limits-replica-rusty-street-sign\\\/#primaryimage\",\"url\":\"https:\\\/\\\/madabouthorror.co.uk\\\/wp-content\\\/uploads\\\/2021\\\/03\\\/burkbench_scream_woodsboro_city_limits_sign_rusted.jpg\",\"contentUrl\":\"https:\\\/\\\/madabouthorror.co.uk\\\/wp-content\\\/uploads\\\/2021\\\/03\\\/burkbench_scream_woodsboro_city_limits_sign_rusted.jpg\",\"width\":670,\"height\":670,\"caption\":\"Woodsboro City Limits Replica Rusty Street Sign-0\"},{\"@type\":\"BreadcrumbList\",\"@id\":\"https:\\\/\\\/madabouthorror.co.uk\\\/product\\\/woodsboro-city-limits-replica-rusty-street-sign\\\/#breadcrumb\",\"itemListElement\":[{\"@type\":\"ListItem\",\"position\":1,\"name\":\"Shop\",\"item\":\"https:\\\/\\\/madabouthorror.co.uk\\\/shop\\\/\"},{\"@type\":\"ListItem\",\"position\":2,\"name\":\"Woodsboro City Limits Replica Rusty Street Sign\"}]},{\"@type\":\"WebSite\",\"@id\":\"https:\\\/\\\/madabouthorror.co.uk\\\/#website\",\"url\":\"https:\\\/\\\/madabouthorror.co.uk\\\/\",\"name\":\"Mad About Horror\",\"description\":\"\",\"publisher\":{\"@id\":\"https:\\\/\\\/madabouthorror.co.uk\\\/#organization\"},\"alternateName\":\"Mad About Horror Limited\",\"potentialAction\":[{\"@type\":\"SearchAction\",\"target\":{\"@type\":\"EntryPoint\",\"urlTemplate\":\"https:\\\/\\\/madabouthorror.co.uk\\\/?s={search_term_string}\"},\"query-input\":{\"@type\":\"PropertyValueSpecification\",\"valueRequired\":true,\"valueName\":\"search_term_string\"}}],\"inLanguage\":\"fr-FR\"},{\"@type\":\"Organization\",\"@id\":\"https:\\\/\\\/madabouthorror.co.uk\\\/#organization\",\"name\":\"Mad About Horror\",\"url\":\"https:\\\/\\\/madabouthorror.co.uk\\\/\",\"logo\":{\"@type\":\"ImageObject\",\"inLanguage\":\"fr-FR\",\"@id\":\"https:\\\/\\\/madabouthorror.co.uk\\\/#\\\/schema\\\/logo\\\/image\\\/\",\"url\":\"https:\\\/\\\/madabouthorror.co.uk\\\/wp-content\\\/uploads\\\/2024\\\/02\\\/cropped-Logo.png\",\"contentUrl\":\"https:\\\/\\\/madabouthorror.co.uk\\\/wp-content\\\/uploads\\\/2024\\\/02\\\/cropped-Logo.png\",\"width\":240,\"height\":88,\"caption\":\"Mad About Horror\"},\"image\":{\"@id\":\"https:\\\/\\\/madabouthorror.co.uk\\\/#\\\/schema\\\/logo\\\/image\\\/\"},\"sameAs\":[\"https:\\\/\\\/www.facebook.com\\\/madabouthorror\\\/\",\"https:\\\/\\\/www.instagram.com\\\/madabouthorror\\\/\",\"https:\\\/\\\/www.pinterest.co.uk\\\/madabouthorror\\\/\",\"https:\\\/\\\/www.youtube.com\\\/channel\\\/UCBooLOIxjoQ89dj6T5lWm_w\",\"https:\\\/\\\/www.tiktok.com\\\/@weremadabouthorror\"]}]}<\/script>\n<!-- \/ Yoast SEO plugin. -->","yoast_head_json":{"title":"Panneau rouill\u00e9 de Woodboro City Limits | Visage fant\u00f4me | Mad About Horror","description":"C'est un b\u00e9b\u00e9 qui crie ! R\u00e9plique du panneau Woodsboro City Limits, parfait pour les fans de Ghost Face ! Envoy\u00e9 par Mad About Horror. Appelez le 01482 935936","robots":{"index":"index","follow":"follow","max-snippet":"max-snippet:-1","max-image-preview":"max-image-preview:large","max-video-preview":"max-video-preview:-1"},"canonical":"https:\/\/madabouthorror.co.uk\/fr\/product\/woodsboro-city-limits-replica-rusty-street-sign\/","og_locale":"fr_FR","og_type":"article","og_title":"Woodboro City Limits Rusty Sign | Ghost Face | Mad About Horror","og_description":"It's a Scream Baby! Replica Woodsboro City Limits sign, perfect for Ghost Face fans! Despatched by Mad About Horror. Call 01482 935936","og_url":"https:\/\/madabouthorror.co.uk\/fr\/product\/woodsboro-city-limits-replica-rusty-street-sign\/","og_site_name":"Mad About Horror","article_publisher":"https:\/\/www.facebook.com\/madabouthorror\/","article_modified_time":"2025-11-13T07:23:00+00:00","og_image":[{"width":670,"height":670,"url":"https:\/\/madabouthorror.co.uk\/wp-content\/uploads\/2021\/03\/burkbench_scream_woodsboro_city_limits_sign_rusted.jpg","type":"image\/jpeg"}],"twitter_card":"summary_large_image","schema":{"@context":"https:\/\/schema.org","@graph":[{"@type":["WebPage","ItemPage"],"@id":"https:\/\/madabouthorror.co.uk\/product\/woodsboro-city-limits-replica-rusty-street-sign\/","url":"https:\/\/madabouthorror.co.uk\/product\/woodsboro-city-limits-replica-rusty-street-sign\/","name":"Panneau rouill\u00e9 de Woodboro City Limits | Visage fant\u00f4me | Mad About Horror","isPartOf":{"@id":"https:\/\/madabouthorror.co.uk\/#website"},"primaryImageOfPage":{"@id":"https:\/\/madabouthorror.co.uk\/product\/woodsboro-city-limits-replica-rusty-street-sign\/#primaryimage"},"image":{"@id":"https:\/\/madabouthorror.co.uk\/product\/woodsboro-city-limits-replica-rusty-street-sign\/#primaryimage"},"thumbnailUrl":"https:\/\/madabouthorror.co.uk\/wp-content\/uploads\/2021\/03\/burkbench_scream_woodsboro_city_limits_sign_rusted.jpg","datePublished":"2021-03-16T18:59:58+00:00","dateModified":"2025-11-13T07:23:00+00:00","description":"C'est un b\u00e9b\u00e9 qui crie ! R\u00e9plique du panneau Woodsboro City Limits, parfait pour les fans de Ghost Face ! Envoy\u00e9 par Mad About Horror. Appelez le 01482 935936","breadcrumb":{"@id":"https:\/\/madabouthorror.co.uk\/product\/woodsboro-city-limits-replica-rusty-street-sign\/#breadcrumb"},"inLanguage":"fr-FR","potentialAction":[{"@type":"ReadAction","target":["https:\/\/madabouthorror.co.uk\/product\/woodsboro-city-limits-replica-rusty-street-sign\/"]}]},{"@type":"ImageObject","inLanguage":"fr-FR","@id":"https:\/\/madabouthorror.co.uk\/product\/woodsboro-city-limits-replica-rusty-street-sign\/#primaryimage","url":"https:\/\/madabouthorror.co.uk\/wp-content\/uploads\/2021\/03\/burkbench_scream_woodsboro_city_limits_sign_rusted.jpg","contentUrl":"https:\/\/madabouthorror.co.uk\/wp-content\/uploads\/2021\/03\/burkbench_scream_woodsboro_city_limits_sign_rusted.jpg","width":670,"height":670,"caption":"Woodsboro City Limits Replica Rusty Street Sign-0"},{"@type":"BreadcrumbList","@id":"https:\/\/madabouthorror.co.uk\/product\/woodsboro-city-limits-replica-rusty-street-sign\/#breadcrumb","itemListElement":[{"@type":"ListItem","position":1,"name":"Shop","item":"https:\/\/madabouthorror.co.uk\/shop\/"},{"@type":"ListItem","position":2,"name":"Woodsboro City Limits Replica Rusty Street Sign"}]},{"@type":"WebSite","@id":"https:\/\/madabouthorror.co.uk\/#website","url":"https:\/\/madabouthorror.co.uk\/","name":"L'horreur en folie","description":"","publisher":{"@id":"https:\/\/madabouthorror.co.uk\/#organization"},"alternateName":"Mad About Horror Limited","potentialAction":[{"@type":"SearchAction","target":{"@type":"EntryPoint","urlTemplate":"https:\/\/madabouthorror.co.uk\/?s={search_term_string}"},"query-input":{"@type":"PropertyValueSpecification","valueRequired":true,"valueName":"search_term_string"}}],"inLanguage":"fr-FR"},{"@type":"Organization","@id":"https:\/\/madabouthorror.co.uk\/#organization","name":"L'horreur en folie","url":"https:\/\/madabouthorror.co.uk\/","logo":{"@type":"ImageObject","inLanguage":"fr-FR","@id":"https:\/\/madabouthorror.co.uk\/#\/schema\/logo\/image\/","url":"https:\/\/madabouthorror.co.uk\/wp-content\/uploads\/2024\/02\/cropped-Logo.png","contentUrl":"https:\/\/madabouthorror.co.uk\/wp-content\/uploads\/2024\/02\/cropped-Logo.png","width":240,"height":88,"caption":"Mad About Horror"},"image":{"@id":"https:\/\/madabouthorror.co.uk\/#\/schema\/logo\/image\/"},"sameAs":["https:\/\/www.facebook.com\/madabouthorror\/","https:\/\/www.instagram.com\/madabouthorror\/","https:\/\/www.pinterest.co.uk\/madabouthorror\/","https:\/\/www.youtube.com\/channel\/UCBooLOIxjoQ89dj6T5lWm_w","https:\/\/www.tiktok.com\/@weremadabouthorror"]}]}},"df_price":31.2,"df_sale_price":"","df_regular_price":31.2,"df_image_link":"https:\/\/madabouthorror.co.uk\/wp-content\/uploads\/2021\/03\/burkbench_scream_woodsboro_city_limits_sign_rusted-300x300.jpg","_links":{"self":[{"href":"https:\/\/madabouthorror.co.uk\/fr\/wp-json\/wp\/v2\/product\/47464","targetHints":{"allow":["GET"]}}],"collection":[{"href":"https:\/\/madabouthorror.co.uk\/fr\/wp-json\/wp\/v2\/product"}],"about":[{"href":"https:\/\/madabouthorror.co.uk\/fr\/wp-json\/wp\/v2\/types\/product"}],"replies":[{"embeddable":true,"href":"https:\/\/madabouthorror.co.uk\/fr\/wp-json\/wp\/v2\/comments?post=47464"}],"wp:featuredmedia":[{"embeddable":true,"href":"https:\/\/madabouthorror.co.uk\/fr\/wp-json\/wp\/v2\/media\/47462"}],"wp:attachment":[{"href":"https:\/\/madabouthorror.co.uk\/fr\/wp-json\/wp\/v2\/media?parent=47464"}],"wp:term":[{"taxonomy":"product_brand","embeddable":true,"href":"https:\/\/madabouthorror.co.uk\/fr\/wp-json\/wp\/v2\/product_brand?post=47464"},{"taxonomy":"product_cat","embeddable":true,"href":"https:\/\/madabouthorror.co.uk\/fr\/wp-json\/wp\/v2\/product_cat?post=47464"},{"taxonomy":"product_tag","embeddable":true,"href":"https:\/\/madabouthorror.co.uk\/fr\/wp-json\/wp\/v2\/product_tag?post=47464"}],"curies":[{"name":"wp","href":"https:\/\/api.w.org\/{rel}","templated":true}]}}