{"id":47548,"date":"2021-03-25T16:29:16","date_gmt":"2021-03-25T16:29:16","guid":{"rendered":"https:\/\/mah.6bdv.ws\/product\/the-toxic-avenger-toxie-mask\/"},"modified":"2026-04-02T09:35:20","modified_gmt":"2026-04-02T08:35:20","slug":"the-toxic-avenger-toxie-mask","status":"publish","type":"product","link":"https:\/\/madabouthorror.co.uk\/fr\/product\/the-toxic-avenger-toxie-mask\/","title":{"rendered":"The Toxic Avenger - Masque de Toxie"},"content":{"rendered":"<p>Voici le tout premier masque officiel de Toxic Avenger (1984), sculpt\u00e9 par Justin Mabry. Adoptez le personnage embl\u00e9matique, le premier super-h\u00e9ros du New Jersey, gr\u00e2ce \u00e0 ce masque m\u00e9ticuleusement con\u00e7u. D\u00e9velopp\u00e9 \u00e0 partir de centaines de captures d'\u00e9cran et b\u00e9n\u00e9ficiant de l'exp\u00e9rience de Justin Mabry qui a examin\u00e9 de pr\u00e8s les proth\u00e8ses originales de Jennifer Aspinall dans le film, ce masque capture l'essence du Toxic Avenger.<\/p>\n<p>Rejoins l'h\u00e9ritage de ce h\u00e9ros monstrueux et procure-toi ton propre masque Toxic Avenger d\u00e8s aujourd'hui !<\/p>\n<p><em>\u00a9 2021 Troma Entertainment Inc. tous droits r\u00e9serv\u00e9s.<\/em><\/p>","protected":false},"excerpt":{"rendered":"<p>Voici le tout premier masque officiel de Toxic Avenger (1984), sculpt\u00e9 par Justin Mabry. Adoptez le personnage embl\u00e9matique, le premier super-h\u00e9ros du New Jersey, gr\u00e2ce \u00e0 ce masque m\u00e9ticuleusement con\u00e7u. D\u00e9velopp\u00e9 \u00e0 partir de centaines de captures d'\u00e9cran et b\u00e9n\u00e9ficiant de l'exp\u00e9rience de Justin Mabry qui a examin\u00e9 de pr\u00e8s les proth\u00e8ses originales de Jennifer Aspinall dans le film, ce masque capture [...]<\/p>","protected":false},"featured_media":47545,"comment_status":"closed","ping_status":"closed","template":"","meta":{"_acf_changed":false},"product_brand":[],"product_cat":[6580,10100,10038,9962,6541,6792,7005],"product_tag":[],"class_list":{"0":"post-47548","1":"product","2":"type-product","3":"status-publish","4":"has-post-thumbnail","6":"product_cat-movie-tv","7":"product_cat-latex-masks","8":"product_cat-horror-gifts","9":"product_cat-trick-or-treat-studios-masks","10":"product_cat-masks","11":"product_cat-trick-or-treat-studios","12":"product_cat-thetoxicavenger","14":"first","15":"instock","16":"taxable","17":"shipping-taxable","18":"purchasable","19":"product-type-simple"},"supplier_id":467429,"supplier_sku":"TTTE100","barcode":"811501038030","atum_controlled":true,"out_stock_date":null,"out_stock_threshold":null,"inheritable":false,"inbound_stock":4,"stock_on_hold":0,"sold_today":0,"sales_last_days":0,"reserved_stock":0,"customer_returns":0,"warehouse_damage":0,"lost_in_post":0,"other_logs":0,"out_stock_days":0,"lost_sales":0,"has_location":false,"update_date":"2026-04-06T01:30:53","atum_locations":[],"atum_stock_status":"instock","restock_status":false,"low_stock_amount":1,"sales_update_date":"2026-04-06T01:30:52","calc_backorders":null,"acf":[],"yoast_head":"<!-- This site is optimized with the Yoast SEO plugin v27.3 - https:\/\/yoast.com\/product\/yoast-seo-wordpress\/ -->\n<title>The Toxic Avenger | Toxie Mask | Mad About Horror<\/title>\n<meta name=\"description\" content=\"Trick or Treat Studios presents The Toxic Avenger mask. Shipped by Mad About Horror, the UK&#039;s leading horror collectibles specialist.\" \/>\n<meta name=\"robots\" content=\"index, follow, max-snippet:-1, max-image-preview:large, max-video-preview:-1\" \/>\n<link rel=\"canonical\" href=\"https:\/\/madabouthorror.co.uk\/fr\/product\/the-toxic-avenger-toxie-mask\/\" \/>\n<meta property=\"og:locale\" content=\"fr_FR\" \/>\n<meta property=\"og:type\" content=\"article\" \/>\n<meta property=\"og:title\" content=\"The Toxic Avenger | Toxie Mask | Mad About Horror\" \/>\n<meta property=\"og:description\" content=\"Trick or Treat Studios presents The Toxic Avenger mask. Shipped by Mad About Horror, the UK&#039;s leading horror collectibles specialist.\" \/>\n<meta property=\"og:url\" content=\"https:\/\/madabouthorror.co.uk\/fr\/product\/the-toxic-avenger-toxie-mask\/\" \/>\n<meta property=\"og:site_name\" content=\"Mad About Horror\" \/>\n<meta property=\"article:publisher\" content=\"https:\/\/www.facebook.com\/madabouthorror\/\" \/>\n<meta property=\"article:modified_time\" content=\"2026-04-02T08:35:20+00:00\" \/>\n<meta property=\"og:image\" content=\"https:\/\/madabouthorror.co.uk\/wp-content\/uploads\/2021\/03\/toxic_avenger_toxie_mask_tots1.jpg\" \/>\n\t<meta property=\"og:image:width\" content=\"670\" \/>\n\t<meta property=\"og:image:height\" content=\"670\" \/>\n\t<meta property=\"og:image:type\" content=\"image\/jpeg\" \/>\n<meta name=\"twitter:card\" content=\"summary_large_image\" \/>\n<meta name=\"twitter:label1\" content=\"Dur\u00e9e de lecture estim\u00e9e\" \/>\n\t<meta name=\"twitter:data1\" content=\"1 minute\" \/>\n<script type=\"application\/ld+json\" class=\"yoast-schema-graph\">{\"@context\":\"https:\\\/\\\/schema.org\",\"@graph\":[{\"@type\":[\"WebPage\",\"ItemPage\"],\"@id\":\"https:\\\/\\\/madabouthorror.co.uk\\\/product\\\/the-toxic-avenger-toxie-mask\\\/\",\"url\":\"https:\\\/\\\/madabouthorror.co.uk\\\/product\\\/the-toxic-avenger-toxie-mask\\\/\",\"name\":\"The Toxic Avenger | Toxie Mask | Mad About Horror\",\"isPartOf\":{\"@id\":\"https:\\\/\\\/madabouthorror.co.uk\\\/#website\"},\"primaryImageOfPage\":{\"@id\":\"https:\\\/\\\/madabouthorror.co.uk\\\/product\\\/the-toxic-avenger-toxie-mask\\\/#primaryimage\"},\"image\":{\"@id\":\"https:\\\/\\\/madabouthorror.co.uk\\\/product\\\/the-toxic-avenger-toxie-mask\\\/#primaryimage\"},\"thumbnailUrl\":\"https:\\\/\\\/madabouthorror.co.uk\\\/wp-content\\\/uploads\\\/2021\\\/03\\\/toxic_avenger_toxie_mask_tots1.jpg\",\"datePublished\":\"2021-03-25T16:29:16+00:00\",\"dateModified\":\"2026-04-02T08:35:20+00:00\",\"description\":\"Trick or Treat Studios presents The Toxic Avenger mask. Shipped by Mad About Horror, the UK's leading horror collectibles specialist.\",\"breadcrumb\":{\"@id\":\"https:\\\/\\\/madabouthorror.co.uk\\\/product\\\/the-toxic-avenger-toxie-mask\\\/#breadcrumb\"},\"inLanguage\":\"fr-FR\",\"potentialAction\":[{\"@type\":\"ReadAction\",\"target\":[\"https:\\\/\\\/madabouthorror.co.uk\\\/product\\\/the-toxic-avenger-toxie-mask\\\/\"]}]},{\"@type\":\"ImageObject\",\"inLanguage\":\"fr-FR\",\"@id\":\"https:\\\/\\\/madabouthorror.co.uk\\\/product\\\/the-toxic-avenger-toxie-mask\\\/#primaryimage\",\"url\":\"https:\\\/\\\/madabouthorror.co.uk\\\/wp-content\\\/uploads\\\/2021\\\/03\\\/toxic_avenger_toxie_mask_tots1.jpg\",\"contentUrl\":\"https:\\\/\\\/madabouthorror.co.uk\\\/wp-content\\\/uploads\\\/2021\\\/03\\\/toxic_avenger_toxie_mask_tots1.jpg\",\"width\":670,\"height\":670,\"caption\":\"The Toxic Avenger - Toxie Mask-0\"},{\"@type\":\"BreadcrumbList\",\"@id\":\"https:\\\/\\\/madabouthorror.co.uk\\\/product\\\/the-toxic-avenger-toxie-mask\\\/#breadcrumb\",\"itemListElement\":[{\"@type\":\"ListItem\",\"position\":1,\"name\":\"Shop\",\"item\":\"https:\\\/\\\/madabouthorror.co.uk\\\/shop\\\/\"},{\"@type\":\"ListItem\",\"position\":2,\"name\":\"The Toxic Avenger &#8211; Toxie Mask\"}]},{\"@type\":\"WebSite\",\"@id\":\"https:\\\/\\\/madabouthorror.co.uk\\\/#website\",\"url\":\"https:\\\/\\\/madabouthorror.co.uk\\\/\",\"name\":\"Mad About Horror\",\"description\":\"\",\"publisher\":{\"@id\":\"https:\\\/\\\/madabouthorror.co.uk\\\/#organization\"},\"alternateName\":\"Mad About Horror Limited\",\"potentialAction\":[{\"@type\":\"SearchAction\",\"target\":{\"@type\":\"EntryPoint\",\"urlTemplate\":\"https:\\\/\\\/madabouthorror.co.uk\\\/?s={search_term_string}\"},\"query-input\":{\"@type\":\"PropertyValueSpecification\",\"valueRequired\":true,\"valueName\":\"search_term_string\"}}],\"inLanguage\":\"fr-FR\"},{\"@type\":\"Organization\",\"@id\":\"https:\\\/\\\/madabouthorror.co.uk\\\/#organization\",\"name\":\"Mad About Horror\",\"url\":\"https:\\\/\\\/madabouthorror.co.uk\\\/\",\"logo\":{\"@type\":\"ImageObject\",\"inLanguage\":\"fr-FR\",\"@id\":\"https:\\\/\\\/madabouthorror.co.uk\\\/#\\\/schema\\\/logo\\\/image\\\/\",\"url\":\"https:\\\/\\\/madabouthorror.co.uk\\\/wp-content\\\/uploads\\\/2024\\\/02\\\/cropped-Logo.png\",\"contentUrl\":\"https:\\\/\\\/madabouthorror.co.uk\\\/wp-content\\\/uploads\\\/2024\\\/02\\\/cropped-Logo.png\",\"width\":240,\"height\":88,\"caption\":\"Mad About Horror\"},\"image\":{\"@id\":\"https:\\\/\\\/madabouthorror.co.uk\\\/#\\\/schema\\\/logo\\\/image\\\/\"},\"sameAs\":[\"https:\\\/\\\/www.facebook.com\\\/madabouthorror\\\/\",\"https:\\\/\\\/www.instagram.com\\\/madabouthorror\\\/\",\"https:\\\/\\\/www.pinterest.co.uk\\\/madabouthorror\\\/\",\"https:\\\/\\\/www.youtube.com\\\/channel\\\/UCBooLOIxjoQ89dj6T5lWm_w\",\"https:\\\/\\\/www.tiktok.com\\\/@weremadabouthorror\"]}]}<\/script>\n<!-- \/ Yoast SEO plugin. -->","yoast_head_json":{"title":"The Toxic Avenger | Toxie Mask | Mad About Horror","description":"Trick or Treat Studios pr\u00e9sente le masque The Toxic Avenger. Exp\u00e9di\u00e9 par Mad About Horror, le sp\u00e9cialiste britannique des objets de collection d'horreur.","robots":{"index":"index","follow":"follow","max-snippet":"max-snippet:-1","max-image-preview":"max-image-preview:large","max-video-preview":"max-video-preview:-1"},"canonical":"https:\/\/madabouthorror.co.uk\/fr\/product\/the-toxic-avenger-toxie-mask\/","og_locale":"fr_FR","og_type":"article","og_title":"The Toxic Avenger | Toxie Mask | Mad About Horror","og_description":"Trick or Treat Studios presents The Toxic Avenger mask. Shipped by Mad About Horror, the UK's leading horror collectibles specialist.","og_url":"https:\/\/madabouthorror.co.uk\/fr\/product\/the-toxic-avenger-toxie-mask\/","og_site_name":"Mad About Horror","article_publisher":"https:\/\/www.facebook.com\/madabouthorror\/","article_modified_time":"2026-04-02T08:35:20+00:00","og_image":[{"width":670,"height":670,"url":"https:\/\/madabouthorror.co.uk\/wp-content\/uploads\/2021\/03\/toxic_avenger_toxie_mask_tots1.jpg","type":"image\/jpeg"}],"twitter_card":"summary_large_image","twitter_misc":{"Dur\u00e9e de lecture estim\u00e9e":"1 minute"},"schema":{"@context":"https:\/\/schema.org","@graph":[{"@type":["WebPage","ItemPage"],"@id":"https:\/\/madabouthorror.co.uk\/product\/the-toxic-avenger-toxie-mask\/","url":"https:\/\/madabouthorror.co.uk\/product\/the-toxic-avenger-toxie-mask\/","name":"The Toxic Avenger | Toxie Mask | Mad About Horror","isPartOf":{"@id":"https:\/\/madabouthorror.co.uk\/#website"},"primaryImageOfPage":{"@id":"https:\/\/madabouthorror.co.uk\/product\/the-toxic-avenger-toxie-mask\/#primaryimage"},"image":{"@id":"https:\/\/madabouthorror.co.uk\/product\/the-toxic-avenger-toxie-mask\/#primaryimage"},"thumbnailUrl":"https:\/\/madabouthorror.co.uk\/wp-content\/uploads\/2021\/03\/toxic_avenger_toxie_mask_tots1.jpg","datePublished":"2021-03-25T16:29:16+00:00","dateModified":"2026-04-02T08:35:20+00:00","description":"Trick or Treat Studios pr\u00e9sente le masque The Toxic Avenger. Exp\u00e9di\u00e9 par Mad About Horror, le sp\u00e9cialiste britannique des objets de collection d'horreur.","breadcrumb":{"@id":"https:\/\/madabouthorror.co.uk\/product\/the-toxic-avenger-toxie-mask\/#breadcrumb"},"inLanguage":"fr-FR","potentialAction":[{"@type":"ReadAction","target":["https:\/\/madabouthorror.co.uk\/product\/the-toxic-avenger-toxie-mask\/"]}]},{"@type":"ImageObject","inLanguage":"fr-FR","@id":"https:\/\/madabouthorror.co.uk\/product\/the-toxic-avenger-toxie-mask\/#primaryimage","url":"https:\/\/madabouthorror.co.uk\/wp-content\/uploads\/2021\/03\/toxic_avenger_toxie_mask_tots1.jpg","contentUrl":"https:\/\/madabouthorror.co.uk\/wp-content\/uploads\/2021\/03\/toxic_avenger_toxie_mask_tots1.jpg","width":670,"height":670,"caption":"The Toxic Avenger - Toxie Mask-0"},{"@type":"BreadcrumbList","@id":"https:\/\/madabouthorror.co.uk\/product\/the-toxic-avenger-toxie-mask\/#breadcrumb","itemListElement":[{"@type":"ListItem","position":1,"name":"Shop","item":"https:\/\/madabouthorror.co.uk\/shop\/"},{"@type":"ListItem","position":2,"name":"The Toxic Avenger &#8211; Toxie Mask"}]},{"@type":"WebSite","@id":"https:\/\/madabouthorror.co.uk\/#website","url":"https:\/\/madabouthorror.co.uk\/","name":"L'horreur en folie","description":"","publisher":{"@id":"https:\/\/madabouthorror.co.uk\/#organization"},"alternateName":"Mad About Horror Limited","potentialAction":[{"@type":"SearchAction","target":{"@type":"EntryPoint","urlTemplate":"https:\/\/madabouthorror.co.uk\/?s={search_term_string}"},"query-input":{"@type":"PropertyValueSpecification","valueRequired":true,"valueName":"search_term_string"}}],"inLanguage":"fr-FR"},{"@type":"Organization","@id":"https:\/\/madabouthorror.co.uk\/#organization","name":"L'horreur en folie","url":"https:\/\/madabouthorror.co.uk\/","logo":{"@type":"ImageObject","inLanguage":"fr-FR","@id":"https:\/\/madabouthorror.co.uk\/#\/schema\/logo\/image\/","url":"https:\/\/madabouthorror.co.uk\/wp-content\/uploads\/2024\/02\/cropped-Logo.png","contentUrl":"https:\/\/madabouthorror.co.uk\/wp-content\/uploads\/2024\/02\/cropped-Logo.png","width":240,"height":88,"caption":"Mad About Horror"},"image":{"@id":"https:\/\/madabouthorror.co.uk\/#\/schema\/logo\/image\/"},"sameAs":["https:\/\/www.facebook.com\/madabouthorror\/","https:\/\/www.instagram.com\/madabouthorror\/","https:\/\/www.pinterest.co.uk\/madabouthorror\/","https:\/\/www.youtube.com\/channel\/UCBooLOIxjoQ89dj6T5lWm_w","https:\/\/www.tiktok.com\/@weremadabouthorror"]}]}},"df_price":67.66,"df_sale_price":"","df_regular_price":67.66,"df_image_link":"https:\/\/madabouthorror.co.uk\/wp-content\/uploads\/2021\/03\/toxic_avenger_toxie_mask_tots1-300x300.jpg","_links":{"self":[{"href":"https:\/\/madabouthorror.co.uk\/fr\/wp-json\/wp\/v2\/product\/47548","targetHints":{"allow":["GET"]}}],"collection":[{"href":"https:\/\/madabouthorror.co.uk\/fr\/wp-json\/wp\/v2\/product"}],"about":[{"href":"https:\/\/madabouthorror.co.uk\/fr\/wp-json\/wp\/v2\/types\/product"}],"replies":[{"embeddable":true,"href":"https:\/\/madabouthorror.co.uk\/fr\/wp-json\/wp\/v2\/comments?post=47548"}],"wp:featuredmedia":[{"embeddable":true,"href":"https:\/\/madabouthorror.co.uk\/fr\/wp-json\/wp\/v2\/media\/47545"}],"wp:attachment":[{"href":"https:\/\/madabouthorror.co.uk\/fr\/wp-json\/wp\/v2\/media?parent=47548"}],"wp:term":[{"taxonomy":"product_brand","embeddable":true,"href":"https:\/\/madabouthorror.co.uk\/fr\/wp-json\/wp\/v2\/product_brand?post=47548"},{"taxonomy":"product_cat","embeddable":true,"href":"https:\/\/madabouthorror.co.uk\/fr\/wp-json\/wp\/v2\/product_cat?post=47548"},{"taxonomy":"product_tag","embeddable":true,"href":"https:\/\/madabouthorror.co.uk\/fr\/wp-json\/wp\/v2\/product_tag?post=47548"}],"curies":[{"name":"wp","href":"https:\/\/api.w.org\/{rel}","templated":true}]}}