{"id":475769,"date":"2024-02-29T10:20:14","date_gmt":"2024-02-29T10:20:14","guid":{"rendered":"https:\/\/madabouthorror.co.uk\/?post_type=product&#038;p=475769"},"modified":"2025-08-01T12:06:58","modified_gmt":"2025-08-01T11:06:58","slug":"killer-klowns-from-outer-space-light-up-popcorn-box-statue-spirit-halloween","status":"publish","type":"product","link":"https:\/\/madabouthorror.co.uk\/fr\/product\/killer-klowns-from-outer-space-light-up-popcorn-box-statue-spirit-halloween\/","title":{"rendered":"Killer Klowns From Outer Space - Statue de bo\u00eete \u00e0 pop-corn lumineuse (Spirit Halloween)"},"content":{"rendered":"<div class=\"content\">\n<div class=\"content\">\n<div class=\"content\">\n<div class=\"content\">\n<div>Compl\u00e9tez votre collection de d\u00e9corations d'horreur classiques avec notre statue officiellement sous licence des Killer Klowns de l'espace de Spirit Halloween ! C'est le compl\u00e9ment parfait \u00e0 votre installation d'Halloween, mettant en vedette les embl\u00e9matiques Killer Klowns qui \u00e9mergent d'un bol de pop-corn.<\/div>\n<div><\/div>\n<\/div>\n<div>Placez-la strat\u00e9giquement dans votre espace hant\u00e9 pour cr\u00e9er une atmosph\u00e8re \u00e0 la fois mena\u00e7ante et fascinante. Sa lueur spectrale en fait une pi\u00e8ce ma\u00eetresse remarquable pour vos festivit\u00e9s d'Halloween.<\/div>\n<\/div>\n<\/div>\n<\/div>\n<div><\/div>\n<div>Illuminez la nuit et montrez votre amour pour un film culte. Cette figurine g\u00e9niale est parfaite pour les fans de Killer Klowns from Outer Space.<\/div>\n<div><\/div>\n<div class=\"content\">\n<div class=\"content\">\n<div><strong>D\u00e9tails :<\/strong><\/div>\n<div class=\"content\">\n<div class=\"content\">\n<ul>\n<li>Licence officielle (Spirit Halloween)<\/li>\n<li>Dimensions : 13,5\u2033 H x 10\u2033 L<\/li>\n<li>Type de pile : piles AAA (non incluses)<\/li>\n<li>Mat\u00e9riau : Polyr\u00e9sine<\/li>\n<\/ul>\n<\/div>\n<\/div>\n<\/div>\n<\/div>","protected":false},"excerpt":{"rendered":"<p>Compl\u00e9tez votre collection de d\u00e9corations d'horreur classiques avec notre statue sous licence officielle \u00ab\u00a0Killer Klowns from Outer Space\u00a0\u00bb lumineuse de Spirit Halloween\u00a0! C'est l'ajout parfait \u00e0 votre installation d'Halloween, mettant en vedette les embl\u00e9matiques Killer Klowns qui sortent d'un bol de popcorn. Placez-la strat\u00e9giquement dans votre espace hant\u00e9 pour cr\u00e9er une atmosph\u00e8re \u00e0 la fois mena\u00e7ante et fascinante. [\u2026]<\/p>","protected":false},"featured_media":481091,"comment_status":"closed","ping_status":"closed","template":"","meta":{"_acf_changed":false},"product_brand":[],"product_cat":[10116,9948,6537,7036,6797,6673],"product_tag":[],"class_list":{"0":"post-475769","1":"product","2":"type-product","3":"status-publish","4":"has-post-thumbnail","6":"product_cat-halloween-ornaments","7":"product_cat-spirit-halloween-ornaments","8":"product_cat-collectibles","9":"product_cat-ornaments","10":"product_cat-spirit-halloween-uk-stockist","11":"product_cat-killerklownsfromouterspace","13":"first","14":"outofstock","15":"taxable","16":"shipping-taxable","17":"purchasable","18":"product-type-simple"},"supplier_id":471382,"supplier_sku":"1590751","barcode":"","atum_controlled":true,"out_stock_date":"2024-04-28 08:04:22","out_stock_threshold":null,"inheritable":false,"inbound_stock":0,"stock_on_hold":0,"sold_today":0,"sales_last_days":0,"reserved_stock":0,"customer_returns":0,"warehouse_damage":0,"lost_in_post":0,"other_logs":0,"out_stock_days":732,"lost_sales":0,"has_location":false,"update_date":"2026-05-01T00:45:02","atum_locations":[],"atum_stock_status":"outofstock","restock_status":false,"low_stock_amount":"","sales_update_date":"2026-05-01T00:45:01","calc_backorders":null,"acf":[],"yoast_head":"<!-- This site is optimized with the Yoast SEO plugin v27.5 - https:\/\/yoast.com\/product\/yoast-seo-wordpress\/ -->\n<title>Killer Klowns From outer Space Light-up Popcorn Box Statue | Mad About Horror<\/title>\n<meta name=\"description\" content=\"Officially licensed Killer Klowns Light-up Popcorn Box Statue from Spirit Halloween. Shop our full range from Spirit Halloween now! UK Stockist.\" \/>\n<meta name=\"robots\" content=\"index, follow, max-snippet:-1, max-image-preview:large, max-video-preview:-1\" \/>\n<link rel=\"canonical\" href=\"https:\/\/madabouthorror.co.uk\/fr\/product\/killer-klowns-from-outer-space-light-up-popcorn-box-statue-spirit-halloween\/\" \/>\n<meta property=\"og:locale\" content=\"fr_FR\" \/>\n<meta property=\"og:type\" content=\"article\" \/>\n<meta property=\"og:title\" content=\"Killer Klowns From outer Space Light-up Popcorn Box Statue | Mad About Horror\" \/>\n<meta property=\"og:description\" content=\"Officially licensed Killer Klowns Light-up Popcorn Box Statue from Spirit Halloween. Shop our full range from Spirit Halloween now! UK Stockist.\" \/>\n<meta property=\"og:url\" content=\"https:\/\/madabouthorror.co.uk\/fr\/product\/killer-klowns-from-outer-space-light-up-popcorn-box-statue-spirit-halloween\/\" \/>\n<meta property=\"og:site_name\" content=\"Mad About Horror\" \/>\n<meta property=\"article:publisher\" content=\"https:\/\/www.facebook.com\/madabouthorror\/\" \/>\n<meta property=\"article:modified_time\" content=\"2025-08-01T11:06:58+00:00\" \/>\n<meta property=\"og:image\" content=\"https:\/\/madabouthorror.co.uk\/wp-content\/uploads\/2024\/02\/Untitled-1-2.jpg\" \/>\n\t<meta property=\"og:image:width\" content=\"874\" \/>\n\t<meta property=\"og:image:height\" content=\"845\" \/>\n\t<meta property=\"og:image:type\" content=\"image\/jpeg\" \/>\n<meta name=\"twitter:card\" content=\"summary_large_image\" \/>\n<meta name=\"twitter:label1\" content=\"Dur\u00e9e de lecture estim\u00e9e\" \/>\n\t<meta name=\"twitter:data1\" content=\"1 minute\" \/>\n<script type=\"application\/ld+json\" class=\"yoast-schema-graph\">{\"@context\":\"https:\\\/\\\/schema.org\",\"@graph\":[{\"@type\":[\"WebPage\",\"ItemPage\"],\"@id\":\"https:\\\/\\\/madabouthorror.co.uk\\\/product\\\/killer-klowns-from-outer-space-light-up-popcorn-box-statue-spirit-halloween\\\/\",\"url\":\"https:\\\/\\\/madabouthorror.co.uk\\\/product\\\/killer-klowns-from-outer-space-light-up-popcorn-box-statue-spirit-halloween\\\/\",\"name\":\"Killer Klowns From outer Space Light-up Popcorn Box Statue | Mad About Horror\",\"isPartOf\":{\"@id\":\"https:\\\/\\\/madabouthorror.co.uk\\\/#website\"},\"primaryImageOfPage\":{\"@id\":\"https:\\\/\\\/madabouthorror.co.uk\\\/product\\\/killer-klowns-from-outer-space-light-up-popcorn-box-statue-spirit-halloween\\\/#primaryimage\"},\"image\":{\"@id\":\"https:\\\/\\\/madabouthorror.co.uk\\\/product\\\/killer-klowns-from-outer-space-light-up-popcorn-box-statue-spirit-halloween\\\/#primaryimage\"},\"thumbnailUrl\":\"https:\\\/\\\/madabouthorror.co.uk\\\/wp-content\\\/uploads\\\/2024\\\/02\\\/Untitled-1-2.jpg\",\"datePublished\":\"2024-02-29T10:20:14+00:00\",\"dateModified\":\"2025-08-01T11:06:58+00:00\",\"description\":\"Officially licensed Killer Klowns Light-up Popcorn Box Statue from Spirit Halloween. Shop our full range from Spirit Halloween now! UK Stockist.\",\"breadcrumb\":{\"@id\":\"https:\\\/\\\/madabouthorror.co.uk\\\/product\\\/killer-klowns-from-outer-space-light-up-popcorn-box-statue-spirit-halloween\\\/#breadcrumb\"},\"inLanguage\":\"fr-FR\",\"potentialAction\":[{\"@type\":\"ReadAction\",\"target\":[\"https:\\\/\\\/madabouthorror.co.uk\\\/product\\\/killer-klowns-from-outer-space-light-up-popcorn-box-statue-spirit-halloween\\\/\"]}]},{\"@type\":\"ImageObject\",\"inLanguage\":\"fr-FR\",\"@id\":\"https:\\\/\\\/madabouthorror.co.uk\\\/product\\\/killer-klowns-from-outer-space-light-up-popcorn-box-statue-spirit-halloween\\\/#primaryimage\",\"url\":\"https:\\\/\\\/madabouthorror.co.uk\\\/wp-content\\\/uploads\\\/2024\\\/02\\\/Untitled-1-2.jpg\",\"contentUrl\":\"https:\\\/\\\/madabouthorror.co.uk\\\/wp-content\\\/uploads\\\/2024\\\/02\\\/Untitled-1-2.jpg\",\"width\":874,\"height\":845,\"caption\":\"Spirit Halloween Killer Clown popcorn killer statue\"},{\"@type\":\"BreadcrumbList\",\"@id\":\"https:\\\/\\\/madabouthorror.co.uk\\\/product\\\/killer-klowns-from-outer-space-light-up-popcorn-box-statue-spirit-halloween\\\/#breadcrumb\",\"itemListElement\":[{\"@type\":\"ListItem\",\"position\":1,\"name\":\"Shop\",\"item\":\"https:\\\/\\\/madabouthorror.co.uk\\\/shop\\\/\"},{\"@type\":\"ListItem\",\"position\":2,\"name\":\"Killer Klowns From Outer Space &#8211; Light-Up Popcorn Box Statue (Spirit Halloween)\"}]},{\"@type\":\"WebSite\",\"@id\":\"https:\\\/\\\/madabouthorror.co.uk\\\/#website\",\"url\":\"https:\\\/\\\/madabouthorror.co.uk\\\/\",\"name\":\"Mad About Horror\",\"description\":\"\",\"publisher\":{\"@id\":\"https:\\\/\\\/madabouthorror.co.uk\\\/#organization\"},\"alternateName\":\"Mad About Horror Limited\",\"potentialAction\":[{\"@type\":\"SearchAction\",\"target\":{\"@type\":\"EntryPoint\",\"urlTemplate\":\"https:\\\/\\\/madabouthorror.co.uk\\\/?s={search_term_string}\"},\"query-input\":{\"@type\":\"PropertyValueSpecification\",\"valueRequired\":true,\"valueName\":\"search_term_string\"}}],\"inLanguage\":\"fr-FR\"},{\"@type\":\"Organization\",\"@id\":\"https:\\\/\\\/madabouthorror.co.uk\\\/#organization\",\"name\":\"Mad About Horror\",\"url\":\"https:\\\/\\\/madabouthorror.co.uk\\\/\",\"logo\":{\"@type\":\"ImageObject\",\"inLanguage\":\"fr-FR\",\"@id\":\"https:\\\/\\\/madabouthorror.co.uk\\\/#\\\/schema\\\/logo\\\/image\\\/\",\"url\":\"https:\\\/\\\/madabouthorror.co.uk\\\/wp-content\\\/uploads\\\/2024\\\/02\\\/cropped-Logo.png\",\"contentUrl\":\"https:\\\/\\\/madabouthorror.co.uk\\\/wp-content\\\/uploads\\\/2024\\\/02\\\/cropped-Logo.png\",\"width\":240,\"height\":88,\"caption\":\"Mad About Horror\"},\"image\":{\"@id\":\"https:\\\/\\\/madabouthorror.co.uk\\\/#\\\/schema\\\/logo\\\/image\\\/\"},\"sameAs\":[\"https:\\\/\\\/www.facebook.com\\\/madabouthorror\\\/\",\"https:\\\/\\\/www.instagram.com\\\/madabouthorror\\\/\",\"https:\\\/\\\/www.pinterest.co.uk\\\/madabouthorror\\\/\",\"https:\\\/\\\/www.youtube.com\\\/channel\\\/UCBooLOIxjoQ89dj6T5lWm_w\",\"https:\\\/\\\/www.tiktok.com\\\/@weremadabouthorror\"]}]}<\/script>\n<!-- \/ Yoast SEO plugin. -->","yoast_head_json":{"title":"Statue de bo\u00eete de pop-corn lumineuse Killer Klowns From Outer Space | Mad About Horror","description":"Statue Bo\u00eete \u00e0 Popcorn Lumineuse Sous Licence Officielle Killer Klowns de Spirit Halloween. Achetez toute notre gamme Spirit Halloween maintenant ! Distributeur britannique.","robots":{"index":"index","follow":"follow","max-snippet":"max-snippet:-1","max-image-preview":"max-image-preview:large","max-video-preview":"max-video-preview:-1"},"canonical":"https:\/\/madabouthorror.co.uk\/fr\/product\/killer-klowns-from-outer-space-light-up-popcorn-box-statue-spirit-halloween\/","og_locale":"fr_FR","og_type":"article","og_title":"Killer Klowns From outer Space Light-up Popcorn Box Statue | Mad About Horror","og_description":"Officially licensed Killer Klowns Light-up Popcorn Box Statue from Spirit Halloween. Shop our full range from Spirit Halloween now! UK Stockist.","og_url":"https:\/\/madabouthorror.co.uk\/fr\/product\/killer-klowns-from-outer-space-light-up-popcorn-box-statue-spirit-halloween\/","og_site_name":"Mad About Horror","article_publisher":"https:\/\/www.facebook.com\/madabouthorror\/","article_modified_time":"2025-08-01T11:06:58+00:00","og_image":[{"width":874,"height":845,"url":"https:\/\/madabouthorror.co.uk\/wp-content\/uploads\/2024\/02\/Untitled-1-2.jpg","type":"image\/jpeg"}],"twitter_card":"summary_large_image","twitter_misc":{"Dur\u00e9e de lecture estim\u00e9e":"1 minute"},"schema":{"@context":"https:\/\/schema.org","@graph":[{"@type":["WebPage","ItemPage"],"@id":"https:\/\/madabouthorror.co.uk\/product\/killer-klowns-from-outer-space-light-up-popcorn-box-statue-spirit-halloween\/","url":"https:\/\/madabouthorror.co.uk\/product\/killer-klowns-from-outer-space-light-up-popcorn-box-statue-spirit-halloween\/","name":"Statue de bo\u00eete de pop-corn lumineuse Killer Klowns From Outer Space | Mad About Horror","isPartOf":{"@id":"https:\/\/madabouthorror.co.uk\/#website"},"primaryImageOfPage":{"@id":"https:\/\/madabouthorror.co.uk\/product\/killer-klowns-from-outer-space-light-up-popcorn-box-statue-spirit-halloween\/#primaryimage"},"image":{"@id":"https:\/\/madabouthorror.co.uk\/product\/killer-klowns-from-outer-space-light-up-popcorn-box-statue-spirit-halloween\/#primaryimage"},"thumbnailUrl":"https:\/\/madabouthorror.co.uk\/wp-content\/uploads\/2024\/02\/Untitled-1-2.jpg","datePublished":"2024-02-29T10:20:14+00:00","dateModified":"2025-08-01T11:06:58+00:00","description":"Statue Bo\u00eete \u00e0 Popcorn Lumineuse Sous Licence Officielle Killer Klowns de Spirit Halloween. Achetez toute notre gamme Spirit Halloween maintenant ! Distributeur britannique.","breadcrumb":{"@id":"https:\/\/madabouthorror.co.uk\/product\/killer-klowns-from-outer-space-light-up-popcorn-box-statue-spirit-halloween\/#breadcrumb"},"inLanguage":"fr-FR","potentialAction":[{"@type":"ReadAction","target":["https:\/\/madabouthorror.co.uk\/product\/killer-klowns-from-outer-space-light-up-popcorn-box-statue-spirit-halloween\/"]}]},{"@type":"ImageObject","inLanguage":"fr-FR","@id":"https:\/\/madabouthorror.co.uk\/product\/killer-klowns-from-outer-space-light-up-popcorn-box-statue-spirit-halloween\/#primaryimage","url":"https:\/\/madabouthorror.co.uk\/wp-content\/uploads\/2024\/02\/Untitled-1-2.jpg","contentUrl":"https:\/\/madabouthorror.co.uk\/wp-content\/uploads\/2024\/02\/Untitled-1-2.jpg","width":874,"height":845,"caption":"Spirit Halloween Killer Clown popcorn killer statue"},{"@type":"BreadcrumbList","@id":"https:\/\/madabouthorror.co.uk\/product\/killer-klowns-from-outer-space-light-up-popcorn-box-statue-spirit-halloween\/#breadcrumb","itemListElement":[{"@type":"ListItem","position":1,"name":"Shop","item":"https:\/\/madabouthorror.co.uk\/shop\/"},{"@type":"ListItem","position":2,"name":"Killer Klowns From Outer Space &#8211; Light-Up Popcorn Box Statue (Spirit Halloween)"}]},{"@type":"WebSite","@id":"https:\/\/madabouthorror.co.uk\/#website","url":"https:\/\/madabouthorror.co.uk\/","name":"L'horreur en folie","description":"","publisher":{"@id":"https:\/\/madabouthorror.co.uk\/#organization"},"alternateName":"Mad About Horror Limited","potentialAction":[{"@type":"SearchAction","target":{"@type":"EntryPoint","urlTemplate":"https:\/\/madabouthorror.co.uk\/?s={search_term_string}"},"query-input":{"@type":"PropertyValueSpecification","valueRequired":true,"valueName":"search_term_string"}}],"inLanguage":"fr-FR"},{"@type":"Organization","@id":"https:\/\/madabouthorror.co.uk\/#organization","name":"L'horreur en folie","url":"https:\/\/madabouthorror.co.uk\/","logo":{"@type":"ImageObject","inLanguage":"fr-FR","@id":"https:\/\/madabouthorror.co.uk\/#\/schema\/logo\/image\/","url":"https:\/\/madabouthorror.co.uk\/wp-content\/uploads\/2024\/02\/cropped-Logo.png","contentUrl":"https:\/\/madabouthorror.co.uk\/wp-content\/uploads\/2024\/02\/cropped-Logo.png","width":240,"height":88,"caption":"Mad About Horror"},"image":{"@id":"https:\/\/madabouthorror.co.uk\/#\/schema\/logo\/image\/"},"sameAs":["https:\/\/www.facebook.com\/madabouthorror\/","https:\/\/www.instagram.com\/madabouthorror\/","https:\/\/www.pinterest.co.uk\/madabouthorror\/","https:\/\/www.youtube.com\/channel\/UCBooLOIxjoQ89dj6T5lWm_w","https:\/\/www.tiktok.com\/@weremadabouthorror"]}]}},"df_price":109.95,"df_sale_price":"","df_regular_price":109.95,"df_image_link":"https:\/\/madabouthorror.co.uk\/wp-content\/uploads\/2024\/02\/Untitled-1-2-300x290.jpg","_links":{"self":[{"href":"https:\/\/madabouthorror.co.uk\/fr\/wp-json\/wp\/v2\/product\/475769","targetHints":{"allow":["GET"]}}],"collection":[{"href":"https:\/\/madabouthorror.co.uk\/fr\/wp-json\/wp\/v2\/product"}],"about":[{"href":"https:\/\/madabouthorror.co.uk\/fr\/wp-json\/wp\/v2\/types\/product"}],"replies":[{"embeddable":true,"href":"https:\/\/madabouthorror.co.uk\/fr\/wp-json\/wp\/v2\/comments?post=475769"}],"wp:featuredmedia":[{"embeddable":true,"href":"https:\/\/madabouthorror.co.uk\/fr\/wp-json\/wp\/v2\/media\/481091"}],"wp:attachment":[{"href":"https:\/\/madabouthorror.co.uk\/fr\/wp-json\/wp\/v2\/media?parent=475769"}],"wp:term":[{"taxonomy":"product_brand","embeddable":true,"href":"https:\/\/madabouthorror.co.uk\/fr\/wp-json\/wp\/v2\/product_brand?post=475769"},{"taxonomy":"product_cat","embeddable":true,"href":"https:\/\/madabouthorror.co.uk\/fr\/wp-json\/wp\/v2\/product_cat?post=475769"},{"taxonomy":"product_tag","embeddable":true,"href":"https:\/\/madabouthorror.co.uk\/fr\/wp-json\/wp\/v2\/product_tag?post=475769"}],"curies":[{"name":"wp","href":"https:\/\/api.w.org\/{rel}","templated":true}]}}