{"id":479086,"date":"2024-03-19T11:32:46","date_gmt":"2024-03-19T11:32:46","guid":{"rendered":"https:\/\/madabouthorror.co.uk\/?post_type=product&#038;p=479086"},"modified":"2025-11-20T12:57:04","modified_gmt":"2025-11-20T12:57:04","slug":"table-top-animated-witch-hat-on-books","status":"publish","type":"product","link":"https:\/\/madabouthorror.co.uk\/fr\/product\/table-top-animated-witch-hat-on-books\/","title":{"rendered":"Chapeau de sorci\u00e8re anim\u00e9 sur les livres"},"content":{"rendered":"<p>Rehaussez votre d\u00e9cor d'Halloween avec notre chapeau de sorci\u00e8re anim\u00e9 sur des livres ! Cette d\u00e9coration envo\u00fbtante pr\u00e9sente un chapeau de sorci\u00e8re qui bouge et oscille, cr\u00e9ant un effet envo\u00fbtant.<\/p>\n<p>Parfait pour ajouter une touche de magie et de malice \u00e0 votre installation d'Halloween, cet accessoire anim\u00e9 ne manquera pas de captiver et d'enchanter les invit\u00e9s. Rendez votre exposition d'Halloween vraiment m\u00e9morable avec ce chapeau mobile qui attire l'attention !<\/p>\n<div>\n<div><b>Pour le porche couvert ou l'int\u00e9rieur.<\/b> <i>Prot\u00e9ger des intemp\u00e9ries en cas d'utilisation \u00e0 l'ext\u00e9rieur et ne pas laisser \u00e0 l'ext\u00e9rieur pendant des p\u00e9riodes prolong\u00e9es.<\/i><\/div>\n<div><\/div>\n<div><b>A noter :<\/b><i> Ces accessoires ne sont pas recommand\u00e9s pour un usage commercial intensif, c'est-\u00e0-dire qu'ils ne doivent pas \u00eatre utilis\u00e9s pendant des p\u00e9riodes prolong\u00e9es, c'est-\u00e0-dire plusieurs jours d'affil\u00e9e. Ils sont con\u00e7us pour \u00eatre utilis\u00e9s \u00e0 l'occasion d'Halloween. Si vous avez des questions \u00e0 ce sujet, n'h\u00e9sitez pas \u00e0 les poser.<\/i><\/div>\n<\/div>","protected":false},"excerpt":{"rendered":"<p>Rehaussez votre d\u00e9cor d'Halloween avec notre chapeau de sorci\u00e8re anim\u00e9 sur des livres ! Cette d\u00e9coration envo\u00fbtante pr\u00e9sente un chapeau de sorci\u00e8re qui bouge et oscille, cr\u00e9ant un effet envo\u00fbtant. Parfait pour ajouter une touche de magie et de malice \u00e0 votre d\u00e9cor d'Halloween, cet accessoire anim\u00e9 ne manquera pas de captiver et d'enchanter les invit\u00e9s. Faites de votre exposition d'Halloween une v\u00e9ritable [...]<\/p>","protected":false},"featured_media":496941,"comment_status":"closed","ping_status":"closed","template":"","meta":{"_acf_changed":false},"product_brand":[],"product_cat":[10032,10068,10131,10093,10094,6547,6549,6963,6596,7050,7055],"product_tag":[],"class_list":{"0":"post-479086","1":"product","2":"type-product","3":"status-publish","4":"has-post-thumbnail","6":"product_cat-animatronics-value-range","7":"product_cat-halloween-decorations-2025","8":"product_cat-halloween-gifts","9":"product_cat-indoor-halloween-decorations","10":"product_cat-outdoor-halloween-decorations","11":"product_cat-decorations","12":"product_cat-haunted-house","13":"product_cat-animatronics","14":"product_cat-witch-decorations","15":"product_cat-haunted-house-animatronics","16":"product_cat-animated-props-witches","17":"product_shipping_class-small-parcel-economy-3-5-business-days","19":"first","20":"outofstock","21":"taxable","22":"shipping-taxable","23":"purchasable","24":"product-type-simple"},"supplier_id":467903,"supplier_sku":"65832","barcode":"762543658321","atum_controlled":true,"out_stock_date":"2025-09-09 15:03:41","out_stock_threshold":null,"inheritable":false,"inbound_stock":0,"stock_on_hold":0,"sold_today":0,"sales_last_days":0,"reserved_stock":0,"customer_returns":0,"warehouse_damage":0,"lost_in_post":0,"other_logs":0,"out_stock_days":220,"lost_sales":2511,"has_location":false,"update_date":"2026-04-18T00:39:51","atum_locations":[],"atum_stock_status":"outofstock","restock_status":false,"low_stock_amount":"","sales_update_date":"2026-04-18T00:39:49","calc_backorders":null,"acf":[],"yoast_head":"<!-- This site is optimized with the Yoast SEO plugin v27.4 - https:\/\/yoast.com\/product\/yoast-seo-wordpress\/ -->\n<title>Animated Witches Hat on Books | Mad About Horror<\/title>\n<meta name=\"description\" content=\"Animated Witch Hat halloween prop. Shop horror collectibles and Halloween props. Available in the UK from Mad About Horror\" \/>\n<meta name=\"robots\" content=\"index, follow, max-snippet:-1, max-image-preview:large, max-video-preview:-1\" \/>\n<link rel=\"canonical\" href=\"https:\/\/madabouthorror.co.uk\/fr\/product\/table-top-animated-witch-hat-on-books\/\" \/>\n<meta property=\"og:locale\" content=\"fr_FR\" \/>\n<meta property=\"og:type\" content=\"article\" \/>\n<meta property=\"og:title\" content=\"Animated Witches Hat on Books | Mad About Horror\" \/>\n<meta property=\"og:description\" content=\"Animated Witch Hat halloween prop. Shop horror collectibles and Halloween props. Available in the UK from Mad About Horror\" \/>\n<meta property=\"og:url\" content=\"https:\/\/madabouthorror.co.uk\/fr\/product\/table-top-animated-witch-hat-on-books\/\" \/>\n<meta property=\"og:site_name\" content=\"Mad About Horror\" \/>\n<meta property=\"article:publisher\" content=\"https:\/\/www.facebook.com\/madabouthorror\/\" \/>\n<meta property=\"article:modified_time\" content=\"2025-11-20T12:57:04+00:00\" \/>\n<meta property=\"og:image\" content=\"https:\/\/madabouthorror.co.uk\/wp-content\/uploads\/2024\/03\/animated-witches-hat.jpg\" \/>\n\t<meta property=\"og:image:width\" content=\"1500\" \/>\n\t<meta property=\"og:image:height\" content=\"1500\" \/>\n\t<meta property=\"og:image:type\" content=\"image\/jpeg\" \/>\n<meta name=\"twitter:card\" content=\"summary_large_image\" \/>\n<meta name=\"twitter:label1\" content=\"Dur\u00e9e de lecture estim\u00e9e\" \/>\n\t<meta name=\"twitter:data1\" content=\"1 minute\" \/>\n<script type=\"application\/ld+json\" class=\"yoast-schema-graph\">{\"@context\":\"https:\\\/\\\/schema.org\",\"@graph\":[{\"@type\":[\"WebPage\",\"ItemPage\"],\"@id\":\"https:\\\/\\\/madabouthorror.co.uk\\\/product\\\/table-top-animated-witch-hat-on-books\\\/\",\"url\":\"https:\\\/\\\/madabouthorror.co.uk\\\/product\\\/table-top-animated-witch-hat-on-books\\\/\",\"name\":\"Animated Witches Hat on Books | Mad About Horror\",\"isPartOf\":{\"@id\":\"https:\\\/\\\/madabouthorror.co.uk\\\/#website\"},\"primaryImageOfPage\":{\"@id\":\"https:\\\/\\\/madabouthorror.co.uk\\\/product\\\/table-top-animated-witch-hat-on-books\\\/#primaryimage\"},\"image\":{\"@id\":\"https:\\\/\\\/madabouthorror.co.uk\\\/product\\\/table-top-animated-witch-hat-on-books\\\/#primaryimage\"},\"thumbnailUrl\":\"https:\\\/\\\/madabouthorror.co.uk\\\/wp-content\\\/uploads\\\/2024\\\/03\\\/animated-witches-hat.jpg\",\"datePublished\":\"2024-03-19T11:32:46+00:00\",\"dateModified\":\"2025-11-20T12:57:04+00:00\",\"description\":\"Animated Witch Hat halloween prop. Shop horror collectibles and Halloween props. Available in the UK from Mad About Horror\",\"breadcrumb\":{\"@id\":\"https:\\\/\\\/madabouthorror.co.uk\\\/product\\\/table-top-animated-witch-hat-on-books\\\/#breadcrumb\"},\"inLanguage\":\"fr-FR\",\"potentialAction\":[{\"@type\":\"ReadAction\",\"target\":[\"https:\\\/\\\/madabouthorror.co.uk\\\/product\\\/table-top-animated-witch-hat-on-books\\\/\"]}]},{\"@type\":\"ImageObject\",\"inLanguage\":\"fr-FR\",\"@id\":\"https:\\\/\\\/madabouthorror.co.uk\\\/product\\\/table-top-animated-witch-hat-on-books\\\/#primaryimage\",\"url\":\"https:\\\/\\\/madabouthorror.co.uk\\\/wp-content\\\/uploads\\\/2024\\\/03\\\/animated-witches-hat.jpg\",\"contentUrl\":\"https:\\\/\\\/madabouthorror.co.uk\\\/wp-content\\\/uploads\\\/2024\\\/03\\\/animated-witches-hat.jpg\",\"width\":1500,\"height\":1500},{\"@type\":\"BreadcrumbList\",\"@id\":\"https:\\\/\\\/madabouthorror.co.uk\\\/product\\\/table-top-animated-witch-hat-on-books\\\/#breadcrumb\",\"itemListElement\":[{\"@type\":\"ListItem\",\"position\":1,\"name\":\"Shop\",\"item\":\"https:\\\/\\\/madabouthorror.co.uk\\\/shop\\\/\"},{\"@type\":\"ListItem\",\"position\":2,\"name\":\"Animated Witches Hat on Books\"}]},{\"@type\":\"WebSite\",\"@id\":\"https:\\\/\\\/madabouthorror.co.uk\\\/#website\",\"url\":\"https:\\\/\\\/madabouthorror.co.uk\\\/\",\"name\":\"Mad About Horror\",\"description\":\"\",\"publisher\":{\"@id\":\"https:\\\/\\\/madabouthorror.co.uk\\\/#organization\"},\"alternateName\":\"Mad About Horror Limited\",\"potentialAction\":[{\"@type\":\"SearchAction\",\"target\":{\"@type\":\"EntryPoint\",\"urlTemplate\":\"https:\\\/\\\/madabouthorror.co.uk\\\/?s={search_term_string}\"},\"query-input\":{\"@type\":\"PropertyValueSpecification\",\"valueRequired\":true,\"valueName\":\"search_term_string\"}}],\"inLanguage\":\"fr-FR\"},{\"@type\":\"Organization\",\"@id\":\"https:\\\/\\\/madabouthorror.co.uk\\\/#organization\",\"name\":\"Mad About Horror\",\"url\":\"https:\\\/\\\/madabouthorror.co.uk\\\/\",\"logo\":{\"@type\":\"ImageObject\",\"inLanguage\":\"fr-FR\",\"@id\":\"https:\\\/\\\/madabouthorror.co.uk\\\/#\\\/schema\\\/logo\\\/image\\\/\",\"url\":\"https:\\\/\\\/madabouthorror.co.uk\\\/wp-content\\\/uploads\\\/2024\\\/02\\\/cropped-Logo.png\",\"contentUrl\":\"https:\\\/\\\/madabouthorror.co.uk\\\/wp-content\\\/uploads\\\/2024\\\/02\\\/cropped-Logo.png\",\"width\":240,\"height\":88,\"caption\":\"Mad About Horror\"},\"image\":{\"@id\":\"https:\\\/\\\/madabouthorror.co.uk\\\/#\\\/schema\\\/logo\\\/image\\\/\"},\"sameAs\":[\"https:\\\/\\\/www.facebook.com\\\/madabouthorror\\\/\",\"https:\\\/\\\/www.instagram.com\\\/madabouthorror\\\/\",\"https:\\\/\\\/www.pinterest.co.uk\\\/madabouthorror\\\/\",\"https:\\\/\\\/www.youtube.com\\\/channel\\\/UCBooLOIxjoQ89dj6T5lWm_w\",\"https:\\\/\\\/www.tiktok.com\\\/@weremadabouthorror\"]}]}<\/script>\n<!-- \/ Yoast SEO plugin. -->","yoast_head_json":{"title":"Chapeau de sorci\u00e8re anim\u00e9 sur les livres | Mad About Horror","description":"Chapeau de sorci\u00e8re anim\u00e9. Boutique d'objets de collection d'horreur et d'accessoires d'Halloween. Disponible au Royaume-Uni aupr\u00e8s de Mad About Horror","robots":{"index":"index","follow":"follow","max-snippet":"max-snippet:-1","max-image-preview":"max-image-preview:large","max-video-preview":"max-video-preview:-1"},"canonical":"https:\/\/madabouthorror.co.uk\/fr\/product\/table-top-animated-witch-hat-on-books\/","og_locale":"fr_FR","og_type":"article","og_title":"Animated Witches Hat on Books | Mad About Horror","og_description":"Animated Witch Hat halloween prop. Shop horror collectibles and Halloween props. Available in the UK from Mad About Horror","og_url":"https:\/\/madabouthorror.co.uk\/fr\/product\/table-top-animated-witch-hat-on-books\/","og_site_name":"Mad About Horror","article_publisher":"https:\/\/www.facebook.com\/madabouthorror\/","article_modified_time":"2025-11-20T12:57:04+00:00","og_image":[{"width":1500,"height":1500,"url":"https:\/\/madabouthorror.co.uk\/wp-content\/uploads\/2024\/03\/animated-witches-hat.jpg","type":"image\/jpeg"}],"twitter_card":"summary_large_image","twitter_misc":{"Dur\u00e9e de lecture estim\u00e9e":"1 minute"},"schema":{"@context":"https:\/\/schema.org","@graph":[{"@type":["WebPage","ItemPage"],"@id":"https:\/\/madabouthorror.co.uk\/product\/table-top-animated-witch-hat-on-books\/","url":"https:\/\/madabouthorror.co.uk\/product\/table-top-animated-witch-hat-on-books\/","name":"Chapeau de sorci\u00e8re anim\u00e9 sur les livres | Mad About Horror","isPartOf":{"@id":"https:\/\/madabouthorror.co.uk\/#website"},"primaryImageOfPage":{"@id":"https:\/\/madabouthorror.co.uk\/product\/table-top-animated-witch-hat-on-books\/#primaryimage"},"image":{"@id":"https:\/\/madabouthorror.co.uk\/product\/table-top-animated-witch-hat-on-books\/#primaryimage"},"thumbnailUrl":"https:\/\/madabouthorror.co.uk\/wp-content\/uploads\/2024\/03\/animated-witches-hat.jpg","datePublished":"2024-03-19T11:32:46+00:00","dateModified":"2025-11-20T12:57:04+00:00","description":"Chapeau de sorci\u00e8re anim\u00e9. Boutique d'objets de collection d'horreur et d'accessoires d'Halloween. Disponible au Royaume-Uni aupr\u00e8s de Mad About Horror","breadcrumb":{"@id":"https:\/\/madabouthorror.co.uk\/product\/table-top-animated-witch-hat-on-books\/#breadcrumb"},"inLanguage":"fr-FR","potentialAction":[{"@type":"ReadAction","target":["https:\/\/madabouthorror.co.uk\/product\/table-top-animated-witch-hat-on-books\/"]}]},{"@type":"ImageObject","inLanguage":"fr-FR","@id":"https:\/\/madabouthorror.co.uk\/product\/table-top-animated-witch-hat-on-books\/#primaryimage","url":"https:\/\/madabouthorror.co.uk\/wp-content\/uploads\/2024\/03\/animated-witches-hat.jpg","contentUrl":"https:\/\/madabouthorror.co.uk\/wp-content\/uploads\/2024\/03\/animated-witches-hat.jpg","width":1500,"height":1500},{"@type":"BreadcrumbList","@id":"https:\/\/madabouthorror.co.uk\/product\/table-top-animated-witch-hat-on-books\/#breadcrumb","itemListElement":[{"@type":"ListItem","position":1,"name":"Shop","item":"https:\/\/madabouthorror.co.uk\/shop\/"},{"@type":"ListItem","position":2,"name":"Animated Witches Hat on Books"}]},{"@type":"WebSite","@id":"https:\/\/madabouthorror.co.uk\/#website","url":"https:\/\/madabouthorror.co.uk\/","name":"L'horreur en folie","description":"","publisher":{"@id":"https:\/\/madabouthorror.co.uk\/#organization"},"alternateName":"Mad About Horror Limited","potentialAction":[{"@type":"SearchAction","target":{"@type":"EntryPoint","urlTemplate":"https:\/\/madabouthorror.co.uk\/?s={search_term_string}"},"query-input":{"@type":"PropertyValueSpecification","valueRequired":true,"valueName":"search_term_string"}}],"inLanguage":"fr-FR"},{"@type":"Organization","@id":"https:\/\/madabouthorror.co.uk\/#organization","name":"L'horreur en folie","url":"https:\/\/madabouthorror.co.uk\/","logo":{"@type":"ImageObject","inLanguage":"fr-FR","@id":"https:\/\/madabouthorror.co.uk\/#\/schema\/logo\/image\/","url":"https:\/\/madabouthorror.co.uk\/wp-content\/uploads\/2024\/02\/cropped-Logo.png","contentUrl":"https:\/\/madabouthorror.co.uk\/wp-content\/uploads\/2024\/02\/cropped-Logo.png","width":240,"height":88,"caption":"Mad About Horror"},"image":{"@id":"https:\/\/madabouthorror.co.uk\/#\/schema\/logo\/image\/"},"sameAs":["https:\/\/www.facebook.com\/madabouthorror\/","https:\/\/www.instagram.com\/madabouthorror\/","https:\/\/www.pinterest.co.uk\/madabouthorror\/","https:\/\/www.youtube.com\/channel\/UCBooLOIxjoQ89dj6T5lWm_w","https:\/\/www.tiktok.com\/@weremadabouthorror"]}]}},"df_price":41.62,"df_sale_price":"","df_regular_price":41.62,"df_image_link":"https:\/\/madabouthorror.co.uk\/wp-content\/uploads\/2024\/03\/animated-witches-hat-300x300.jpg","_links":{"self":[{"href":"https:\/\/madabouthorror.co.uk\/fr\/wp-json\/wp\/v2\/product\/479086","targetHints":{"allow":["GET"]}}],"collection":[{"href":"https:\/\/madabouthorror.co.uk\/fr\/wp-json\/wp\/v2\/product"}],"about":[{"href":"https:\/\/madabouthorror.co.uk\/fr\/wp-json\/wp\/v2\/types\/product"}],"replies":[{"embeddable":true,"href":"https:\/\/madabouthorror.co.uk\/fr\/wp-json\/wp\/v2\/comments?post=479086"}],"wp:featuredmedia":[{"embeddable":true,"href":"https:\/\/madabouthorror.co.uk\/fr\/wp-json\/wp\/v2\/media\/496941"}],"wp:attachment":[{"href":"https:\/\/madabouthorror.co.uk\/fr\/wp-json\/wp\/v2\/media?parent=479086"}],"wp:term":[{"taxonomy":"product_brand","embeddable":true,"href":"https:\/\/madabouthorror.co.uk\/fr\/wp-json\/wp\/v2\/product_brand?post=479086"},{"taxonomy":"product_cat","embeddable":true,"href":"https:\/\/madabouthorror.co.uk\/fr\/wp-json\/wp\/v2\/product_cat?post=479086"},{"taxonomy":"product_tag","embeddable":true,"href":"https:\/\/madabouthorror.co.uk\/fr\/wp-json\/wp\/v2\/product_tag?post=479086"}],"curies":[{"name":"wp","href":"https:\/\/api.w.org\/{rel}","templated":true}]}}