{"id":480246,"date":"2024-03-22T15:19:38","date_gmt":"2024-03-22T15:19:38","guid":{"rendered":"https:\/\/madabouthorror.co.uk\/?post_type=product&#038;p=480246"},"modified":"2026-03-24T13:15:37","modified_gmt":"2026-03-24T13:15:37","slug":"led-witch","status":"publish","type":"product","link":"https:\/\/madabouthorror.co.uk\/fr\/product\/led-witch\/","title":{"rendered":"Sorci\u00e8re malveillante - Accessoire anim\u00e9 pour l'Halloween"},"content":{"rendered":"<p>Voici notre accessoire anim\u00e9 LED Witch ! Pr\u00e9parez-vous \u00e0 \u00eatre envo\u00fbt\u00e9 par cette addition ensorcelante \u00e0 votre installation d'Halloween. Activ\u00e9e \u00e0 la fois par le son et le mouvement, cette enchanteresse de 6 pieds de haut prend vie, bouge sa bouche et sa t\u00eate tout en pronon\u00e7ant des phrases effrayantes et en vous fixant avec ses yeux illumin\u00e9s. Facile \u00e0 installer, elle se monte en 15 minutes seulement.<\/p>\n<p>Mais attention, les stocks sont limit\u00e9s au Royaume-Uni, alors faites vite !<\/p>\n<p><strong>Les caract\u00e9ristiques comprennent<\/strong><\/p>\n<ul>\n<li>Activation par le son et le mouvement<\/li>\n<li>La bouche et la t\u00eate bougent<\/li>\n<li>Parle de phrases effrayantes<\/li>\n<li>Des yeux lumineux inqui\u00e9tants<\/li>\n<li>Temps de montage de 15 minutes<\/li>\n<li>6 pieds de haut<\/li>\n<li>Fonctionne sur piles (non incluses)<\/li>\n<\/ul>\n<div>\n<p><strong>A noter :<\/strong> Ces accessoires sont vendus au Royaume-Uni sous forme d'articles \u00e0 piles.<\/p>\n<p>Un adaptateur d'alimentation de type UK\/EU peut \u00eatre achet\u00e9 ici <a href=\"https:\/\/madabouthorror.co.uk\/product\/power-supply-for-tekky-toys-props\/\">https:\/\/madabouthorror.co.uk\/product\/power-supply-for-tekky-toys-props\/<\/a><\/p>\n<p style=\"font-weight: 400;\"><em>Pour une utilisation sous un porche couvert ou \u00e0 l'int\u00e9rieur. Prot\u00e9ger des intemp\u00e9ries en cas d'utilisation \u00e0 l'ext\u00e9rieur et ne pas laisser \u00e0 l'ext\u00e9rieur pendant de longues p\u00e9riodes.<\/em><\/p>\n<p style=\"font-weight: 400;\"><em>Remarque : ces accessoires ne sont pas recommand\u00e9s pour un usage commercial intensif, c'est-\u00e0-dire qu'ils ne doivent pas \u00eatre utilis\u00e9s pendant des p\u00e9riodes prolong\u00e9es, c'est-\u00e0-dire plusieurs jours d'affil\u00e9e. Ils sont con\u00e7us pour \u00eatre utilis\u00e9s \u00e0 l'occasion d'Halloween. Si vous avez des questions \u00e0 ce sujet, n'h\u00e9sitez pas \u00e0 les poser.<\/em><\/p>\n<p style=\"font-weight: 400;\">\n<\/div>","protected":false},"excerpt":{"rendered":"<p>Voici notre accessoire anim\u00e9 LED Witch ! Pr\u00e9parez-vous \u00e0 \u00eatre envo\u00fbt\u00e9 par cette addition ensorcelante \u00e0 votre installation d'Halloween. Activ\u00e9e par le son et le mouvement, cette enchanteresse de 6 pieds de haut prend vie, bouge sa bouche et sa t\u00eate tout en pronon\u00e7ant des phrases effrayantes et en vous fixant avec ses yeux illumin\u00e9s. Facile \u00e0 installer - assemblez-la [...]<\/p>","protected":false},"featured_media":564704,"comment_status":"closed","ping_status":"closed","template":"","meta":{"_acf_changed":false},"product_brand":[],"product_cat":[10068,10131,10108,10093,10094,6547,6963,6596,7055,9899],"product_tag":[],"class_list":{"0":"post-480246","1":"product","2":"type-product","3":"status-publish","4":"has-post-thumbnail","6":"product_cat-halloween-decorations-2025","7":"product_cat-halloween-gifts","8":"product_cat-light-up-halloween-decorations","9":"product_cat-indoor-halloween-decorations","10":"product_cat-outdoor-halloween-decorations","11":"product_cat-decorations","12":"product_cat-animatronics","13":"product_cat-witch-decorations","14":"product_cat-animated-props-witches","15":"product_cat-tekky-toys","17":"first","18":"instock","19":"taxable","20":"shipping-taxable","21":"purchasable","22":"product-type-simple"},"supplier_id":467901,"supplier_sku":"60412","barcode":"669703604122","atum_controlled":true,"out_stock_date":null,"out_stock_threshold":null,"inheritable":false,"inbound_stock":0,"stock_on_hold":0,"sold_today":0,"sales_last_days":0,"reserved_stock":0,"customer_returns":0,"warehouse_damage":0,"lost_in_post":0,"other_logs":0,"out_stock_days":0,"lost_sales":0,"has_location":false,"update_date":"2026-04-04T01:32:28","atum_locations":[],"atum_stock_status":"instock","restock_status":false,"low_stock_amount":"","sales_update_date":"2026-04-04T01:32:26","calc_backorders":null,"acf":[],"yoast_head":"<!-- This site is optimized with the Yoast SEO plugin v27.3 - https:\/\/yoast.com\/product\/yoast-seo-wordpress\/ -->\n<title>Wicked Witch Animated Halloween Prop | Mad About Horror<\/title>\n<meta name=\"description\" content=\"LED Witch Animated Halloween Prop. Shop Horror collectibles and Halloween props. Europe&#039;s leading horror collectibles specialist.\" \/>\n<meta name=\"robots\" content=\"index, follow, max-snippet:-1, max-image-preview:large, max-video-preview:-1\" \/>\n<link rel=\"canonical\" href=\"https:\/\/madabouthorror.co.uk\/fr\/product\/led-witch\/\" \/>\n<meta property=\"og:locale\" content=\"fr_FR\" \/>\n<meta property=\"og:type\" content=\"article\" \/>\n<meta property=\"og:title\" content=\"Wicked Witch Animated Halloween Prop | Mad About Horror\" \/>\n<meta property=\"og:description\" content=\"LED Witch Animated Halloween Prop. Shop Horror collectibles and Halloween props. Europe&#039;s leading horror collectibles specialist.\" \/>\n<meta property=\"og:url\" content=\"https:\/\/madabouthorror.co.uk\/fr\/product\/led-witch\/\" \/>\n<meta property=\"og:site_name\" content=\"Mad About Horror\" \/>\n<meta property=\"article:publisher\" content=\"https:\/\/www.facebook.com\/madabouthorror\/\" \/>\n<meta property=\"article:modified_time\" content=\"2026-03-24T13:15:37+00:00\" \/>\n<meta property=\"og:image\" content=\"https:\/\/madabouthorror.co.uk\/wp-content\/uploads\/2024\/03\/WITCH-2.jpg\" \/>\n\t<meta property=\"og:image:width\" content=\"1500\" \/>\n\t<meta property=\"og:image:height\" content=\"1500\" \/>\n\t<meta property=\"og:image:type\" content=\"image\/jpeg\" \/>\n<meta name=\"twitter:card\" content=\"summary_large_image\" \/>\n<meta name=\"twitter:label1\" content=\"Dur\u00e9e de lecture estim\u00e9e\" \/>\n\t<meta name=\"twitter:data1\" content=\"1 minute\" \/>\n<script type=\"application\/ld+json\" class=\"yoast-schema-graph\">{\"@context\":\"https:\\\/\\\/schema.org\",\"@graph\":[{\"@type\":[\"WebPage\",\"ItemPage\"],\"@id\":\"https:\\\/\\\/madabouthorror.co.uk\\\/product\\\/led-witch\\\/\",\"url\":\"https:\\\/\\\/madabouthorror.co.uk\\\/product\\\/led-witch\\\/\",\"name\":\"Wicked Witch Animated Halloween Prop | Mad About Horror\",\"isPartOf\":{\"@id\":\"https:\\\/\\\/madabouthorror.co.uk\\\/#website\"},\"primaryImageOfPage\":{\"@id\":\"https:\\\/\\\/madabouthorror.co.uk\\\/product\\\/led-witch\\\/#primaryimage\"},\"image\":{\"@id\":\"https:\\\/\\\/madabouthorror.co.uk\\\/product\\\/led-witch\\\/#primaryimage\"},\"thumbnailUrl\":\"https:\\\/\\\/madabouthorror.co.uk\\\/wp-content\\\/uploads\\\/2024\\\/03\\\/WITCH-2.jpg\",\"datePublished\":\"2024-03-22T15:19:38+00:00\",\"dateModified\":\"2026-03-24T13:15:37+00:00\",\"description\":\"LED Witch Animated Halloween Prop. Shop Horror collectibles and Halloween props. Europe's leading horror collectibles specialist.\",\"breadcrumb\":{\"@id\":\"https:\\\/\\\/madabouthorror.co.uk\\\/product\\\/led-witch\\\/#breadcrumb\"},\"inLanguage\":\"fr-FR\",\"potentialAction\":[{\"@type\":\"ReadAction\",\"target\":[\"https:\\\/\\\/madabouthorror.co.uk\\\/product\\\/led-witch\\\/\"]}]},{\"@type\":\"ImageObject\",\"inLanguage\":\"fr-FR\",\"@id\":\"https:\\\/\\\/madabouthorror.co.uk\\\/product\\\/led-witch\\\/#primaryimage\",\"url\":\"https:\\\/\\\/madabouthorror.co.uk\\\/wp-content\\\/uploads\\\/2024\\\/03\\\/WITCH-2.jpg\",\"contentUrl\":\"https:\\\/\\\/madabouthorror.co.uk\\\/wp-content\\\/uploads\\\/2024\\\/03\\\/WITCH-2.jpg\",\"width\":1500,\"height\":1500,\"caption\":\"LED Witch Animated Prop\"},{\"@type\":\"BreadcrumbList\",\"@id\":\"https:\\\/\\\/madabouthorror.co.uk\\\/product\\\/led-witch\\\/#breadcrumb\",\"itemListElement\":[{\"@type\":\"ListItem\",\"position\":1,\"name\":\"Shop\",\"item\":\"https:\\\/\\\/madabouthorror.co.uk\\\/shop\\\/\"},{\"@type\":\"ListItem\",\"position\":2,\"name\":\"Wicked Witch Animated Halloween Prop\"}]},{\"@type\":\"WebSite\",\"@id\":\"https:\\\/\\\/madabouthorror.co.uk\\\/#website\",\"url\":\"https:\\\/\\\/madabouthorror.co.uk\\\/\",\"name\":\"Mad About Horror\",\"description\":\"\",\"publisher\":{\"@id\":\"https:\\\/\\\/madabouthorror.co.uk\\\/#organization\"},\"alternateName\":\"Mad About Horror Limited\",\"potentialAction\":[{\"@type\":\"SearchAction\",\"target\":{\"@type\":\"EntryPoint\",\"urlTemplate\":\"https:\\\/\\\/madabouthorror.co.uk\\\/?s={search_term_string}\"},\"query-input\":{\"@type\":\"PropertyValueSpecification\",\"valueRequired\":true,\"valueName\":\"search_term_string\"}}],\"inLanguage\":\"fr-FR\"},{\"@type\":\"Organization\",\"@id\":\"https:\\\/\\\/madabouthorror.co.uk\\\/#organization\",\"name\":\"Mad About Horror\",\"url\":\"https:\\\/\\\/madabouthorror.co.uk\\\/\",\"logo\":{\"@type\":\"ImageObject\",\"inLanguage\":\"fr-FR\",\"@id\":\"https:\\\/\\\/madabouthorror.co.uk\\\/#\\\/schema\\\/logo\\\/image\\\/\",\"url\":\"https:\\\/\\\/madabouthorror.co.uk\\\/wp-content\\\/uploads\\\/2024\\\/02\\\/cropped-Logo.png\",\"contentUrl\":\"https:\\\/\\\/madabouthorror.co.uk\\\/wp-content\\\/uploads\\\/2024\\\/02\\\/cropped-Logo.png\",\"width\":240,\"height\":88,\"caption\":\"Mad About Horror\"},\"image\":{\"@id\":\"https:\\\/\\\/madabouthorror.co.uk\\\/#\\\/schema\\\/logo\\\/image\\\/\"},\"sameAs\":[\"https:\\\/\\\/www.facebook.com\\\/madabouthorror\\\/\",\"https:\\\/\\\/www.instagram.com\\\/madabouthorror\\\/\",\"https:\\\/\\\/www.pinterest.co.uk\\\/madabouthorror\\\/\",\"https:\\\/\\\/www.youtube.com\\\/channel\\\/UCBooLOIxjoQ89dj6T5lWm_w\",\"https:\\\/\\\/www.tiktok.com\\\/@weremadabouthorror\"]}]}<\/script>\n<!-- \/ Yoast SEO plugin. -->","yoast_head_json":{"title":"Accessoire d'Halloween pour la m\u00e9chante sorci\u00e8re anim\u00e9e | Mad About Horror","description":"Sorci\u00e8re \u00e0 LED, accessoire d'Halloween - Boutique d'objets de collection d'horreur et d'accessoires d'Halloween. Le premier sp\u00e9cialiste europ\u00e9en des objets de collection d'horreur.","robots":{"index":"index","follow":"follow","max-snippet":"max-snippet:-1","max-image-preview":"max-image-preview:large","max-video-preview":"max-video-preview:-1"},"canonical":"https:\/\/madabouthorror.co.uk\/fr\/product\/led-witch\/","og_locale":"fr_FR","og_type":"article","og_title":"Wicked Witch Animated Halloween Prop | Mad About Horror","og_description":"LED Witch Animated Halloween Prop. Shop Horror collectibles and Halloween props. Europe's leading horror collectibles specialist.","og_url":"https:\/\/madabouthorror.co.uk\/fr\/product\/led-witch\/","og_site_name":"Mad About Horror","article_publisher":"https:\/\/www.facebook.com\/madabouthorror\/","article_modified_time":"2026-03-24T13:15:37+00:00","og_image":[{"width":1500,"height":1500,"url":"https:\/\/madabouthorror.co.uk\/wp-content\/uploads\/2024\/03\/WITCH-2.jpg","type":"image\/jpeg"}],"twitter_card":"summary_large_image","twitter_misc":{"Dur\u00e9e de lecture estim\u00e9e":"1 minute"},"schema":{"@context":"https:\/\/schema.org","@graph":[{"@type":["WebPage","ItemPage"],"@id":"https:\/\/madabouthorror.co.uk\/product\/led-witch\/","url":"https:\/\/madabouthorror.co.uk\/product\/led-witch\/","name":"Accessoire d'Halloween pour la m\u00e9chante sorci\u00e8re anim\u00e9e | Mad About Horror","isPartOf":{"@id":"https:\/\/madabouthorror.co.uk\/#website"},"primaryImageOfPage":{"@id":"https:\/\/madabouthorror.co.uk\/product\/led-witch\/#primaryimage"},"image":{"@id":"https:\/\/madabouthorror.co.uk\/product\/led-witch\/#primaryimage"},"thumbnailUrl":"https:\/\/madabouthorror.co.uk\/wp-content\/uploads\/2024\/03\/WITCH-2.jpg","datePublished":"2024-03-22T15:19:38+00:00","dateModified":"2026-03-24T13:15:37+00:00","description":"Sorci\u00e8re \u00e0 LED, accessoire d'Halloween - Boutique d'objets de collection d'horreur et d'accessoires d'Halloween. Le premier sp\u00e9cialiste europ\u00e9en des objets de collection d'horreur.","breadcrumb":{"@id":"https:\/\/madabouthorror.co.uk\/product\/led-witch\/#breadcrumb"},"inLanguage":"fr-FR","potentialAction":[{"@type":"ReadAction","target":["https:\/\/madabouthorror.co.uk\/product\/led-witch\/"]}]},{"@type":"ImageObject","inLanguage":"fr-FR","@id":"https:\/\/madabouthorror.co.uk\/product\/led-witch\/#primaryimage","url":"https:\/\/madabouthorror.co.uk\/wp-content\/uploads\/2024\/03\/WITCH-2.jpg","contentUrl":"https:\/\/madabouthorror.co.uk\/wp-content\/uploads\/2024\/03\/WITCH-2.jpg","width":1500,"height":1500,"caption":"LED Witch Animated Prop"},{"@type":"BreadcrumbList","@id":"https:\/\/madabouthorror.co.uk\/product\/led-witch\/#breadcrumb","itemListElement":[{"@type":"ListItem","position":1,"name":"Shop","item":"https:\/\/madabouthorror.co.uk\/shop\/"},{"@type":"ListItem","position":2,"name":"Wicked Witch Animated Halloween Prop"}]},{"@type":"WebSite","@id":"https:\/\/madabouthorror.co.uk\/#website","url":"https:\/\/madabouthorror.co.uk\/","name":"L'horreur en folie","description":"","publisher":{"@id":"https:\/\/madabouthorror.co.uk\/#organization"},"alternateName":"Mad About Horror Limited","potentialAction":[{"@type":"SearchAction","target":{"@type":"EntryPoint","urlTemplate":"https:\/\/madabouthorror.co.uk\/?s={search_term_string}"},"query-input":{"@type":"PropertyValueSpecification","valueRequired":true,"valueName":"search_term_string"}}],"inLanguage":"fr-FR"},{"@type":"Organization","@id":"https:\/\/madabouthorror.co.uk\/#organization","name":"L'horreur en folie","url":"https:\/\/madabouthorror.co.uk\/","logo":{"@type":"ImageObject","inLanguage":"fr-FR","@id":"https:\/\/madabouthorror.co.uk\/#\/schema\/logo\/image\/","url":"https:\/\/madabouthorror.co.uk\/wp-content\/uploads\/2024\/02\/cropped-Logo.png","contentUrl":"https:\/\/madabouthorror.co.uk\/wp-content\/uploads\/2024\/02\/cropped-Logo.png","width":240,"height":88,"caption":"Mad About Horror"},"image":{"@id":"https:\/\/madabouthorror.co.uk\/#\/schema\/logo\/image\/"},"sameAs":["https:\/\/www.facebook.com\/madabouthorror\/","https:\/\/www.instagram.com\/madabouthorror\/","https:\/\/www.pinterest.co.uk\/madabouthorror\/","https:\/\/www.youtube.com\/channel\/UCBooLOIxjoQ89dj6T5lWm_w","https:\/\/www.tiktok.com\/@weremadabouthorror"]}]}},"df_price":208.28,"df_sale_price":"","df_regular_price":208.28,"df_image_link":"https:\/\/madabouthorror.co.uk\/wp-content\/uploads\/2024\/03\/WITCH-2-300x300.jpg","_links":{"self":[{"href":"https:\/\/madabouthorror.co.uk\/fr\/wp-json\/wp\/v2\/product\/480246","targetHints":{"allow":["GET"]}}],"collection":[{"href":"https:\/\/madabouthorror.co.uk\/fr\/wp-json\/wp\/v2\/product"}],"about":[{"href":"https:\/\/madabouthorror.co.uk\/fr\/wp-json\/wp\/v2\/types\/product"}],"replies":[{"embeddable":true,"href":"https:\/\/madabouthorror.co.uk\/fr\/wp-json\/wp\/v2\/comments?post=480246"}],"wp:featuredmedia":[{"embeddable":true,"href":"https:\/\/madabouthorror.co.uk\/fr\/wp-json\/wp\/v2\/media\/564704"}],"wp:attachment":[{"href":"https:\/\/madabouthorror.co.uk\/fr\/wp-json\/wp\/v2\/media?parent=480246"}],"wp:term":[{"taxonomy":"product_brand","embeddable":true,"href":"https:\/\/madabouthorror.co.uk\/fr\/wp-json\/wp\/v2\/product_brand?post=480246"},{"taxonomy":"product_cat","embeddable":true,"href":"https:\/\/madabouthorror.co.uk\/fr\/wp-json\/wp\/v2\/product_cat?post=480246"},{"taxonomy":"product_tag","embeddable":true,"href":"https:\/\/madabouthorror.co.uk\/fr\/wp-json\/wp\/v2\/product_tag?post=480246"}],"curies":[{"name":"wp","href":"https:\/\/api.w.org\/{rel}","templated":true}]}}