{"id":482434,"date":"2024-04-17T11:52:37","date_gmt":"2024-04-17T10:52:37","guid":{"rendered":"https:\/\/madabouthorror.co.uk\/?post_type=product&#038;p=482434"},"modified":"2026-03-12T20:00:24","modified_gmt":"2026-03-12T20:00:24","slug":"ghostface-santa-mask","status":"publish","type":"product","link":"https:\/\/madabouthorror.co.uk\/fr\/product\/ghostface-santa-mask\/","title":{"rendered":"Masque de P\u00e8re No\u00ebl GhostFace"},"content":{"rendered":"<p>Voici le masque de P\u00e8re No\u00ebl de Fun World GhostFace - avec barbe blanche et bonnet de P\u00e8re No\u00ebl. Festif, effrayant et parfait pour votre costume ou votre collection !<\/p>\n<p>IMPORTANT : Les masques GF sont produits en s\u00e9rie et pr\u00e9sentent donc souvent une imperfection, m\u00eame s'il s'agit d'un \"objet de collection\". N'achetez pas si vous n'\u00eates pas pr\u00eat \u00e0 l'accepter. Si vous recevez un masque dont vous n'\u00eates pas satisfait, vous pouvez le renvoyer \u00e0 vos frais.<\/p>","protected":false},"excerpt":{"rendered":"<p>Voici le masque de P\u00e8re No\u00ebl de Fun World GhostFace - avec barbe blanche et bonnet de P\u00e8re No\u00ebl. Festif, effrayant et parfait pour votre costume ou votre collection ! IMPORTANT : Les masques GF sont produits en s\u00e9rie et pr\u00e9sentent donc souvent une imperfection, m\u00eame s'il s'agit d'un \"objet de collection\". N'achetez pas si vous n'\u00eates pas satisfait de [...]<\/p>","protected":false},"featured_media":482436,"comment_status":"closed","ping_status":"closed","template":"","meta":{"_acf_changed":false},"product_brand":[],"product_cat":[6580,10130,10041,10038,6541,7040,9919,6695],"product_tag":[],"class_list":{"0":"post-482434","1":"product","2":"type-product","3":"status-publish","4":"has-post-thumbnail","6":"product_cat-movie-tv","7":"product_cat-top-50-gifts","8":"product_cat-gifts-under-50","9":"product_cat-horror-gifts","10":"product_cat-masks","11":"product_cat-ghostface","12":"product_cat-christmas","13":"product_cat-scream","14":"product_shipping_class-small-parcel-economy-3-5-business-days","16":"first","17":"instock","18":"taxable","19":"shipping-taxable","20":"purchasable","21":"product-type-simple"},"supplier_id":467907,"supplier_sku":"1550CM","barcode":"71765160995","atum_controlled":true,"out_stock_date":null,"out_stock_threshold":null,"inheritable":false,"inbound_stock":0,"stock_on_hold":0,"sold_today":0,"sales_last_days":3,"reserved_stock":0,"customer_returns":0,"warehouse_damage":0,"lost_in_post":0,"other_logs":0,"out_stock_days":0,"lost_sales":0,"has_location":false,"update_date":"2026-04-04T01:19:14","atum_locations":[],"atum_stock_status":"instock","restock_status":false,"low_stock_amount":2,"sales_update_date":"2026-04-04T01:19:13","calc_backorders":null,"acf":[],"yoast_head":"<!-- This site is optimized with the Yoast SEO plugin v27.3 - https:\/\/yoast.com\/product\/yoast-seo-wordpress\/ -->\n<title>GhostFace Santa Mask | Mad About Horror<\/title>\n<meta name=\"description\" content=\"GhostFace Santa Mask from Fun World. PRE-ORDER now available at Mad About Horror, Europe&#039;s leading horror collectibles specialist.\" \/>\n<meta name=\"robots\" content=\"index, follow, max-snippet:-1, max-image-preview:large, max-video-preview:-1\" \/>\n<link rel=\"canonical\" href=\"https:\/\/madabouthorror.co.uk\/fr\/product\/ghostface-santa-mask\/\" \/>\n<meta property=\"og:locale\" content=\"fr_FR\" \/>\n<meta property=\"og:type\" content=\"article\" \/>\n<meta property=\"og:title\" content=\"GhostFace Santa Mask | Mad About Horror\" \/>\n<meta property=\"og:description\" content=\"GhostFace Santa Mask from Fun World. PRE-ORDER now available at Mad About Horror, Europe&#039;s leading horror collectibles specialist.\" \/>\n<meta property=\"og:url\" content=\"https:\/\/madabouthorror.co.uk\/fr\/product\/ghostface-santa-mask\/\" \/>\n<meta property=\"og:site_name\" content=\"Mad About Horror\" \/>\n<meta property=\"article:publisher\" content=\"https:\/\/www.facebook.com\/madabouthorror\/\" \/>\n<meta property=\"article:modified_time\" content=\"2026-03-12T20:00:24+00:00\" \/>\n<meta property=\"og:image\" content=\"https:\/\/madabouthorror.co.uk\/wp-content\/uploads\/2024\/04\/Untitled-1.jpgj_.jpg\" \/>\n\t<meta property=\"og:image:width\" content=\"1890\" \/>\n\t<meta property=\"og:image:height\" content=\"1890\" \/>\n\t<meta property=\"og:image:type\" content=\"image\/jpeg\" \/>\n<meta name=\"twitter:card\" content=\"summary_large_image\" \/>\n<meta name=\"twitter:label1\" content=\"Dur\u00e9e de lecture estim\u00e9e\" \/>\n\t<meta name=\"twitter:data1\" content=\"1 minute\" \/>\n<script type=\"application\/ld+json\" class=\"yoast-schema-graph\">{\"@context\":\"https:\\\/\\\/schema.org\",\"@graph\":[{\"@type\":[\"WebPage\",\"ItemPage\"],\"@id\":\"https:\\\/\\\/madabouthorror.co.uk\\\/product\\\/ghostface-santa-mask\\\/\",\"url\":\"https:\\\/\\\/madabouthorror.co.uk\\\/product\\\/ghostface-santa-mask\\\/\",\"name\":\"GhostFace Santa Mask | Mad About Horror\",\"isPartOf\":{\"@id\":\"https:\\\/\\\/madabouthorror.co.uk\\\/#website\"},\"primaryImageOfPage\":{\"@id\":\"https:\\\/\\\/madabouthorror.co.uk\\\/product\\\/ghostface-santa-mask\\\/#primaryimage\"},\"image\":{\"@id\":\"https:\\\/\\\/madabouthorror.co.uk\\\/product\\\/ghostface-santa-mask\\\/#primaryimage\"},\"thumbnailUrl\":\"https:\\\/\\\/madabouthorror.co.uk\\\/wp-content\\\/uploads\\\/2024\\\/04\\\/Untitled-1.jpgj_.jpg\",\"datePublished\":\"2024-04-17T10:52:37+00:00\",\"dateModified\":\"2026-03-12T20:00:24+00:00\",\"description\":\"GhostFace Santa Mask from Fun World. PRE-ORDER now available at Mad About Horror, Europe's leading horror collectibles specialist.\",\"breadcrumb\":{\"@id\":\"https:\\\/\\\/madabouthorror.co.uk\\\/product\\\/ghostface-santa-mask\\\/#breadcrumb\"},\"inLanguage\":\"fr-FR\",\"potentialAction\":[{\"@type\":\"ReadAction\",\"target\":[\"https:\\\/\\\/madabouthorror.co.uk\\\/product\\\/ghostface-santa-mask\\\/\"]}]},{\"@type\":\"ImageObject\",\"inLanguage\":\"fr-FR\",\"@id\":\"https:\\\/\\\/madabouthorror.co.uk\\\/product\\\/ghostface-santa-mask\\\/#primaryimage\",\"url\":\"https:\\\/\\\/madabouthorror.co.uk\\\/wp-content\\\/uploads\\\/2024\\\/04\\\/Untitled-1.jpgj_.jpg\",\"contentUrl\":\"https:\\\/\\\/madabouthorror.co.uk\\\/wp-content\\\/uploads\\\/2024\\\/04\\\/Untitled-1.jpgj_.jpg\",\"width\":1890,\"height\":1890},{\"@type\":\"BreadcrumbList\",\"@id\":\"https:\\\/\\\/madabouthorror.co.uk\\\/product\\\/ghostface-santa-mask\\\/#breadcrumb\",\"itemListElement\":[{\"@type\":\"ListItem\",\"position\":1,\"name\":\"Shop\",\"item\":\"https:\\\/\\\/madabouthorror.co.uk\\\/shop\\\/\"},{\"@type\":\"ListItem\",\"position\":2,\"name\":\"GhostFace Santa Mask\"}]},{\"@type\":\"WebSite\",\"@id\":\"https:\\\/\\\/madabouthorror.co.uk\\\/#website\",\"url\":\"https:\\\/\\\/madabouthorror.co.uk\\\/\",\"name\":\"Mad About Horror\",\"description\":\"\",\"publisher\":{\"@id\":\"https:\\\/\\\/madabouthorror.co.uk\\\/#organization\"},\"alternateName\":\"Mad About Horror Limited\",\"potentialAction\":[{\"@type\":\"SearchAction\",\"target\":{\"@type\":\"EntryPoint\",\"urlTemplate\":\"https:\\\/\\\/madabouthorror.co.uk\\\/?s={search_term_string}\"},\"query-input\":{\"@type\":\"PropertyValueSpecification\",\"valueRequired\":true,\"valueName\":\"search_term_string\"}}],\"inLanguage\":\"fr-FR\"},{\"@type\":\"Organization\",\"@id\":\"https:\\\/\\\/madabouthorror.co.uk\\\/#organization\",\"name\":\"Mad About Horror\",\"url\":\"https:\\\/\\\/madabouthorror.co.uk\\\/\",\"logo\":{\"@type\":\"ImageObject\",\"inLanguage\":\"fr-FR\",\"@id\":\"https:\\\/\\\/madabouthorror.co.uk\\\/#\\\/schema\\\/logo\\\/image\\\/\",\"url\":\"https:\\\/\\\/madabouthorror.co.uk\\\/wp-content\\\/uploads\\\/2024\\\/02\\\/cropped-Logo.png\",\"contentUrl\":\"https:\\\/\\\/madabouthorror.co.uk\\\/wp-content\\\/uploads\\\/2024\\\/02\\\/cropped-Logo.png\",\"width\":240,\"height\":88,\"caption\":\"Mad About Horror\"},\"image\":{\"@id\":\"https:\\\/\\\/madabouthorror.co.uk\\\/#\\\/schema\\\/logo\\\/image\\\/\"},\"sameAs\":[\"https:\\\/\\\/www.facebook.com\\\/madabouthorror\\\/\",\"https:\\\/\\\/www.instagram.com\\\/madabouthorror\\\/\",\"https:\\\/\\\/www.pinterest.co.uk\\\/madabouthorror\\\/\",\"https:\\\/\\\/www.youtube.com\\\/channel\\\/UCBooLOIxjoQ89dj6T5lWm_w\",\"https:\\\/\\\/www.tiktok.com\\\/@weremadabouthorror\"]}]}<\/script>\n<!-- \/ Yoast SEO plugin. -->","yoast_head_json":{"title":"Masque de P\u00e8re No\u00ebl GhostFace | Mad About Horror","description":"Masque de P\u00e8re No\u00ebl GhostFace de Fun World. PR\u00c9-COMMANDE disponible d\u00e8s maintenant chez Mad About Horror, le plus grand sp\u00e9cialiste europ\u00e9en des objets de collection d'horreur.","robots":{"index":"index","follow":"follow","max-snippet":"max-snippet:-1","max-image-preview":"max-image-preview:large","max-video-preview":"max-video-preview:-1"},"canonical":"https:\/\/madabouthorror.co.uk\/fr\/product\/ghostface-santa-mask\/","og_locale":"fr_FR","og_type":"article","og_title":"GhostFace Santa Mask | Mad About Horror","og_description":"GhostFace Santa Mask from Fun World. PRE-ORDER now available at Mad About Horror, Europe's leading horror collectibles specialist.","og_url":"https:\/\/madabouthorror.co.uk\/fr\/product\/ghostface-santa-mask\/","og_site_name":"Mad About Horror","article_publisher":"https:\/\/www.facebook.com\/madabouthorror\/","article_modified_time":"2026-03-12T20:00:24+00:00","og_image":[{"width":1890,"height":1890,"url":"https:\/\/madabouthorror.co.uk\/wp-content\/uploads\/2024\/04\/Untitled-1.jpgj_.jpg","type":"image\/jpeg"}],"twitter_card":"summary_large_image","twitter_misc":{"Dur\u00e9e de lecture estim\u00e9e":"1 minute"},"schema":{"@context":"https:\/\/schema.org","@graph":[{"@type":["WebPage","ItemPage"],"@id":"https:\/\/madabouthorror.co.uk\/product\/ghostface-santa-mask\/","url":"https:\/\/madabouthorror.co.uk\/product\/ghostface-santa-mask\/","name":"Masque de P\u00e8re No\u00ebl GhostFace | Mad About Horror","isPartOf":{"@id":"https:\/\/madabouthorror.co.uk\/#website"},"primaryImageOfPage":{"@id":"https:\/\/madabouthorror.co.uk\/product\/ghostface-santa-mask\/#primaryimage"},"image":{"@id":"https:\/\/madabouthorror.co.uk\/product\/ghostface-santa-mask\/#primaryimage"},"thumbnailUrl":"https:\/\/madabouthorror.co.uk\/wp-content\/uploads\/2024\/04\/Untitled-1.jpgj_.jpg","datePublished":"2024-04-17T10:52:37+00:00","dateModified":"2026-03-12T20:00:24+00:00","description":"Masque de P\u00e8re No\u00ebl GhostFace de Fun World. PR\u00c9-COMMANDE disponible d\u00e8s maintenant chez Mad About Horror, le plus grand sp\u00e9cialiste europ\u00e9en des objets de collection d'horreur.","breadcrumb":{"@id":"https:\/\/madabouthorror.co.uk\/product\/ghostface-santa-mask\/#breadcrumb"},"inLanguage":"fr-FR","potentialAction":[{"@type":"ReadAction","target":["https:\/\/madabouthorror.co.uk\/product\/ghostface-santa-mask\/"]}]},{"@type":"ImageObject","inLanguage":"fr-FR","@id":"https:\/\/madabouthorror.co.uk\/product\/ghostface-santa-mask\/#primaryimage","url":"https:\/\/madabouthorror.co.uk\/wp-content\/uploads\/2024\/04\/Untitled-1.jpgj_.jpg","contentUrl":"https:\/\/madabouthorror.co.uk\/wp-content\/uploads\/2024\/04\/Untitled-1.jpgj_.jpg","width":1890,"height":1890},{"@type":"BreadcrumbList","@id":"https:\/\/madabouthorror.co.uk\/product\/ghostface-santa-mask\/#breadcrumb","itemListElement":[{"@type":"ListItem","position":1,"name":"Shop","item":"https:\/\/madabouthorror.co.uk\/shop\/"},{"@type":"ListItem","position":2,"name":"GhostFace Santa Mask"}]},{"@type":"WebSite","@id":"https:\/\/madabouthorror.co.uk\/#website","url":"https:\/\/madabouthorror.co.uk\/","name":"L'horreur en folie","description":"","publisher":{"@id":"https:\/\/madabouthorror.co.uk\/#organization"},"alternateName":"Mad About Horror Limited","potentialAction":[{"@type":"SearchAction","target":{"@type":"EntryPoint","urlTemplate":"https:\/\/madabouthorror.co.uk\/?s={search_term_string}"},"query-input":{"@type":"PropertyValueSpecification","valueRequired":true,"valueName":"search_term_string"}}],"inLanguage":"fr-FR"},{"@type":"Organization","@id":"https:\/\/madabouthorror.co.uk\/#organization","name":"L'horreur en folie","url":"https:\/\/madabouthorror.co.uk\/","logo":{"@type":"ImageObject","inLanguage":"fr-FR","@id":"https:\/\/madabouthorror.co.uk\/#\/schema\/logo\/image\/","url":"https:\/\/madabouthorror.co.uk\/wp-content\/uploads\/2024\/02\/cropped-Logo.png","contentUrl":"https:\/\/madabouthorror.co.uk\/wp-content\/uploads\/2024\/02\/cropped-Logo.png","width":240,"height":88,"caption":"Mad About Horror"},"image":{"@id":"https:\/\/madabouthorror.co.uk\/#\/schema\/logo\/image\/"},"sameAs":["https:\/\/www.facebook.com\/madabouthorror\/","https:\/\/www.instagram.com\/madabouthorror\/","https:\/\/www.pinterest.co.uk\/madabouthorror\/","https:\/\/www.youtube.com\/channel\/UCBooLOIxjoQ89dj6T5lWm_w","https:\/\/www.tiktok.com\/@weremadabouthorror"]}]}},"df_price":31.2,"df_sale_price":"","df_regular_price":31.2,"df_image_link":"https:\/\/madabouthorror.co.uk\/wp-content\/uploads\/2024\/04\/Untitled-1.jpgj_-300x300.jpg","_links":{"self":[{"href":"https:\/\/madabouthorror.co.uk\/fr\/wp-json\/wp\/v2\/product\/482434","targetHints":{"allow":["GET"]}}],"collection":[{"href":"https:\/\/madabouthorror.co.uk\/fr\/wp-json\/wp\/v2\/product"}],"about":[{"href":"https:\/\/madabouthorror.co.uk\/fr\/wp-json\/wp\/v2\/types\/product"}],"replies":[{"embeddable":true,"href":"https:\/\/madabouthorror.co.uk\/fr\/wp-json\/wp\/v2\/comments?post=482434"}],"wp:featuredmedia":[{"embeddable":true,"href":"https:\/\/madabouthorror.co.uk\/fr\/wp-json\/wp\/v2\/media\/482436"}],"wp:attachment":[{"href":"https:\/\/madabouthorror.co.uk\/fr\/wp-json\/wp\/v2\/media?parent=482434"}],"wp:term":[{"taxonomy":"product_brand","embeddable":true,"href":"https:\/\/madabouthorror.co.uk\/fr\/wp-json\/wp\/v2\/product_brand?post=482434"},{"taxonomy":"product_cat","embeddable":true,"href":"https:\/\/madabouthorror.co.uk\/fr\/wp-json\/wp\/v2\/product_cat?post=482434"},{"taxonomy":"product_tag","embeddable":true,"href":"https:\/\/madabouthorror.co.uk\/fr\/wp-json\/wp\/v2\/product_tag?post=482434"}],"curies":[{"name":"wp","href":"https:\/\/api.w.org\/{rel}","templated":true}]}}