{"id":483056,"date":"2024-04-23T21:30:53","date_gmt":"2024-04-23T20:30:53","guid":{"rendered":"https:\/\/madabouthorror.co.uk\/?post_type=product&#038;p=483056"},"modified":"2026-04-29T16:19:51","modified_gmt":"2026-04-29T15:19:51","slug":"swinging-decrepit-doll-animated-prop","status":"publish","type":"product","link":"https:\/\/madabouthorror.co.uk\/fr\/product\/swinging-decrepit-doll-animated-prop\/","title":{"rendered":"Poup\u00e9e d\u00e9cr\u00e9pite oscillante Animatronic Halloween"},"content":{"rendered":"<p style=\"font-weight: 400;\">Ajoutez un d\u00e9cor effrayant \u00e0 votre Halloween en ramenant \u00e0 la maison l'animatronique Swinging Decrepit Doll !<\/p>\n<p style=\"font-weight: 400;\">Cet accessoire effrayant est dot\u00e9 d'un capteur infrarouge, d'yeux \u00e9vid\u00e9s qui brillent d'un bleu \u00e9trange et prononce des phrases obs\u00e9dantes \u00e0 tous les passants tandis que sa t\u00eate tourne d'un c\u00f4t\u00e9 \u00e0 l'autre et qu'elle se balance d'avant en arri\u00e8re sur sa balan\u00e7oire. Votre maison hant\u00e9e ne sera plus jamais la m\u00eame !<\/p>\n<p style=\"font-weight: 400;\">Choisissez entre les options d'activation du capteur Steady-On ou Infra-Red pour fonctionner Cordon d'alimentation UL inclus Le capteur infrarouge fonctionne jusqu'\u00e0 une distance de 6,5 pieds fonctionne dans toutes les conditions d'\u00e9clairage - lumi\u00e8re vive ou pas de lumi\u00e8re !<\/p>\n<p style=\"font-weight: 400;\">L'article comprend un contr\u00f4le du volume. Assemblage n\u00e9cessaire.<\/p>\n<p style=\"font-weight: 400;\">La poup\u00e9e mesure 30\u2033 de haut. Le m\u00e9canisme de la balan\u00e7oire, la corde et la poup\u00e9e inclus, la longueur totale est de 65\u2033.<\/p>\n<p><b>Fourni avec un adaptateur secteur britannique<\/b>. <i>N'utilisez que l'adaptateur d'alimentation fourni, car les adaptateurs d'alimentation incorrects peuvent causer des dommages.<\/i><\/p>\n<div>\n<div><b>Pour le porche couvert ou l'int\u00e9rieur.<\/b> <i>Prot\u00e9ger des intemp\u00e9ries en cas d'utilisation \u00e0 l'ext\u00e9rieur et ne pas laisser \u00e0 l'ext\u00e9rieur pendant des p\u00e9riodes prolong\u00e9es.<\/i><\/div>\n<div><\/div>\n<div><b>A noter :<\/b><i> Ces accessoires ne sont pas recommand\u00e9s pour un usage commercial intensif, c'est-\u00e0-dire qu'ils ne doivent pas \u00eatre utilis\u00e9s pendant des p\u00e9riodes prolong\u00e9es, c'est-\u00e0-dire plusieurs jours d'affil\u00e9e. Ils sont con\u00e7us pour \u00eatre utilis\u00e9s \u00e0 l'occasion d'Halloween. Si vous avez des questions \u00e0 ce sujet, n'h\u00e9sitez pas \u00e0 les poser.<\/i><\/div>\n<\/div>","protected":false},"excerpt":{"rendered":"<p>Ajoutez un d\u00e9cor effrayant \u00e0 votre Halloween en ramenant chez vous l'animatronique Swinging Decrepit Doll ! Cet accessoire effrayant est dot\u00e9 d'un capteur infrarouge, d'yeux \u00e9vid\u00e9s qui brillent d'un bleu \u00e9trange et prononce des phrases obs\u00e9dantes \u00e0 tous les passants tandis que sa t\u00eate tourne d'un c\u00f4t\u00e9 \u00e0 l'autre et qu'elle se balance d'avant en arri\u00e8re sur sa balan\u00e7oire. Votre maison hant\u00e9e [...]<\/p>","protected":false},"featured_media":544148,"comment_status":"closed","ping_status":"closed","template":"","meta":{"_acf_changed":false},"product_brand":[],"product_cat":[10068,10131,10093,10094,6547,6549,6963,7049,7050],"product_tag":[],"class_list":{"0":"post-483056","1":"product","2":"type-product","3":"status-publish","4":"has-post-thumbnail","6":"product_cat-halloween-decorations-2025","7":"product_cat-halloween-gifts","8":"product_cat-indoor-halloween-decorations","9":"product_cat-outdoor-halloween-decorations","10":"product_cat-decorations","11":"product_cat-haunted-house","12":"product_cat-animatronics","13":"product_cat-dolls","14":"product_cat-haunted-house-animatronics","15":"product_shipping_class-props","17":"first","18":"instock","19":"taxable","20":"shipping-taxable","21":"purchasable","22":"product-type-simple"},"supplier_id":467908,"supplier_sku":"MR039121","barcode":"841493081660","atum_controlled":true,"out_stock_date":null,"out_stock_threshold":null,"inheritable":false,"inbound_stock":12,"stock_on_hold":0,"sold_today":0,"sales_last_days":0,"reserved_stock":0,"customer_returns":0,"warehouse_damage":0,"lost_in_post":0,"other_logs":0,"out_stock_days":0,"lost_sales":0,"has_location":false,"update_date":"2026-05-05T00:25:28","atum_locations":[],"atum_stock_status":"instock","restock_status":false,"low_stock_amount":"","sales_update_date":"2026-05-05T00:25:26","calc_backorders":null,"acf":[],"yoast_head":"<!-- This site is optimized with the Yoast SEO plugin v27.5 - https:\/\/yoast.com\/product\/yoast-seo-wordpress\/ -->\n<title>Swinging Decrepit Doll Halloween Animatronic | Mad About Horror<\/title>\n<meta name=\"description\" content=\"Swinging Decrepit Doll Animatronic. Huge range of quality Halloween props, masks and accessories. Buy from the UK&#039;s leading horror and Halloween specialist.\u00a0\" \/>\n<meta name=\"robots\" content=\"index, follow, max-snippet:-1, max-image-preview:large, max-video-preview:-1\" \/>\n<link rel=\"canonical\" href=\"https:\/\/madabouthorror.co.uk\/fr\/product\/swinging-decrepit-doll-animated-prop\/\" \/>\n<meta property=\"og:locale\" content=\"fr_FR\" \/>\n<meta property=\"og:type\" content=\"article\" \/>\n<meta property=\"og:title\" content=\"Swinging Decrepit Doll Halloween Animatronic | Mad About Horror\" \/>\n<meta property=\"og:description\" content=\"Swinging Decrepit Doll Animatronic. Huge range of quality Halloween props, masks and accessories. Buy from the UK&#039;s leading horror and Halloween specialist.\u00a0\" \/>\n<meta property=\"og:url\" content=\"https:\/\/madabouthorror.co.uk\/fr\/product\/swinging-decrepit-doll-animated-prop\/\" \/>\n<meta property=\"og:site_name\" content=\"Mad About Horror\" \/>\n<meta property=\"article:publisher\" content=\"https:\/\/www.facebook.com\/madabouthorror\/\" \/>\n<meta property=\"article:modified_time\" content=\"2026-04-29T15:19:51+00:00\" \/>\n<meta property=\"og:image\" content=\"https:\/\/madabouthorror.co.uk\/wp-content\/uploads\/2024\/04\/animated-swinging-decrepit-dollmr039121.jpg\" \/>\n\t<meta property=\"og:image:width\" content=\"1500\" \/>\n\t<meta property=\"og:image:height\" content=\"1500\" \/>\n\t<meta property=\"og:image:type\" content=\"image\/jpeg\" \/>\n<meta name=\"twitter:card\" content=\"summary_large_image\" \/>\n<meta name=\"twitter:label1\" content=\"Dur\u00e9e de lecture estim\u00e9e\" \/>\n\t<meta name=\"twitter:data1\" content=\"2 minutes\" \/>\n<script type=\"application\/ld+json\" class=\"yoast-schema-graph\">{\"@context\":\"https:\\\/\\\/schema.org\",\"@graph\":[{\"@type\":[\"WebPage\",\"ItemPage\"],\"@id\":\"https:\\\/\\\/madabouthorror.co.uk\\\/product\\\/swinging-decrepit-doll-animated-prop\\\/\",\"url\":\"https:\\\/\\\/madabouthorror.co.uk\\\/product\\\/swinging-decrepit-doll-animated-prop\\\/\",\"name\":\"Swinging Decrepit Doll Halloween Animatronic | Mad About Horror\",\"isPartOf\":{\"@id\":\"https:\\\/\\\/madabouthorror.co.uk\\\/#website\"},\"primaryImageOfPage\":{\"@id\":\"https:\\\/\\\/madabouthorror.co.uk\\\/product\\\/swinging-decrepit-doll-animated-prop\\\/#primaryimage\"},\"image\":{\"@id\":\"https:\\\/\\\/madabouthorror.co.uk\\\/product\\\/swinging-decrepit-doll-animated-prop\\\/#primaryimage\"},\"thumbnailUrl\":\"https:\\\/\\\/madabouthorror.co.uk\\\/wp-content\\\/uploads\\\/2024\\\/04\\\/animated-swinging-decrepit-dollmr039121.jpg\",\"datePublished\":\"2024-04-23T20:30:53+00:00\",\"dateModified\":\"2026-04-29T15:19:51+00:00\",\"description\":\"Swinging Decrepit Doll Animatronic. Huge range of quality Halloween props, masks and accessories. Buy from the UK's leading horror and Halloween specialist.\u00a0\",\"breadcrumb\":{\"@id\":\"https:\\\/\\\/madabouthorror.co.uk\\\/product\\\/swinging-decrepit-doll-animated-prop\\\/#breadcrumb\"},\"inLanguage\":\"fr-FR\",\"potentialAction\":[{\"@type\":\"ReadAction\",\"target\":[\"https:\\\/\\\/madabouthorror.co.uk\\\/product\\\/swinging-decrepit-doll-animated-prop\\\/\"]}]},{\"@type\":\"ImageObject\",\"inLanguage\":\"fr-FR\",\"@id\":\"https:\\\/\\\/madabouthorror.co.uk\\\/product\\\/swinging-decrepit-doll-animated-prop\\\/#primaryimage\",\"url\":\"https:\\\/\\\/madabouthorror.co.uk\\\/wp-content\\\/uploads\\\/2024\\\/04\\\/animated-swinging-decrepit-dollmr039121.jpg\",\"contentUrl\":\"https:\\\/\\\/madabouthorror.co.uk\\\/wp-content\\\/uploads\\\/2024\\\/04\\\/animated-swinging-decrepit-dollmr039121.jpg\",\"width\":1500,\"height\":1500,\"caption\":\"animated-swinging-decrepit-doll~mr039121\"},{\"@type\":\"BreadcrumbList\",\"@id\":\"https:\\\/\\\/madabouthorror.co.uk\\\/product\\\/swinging-decrepit-doll-animated-prop\\\/#breadcrumb\",\"itemListElement\":[{\"@type\":\"ListItem\",\"position\":1,\"name\":\"Shop\",\"item\":\"https:\\\/\\\/madabouthorror.co.uk\\\/shop\\\/\"},{\"@type\":\"ListItem\",\"position\":2,\"name\":\"Swinging Decrepit Doll Halloween Animatronic\"}]},{\"@type\":\"WebSite\",\"@id\":\"https:\\\/\\\/madabouthorror.co.uk\\\/#website\",\"url\":\"https:\\\/\\\/madabouthorror.co.uk\\\/\",\"name\":\"Mad About Horror\",\"description\":\"\",\"publisher\":{\"@id\":\"https:\\\/\\\/madabouthorror.co.uk\\\/#organization\"},\"alternateName\":\"Mad About Horror Limited\",\"potentialAction\":[{\"@type\":\"SearchAction\",\"target\":{\"@type\":\"EntryPoint\",\"urlTemplate\":\"https:\\\/\\\/madabouthorror.co.uk\\\/?s={search_term_string}\"},\"query-input\":{\"@type\":\"PropertyValueSpecification\",\"valueRequired\":true,\"valueName\":\"search_term_string\"}}],\"inLanguage\":\"fr-FR\"},{\"@type\":\"Organization\",\"@id\":\"https:\\\/\\\/madabouthorror.co.uk\\\/#organization\",\"name\":\"Mad About Horror\",\"url\":\"https:\\\/\\\/madabouthorror.co.uk\\\/\",\"logo\":{\"@type\":\"ImageObject\",\"inLanguage\":\"fr-FR\",\"@id\":\"https:\\\/\\\/madabouthorror.co.uk\\\/#\\\/schema\\\/logo\\\/image\\\/\",\"url\":\"https:\\\/\\\/madabouthorror.co.uk\\\/wp-content\\\/uploads\\\/2024\\\/02\\\/cropped-Logo.png\",\"contentUrl\":\"https:\\\/\\\/madabouthorror.co.uk\\\/wp-content\\\/uploads\\\/2024\\\/02\\\/cropped-Logo.png\",\"width\":240,\"height\":88,\"caption\":\"Mad About Horror\"},\"image\":{\"@id\":\"https:\\\/\\\/madabouthorror.co.uk\\\/#\\\/schema\\\/logo\\\/image\\\/\"},\"sameAs\":[\"https:\\\/\\\/www.facebook.com\\\/madabouthorror\\\/\",\"https:\\\/\\\/www.instagram.com\\\/madabouthorror\\\/\",\"https:\\\/\\\/www.pinterest.co.uk\\\/madabouthorror\\\/\",\"https:\\\/\\\/www.youtube.com\\\/channel\\\/UCBooLOIxjoQ89dj6T5lWm_w\",\"https:\\\/\\\/www.tiktok.com\\\/@weremadabouthorror\"]}]}<\/script>\n<!-- \/ Yoast SEO plugin. -->","yoast_head_json":{"title":"Poup\u00e9e d\u00e9cr\u00e9pite oscillante Animatronic Halloween | Mad About Horror","description":"Poup\u00e9e d\u00e9cr\u00e9pite animatronique. Vaste gamme d'accessoires, de masques et d'accessoires d'Halloween de qualit\u00e9. Achetez aupr\u00e8s du sp\u00e9cialiste britannique de l'horreur et de l'Halloween.\u00a0","robots":{"index":"index","follow":"follow","max-snippet":"max-snippet:-1","max-image-preview":"max-image-preview:large","max-video-preview":"max-video-preview:-1"},"canonical":"https:\/\/madabouthorror.co.uk\/fr\/product\/swinging-decrepit-doll-animated-prop\/","og_locale":"fr_FR","og_type":"article","og_title":"Swinging Decrepit Doll Halloween Animatronic | Mad About Horror","og_description":"Swinging Decrepit Doll Animatronic. Huge range of quality Halloween props, masks and accessories. Buy from the UK's leading horror and Halloween specialist.\u00a0","og_url":"https:\/\/madabouthorror.co.uk\/fr\/product\/swinging-decrepit-doll-animated-prop\/","og_site_name":"Mad About Horror","article_publisher":"https:\/\/www.facebook.com\/madabouthorror\/","article_modified_time":"2026-04-29T15:19:51+00:00","og_image":[{"width":1500,"height":1500,"url":"https:\/\/madabouthorror.co.uk\/wp-content\/uploads\/2024\/04\/animated-swinging-decrepit-dollmr039121.jpg","type":"image\/jpeg"}],"twitter_card":"summary_large_image","twitter_misc":{"Dur\u00e9e de lecture estim\u00e9e":"2 minutes"},"schema":{"@context":"https:\/\/schema.org","@graph":[{"@type":["WebPage","ItemPage"],"@id":"https:\/\/madabouthorror.co.uk\/product\/swinging-decrepit-doll-animated-prop\/","url":"https:\/\/madabouthorror.co.uk\/product\/swinging-decrepit-doll-animated-prop\/","name":"Poup\u00e9e d\u00e9cr\u00e9pite oscillante Animatronic Halloween | Mad About Horror","isPartOf":{"@id":"https:\/\/madabouthorror.co.uk\/#website"},"primaryImageOfPage":{"@id":"https:\/\/madabouthorror.co.uk\/product\/swinging-decrepit-doll-animated-prop\/#primaryimage"},"image":{"@id":"https:\/\/madabouthorror.co.uk\/product\/swinging-decrepit-doll-animated-prop\/#primaryimage"},"thumbnailUrl":"https:\/\/madabouthorror.co.uk\/wp-content\/uploads\/2024\/04\/animated-swinging-decrepit-dollmr039121.jpg","datePublished":"2024-04-23T20:30:53+00:00","dateModified":"2026-04-29T15:19:51+00:00","description":"Poup\u00e9e d\u00e9cr\u00e9pite animatronique. Vaste gamme d'accessoires, de masques et d'accessoires d'Halloween de qualit\u00e9. Achetez aupr\u00e8s du sp\u00e9cialiste britannique de l'horreur et de l'Halloween.\u00a0","breadcrumb":{"@id":"https:\/\/madabouthorror.co.uk\/product\/swinging-decrepit-doll-animated-prop\/#breadcrumb"},"inLanguage":"fr-FR","potentialAction":[{"@type":"ReadAction","target":["https:\/\/madabouthorror.co.uk\/product\/swinging-decrepit-doll-animated-prop\/"]}]},{"@type":"ImageObject","inLanguage":"fr-FR","@id":"https:\/\/madabouthorror.co.uk\/product\/swinging-decrepit-doll-animated-prop\/#primaryimage","url":"https:\/\/madabouthorror.co.uk\/wp-content\/uploads\/2024\/04\/animated-swinging-decrepit-dollmr039121.jpg","contentUrl":"https:\/\/madabouthorror.co.uk\/wp-content\/uploads\/2024\/04\/animated-swinging-decrepit-dollmr039121.jpg","width":1500,"height":1500,"caption":"animated-swinging-decrepit-doll~mr039121"},{"@type":"BreadcrumbList","@id":"https:\/\/madabouthorror.co.uk\/product\/swinging-decrepit-doll-animated-prop\/#breadcrumb","itemListElement":[{"@type":"ListItem","position":1,"name":"Shop","item":"https:\/\/madabouthorror.co.uk\/shop\/"},{"@type":"ListItem","position":2,"name":"Swinging Decrepit Doll Halloween Animatronic"}]},{"@type":"WebSite","@id":"https:\/\/madabouthorror.co.uk\/#website","url":"https:\/\/madabouthorror.co.uk\/","name":"L'horreur en folie","description":"","publisher":{"@id":"https:\/\/madabouthorror.co.uk\/#organization"},"alternateName":"Mad About Horror Limited","potentialAction":[{"@type":"SearchAction","target":{"@type":"EntryPoint","urlTemplate":"https:\/\/madabouthorror.co.uk\/?s={search_term_string}"},"query-input":{"@type":"PropertyValueSpecification","valueRequired":true,"valueName":"search_term_string"}}],"inLanguage":"fr-FR"},{"@type":"Organization","@id":"https:\/\/madabouthorror.co.uk\/#organization","name":"L'horreur en folie","url":"https:\/\/madabouthorror.co.uk\/","logo":{"@type":"ImageObject","inLanguage":"fr-FR","@id":"https:\/\/madabouthorror.co.uk\/#\/schema\/logo\/image\/","url":"https:\/\/madabouthorror.co.uk\/wp-content\/uploads\/2024\/02\/cropped-Logo.png","contentUrl":"https:\/\/madabouthorror.co.uk\/wp-content\/uploads\/2024\/02\/cropped-Logo.png","width":240,"height":88,"caption":"Mad About Horror"},"image":{"@id":"https:\/\/madabouthorror.co.uk\/#\/schema\/logo\/image\/"},"sameAs":["https:\/\/www.facebook.com\/madabouthorror\/","https:\/\/www.instagram.com\/madabouthorror\/","https:\/\/www.pinterest.co.uk\/madabouthorror\/","https:\/\/www.youtube.com\/channel\/UCBooLOIxjoQ89dj6T5lWm_w","https:\/\/www.tiktok.com\/@weremadabouthorror"]}]}},"df_price":229.95,"df_sale_price":"","df_regular_price":229.95,"df_image_link":"https:\/\/madabouthorror.co.uk\/wp-content\/uploads\/2024\/04\/animated-swinging-decrepit-dollmr039121-300x300.jpg","_links":{"self":[{"href":"https:\/\/madabouthorror.co.uk\/fr\/wp-json\/wp\/v2\/product\/483056","targetHints":{"allow":["GET"]}}],"collection":[{"href":"https:\/\/madabouthorror.co.uk\/fr\/wp-json\/wp\/v2\/product"}],"about":[{"href":"https:\/\/madabouthorror.co.uk\/fr\/wp-json\/wp\/v2\/types\/product"}],"replies":[{"embeddable":true,"href":"https:\/\/madabouthorror.co.uk\/fr\/wp-json\/wp\/v2\/comments?post=483056"}],"wp:featuredmedia":[{"embeddable":true,"href":"https:\/\/madabouthorror.co.uk\/fr\/wp-json\/wp\/v2\/media\/544148"}],"wp:attachment":[{"href":"https:\/\/madabouthorror.co.uk\/fr\/wp-json\/wp\/v2\/media?parent=483056"}],"wp:term":[{"taxonomy":"product_brand","embeddable":true,"href":"https:\/\/madabouthorror.co.uk\/fr\/wp-json\/wp\/v2\/product_brand?post=483056"},{"taxonomy":"product_cat","embeddable":true,"href":"https:\/\/madabouthorror.co.uk\/fr\/wp-json\/wp\/v2\/product_cat?post=483056"},{"taxonomy":"product_tag","embeddable":true,"href":"https:\/\/madabouthorror.co.uk\/fr\/wp-json\/wp\/v2\/product_tag?post=483056"}],"curies":[{"name":"wp","href":"https:\/\/api.w.org\/{rel}","templated":true}]}}