{"id":483218,"date":"2024-04-24T16:49:16","date_gmt":"2024-04-24T15:49:16","guid":{"rendered":"https:\/\/madabouthorror.co.uk\/?post_type=product&#038;p=483218"},"modified":"2025-11-20T12:56:20","modified_gmt":"2025-11-20T12:56:20","slug":"writing-zombie-hanging-animated-prop-1-4m-2","status":"publish","type":"product","link":"https:\/\/madabouthorror.co.uk\/fr\/product\/writing-zombie-hanging-animated-prop-1-4m-2\/","title":{"rendered":"Poup\u00e9e antique suspendue et tremblante (1.4m)"},"content":{"rendered":"<p>Voici la poup\u00e9e antique suspendue et secou\u00e9e, un accessoire d'Halloween anim\u00e9.<\/p>\n<p>Cette figurine anim\u00e9e fonctionnant sur piles est anim\u00e9e d'un mouvement de secousse qui ajoute une touche terrifiante \u00e0 sa pr\u00e9sence obs\u00e9dante. Avec ses yeux qui s'illuminent et ses sons qui donnent la chair de poule, elle cr\u00e9e une atmosph\u00e8re d'effroi qui fera trembler vos invit\u00e9s.<\/p>\n<p>Transformez votre espace en une sc\u00e8ne tout droit sortie d'un cauchemar avec cette poup\u00e9e antique anim\u00e9e suspendue. Laissez sa pr\u00e9sence effroyable hanter vos invit\u00e9s et faites en sorte que cet Halloween reste grav\u00e9 dans leur m\u00e9moire !<\/p>\n<p><strong>Caract\u00e9ristiques principales :<\/strong><\/p>\n<ul>\n<li>Son activ\u00e9<\/li>\n<li>Fonction de secouage<\/li>\n<li>Des yeux LED inqui\u00e9tants<\/li>\n<li>(1.4m) de haut<\/li>\n<li>Fonctionne sur piles<\/li>\n<li>Stock limit\u00e9 au Royaume-Uni<\/li>\n<\/ul>\n<div>\n<div><b>Pour le porche couvert ou l'int\u00e9rieur.<\/b> <i>Prot\u00e9ger des intemp\u00e9ries en cas d'utilisation \u00e0 l'ext\u00e9rieur et ne pas laisser \u00e0 l'ext\u00e9rieur pendant des p\u00e9riodes prolong\u00e9es.<\/i><\/div>\n<div><\/div>\n<div><b>A noter :<\/b><i> Ces accessoires ne sont pas recommand\u00e9s pour un usage commercial intensif, c'est-\u00e0-dire qu'ils ne doivent pas \u00eatre utilis\u00e9s pendant des p\u00e9riodes prolong\u00e9es, c'est-\u00e0-dire plusieurs jours d'affil\u00e9e. Ils sont con\u00e7us pour \u00eatre utilis\u00e9s \u00e0 l'occasion d'Halloween. Si vous avez des questions \u00e0 ce sujet, n'h\u00e9sitez pas \u00e0 les poser.<\/i><\/div>\n<\/div>","protected":false},"excerpt":{"rendered":"<p>Cette figurine anim\u00e9e fonctionnant sur piles est anim\u00e9e d'un mouvement de secousse qui ajoute une touche terrifiante \u00e0 sa pr\u00e9sence obs\u00e9dante. Avec ses yeux qui s'illuminent et ses sons qui donnent la chair de poule, elle cr\u00e9e une atmosph\u00e8re d'effroi qui fera trembler vos invit\u00e9s. Transformez votre espace en une sc\u00e8ne [...]<\/p>","protected":false},"featured_media":483222,"comment_status":"closed","ping_status":"closed","template":"","meta":{"_acf_changed":false},"product_brand":[],"product_cat":[10068,10131,10093,10094,6547,6549,6963,7049,7050],"product_tag":[],"class_list":{"0":"post-483218","1":"product","2":"type-product","3":"status-publish","4":"has-post-thumbnail","6":"product_cat-halloween-decorations-2025","7":"product_cat-halloween-gifts","8":"product_cat-indoor-halloween-decorations","9":"product_cat-outdoor-halloween-decorations","10":"product_cat-decorations","11":"product_cat-haunted-house","12":"product_cat-animatronics","13":"product_cat-dolls","14":"product_cat-haunted-house-animatronics","15":"product_shipping_class-small-parcel-economy-3-5-business-days","17":"first","18":"outofstock","19":"taxable","20":"shipping-taxable","21":"purchasable","22":"product-type-simple"},"supplier_id":467907,"supplier_sku":"6541B","barcode":"842445144969","atum_controlled":true,"out_stock_date":"2025-10-09 21:33:18","out_stock_threshold":null,"inheritable":false,"inbound_stock":0,"stock_on_hold":0,"sold_today":0,"sales_last_days":0,"reserved_stock":0,"customer_returns":0,"warehouse_damage":0,"lost_in_post":0,"other_logs":0,"out_stock_days":179,"lost_sales":4230,"has_location":false,"update_date":"2026-04-07T00:41:27","atum_locations":[],"atum_stock_status":"outofstock","restock_status":false,"low_stock_amount":3,"sales_update_date":"2026-04-07T00:41:26","calc_backorders":null,"acf":[],"yoast_head":"<!-- This site is optimized with the Yoast SEO plugin v27.3 - https:\/\/yoast.com\/product\/yoast-seo-wordpress\/ -->\n<title>Hanging Shaking Antique Doll Animated Prop (1.4m) | Mad About Horror<\/title>\n<meta name=\"description\" content=\"Hanging Shaking Antique Doll Animated Prop. Shop Horror collectibles and Halloween props. Europe&#039;s leading horror collectibles specialist.\" \/>\n<meta name=\"robots\" content=\"index, follow, max-snippet:-1, max-image-preview:large, max-video-preview:-1\" \/>\n<link rel=\"canonical\" href=\"https:\/\/madabouthorror.co.uk\/fr\/product\/writing-zombie-hanging-animated-prop-1-4m-2\/\" \/>\n<meta property=\"og:locale\" content=\"fr_FR\" \/>\n<meta property=\"og:type\" content=\"article\" \/>\n<meta property=\"og:title\" content=\"Hanging Shaking Antique Doll Animated Prop (1.4m) | Mad About Horror\" \/>\n<meta property=\"og:description\" content=\"Hanging Shaking Antique Doll Animated Prop. Shop Horror collectibles and Halloween props. Europe&#039;s leading horror collectibles specialist.\" \/>\n<meta property=\"og:url\" content=\"https:\/\/madabouthorror.co.uk\/fr\/product\/writing-zombie-hanging-animated-prop-1-4m-2\/\" \/>\n<meta property=\"og:site_name\" content=\"Mad About Horror\" \/>\n<meta property=\"article:publisher\" content=\"https:\/\/www.facebook.com\/madabouthorror\/\" \/>\n<meta property=\"article:modified_time\" content=\"2025-11-20T12:56:20+00:00\" \/>\n<meta property=\"og:image\" content=\"https:\/\/madabouthorror.co.uk\/wp-content\/uploads\/2024\/04\/hanging-shaking-antique-doll-animatronic.jpg\" \/>\n\t<meta property=\"og:image:width\" content=\"1500\" \/>\n\t<meta property=\"og:image:height\" content=\"1500\" \/>\n\t<meta property=\"og:image:type\" content=\"image\/jpeg\" \/>\n<meta name=\"twitter:card\" content=\"summary_large_image\" \/>\n<meta name=\"twitter:label1\" content=\"Dur\u00e9e de lecture estim\u00e9e\" \/>\n\t<meta name=\"twitter:data1\" content=\"1 minute\" \/>\n<script type=\"application\/ld+json\" class=\"yoast-schema-graph\">{\"@context\":\"https:\\\/\\\/schema.org\",\"@graph\":[{\"@type\":[\"WebPage\",\"ItemPage\"],\"@id\":\"https:\\\/\\\/madabouthorror.co.uk\\\/product\\\/writing-zombie-hanging-animated-prop-1-4m-2\\\/\",\"url\":\"https:\\\/\\\/madabouthorror.co.uk\\\/product\\\/writing-zombie-hanging-animated-prop-1-4m-2\\\/\",\"name\":\"Hanging Shaking Antique Doll Animated Prop (1.4m) | Mad About Horror\",\"isPartOf\":{\"@id\":\"https:\\\/\\\/madabouthorror.co.uk\\\/#website\"},\"primaryImageOfPage\":{\"@id\":\"https:\\\/\\\/madabouthorror.co.uk\\\/product\\\/writing-zombie-hanging-animated-prop-1-4m-2\\\/#primaryimage\"},\"image\":{\"@id\":\"https:\\\/\\\/madabouthorror.co.uk\\\/product\\\/writing-zombie-hanging-animated-prop-1-4m-2\\\/#primaryimage\"},\"thumbnailUrl\":\"https:\\\/\\\/madabouthorror.co.uk\\\/wp-content\\\/uploads\\\/2024\\\/04\\\/hanging-shaking-antique-doll-animatronic.jpg\",\"datePublished\":\"2024-04-24T15:49:16+00:00\",\"dateModified\":\"2025-11-20T12:56:20+00:00\",\"description\":\"Hanging Shaking Antique Doll Animated Prop. Shop Horror collectibles and Halloween props. Europe's leading horror collectibles specialist.\",\"breadcrumb\":{\"@id\":\"https:\\\/\\\/madabouthorror.co.uk\\\/product\\\/writing-zombie-hanging-animated-prop-1-4m-2\\\/#breadcrumb\"},\"inLanguage\":\"fr-FR\",\"potentialAction\":[{\"@type\":\"ReadAction\",\"target\":[\"https:\\\/\\\/madabouthorror.co.uk\\\/product\\\/writing-zombie-hanging-animated-prop-1-4m-2\\\/\"]}]},{\"@type\":\"ImageObject\",\"inLanguage\":\"fr-FR\",\"@id\":\"https:\\\/\\\/madabouthorror.co.uk\\\/product\\\/writing-zombie-hanging-animated-prop-1-4m-2\\\/#primaryimage\",\"url\":\"https:\\\/\\\/madabouthorror.co.uk\\\/wp-content\\\/uploads\\\/2024\\\/04\\\/hanging-shaking-antique-doll-animatronic.jpg\",\"contentUrl\":\"https:\\\/\\\/madabouthorror.co.uk\\\/wp-content\\\/uploads\\\/2024\\\/04\\\/hanging-shaking-antique-doll-animatronic.jpg\",\"width\":1500,\"height\":1500,\"caption\":\"halloween scary doll decoration\"},{\"@type\":\"BreadcrumbList\",\"@id\":\"https:\\\/\\\/madabouthorror.co.uk\\\/product\\\/writing-zombie-hanging-animated-prop-1-4m-2\\\/#breadcrumb\",\"itemListElement\":[{\"@type\":\"ListItem\",\"position\":1,\"name\":\"Shop\",\"item\":\"https:\\\/\\\/madabouthorror.co.uk\\\/shop\\\/\"},{\"@type\":\"ListItem\",\"position\":2,\"name\":\"Hanging Shaking Antique Doll Animated Prop (1.4m)\"}]},{\"@type\":\"WebSite\",\"@id\":\"https:\\\/\\\/madabouthorror.co.uk\\\/#website\",\"url\":\"https:\\\/\\\/madabouthorror.co.uk\\\/\",\"name\":\"Mad About Horror\",\"description\":\"\",\"publisher\":{\"@id\":\"https:\\\/\\\/madabouthorror.co.uk\\\/#organization\"},\"alternateName\":\"Mad About Horror Limited\",\"potentialAction\":[{\"@type\":\"SearchAction\",\"target\":{\"@type\":\"EntryPoint\",\"urlTemplate\":\"https:\\\/\\\/madabouthorror.co.uk\\\/?s={search_term_string}\"},\"query-input\":{\"@type\":\"PropertyValueSpecification\",\"valueRequired\":true,\"valueName\":\"search_term_string\"}}],\"inLanguage\":\"fr-FR\"},{\"@type\":\"Organization\",\"@id\":\"https:\\\/\\\/madabouthorror.co.uk\\\/#organization\",\"name\":\"Mad About Horror\",\"url\":\"https:\\\/\\\/madabouthorror.co.uk\\\/\",\"logo\":{\"@type\":\"ImageObject\",\"inLanguage\":\"fr-FR\",\"@id\":\"https:\\\/\\\/madabouthorror.co.uk\\\/#\\\/schema\\\/logo\\\/image\\\/\",\"url\":\"https:\\\/\\\/madabouthorror.co.uk\\\/wp-content\\\/uploads\\\/2024\\\/02\\\/cropped-Logo.png\",\"contentUrl\":\"https:\\\/\\\/madabouthorror.co.uk\\\/wp-content\\\/uploads\\\/2024\\\/02\\\/cropped-Logo.png\",\"width\":240,\"height\":88,\"caption\":\"Mad About Horror\"},\"image\":{\"@id\":\"https:\\\/\\\/madabouthorror.co.uk\\\/#\\\/schema\\\/logo\\\/image\\\/\"},\"sameAs\":[\"https:\\\/\\\/www.facebook.com\\\/madabouthorror\\\/\",\"https:\\\/\\\/www.instagram.com\\\/madabouthorror\\\/\",\"https:\\\/\\\/www.pinterest.co.uk\\\/madabouthorror\\\/\",\"https:\\\/\\\/www.youtube.com\\\/channel\\\/UCBooLOIxjoQ89dj6T5lWm_w\",\"https:\\\/\\\/www.tiktok.com\\\/@weremadabouthorror\"]}]}<\/script>\n<!-- \/ Yoast SEO plugin. -->","yoast_head_json":{"title":"Poup\u00e9e antique suspendue et tremblante (1.4m) | Mad About Horror","description":"Poup\u00e9e antique suspendue et tremblante, accessoire anim\u00e9. Acheter des objets de collection d'horreur et des accessoires d'Halloween. Le premier sp\u00e9cialiste europ\u00e9en des objets de collection d'horreur.","robots":{"index":"index","follow":"follow","max-snippet":"max-snippet:-1","max-image-preview":"max-image-preview:large","max-video-preview":"max-video-preview:-1"},"canonical":"https:\/\/madabouthorror.co.uk\/fr\/product\/writing-zombie-hanging-animated-prop-1-4m-2\/","og_locale":"fr_FR","og_type":"article","og_title":"Hanging Shaking Antique Doll Animated Prop (1.4m) | Mad About Horror","og_description":"Hanging Shaking Antique Doll Animated Prop. Shop Horror collectibles and Halloween props. Europe's leading horror collectibles specialist.","og_url":"https:\/\/madabouthorror.co.uk\/fr\/product\/writing-zombie-hanging-animated-prop-1-4m-2\/","og_site_name":"Mad About Horror","article_publisher":"https:\/\/www.facebook.com\/madabouthorror\/","article_modified_time":"2025-11-20T12:56:20+00:00","og_image":[{"width":1500,"height":1500,"url":"https:\/\/madabouthorror.co.uk\/wp-content\/uploads\/2024\/04\/hanging-shaking-antique-doll-animatronic.jpg","type":"image\/jpeg"}],"twitter_card":"summary_large_image","twitter_misc":{"Dur\u00e9e de lecture estim\u00e9e":"1 minute"},"schema":{"@context":"https:\/\/schema.org","@graph":[{"@type":["WebPage","ItemPage"],"@id":"https:\/\/madabouthorror.co.uk\/product\/writing-zombie-hanging-animated-prop-1-4m-2\/","url":"https:\/\/madabouthorror.co.uk\/product\/writing-zombie-hanging-animated-prop-1-4m-2\/","name":"Poup\u00e9e antique suspendue et tremblante (1.4m) | Mad About Horror","isPartOf":{"@id":"https:\/\/madabouthorror.co.uk\/#website"},"primaryImageOfPage":{"@id":"https:\/\/madabouthorror.co.uk\/product\/writing-zombie-hanging-animated-prop-1-4m-2\/#primaryimage"},"image":{"@id":"https:\/\/madabouthorror.co.uk\/product\/writing-zombie-hanging-animated-prop-1-4m-2\/#primaryimage"},"thumbnailUrl":"https:\/\/madabouthorror.co.uk\/wp-content\/uploads\/2024\/04\/hanging-shaking-antique-doll-animatronic.jpg","datePublished":"2024-04-24T15:49:16+00:00","dateModified":"2025-11-20T12:56:20+00:00","description":"Poup\u00e9e antique suspendue et tremblante, accessoire anim\u00e9. Acheter des objets de collection d'horreur et des accessoires d'Halloween. Le premier sp\u00e9cialiste europ\u00e9en des objets de collection d'horreur.","breadcrumb":{"@id":"https:\/\/madabouthorror.co.uk\/product\/writing-zombie-hanging-animated-prop-1-4m-2\/#breadcrumb"},"inLanguage":"fr-FR","potentialAction":[{"@type":"ReadAction","target":["https:\/\/madabouthorror.co.uk\/product\/writing-zombie-hanging-animated-prop-1-4m-2\/"]}]},{"@type":"ImageObject","inLanguage":"fr-FR","@id":"https:\/\/madabouthorror.co.uk\/product\/writing-zombie-hanging-animated-prop-1-4m-2\/#primaryimage","url":"https:\/\/madabouthorror.co.uk\/wp-content\/uploads\/2024\/04\/hanging-shaking-antique-doll-animatronic.jpg","contentUrl":"https:\/\/madabouthorror.co.uk\/wp-content\/uploads\/2024\/04\/hanging-shaking-antique-doll-animatronic.jpg","width":1500,"height":1500,"caption":"halloween scary doll decoration"},{"@type":"BreadcrumbList","@id":"https:\/\/madabouthorror.co.uk\/product\/writing-zombie-hanging-animated-prop-1-4m-2\/#breadcrumb","itemListElement":[{"@type":"ListItem","position":1,"name":"Shop","item":"https:\/\/madabouthorror.co.uk\/shop\/"},{"@type":"ListItem","position":2,"name":"Hanging Shaking Antique Doll Animated Prop (1.4m)"}]},{"@type":"WebSite","@id":"https:\/\/madabouthorror.co.uk\/#website","url":"https:\/\/madabouthorror.co.uk\/","name":"L'horreur en folie","description":"","publisher":{"@id":"https:\/\/madabouthorror.co.uk\/#organization"},"alternateName":"Mad About Horror Limited","potentialAction":[{"@type":"SearchAction","target":{"@type":"EntryPoint","urlTemplate":"https:\/\/madabouthorror.co.uk\/?s={search_term_string}"},"query-input":{"@type":"PropertyValueSpecification","valueRequired":true,"valueName":"search_term_string"}}],"inLanguage":"fr-FR"},{"@type":"Organization","@id":"https:\/\/madabouthorror.co.uk\/#organization","name":"L'horreur en folie","url":"https:\/\/madabouthorror.co.uk\/","logo":{"@type":"ImageObject","inLanguage":"fr-FR","@id":"https:\/\/madabouthorror.co.uk\/#\/schema\/logo\/image\/","url":"https:\/\/madabouthorror.co.uk\/wp-content\/uploads\/2024\/02\/cropped-Logo.png","contentUrl":"https:\/\/madabouthorror.co.uk\/wp-content\/uploads\/2024\/02\/cropped-Logo.png","width":240,"height":88,"caption":"Mad About Horror"},"image":{"@id":"https:\/\/madabouthorror.co.uk\/#\/schema\/logo\/image\/"},"sameAs":["https:\/\/www.facebook.com\/madabouthorror\/","https:\/\/www.instagram.com\/madabouthorror\/","https:\/\/www.pinterest.co.uk\/madabouthorror\/","https:\/\/www.youtube.com\/channel\/UCBooLOIxjoQ89dj6T5lWm_w","https:\/\/www.tiktok.com\/@weremadabouthorror"]}]}},"df_price":47.87,"df_sale_price":"","df_regular_price":47.87,"df_image_link":"https:\/\/madabouthorror.co.uk\/wp-content\/uploads\/2024\/04\/hanging-shaking-antique-doll-animatronic-300x300.jpg","_links":{"self":[{"href":"https:\/\/madabouthorror.co.uk\/fr\/wp-json\/wp\/v2\/product\/483218","targetHints":{"allow":["GET"]}}],"collection":[{"href":"https:\/\/madabouthorror.co.uk\/fr\/wp-json\/wp\/v2\/product"}],"about":[{"href":"https:\/\/madabouthorror.co.uk\/fr\/wp-json\/wp\/v2\/types\/product"}],"replies":[{"embeddable":true,"href":"https:\/\/madabouthorror.co.uk\/fr\/wp-json\/wp\/v2\/comments?post=483218"}],"wp:featuredmedia":[{"embeddable":true,"href":"https:\/\/madabouthorror.co.uk\/fr\/wp-json\/wp\/v2\/media\/483222"}],"wp:attachment":[{"href":"https:\/\/madabouthorror.co.uk\/fr\/wp-json\/wp\/v2\/media?parent=483218"}],"wp:term":[{"taxonomy":"product_brand","embeddable":true,"href":"https:\/\/madabouthorror.co.uk\/fr\/wp-json\/wp\/v2\/product_brand?post=483218"},{"taxonomy":"product_cat","embeddable":true,"href":"https:\/\/madabouthorror.co.uk\/fr\/wp-json\/wp\/v2\/product_cat?post=483218"},{"taxonomy":"product_tag","embeddable":true,"href":"https:\/\/madabouthorror.co.uk\/fr\/wp-json\/wp\/v2\/product_tag?post=483218"}],"curies":[{"name":"wp","href":"https:\/\/api.w.org\/{rel}","templated":true}]}}