{"id":483455,"date":"2024-04-25T14:58:48","date_gmt":"2024-04-25T13:58:48","guid":{"rendered":"https:\/\/madabouthorror.co.uk\/?post_type=product&#038;p=483455"},"modified":"2026-01-27T16:29:38","modified_gmt":"2026-01-27T16:29:38","slug":"light-up-golden-candelabra","status":"publish","type":"product","link":"https:\/\/madabouthorror.co.uk\/fr\/product\/light-up-golden-candelabra\/","title":{"rendered":"Chandelier d'or lumineux"},"content":{"rendered":"<p>Voici le cand\u00e9labre en plastique antique or\/noir avec d\u00e9cor de cr\u00e2ne. De sinistres bougies LED scintillent \u00e0 l'int\u00e9rieur de chaque support, projetant une lueur obs\u00e9dante qui illuminera vos festivit\u00e9s d'Halloween d'une ambiance d'un autre monde.<\/p>\n<p><strong>Caract\u00e9ristiques principales :<\/strong><\/p>\n<ul>\n<li>Lampe \u00e0 bougie LED sinistre<\/li>\n<li>Stock limit\u00e9 au Royaume-Uni<\/li>\n<\/ul>\n<p><em>Pour une utilisation sous un porche couvert ou \u00e0 l'int\u00e9rieur. Prot\u00e9ger des intemp\u00e9ries en cas d'utilisation \u00e0 l'ext\u00e9rieur et ne pas laisser \u00e0 l'ext\u00e9rieur pendant de longues p\u00e9riodes.<\/em><\/p>\n<p><em>Remarque : ces accessoires ne sont pas recommand\u00e9s pour un usage commercial intensif, c'est-\u00e0-dire qu'ils ne doivent pas \u00eatre utilis\u00e9s pendant des p\u00e9riodes prolong\u00e9es, c'est-\u00e0-dire plusieurs jours d'affil\u00e9e. Ils sont con\u00e7us pour \u00eatre utilis\u00e9s \u00e0 l'occasion d'Halloween. Si vous avez des questions \u00e0 ce sujet, n'h\u00e9sitez pas \u00e0 les poser.<\/em><\/p>","protected":false},"excerpt":{"rendered":"<p>Voici le cand\u00e9labre en plastique antique or\/noir avec d\u00e9cor de cr\u00e2ne. De sinistres bougies LED scintillent \u00e0 l'int\u00e9rieur de chaque support, projetant une lueur obs\u00e9dante qui illuminera vos festivit\u00e9s d'Halloween d'une ambiance d'un autre monde. Caract\u00e9ristiques principales : Eerie LED candle light Stock limit\u00e9 au Royaume-Uni Pour une utilisation sous un porche couvert ou \u00e0 l'int\u00e9rieur. Prot\u00e9ger des intemp\u00e9ries en cas d'utilisation \u00e0 l'ext\u00e9rieur et ne pas [...]<\/p>","protected":false},"featured_media":483457,"comment_status":"closed","ping_status":"closed","template":"","meta":{"_acf_changed":false},"product_brand":[],"product_cat":[10117,10108,6550,6547,6549],"product_tag":[],"class_list":{"0":"post-483455","1":"product","2":"type-product","3":"status-publish","4":"has-post-thumbnail","6":"product_cat-halloween-essentials","7":"product_cat-light-up-halloween-decorations","8":"product_cat-graveyard-decorations","9":"product_cat-decorations","10":"product_cat-haunted-house","12":"first","13":"instock","14":"taxable","15":"shipping-taxable","16":"purchasable","17":"product-type-simple"},"supplier_id":null,"supplier_sku":"6502G","barcode":"71765156660","atum_controlled":true,"out_stock_date":null,"out_stock_threshold":null,"inheritable":false,"inbound_stock":12,"stock_on_hold":0,"sold_today":0,"sales_last_days":0,"reserved_stock":0,"customer_returns":0,"warehouse_damage":0,"lost_in_post":0,"other_logs":0,"out_stock_days":0,"lost_sales":0,"has_location":false,"update_date":"2026-04-04T01:18:13","atum_locations":[],"atum_stock_status":"instock","restock_status":false,"low_stock_amount":2,"sales_update_date":"2026-04-04T01:18:12","calc_backorders":null,"acf":[],"yoast_head":"<!-- This site is optimized with the Yoast SEO plugin v27.3 - https:\/\/yoast.com\/product\/yoast-seo-wordpress\/ -->\n<title>Light Up Golden Candelabra | Mad About Horror<\/title>\n<meta name=\"description\" content=\"Light Up Golden Candelabra Halloween decoration. now available at Mad About Horror, Europe&#039;s leading Horror and Halloween specialist.\" \/>\n<meta name=\"robots\" content=\"index, follow, max-snippet:-1, max-image-preview:large, max-video-preview:-1\" \/>\n<link rel=\"canonical\" href=\"https:\/\/madabouthorror.co.uk\/fr\/product\/light-up-golden-candelabra\/\" \/>\n<meta property=\"og:locale\" content=\"fr_FR\" \/>\n<meta property=\"og:type\" content=\"article\" \/>\n<meta property=\"og:title\" content=\"Light Up Golden Candelabra | Mad About Horror\" \/>\n<meta property=\"og:description\" content=\"Light Up Golden Candelabra Halloween decoration. now available at Mad About Horror, Europe&#039;s leading Horror and Halloween specialist.\" \/>\n<meta property=\"og:url\" content=\"https:\/\/madabouthorror.co.uk\/fr\/product\/light-up-golden-candelabra\/\" \/>\n<meta property=\"og:site_name\" content=\"Mad About Horror\" \/>\n<meta property=\"article:publisher\" content=\"https:\/\/www.facebook.com\/madabouthorror\/\" \/>\n<meta property=\"article:modified_time\" content=\"2026-01-27T16:29:38+00:00\" \/>\n<meta property=\"og:image\" content=\"https:\/\/madabouthorror.co.uk\/wp-content\/uploads\/2024\/04\/golden-candelabra-halloween-decoration.jpg\" \/>\n\t<meta property=\"og:image:width\" content=\"1500\" \/>\n\t<meta property=\"og:image:height\" content=\"1500\" \/>\n\t<meta property=\"og:image:type\" content=\"image\/jpeg\" \/>\n<meta name=\"twitter:card\" content=\"summary_large_image\" \/>\n<meta name=\"twitter:label1\" content=\"Dur\u00e9e de lecture estim\u00e9e\" \/>\n\t<meta name=\"twitter:data1\" content=\"1 minute\" \/>\n<script type=\"application\/ld+json\" class=\"yoast-schema-graph\">{\"@context\":\"https:\\\/\\\/schema.org\",\"@graph\":[{\"@type\":[\"WebPage\",\"ItemPage\"],\"@id\":\"https:\\\/\\\/madabouthorror.co.uk\\\/product\\\/light-up-golden-candelabra\\\/\",\"url\":\"https:\\\/\\\/madabouthorror.co.uk\\\/product\\\/light-up-golden-candelabra\\\/\",\"name\":\"Light Up Golden Candelabra | Mad About Horror\",\"isPartOf\":{\"@id\":\"https:\\\/\\\/madabouthorror.co.uk\\\/#website\"},\"primaryImageOfPage\":{\"@id\":\"https:\\\/\\\/madabouthorror.co.uk\\\/product\\\/light-up-golden-candelabra\\\/#primaryimage\"},\"image\":{\"@id\":\"https:\\\/\\\/madabouthorror.co.uk\\\/product\\\/light-up-golden-candelabra\\\/#primaryimage\"},\"thumbnailUrl\":\"https:\\\/\\\/madabouthorror.co.uk\\\/wp-content\\\/uploads\\\/2024\\\/04\\\/golden-candelabra-halloween-decoration.jpg\",\"datePublished\":\"2024-04-25T13:58:48+00:00\",\"dateModified\":\"2026-01-27T16:29:38+00:00\",\"description\":\"Light Up Golden Candelabra Halloween decoration. now available at Mad About Horror, Europe's leading Horror and Halloween specialist.\",\"breadcrumb\":{\"@id\":\"https:\\\/\\\/madabouthorror.co.uk\\\/product\\\/light-up-golden-candelabra\\\/#breadcrumb\"},\"inLanguage\":\"fr-FR\",\"potentialAction\":[{\"@type\":\"ReadAction\",\"target\":[\"https:\\\/\\\/madabouthorror.co.uk\\\/product\\\/light-up-golden-candelabra\\\/\"]}]},{\"@type\":\"ImageObject\",\"inLanguage\":\"fr-FR\",\"@id\":\"https:\\\/\\\/madabouthorror.co.uk\\\/product\\\/light-up-golden-candelabra\\\/#primaryimage\",\"url\":\"https:\\\/\\\/madabouthorror.co.uk\\\/wp-content\\\/uploads\\\/2024\\\/04\\\/golden-candelabra-halloween-decoration.jpg\",\"contentUrl\":\"https:\\\/\\\/madabouthorror.co.uk\\\/wp-content\\\/uploads\\\/2024\\\/04\\\/golden-candelabra-halloween-decoration.jpg\",\"width\":1500,\"height\":1500,\"caption\":\"golden candelabra halloween decoration\"},{\"@type\":\"BreadcrumbList\",\"@id\":\"https:\\\/\\\/madabouthorror.co.uk\\\/product\\\/light-up-golden-candelabra\\\/#breadcrumb\",\"itemListElement\":[{\"@type\":\"ListItem\",\"position\":1,\"name\":\"Shop\",\"item\":\"https:\\\/\\\/madabouthorror.co.uk\\\/shop\\\/\"},{\"@type\":\"ListItem\",\"position\":2,\"name\":\"Light Up Golden Candelabra\"}]},{\"@type\":\"WebSite\",\"@id\":\"https:\\\/\\\/madabouthorror.co.uk\\\/#website\",\"url\":\"https:\\\/\\\/madabouthorror.co.uk\\\/\",\"name\":\"Mad About Horror\",\"description\":\"\",\"publisher\":{\"@id\":\"https:\\\/\\\/madabouthorror.co.uk\\\/#organization\"},\"alternateName\":\"Mad About Horror Limited\",\"potentialAction\":[{\"@type\":\"SearchAction\",\"target\":{\"@type\":\"EntryPoint\",\"urlTemplate\":\"https:\\\/\\\/madabouthorror.co.uk\\\/?s={search_term_string}\"},\"query-input\":{\"@type\":\"PropertyValueSpecification\",\"valueRequired\":true,\"valueName\":\"search_term_string\"}}],\"inLanguage\":\"fr-FR\"},{\"@type\":\"Organization\",\"@id\":\"https:\\\/\\\/madabouthorror.co.uk\\\/#organization\",\"name\":\"Mad About Horror\",\"url\":\"https:\\\/\\\/madabouthorror.co.uk\\\/\",\"logo\":{\"@type\":\"ImageObject\",\"inLanguage\":\"fr-FR\",\"@id\":\"https:\\\/\\\/madabouthorror.co.uk\\\/#\\\/schema\\\/logo\\\/image\\\/\",\"url\":\"https:\\\/\\\/madabouthorror.co.uk\\\/wp-content\\\/uploads\\\/2024\\\/02\\\/cropped-Logo.png\",\"contentUrl\":\"https:\\\/\\\/madabouthorror.co.uk\\\/wp-content\\\/uploads\\\/2024\\\/02\\\/cropped-Logo.png\",\"width\":240,\"height\":88,\"caption\":\"Mad About Horror\"},\"image\":{\"@id\":\"https:\\\/\\\/madabouthorror.co.uk\\\/#\\\/schema\\\/logo\\\/image\\\/\"},\"sameAs\":[\"https:\\\/\\\/www.facebook.com\\\/madabouthorror\\\/\",\"https:\\\/\\\/www.instagram.com\\\/madabouthorror\\\/\",\"https:\\\/\\\/www.pinterest.co.uk\\\/madabouthorror\\\/\",\"https:\\\/\\\/www.youtube.com\\\/channel\\\/UCBooLOIxjoQ89dj6T5lWm_w\",\"https:\\\/\\\/www.tiktok.com\\\/@weremadabouthorror\"]}]}<\/script>\n<!-- \/ Yoast SEO plugin. -->","yoast_head_json":{"title":"Chandelier d'or lumineux | Mad About Horror","description":"D\u00e9coration d'Halloween en forme de cand\u00e9labre dor\u00e9 lumineux. Disponible chez Mad About Horror, le sp\u00e9cialiste europ\u00e9en de l'horreur et de l'Halloween.","robots":{"index":"index","follow":"follow","max-snippet":"max-snippet:-1","max-image-preview":"max-image-preview:large","max-video-preview":"max-video-preview:-1"},"canonical":"https:\/\/madabouthorror.co.uk\/fr\/product\/light-up-golden-candelabra\/","og_locale":"fr_FR","og_type":"article","og_title":"Light Up Golden Candelabra | Mad About Horror","og_description":"Light Up Golden Candelabra Halloween decoration. now available at Mad About Horror, Europe's leading Horror and Halloween specialist.","og_url":"https:\/\/madabouthorror.co.uk\/fr\/product\/light-up-golden-candelabra\/","og_site_name":"Mad About Horror","article_publisher":"https:\/\/www.facebook.com\/madabouthorror\/","article_modified_time":"2026-01-27T16:29:38+00:00","og_image":[{"width":1500,"height":1500,"url":"https:\/\/madabouthorror.co.uk\/wp-content\/uploads\/2024\/04\/golden-candelabra-halloween-decoration.jpg","type":"image\/jpeg"}],"twitter_card":"summary_large_image","twitter_misc":{"Dur\u00e9e de lecture estim\u00e9e":"1 minute"},"schema":{"@context":"https:\/\/schema.org","@graph":[{"@type":["WebPage","ItemPage"],"@id":"https:\/\/madabouthorror.co.uk\/product\/light-up-golden-candelabra\/","url":"https:\/\/madabouthorror.co.uk\/product\/light-up-golden-candelabra\/","name":"Chandelier d'or lumineux | Mad About Horror","isPartOf":{"@id":"https:\/\/madabouthorror.co.uk\/#website"},"primaryImageOfPage":{"@id":"https:\/\/madabouthorror.co.uk\/product\/light-up-golden-candelabra\/#primaryimage"},"image":{"@id":"https:\/\/madabouthorror.co.uk\/product\/light-up-golden-candelabra\/#primaryimage"},"thumbnailUrl":"https:\/\/madabouthorror.co.uk\/wp-content\/uploads\/2024\/04\/golden-candelabra-halloween-decoration.jpg","datePublished":"2024-04-25T13:58:48+00:00","dateModified":"2026-01-27T16:29:38+00:00","description":"D\u00e9coration d'Halloween en forme de cand\u00e9labre dor\u00e9 lumineux. Disponible chez Mad About Horror, le sp\u00e9cialiste europ\u00e9en de l'horreur et de l'Halloween.","breadcrumb":{"@id":"https:\/\/madabouthorror.co.uk\/product\/light-up-golden-candelabra\/#breadcrumb"},"inLanguage":"fr-FR","potentialAction":[{"@type":"ReadAction","target":["https:\/\/madabouthorror.co.uk\/product\/light-up-golden-candelabra\/"]}]},{"@type":"ImageObject","inLanguage":"fr-FR","@id":"https:\/\/madabouthorror.co.uk\/product\/light-up-golden-candelabra\/#primaryimage","url":"https:\/\/madabouthorror.co.uk\/wp-content\/uploads\/2024\/04\/golden-candelabra-halloween-decoration.jpg","contentUrl":"https:\/\/madabouthorror.co.uk\/wp-content\/uploads\/2024\/04\/golden-candelabra-halloween-decoration.jpg","width":1500,"height":1500,"caption":"golden candelabra halloween decoration"},{"@type":"BreadcrumbList","@id":"https:\/\/madabouthorror.co.uk\/product\/light-up-golden-candelabra\/#breadcrumb","itemListElement":[{"@type":"ListItem","position":1,"name":"Shop","item":"https:\/\/madabouthorror.co.uk\/shop\/"},{"@type":"ListItem","position":2,"name":"Light Up Golden Candelabra"}]},{"@type":"WebSite","@id":"https:\/\/madabouthorror.co.uk\/#website","url":"https:\/\/madabouthorror.co.uk\/","name":"L'horreur en folie","description":"","publisher":{"@id":"https:\/\/madabouthorror.co.uk\/#organization"},"alternateName":"Mad About Horror Limited","potentialAction":[{"@type":"SearchAction","target":{"@type":"EntryPoint","urlTemplate":"https:\/\/madabouthorror.co.uk\/?s={search_term_string}"},"query-input":{"@type":"PropertyValueSpecification","valueRequired":true,"valueName":"search_term_string"}}],"inLanguage":"fr-FR"},{"@type":"Organization","@id":"https:\/\/madabouthorror.co.uk\/#organization","name":"L'horreur en folie","url":"https:\/\/madabouthorror.co.uk\/","logo":{"@type":"ImageObject","inLanguage":"fr-FR","@id":"https:\/\/madabouthorror.co.uk\/#\/schema\/logo\/image\/","url":"https:\/\/madabouthorror.co.uk\/wp-content\/uploads\/2024\/02\/cropped-Logo.png","contentUrl":"https:\/\/madabouthorror.co.uk\/wp-content\/uploads\/2024\/02\/cropped-Logo.png","width":240,"height":88,"caption":"Mad About Horror"},"image":{"@id":"https:\/\/madabouthorror.co.uk\/#\/schema\/logo\/image\/"},"sameAs":["https:\/\/www.facebook.com\/madabouthorror\/","https:\/\/www.instagram.com\/madabouthorror\/","https:\/\/www.pinterest.co.uk\/madabouthorror\/","https:\/\/www.youtube.com\/channel\/UCBooLOIxjoQ89dj6T5lWm_w","https:\/\/www.tiktok.com\/@weremadabouthorror"]}]}},"df_price":14.53,"df_sale_price":"","df_regular_price":14.53,"df_image_link":"https:\/\/madabouthorror.co.uk\/wp-content\/uploads\/2024\/04\/golden-candelabra-halloween-decoration-300x300.jpg","_links":{"self":[{"href":"https:\/\/madabouthorror.co.uk\/fr\/wp-json\/wp\/v2\/product\/483455","targetHints":{"allow":["GET"]}}],"collection":[{"href":"https:\/\/madabouthorror.co.uk\/fr\/wp-json\/wp\/v2\/product"}],"about":[{"href":"https:\/\/madabouthorror.co.uk\/fr\/wp-json\/wp\/v2\/types\/product"}],"replies":[{"embeddable":true,"href":"https:\/\/madabouthorror.co.uk\/fr\/wp-json\/wp\/v2\/comments?post=483455"}],"wp:featuredmedia":[{"embeddable":true,"href":"https:\/\/madabouthorror.co.uk\/fr\/wp-json\/wp\/v2\/media\/483457"}],"wp:attachment":[{"href":"https:\/\/madabouthorror.co.uk\/fr\/wp-json\/wp\/v2\/media?parent=483455"}],"wp:term":[{"taxonomy":"product_brand","embeddable":true,"href":"https:\/\/madabouthorror.co.uk\/fr\/wp-json\/wp\/v2\/product_brand?post=483455"},{"taxonomy":"product_cat","embeddable":true,"href":"https:\/\/madabouthorror.co.uk\/fr\/wp-json\/wp\/v2\/product_cat?post=483455"},{"taxonomy":"product_tag","embeddable":true,"href":"https:\/\/madabouthorror.co.uk\/fr\/wp-json\/wp\/v2\/product_tag?post=483455"}],"curies":[{"name":"wp","href":"https:\/\/api.w.org\/{rel}","templated":true}]}}