{"id":483753,"date":"2024-04-29T14:15:25","date_gmt":"2024-04-29T13:15:25","guid":{"rendered":"https:\/\/madabouthorror.co.uk\/?post_type=product&#038;p=483753"},"modified":"2025-11-20T12:51:09","modified_gmt":"2025-11-20T12:51:09","slug":"6ft-animated-rising-ghost-prop","status":"publish","type":"product","link":"https:\/\/madabouthorror.co.uk\/fr\/product\/6ft-animated-rising-ghost-prop\/","title":{"rendered":"6 Ft Rising Ghost Animated Prop"},"content":{"rendered":"<p>Cr\u00e9ez l'ambiance parfaite pour votre prochaine sc\u00e8ne hant\u00e9e ! Ce fant\u00f4me de 6 pieds \u00e0 la t\u00eate et aux bras lumineux se balance d'un c\u00f4t\u00e9 \u00e0 l'autre tout en g\u00e9missant d'une mani\u00e8re lugubre ! Sa robe blanche flottera \u00e0 chaque brise ! N\u00e9cessite 4 piles AA, non incluses. Instructions compl\u00e8tes incluses.<\/p>\n<p>Voici le fant\u00f4me de 6 pieds, le compl\u00e9ment parfait de votre d\u00e9cor d'Halloween.<\/p>\n<p>D'une hauteur impressionnante de 1,80 m, cette figure sinistre se dresse de mani\u00e8re inqui\u00e9tante, sa t\u00eate lumineuse et ses bras se balan\u00e7ant d'un c\u00f4t\u00e9 \u00e0 l'autre tout en \u00e9mettant des g\u00e9missements pleins de tristesse. V\u00eatue d'une robe blanche qui flotte \u00e0 chaque brise, cette apparition fantomatique ne manquera pas de captiver et de terrifier tous ceux qui oseront s'approcher d'elle.<\/p>\n<p><strong>Caract\u00e9ristiques principales :<\/strong><\/p>\n<ul>\n<li>L'action montante<\/li>\n<li>T\u00eate et bras lumineux<\/li>\n<li>G\u00e9missements de deuil<\/li>\n<li>6FT<\/li>\n<li>Fonctionne avec 4 piles AA (non incluses)<\/li>\n<\/ul>\n<div>\n<p><strong>A noter :<\/strong> Ces accessoires sont vendus au Royaume-Uni sous forme d'articles \u00e0 piles.<\/p>\n<p>Un adaptateur d'alimentation de type UK\/EU peut \u00eatre achet\u00e9 ici <a href=\"https:\/\/madabouthorror.co.uk\/product\/power-supply-for-tekky-toys-props\/\">https:\/\/madabouthorror.co.uk\/product\/power-supply-for-tekky-toys-props\/<\/a><\/p>\n<p style=\"font-weight: 400;\"><em>Pour une utilisation sous un porche couvert ou \u00e0 l'int\u00e9rieur. Prot\u00e9ger des intemp\u00e9ries en cas d'utilisation \u00e0 l'ext\u00e9rieur et ne pas laisser \u00e0 l'ext\u00e9rieur pendant de longues p\u00e9riodes.<\/em><\/p>\n<p style=\"font-weight: 400;\"><em>Remarque : ces accessoires ne sont pas recommand\u00e9s pour un usage commercial intensif, c'est-\u00e0-dire qu'ils ne doivent pas \u00eatre utilis\u00e9s pendant des p\u00e9riodes prolong\u00e9es, c'est-\u00e0-dire plusieurs jours d'affil\u00e9e. Ils sont con\u00e7us pour \u00eatre utilis\u00e9s \u00e0 l'occasion d'Halloween. Si vous avez des questions \u00e0 ce sujet, n'h\u00e9sitez pas \u00e0 les poser.<\/em><\/p>\n<p style=\"font-weight: 400;\">\n<\/div>","protected":false},"excerpt":{"rendered":"<p>Cr\u00e9ez l'ambiance parfaite pour votre prochaine sc\u00e8ne hant\u00e9e ! Ce fant\u00f4me de 6 pieds \u00e0 la t\u00eate et aux bras lumineux se balance d'un c\u00f4t\u00e9 \u00e0 l'autre tout en g\u00e9missant d'une mani\u00e8re lugubre ! Sa robe blanche flottera \u00e0 chaque brise ! N\u00e9cessite 4 piles AA, non incluses. Instructions compl\u00e8tes incluses. Voici le fant\u00f4me ascendant de 2,5 m\u00e8tres, le parfait [...]<\/p>","protected":false},"featured_media":483921,"comment_status":"closed","ping_status":"closed","template":"","meta":{"_acf_changed":false},"product_brand":[],"product_cat":[10068,10120,10131,10093,10094,6550,6547,6549,6963,7050,7051,7058],"product_tag":[],"class_list":{"0":"post-483753","1":"product","2":"type-product","3":"status-publish","4":"has-post-thumbnail","6":"product_cat-halloween-decorations-2025","7":"product_cat-halloween-ghost-decorations","8":"product_cat-halloween-gifts","9":"product_cat-indoor-halloween-decorations","10":"product_cat-outdoor-halloween-decorations","11":"product_cat-graveyard-decorations","12":"product_cat-decorations","13":"product_cat-haunted-house","14":"product_cat-animatronics","15":"product_cat-haunted-house-animatronics","16":"product_cat-graveyard-animatronics","17":"product_cat-ghosts-demons","18":"product_shipping_class-props","20":"first","21":"outofstock","22":"taxable","23":"shipping-taxable","24":"purchasable","25":"product-type-simple"},"supplier_id":467908,"supplier_sku":"TT59521","barcode":"669703595215","atum_controlled":true,"out_stock_date":"2025-10-26 18:28:27","out_stock_threshold":null,"inheritable":false,"inbound_stock":12,"stock_on_hold":0,"sold_today":0,"sales_last_days":0,"reserved_stock":0,"customer_returns":0,"warehouse_damage":0,"lost_in_post":0,"other_logs":0,"out_stock_days":164,"lost_sales":4684,"has_location":false,"update_date":"2026-04-09T01:17:12","atum_locations":[],"atum_stock_status":"outofstock","restock_status":false,"low_stock_amount":"","sales_update_date":"2026-04-09T01:17:10","calc_backorders":null,"acf":[],"yoast_head":"<!-- This site is optimized with the Yoast SEO plugin v27.3 - https:\/\/yoast.com\/product\/yoast-seo-wordpress\/ -->\n<title>6 Ft Rising Ghost Animated Prop | Mad About Horror<\/title>\n<meta name=\"description\" content=\"6 Ft. Rising Ghost Animated Prop. Shop Horror collectibles and Halloween props. Europe&#039;s leading horror collectibles specialist.\" \/>\n<meta name=\"robots\" content=\"index, follow, max-snippet:-1, max-image-preview:large, max-video-preview:-1\" \/>\n<link rel=\"canonical\" href=\"https:\/\/madabouthorror.co.uk\/fr\/product\/6ft-animated-rising-ghost-prop\/\" \/>\n<meta property=\"og:locale\" content=\"fr_FR\" \/>\n<meta property=\"og:type\" content=\"article\" \/>\n<meta property=\"og:title\" content=\"6 Ft Rising Ghost Animated Prop | Mad About Horror\" \/>\n<meta property=\"og:description\" content=\"6 Ft. Rising Ghost Animated Prop. Shop Horror collectibles and Halloween props. Europe&#039;s leading horror collectibles specialist.\" \/>\n<meta property=\"og:url\" content=\"https:\/\/madabouthorror.co.uk\/fr\/product\/6ft-animated-rising-ghost-prop\/\" \/>\n<meta property=\"og:site_name\" content=\"Mad About Horror\" \/>\n<meta property=\"article:publisher\" content=\"https:\/\/www.facebook.com\/madabouthorror\/\" \/>\n<meta property=\"article:modified_time\" content=\"2025-11-20T12:51:09+00:00\" \/>\n<meta property=\"og:image\" content=\"https:\/\/madabouthorror.co.uk\/wp-content\/uploads\/2024\/04\/6-ft-rising-ghost-animated-prop-halloween-decorationtt59521.jpeg\" \/>\n\t<meta property=\"og:image:width\" content=\"1500\" \/>\n\t<meta property=\"og:image:height\" content=\"1500\" \/>\n\t<meta property=\"og:image:type\" content=\"image\/jpeg\" \/>\n<meta name=\"twitter:card\" content=\"summary_large_image\" \/>\n<meta name=\"twitter:label1\" content=\"Dur\u00e9e de lecture estim\u00e9e\" \/>\n\t<meta name=\"twitter:data1\" content=\"2 minutes\" \/>\n<script type=\"application\/ld+json\" class=\"yoast-schema-graph\">{\"@context\":\"https:\\\/\\\/schema.org\",\"@graph\":[{\"@type\":[\"WebPage\",\"ItemPage\"],\"@id\":\"https:\\\/\\\/madabouthorror.co.uk\\\/product\\\/6ft-animated-rising-ghost-prop\\\/\",\"url\":\"https:\\\/\\\/madabouthorror.co.uk\\\/product\\\/6ft-animated-rising-ghost-prop\\\/\",\"name\":\"6 Ft Rising Ghost Animated Prop | Mad About Horror\",\"isPartOf\":{\"@id\":\"https:\\\/\\\/madabouthorror.co.uk\\\/#website\"},\"primaryImageOfPage\":{\"@id\":\"https:\\\/\\\/madabouthorror.co.uk\\\/product\\\/6ft-animated-rising-ghost-prop\\\/#primaryimage\"},\"image\":{\"@id\":\"https:\\\/\\\/madabouthorror.co.uk\\\/product\\\/6ft-animated-rising-ghost-prop\\\/#primaryimage\"},\"thumbnailUrl\":\"https:\\\/\\\/madabouthorror.co.uk\\\/wp-content\\\/uploads\\\/2024\\\/04\\\/6-ft-rising-ghost-animated-prop-halloween-decorationtt59521.jpeg\",\"datePublished\":\"2024-04-29T13:15:25+00:00\",\"dateModified\":\"2025-11-20T12:51:09+00:00\",\"description\":\"6 Ft. Rising Ghost Animated Prop. Shop Horror collectibles and Halloween props. Europe's leading horror collectibles specialist.\",\"breadcrumb\":{\"@id\":\"https:\\\/\\\/madabouthorror.co.uk\\\/product\\\/6ft-animated-rising-ghost-prop\\\/#breadcrumb\"},\"inLanguage\":\"fr-FR\",\"potentialAction\":[{\"@type\":\"ReadAction\",\"target\":[\"https:\\\/\\\/madabouthorror.co.uk\\\/product\\\/6ft-animated-rising-ghost-prop\\\/\"]}]},{\"@type\":\"ImageObject\",\"inLanguage\":\"fr-FR\",\"@id\":\"https:\\\/\\\/madabouthorror.co.uk\\\/product\\\/6ft-animated-rising-ghost-prop\\\/#primaryimage\",\"url\":\"https:\\\/\\\/madabouthorror.co.uk\\\/wp-content\\\/uploads\\\/2024\\\/04\\\/6-ft-rising-ghost-animated-prop-halloween-decorationtt59521.jpeg\",\"contentUrl\":\"https:\\\/\\\/madabouthorror.co.uk\\\/wp-content\\\/uploads\\\/2024\\\/04\\\/6-ft-rising-ghost-animated-prop-halloween-decorationtt59521.jpeg\",\"width\":1500,\"height\":1500,\"caption\":\"6-ft-rising-ghost-animated-prop-halloween-decoration\"},{\"@type\":\"BreadcrumbList\",\"@id\":\"https:\\\/\\\/madabouthorror.co.uk\\\/product\\\/6ft-animated-rising-ghost-prop\\\/#breadcrumb\",\"itemListElement\":[{\"@type\":\"ListItem\",\"position\":1,\"name\":\"Shop\",\"item\":\"https:\\\/\\\/madabouthorror.co.uk\\\/shop\\\/\"},{\"@type\":\"ListItem\",\"position\":2,\"name\":\"6 Ft Rising Ghost Animated Prop\"}]},{\"@type\":\"WebSite\",\"@id\":\"https:\\\/\\\/madabouthorror.co.uk\\\/#website\",\"url\":\"https:\\\/\\\/madabouthorror.co.uk\\\/\",\"name\":\"Mad About Horror\",\"description\":\"\",\"publisher\":{\"@id\":\"https:\\\/\\\/madabouthorror.co.uk\\\/#organization\"},\"alternateName\":\"Mad About Horror Limited\",\"potentialAction\":[{\"@type\":\"SearchAction\",\"target\":{\"@type\":\"EntryPoint\",\"urlTemplate\":\"https:\\\/\\\/madabouthorror.co.uk\\\/?s={search_term_string}\"},\"query-input\":{\"@type\":\"PropertyValueSpecification\",\"valueRequired\":true,\"valueName\":\"search_term_string\"}}],\"inLanguage\":\"fr-FR\"},{\"@type\":\"Organization\",\"@id\":\"https:\\\/\\\/madabouthorror.co.uk\\\/#organization\",\"name\":\"Mad About Horror\",\"url\":\"https:\\\/\\\/madabouthorror.co.uk\\\/\",\"logo\":{\"@type\":\"ImageObject\",\"inLanguage\":\"fr-FR\",\"@id\":\"https:\\\/\\\/madabouthorror.co.uk\\\/#\\\/schema\\\/logo\\\/image\\\/\",\"url\":\"https:\\\/\\\/madabouthorror.co.uk\\\/wp-content\\\/uploads\\\/2024\\\/02\\\/cropped-Logo.png\",\"contentUrl\":\"https:\\\/\\\/madabouthorror.co.uk\\\/wp-content\\\/uploads\\\/2024\\\/02\\\/cropped-Logo.png\",\"width\":240,\"height\":88,\"caption\":\"Mad About Horror\"},\"image\":{\"@id\":\"https:\\\/\\\/madabouthorror.co.uk\\\/#\\\/schema\\\/logo\\\/image\\\/\"},\"sameAs\":[\"https:\\\/\\\/www.facebook.com\\\/madabouthorror\\\/\",\"https:\\\/\\\/www.instagram.com\\\/madabouthorror\\\/\",\"https:\\\/\\\/www.pinterest.co.uk\\\/madabouthorror\\\/\",\"https:\\\/\\\/www.youtube.com\\\/channel\\\/UCBooLOIxjoQ89dj6T5lWm_w\",\"https:\\\/\\\/www.tiktok.com\\\/@weremadabouthorror\"]}]}<\/script>\n<!-- \/ Yoast SEO plugin. -->","yoast_head_json":{"title":"6 Ft Rising Ghost Animated Prop | Mad About Horror","description":"6 Ft. Rising Ghost Animated Prop Shop Horror collectibles and Halloween props. Le premier sp\u00e9cialiste europ\u00e9en des objets de collection d'horreur.","robots":{"index":"index","follow":"follow","max-snippet":"max-snippet:-1","max-image-preview":"max-image-preview:large","max-video-preview":"max-video-preview:-1"},"canonical":"https:\/\/madabouthorror.co.uk\/fr\/product\/6ft-animated-rising-ghost-prop\/","og_locale":"fr_FR","og_type":"article","og_title":"6 Ft Rising Ghost Animated Prop | Mad About Horror","og_description":"6 Ft. Rising Ghost Animated Prop. Shop Horror collectibles and Halloween props. Europe's leading horror collectibles specialist.","og_url":"https:\/\/madabouthorror.co.uk\/fr\/product\/6ft-animated-rising-ghost-prop\/","og_site_name":"Mad About Horror","article_publisher":"https:\/\/www.facebook.com\/madabouthorror\/","article_modified_time":"2025-11-20T12:51:09+00:00","og_image":[{"width":1500,"height":1500,"url":"https:\/\/madabouthorror.co.uk\/wp-content\/uploads\/2024\/04\/6-ft-rising-ghost-animated-prop-halloween-decorationtt59521.jpeg","type":"image\/jpeg"}],"twitter_card":"summary_large_image","twitter_misc":{"Dur\u00e9e de lecture estim\u00e9e":"2 minutes"},"schema":{"@context":"https:\/\/schema.org","@graph":[{"@type":["WebPage","ItemPage"],"@id":"https:\/\/madabouthorror.co.uk\/product\/6ft-animated-rising-ghost-prop\/","url":"https:\/\/madabouthorror.co.uk\/product\/6ft-animated-rising-ghost-prop\/","name":"6 Ft Rising Ghost Animated Prop | Mad About Horror","isPartOf":{"@id":"https:\/\/madabouthorror.co.uk\/#website"},"primaryImageOfPage":{"@id":"https:\/\/madabouthorror.co.uk\/product\/6ft-animated-rising-ghost-prop\/#primaryimage"},"image":{"@id":"https:\/\/madabouthorror.co.uk\/product\/6ft-animated-rising-ghost-prop\/#primaryimage"},"thumbnailUrl":"https:\/\/madabouthorror.co.uk\/wp-content\/uploads\/2024\/04\/6-ft-rising-ghost-animated-prop-halloween-decorationtt59521.jpeg","datePublished":"2024-04-29T13:15:25+00:00","dateModified":"2025-11-20T12:51:09+00:00","description":"6 Ft. Rising Ghost Animated Prop Shop Horror collectibles and Halloween props. Le premier sp\u00e9cialiste europ\u00e9en des objets de collection d'horreur.","breadcrumb":{"@id":"https:\/\/madabouthorror.co.uk\/product\/6ft-animated-rising-ghost-prop\/#breadcrumb"},"inLanguage":"fr-FR","potentialAction":[{"@type":"ReadAction","target":["https:\/\/madabouthorror.co.uk\/product\/6ft-animated-rising-ghost-prop\/"]}]},{"@type":"ImageObject","inLanguage":"fr-FR","@id":"https:\/\/madabouthorror.co.uk\/product\/6ft-animated-rising-ghost-prop\/#primaryimage","url":"https:\/\/madabouthorror.co.uk\/wp-content\/uploads\/2024\/04\/6-ft-rising-ghost-animated-prop-halloween-decorationtt59521.jpeg","contentUrl":"https:\/\/madabouthorror.co.uk\/wp-content\/uploads\/2024\/04\/6-ft-rising-ghost-animated-prop-halloween-decorationtt59521.jpeg","width":1500,"height":1500,"caption":"6-ft-rising-ghost-animated-prop-halloween-decoration"},{"@type":"BreadcrumbList","@id":"https:\/\/madabouthorror.co.uk\/product\/6ft-animated-rising-ghost-prop\/#breadcrumb","itemListElement":[{"@type":"ListItem","position":1,"name":"Shop","item":"https:\/\/madabouthorror.co.uk\/shop\/"},{"@type":"ListItem","position":2,"name":"6 Ft Rising Ghost Animated Prop"}]},{"@type":"WebSite","@id":"https:\/\/madabouthorror.co.uk\/#website","url":"https:\/\/madabouthorror.co.uk\/","name":"L'horreur en folie","description":"","publisher":{"@id":"https:\/\/madabouthorror.co.uk\/#organization"},"alternateName":"Mad About Horror Limited","potentialAction":[{"@type":"SearchAction","target":{"@type":"EntryPoint","urlTemplate":"https:\/\/madabouthorror.co.uk\/?s={search_term_string}"},"query-input":{"@type":"PropertyValueSpecification","valueRequired":true,"valueName":"search_term_string"}}],"inLanguage":"fr-FR"},{"@type":"Organization","@id":"https:\/\/madabouthorror.co.uk\/#organization","name":"L'horreur en folie","url":"https:\/\/madabouthorror.co.uk\/","logo":{"@type":"ImageObject","inLanguage":"fr-FR","@id":"https:\/\/madabouthorror.co.uk\/#\/schema\/logo\/image\/","url":"https:\/\/madabouthorror.co.uk\/wp-content\/uploads\/2024\/02\/cropped-Logo.png","contentUrl":"https:\/\/madabouthorror.co.uk\/wp-content\/uploads\/2024\/02\/cropped-Logo.png","width":240,"height":88,"caption":"Mad About Horror"},"image":{"@id":"https:\/\/madabouthorror.co.uk\/#\/schema\/logo\/image\/"},"sameAs":["https:\/\/www.facebook.com\/madabouthorror\/","https:\/\/www.instagram.com\/madabouthorror\/","https:\/\/www.pinterest.co.uk\/madabouthorror\/","https:\/\/www.youtube.com\/channel\/UCBooLOIxjoQ89dj6T5lWm_w","https:\/\/www.tiktok.com\/@weremadabouthorror"]}]}},"df_price":208.28,"df_sale_price":"","df_regular_price":208.28,"df_image_link":"https:\/\/madabouthorror.co.uk\/wp-content\/uploads\/2024\/04\/6-ft-rising-ghost-animated-prop-halloween-decorationtt59521-300x300.jpeg","_links":{"self":[{"href":"https:\/\/madabouthorror.co.uk\/fr\/wp-json\/wp\/v2\/product\/483753","targetHints":{"allow":["GET"]}}],"collection":[{"href":"https:\/\/madabouthorror.co.uk\/fr\/wp-json\/wp\/v2\/product"}],"about":[{"href":"https:\/\/madabouthorror.co.uk\/fr\/wp-json\/wp\/v2\/types\/product"}],"replies":[{"embeddable":true,"href":"https:\/\/madabouthorror.co.uk\/fr\/wp-json\/wp\/v2\/comments?post=483753"}],"wp:featuredmedia":[{"embeddable":true,"href":"https:\/\/madabouthorror.co.uk\/fr\/wp-json\/wp\/v2\/media\/483921"}],"wp:attachment":[{"href":"https:\/\/madabouthorror.co.uk\/fr\/wp-json\/wp\/v2\/media?parent=483753"}],"wp:term":[{"taxonomy":"product_brand","embeddable":true,"href":"https:\/\/madabouthorror.co.uk\/fr\/wp-json\/wp\/v2\/product_brand?post=483753"},{"taxonomy":"product_cat","embeddable":true,"href":"https:\/\/madabouthorror.co.uk\/fr\/wp-json\/wp\/v2\/product_cat?post=483753"},{"taxonomy":"product_tag","embeddable":true,"href":"https:\/\/madabouthorror.co.uk\/fr\/wp-json\/wp\/v2\/product_tag?post=483753"}],"curies":[{"name":"wp","href":"https:\/\/api.w.org\/{rel}","templated":true}]}}