{"id":48447,"date":"2021-06-14T11:28:23","date_gmt":"2021-06-14T10:28:23","guid":{"rendered":"https:\/\/mah.6bdv.ws\/product\/silicone-skinned-cowboy-hat\/"},"modified":"2025-09-18T14:19:11","modified_gmt":"2025-09-18T13:19:11","slug":"silicone-skinned-cowboy-hat","status":"publish","type":"product","link":"https:\/\/madabouthorror.co.uk\/fr\/product\/silicone-skinned-cowboy-hat\/","title":{"rendered":"Chapeau de cow-boy en silicone"},"content":{"rendered":"<p>Fabriqu\u00e9 par un artiste professionnel de l'horreur am\u00e9ricain, ce chapeau de cow-boy en peau de silicone est un m\u00e9lange troublant de style western et d'horreur macabre. Con\u00e7u dans un style Stetson, il est fabriqu\u00e9 \u00e0 partir de morceaux de visages humains assembl\u00e9s avec des d\u00e9tails terrifiants, ce qui en fait le couvre-chef id\u00e9al pour un cow-boy meurtrier ou un hors-la-loi sinistre. Fabriqu\u00e9 en silicone de haute qualit\u00e9 et m\u00e9ticuleusement fini \u00e0 la main, il pr\u00e9sente des textures, des teintes de peau et des coutures r\u00e9alistes pour un effet gla\u00e7ant de r\u00e9alisme. Ce chapeau de qualit\u00e9 professionnelle est pr\u00eat pour le cin\u00e9ma et id\u00e9al pour les attractions hant\u00e9es, les labyrinthes d'\u00e9pouvante, les productions horrifiques ou comme pi\u00e8ce ma\u00eetresse choquante dans toute collection macabre.<\/p>","protected":false},"excerpt":{"rendered":"<p>Fabriqu\u00e9 par un artiste professionnel de l'horreur am\u00e9ricain, ce chapeau de cow-boy en peau de silicone est un m\u00e9lange troublant de style western et d'horreur macabre. Con\u00e7u dans un style Stetson, il est cr\u00e9\u00e9 \u00e0 partir de morceaux de visages humains cousus ensemble dans des d\u00e9tails terrifiants, ce qui en fait le couvre-chef parfait pour un cow-boy meurtrier ou un hors-la-loi sinistre. Fabriqu\u00e9 en silicone de haute qualit\u00e9 [...]<\/p>","protected":false},"featured_media":48441,"comment_status":"closed","ping_status":"closed","template":"","meta":{"_acf_changed":false},"product_brand":[],"product_cat":[6969,6551,6543,6829],"product_tag":[],"class_list":{"0":"post-48447","1":"product","2":"type-product","3":"status-publish","4":"has-post-thumbnail","6":"product_cat-professional-costumes","7":"product_cat-costumes","8":"product_cat-professional","9":"product_cat-professional-range-costumes","10":"pa_brand-other","11":"pa_character-mybloodyvalentine","12":"pa_google_tax-ba-artsentertainmenthobbiescr","14":"first","15":"outofstock","16":"taxable","17":"shipping-taxable","18":"purchasable","19":"product-type-simple"},"supplier_id":467889,"supplier_sku":"","barcode":"","atum_controlled":true,"out_stock_date":"2025-09-18 14:19:12","out_stock_threshold":null,"inheritable":false,"inbound_stock":1,"stock_on_hold":0,"sold_today":0,"sales_last_days":0,"reserved_stock":0,"customer_returns":0,"warehouse_damage":0,"lost_in_post":0,"other_logs":0,"out_stock_days":217,"lost_sales":7748,"has_location":false,"update_date":"2026-04-24T01:59:09","atum_locations":[],"atum_stock_status":"outofstock","restock_status":false,"low_stock_amount":"","sales_update_date":"2026-04-24T01:59:08","calc_backorders":null,"acf":[],"yoast_head":"<!-- This site is optimized with the Yoast SEO plugin v27.4 - https:\/\/yoast.com\/product\/yoast-seo-wordpress\/ -->\n<title>Silicone Skinned Cowboy Hat - Mad About Horror<\/title>\n<meta name=\"description\" content=\"Silicone Skinned Cowboy Hat. Professional masks, costumes and props available from Madabouthorror, Europe&#039;s leading horror specialist.\" \/>\n<meta name=\"robots\" content=\"index, follow, max-snippet:-1, max-image-preview:large, max-video-preview:-1\" \/>\n<link rel=\"canonical\" href=\"https:\/\/madabouthorror.co.uk\/fr\/product\/silicone-skinned-cowboy-hat\/\" \/>\n<meta property=\"og:locale\" content=\"fr_FR\" \/>\n<meta property=\"og:type\" content=\"article\" \/>\n<meta property=\"og:title\" content=\"Silicone Skinned Cowboy Hat - Mad About Horror\" \/>\n<meta property=\"og:description\" content=\"Silicone Skinned Cowboy Hat. Professional masks, costumes and props available from Madabouthorror, Europe&#039;s leading horror specialist.\" \/>\n<meta property=\"og:url\" content=\"https:\/\/madabouthorror.co.uk\/fr\/product\/silicone-skinned-cowboy-hat\/\" \/>\n<meta property=\"og:site_name\" content=\"Mad About Horror\" \/>\n<meta property=\"article:publisher\" content=\"https:\/\/www.facebook.com\/madabouthorror\/\" \/>\n<meta property=\"article:modified_time\" content=\"2025-09-18T13:19:11+00:00\" \/>\n<meta property=\"og:image\" content=\"https:\/\/madabouthorror.co.uk\/wp-content\/uploads\/2021\/06\/skinned_silicone_cowboy_hat_.jpg\" \/>\n\t<meta property=\"og:image:width\" content=\"670\" \/>\n\t<meta property=\"og:image:height\" content=\"670\" \/>\n\t<meta property=\"og:image:type\" content=\"image\/jpeg\" \/>\n<meta name=\"twitter:card\" content=\"summary_large_image\" \/>\n<meta name=\"twitter:label1\" content=\"Dur\u00e9e de lecture estim\u00e9e\" \/>\n\t<meta name=\"twitter:data1\" content=\"1 minute\" \/>\n<script type=\"application\/ld+json\" class=\"yoast-schema-graph\">{\"@context\":\"https:\\\/\\\/schema.org\",\"@graph\":[{\"@type\":[\"WebPage\",\"ItemPage\"],\"@id\":\"https:\\\/\\\/madabouthorror.co.uk\\\/product\\\/silicone-skinned-cowboy-hat\\\/\",\"url\":\"https:\\\/\\\/madabouthorror.co.uk\\\/product\\\/silicone-skinned-cowboy-hat\\\/\",\"name\":\"Silicone Skinned Cowboy Hat - Mad About Horror\",\"isPartOf\":{\"@id\":\"https:\\\/\\\/madabouthorror.co.uk\\\/#website\"},\"primaryImageOfPage\":{\"@id\":\"https:\\\/\\\/madabouthorror.co.uk\\\/product\\\/silicone-skinned-cowboy-hat\\\/#primaryimage\"},\"image\":{\"@id\":\"https:\\\/\\\/madabouthorror.co.uk\\\/product\\\/silicone-skinned-cowboy-hat\\\/#primaryimage\"},\"thumbnailUrl\":\"https:\\\/\\\/madabouthorror.co.uk\\\/wp-content\\\/uploads\\\/2021\\\/06\\\/skinned_silicone_cowboy_hat_.jpg\",\"datePublished\":\"2021-06-14T10:28:23+00:00\",\"dateModified\":\"2025-09-18T13:19:11+00:00\",\"description\":\"Silicone Skinned Cowboy Hat. Professional masks, costumes and props available from Madabouthorror, Europe's leading horror specialist.\",\"breadcrumb\":{\"@id\":\"https:\\\/\\\/madabouthorror.co.uk\\\/product\\\/silicone-skinned-cowboy-hat\\\/#breadcrumb\"},\"inLanguage\":\"fr-FR\",\"potentialAction\":[{\"@type\":\"ReadAction\",\"target\":[\"https:\\\/\\\/madabouthorror.co.uk\\\/product\\\/silicone-skinned-cowboy-hat\\\/\"]}]},{\"@type\":\"ImageObject\",\"inLanguage\":\"fr-FR\",\"@id\":\"https:\\\/\\\/madabouthorror.co.uk\\\/product\\\/silicone-skinned-cowboy-hat\\\/#primaryimage\",\"url\":\"https:\\\/\\\/madabouthorror.co.uk\\\/wp-content\\\/uploads\\\/2021\\\/06\\\/skinned_silicone_cowboy_hat_.jpg\",\"contentUrl\":\"https:\\\/\\\/madabouthorror.co.uk\\\/wp-content\\\/uploads\\\/2021\\\/06\\\/skinned_silicone_cowboy_hat_.jpg\",\"width\":670,\"height\":670,\"caption\":\"Silicone Skinned Cowboy Hat-0\"},{\"@type\":\"BreadcrumbList\",\"@id\":\"https:\\\/\\\/madabouthorror.co.uk\\\/product\\\/silicone-skinned-cowboy-hat\\\/#breadcrumb\",\"itemListElement\":[{\"@type\":\"ListItem\",\"position\":1,\"name\":\"Shop\",\"item\":\"https:\\\/\\\/madabouthorror.co.uk\\\/shop\\\/\"},{\"@type\":\"ListItem\",\"position\":2,\"name\":\"Silicone Skinned Cowboy Hat\"}]},{\"@type\":\"WebSite\",\"@id\":\"https:\\\/\\\/madabouthorror.co.uk\\\/#website\",\"url\":\"https:\\\/\\\/madabouthorror.co.uk\\\/\",\"name\":\"Mad About Horror\",\"description\":\"\",\"publisher\":{\"@id\":\"https:\\\/\\\/madabouthorror.co.uk\\\/#organization\"},\"alternateName\":\"Mad About Horror Limited\",\"potentialAction\":[{\"@type\":\"SearchAction\",\"target\":{\"@type\":\"EntryPoint\",\"urlTemplate\":\"https:\\\/\\\/madabouthorror.co.uk\\\/?s={search_term_string}\"},\"query-input\":{\"@type\":\"PropertyValueSpecification\",\"valueRequired\":true,\"valueName\":\"search_term_string\"}}],\"inLanguage\":\"fr-FR\"},{\"@type\":\"Organization\",\"@id\":\"https:\\\/\\\/madabouthorror.co.uk\\\/#organization\",\"name\":\"Mad About Horror\",\"url\":\"https:\\\/\\\/madabouthorror.co.uk\\\/\",\"logo\":{\"@type\":\"ImageObject\",\"inLanguage\":\"fr-FR\",\"@id\":\"https:\\\/\\\/madabouthorror.co.uk\\\/#\\\/schema\\\/logo\\\/image\\\/\",\"url\":\"https:\\\/\\\/madabouthorror.co.uk\\\/wp-content\\\/uploads\\\/2024\\\/02\\\/cropped-Logo.png\",\"contentUrl\":\"https:\\\/\\\/madabouthorror.co.uk\\\/wp-content\\\/uploads\\\/2024\\\/02\\\/cropped-Logo.png\",\"width\":240,\"height\":88,\"caption\":\"Mad About Horror\"},\"image\":{\"@id\":\"https:\\\/\\\/madabouthorror.co.uk\\\/#\\\/schema\\\/logo\\\/image\\\/\"},\"sameAs\":[\"https:\\\/\\\/www.facebook.com\\\/madabouthorror\\\/\",\"https:\\\/\\\/www.instagram.com\\\/madabouthorror\\\/\",\"https:\\\/\\\/www.pinterest.co.uk\\\/madabouthorror\\\/\",\"https:\\\/\\\/www.youtube.com\\\/channel\\\/UCBooLOIxjoQ89dj6T5lWm_w\",\"https:\\\/\\\/www.tiktok.com\\\/@weremadabouthorror\"]}]}<\/script>\n<!-- \/ Yoast SEO plugin. -->","yoast_head_json":{"title":"Chapeau de cow-boy en silicone - Mad About Horror","description":"Chapeau de cow-boy en silicone. Masques, costumes et accessoires professionnels disponibles chez Madabouthorror, le plus grand sp\u00e9cialiste europ\u00e9en de l'horreur.","robots":{"index":"index","follow":"follow","max-snippet":"max-snippet:-1","max-image-preview":"max-image-preview:large","max-video-preview":"max-video-preview:-1"},"canonical":"https:\/\/madabouthorror.co.uk\/fr\/product\/silicone-skinned-cowboy-hat\/","og_locale":"fr_FR","og_type":"article","og_title":"Silicone Skinned Cowboy Hat - Mad About Horror","og_description":"Silicone Skinned Cowboy Hat. Professional masks, costumes and props available from Madabouthorror, Europe's leading horror specialist.","og_url":"https:\/\/madabouthorror.co.uk\/fr\/product\/silicone-skinned-cowboy-hat\/","og_site_name":"Mad About Horror","article_publisher":"https:\/\/www.facebook.com\/madabouthorror\/","article_modified_time":"2025-09-18T13:19:11+00:00","og_image":[{"width":670,"height":670,"url":"https:\/\/madabouthorror.co.uk\/wp-content\/uploads\/2021\/06\/skinned_silicone_cowboy_hat_.jpg","type":"image\/jpeg"}],"twitter_card":"summary_large_image","twitter_misc":{"Dur\u00e9e de lecture estim\u00e9e":"1 minute"},"schema":{"@context":"https:\/\/schema.org","@graph":[{"@type":["WebPage","ItemPage"],"@id":"https:\/\/madabouthorror.co.uk\/product\/silicone-skinned-cowboy-hat\/","url":"https:\/\/madabouthorror.co.uk\/product\/silicone-skinned-cowboy-hat\/","name":"Chapeau de cow-boy en silicone - Mad About Horror","isPartOf":{"@id":"https:\/\/madabouthorror.co.uk\/#website"},"primaryImageOfPage":{"@id":"https:\/\/madabouthorror.co.uk\/product\/silicone-skinned-cowboy-hat\/#primaryimage"},"image":{"@id":"https:\/\/madabouthorror.co.uk\/product\/silicone-skinned-cowboy-hat\/#primaryimage"},"thumbnailUrl":"https:\/\/madabouthorror.co.uk\/wp-content\/uploads\/2021\/06\/skinned_silicone_cowboy_hat_.jpg","datePublished":"2021-06-14T10:28:23+00:00","dateModified":"2025-09-18T13:19:11+00:00","description":"Chapeau de cow-boy en silicone. Masques, costumes et accessoires professionnels disponibles chez Madabouthorror, le plus grand sp\u00e9cialiste europ\u00e9en de l'horreur.","breadcrumb":{"@id":"https:\/\/madabouthorror.co.uk\/product\/silicone-skinned-cowboy-hat\/#breadcrumb"},"inLanguage":"fr-FR","potentialAction":[{"@type":"ReadAction","target":["https:\/\/madabouthorror.co.uk\/product\/silicone-skinned-cowboy-hat\/"]}]},{"@type":"ImageObject","inLanguage":"fr-FR","@id":"https:\/\/madabouthorror.co.uk\/product\/silicone-skinned-cowboy-hat\/#primaryimage","url":"https:\/\/madabouthorror.co.uk\/wp-content\/uploads\/2021\/06\/skinned_silicone_cowboy_hat_.jpg","contentUrl":"https:\/\/madabouthorror.co.uk\/wp-content\/uploads\/2021\/06\/skinned_silicone_cowboy_hat_.jpg","width":670,"height":670,"caption":"Silicone Skinned Cowboy Hat-0"},{"@type":"BreadcrumbList","@id":"https:\/\/madabouthorror.co.uk\/product\/silicone-skinned-cowboy-hat\/#breadcrumb","itemListElement":[{"@type":"ListItem","position":1,"name":"Shop","item":"https:\/\/madabouthorror.co.uk\/shop\/"},{"@type":"ListItem","position":2,"name":"Silicone Skinned Cowboy Hat"}]},{"@type":"WebSite","@id":"https:\/\/madabouthorror.co.uk\/#website","url":"https:\/\/madabouthorror.co.uk\/","name":"L'horreur en folie","description":"","publisher":{"@id":"https:\/\/madabouthorror.co.uk\/#organization"},"alternateName":"Mad About Horror Limited","potentialAction":[{"@type":"SearchAction","target":{"@type":"EntryPoint","urlTemplate":"https:\/\/madabouthorror.co.uk\/?s={search_term_string}"},"query-input":{"@type":"PropertyValueSpecification","valueRequired":true,"valueName":"search_term_string"}}],"inLanguage":"fr-FR"},{"@type":"Organization","@id":"https:\/\/madabouthorror.co.uk\/#organization","name":"L'horreur en folie","url":"https:\/\/madabouthorror.co.uk\/","logo":{"@type":"ImageObject","inLanguage":"fr-FR","@id":"https:\/\/madabouthorror.co.uk\/#\/schema\/logo\/image\/","url":"https:\/\/madabouthorror.co.uk\/wp-content\/uploads\/2024\/02\/cropped-Logo.png","contentUrl":"https:\/\/madabouthorror.co.uk\/wp-content\/uploads\/2024\/02\/cropped-Logo.png","width":240,"height":88,"caption":"Mad About Horror"},"image":{"@id":"https:\/\/madabouthorror.co.uk\/#\/schema\/logo\/image\/"},"sameAs":["https:\/\/www.facebook.com\/madabouthorror\/","https:\/\/www.instagram.com\/madabouthorror\/","https:\/\/www.pinterest.co.uk\/madabouthorror\/","https:\/\/www.youtube.com\/channel\/UCBooLOIxjoQ89dj6T5lWm_w","https:\/\/www.tiktok.com\/@weremadabouthorror"]}]}},"df_price":260.37,"df_sale_price":"","df_regular_price":260.37,"df_image_link":"https:\/\/madabouthorror.co.uk\/wp-content\/uploads\/2021\/06\/skinned_silicone_cowboy_hat_-300x300.jpg","_links":{"self":[{"href":"https:\/\/madabouthorror.co.uk\/fr\/wp-json\/wp\/v2\/product\/48447","targetHints":{"allow":["GET"]}}],"collection":[{"href":"https:\/\/madabouthorror.co.uk\/fr\/wp-json\/wp\/v2\/product"}],"about":[{"href":"https:\/\/madabouthorror.co.uk\/fr\/wp-json\/wp\/v2\/types\/product"}],"replies":[{"embeddable":true,"href":"https:\/\/madabouthorror.co.uk\/fr\/wp-json\/wp\/v2\/comments?post=48447"}],"wp:featuredmedia":[{"embeddable":true,"href":"https:\/\/madabouthorror.co.uk\/fr\/wp-json\/wp\/v2\/media\/48441"}],"wp:attachment":[{"href":"https:\/\/madabouthorror.co.uk\/fr\/wp-json\/wp\/v2\/media?parent=48447"}],"wp:term":[{"taxonomy":"product_brand","embeddable":true,"href":"https:\/\/madabouthorror.co.uk\/fr\/wp-json\/wp\/v2\/product_brand?post=48447"},{"taxonomy":"product_cat","embeddable":true,"href":"https:\/\/madabouthorror.co.uk\/fr\/wp-json\/wp\/v2\/product_cat?post=48447"},{"taxonomy":"product_tag","embeddable":true,"href":"https:\/\/madabouthorror.co.uk\/fr\/wp-json\/wp\/v2\/product_tag?post=48447"}],"curies":[{"name":"wp","href":"https:\/\/api.w.org\/{rel}","templated":true}]}}