{"id":485266,"date":"2024-05-15T13:54:20","date_gmt":"2024-05-15T12:54:20","guid":{"rendered":"https:\/\/madabouthorror.co.uk\/?post_type=product&#038;p=485266"},"modified":"2025-10-25T19:23:19","modified_gmt":"2025-10-25T18:23:19","slug":"disney-the-nightmare-before-christmas-14-in-lighted-oogie-boogie-decoration","status":"publish","type":"product","link":"https:\/\/madabouthorror.co.uk\/fr\/product\/disney-the-nightmare-before-christmas-14-in-lighted-oogie-boogie-decoration\/","title":{"rendered":"The Nightmare Before Christmas - 14\u2033 Fibre Optique Oogie Boogie Ornament"},"content":{"rendered":"<p>D\u00e9coration autoportante Disney 14 po illumin\u00e9e The Nightmare Before Christmas Oogie Boogie<\/p>\n<p style=\"font-weight: 400;\">Il fera tout ce qu'il peut pour effrayer vos invit\u00e9s \u00e0 Halloween ! Ce d\u00e9cor moul\u00e9 par soufflage est con\u00e7u d'apr\u00e8s le m\u00e9chant Oogie Boogie du film Les cauchemars avant No\u00ebl, tenant une araign\u00e9e tandis que des lumi\u00e8res en fibre optique illuminent ses yeux et son sourire mena\u00e7ants. Ce personnage diabolique est un ajout charmant \u00e0 une pr\u00e9sentation saisonni\u00e8re sur une chemin\u00e9e, une table ou une \u00e9tag\u00e8re.<\/p>\n<p><strong>D\u00e9tails :<\/strong><\/p>\n<ul class=\"bullets\">\n<li>\n<p class=\"show-more\">Caract\u00e8re du moule de soufflage de 14 pouces<\/p>\n<\/li>\n<li>\n<p class=\"show-more\">S'allume pour une meilleure visibilit\u00e9 de nuit<\/p>\n<\/li>\n<li>\n<p class=\"show-more\">Parfait pour les f\u00eates et les collectionneurs<\/p>\n<\/li>\n<\/ul>","protected":false},"excerpt":{"rendered":"<p>Disney 14-in Lighted The Nightmare Before Christmas Oogie Boogie Free Standing Decoration Il va faire de son mieux pour effrayer vos invit\u00e9s \u00e0 Halloween ! Ce d\u00e9cor moul\u00e9 par soufflage est con\u00e7u d'apr\u00e8s le m\u00e9chant Oogie Boogie du film Les Griffes de la nuit, tenant une araign\u00e9e tandis que des lumi\u00e8res en fibre optique illuminent ses yeux mena\u00e7ants [...]<\/p>","protected":false},"featured_media":485268,"comment_status":"closed","ping_status":"closed","template":"","meta":{"_acf_changed":false},"product_brand":[],"product_cat":[10116,10108,6537,7036,10038,6547,6682],"product_tag":[],"class_list":{"0":"post-485266","1":"product","2":"type-product","3":"status-publish","4":"has-post-thumbnail","6":"product_cat-halloween-ornaments","7":"product_cat-light-up-halloween-decorations","8":"product_cat-collectibles","9":"product_cat-ornaments","10":"product_cat-horror-gifts","11":"product_cat-decorations","12":"product_cat-nightmarebeforechristmas","13":"product_shipping_class-small-parcel-economy-3-5-business-days","15":"first","16":"outofstock","17":"taxable","18":"shipping-taxable","19":"purchasable","20":"product-type-simple"},"supplier_id":null,"supplier_sku":"","barcode":"","atum_controlled":true,"out_stock_date":"2025-10-25 19:23:19","out_stock_threshold":null,"inheritable":false,"inbound_stock":0,"stock_on_hold":0,"sold_today":0,"sales_last_days":0,"reserved_stock":0,"customer_returns":0,"warehouse_damage":0,"lost_in_post":0,"other_logs":0,"out_stock_days":167,"lost_sales":0,"has_location":false,"update_date":"2026-04-11T00:13:35","atum_locations":[],"atum_stock_status":"outofstock","restock_status":false,"low_stock_amount":"","sales_update_date":"2026-04-11T00:13:33","calc_backorders":null,"acf":[],"yoast_head":"<!-- This site is optimized with the Yoast SEO plugin v27.3 - https:\/\/yoast.com\/product\/yoast-seo-wordpress\/ -->\n<title>The Nightmare Before Christmas - 14&quot; Fibre Optic Oogie Boogie Ornament | Mad About Horror<\/title>\n<meta name=\"description\" content=\"Officially licensed Disney Oogie Boogie Decoration. Shop Horror collectibles and Halloween props. Europe&#039;s leading horror collectibles specialist.\" \/>\n<meta name=\"robots\" content=\"index, follow, max-snippet:-1, max-image-preview:large, max-video-preview:-1\" \/>\n<link rel=\"canonical\" href=\"https:\/\/madabouthorror.co.uk\/fr\/product\/disney-the-nightmare-before-christmas-14-in-lighted-oogie-boogie-decoration\/\" \/>\n<meta property=\"og:locale\" content=\"fr_FR\" \/>\n<meta property=\"og:type\" content=\"article\" \/>\n<meta property=\"og:title\" content=\"The Nightmare Before Christmas - 14&quot; Fibre Optic Oogie Boogie Ornament | Mad About Horror\" \/>\n<meta property=\"og:description\" content=\"Officially licensed Disney Oogie Boogie Decoration. Shop Horror collectibles and Halloween props. Europe&#039;s leading horror collectibles specialist.\" \/>\n<meta property=\"og:url\" content=\"https:\/\/madabouthorror.co.uk\/fr\/product\/disney-the-nightmare-before-christmas-14-in-lighted-oogie-boogie-decoration\/\" \/>\n<meta property=\"og:site_name\" content=\"Mad About Horror\" \/>\n<meta property=\"article:publisher\" content=\"https:\/\/www.facebook.com\/madabouthorror\/\" \/>\n<meta property=\"article:modified_time\" content=\"2025-10-25T18:23:19+00:00\" \/>\n<meta name=\"twitter:card\" content=\"summary_large_image\" \/>\n<meta name=\"twitter:label1\" content=\"Dur\u00e9e de lecture estim\u00e9e\" \/>\n\t<meta name=\"twitter:data1\" content=\"1 minute\" \/>\n<script type=\"application\/ld+json\" class=\"yoast-schema-graph\">{\"@context\":\"https:\\\/\\\/schema.org\",\"@graph\":[{\"@type\":[\"WebPage\",\"ItemPage\"],\"@id\":\"https:\\\/\\\/madabouthorror.co.uk\\\/product\\\/disney-the-nightmare-before-christmas-14-in-lighted-oogie-boogie-decoration\\\/\",\"url\":\"https:\\\/\\\/madabouthorror.co.uk\\\/product\\\/disney-the-nightmare-before-christmas-14-in-lighted-oogie-boogie-decoration\\\/\",\"name\":\"The Nightmare Before Christmas - 14\\\" Fibre Optic Oogie Boogie Ornament | Mad About Horror\",\"isPartOf\":{\"@id\":\"https:\\\/\\\/madabouthorror.co.uk\\\/#website\"},\"primaryImageOfPage\":{\"@id\":\"https:\\\/\\\/madabouthorror.co.uk\\\/product\\\/disney-the-nightmare-before-christmas-14-in-lighted-oogie-boogie-decoration\\\/#primaryimage\"},\"image\":{\"@id\":\"https:\\\/\\\/madabouthorror.co.uk\\\/product\\\/disney-the-nightmare-before-christmas-14-in-lighted-oogie-boogie-decoration\\\/#primaryimage\"},\"thumbnailUrl\":\"https:\\\/\\\/madabouthorror.co.uk\\\/wp-content\\\/uploads\\\/2024\\\/05\\\/43089703.jpg.avif\",\"datePublished\":\"2024-05-15T12:54:20+00:00\",\"dateModified\":\"2025-10-25T18:23:19+00:00\",\"description\":\"Officially licensed Disney Oogie Boogie Decoration. Shop Horror collectibles and Halloween props. Europe's leading horror collectibles specialist.\",\"breadcrumb\":{\"@id\":\"https:\\\/\\\/madabouthorror.co.uk\\\/product\\\/disney-the-nightmare-before-christmas-14-in-lighted-oogie-boogie-decoration\\\/#breadcrumb\"},\"inLanguage\":\"fr-FR\",\"potentialAction\":[{\"@type\":\"ReadAction\",\"target\":[\"https:\\\/\\\/madabouthorror.co.uk\\\/product\\\/disney-the-nightmare-before-christmas-14-in-lighted-oogie-boogie-decoration\\\/\"]}]},{\"@type\":\"ImageObject\",\"inLanguage\":\"fr-FR\",\"@id\":\"https:\\\/\\\/madabouthorror.co.uk\\\/product\\\/disney-the-nightmare-before-christmas-14-in-lighted-oogie-boogie-decoration\\\/#primaryimage\",\"url\":\"https:\\\/\\\/madabouthorror.co.uk\\\/wp-content\\\/uploads\\\/2024\\\/05\\\/43089703.jpg.avif\",\"contentUrl\":\"https:\\\/\\\/madabouthorror.co.uk\\\/wp-content\\\/uploads\\\/2024\\\/05\\\/43089703.jpg.avif\",\"width\":646,\"height\":646},{\"@type\":\"BreadcrumbList\",\"@id\":\"https:\\\/\\\/madabouthorror.co.uk\\\/product\\\/disney-the-nightmare-before-christmas-14-in-lighted-oogie-boogie-decoration\\\/#breadcrumb\",\"itemListElement\":[{\"@type\":\"ListItem\",\"position\":1,\"name\":\"Shop\",\"item\":\"https:\\\/\\\/madabouthorror.co.uk\\\/shop\\\/\"},{\"@type\":\"ListItem\",\"position\":2,\"name\":\"The Nightmare Before Christmas &#8211; 14&#8243; Fibre Optic Oogie Boogie Ornament\"}]},{\"@type\":\"WebSite\",\"@id\":\"https:\\\/\\\/madabouthorror.co.uk\\\/#website\",\"url\":\"https:\\\/\\\/madabouthorror.co.uk\\\/\",\"name\":\"Mad About Horror\",\"description\":\"\",\"publisher\":{\"@id\":\"https:\\\/\\\/madabouthorror.co.uk\\\/#organization\"},\"alternateName\":\"Mad About Horror Limited\",\"potentialAction\":[{\"@type\":\"SearchAction\",\"target\":{\"@type\":\"EntryPoint\",\"urlTemplate\":\"https:\\\/\\\/madabouthorror.co.uk\\\/?s={search_term_string}\"},\"query-input\":{\"@type\":\"PropertyValueSpecification\",\"valueRequired\":true,\"valueName\":\"search_term_string\"}}],\"inLanguage\":\"fr-FR\"},{\"@type\":\"Organization\",\"@id\":\"https:\\\/\\\/madabouthorror.co.uk\\\/#organization\",\"name\":\"Mad About Horror\",\"url\":\"https:\\\/\\\/madabouthorror.co.uk\\\/\",\"logo\":{\"@type\":\"ImageObject\",\"inLanguage\":\"fr-FR\",\"@id\":\"https:\\\/\\\/madabouthorror.co.uk\\\/#\\\/schema\\\/logo\\\/image\\\/\",\"url\":\"https:\\\/\\\/madabouthorror.co.uk\\\/wp-content\\\/uploads\\\/2024\\\/02\\\/cropped-Logo.png\",\"contentUrl\":\"https:\\\/\\\/madabouthorror.co.uk\\\/wp-content\\\/uploads\\\/2024\\\/02\\\/cropped-Logo.png\",\"width\":240,\"height\":88,\"caption\":\"Mad About Horror\"},\"image\":{\"@id\":\"https:\\\/\\\/madabouthorror.co.uk\\\/#\\\/schema\\\/logo\\\/image\\\/\"},\"sameAs\":[\"https:\\\/\\\/www.facebook.com\\\/madabouthorror\\\/\",\"https:\\\/\\\/www.instagram.com\\\/madabouthorror\\\/\",\"https:\\\/\\\/www.pinterest.co.uk\\\/madabouthorror\\\/\",\"https:\\\/\\\/www.youtube.com\\\/channel\\\/UCBooLOIxjoQ89dj6T5lWm_w\",\"https:\\\/\\\/www.tiktok.com\\\/@weremadabouthorror\"]}]}<\/script>\n<!-- \/ Yoast SEO plugin. -->","yoast_head_json":{"title":"Le cauchemar avant No\u00ebl - Ornement Oogie Boogie 14\" en fibre optique | Mad About Horror","description":"D\u00e9coration Oogie Boogie de Disney sous licence officielle. Boutique d'objets de collection d'horreur et d'accessoires d'Halloween. Le premier sp\u00e9cialiste europ\u00e9en des objets de collection d'horreur.","robots":{"index":"index","follow":"follow","max-snippet":"max-snippet:-1","max-image-preview":"max-image-preview:large","max-video-preview":"max-video-preview:-1"},"canonical":"https:\/\/madabouthorror.co.uk\/fr\/product\/disney-the-nightmare-before-christmas-14-in-lighted-oogie-boogie-decoration\/","og_locale":"fr_FR","og_type":"article","og_title":"The Nightmare Before Christmas - 14\" Fibre Optic Oogie Boogie Ornament | Mad About Horror","og_description":"Officially licensed Disney Oogie Boogie Decoration. Shop Horror collectibles and Halloween props. Europe's leading horror collectibles specialist.","og_url":"https:\/\/madabouthorror.co.uk\/fr\/product\/disney-the-nightmare-before-christmas-14-in-lighted-oogie-boogie-decoration\/","og_site_name":"Mad About Horror","article_publisher":"https:\/\/www.facebook.com\/madabouthorror\/","article_modified_time":"2025-10-25T18:23:19+00:00","twitter_card":"summary_large_image","twitter_misc":{"Dur\u00e9e de lecture estim\u00e9e":"1 minute"},"schema":{"@context":"https:\/\/schema.org","@graph":[{"@type":["WebPage","ItemPage"],"@id":"https:\/\/madabouthorror.co.uk\/product\/disney-the-nightmare-before-christmas-14-in-lighted-oogie-boogie-decoration\/","url":"https:\/\/madabouthorror.co.uk\/product\/disney-the-nightmare-before-christmas-14-in-lighted-oogie-boogie-decoration\/","name":"Le cauchemar avant No\u00ebl - Ornement Oogie Boogie 14\" en fibre optique | Mad About Horror","isPartOf":{"@id":"https:\/\/madabouthorror.co.uk\/#website"},"primaryImageOfPage":{"@id":"https:\/\/madabouthorror.co.uk\/product\/disney-the-nightmare-before-christmas-14-in-lighted-oogie-boogie-decoration\/#primaryimage"},"image":{"@id":"https:\/\/madabouthorror.co.uk\/product\/disney-the-nightmare-before-christmas-14-in-lighted-oogie-boogie-decoration\/#primaryimage"},"thumbnailUrl":"https:\/\/madabouthorror.co.uk\/wp-content\/uploads\/2024\/05\/43089703.jpg.avif","datePublished":"2024-05-15T12:54:20+00:00","dateModified":"2025-10-25T18:23:19+00:00","description":"D\u00e9coration Oogie Boogie de Disney sous licence officielle. Boutique d'objets de collection d'horreur et d'accessoires d'Halloween. Le premier sp\u00e9cialiste europ\u00e9en des objets de collection d'horreur.","breadcrumb":{"@id":"https:\/\/madabouthorror.co.uk\/product\/disney-the-nightmare-before-christmas-14-in-lighted-oogie-boogie-decoration\/#breadcrumb"},"inLanguage":"fr-FR","potentialAction":[{"@type":"ReadAction","target":["https:\/\/madabouthorror.co.uk\/product\/disney-the-nightmare-before-christmas-14-in-lighted-oogie-boogie-decoration\/"]}]},{"@type":"ImageObject","inLanguage":"fr-FR","@id":"https:\/\/madabouthorror.co.uk\/product\/disney-the-nightmare-before-christmas-14-in-lighted-oogie-boogie-decoration\/#primaryimage","url":"https:\/\/madabouthorror.co.uk\/wp-content\/uploads\/2024\/05\/43089703.jpg.avif","contentUrl":"https:\/\/madabouthorror.co.uk\/wp-content\/uploads\/2024\/05\/43089703.jpg.avif","width":646,"height":646},{"@type":"BreadcrumbList","@id":"https:\/\/madabouthorror.co.uk\/product\/disney-the-nightmare-before-christmas-14-in-lighted-oogie-boogie-decoration\/#breadcrumb","itemListElement":[{"@type":"ListItem","position":1,"name":"Shop","item":"https:\/\/madabouthorror.co.uk\/shop\/"},{"@type":"ListItem","position":2,"name":"The Nightmare Before Christmas &#8211; 14&#8243; Fibre Optic Oogie Boogie Ornament"}]},{"@type":"WebSite","@id":"https:\/\/madabouthorror.co.uk\/#website","url":"https:\/\/madabouthorror.co.uk\/","name":"L'horreur en folie","description":"","publisher":{"@id":"https:\/\/madabouthorror.co.uk\/#organization"},"alternateName":"Mad About Horror Limited","potentialAction":[{"@type":"SearchAction","target":{"@type":"EntryPoint","urlTemplate":"https:\/\/madabouthorror.co.uk\/?s={search_term_string}"},"query-input":{"@type":"PropertyValueSpecification","valueRequired":true,"valueName":"search_term_string"}}],"inLanguage":"fr-FR"},{"@type":"Organization","@id":"https:\/\/madabouthorror.co.uk\/#organization","name":"L'horreur en folie","url":"https:\/\/madabouthorror.co.uk\/","logo":{"@type":"ImageObject","inLanguage":"fr-FR","@id":"https:\/\/madabouthorror.co.uk\/#\/schema\/logo\/image\/","url":"https:\/\/madabouthorror.co.uk\/wp-content\/uploads\/2024\/02\/cropped-Logo.png","contentUrl":"https:\/\/madabouthorror.co.uk\/wp-content\/uploads\/2024\/02\/cropped-Logo.png","width":240,"height":88,"caption":"Mad About Horror"},"image":{"@id":"https:\/\/madabouthorror.co.uk\/#\/schema\/logo\/image\/"},"sameAs":["https:\/\/www.facebook.com\/madabouthorror\/","https:\/\/www.instagram.com\/madabouthorror\/","https:\/\/www.pinterest.co.uk\/madabouthorror\/","https:\/\/www.youtube.com\/channel\/UCBooLOIxjoQ89dj6T5lWm_w","https:\/\/www.tiktok.com\/@weremadabouthorror"]}]}},"df_price":46.83,"df_sale_price":"","df_regular_price":46.83,"df_image_link":"https:\/\/madabouthorror.co.uk\/wp-content\/uploads\/2024\/05\/43089703.jpg-300x300.avif","_links":{"self":[{"href":"https:\/\/madabouthorror.co.uk\/fr\/wp-json\/wp\/v2\/product\/485266","targetHints":{"allow":["GET"]}}],"collection":[{"href":"https:\/\/madabouthorror.co.uk\/fr\/wp-json\/wp\/v2\/product"}],"about":[{"href":"https:\/\/madabouthorror.co.uk\/fr\/wp-json\/wp\/v2\/types\/product"}],"replies":[{"embeddable":true,"href":"https:\/\/madabouthorror.co.uk\/fr\/wp-json\/wp\/v2\/comments?post=485266"}],"wp:featuredmedia":[{"embeddable":true,"href":"https:\/\/madabouthorror.co.uk\/fr\/wp-json\/wp\/v2\/media\/485268"}],"wp:attachment":[{"href":"https:\/\/madabouthorror.co.uk\/fr\/wp-json\/wp\/v2\/media?parent=485266"}],"wp:term":[{"taxonomy":"product_brand","embeddable":true,"href":"https:\/\/madabouthorror.co.uk\/fr\/wp-json\/wp\/v2\/product_brand?post=485266"},{"taxonomy":"product_cat","embeddable":true,"href":"https:\/\/madabouthorror.co.uk\/fr\/wp-json\/wp\/v2\/product_cat?post=485266"},{"taxonomy":"product_tag","embeddable":true,"href":"https:\/\/madabouthorror.co.uk\/fr\/wp-json\/wp\/v2\/product_tag?post=485266"}],"curies":[{"name":"wp","href":"https:\/\/api.w.org\/{rel}","templated":true}]}}