{"id":48688,"date":"2026-02-23T13:47:26","date_gmt":"2026-02-23T13:47:26","guid":{"rendered":"https:\/\/mah.6bdv.ws\/product\/night-of-the-living-dead-graveyard-ghoul-mask\/"},"modified":"2026-04-02T09:35:47","modified_gmt":"2026-04-02T08:35:47","slug":"night-of-the-living-dead-graveyard-ghoul-mask","status":"publish","type":"product","link":"https:\/\/madabouthorror.co.uk\/fr\/product\/night-of-the-living-dead-graveyard-ghoul-mask\/","title":{"rendered":"La nuit des morts-vivants - Masque de goule du cimeti\u00e8re"},"content":{"rendered":"<h4>La nuit des morts-vivants - Masque de goule du cimeti\u00e8re&nbsp;<\/h4>\n<p>Sculpt\u00e9e par Conor Deless.<\/p>\n<p>Trick or Treat Studios est fier de pr\u00e9senter le masque officiel de la goule du cimeti\u00e8re du film de zombies classique de George A Romero, La nuit des morts-vivants !<\/p>\n<p>Premier zombie de ce film classique \u00e0 appara\u00eetre \u00e0 l'\u00e9cran, la goule du cimeti\u00e8re, jou\u00e9e par Bill Hinzman, est le masque de zombie par excellence pour toute collection de zombies.<\/p>\n<p>Johnny avait raison... ils viennent te chercher, Barbara ! Commandez d\u00e8s aujourd'hui votre masque de goule de cimeti\u00e8re et partez \u00e0 la recherche de bonbons au cimeti\u00e8re pour Halloween.<\/p>\n<p>&nbsp;<\/p>","protected":false},"excerpt":{"rendered":"<p>Night of the Living Dead - Masque de la goule du cimeti\u00e8re sculpt\u00e9 par Conor Deless. Trick or Treat Studios est fier de pr\u00e9senter le masque officiel de la goule du cimeti\u00e8re du film de zombies classique de George A Romero, La nuit des morts-vivants ! Le premier zombie de ce film classique \u00e0 appara\u00eetre \u00e0 l'\u00e9cran est la goule du cimeti\u00e8re, jou\u00e9e par Bill [...]<\/p>","protected":false},"featured_media":48685,"comment_status":"closed","ping_status":"closed","template":"","meta":{"_acf_changed":false},"product_brand":[],"product_cat":[6580,10100,10038,9962,6541,6588,6792,6813],"product_tag":[],"class_list":{"0":"post-48688","1":"product","2":"type-product","3":"status-publish","4":"has-post-thumbnail","6":"product_cat-movie-tv","7":"product_cat-latex-masks","8":"product_cat-horror-gifts","9":"product_cat-trick-or-treat-studios-masks","10":"product_cat-masks","11":"product_cat-masks-zombies","12":"product_cat-trick-or-treat-studios","13":"product_cat-nightofthelivingdead","15":"first","16":"outofstock","17":"taxable","18":"shipping-taxable","19":"purchasable","20":"product-type-simple"},"supplier_id":467429,"supplier_sku":"CDIT100","barcode":"811501037415","atum_controlled":true,"out_stock_date":"2026-02-23 13:47:29","out_stock_threshold":null,"inheritable":false,"inbound_stock":0,"stock_on_hold":0,"sold_today":0,"sales_last_days":0,"reserved_stock":0,"customer_returns":0,"warehouse_damage":0,"lost_in_post":0,"other_logs":0,"out_stock_days":49,"lost_sales":0,"has_location":false,"update_date":"2026-04-14T01:24:56","atum_locations":[],"atum_stock_status":"outofstock","restock_status":false,"low_stock_amount":0,"sales_update_date":"2026-04-14T01:24:55","calc_backorders":null,"acf":[],"yoast_head":"<!-- This site is optimized with the Yoast SEO plugin v27.4 - https:\/\/yoast.com\/product\/yoast-seo-wordpress\/ -->\n<title>Night of the Living Dead | Graveyard Ghoul Mask | Mad About Horror<\/title>\n<meta name=\"description\" content=\"Night of the Living Dead Graveyard Ghoul mask from Trick or Treat Studios official UK stockist, Mad About Horror. Call 01482 935936\" \/>\n<meta name=\"robots\" content=\"index, follow, max-snippet:-1, max-image-preview:large, max-video-preview:-1\" \/>\n<link rel=\"canonical\" href=\"https:\/\/madabouthorror.co.uk\/fr\/product\/night-of-the-living-dead-graveyard-ghoul-mask\/\" \/>\n<meta property=\"og:locale\" content=\"fr_FR\" \/>\n<meta property=\"og:type\" content=\"article\" \/>\n<meta property=\"og:title\" content=\"Night of the Living Dead | Graveyard Ghoul Mask | Mad About Horror\" \/>\n<meta property=\"og:description\" content=\"Night of the Living Dead Graveyard Ghoul mask from Trick or Treat Studios official UK stockist, Mad About Horror. Call 01482 935936\" \/>\n<meta property=\"og:url\" content=\"https:\/\/madabouthorror.co.uk\/fr\/product\/night-of-the-living-dead-graveyard-ghoul-mask\/\" \/>\n<meta property=\"og:site_name\" content=\"Mad About Horror\" \/>\n<meta property=\"article:publisher\" content=\"https:\/\/www.facebook.com\/madabouthorror\/\" \/>\n<meta property=\"article:modified_time\" content=\"2026-04-02T08:35:47+00:00\" \/>\n<meta property=\"og:image\" content=\"https:\/\/madabouthorror.co.uk\/wp-content\/uploads\/2021\/06\/night_of_the_living_dead_graveyard_ghoul_tots_1.jpg\" \/>\n\t<meta property=\"og:image:width\" content=\"670\" \/>\n\t<meta property=\"og:image:height\" content=\"670\" \/>\n\t<meta property=\"og:image:type\" content=\"image\/jpeg\" \/>\n<meta name=\"twitter:card\" content=\"summary_large_image\" \/>\n<script type=\"application\/ld+json\" class=\"yoast-schema-graph\">{\"@context\":\"https:\\\/\\\/schema.org\",\"@graph\":[{\"@type\":[\"WebPage\",\"ItemPage\"],\"@id\":\"https:\\\/\\\/madabouthorror.co.uk\\\/product\\\/night-of-the-living-dead-graveyard-ghoul-mask\\\/\",\"url\":\"https:\\\/\\\/madabouthorror.co.uk\\\/product\\\/night-of-the-living-dead-graveyard-ghoul-mask\\\/\",\"name\":\"Night of the Living Dead | Graveyard Ghoul Mask | Mad About Horror\",\"isPartOf\":{\"@id\":\"https:\\\/\\\/madabouthorror.co.uk\\\/#website\"},\"primaryImageOfPage\":{\"@id\":\"https:\\\/\\\/madabouthorror.co.uk\\\/product\\\/night-of-the-living-dead-graveyard-ghoul-mask\\\/#primaryimage\"},\"image\":{\"@id\":\"https:\\\/\\\/madabouthorror.co.uk\\\/product\\\/night-of-the-living-dead-graveyard-ghoul-mask\\\/#primaryimage\"},\"thumbnailUrl\":\"https:\\\/\\\/madabouthorror.co.uk\\\/wp-content\\\/uploads\\\/2021\\\/06\\\/night_of_the_living_dead_graveyard_ghoul_tots_1.jpg\",\"datePublished\":\"2026-02-23T13:47:26+00:00\",\"dateModified\":\"2026-04-02T08:35:47+00:00\",\"description\":\"Night of the Living Dead Graveyard Ghoul mask from Trick or Treat Studios official UK stockist, Mad About Horror. Call 01482 935936\",\"breadcrumb\":{\"@id\":\"https:\\\/\\\/madabouthorror.co.uk\\\/product\\\/night-of-the-living-dead-graveyard-ghoul-mask\\\/#breadcrumb\"},\"inLanguage\":\"fr-FR\",\"potentialAction\":[{\"@type\":\"ReadAction\",\"target\":[\"https:\\\/\\\/madabouthorror.co.uk\\\/product\\\/night-of-the-living-dead-graveyard-ghoul-mask\\\/\"]}]},{\"@type\":\"ImageObject\",\"inLanguage\":\"fr-FR\",\"@id\":\"https:\\\/\\\/madabouthorror.co.uk\\\/product\\\/night-of-the-living-dead-graveyard-ghoul-mask\\\/#primaryimage\",\"url\":\"https:\\\/\\\/madabouthorror.co.uk\\\/wp-content\\\/uploads\\\/2021\\\/06\\\/night_of_the_living_dead_graveyard_ghoul_tots_1.jpg\",\"contentUrl\":\"https:\\\/\\\/madabouthorror.co.uk\\\/wp-content\\\/uploads\\\/2021\\\/06\\\/night_of_the_living_dead_graveyard_ghoul_tots_1.jpg\",\"width\":670,\"height\":670,\"caption\":\"Night of the Living Dead - Graveyard Ghoul Mask-0\"},{\"@type\":\"BreadcrumbList\",\"@id\":\"https:\\\/\\\/madabouthorror.co.uk\\\/product\\\/night-of-the-living-dead-graveyard-ghoul-mask\\\/#breadcrumb\",\"itemListElement\":[{\"@type\":\"ListItem\",\"position\":1,\"name\":\"Shop\",\"item\":\"https:\\\/\\\/madabouthorror.co.uk\\\/shop\\\/\"},{\"@type\":\"ListItem\",\"position\":2,\"name\":\"Night of the Living Dead &#8211; Graveyard Ghoul Mask\"}]},{\"@type\":\"WebSite\",\"@id\":\"https:\\\/\\\/madabouthorror.co.uk\\\/#website\",\"url\":\"https:\\\/\\\/madabouthorror.co.uk\\\/\",\"name\":\"Mad About Horror\",\"description\":\"\",\"publisher\":{\"@id\":\"https:\\\/\\\/madabouthorror.co.uk\\\/#organization\"},\"alternateName\":\"Mad About Horror Limited\",\"potentialAction\":[{\"@type\":\"SearchAction\",\"target\":{\"@type\":\"EntryPoint\",\"urlTemplate\":\"https:\\\/\\\/madabouthorror.co.uk\\\/?s={search_term_string}\"},\"query-input\":{\"@type\":\"PropertyValueSpecification\",\"valueRequired\":true,\"valueName\":\"search_term_string\"}}],\"inLanguage\":\"fr-FR\"},{\"@type\":\"Organization\",\"@id\":\"https:\\\/\\\/madabouthorror.co.uk\\\/#organization\",\"name\":\"Mad About Horror\",\"url\":\"https:\\\/\\\/madabouthorror.co.uk\\\/\",\"logo\":{\"@type\":\"ImageObject\",\"inLanguage\":\"fr-FR\",\"@id\":\"https:\\\/\\\/madabouthorror.co.uk\\\/#\\\/schema\\\/logo\\\/image\\\/\",\"url\":\"https:\\\/\\\/madabouthorror.co.uk\\\/wp-content\\\/uploads\\\/2024\\\/02\\\/cropped-Logo.png\",\"contentUrl\":\"https:\\\/\\\/madabouthorror.co.uk\\\/wp-content\\\/uploads\\\/2024\\\/02\\\/cropped-Logo.png\",\"width\":240,\"height\":88,\"caption\":\"Mad About Horror\"},\"image\":{\"@id\":\"https:\\\/\\\/madabouthorror.co.uk\\\/#\\\/schema\\\/logo\\\/image\\\/\"},\"sameAs\":[\"https:\\\/\\\/www.facebook.com\\\/madabouthorror\\\/\",\"https:\\\/\\\/www.instagram.com\\\/madabouthorror\\\/\",\"https:\\\/\\\/www.pinterest.co.uk\\\/madabouthorror\\\/\",\"https:\\\/\\\/www.youtube.com\\\/channel\\\/UCBooLOIxjoQ89dj6T5lWm_w\",\"https:\\\/\\\/www.tiktok.com\\\/@weremadabouthorror\"]}]}<\/script>\n<!-- \/ Yoast SEO plugin. -->","yoast_head_json":{"title":"Masque de goule du cimeti\u00e8re - La nuit des morts-vivants | Mad About Horror","description":"Masque de goule de cimeti\u00e8re de la Nuit des morts-vivants de Trick or Treat Studios, distributeur officiel au Royaume-Uni, Mad About Horror. Appelez le 01482 935936","robots":{"index":"index","follow":"follow","max-snippet":"max-snippet:-1","max-image-preview":"max-image-preview:large","max-video-preview":"max-video-preview:-1"},"canonical":"https:\/\/madabouthorror.co.uk\/fr\/product\/night-of-the-living-dead-graveyard-ghoul-mask\/","og_locale":"fr_FR","og_type":"article","og_title":"Night of the Living Dead | Graveyard Ghoul Mask | Mad About Horror","og_description":"Night of the Living Dead Graveyard Ghoul mask from Trick or Treat Studios official UK stockist, Mad About Horror. Call 01482 935936","og_url":"https:\/\/madabouthorror.co.uk\/fr\/product\/night-of-the-living-dead-graveyard-ghoul-mask\/","og_site_name":"Mad About Horror","article_publisher":"https:\/\/www.facebook.com\/madabouthorror\/","article_modified_time":"2026-04-02T08:35:47+00:00","og_image":[{"width":670,"height":670,"url":"https:\/\/madabouthorror.co.uk\/wp-content\/uploads\/2021\/06\/night_of_the_living_dead_graveyard_ghoul_tots_1.jpg","type":"image\/jpeg"}],"twitter_card":"summary_large_image","schema":{"@context":"https:\/\/schema.org","@graph":[{"@type":["WebPage","ItemPage"],"@id":"https:\/\/madabouthorror.co.uk\/product\/night-of-the-living-dead-graveyard-ghoul-mask\/","url":"https:\/\/madabouthorror.co.uk\/product\/night-of-the-living-dead-graveyard-ghoul-mask\/","name":"Masque de goule du cimeti\u00e8re - La nuit des morts-vivants | Mad About Horror","isPartOf":{"@id":"https:\/\/madabouthorror.co.uk\/#website"},"primaryImageOfPage":{"@id":"https:\/\/madabouthorror.co.uk\/product\/night-of-the-living-dead-graveyard-ghoul-mask\/#primaryimage"},"image":{"@id":"https:\/\/madabouthorror.co.uk\/product\/night-of-the-living-dead-graveyard-ghoul-mask\/#primaryimage"},"thumbnailUrl":"https:\/\/madabouthorror.co.uk\/wp-content\/uploads\/2021\/06\/night_of_the_living_dead_graveyard_ghoul_tots_1.jpg","datePublished":"2026-02-23T13:47:26+00:00","dateModified":"2026-04-02T08:35:47+00:00","description":"Masque de goule de cimeti\u00e8re de la Nuit des morts-vivants de Trick or Treat Studios, distributeur officiel au Royaume-Uni, Mad About Horror. Appelez le 01482 935936","breadcrumb":{"@id":"https:\/\/madabouthorror.co.uk\/product\/night-of-the-living-dead-graveyard-ghoul-mask\/#breadcrumb"},"inLanguage":"fr-FR","potentialAction":[{"@type":"ReadAction","target":["https:\/\/madabouthorror.co.uk\/product\/night-of-the-living-dead-graveyard-ghoul-mask\/"]}]},{"@type":"ImageObject","inLanguage":"fr-FR","@id":"https:\/\/madabouthorror.co.uk\/product\/night-of-the-living-dead-graveyard-ghoul-mask\/#primaryimage","url":"https:\/\/madabouthorror.co.uk\/wp-content\/uploads\/2021\/06\/night_of_the_living_dead_graveyard_ghoul_tots_1.jpg","contentUrl":"https:\/\/madabouthorror.co.uk\/wp-content\/uploads\/2021\/06\/night_of_the_living_dead_graveyard_ghoul_tots_1.jpg","width":670,"height":670,"caption":"Night of the Living Dead - Graveyard Ghoul Mask-0"},{"@type":"BreadcrumbList","@id":"https:\/\/madabouthorror.co.uk\/product\/night-of-the-living-dead-graveyard-ghoul-mask\/#breadcrumb","itemListElement":[{"@type":"ListItem","position":1,"name":"Shop","item":"https:\/\/madabouthorror.co.uk\/shop\/"},{"@type":"ListItem","position":2,"name":"Night of the Living Dead &#8211; Graveyard Ghoul Mask"}]},{"@type":"WebSite","@id":"https:\/\/madabouthorror.co.uk\/#website","url":"https:\/\/madabouthorror.co.uk\/","name":"L'horreur en folie","description":"","publisher":{"@id":"https:\/\/madabouthorror.co.uk\/#organization"},"alternateName":"Mad About Horror Limited","potentialAction":[{"@type":"SearchAction","target":{"@type":"EntryPoint","urlTemplate":"https:\/\/madabouthorror.co.uk\/?s={search_term_string}"},"query-input":{"@type":"PropertyValueSpecification","valueRequired":true,"valueName":"search_term_string"}}],"inLanguage":"fr-FR"},{"@type":"Organization","@id":"https:\/\/madabouthorror.co.uk\/#organization","name":"L'horreur en folie","url":"https:\/\/madabouthorror.co.uk\/","logo":{"@type":"ImageObject","inLanguage":"fr-FR","@id":"https:\/\/madabouthorror.co.uk\/#\/schema\/logo\/image\/","url":"https:\/\/madabouthorror.co.uk\/wp-content\/uploads\/2024\/02\/cropped-Logo.png","contentUrl":"https:\/\/madabouthorror.co.uk\/wp-content\/uploads\/2024\/02\/cropped-Logo.png","width":240,"height":88,"caption":"Mad About Horror"},"image":{"@id":"https:\/\/madabouthorror.co.uk\/#\/schema\/logo\/image\/"},"sameAs":["https:\/\/www.facebook.com\/madabouthorror\/","https:\/\/www.instagram.com\/madabouthorror\/","https:\/\/www.pinterest.co.uk\/madabouthorror\/","https:\/\/www.youtube.com\/channel\/UCBooLOIxjoQ89dj6T5lWm_w","https:\/\/www.tiktok.com\/@weremadabouthorror"]}]}},"df_price":67.66,"df_sale_price":"","df_regular_price":67.66,"df_image_link":"https:\/\/madabouthorror.co.uk\/wp-content\/uploads\/2021\/06\/night_of_the_living_dead_graveyard_ghoul_tots_1-300x300.jpg","_links":{"self":[{"href":"https:\/\/madabouthorror.co.uk\/fr\/wp-json\/wp\/v2\/product\/48688","targetHints":{"allow":["GET"]}}],"collection":[{"href":"https:\/\/madabouthorror.co.uk\/fr\/wp-json\/wp\/v2\/product"}],"about":[{"href":"https:\/\/madabouthorror.co.uk\/fr\/wp-json\/wp\/v2\/types\/product"}],"replies":[{"embeddable":true,"href":"https:\/\/madabouthorror.co.uk\/fr\/wp-json\/wp\/v2\/comments?post=48688"}],"wp:featuredmedia":[{"embeddable":true,"href":"https:\/\/madabouthorror.co.uk\/fr\/wp-json\/wp\/v2\/media\/48685"}],"wp:attachment":[{"href":"https:\/\/madabouthorror.co.uk\/fr\/wp-json\/wp\/v2\/media?parent=48688"}],"wp:term":[{"taxonomy":"product_brand","embeddable":true,"href":"https:\/\/madabouthorror.co.uk\/fr\/wp-json\/wp\/v2\/product_brand?post=48688"},{"taxonomy":"product_cat","embeddable":true,"href":"https:\/\/madabouthorror.co.uk\/fr\/wp-json\/wp\/v2\/product_cat?post=48688"},{"taxonomy":"product_tag","embeddable":true,"href":"https:\/\/madabouthorror.co.uk\/fr\/wp-json\/wp\/v2\/product_tag?post=48688"}],"curies":[{"name":"wp","href":"https:\/\/api.w.org\/{rel}","templated":true}]}}