{"id":48853,"date":"2021-07-12T13:07:45","date_gmt":"2021-07-12T12:07:45","guid":{"rendered":"https:\/\/mah.6bdv.ws\/product\/glynn-mckay-pro-blood-1-litre\/"},"modified":"2025-10-21T18:47:18","modified_gmt":"2025-10-21T17:47:18","slug":"glynn-mckay-pro-blood-1-litre","status":"publish","type":"product","link":"https:\/\/madabouthorror.co.uk\/fr\/product\/glynn-mckay-pro-blood-1-litre\/","title":{"rendered":"Glynn McKay - Pro Blood 1 Litre"},"content":{"rendered":"<p>Sang artificiel non tachant, 100% r\u00e9aliste. Peut \u00eatre port\u00e9 \u00e0 la bouche, mais ne doit pas \u00eatre utilis\u00e9 dans les yeux.<\/p>\n<p>Disponible en version originale et fonc\u00e9e. De pr\u00e8s, l'original simule le sang art\u00e9riel et le sombre est parfait pour reproduire le sang veineux. Pour les films et les sc\u00e8nes de th\u00e9\u00e2tre, tenez compte des effets d'\u00e9clairage.<\/p>\n<p>Lavable (si le tissu le permet), mais ne faites pas tremper le v\u00eatement avant de le laver, car cela pourrait affecter le processus d'\u00e9limination de la teinture. Nous vous recommandons d'effectuer un test \u00e9picutan\u00e9 \u00e0 l'avance si vous pr\u00e9voyez une utilisation intensive.<\/p>\n<p>Problood\u00ae a fait l'objet d'un contr\u00f4le m\u00e9dical pour garantir son r\u00e9alisme et a fait ses preuves en mati\u00e8re d'enregistrement \u00e0 la t\u00e9l\u00e9vision et au cin\u00e9ma. Ce sang est tr\u00e8s appr\u00e9ci\u00e9 des maquilleurs de t\u00e9l\u00e9vision pour la simulation de victimes et est largement utilis\u00e9 sur sc\u00e8ne, y compris en grandes quantit\u00e9s lorsque cela est n\u00e9cessaire.<\/p>\n<p>Contient de l'alcool - tenir hors de port\u00e9e des jeunes enfants.<\/p>","protected":false},"excerpt":{"rendered":"<p>Sang artificiel non tachant, 100% r\u00e9aliste. Peut \u00eatre port\u00e9 \u00e0 la bouche mais ne doit pas \u00eatre utilis\u00e9 dans les yeux. Disponible en version originale et fonc\u00e9e. De pr\u00e8s, l'original simule le sang art\u00e9riel et le sombre est parfait pour reproduire le sang veineux. Pour les films et les sc\u00e8nes de th\u00e9\u00e2tre, tenez compte des effets d'\u00e9clairage. Lavable (si le tissu le permet), mais ne trempez pas le [...]<\/p>","protected":false},"featured_media":48851,"comment_status":"closed","ping_status":"closed","template":"","meta":{"_acf_changed":false},"product_brand":[],"product_cat":[6595,6552,6543,6827],"product_tag":[],"class_list":{"0":"post-48853","1":"product","2":"type-product","3":"status-publish","4":"has-post-thumbnail","6":"product_cat-blood-prosthetics","7":"product_cat-accessories","8":"product_cat-professional","9":"product_cat-pro-range-accessories","10":"pa_blood-original","11":"pa_blood-dark","12":"pa_brand-other","13":"pa_character-other","14":"pa_google_tax-ba-artsentertainmenthobbiescr","16":"first","17":"instock","18":"taxable","19":"shipping-taxable","20":"purchasable","21":"product-type-variable"},"supplier_id":467456,"supplier_sku":"","barcode":"","atum_controlled":true,"out_stock_date":null,"out_stock_threshold":null,"inheritable":true,"inbound_stock":0,"stock_on_hold":0,"sold_today":0,"sales_last_days":0,"reserved_stock":0,"customer_returns":0,"warehouse_damage":0,"lost_in_post":0,"other_logs":0,"out_stock_days":0,"lost_sales":0,"has_location":false,"update_date":"2026-04-21T00:30:40","atum_locations":[],"atum_stock_status":"instock","restock_status":false,"low_stock_amount":"","sales_update_date":"2026-04-21T00:30:39","calc_backorders":null,"acf":[],"yoast_head":"<!-- This site is optimized with the Yoast SEO plugin v27.4 - https:\/\/yoast.com\/product\/yoast-seo-wordpress\/ -->\n<title>Glynn Mckay - Pro Blood 1 Litre - Fake Blood<\/title>\n<meta name=\"description\" content=\"Glynn Mckay Fake Blood - Professional Use Blood available in original &amp; dark. For film, TV, scare attractions, events.\" \/>\n<meta name=\"robots\" content=\"index, follow, max-snippet:-1, max-image-preview:large, max-video-preview:-1\" \/>\n<link rel=\"canonical\" href=\"https:\/\/madabouthorror.co.uk\/fr\/product\/glynn-mckay-pro-blood-1-litre\/\" \/>\n<meta property=\"og:locale\" content=\"fr_FR\" \/>\n<meta property=\"og:type\" content=\"article\" \/>\n<meta property=\"og:title\" content=\"Glynn Mckay - Pro Blood 1 Litre - Fake Blood\" \/>\n<meta property=\"og:description\" content=\"Glynn Mckay Fake Blood - Professional Use Blood available in original &amp; dark. For film, TV, scare attractions, events.\" \/>\n<meta property=\"og:url\" content=\"https:\/\/madabouthorror.co.uk\/fr\/product\/glynn-mckay-pro-blood-1-litre\/\" \/>\n<meta property=\"og:site_name\" content=\"Mad About Horror\" \/>\n<meta property=\"article:publisher\" content=\"https:\/\/www.facebook.com\/madabouthorror\/\" \/>\n<meta property=\"article:modified_time\" content=\"2025-10-21T17:47:18+00:00\" \/>\n<meta property=\"og:image\" content=\"https:\/\/madabouthorror.co.uk\/wp-content\/uploads\/2021\/07\/glynn_mckay_pro_blood_1_litre.jpg\" \/>\n\t<meta property=\"og:image:width\" content=\"670\" \/>\n\t<meta property=\"og:image:height\" content=\"670\" \/>\n\t<meta property=\"og:image:type\" content=\"image\/jpeg\" \/>\n<meta name=\"twitter:card\" content=\"summary_large_image\" \/>\n<meta name=\"twitter:label1\" content=\"Dur\u00e9e de lecture estim\u00e9e\" \/>\n\t<meta name=\"twitter:data1\" content=\"1 minute\" \/>\n<script type=\"application\/ld+json\" class=\"yoast-schema-graph\">{\"@context\":\"https:\\\/\\\/schema.org\",\"@graph\":[{\"@type\":[\"WebPage\",\"ItemPage\"],\"@id\":\"https:\\\/\\\/madabouthorror.co.uk\\\/product\\\/glynn-mckay-pro-blood-1-litre\\\/\",\"url\":\"https:\\\/\\\/madabouthorror.co.uk\\\/product\\\/glynn-mckay-pro-blood-1-litre\\\/\",\"name\":\"Glynn Mckay - Pro Blood 1 Litre - Fake Blood\",\"isPartOf\":{\"@id\":\"https:\\\/\\\/madabouthorror.co.uk\\\/#website\"},\"primaryImageOfPage\":{\"@id\":\"https:\\\/\\\/madabouthorror.co.uk\\\/product\\\/glynn-mckay-pro-blood-1-litre\\\/#primaryimage\"},\"image\":{\"@id\":\"https:\\\/\\\/madabouthorror.co.uk\\\/product\\\/glynn-mckay-pro-blood-1-litre\\\/#primaryimage\"},\"thumbnailUrl\":\"https:\\\/\\\/madabouthorror.co.uk\\\/wp-content\\\/uploads\\\/2021\\\/07\\\/glynn_mckay_pro_blood_1_litre.jpg\",\"datePublished\":\"2021-07-12T12:07:45+00:00\",\"dateModified\":\"2025-10-21T17:47:18+00:00\",\"description\":\"Glynn Mckay Fake Blood - Professional Use Blood available in original & dark. For film, TV, scare attractions, events.\",\"breadcrumb\":{\"@id\":\"https:\\\/\\\/madabouthorror.co.uk\\\/product\\\/glynn-mckay-pro-blood-1-litre\\\/#breadcrumb\"},\"inLanguage\":\"fr-FR\",\"potentialAction\":[{\"@type\":\"ReadAction\",\"target\":[\"https:\\\/\\\/madabouthorror.co.uk\\\/product\\\/glynn-mckay-pro-blood-1-litre\\\/\"]}]},{\"@type\":\"ImageObject\",\"inLanguage\":\"fr-FR\",\"@id\":\"https:\\\/\\\/madabouthorror.co.uk\\\/product\\\/glynn-mckay-pro-blood-1-litre\\\/#primaryimage\",\"url\":\"https:\\\/\\\/madabouthorror.co.uk\\\/wp-content\\\/uploads\\\/2021\\\/07\\\/glynn_mckay_pro_blood_1_litre.jpg\",\"contentUrl\":\"https:\\\/\\\/madabouthorror.co.uk\\\/wp-content\\\/uploads\\\/2021\\\/07\\\/glynn_mckay_pro_blood_1_litre.jpg\",\"width\":670,\"height\":670,\"caption\":\"Glynn McKay - Pro Blood 1 Litre-0\"},{\"@type\":\"BreadcrumbList\",\"@id\":\"https:\\\/\\\/madabouthorror.co.uk\\\/product\\\/glynn-mckay-pro-blood-1-litre\\\/#breadcrumb\",\"itemListElement\":[{\"@type\":\"ListItem\",\"position\":1,\"name\":\"Shop\",\"item\":\"https:\\\/\\\/madabouthorror.co.uk\\\/shop\\\/\"},{\"@type\":\"ListItem\",\"position\":2,\"name\":\"Glynn McKay &#8211; Pro Blood 1 Litre\"}]},{\"@type\":\"WebSite\",\"@id\":\"https:\\\/\\\/madabouthorror.co.uk\\\/#website\",\"url\":\"https:\\\/\\\/madabouthorror.co.uk\\\/\",\"name\":\"Mad About Horror\",\"description\":\"\",\"publisher\":{\"@id\":\"https:\\\/\\\/madabouthorror.co.uk\\\/#organization\"},\"alternateName\":\"Mad About Horror Limited\",\"potentialAction\":[{\"@type\":\"SearchAction\",\"target\":{\"@type\":\"EntryPoint\",\"urlTemplate\":\"https:\\\/\\\/madabouthorror.co.uk\\\/?s={search_term_string}\"},\"query-input\":{\"@type\":\"PropertyValueSpecification\",\"valueRequired\":true,\"valueName\":\"search_term_string\"}}],\"inLanguage\":\"fr-FR\"},{\"@type\":\"Organization\",\"@id\":\"https:\\\/\\\/madabouthorror.co.uk\\\/#organization\",\"name\":\"Mad About Horror\",\"url\":\"https:\\\/\\\/madabouthorror.co.uk\\\/\",\"logo\":{\"@type\":\"ImageObject\",\"inLanguage\":\"fr-FR\",\"@id\":\"https:\\\/\\\/madabouthorror.co.uk\\\/#\\\/schema\\\/logo\\\/image\\\/\",\"url\":\"https:\\\/\\\/madabouthorror.co.uk\\\/wp-content\\\/uploads\\\/2024\\\/02\\\/cropped-Logo.png\",\"contentUrl\":\"https:\\\/\\\/madabouthorror.co.uk\\\/wp-content\\\/uploads\\\/2024\\\/02\\\/cropped-Logo.png\",\"width\":240,\"height\":88,\"caption\":\"Mad About Horror\"},\"image\":{\"@id\":\"https:\\\/\\\/madabouthorror.co.uk\\\/#\\\/schema\\\/logo\\\/image\\\/\"},\"sameAs\":[\"https:\\\/\\\/www.facebook.com\\\/madabouthorror\\\/\",\"https:\\\/\\\/www.instagram.com\\\/madabouthorror\\\/\",\"https:\\\/\\\/www.pinterest.co.uk\\\/madabouthorror\\\/\",\"https:\\\/\\\/www.youtube.com\\\/channel\\\/UCBooLOIxjoQ89dj6T5lWm_w\",\"https:\\\/\\\/www.tiktok.com\\\/@weremadabouthorror\"]}]}<\/script>\n<!-- \/ Yoast SEO plugin. -->","yoast_head_json":{"title":"Glynn Mckay - Pro Blood 1 Litre - Fake Blood","description":"Glynn Mckay Fake Blood - Sang \u00e0 usage professionnel disponible en version originale et fonc\u00e9e. Pour le cin\u00e9ma, la t\u00e9l\u00e9vision, les attractions d'\u00e9pouvante, les \u00e9v\u00e9nements.","robots":{"index":"index","follow":"follow","max-snippet":"max-snippet:-1","max-image-preview":"max-image-preview:large","max-video-preview":"max-video-preview:-1"},"canonical":"https:\/\/madabouthorror.co.uk\/fr\/product\/glynn-mckay-pro-blood-1-litre\/","og_locale":"fr_FR","og_type":"article","og_title":"Glynn Mckay - Pro Blood 1 Litre - Fake Blood","og_description":"Glynn Mckay Fake Blood - Professional Use Blood available in original & dark. For film, TV, scare attractions, events.","og_url":"https:\/\/madabouthorror.co.uk\/fr\/product\/glynn-mckay-pro-blood-1-litre\/","og_site_name":"Mad About Horror","article_publisher":"https:\/\/www.facebook.com\/madabouthorror\/","article_modified_time":"2025-10-21T17:47:18+00:00","og_image":[{"width":670,"height":670,"url":"https:\/\/madabouthorror.co.uk\/wp-content\/uploads\/2021\/07\/glynn_mckay_pro_blood_1_litre.jpg","type":"image\/jpeg"}],"twitter_card":"summary_large_image","twitter_misc":{"Dur\u00e9e de lecture estim\u00e9e":"1 minute"},"schema":{"@context":"https:\/\/schema.org","@graph":[{"@type":["WebPage","ItemPage"],"@id":"https:\/\/madabouthorror.co.uk\/product\/glynn-mckay-pro-blood-1-litre\/","url":"https:\/\/madabouthorror.co.uk\/product\/glynn-mckay-pro-blood-1-litre\/","name":"Glynn Mckay - Pro Blood 1 Litre - Fake Blood","isPartOf":{"@id":"https:\/\/madabouthorror.co.uk\/#website"},"primaryImageOfPage":{"@id":"https:\/\/madabouthorror.co.uk\/product\/glynn-mckay-pro-blood-1-litre\/#primaryimage"},"image":{"@id":"https:\/\/madabouthorror.co.uk\/product\/glynn-mckay-pro-blood-1-litre\/#primaryimage"},"thumbnailUrl":"https:\/\/madabouthorror.co.uk\/wp-content\/uploads\/2021\/07\/glynn_mckay_pro_blood_1_litre.jpg","datePublished":"2021-07-12T12:07:45+00:00","dateModified":"2025-10-21T17:47:18+00:00","description":"Glynn Mckay Fake Blood - Sang \u00e0 usage professionnel disponible en version originale et fonc\u00e9e. Pour le cin\u00e9ma, la t\u00e9l\u00e9vision, les attractions d'\u00e9pouvante, les \u00e9v\u00e9nements.","breadcrumb":{"@id":"https:\/\/madabouthorror.co.uk\/product\/glynn-mckay-pro-blood-1-litre\/#breadcrumb"},"inLanguage":"fr-FR","potentialAction":[{"@type":"ReadAction","target":["https:\/\/madabouthorror.co.uk\/product\/glynn-mckay-pro-blood-1-litre\/"]}]},{"@type":"ImageObject","inLanguage":"fr-FR","@id":"https:\/\/madabouthorror.co.uk\/product\/glynn-mckay-pro-blood-1-litre\/#primaryimage","url":"https:\/\/madabouthorror.co.uk\/wp-content\/uploads\/2021\/07\/glynn_mckay_pro_blood_1_litre.jpg","contentUrl":"https:\/\/madabouthorror.co.uk\/wp-content\/uploads\/2021\/07\/glynn_mckay_pro_blood_1_litre.jpg","width":670,"height":670,"caption":"Glynn McKay - Pro Blood 1 Litre-0"},{"@type":"BreadcrumbList","@id":"https:\/\/madabouthorror.co.uk\/product\/glynn-mckay-pro-blood-1-litre\/#breadcrumb","itemListElement":[{"@type":"ListItem","position":1,"name":"Shop","item":"https:\/\/madabouthorror.co.uk\/shop\/"},{"@type":"ListItem","position":2,"name":"Glynn McKay &#8211; Pro Blood 1 Litre"}]},{"@type":"WebSite","@id":"https:\/\/madabouthorror.co.uk\/#website","url":"https:\/\/madabouthorror.co.uk\/","name":"L'horreur en folie","description":"","publisher":{"@id":"https:\/\/madabouthorror.co.uk\/#organization"},"alternateName":"Mad About Horror Limited","potentialAction":[{"@type":"SearchAction","target":{"@type":"EntryPoint","urlTemplate":"https:\/\/madabouthorror.co.uk\/?s={search_term_string}"},"query-input":{"@type":"PropertyValueSpecification","valueRequired":true,"valueName":"search_term_string"}}],"inLanguage":"fr-FR"},{"@type":"Organization","@id":"https:\/\/madabouthorror.co.uk\/#organization","name":"L'horreur en folie","url":"https:\/\/madabouthorror.co.uk\/","logo":{"@type":"ImageObject","inLanguage":"fr-FR","@id":"https:\/\/madabouthorror.co.uk\/#\/schema\/logo\/image\/","url":"https:\/\/madabouthorror.co.uk\/wp-content\/uploads\/2024\/02\/cropped-Logo.png","contentUrl":"https:\/\/madabouthorror.co.uk\/wp-content\/uploads\/2024\/02\/cropped-Logo.png","width":240,"height":88,"caption":"Mad About Horror"},"image":{"@id":"https:\/\/madabouthorror.co.uk\/#\/schema\/logo\/image\/"},"sameAs":["https:\/\/www.facebook.com\/madabouthorror\/","https:\/\/www.instagram.com\/madabouthorror\/","https:\/\/www.pinterest.co.uk\/madabouthorror\/","https:\/\/www.youtube.com\/channel\/UCBooLOIxjoQ89dj6T5lWm_w","https:\/\/www.tiktok.com\/@weremadabouthorror"]}]}},"df_price":56.2,"df_sale_price":"","df_regular_price":56.2,"df_image_link":"https:\/\/madabouthorror.co.uk\/wp-content\/uploads\/2021\/07\/glynn_mckay_pro_blood_1_litre-300x300.jpg","_links":{"self":[{"href":"https:\/\/madabouthorror.co.uk\/fr\/wp-json\/wp\/v2\/product\/48853","targetHints":{"allow":["GET"]}}],"collection":[{"href":"https:\/\/madabouthorror.co.uk\/fr\/wp-json\/wp\/v2\/product"}],"about":[{"href":"https:\/\/madabouthorror.co.uk\/fr\/wp-json\/wp\/v2\/types\/product"}],"replies":[{"embeddable":true,"href":"https:\/\/madabouthorror.co.uk\/fr\/wp-json\/wp\/v2\/comments?post=48853"}],"wp:featuredmedia":[{"embeddable":true,"href":"https:\/\/madabouthorror.co.uk\/fr\/wp-json\/wp\/v2\/media\/48851"}],"wp:attachment":[{"href":"https:\/\/madabouthorror.co.uk\/fr\/wp-json\/wp\/v2\/media?parent=48853"}],"wp:term":[{"taxonomy":"product_brand","embeddable":true,"href":"https:\/\/madabouthorror.co.uk\/fr\/wp-json\/wp\/v2\/product_brand?post=48853"},{"taxonomy":"product_cat","embeddable":true,"href":"https:\/\/madabouthorror.co.uk\/fr\/wp-json\/wp\/v2\/product_cat?post=48853"},{"taxonomy":"product_tag","embeddable":true,"href":"https:\/\/madabouthorror.co.uk\/fr\/wp-json\/wp\/v2\/product_tag?post=48853"}],"curies":[{"name":"wp","href":"https:\/\/api.w.org\/{rel}","templated":true}]}}