{"id":488802,"date":"2024-06-26T11:23:47","date_gmt":"2024-06-26T10:23:47","guid":{"rendered":"https:\/\/madabouthorror.co.uk\/?post_type=product&#038;p=488802"},"modified":"2026-04-03T19:03:42","modified_gmt":"2026-04-03T18:03:42","slug":"neca-nightmare-on-elm-street-freddys-furnace-7-inch-scale-diorama","status":"publish","type":"product","link":"https:\/\/madabouthorror.co.uk\/fr\/product\/neca-nightmare-on-elm-street-freddys-furnace-7-inch-scale-diorama\/","title":{"rendered":"NECA Nightmare On Elm Street Freddy's Furnace 7\u2033 Scale Diorama"},"content":{"rendered":"<div class=\"page\" title=\"Page 1\">\n<div class=\"section\">\n<div class=\"layoutArea\">\n<div class=\"column\">\n<div class=\"flex flex-grow flex-col max-w-full\">\n<div class=\"min-h-[20px] text-message flex flex-col items-start whitespace-pre-wrap break-words [.text-message+&amp;]:mt-5 juice:w-full juice:items-end overflow-x-auto gap-2\" dir=\"auto\" data-message-author-role=\"assistant\" data-message-id=\"59018ae3-75c4-403d-bb88-5e1f85a6831f\">\n<div class=\"flex w-full flex-col gap-1 juice:empty:hidden juice:first:pt-[3px]\">\n<div class=\"markdown prose w-full break-words dark:prose-invert dark\">\n<p>Cr\u00e9ez de superbes dioramas avec cette incroyable r\u00e9plique du four de Freddy des films Nightmare on Elm Street ! Cette pi\u00e8ce sinistre refl\u00e8te sa version \u00e0 l'\u00e9cran dans les moindres d\u00e9tails, avec une porte \u00e0 charni\u00e8re et des intemp\u00e9ries authentiques. NECA a m\u00eame inclus une lumi\u00e8re LED vacillante pour imiter les flammes de la fournaise. Parfaitement adapt\u00e9e aux figurines Freddy Krueger de 7\u2033 de NECA, cette r\u00e9plique est un ajout essentiel \u00e0 toute collection. La r\u00e9plique mesure 9\u2033 H x 4\u2033 W x 4.3\u2033 D et fonctionne avec 3 piles bouton (incluses).<\/p>\n<\/div>\n<\/div>\n<\/div>\n<\/div>\n<\/div>\n<p><strong>D\u00e9tails :<\/strong><\/p>\n<\/div>\n<ul>\n<li>Mesure 9\u2033 H x 4\u2033 W x 4.3\u2033 D<\/li>\n<li>lumi\u00e8re LED vacillante<\/li>\n<li>3 piles bouton (incluses)<\/li>\n<\/ul>\n<p><em>Freddy non inclus collectionnez vos <\/em><em><a href=\"https:\/\/madabouthorror.co.uk\/product\/neca-ultimate-freddy-7-figure-part-2\/\">Freddy ultime <\/a>ici<\/em><\/p>\n<\/div>\n<\/div>","protected":false},"excerpt":{"rendered":"<p>Cr\u00e9ez de superbes dioramas avec cette incroyable r\u00e9plique du four de Freddy des films Nightmare on Elm Street ! Cette pi\u00e8ce sinistre refl\u00e8te sa version \u00e0 l'\u00e9cran dans les moindres d\u00e9tails, avec une porte \u00e0 charni\u00e8re et des intemp\u00e9ries authentiques. NECA a m\u00eame inclus une lumi\u00e8re LED vacillante pour imiter les flammes de la fournaise. Parfaitement \u00e0 l'\u00e9chelle de l'action Freddy Krueger 7\u2033 de NECA [...]<\/p>","protected":false},"featured_media":488810,"comment_status":"closed","ping_status":"closed","template":"","meta":{"_acf_changed":false},"product_brand":[],"product_cat":[6538,10041,10038,6631],"product_tag":[],"class_list":{"0":"post-488802","1":"product","2":"type-product","3":"status-publish","4":"has-post-thumbnail","6":"product_cat-figures","7":"product_cat-gifts-under-50","8":"product_cat-horror-gifts","9":"product_cat-nightmareonelmstreet","10":"product_shipping_class-small-parcel-economy-3-5-business-days","12":"first","13":"instock","14":"taxable","15":"shipping-taxable","16":"purchasable","17":"product-type-simple"},"supplier_id":467442,"supplier_sku":"39819","barcode":"634482000000","atum_controlled":true,"out_stock_date":null,"out_stock_threshold":null,"inheritable":false,"inbound_stock":0,"stock_on_hold":0,"sold_today":0,"sales_last_days":0,"reserved_stock":0,"customer_returns":0,"warehouse_damage":0,"lost_in_post":0,"other_logs":0,"out_stock_days":0,"lost_sales":0,"has_location":false,"update_date":"2026-04-17T01:32:15","atum_locations":[],"atum_stock_status":"instock","restock_status":false,"low_stock_amount":1,"sales_update_date":"2026-04-17T01:32:14","calc_backorders":null,"acf":[],"yoast_head":"<!-- This site is optimized with the Yoast SEO plugin v27.4 - https:\/\/yoast.com\/product\/yoast-seo-wordpress\/ -->\n<title>NECA Nightmare On Elm Street Freddy&#039;s Furnace 7&quot; Diorama<\/title>\n<meta name=\"description\" content=\"Official NECA retailers in the UK. Freddy&#039;s Furnace diorama from the Nightmare on Elm Street. PRE-ORDER now available in the UK from Mad About Horror.\" \/>\n<meta name=\"robots\" content=\"index, follow, max-snippet:-1, max-image-preview:large, max-video-preview:-1\" \/>\n<link rel=\"canonical\" href=\"https:\/\/madabouthorror.co.uk\/fr\/product\/neca-nightmare-on-elm-street-freddys-furnace-7-inch-scale-diorama\/\" \/>\n<meta property=\"og:locale\" content=\"fr_FR\" \/>\n<meta property=\"og:type\" content=\"article\" \/>\n<meta property=\"og:title\" content=\"NECA Nightmare On Elm Street Freddy&#039;s Furnace 7&quot; Diorama\" \/>\n<meta property=\"og:description\" content=\"Official NECA retailers in the UK. Freddy&#039;s Furnace diorama from the Nightmare on Elm Street. PRE-ORDER now available in the UK from Mad About Horror.\" \/>\n<meta property=\"og:url\" content=\"https:\/\/madabouthorror.co.uk\/fr\/product\/neca-nightmare-on-elm-street-freddys-furnace-7-inch-scale-diorama\/\" \/>\n<meta property=\"og:site_name\" content=\"Mad About Horror\" \/>\n<meta property=\"article:publisher\" content=\"https:\/\/www.facebook.com\/madabouthorror\/\" \/>\n<meta property=\"article:modified_time\" content=\"2026-04-03T18:03:42+00:00\" \/>\n<meta property=\"og:image\" content=\"https:\/\/madabouthorror.co.uk\/wp-content\/uploads\/2024\/06\/freddy_furnace_diorama6.png\" \/>\n\t<meta property=\"og:image:width\" content=\"1080\" \/>\n\t<meta property=\"og:image:height\" content=\"1080\" \/>\n\t<meta property=\"og:image:type\" content=\"image\/png\" \/>\n<meta name=\"twitter:card\" content=\"summary_large_image\" \/>\n<meta name=\"twitter:label1\" content=\"Dur\u00e9e de lecture estim\u00e9e\" \/>\n\t<meta name=\"twitter:data1\" content=\"1 minute\" \/>\n<script type=\"application\/ld+json\" class=\"yoast-schema-graph\">{\"@context\":\"https:\\\/\\\/schema.org\",\"@graph\":[{\"@type\":[\"WebPage\",\"ItemPage\"],\"@id\":\"https:\\\/\\\/madabouthorror.co.uk\\\/product\\\/neca-nightmare-on-elm-street-freddys-furnace-7-inch-scale-diorama\\\/\",\"url\":\"https:\\\/\\\/madabouthorror.co.uk\\\/product\\\/neca-nightmare-on-elm-street-freddys-furnace-7-inch-scale-diorama\\\/\",\"name\":\"NECA Nightmare On Elm Street Freddy's Furnace 7\\\" Diorama\",\"isPartOf\":{\"@id\":\"https:\\\/\\\/madabouthorror.co.uk\\\/#website\"},\"primaryImageOfPage\":{\"@id\":\"https:\\\/\\\/madabouthorror.co.uk\\\/product\\\/neca-nightmare-on-elm-street-freddys-furnace-7-inch-scale-diorama\\\/#primaryimage\"},\"image\":{\"@id\":\"https:\\\/\\\/madabouthorror.co.uk\\\/product\\\/neca-nightmare-on-elm-street-freddys-furnace-7-inch-scale-diorama\\\/#primaryimage\"},\"thumbnailUrl\":\"https:\\\/\\\/madabouthorror.co.uk\\\/wp-content\\\/uploads\\\/2024\\\/06\\\/freddy_furnace_diorama6.png\",\"datePublished\":\"2024-06-26T10:23:47+00:00\",\"dateModified\":\"2026-04-03T18:03:42+00:00\",\"description\":\"Official NECA retailers in the UK. Freddy's Furnace diorama from the Nightmare on Elm Street. PRE-ORDER now available in the UK from Mad About Horror.\",\"breadcrumb\":{\"@id\":\"https:\\\/\\\/madabouthorror.co.uk\\\/product\\\/neca-nightmare-on-elm-street-freddys-furnace-7-inch-scale-diorama\\\/#breadcrumb\"},\"inLanguage\":\"fr-FR\",\"potentialAction\":[{\"@type\":\"ReadAction\",\"target\":[\"https:\\\/\\\/madabouthorror.co.uk\\\/product\\\/neca-nightmare-on-elm-street-freddys-furnace-7-inch-scale-diorama\\\/\"]}]},{\"@type\":\"ImageObject\",\"inLanguage\":\"fr-FR\",\"@id\":\"https:\\\/\\\/madabouthorror.co.uk\\\/product\\\/neca-nightmare-on-elm-street-freddys-furnace-7-inch-scale-diorama\\\/#primaryimage\",\"url\":\"https:\\\/\\\/madabouthorror.co.uk\\\/wp-content\\\/uploads\\\/2024\\\/06\\\/freddy_furnace_diorama6.png\",\"contentUrl\":\"https:\\\/\\\/madabouthorror.co.uk\\\/wp-content\\\/uploads\\\/2024\\\/06\\\/freddy_furnace_diorama6.png\",\"width\":1080,\"height\":1080,\"caption\":\"freddy_furnace_diorama\"},{\"@type\":\"BreadcrumbList\",\"@id\":\"https:\\\/\\\/madabouthorror.co.uk\\\/product\\\/neca-nightmare-on-elm-street-freddys-furnace-7-inch-scale-diorama\\\/#breadcrumb\",\"itemListElement\":[{\"@type\":\"ListItem\",\"position\":1,\"name\":\"Shop\",\"item\":\"https:\\\/\\\/madabouthorror.co.uk\\\/shop\\\/\"},{\"@type\":\"ListItem\",\"position\":2,\"name\":\"NECA Nightmare On Elm Street Freddy&#8217;s Furnace 7&#8243; Scale Diorama\"}]},{\"@type\":\"WebSite\",\"@id\":\"https:\\\/\\\/madabouthorror.co.uk\\\/#website\",\"url\":\"https:\\\/\\\/madabouthorror.co.uk\\\/\",\"name\":\"Mad About Horror\",\"description\":\"\",\"publisher\":{\"@id\":\"https:\\\/\\\/madabouthorror.co.uk\\\/#organization\"},\"alternateName\":\"Mad About Horror Limited\",\"potentialAction\":[{\"@type\":\"SearchAction\",\"target\":{\"@type\":\"EntryPoint\",\"urlTemplate\":\"https:\\\/\\\/madabouthorror.co.uk\\\/?s={search_term_string}\"},\"query-input\":{\"@type\":\"PropertyValueSpecification\",\"valueRequired\":true,\"valueName\":\"search_term_string\"}}],\"inLanguage\":\"fr-FR\"},{\"@type\":\"Organization\",\"@id\":\"https:\\\/\\\/madabouthorror.co.uk\\\/#organization\",\"name\":\"Mad About Horror\",\"url\":\"https:\\\/\\\/madabouthorror.co.uk\\\/\",\"logo\":{\"@type\":\"ImageObject\",\"inLanguage\":\"fr-FR\",\"@id\":\"https:\\\/\\\/madabouthorror.co.uk\\\/#\\\/schema\\\/logo\\\/image\\\/\",\"url\":\"https:\\\/\\\/madabouthorror.co.uk\\\/wp-content\\\/uploads\\\/2024\\\/02\\\/cropped-Logo.png\",\"contentUrl\":\"https:\\\/\\\/madabouthorror.co.uk\\\/wp-content\\\/uploads\\\/2024\\\/02\\\/cropped-Logo.png\",\"width\":240,\"height\":88,\"caption\":\"Mad About Horror\"},\"image\":{\"@id\":\"https:\\\/\\\/madabouthorror.co.uk\\\/#\\\/schema\\\/logo\\\/image\\\/\"},\"sameAs\":[\"https:\\\/\\\/www.facebook.com\\\/madabouthorror\\\/\",\"https:\\\/\\\/www.instagram.com\\\/madabouthorror\\\/\",\"https:\\\/\\\/www.pinterest.co.uk\\\/madabouthorror\\\/\",\"https:\\\/\\\/www.youtube.com\\\/channel\\\/UCBooLOIxjoQ89dj6T5lWm_w\",\"https:\\\/\\\/www.tiktok.com\\\/@weremadabouthorror\"]}]}<\/script>\n<!-- \/ Yoast SEO plugin. -->","yoast_head_json":{"title":"NECA Nightmare On Elm Street Freddy's Furnace 7\" Diorama","description":"Revendeurs officiels de NECA au Royaume-Uni. Diorama du four de Freddy, tir\u00e9 de Nightmare on Elm Street. PR\u00c9-COMMANDE disponible d\u00e8s maintenant au Royaume-Uni aupr\u00e8s de Mad About Horror.","robots":{"index":"index","follow":"follow","max-snippet":"max-snippet:-1","max-image-preview":"max-image-preview:large","max-video-preview":"max-video-preview:-1"},"canonical":"https:\/\/madabouthorror.co.uk\/fr\/product\/neca-nightmare-on-elm-street-freddys-furnace-7-inch-scale-diorama\/","og_locale":"fr_FR","og_type":"article","og_title":"NECA Nightmare On Elm Street Freddy's Furnace 7\" Diorama","og_description":"Official NECA retailers in the UK. Freddy's Furnace diorama from the Nightmare on Elm Street. PRE-ORDER now available in the UK from Mad About Horror.","og_url":"https:\/\/madabouthorror.co.uk\/fr\/product\/neca-nightmare-on-elm-street-freddys-furnace-7-inch-scale-diorama\/","og_site_name":"Mad About Horror","article_publisher":"https:\/\/www.facebook.com\/madabouthorror\/","article_modified_time":"2026-04-03T18:03:42+00:00","og_image":[{"width":1080,"height":1080,"url":"https:\/\/madabouthorror.co.uk\/wp-content\/uploads\/2024\/06\/freddy_furnace_diorama6.png","type":"image\/png"}],"twitter_card":"summary_large_image","twitter_misc":{"Dur\u00e9e de lecture estim\u00e9e":"1 minute"},"schema":{"@context":"https:\/\/schema.org","@graph":[{"@type":["WebPage","ItemPage"],"@id":"https:\/\/madabouthorror.co.uk\/product\/neca-nightmare-on-elm-street-freddys-furnace-7-inch-scale-diorama\/","url":"https:\/\/madabouthorror.co.uk\/product\/neca-nightmare-on-elm-street-freddys-furnace-7-inch-scale-diorama\/","name":"NECA Nightmare On Elm Street Freddy's Furnace 7\" Diorama","isPartOf":{"@id":"https:\/\/madabouthorror.co.uk\/#website"},"primaryImageOfPage":{"@id":"https:\/\/madabouthorror.co.uk\/product\/neca-nightmare-on-elm-street-freddys-furnace-7-inch-scale-diorama\/#primaryimage"},"image":{"@id":"https:\/\/madabouthorror.co.uk\/product\/neca-nightmare-on-elm-street-freddys-furnace-7-inch-scale-diorama\/#primaryimage"},"thumbnailUrl":"https:\/\/madabouthorror.co.uk\/wp-content\/uploads\/2024\/06\/freddy_furnace_diorama6.png","datePublished":"2024-06-26T10:23:47+00:00","dateModified":"2026-04-03T18:03:42+00:00","description":"Revendeurs officiels de NECA au Royaume-Uni. Diorama du four de Freddy, tir\u00e9 de Nightmare on Elm Street. PR\u00c9-COMMANDE disponible d\u00e8s maintenant au Royaume-Uni aupr\u00e8s de Mad About Horror.","breadcrumb":{"@id":"https:\/\/madabouthorror.co.uk\/product\/neca-nightmare-on-elm-street-freddys-furnace-7-inch-scale-diorama\/#breadcrumb"},"inLanguage":"fr-FR","potentialAction":[{"@type":"ReadAction","target":["https:\/\/madabouthorror.co.uk\/product\/neca-nightmare-on-elm-street-freddys-furnace-7-inch-scale-diorama\/"]}]},{"@type":"ImageObject","inLanguage":"fr-FR","@id":"https:\/\/madabouthorror.co.uk\/product\/neca-nightmare-on-elm-street-freddys-furnace-7-inch-scale-diorama\/#primaryimage","url":"https:\/\/madabouthorror.co.uk\/wp-content\/uploads\/2024\/06\/freddy_furnace_diorama6.png","contentUrl":"https:\/\/madabouthorror.co.uk\/wp-content\/uploads\/2024\/06\/freddy_furnace_diorama6.png","width":1080,"height":1080,"caption":"freddy_furnace_diorama"},{"@type":"BreadcrumbList","@id":"https:\/\/madabouthorror.co.uk\/product\/neca-nightmare-on-elm-street-freddys-furnace-7-inch-scale-diorama\/#breadcrumb","itemListElement":[{"@type":"ListItem","position":1,"name":"Shop","item":"https:\/\/madabouthorror.co.uk\/shop\/"},{"@type":"ListItem","position":2,"name":"NECA Nightmare On Elm Street Freddy&#8217;s Furnace 7&#8243; Scale Diorama"}]},{"@type":"WebSite","@id":"https:\/\/madabouthorror.co.uk\/#website","url":"https:\/\/madabouthorror.co.uk\/","name":"L'horreur en folie","description":"","publisher":{"@id":"https:\/\/madabouthorror.co.uk\/#organization"},"alternateName":"Mad About Horror Limited","potentialAction":[{"@type":"SearchAction","target":{"@type":"EntryPoint","urlTemplate":"https:\/\/madabouthorror.co.uk\/?s={search_term_string}"},"query-input":{"@type":"PropertyValueSpecification","valueRequired":true,"valueName":"search_term_string"}}],"inLanguage":"fr-FR"},{"@type":"Organization","@id":"https:\/\/madabouthorror.co.uk\/#organization","name":"L'horreur en folie","url":"https:\/\/madabouthorror.co.uk\/","logo":{"@type":"ImageObject","inLanguage":"fr-FR","@id":"https:\/\/madabouthorror.co.uk\/#\/schema\/logo\/image\/","url":"https:\/\/madabouthorror.co.uk\/wp-content\/uploads\/2024\/02\/cropped-Logo.png","contentUrl":"https:\/\/madabouthorror.co.uk\/wp-content\/uploads\/2024\/02\/cropped-Logo.png","width":240,"height":88,"caption":"Mad About Horror"},"image":{"@id":"https:\/\/madabouthorror.co.uk\/#\/schema\/logo\/image\/"},"sameAs":["https:\/\/www.facebook.com\/madabouthorror\/","https:\/\/www.instagram.com\/madabouthorror\/","https:\/\/www.pinterest.co.uk\/madabouthorror\/","https:\/\/www.youtube.com\/channel\/UCBooLOIxjoQ89dj6T5lWm_w","https:\/\/www.tiktok.com\/@weremadabouthorror"]}]}},"df_price":50.99,"df_sale_price":"","df_regular_price":50.99,"df_image_link":"https:\/\/madabouthorror.co.uk\/wp-content\/uploads\/2024\/06\/freddy_furnace_diorama6-300x300.png","_links":{"self":[{"href":"https:\/\/madabouthorror.co.uk\/fr\/wp-json\/wp\/v2\/product\/488802","targetHints":{"allow":["GET"]}}],"collection":[{"href":"https:\/\/madabouthorror.co.uk\/fr\/wp-json\/wp\/v2\/product"}],"about":[{"href":"https:\/\/madabouthorror.co.uk\/fr\/wp-json\/wp\/v2\/types\/product"}],"replies":[{"embeddable":true,"href":"https:\/\/madabouthorror.co.uk\/fr\/wp-json\/wp\/v2\/comments?post=488802"}],"wp:featuredmedia":[{"embeddable":true,"href":"https:\/\/madabouthorror.co.uk\/fr\/wp-json\/wp\/v2\/media\/488810"}],"wp:attachment":[{"href":"https:\/\/madabouthorror.co.uk\/fr\/wp-json\/wp\/v2\/media?parent=488802"}],"wp:term":[{"taxonomy":"product_brand","embeddable":true,"href":"https:\/\/madabouthorror.co.uk\/fr\/wp-json\/wp\/v2\/product_brand?post=488802"},{"taxonomy":"product_cat","embeddable":true,"href":"https:\/\/madabouthorror.co.uk\/fr\/wp-json\/wp\/v2\/product_cat?post=488802"},{"taxonomy":"product_tag","embeddable":true,"href":"https:\/\/madabouthorror.co.uk\/fr\/wp-json\/wp\/v2\/product_tag?post=488802"}],"curies":[{"name":"wp","href":"https:\/\/api.w.org\/{rel}","templated":true}]}}