{"id":48952,"date":"2021-07-14T13:49:58","date_gmt":"2021-07-14T12:49:58","guid":{"rendered":"https:\/\/mah.6bdv.ws\/product\/nightmare-mask-demonised\/"},"modified":"2026-02-09T17:02:24","modified_gmt":"2026-02-09T17:02:24","slug":"nightmare-mask-demonised","status":"publish","type":"product","link":"https:\/\/madabouthorror.co.uk\/fr\/product\/nightmare-mask-demonised\/","title":{"rendered":"Masque f\u00e9minin de cauchemar - D\u00e9monis\u00e9"},"content":{"rendered":"<h4>Masque de cauchemar - D\u00e9monis\u00e9<\/h4>\n<p>Par Brocksmith Designs.<\/p>\n<p><strong>Remarque : ce masque est l\u00e9g\u00e8rement plus petit et convient aux adultes\/femmes\/adolescents de petite taille.<\/strong><\/p>\n<p>Cr\u00e9\u00e9 par ce talentueux artiste am\u00e9ricain de l'horreur, ce masque en r\u00e9sine \u00e9paisse coul\u00e9e \u00e0 la main est d'une qualit\u00e9 incroyable. Il est dot\u00e9 de lani\u00e8res en cuir marron v\u00e9ritable, d'un cache-\u0153il en maille et de boucles de haute qualit\u00e9. Les d\u00e9tails sont remarquables, tout comme la qualit\u00e9.&nbsp;<\/p>\n<p>Id\u00e9al pour l'industrie des attractions d'\u00e9pouvante, il est \u00e9galement tr\u00e8s populaire aupr\u00e8s des collectionneurs et des cosplayers. Ce masque est parfait pour Halloween et les \u00e9v\u00e9nements d'horreur. Il est durable et confortable \u00e0 porter, donc parfait pour les acteurs d'\u00e9pouvante.&nbsp;<\/p>\n<p>Exclusivement disponible au Royaume-Uni et en Europe aupr\u00e8s de Mad About Horror.<\/p>\n<p>&nbsp;<\/p>\n<p>&nbsp;<\/p>","protected":false},"excerpt":{"rendered":"<p>Masque de cauchemar - Demonised By Brocksmith Designs. Note - il s'agit d'un masque de taille l\u00e9g\u00e8rement plus petite, adapt\u00e9 aux adultes\/femmes\/adolescents de petite taille. Cr\u00e9\u00e9 par ce talentueux artiste am\u00e9ricain de l'horreur, il s'agit d'un masque en r\u00e9sine moul\u00e9e \u00e9paisse d'une qualit\u00e9 incroyable, fabriqu\u00e9 \u00e0 la main, avec des lani\u00e8res en cuir marron v\u00e9ritable, un cache-\u0153il en maille et des boucles de haute qualit\u00e9. Les d\u00e9tails sont remarquables, tout comme la qualit\u00e9.  Id\u00e9al pour les [...]<\/p>","protected":false},"featured_media":48948,"comment_status":"closed","ping_status":"closed","template":"","meta":{"_acf_changed":false},"product_brand":[],"product_cat":[6542,6541,6587,6543,6824],"product_tag":[],"class_list":{"0":"post-48952","1":"product","2":"type-product","3":"status-publish","4":"has-post-thumbnail","6":"product_cat-premium-masks","7":"product_cat-masks","8":"product_cat-masks-devils-and-demons","9":"product_cat-professional","10":"product_cat-professional-masks","11":"pa_brand-brocksmithdesigns","12":"pa_character-other","13":"pa_google_tax-e4-clothingaccessoriescostume","15":"first","16":"instock","17":"taxable","18":"shipping-taxable","19":"purchasable","20":"product-type-simple"},"supplier_id":467460,"supplier_sku":"","barcode":"","atum_controlled":true,"out_stock_date":null,"out_stock_threshold":null,"inheritable":false,"inbound_stock":0,"stock_on_hold":0,"sold_today":0,"sales_last_days":0,"reserved_stock":0,"customer_returns":0,"warehouse_damage":0,"lost_in_post":0,"other_logs":0,"out_stock_days":0,"lost_sales":0,"has_location":false,"update_date":"2026-04-04T00:29:40","atum_locations":[],"atum_stock_status":"instock","restock_status":false,"low_stock_amount":"","sales_update_date":"2026-04-04T00:29:39","calc_backorders":null,"acf":[],"yoast_head":"<!-- This site is optimized with the Yoast SEO plugin v27.3 - https:\/\/yoast.com\/product\/yoast-seo-wordpress\/ -->\n<title>Nightmare Mask - Brocksmith Designs - Mad About Horror<\/title>\n<meta name=\"description\" content=\"UK &amp; Europe exclusive stockist of Brocksmith Designs - Nightmare Mask. High quality horror &amp; Halloween masks &amp; props for events, professional scare actors and cosplayers.\" \/>\n<meta name=\"robots\" content=\"index, follow, max-snippet:-1, max-image-preview:large, max-video-preview:-1\" \/>\n<link rel=\"canonical\" href=\"https:\/\/madabouthorror.co.uk\/fr\/product\/nightmare-mask-demonised\/\" \/>\n<meta property=\"og:locale\" content=\"fr_FR\" \/>\n<meta property=\"og:type\" content=\"article\" \/>\n<meta property=\"og:title\" content=\"Nightmare Mask - Brocksmith Designs - Mad About Horror\" \/>\n<meta property=\"og:description\" content=\"UK &amp; Europe exclusive stockist of Brocksmith Designs - Nightmare Mask. High quality horror &amp; Halloween masks &amp; props for events, professional scare actors and cosplayers.\" \/>\n<meta property=\"og:url\" content=\"https:\/\/madabouthorror.co.uk\/fr\/product\/nightmare-mask-demonised\/\" \/>\n<meta property=\"og:site_name\" content=\"Mad About Horror\" \/>\n<meta property=\"article:publisher\" content=\"https:\/\/www.facebook.com\/madabouthorror\/\" \/>\n<meta property=\"article:modified_time\" content=\"2026-02-09T17:02:24+00:00\" \/>\n<meta property=\"og:image\" content=\"https:\/\/madabouthorror.co.uk\/wp-content\/uploads\/2021\/07\/nightmare_demonised_mask_brocksmith.jpg\" \/>\n\t<meta property=\"og:image:width\" content=\"670\" \/>\n\t<meta property=\"og:image:height\" content=\"670\" \/>\n\t<meta property=\"og:image:type\" content=\"image\/jpeg\" \/>\n<meta name=\"twitter:card\" content=\"summary_large_image\" \/>\n<meta name=\"twitter:label1\" content=\"Dur\u00e9e de lecture estim\u00e9e\" \/>\n\t<meta name=\"twitter:data1\" content=\"1 minute\" \/>\n<script type=\"application\/ld+json\" class=\"yoast-schema-graph\">{\"@context\":\"https:\\\/\\\/schema.org\",\"@graph\":[{\"@type\":[\"WebPage\",\"ItemPage\"],\"@id\":\"https:\\\/\\\/madabouthorror.co.uk\\\/product\\\/nightmare-mask-demonised\\\/\",\"url\":\"https:\\\/\\\/madabouthorror.co.uk\\\/product\\\/nightmare-mask-demonised\\\/\",\"name\":\"Nightmare Mask - Brocksmith Designs - Mad About Horror\",\"isPartOf\":{\"@id\":\"https:\\\/\\\/madabouthorror.co.uk\\\/#website\"},\"primaryImageOfPage\":{\"@id\":\"https:\\\/\\\/madabouthorror.co.uk\\\/product\\\/nightmare-mask-demonised\\\/#primaryimage\"},\"image\":{\"@id\":\"https:\\\/\\\/madabouthorror.co.uk\\\/product\\\/nightmare-mask-demonised\\\/#primaryimage\"},\"thumbnailUrl\":\"https:\\\/\\\/madabouthorror.co.uk\\\/wp-content\\\/uploads\\\/2021\\\/07\\\/nightmare_demonised_mask_brocksmith.jpg\",\"datePublished\":\"2021-07-14T12:49:58+00:00\",\"dateModified\":\"2026-02-09T17:02:24+00:00\",\"description\":\"UK & Europe exclusive stockist of Brocksmith Designs - Nightmare Mask. High quality horror & Halloween masks & props for events, professional scare actors and cosplayers.\",\"breadcrumb\":{\"@id\":\"https:\\\/\\\/madabouthorror.co.uk\\\/product\\\/nightmare-mask-demonised\\\/#breadcrumb\"},\"inLanguage\":\"fr-FR\",\"potentialAction\":[{\"@type\":\"ReadAction\",\"target\":[\"https:\\\/\\\/madabouthorror.co.uk\\\/product\\\/nightmare-mask-demonised\\\/\"]}]},{\"@type\":\"ImageObject\",\"inLanguage\":\"fr-FR\",\"@id\":\"https:\\\/\\\/madabouthorror.co.uk\\\/product\\\/nightmare-mask-demonised\\\/#primaryimage\",\"url\":\"https:\\\/\\\/madabouthorror.co.uk\\\/wp-content\\\/uploads\\\/2021\\\/07\\\/nightmare_demonised_mask_brocksmith.jpg\",\"contentUrl\":\"https:\\\/\\\/madabouthorror.co.uk\\\/wp-content\\\/uploads\\\/2021\\\/07\\\/nightmare_demonised_mask_brocksmith.jpg\",\"width\":670,\"height\":670,\"caption\":\"Nightmare Mask - Demonised\"},{\"@type\":\"BreadcrumbList\",\"@id\":\"https:\\\/\\\/madabouthorror.co.uk\\\/product\\\/nightmare-mask-demonised\\\/#breadcrumb\",\"itemListElement\":[{\"@type\":\"ListItem\",\"position\":1,\"name\":\"Shop\",\"item\":\"https:\\\/\\\/madabouthorror.co.uk\\\/shop\\\/\"},{\"@type\":\"ListItem\",\"position\":2,\"name\":\"Nightmare Female Mask &#8211; Demonised\"}]},{\"@type\":\"WebSite\",\"@id\":\"https:\\\/\\\/madabouthorror.co.uk\\\/#website\",\"url\":\"https:\\\/\\\/madabouthorror.co.uk\\\/\",\"name\":\"Mad About Horror\",\"description\":\"\",\"publisher\":{\"@id\":\"https:\\\/\\\/madabouthorror.co.uk\\\/#organization\"},\"alternateName\":\"Mad About Horror Limited\",\"potentialAction\":[{\"@type\":\"SearchAction\",\"target\":{\"@type\":\"EntryPoint\",\"urlTemplate\":\"https:\\\/\\\/madabouthorror.co.uk\\\/?s={search_term_string}\"},\"query-input\":{\"@type\":\"PropertyValueSpecification\",\"valueRequired\":true,\"valueName\":\"search_term_string\"}}],\"inLanguage\":\"fr-FR\"},{\"@type\":\"Organization\",\"@id\":\"https:\\\/\\\/madabouthorror.co.uk\\\/#organization\",\"name\":\"Mad About Horror\",\"url\":\"https:\\\/\\\/madabouthorror.co.uk\\\/\",\"logo\":{\"@type\":\"ImageObject\",\"inLanguage\":\"fr-FR\",\"@id\":\"https:\\\/\\\/madabouthorror.co.uk\\\/#\\\/schema\\\/logo\\\/image\\\/\",\"url\":\"https:\\\/\\\/madabouthorror.co.uk\\\/wp-content\\\/uploads\\\/2024\\\/02\\\/cropped-Logo.png\",\"contentUrl\":\"https:\\\/\\\/madabouthorror.co.uk\\\/wp-content\\\/uploads\\\/2024\\\/02\\\/cropped-Logo.png\",\"width\":240,\"height\":88,\"caption\":\"Mad About Horror\"},\"image\":{\"@id\":\"https:\\\/\\\/madabouthorror.co.uk\\\/#\\\/schema\\\/logo\\\/image\\\/\"},\"sameAs\":[\"https:\\\/\\\/www.facebook.com\\\/madabouthorror\\\/\",\"https:\\\/\\\/www.instagram.com\\\/madabouthorror\\\/\",\"https:\\\/\\\/www.pinterest.co.uk\\\/madabouthorror\\\/\",\"https:\\\/\\\/www.youtube.com\\\/channel\\\/UCBooLOIxjoQ89dj6T5lWm_w\",\"https:\\\/\\\/www.tiktok.com\\\/@weremadabouthorror\"]}]}<\/script>\n<!-- \/ Yoast SEO plugin. -->","yoast_head_json":{"title":"Masque de cauchemar - Brocksmith Designs - Mad About Horror","description":"Stockiste exclusif pour le Royaume-Uni et l'Europe de Brocksmith Designs - Nightmare Mask. Masques et accessoires d'horreur et d'Halloween de haute qualit\u00e9 pour les \u00e9v\u00e9nements, les acteurs d'\u00e9pouvante professionnels et les cosplayers.","robots":{"index":"index","follow":"follow","max-snippet":"max-snippet:-1","max-image-preview":"max-image-preview:large","max-video-preview":"max-video-preview:-1"},"canonical":"https:\/\/madabouthorror.co.uk\/fr\/product\/nightmare-mask-demonised\/","og_locale":"fr_FR","og_type":"article","og_title":"Nightmare Mask - Brocksmith Designs - Mad About Horror","og_description":"UK & Europe exclusive stockist of Brocksmith Designs - Nightmare Mask. High quality horror & Halloween masks & props for events, professional scare actors and cosplayers.","og_url":"https:\/\/madabouthorror.co.uk\/fr\/product\/nightmare-mask-demonised\/","og_site_name":"Mad About Horror","article_publisher":"https:\/\/www.facebook.com\/madabouthorror\/","article_modified_time":"2026-02-09T17:02:24+00:00","og_image":[{"width":670,"height":670,"url":"https:\/\/madabouthorror.co.uk\/wp-content\/uploads\/2021\/07\/nightmare_demonised_mask_brocksmith.jpg","type":"image\/jpeg"}],"twitter_card":"summary_large_image","twitter_misc":{"Dur\u00e9e de lecture estim\u00e9e":"1 minute"},"schema":{"@context":"https:\/\/schema.org","@graph":[{"@type":["WebPage","ItemPage"],"@id":"https:\/\/madabouthorror.co.uk\/product\/nightmare-mask-demonised\/","url":"https:\/\/madabouthorror.co.uk\/product\/nightmare-mask-demonised\/","name":"Masque de cauchemar - Brocksmith Designs - Mad About Horror","isPartOf":{"@id":"https:\/\/madabouthorror.co.uk\/#website"},"primaryImageOfPage":{"@id":"https:\/\/madabouthorror.co.uk\/product\/nightmare-mask-demonised\/#primaryimage"},"image":{"@id":"https:\/\/madabouthorror.co.uk\/product\/nightmare-mask-demonised\/#primaryimage"},"thumbnailUrl":"https:\/\/madabouthorror.co.uk\/wp-content\/uploads\/2021\/07\/nightmare_demonised_mask_brocksmith.jpg","datePublished":"2021-07-14T12:49:58+00:00","dateModified":"2026-02-09T17:02:24+00:00","description":"Stockiste exclusif pour le Royaume-Uni et l'Europe de Brocksmith Designs - Nightmare Mask. Masques et accessoires d'horreur et d'Halloween de haute qualit\u00e9 pour les \u00e9v\u00e9nements, les acteurs d'\u00e9pouvante professionnels et les cosplayers.","breadcrumb":{"@id":"https:\/\/madabouthorror.co.uk\/product\/nightmare-mask-demonised\/#breadcrumb"},"inLanguage":"fr-FR","potentialAction":[{"@type":"ReadAction","target":["https:\/\/madabouthorror.co.uk\/product\/nightmare-mask-demonised\/"]}]},{"@type":"ImageObject","inLanguage":"fr-FR","@id":"https:\/\/madabouthorror.co.uk\/product\/nightmare-mask-demonised\/#primaryimage","url":"https:\/\/madabouthorror.co.uk\/wp-content\/uploads\/2021\/07\/nightmare_demonised_mask_brocksmith.jpg","contentUrl":"https:\/\/madabouthorror.co.uk\/wp-content\/uploads\/2021\/07\/nightmare_demonised_mask_brocksmith.jpg","width":670,"height":670,"caption":"Nightmare Mask - Demonised"},{"@type":"BreadcrumbList","@id":"https:\/\/madabouthorror.co.uk\/product\/nightmare-mask-demonised\/#breadcrumb","itemListElement":[{"@type":"ListItem","position":1,"name":"Shop","item":"https:\/\/madabouthorror.co.uk\/shop\/"},{"@type":"ListItem","position":2,"name":"Nightmare Female Mask &#8211; Demonised"}]},{"@type":"WebSite","@id":"https:\/\/madabouthorror.co.uk\/#website","url":"https:\/\/madabouthorror.co.uk\/","name":"L'horreur en folie","description":"","publisher":{"@id":"https:\/\/madabouthorror.co.uk\/#organization"},"alternateName":"Mad About Horror Limited","potentialAction":[{"@type":"SearchAction","target":{"@type":"EntryPoint","urlTemplate":"https:\/\/madabouthorror.co.uk\/?s={search_term_string}"},"query-input":{"@type":"PropertyValueSpecification","valueRequired":true,"valueName":"search_term_string"}}],"inLanguage":"fr-FR"},{"@type":"Organization","@id":"https:\/\/madabouthorror.co.uk\/#organization","name":"L'horreur en folie","url":"https:\/\/madabouthorror.co.uk\/","logo":{"@type":"ImageObject","inLanguage":"fr-FR","@id":"https:\/\/madabouthorror.co.uk\/#\/schema\/logo\/image\/","url":"https:\/\/madabouthorror.co.uk\/wp-content\/uploads\/2024\/02\/cropped-Logo.png","contentUrl":"https:\/\/madabouthorror.co.uk\/wp-content\/uploads\/2024\/02\/cropped-Logo.png","width":240,"height":88,"caption":"Mad About Horror"},"image":{"@id":"https:\/\/madabouthorror.co.uk\/#\/schema\/logo\/image\/"},"sameAs":["https:\/\/www.facebook.com\/madabouthorror\/","https:\/\/www.instagram.com\/madabouthorror\/","https:\/\/www.pinterest.co.uk\/madabouthorror\/","https:\/\/www.youtube.com\/channel\/UCBooLOIxjoQ89dj6T5lWm_w","https:\/\/www.tiktok.com\/@weremadabouthorror"]}]}},"df_price":114.53,"df_sale_price":"","df_regular_price":114.53,"df_image_link":"https:\/\/madabouthorror.co.uk\/wp-content\/uploads\/2021\/07\/nightmare_demonised_mask_brocksmith-300x300.jpg","_links":{"self":[{"href":"https:\/\/madabouthorror.co.uk\/fr\/wp-json\/wp\/v2\/product\/48952","targetHints":{"allow":["GET"]}}],"collection":[{"href":"https:\/\/madabouthorror.co.uk\/fr\/wp-json\/wp\/v2\/product"}],"about":[{"href":"https:\/\/madabouthorror.co.uk\/fr\/wp-json\/wp\/v2\/types\/product"}],"replies":[{"embeddable":true,"href":"https:\/\/madabouthorror.co.uk\/fr\/wp-json\/wp\/v2\/comments?post=48952"}],"wp:featuredmedia":[{"embeddable":true,"href":"https:\/\/madabouthorror.co.uk\/fr\/wp-json\/wp\/v2\/media\/48948"}],"wp:attachment":[{"href":"https:\/\/madabouthorror.co.uk\/fr\/wp-json\/wp\/v2\/media?parent=48952"}],"wp:term":[{"taxonomy":"product_brand","embeddable":true,"href":"https:\/\/madabouthorror.co.uk\/fr\/wp-json\/wp\/v2\/product_brand?post=48952"},{"taxonomy":"product_cat","embeddable":true,"href":"https:\/\/madabouthorror.co.uk\/fr\/wp-json\/wp\/v2\/product_cat?post=48952"},{"taxonomy":"product_tag","embeddable":true,"href":"https:\/\/madabouthorror.co.uk\/fr\/wp-json\/wp\/v2\/product_tag?post=48952"}],"curies":[{"name":"wp","href":"https:\/\/api.w.org\/{rel}","templated":true}]}}