{"id":48959,"date":"2021-07-14T14:01:39","date_gmt":"2021-07-14T13:01:39","guid":{"rendered":"https:\/\/mah.6bdv.ws\/product\/fear-mask-upchuck\/"},"modified":"2024-11-27T09:47:55","modified_gmt":"2024-11-27T09:47:55","slug":"fear-mask-upchuck","status":"publish","type":"product","link":"https:\/\/madabouthorror.co.uk\/fr\/product\/fear-mask-upchuck\/","title":{"rendered":"Masque de peur - Upchuck"},"content":{"rendered":"<h4>Masque de peur - Upchuck<\/h4>\n<p>Par Brocksmith Designs.<\/p>\n<p>Cr\u00e9\u00e9 par ce talentueux artiste am\u00e9ricain de l'horreur, ce masque en r\u00e9sine \u00e9paisse coul\u00e9e \u00e0 la main est d'une qualit\u00e9 incroyable. Il est dot\u00e9 de lani\u00e8res en cuir marron v\u00e9ritable, d'un suintement vert lumineux, d'un cache-\u0153il en maille et de boucles de haute qualit\u00e9. Les d\u00e9tails sont remarquables, tout comme la qualit\u00e9.&nbsp;<\/p>\n<p>Id\u00e9al pour l'industrie des attractions d'\u00e9pouvante, il est \u00e9galement tr\u00e8s populaire aupr\u00e8s des collectionneurs et des cosplayers. Ce masque est parfait pour Halloween et les \u00e9v\u00e9nements d'horreur. Il est durable et confortable \u00e0 porter, donc parfait pour les acteurs d'\u00e9pouvante.&nbsp;<\/p>\n<p>Exclusivement disponible au Royaume-Uni et en Europe aupr\u00e8s de Mad About Horror.<\/p>\n<p>&nbsp;<\/p>\n<p>&nbsp;<\/p>","protected":false},"excerpt":{"rendered":"<p>Masque de peur - Upchuck par Brocksmith Designs. Cr\u00e9\u00e9 par ce talentueux artiste am\u00e9ricain de l'horreur, il s'agit d'un masque en r\u00e9sine \u00e9paisse coul\u00e9e \u00e0 la main, d'une qualit\u00e9 incroyable, avec de vraies lani\u00e8res de cuir marron, un suintement vert lumineux, un cache-\u0153il en maille et des boucles de haute qualit\u00e9. Les d\u00e9tails sont remarquables, tout comme la qualit\u00e9.  Id\u00e9al pour l'industrie des attractions d'\u00e9pouvante, ce masque est \u00e9galement tr\u00e8s populaire aupr\u00e8s des collectionneurs et des cosplayers. Ce [...]<\/p>","protected":false},"featured_media":48953,"comment_status":"closed","ping_status":"closed","template":"","meta":{"_acf_changed":false},"product_brand":[],"product_cat":[6542,7094,7095,7096,6541,6587,7101,6543,6824,6588,6816],"product_tag":[],"class_list":{"0":"post-48959","1":"product","2":"type-product","3":"status-publish","4":"has-post-thumbnail","6":"product_cat-premium-masks","7":"product_cat-zombie-masks","8":"product_cat-pro-haunted-house","9":"product_cat-dystopia-anarchy","10":"product_cat-masks","11":"product_cat-masks-devils-and-demons","12":"product_cat-hillbilly","13":"product_cat-professional","14":"product_cat-professional-masks","15":"product_cat-masks-zombies","16":"product_cat-masks-killers","17":"pa_brand-brocksmithdesigns","18":"pa_character-other","19":"pa_google_tax-e4-clothingaccessoriescostume","21":"first","22":"instock","23":"taxable","24":"shipping-taxable","25":"purchasable","26":"product-type-simple"},"supplier_id":467460,"supplier_sku":"","barcode":"","atum_controlled":true,"out_stock_date":null,"out_stock_threshold":null,"inheritable":false,"inbound_stock":0,"stock_on_hold":0,"sold_today":0,"sales_last_days":0,"reserved_stock":0,"customer_returns":0,"warehouse_damage":0,"lost_in_post":0,"other_logs":0,"out_stock_days":0,"lost_sales":0,"has_location":false,"update_date":"2026-04-18T00:28:22","atum_locations":[],"atum_stock_status":"instock","restock_status":false,"low_stock_amount":"","sales_update_date":"2026-04-18T00:28:21","calc_backorders":null,"acf":[],"yoast_head":"<!-- This site is optimized with the Yoast SEO plugin v27.4 - https:\/\/yoast.com\/product\/yoast-seo-wordpress\/ -->\n<title>Fear Mask - Brocksmith Designs - Mad About Horror<\/title>\n<meta name=\"description\" content=\"UK &amp; Europe exclusive stockist of Brocksmith Designs - Fear Mask. High quality horror &amp; Halloween masks &amp; props for events, professional scare actors and cosplayers.\" \/>\n<meta name=\"robots\" content=\"index, follow, max-snippet:-1, max-image-preview:large, max-video-preview:-1\" \/>\n<link rel=\"canonical\" href=\"https:\/\/madabouthorror.co.uk\/fr\/product\/fear-mask-upchuck\/\" \/>\n<meta property=\"og:locale\" content=\"fr_FR\" \/>\n<meta property=\"og:type\" content=\"article\" \/>\n<meta property=\"og:title\" content=\"Fear Mask - Brocksmith Designs - Mad About Horror\" \/>\n<meta property=\"og:description\" content=\"UK &amp; Europe exclusive stockist of Brocksmith Designs - Fear Mask. High quality horror &amp; Halloween masks &amp; props for events, professional scare actors and cosplayers.\" \/>\n<meta property=\"og:url\" content=\"https:\/\/madabouthorror.co.uk\/fr\/product\/fear-mask-upchuck\/\" \/>\n<meta property=\"og:site_name\" content=\"Mad About Horror\" \/>\n<meta property=\"article:publisher\" content=\"https:\/\/www.facebook.com\/madabouthorror\/\" \/>\n<meta property=\"article:modified_time\" content=\"2024-11-27T09:47:55+00:00\" \/>\n<meta property=\"og:image\" content=\"https:\/\/madabouthorror.co.uk\/wp-content\/uploads\/2021\/07\/fear_up_chuck_green_ooze_mask_brocksmith_design_1.jpg\" \/>\n\t<meta property=\"og:image:width\" content=\"670\" \/>\n\t<meta property=\"og:image:height\" content=\"670\" \/>\n\t<meta property=\"og:image:type\" content=\"image\/jpeg\" \/>\n<meta name=\"twitter:card\" content=\"summary_large_image\" \/>\n<meta name=\"twitter:label1\" content=\"Dur\u00e9e de lecture estim\u00e9e\" \/>\n\t<meta name=\"twitter:data1\" content=\"1 minute\" \/>\n<script type=\"application\/ld+json\" class=\"yoast-schema-graph\">{\"@context\":\"https:\\\/\\\/schema.org\",\"@graph\":[{\"@type\":[\"WebPage\",\"ItemPage\"],\"@id\":\"https:\\\/\\\/madabouthorror.co.uk\\\/product\\\/fear-mask-upchuck\\\/\",\"url\":\"https:\\\/\\\/madabouthorror.co.uk\\\/product\\\/fear-mask-upchuck\\\/\",\"name\":\"Fear Mask - Brocksmith Designs - Mad About Horror\",\"isPartOf\":{\"@id\":\"https:\\\/\\\/madabouthorror.co.uk\\\/#website\"},\"primaryImageOfPage\":{\"@id\":\"https:\\\/\\\/madabouthorror.co.uk\\\/product\\\/fear-mask-upchuck\\\/#primaryimage\"},\"image\":{\"@id\":\"https:\\\/\\\/madabouthorror.co.uk\\\/product\\\/fear-mask-upchuck\\\/#primaryimage\"},\"thumbnailUrl\":\"https:\\\/\\\/madabouthorror.co.uk\\\/wp-content\\\/uploads\\\/2021\\\/07\\\/fear_up_chuck_green_ooze_mask_brocksmith_design_1.jpg\",\"datePublished\":\"2021-07-14T13:01:39+00:00\",\"dateModified\":\"2024-11-27T09:47:55+00:00\",\"description\":\"UK & Europe exclusive stockist of Brocksmith Designs - Fear Mask. High quality horror & Halloween masks & props for events, professional scare actors and cosplayers.\",\"breadcrumb\":{\"@id\":\"https:\\\/\\\/madabouthorror.co.uk\\\/product\\\/fear-mask-upchuck\\\/#breadcrumb\"},\"inLanguage\":\"fr-FR\",\"potentialAction\":[{\"@type\":\"ReadAction\",\"target\":[\"https:\\\/\\\/madabouthorror.co.uk\\\/product\\\/fear-mask-upchuck\\\/\"]}]},{\"@type\":\"ImageObject\",\"inLanguage\":\"fr-FR\",\"@id\":\"https:\\\/\\\/madabouthorror.co.uk\\\/product\\\/fear-mask-upchuck\\\/#primaryimage\",\"url\":\"https:\\\/\\\/madabouthorror.co.uk\\\/wp-content\\\/uploads\\\/2021\\\/07\\\/fear_up_chuck_green_ooze_mask_brocksmith_design_1.jpg\",\"contentUrl\":\"https:\\\/\\\/madabouthorror.co.uk\\\/wp-content\\\/uploads\\\/2021\\\/07\\\/fear_up_chuck_green_ooze_mask_brocksmith_design_1.jpg\",\"width\":670,\"height\":670,\"caption\":\"Fear Mask - Upchuck\"},{\"@type\":\"BreadcrumbList\",\"@id\":\"https:\\\/\\\/madabouthorror.co.uk\\\/product\\\/fear-mask-upchuck\\\/#breadcrumb\",\"itemListElement\":[{\"@type\":\"ListItem\",\"position\":1,\"name\":\"Shop\",\"item\":\"https:\\\/\\\/madabouthorror.co.uk\\\/shop\\\/\"},{\"@type\":\"ListItem\",\"position\":2,\"name\":\"Fear Mask &#8211; Upchuck\"}]},{\"@type\":\"WebSite\",\"@id\":\"https:\\\/\\\/madabouthorror.co.uk\\\/#website\",\"url\":\"https:\\\/\\\/madabouthorror.co.uk\\\/\",\"name\":\"Mad About Horror\",\"description\":\"\",\"publisher\":{\"@id\":\"https:\\\/\\\/madabouthorror.co.uk\\\/#organization\"},\"alternateName\":\"Mad About Horror Limited\",\"potentialAction\":[{\"@type\":\"SearchAction\",\"target\":{\"@type\":\"EntryPoint\",\"urlTemplate\":\"https:\\\/\\\/madabouthorror.co.uk\\\/?s={search_term_string}\"},\"query-input\":{\"@type\":\"PropertyValueSpecification\",\"valueRequired\":true,\"valueName\":\"search_term_string\"}}],\"inLanguage\":\"fr-FR\"},{\"@type\":\"Organization\",\"@id\":\"https:\\\/\\\/madabouthorror.co.uk\\\/#organization\",\"name\":\"Mad About Horror\",\"url\":\"https:\\\/\\\/madabouthorror.co.uk\\\/\",\"logo\":{\"@type\":\"ImageObject\",\"inLanguage\":\"fr-FR\",\"@id\":\"https:\\\/\\\/madabouthorror.co.uk\\\/#\\\/schema\\\/logo\\\/image\\\/\",\"url\":\"https:\\\/\\\/madabouthorror.co.uk\\\/wp-content\\\/uploads\\\/2024\\\/02\\\/cropped-Logo.png\",\"contentUrl\":\"https:\\\/\\\/madabouthorror.co.uk\\\/wp-content\\\/uploads\\\/2024\\\/02\\\/cropped-Logo.png\",\"width\":240,\"height\":88,\"caption\":\"Mad About Horror\"},\"image\":{\"@id\":\"https:\\\/\\\/madabouthorror.co.uk\\\/#\\\/schema\\\/logo\\\/image\\\/\"},\"sameAs\":[\"https:\\\/\\\/www.facebook.com\\\/madabouthorror\\\/\",\"https:\\\/\\\/www.instagram.com\\\/madabouthorror\\\/\",\"https:\\\/\\\/www.pinterest.co.uk\\\/madabouthorror\\\/\",\"https:\\\/\\\/www.youtube.com\\\/channel\\\/UCBooLOIxjoQ89dj6T5lWm_w\",\"https:\\\/\\\/www.tiktok.com\\\/@weremadabouthorror\"]}]}<\/script>\n<!-- \/ Yoast SEO plugin. -->","yoast_head_json":{"title":"Masque de peur - Brocksmith Designs - Mad About Horror","description":"Stockiste exclusif pour le Royaume-Uni et l'Europe de Brocksmith Designs - Fear Mask. Masques et accessoires d'horreur et d'Halloween de haute qualit\u00e9 pour les \u00e9v\u00e9nements, les acteurs d'\u00e9pouvante professionnels et les cosplayers.","robots":{"index":"index","follow":"follow","max-snippet":"max-snippet:-1","max-image-preview":"max-image-preview:large","max-video-preview":"max-video-preview:-1"},"canonical":"https:\/\/madabouthorror.co.uk\/fr\/product\/fear-mask-upchuck\/","og_locale":"fr_FR","og_type":"article","og_title":"Fear Mask - Brocksmith Designs - Mad About Horror","og_description":"UK & Europe exclusive stockist of Brocksmith Designs - Fear Mask. High quality horror & Halloween masks & props for events, professional scare actors and cosplayers.","og_url":"https:\/\/madabouthorror.co.uk\/fr\/product\/fear-mask-upchuck\/","og_site_name":"Mad About Horror","article_publisher":"https:\/\/www.facebook.com\/madabouthorror\/","article_modified_time":"2024-11-27T09:47:55+00:00","og_image":[{"width":670,"height":670,"url":"https:\/\/madabouthorror.co.uk\/wp-content\/uploads\/2021\/07\/fear_up_chuck_green_ooze_mask_brocksmith_design_1.jpg","type":"image\/jpeg"}],"twitter_card":"summary_large_image","twitter_misc":{"Dur\u00e9e de lecture estim\u00e9e":"1 minute"},"schema":{"@context":"https:\/\/schema.org","@graph":[{"@type":["WebPage","ItemPage"],"@id":"https:\/\/madabouthorror.co.uk\/product\/fear-mask-upchuck\/","url":"https:\/\/madabouthorror.co.uk\/product\/fear-mask-upchuck\/","name":"Masque de peur - Brocksmith Designs - Mad About Horror","isPartOf":{"@id":"https:\/\/madabouthorror.co.uk\/#website"},"primaryImageOfPage":{"@id":"https:\/\/madabouthorror.co.uk\/product\/fear-mask-upchuck\/#primaryimage"},"image":{"@id":"https:\/\/madabouthorror.co.uk\/product\/fear-mask-upchuck\/#primaryimage"},"thumbnailUrl":"https:\/\/madabouthorror.co.uk\/wp-content\/uploads\/2021\/07\/fear_up_chuck_green_ooze_mask_brocksmith_design_1.jpg","datePublished":"2021-07-14T13:01:39+00:00","dateModified":"2024-11-27T09:47:55+00:00","description":"Stockiste exclusif pour le Royaume-Uni et l'Europe de Brocksmith Designs - Fear Mask. Masques et accessoires d'horreur et d'Halloween de haute qualit\u00e9 pour les \u00e9v\u00e9nements, les acteurs d'\u00e9pouvante professionnels et les cosplayers.","breadcrumb":{"@id":"https:\/\/madabouthorror.co.uk\/product\/fear-mask-upchuck\/#breadcrumb"},"inLanguage":"fr-FR","potentialAction":[{"@type":"ReadAction","target":["https:\/\/madabouthorror.co.uk\/product\/fear-mask-upchuck\/"]}]},{"@type":"ImageObject","inLanguage":"fr-FR","@id":"https:\/\/madabouthorror.co.uk\/product\/fear-mask-upchuck\/#primaryimage","url":"https:\/\/madabouthorror.co.uk\/wp-content\/uploads\/2021\/07\/fear_up_chuck_green_ooze_mask_brocksmith_design_1.jpg","contentUrl":"https:\/\/madabouthorror.co.uk\/wp-content\/uploads\/2021\/07\/fear_up_chuck_green_ooze_mask_brocksmith_design_1.jpg","width":670,"height":670,"caption":"Fear Mask - Upchuck"},{"@type":"BreadcrumbList","@id":"https:\/\/madabouthorror.co.uk\/product\/fear-mask-upchuck\/#breadcrumb","itemListElement":[{"@type":"ListItem","position":1,"name":"Shop","item":"https:\/\/madabouthorror.co.uk\/shop\/"},{"@type":"ListItem","position":2,"name":"Fear Mask &#8211; Upchuck"}]},{"@type":"WebSite","@id":"https:\/\/madabouthorror.co.uk\/#website","url":"https:\/\/madabouthorror.co.uk\/","name":"L'horreur en folie","description":"","publisher":{"@id":"https:\/\/madabouthorror.co.uk\/#organization"},"alternateName":"Mad About Horror Limited","potentialAction":[{"@type":"SearchAction","target":{"@type":"EntryPoint","urlTemplate":"https:\/\/madabouthorror.co.uk\/?s={search_term_string}"},"query-input":{"@type":"PropertyValueSpecification","valueRequired":true,"valueName":"search_term_string"}}],"inLanguage":"fr-FR"},{"@type":"Organization","@id":"https:\/\/madabouthorror.co.uk\/#organization","name":"L'horreur en folie","url":"https:\/\/madabouthorror.co.uk\/","logo":{"@type":"ImageObject","inLanguage":"fr-FR","@id":"https:\/\/madabouthorror.co.uk\/#\/schema\/logo\/image\/","url":"https:\/\/madabouthorror.co.uk\/wp-content\/uploads\/2024\/02\/cropped-Logo.png","contentUrl":"https:\/\/madabouthorror.co.uk\/wp-content\/uploads\/2024\/02\/cropped-Logo.png","width":240,"height":88,"caption":"Mad About Horror"},"image":{"@id":"https:\/\/madabouthorror.co.uk\/#\/schema\/logo\/image\/"},"sameAs":["https:\/\/www.facebook.com\/madabouthorror\/","https:\/\/www.instagram.com\/madabouthorror\/","https:\/\/www.pinterest.co.uk\/madabouthorror\/","https:\/\/www.youtube.com\/channel\/UCBooLOIxjoQ89dj6T5lWm_w","https:\/\/www.tiktok.com\/@weremadabouthorror"]}]}},"df_price":156.2,"df_sale_price":"","df_regular_price":156.2,"df_image_link":"https:\/\/madabouthorror.co.uk\/wp-content\/uploads\/2021\/07\/fear_up_chuck_green_ooze_mask_brocksmith_design_1-300x300.jpg","_links":{"self":[{"href":"https:\/\/madabouthorror.co.uk\/fr\/wp-json\/wp\/v2\/product\/48959","targetHints":{"allow":["GET"]}}],"collection":[{"href":"https:\/\/madabouthorror.co.uk\/fr\/wp-json\/wp\/v2\/product"}],"about":[{"href":"https:\/\/madabouthorror.co.uk\/fr\/wp-json\/wp\/v2\/types\/product"}],"replies":[{"embeddable":true,"href":"https:\/\/madabouthorror.co.uk\/fr\/wp-json\/wp\/v2\/comments?post=48959"}],"wp:featuredmedia":[{"embeddable":true,"href":"https:\/\/madabouthorror.co.uk\/fr\/wp-json\/wp\/v2\/media\/48953"}],"wp:attachment":[{"href":"https:\/\/madabouthorror.co.uk\/fr\/wp-json\/wp\/v2\/media?parent=48959"}],"wp:term":[{"taxonomy":"product_brand","embeddable":true,"href":"https:\/\/madabouthorror.co.uk\/fr\/wp-json\/wp\/v2\/product_brand?post=48959"},{"taxonomy":"product_cat","embeddable":true,"href":"https:\/\/madabouthorror.co.uk\/fr\/wp-json\/wp\/v2\/product_cat?post=48959"},{"taxonomy":"product_tag","embeddable":true,"href":"https:\/\/madabouthorror.co.uk\/fr\/wp-json\/wp\/v2\/product_tag?post=48959"}],"curies":[{"name":"wp","href":"https:\/\/api.w.org\/{rel}","templated":true}]}}