{"id":49002,"date":"2021-07-14T16:47:00","date_gmt":"2021-07-14T15:47:00","guid":{"rendered":"https:\/\/mah.6bdv.ws\/product\/sorrow-mask-1\/"},"modified":"2025-06-03T10:07:44","modified_gmt":"2025-06-03T09:07:44","slug":"sorrow-mask-1","status":"publish","type":"product","link":"https:\/\/madabouthorror.co.uk\/fr\/product\/sorrow-mask-1\/","title":{"rendered":"Masque en r\u00e9sine Sorrow - Bone White"},"content":{"rendered":"<p>Il s'agit d'un masque incroyablement obs\u00e9dant, fabriqu\u00e9 \u00e0 la main en r\u00e9sine \u00e9paisse et peint \u00e0 la main dans des tons blancs effrayants. Ce masque a \u00e9t\u00e9 sculpt\u00e9 \u00e0 la main et comporte des lani\u00e8res en cuir v\u00e9ritable, un cache-\u0153il en maille et des boucles de haute qualit\u00e9.<\/p>\n<p>Par Brocksmith Designs.<\/p>\n<p>Ce masque serait parfait avec une simple robe noire \u00e0 capuche. Id\u00e9al pour toute attraction d'\u00e9pouvante, \u00e9v\u00e9nement ou f\u00eate d'Halloween.<\/p>\n<p>Il est durable et confortable \u00e0 porter, donc parfait pour les acteurs d'\u00e9pouvante.<\/p>\n<p>Exclusivement disponible au Royaume-Uni et en Europe aupr\u00e8s de Mad About Horror.<\/p>","protected":false},"excerpt":{"rendered":"<p>Il s'agit d'un masque incroyablement obs\u00e9dant, fabriqu\u00e9 \u00e0 la main en r\u00e9sine \u00e9paisse et peint \u00e0 la main dans des tons blancs effrayants. Ce masque a \u00e9t\u00e9 sculpt\u00e9 \u00e0 la main et comporte des lani\u00e8res en cuir v\u00e9ritable, un cache-\u0153il en maille et des boucles de haute qualit\u00e9. Par Brocksmith Designs. Ce masque serait parfait avec une simple robe noire \u00e0 capuche. Il est id\u00e9al pour toute attraction d'\u00e9pouvante, \u00e9v\u00e9nement d'Halloween ou f\u00eate. Il [...]<\/p>","protected":false},"featured_media":48996,"comment_status":"closed","ping_status":"closed","template":"","meta":{"_acf_changed":false},"product_brand":[],"product_cat":[6542,7095,6541,6587,7100,6543,6824,6545],"product_tag":[],"class_list":{"0":"post-49002","1":"product","2":"type-product","3":"status-publish","4":"has-post-thumbnail","6":"product_cat-premium-masks","7":"product_cat-pro-haunted-house","8":"product_cat-masks","9":"product_cat-masks-devils-and-demons","10":"product_cat-satanic-witchcraft","11":"product_cat-professional","12":"product_cat-professional-masks","13":"product_cat-creepy-ghost-masks","14":"pa_brand-brocksmithdesigns","15":"pa_character-other","16":"pa_google_tax-ba-artsentertainmenthobbiescr","18":"first","19":"outofstock","20":"taxable","21":"shipping-taxable","22":"purchasable","23":"product-type-simple"},"supplier_id":467460,"supplier_sku":"","barcode":"","atum_controlled":true,"out_stock_date":"2025-06-03 10:07:46","out_stock_threshold":null,"inheritable":false,"inbound_stock":0,"stock_on_hold":0,"sold_today":0,"sales_last_days":0,"reserved_stock":0,"customer_returns":0,"warehouse_damage":0,"lost_in_post":0,"other_logs":0,"out_stock_days":317,"lost_sales":6790,"has_location":false,"update_date":"2026-04-17T00:27:28","atum_locations":[],"atum_stock_status":"outofstock","restock_status":false,"low_stock_amount":"","sales_update_date":"2026-04-17T00:27:26","calc_backorders":null,"acf":[],"yoast_head":"<!-- This site is optimized with the Yoast SEO plugin v27.4 - https:\/\/yoast.com\/product\/yoast-seo-wordpress\/ -->\n<title>Sorrow Mask - Brocksmith Designs - Mad About Horror<\/title>\n<meta name=\"description\" content=\"UK &amp; Europe exclusive stockist of Brocksmith Designs. High quality horror &amp; Halloween resin masks for events, professional scare actors and cosplayers.\" \/>\n<meta name=\"robots\" content=\"index, follow, max-snippet:-1, max-image-preview:large, max-video-preview:-1\" \/>\n<link rel=\"canonical\" href=\"https:\/\/madabouthorror.co.uk\/fr\/product\/sorrow-mask-1\/\" \/>\n<meta property=\"og:locale\" content=\"fr_FR\" \/>\n<meta property=\"og:type\" content=\"article\" \/>\n<meta property=\"og:title\" content=\"Sorrow Mask - Brocksmith Designs - Mad About Horror\" \/>\n<meta property=\"og:description\" content=\"UK &amp; Europe exclusive stockist of Brocksmith Designs. High quality horror &amp; Halloween resin masks for events, professional scare actors and cosplayers.\" \/>\n<meta property=\"og:url\" content=\"https:\/\/madabouthorror.co.uk\/fr\/product\/sorrow-mask-1\/\" \/>\n<meta property=\"og:site_name\" content=\"Mad About Horror\" \/>\n<meta property=\"article:publisher\" content=\"https:\/\/www.facebook.com\/madabouthorror\/\" \/>\n<meta property=\"article:modified_time\" content=\"2025-06-03T09:07:44+00:00\" \/>\n<meta property=\"og:image\" content=\"https:\/\/madabouthorror.co.uk\/wp-content\/uploads\/2021\/07\/sorrow_bone_mask_brocksmith_designs_1.jpg\" \/>\n\t<meta property=\"og:image:width\" content=\"670\" \/>\n\t<meta property=\"og:image:height\" content=\"670\" \/>\n\t<meta property=\"og:image:type\" content=\"image\/jpeg\" \/>\n<meta name=\"twitter:card\" content=\"summary_large_image\" \/>\n<meta name=\"twitter:label1\" content=\"Dur\u00e9e de lecture estim\u00e9e\" \/>\n\t<meta name=\"twitter:data1\" content=\"1 minute\" \/>\n<script type=\"application\/ld+json\" class=\"yoast-schema-graph\">{\"@context\":\"https:\\\/\\\/schema.org\",\"@graph\":[{\"@type\":[\"WebPage\",\"ItemPage\"],\"@id\":\"https:\\\/\\\/madabouthorror.co.uk\\\/product\\\/sorrow-mask-1\\\/\",\"url\":\"https:\\\/\\\/madabouthorror.co.uk\\\/product\\\/sorrow-mask-1\\\/\",\"name\":\"Sorrow Mask - Brocksmith Designs - Mad About Horror\",\"isPartOf\":{\"@id\":\"https:\\\/\\\/madabouthorror.co.uk\\\/#website\"},\"primaryImageOfPage\":{\"@id\":\"https:\\\/\\\/madabouthorror.co.uk\\\/product\\\/sorrow-mask-1\\\/#primaryimage\"},\"image\":{\"@id\":\"https:\\\/\\\/madabouthorror.co.uk\\\/product\\\/sorrow-mask-1\\\/#primaryimage\"},\"thumbnailUrl\":\"https:\\\/\\\/madabouthorror.co.uk\\\/wp-content\\\/uploads\\\/2021\\\/07\\\/sorrow_bone_mask_brocksmith_designs_1.jpg\",\"datePublished\":\"2021-07-14T15:47:00+00:00\",\"dateModified\":\"2025-06-03T09:07:44+00:00\",\"description\":\"UK & Europe exclusive stockist of Brocksmith Designs. High quality horror & Halloween resin masks for events, professional scare actors and cosplayers.\",\"breadcrumb\":{\"@id\":\"https:\\\/\\\/madabouthorror.co.uk\\\/product\\\/sorrow-mask-1\\\/#breadcrumb\"},\"inLanguage\":\"fr-FR\",\"potentialAction\":[{\"@type\":\"ReadAction\",\"target\":[\"https:\\\/\\\/madabouthorror.co.uk\\\/product\\\/sorrow-mask-1\\\/\"]}]},{\"@type\":\"ImageObject\",\"inLanguage\":\"fr-FR\",\"@id\":\"https:\\\/\\\/madabouthorror.co.uk\\\/product\\\/sorrow-mask-1\\\/#primaryimage\",\"url\":\"https:\\\/\\\/madabouthorror.co.uk\\\/wp-content\\\/uploads\\\/2021\\\/07\\\/sorrow_bone_mask_brocksmith_designs_1.jpg\",\"contentUrl\":\"https:\\\/\\\/madabouthorror.co.uk\\\/wp-content\\\/uploads\\\/2021\\\/07\\\/sorrow_bone_mask_brocksmith_designs_1.jpg\",\"width\":670,\"height\":670,\"caption\":\"Sorrow Resin Mask - Bone White\"},{\"@type\":\"BreadcrumbList\",\"@id\":\"https:\\\/\\\/madabouthorror.co.uk\\\/product\\\/sorrow-mask-1\\\/#breadcrumb\",\"itemListElement\":[{\"@type\":\"ListItem\",\"position\":1,\"name\":\"Shop\",\"item\":\"https:\\\/\\\/madabouthorror.co.uk\\\/shop\\\/\"},{\"@type\":\"ListItem\",\"position\":2,\"name\":\"Sorrow Resin Mask &#8211; Bone White\"}]},{\"@type\":\"WebSite\",\"@id\":\"https:\\\/\\\/madabouthorror.co.uk\\\/#website\",\"url\":\"https:\\\/\\\/madabouthorror.co.uk\\\/\",\"name\":\"Mad About Horror\",\"description\":\"\",\"publisher\":{\"@id\":\"https:\\\/\\\/madabouthorror.co.uk\\\/#organization\"},\"alternateName\":\"Mad About Horror Limited\",\"potentialAction\":[{\"@type\":\"SearchAction\",\"target\":{\"@type\":\"EntryPoint\",\"urlTemplate\":\"https:\\\/\\\/madabouthorror.co.uk\\\/?s={search_term_string}\"},\"query-input\":{\"@type\":\"PropertyValueSpecification\",\"valueRequired\":true,\"valueName\":\"search_term_string\"}}],\"inLanguage\":\"fr-FR\"},{\"@type\":\"Organization\",\"@id\":\"https:\\\/\\\/madabouthorror.co.uk\\\/#organization\",\"name\":\"Mad About Horror\",\"url\":\"https:\\\/\\\/madabouthorror.co.uk\\\/\",\"logo\":{\"@type\":\"ImageObject\",\"inLanguage\":\"fr-FR\",\"@id\":\"https:\\\/\\\/madabouthorror.co.uk\\\/#\\\/schema\\\/logo\\\/image\\\/\",\"url\":\"https:\\\/\\\/madabouthorror.co.uk\\\/wp-content\\\/uploads\\\/2024\\\/02\\\/cropped-Logo.png\",\"contentUrl\":\"https:\\\/\\\/madabouthorror.co.uk\\\/wp-content\\\/uploads\\\/2024\\\/02\\\/cropped-Logo.png\",\"width\":240,\"height\":88,\"caption\":\"Mad About Horror\"},\"image\":{\"@id\":\"https:\\\/\\\/madabouthorror.co.uk\\\/#\\\/schema\\\/logo\\\/image\\\/\"},\"sameAs\":[\"https:\\\/\\\/www.facebook.com\\\/madabouthorror\\\/\",\"https:\\\/\\\/www.instagram.com\\\/madabouthorror\\\/\",\"https:\\\/\\\/www.pinterest.co.uk\\\/madabouthorror\\\/\",\"https:\\\/\\\/www.youtube.com\\\/channel\\\/UCBooLOIxjoQ89dj6T5lWm_w\",\"https:\\\/\\\/www.tiktok.com\\\/@weremadabouthorror\"]}]}<\/script>\n<!-- \/ Yoast SEO plugin. -->","yoast_head_json":{"title":"Masque de chagrin - Brocksmith Designs - Mad About Horror","description":"Stockiste exclusif de Brocksmith Designs pour le Royaume-Uni et l'Europe. Masques d'horreur et d'Halloween en r\u00e9sine de haute qualit\u00e9 pour les \u00e9v\u00e9nements, les acteurs d'\u00e9pouvante professionnels et les cosplayers.","robots":{"index":"index","follow":"follow","max-snippet":"max-snippet:-1","max-image-preview":"max-image-preview:large","max-video-preview":"max-video-preview:-1"},"canonical":"https:\/\/madabouthorror.co.uk\/fr\/product\/sorrow-mask-1\/","og_locale":"fr_FR","og_type":"article","og_title":"Sorrow Mask - Brocksmith Designs - Mad About Horror","og_description":"UK & Europe exclusive stockist of Brocksmith Designs. High quality horror & Halloween resin masks for events, professional scare actors and cosplayers.","og_url":"https:\/\/madabouthorror.co.uk\/fr\/product\/sorrow-mask-1\/","og_site_name":"Mad About Horror","article_publisher":"https:\/\/www.facebook.com\/madabouthorror\/","article_modified_time":"2025-06-03T09:07:44+00:00","og_image":[{"width":670,"height":670,"url":"https:\/\/madabouthorror.co.uk\/wp-content\/uploads\/2021\/07\/sorrow_bone_mask_brocksmith_designs_1.jpg","type":"image\/jpeg"}],"twitter_card":"summary_large_image","twitter_misc":{"Dur\u00e9e de lecture estim\u00e9e":"1 minute"},"schema":{"@context":"https:\/\/schema.org","@graph":[{"@type":["WebPage","ItemPage"],"@id":"https:\/\/madabouthorror.co.uk\/product\/sorrow-mask-1\/","url":"https:\/\/madabouthorror.co.uk\/product\/sorrow-mask-1\/","name":"Masque de chagrin - Brocksmith Designs - Mad About Horror","isPartOf":{"@id":"https:\/\/madabouthorror.co.uk\/#website"},"primaryImageOfPage":{"@id":"https:\/\/madabouthorror.co.uk\/product\/sorrow-mask-1\/#primaryimage"},"image":{"@id":"https:\/\/madabouthorror.co.uk\/product\/sorrow-mask-1\/#primaryimage"},"thumbnailUrl":"https:\/\/madabouthorror.co.uk\/wp-content\/uploads\/2021\/07\/sorrow_bone_mask_brocksmith_designs_1.jpg","datePublished":"2021-07-14T15:47:00+00:00","dateModified":"2025-06-03T09:07:44+00:00","description":"Stockiste exclusif de Brocksmith Designs pour le Royaume-Uni et l'Europe. Masques d'horreur et d'Halloween en r\u00e9sine de haute qualit\u00e9 pour les \u00e9v\u00e9nements, les acteurs d'\u00e9pouvante professionnels et les cosplayers.","breadcrumb":{"@id":"https:\/\/madabouthorror.co.uk\/product\/sorrow-mask-1\/#breadcrumb"},"inLanguage":"fr-FR","potentialAction":[{"@type":"ReadAction","target":["https:\/\/madabouthorror.co.uk\/product\/sorrow-mask-1\/"]}]},{"@type":"ImageObject","inLanguage":"fr-FR","@id":"https:\/\/madabouthorror.co.uk\/product\/sorrow-mask-1\/#primaryimage","url":"https:\/\/madabouthorror.co.uk\/wp-content\/uploads\/2021\/07\/sorrow_bone_mask_brocksmith_designs_1.jpg","contentUrl":"https:\/\/madabouthorror.co.uk\/wp-content\/uploads\/2021\/07\/sorrow_bone_mask_brocksmith_designs_1.jpg","width":670,"height":670,"caption":"Sorrow Resin Mask - Bone White"},{"@type":"BreadcrumbList","@id":"https:\/\/madabouthorror.co.uk\/product\/sorrow-mask-1\/#breadcrumb","itemListElement":[{"@type":"ListItem","position":1,"name":"Shop","item":"https:\/\/madabouthorror.co.uk\/shop\/"},{"@type":"ListItem","position":2,"name":"Sorrow Resin Mask &#8211; Bone White"}]},{"@type":"WebSite","@id":"https:\/\/madabouthorror.co.uk\/#website","url":"https:\/\/madabouthorror.co.uk\/","name":"L'horreur en folie","description":"","publisher":{"@id":"https:\/\/madabouthorror.co.uk\/#organization"},"alternateName":"Mad About Horror Limited","potentialAction":[{"@type":"SearchAction","target":{"@type":"EntryPoint","urlTemplate":"https:\/\/madabouthorror.co.uk\/?s={search_term_string}"},"query-input":{"@type":"PropertyValueSpecification","valueRequired":true,"valueName":"search_term_string"}}],"inLanguage":"fr-FR"},{"@type":"Organization","@id":"https:\/\/madabouthorror.co.uk\/#organization","name":"L'horreur en folie","url":"https:\/\/madabouthorror.co.uk\/","logo":{"@type":"ImageObject","inLanguage":"fr-FR","@id":"https:\/\/madabouthorror.co.uk\/#\/schema\/logo\/image\/","url":"https:\/\/madabouthorror.co.uk\/wp-content\/uploads\/2024\/02\/cropped-Logo.png","contentUrl":"https:\/\/madabouthorror.co.uk\/wp-content\/uploads\/2024\/02\/cropped-Logo.png","width":240,"height":88,"caption":"Mad About Horror"},"image":{"@id":"https:\/\/madabouthorror.co.uk\/#\/schema\/logo\/image\/"},"sameAs":["https:\/\/www.facebook.com\/madabouthorror\/","https:\/\/www.instagram.com\/madabouthorror\/","https:\/\/www.pinterest.co.uk\/madabouthorror\/","https:\/\/www.youtube.com\/channel\/UCBooLOIxjoQ89dj6T5lWm_w","https:\/\/www.tiktok.com\/@weremadabouthorror"]}]}},"df_price":156.2,"df_sale_price":"","df_regular_price":156.2,"df_image_link":"https:\/\/madabouthorror.co.uk\/wp-content\/uploads\/2021\/07\/sorrow_bone_mask_brocksmith_designs_1-300x300.jpg","_links":{"self":[{"href":"https:\/\/madabouthorror.co.uk\/fr\/wp-json\/wp\/v2\/product\/49002","targetHints":{"allow":["GET"]}}],"collection":[{"href":"https:\/\/madabouthorror.co.uk\/fr\/wp-json\/wp\/v2\/product"}],"about":[{"href":"https:\/\/madabouthorror.co.uk\/fr\/wp-json\/wp\/v2\/types\/product"}],"replies":[{"embeddable":true,"href":"https:\/\/madabouthorror.co.uk\/fr\/wp-json\/wp\/v2\/comments?post=49002"}],"wp:featuredmedia":[{"embeddable":true,"href":"https:\/\/madabouthorror.co.uk\/fr\/wp-json\/wp\/v2\/media\/48996"}],"wp:attachment":[{"href":"https:\/\/madabouthorror.co.uk\/fr\/wp-json\/wp\/v2\/media?parent=49002"}],"wp:term":[{"taxonomy":"product_brand","embeddable":true,"href":"https:\/\/madabouthorror.co.uk\/fr\/wp-json\/wp\/v2\/product_brand?post=49002"},{"taxonomy":"product_cat","embeddable":true,"href":"https:\/\/madabouthorror.co.uk\/fr\/wp-json\/wp\/v2\/product_cat?post=49002"},{"taxonomy":"product_tag","embeddable":true,"href":"https:\/\/madabouthorror.co.uk\/fr\/wp-json\/wp\/v2\/product_tag?post=49002"}],"curies":[{"name":"wp","href":"https:\/\/api.w.org\/{rel}","templated":true}]}}