{"id":49119,"date":"2021-07-21T15:49:52","date_gmt":"2021-07-21T14:49:52","guid":{"rendered":"https:\/\/mah.6bdv.ws\/product\/neca-the-thing-ultimate-macready-7-figure\/"},"modified":"2026-04-03T18:57:52","modified_gmt":"2026-04-03T17:57:52","slug":"neca-the-thing-ultimate-macready-7-figure","status":"publish","type":"product","link":"https:\/\/madabouthorror.co.uk\/fr\/product\/neca-the-thing-ultimate-macready-7-figure\/","title":{"rendered":"NECA The Thing - Macready Ultimate 7\u2033 Scale Action Figure"},"content":{"rendered":"<h4>NECA The Thing - Ultimate Macready 7\u2033 Figure<\/h4>\n<p>De <em>La Chose<\/em>La figurine ultime de Macready de NECA vient compl\u00e9ter le classique du film d'horreur \u00e0 construction lente de John Carpenter ! Macready fait partie d'une \u00e9quipe de recherche de 12 hommes qui d\u00e9couvre quelque chose qui attend depuis plus de 100 000 ans dans le cercle antarctique.<\/p>\n<p>\u00c0 l'effigie officielle de Kurt Russell, l'Ultimate Outpost 31 Macready mesure environ 7 pouces et est enti\u00e8rement articul\u00e9.<\/p>\n<p>Comprend 3 t\u00eates interchangeables, des mains interchangeables, un chapeau, des lunettes, un fusil, une lanterne, une bouteille et un gobelet.<\/p>","protected":false},"excerpt":{"rendered":"<p>NECA The Thing - Ultimate Macready 7\u2033 Figure De The Thing, le classique du film d'horreur \u00e0 construction lente de John Carpenter, vient la figurine ultime de Macready de NECA ! Macready est membre d'une \u00e9quipe de recherche de 12 hommes qui d\u00e9couvre quelque chose qui attend depuis plus de 100 000 ans dans le cercle Antarctique. Avec la ressemblance officielle de Kurt Russell, la figurine Ultimate [...]<\/p>","protected":false},"featured_media":49111,"comment_status":"closed","ping_status":"closed","template":"","meta":{"_acf_changed":false},"product_brand":[],"product_cat":[6538,10149,10041,6537,10038,9935,6793,6710],"product_tag":[],"class_list":{"0":"post-49119","1":"product","2":"type-product","3":"status-publish","4":"has-post-thumbnail","6":"product_cat-figures","7":"product_cat-sci-fi","8":"product_cat-gifts-under-50","9":"product_cat-collectibles","10":"product_cat-horror-gifts","11":"product_cat-neca-ultimates","12":"product_cat-neca","13":"product_cat-thething","14":"product_shipping_class-small-parcel-economy-3-5-business-days","16":"first","17":"instock","18":"taxable","19":"shipping-taxable","20":"purchasable","21":"product-type-simple"},"supplier_id":467442,"supplier_sku":"4900-S4","barcode":"634482000000","atum_controlled":true,"out_stock_date":null,"out_stock_threshold":null,"inheritable":false,"inbound_stock":0,"stock_on_hold":0,"sold_today":0,"sales_last_days":0,"reserved_stock":0,"customer_returns":0,"warehouse_damage":0,"lost_in_post":0,"other_logs":0,"out_stock_days":0,"lost_sales":0,"has_location":false,"update_date":"2026-04-06T01:50:44","atum_locations":[],"atum_stock_status":"instock","restock_status":false,"low_stock_amount":4,"sales_update_date":"2026-04-06T01:50:43","calc_backorders":null,"acf":[],"yoast_head":"<!-- This site is optimized with the Yoast SEO plugin v27.3 - https:\/\/yoast.com\/product\/yoast-seo-wordpress\/ -->\n<title>NECA The Thing - Macready Ultimate 7&quot; Scale Action Figure | UK<\/title>\n<meta name=\"description\" content=\"NECA The Thing - Ultimate Macready Figure. Horror collectibles and Halloween props available from Madabouthorror, Europe\u2019s leading horror specialist.\" \/>\n<meta name=\"robots\" content=\"index, follow, max-snippet:-1, max-image-preview:large, max-video-preview:-1\" \/>\n<link rel=\"canonical\" href=\"https:\/\/madabouthorror.co.uk\/fr\/product\/neca-the-thing-ultimate-macready-7-figure\/\" \/>\n<meta property=\"og:locale\" content=\"fr_FR\" \/>\n<meta property=\"og:type\" content=\"article\" \/>\n<meta property=\"og:title\" content=\"NECA The Thing - Macready Ultimate 7&quot; Scale Action Figure | UK\" \/>\n<meta property=\"og:description\" content=\"NECA The Thing - Ultimate Macready Figure. Horror collectibles and Halloween props available from Madabouthorror, Europe\u2019s leading horror specialist.\" \/>\n<meta property=\"og:url\" content=\"https:\/\/madabouthorror.co.uk\/fr\/product\/neca-the-thing-ultimate-macready-7-figure\/\" \/>\n<meta property=\"og:site_name\" content=\"Mad About Horror\" \/>\n<meta property=\"article:publisher\" content=\"https:\/\/www.facebook.com\/madabouthorror\/\" \/>\n<meta property=\"article:modified_time\" content=\"2026-04-03T17:57:52+00:00\" \/>\n<meta property=\"og:image\" content=\"https:\/\/madabouthorror.co.uk\/wp-content\/uploads\/2021\/07\/main_neca_the_thing_macready_ultimate_figure.jpg\" \/>\n\t<meta property=\"og:image:width\" content=\"670\" \/>\n\t<meta property=\"og:image:height\" content=\"670\" \/>\n\t<meta property=\"og:image:type\" content=\"image\/jpeg\" \/>\n<meta name=\"twitter:card\" content=\"summary_large_image\" \/>\n<meta name=\"twitter:label1\" content=\"Dur\u00e9e de lecture estim\u00e9e\" \/>\n\t<meta name=\"twitter:data1\" content=\"1 minute\" \/>\n<script type=\"application\/ld+json\" class=\"yoast-schema-graph\">{\"@context\":\"https:\\\/\\\/schema.org\",\"@graph\":[{\"@type\":[\"WebPage\",\"ItemPage\"],\"@id\":\"https:\\\/\\\/madabouthorror.co.uk\\\/product\\\/neca-the-thing-ultimate-macready-7-figure\\\/\",\"url\":\"https:\\\/\\\/madabouthorror.co.uk\\\/product\\\/neca-the-thing-ultimate-macready-7-figure\\\/\",\"name\":\"NECA The Thing - Macready Ultimate 7\\\" Scale Action Figure | UK\",\"isPartOf\":{\"@id\":\"https:\\\/\\\/madabouthorror.co.uk\\\/#website\"},\"primaryImageOfPage\":{\"@id\":\"https:\\\/\\\/madabouthorror.co.uk\\\/product\\\/neca-the-thing-ultimate-macready-7-figure\\\/#primaryimage\"},\"image\":{\"@id\":\"https:\\\/\\\/madabouthorror.co.uk\\\/product\\\/neca-the-thing-ultimate-macready-7-figure\\\/#primaryimage\"},\"thumbnailUrl\":\"https:\\\/\\\/madabouthorror.co.uk\\\/wp-content\\\/uploads\\\/2021\\\/07\\\/main_neca_the_thing_macready_ultimate_figure.jpg\",\"datePublished\":\"2021-07-21T14:49:52+00:00\",\"dateModified\":\"2026-04-03T17:57:52+00:00\",\"description\":\"NECA The Thing - Ultimate Macready Figure. Horror collectibles and Halloween props available from Madabouthorror, Europe\u2019s leading horror specialist.\",\"breadcrumb\":{\"@id\":\"https:\\\/\\\/madabouthorror.co.uk\\\/product\\\/neca-the-thing-ultimate-macready-7-figure\\\/#breadcrumb\"},\"inLanguage\":\"fr-FR\",\"potentialAction\":[{\"@type\":\"ReadAction\",\"target\":[\"https:\\\/\\\/madabouthorror.co.uk\\\/product\\\/neca-the-thing-ultimate-macready-7-figure\\\/\"]}]},{\"@type\":\"ImageObject\",\"inLanguage\":\"fr-FR\",\"@id\":\"https:\\\/\\\/madabouthorror.co.uk\\\/product\\\/neca-the-thing-ultimate-macready-7-figure\\\/#primaryimage\",\"url\":\"https:\\\/\\\/madabouthorror.co.uk\\\/wp-content\\\/uploads\\\/2021\\\/07\\\/main_neca_the_thing_macready_ultimate_figure.jpg\",\"contentUrl\":\"https:\\\/\\\/madabouthorror.co.uk\\\/wp-content\\\/uploads\\\/2021\\\/07\\\/main_neca_the_thing_macready_ultimate_figure.jpg\",\"width\":670,\"height\":670,\"caption\":\"NECA The Thing - Ultimate Macready 7\\\" Figure\"},{\"@type\":\"BreadcrumbList\",\"@id\":\"https:\\\/\\\/madabouthorror.co.uk\\\/product\\\/neca-the-thing-ultimate-macready-7-figure\\\/#breadcrumb\",\"itemListElement\":[{\"@type\":\"ListItem\",\"position\":1,\"name\":\"Shop\",\"item\":\"https:\\\/\\\/madabouthorror.co.uk\\\/shop\\\/\"},{\"@type\":\"ListItem\",\"position\":2,\"name\":\"NECA The Thing &#8211; Macready Ultimate 7&#8243; Scale Action Figure\"}]},{\"@type\":\"WebSite\",\"@id\":\"https:\\\/\\\/madabouthorror.co.uk\\\/#website\",\"url\":\"https:\\\/\\\/madabouthorror.co.uk\\\/\",\"name\":\"Mad About Horror\",\"description\":\"\",\"publisher\":{\"@id\":\"https:\\\/\\\/madabouthorror.co.uk\\\/#organization\"},\"alternateName\":\"Mad About Horror Limited\",\"potentialAction\":[{\"@type\":\"SearchAction\",\"target\":{\"@type\":\"EntryPoint\",\"urlTemplate\":\"https:\\\/\\\/madabouthorror.co.uk\\\/?s={search_term_string}\"},\"query-input\":{\"@type\":\"PropertyValueSpecification\",\"valueRequired\":true,\"valueName\":\"search_term_string\"}}],\"inLanguage\":\"fr-FR\"},{\"@type\":\"Organization\",\"@id\":\"https:\\\/\\\/madabouthorror.co.uk\\\/#organization\",\"name\":\"Mad About Horror\",\"url\":\"https:\\\/\\\/madabouthorror.co.uk\\\/\",\"logo\":{\"@type\":\"ImageObject\",\"inLanguage\":\"fr-FR\",\"@id\":\"https:\\\/\\\/madabouthorror.co.uk\\\/#\\\/schema\\\/logo\\\/image\\\/\",\"url\":\"https:\\\/\\\/madabouthorror.co.uk\\\/wp-content\\\/uploads\\\/2024\\\/02\\\/cropped-Logo.png\",\"contentUrl\":\"https:\\\/\\\/madabouthorror.co.uk\\\/wp-content\\\/uploads\\\/2024\\\/02\\\/cropped-Logo.png\",\"width\":240,\"height\":88,\"caption\":\"Mad About Horror\"},\"image\":{\"@id\":\"https:\\\/\\\/madabouthorror.co.uk\\\/#\\\/schema\\\/logo\\\/image\\\/\"},\"sameAs\":[\"https:\\\/\\\/www.facebook.com\\\/madabouthorror\\\/\",\"https:\\\/\\\/www.instagram.com\\\/madabouthorror\\\/\",\"https:\\\/\\\/www.pinterest.co.uk\\\/madabouthorror\\\/\",\"https:\\\/\\\/www.youtube.com\\\/channel\\\/UCBooLOIxjoQ89dj6T5lWm_w\",\"https:\\\/\\\/www.tiktok.com\\\/@weremadabouthorror\"]}]}<\/script>\n<!-- \/ Yoast SEO plugin. -->","yoast_head_json":{"title":"NECA The Thing - Macready Ultimate 7\" Scale Action Figure | UK","description":"NECA The Thing - Ultimate Macready Figure. Objets de collection d'horreur et accessoires d'Halloween disponibles chez Madabouthorror, le plus grand sp\u00e9cialiste de l'horreur en Europe.","robots":{"index":"index","follow":"follow","max-snippet":"max-snippet:-1","max-image-preview":"max-image-preview:large","max-video-preview":"max-video-preview:-1"},"canonical":"https:\/\/madabouthorror.co.uk\/fr\/product\/neca-the-thing-ultimate-macready-7-figure\/","og_locale":"fr_FR","og_type":"article","og_title":"NECA The Thing - Macready Ultimate 7\" Scale Action Figure | UK","og_description":"NECA The Thing - Ultimate Macready Figure. Horror collectibles and Halloween props available from Madabouthorror, Europe\u2019s leading horror specialist.","og_url":"https:\/\/madabouthorror.co.uk\/fr\/product\/neca-the-thing-ultimate-macready-7-figure\/","og_site_name":"Mad About Horror","article_publisher":"https:\/\/www.facebook.com\/madabouthorror\/","article_modified_time":"2026-04-03T17:57:52+00:00","og_image":[{"width":670,"height":670,"url":"https:\/\/madabouthorror.co.uk\/wp-content\/uploads\/2021\/07\/main_neca_the_thing_macready_ultimate_figure.jpg","type":"image\/jpeg"}],"twitter_card":"summary_large_image","twitter_misc":{"Dur\u00e9e de lecture estim\u00e9e":"1 minute"},"schema":{"@context":"https:\/\/schema.org","@graph":[{"@type":["WebPage","ItemPage"],"@id":"https:\/\/madabouthorror.co.uk\/product\/neca-the-thing-ultimate-macready-7-figure\/","url":"https:\/\/madabouthorror.co.uk\/product\/neca-the-thing-ultimate-macready-7-figure\/","name":"NECA The Thing - Macready Ultimate 7\" Scale Action Figure | UK","isPartOf":{"@id":"https:\/\/madabouthorror.co.uk\/#website"},"primaryImageOfPage":{"@id":"https:\/\/madabouthorror.co.uk\/product\/neca-the-thing-ultimate-macready-7-figure\/#primaryimage"},"image":{"@id":"https:\/\/madabouthorror.co.uk\/product\/neca-the-thing-ultimate-macready-7-figure\/#primaryimage"},"thumbnailUrl":"https:\/\/madabouthorror.co.uk\/wp-content\/uploads\/2021\/07\/main_neca_the_thing_macready_ultimate_figure.jpg","datePublished":"2021-07-21T14:49:52+00:00","dateModified":"2026-04-03T17:57:52+00:00","description":"NECA The Thing - Ultimate Macready Figure. Objets de collection d'horreur et accessoires d'Halloween disponibles chez Madabouthorror, le plus grand sp\u00e9cialiste de l'horreur en Europe.","breadcrumb":{"@id":"https:\/\/madabouthorror.co.uk\/product\/neca-the-thing-ultimate-macready-7-figure\/#breadcrumb"},"inLanguage":"fr-FR","potentialAction":[{"@type":"ReadAction","target":["https:\/\/madabouthorror.co.uk\/product\/neca-the-thing-ultimate-macready-7-figure\/"]}]},{"@type":"ImageObject","inLanguage":"fr-FR","@id":"https:\/\/madabouthorror.co.uk\/product\/neca-the-thing-ultimate-macready-7-figure\/#primaryimage","url":"https:\/\/madabouthorror.co.uk\/wp-content\/uploads\/2021\/07\/main_neca_the_thing_macready_ultimate_figure.jpg","contentUrl":"https:\/\/madabouthorror.co.uk\/wp-content\/uploads\/2021\/07\/main_neca_the_thing_macready_ultimate_figure.jpg","width":670,"height":670,"caption":"NECA The Thing - Ultimate Macready 7\" Figure"},{"@type":"BreadcrumbList","@id":"https:\/\/madabouthorror.co.uk\/product\/neca-the-thing-ultimate-macready-7-figure\/#breadcrumb","itemListElement":[{"@type":"ListItem","position":1,"name":"Shop","item":"https:\/\/madabouthorror.co.uk\/shop\/"},{"@type":"ListItem","position":2,"name":"NECA The Thing &#8211; Macready Ultimate 7&#8243; Scale Action Figure"}]},{"@type":"WebSite","@id":"https:\/\/madabouthorror.co.uk\/#website","url":"https:\/\/madabouthorror.co.uk\/","name":"L'horreur en folie","description":"","publisher":{"@id":"https:\/\/madabouthorror.co.uk\/#organization"},"alternateName":"Mad About Horror Limited","potentialAction":[{"@type":"SearchAction","target":{"@type":"EntryPoint","urlTemplate":"https:\/\/madabouthorror.co.uk\/?s={search_term_string}"},"query-input":{"@type":"PropertyValueSpecification","valueRequired":true,"valueName":"search_term_string"}}],"inLanguage":"fr-FR"},{"@type":"Organization","@id":"https:\/\/madabouthorror.co.uk\/#organization","name":"L'horreur en folie","url":"https:\/\/madabouthorror.co.uk\/","logo":{"@type":"ImageObject","inLanguage":"fr-FR","@id":"https:\/\/madabouthorror.co.uk\/#\/schema\/logo\/image\/","url":"https:\/\/madabouthorror.co.uk\/wp-content\/uploads\/2024\/02\/cropped-Logo.png","contentUrl":"https:\/\/madabouthorror.co.uk\/wp-content\/uploads\/2024\/02\/cropped-Logo.png","width":240,"height":88,"caption":"Mad About Horror"},"image":{"@id":"https:\/\/madabouthorror.co.uk\/#\/schema\/logo\/image\/"},"sameAs":["https:\/\/www.facebook.com\/madabouthorror\/","https:\/\/www.instagram.com\/madabouthorror\/","https:\/\/www.pinterest.co.uk\/madabouthorror\/","https:\/\/www.youtube.com\/channel\/UCBooLOIxjoQ89dj6T5lWm_w","https:\/\/www.tiktok.com\/@weremadabouthorror"]}]}},"df_price":48.91,"df_sale_price":"","df_regular_price":48.91,"df_image_link":"https:\/\/madabouthorror.co.uk\/wp-content\/uploads\/2021\/07\/main_neca_the_thing_macready_ultimate_figure-300x300.jpg","_links":{"self":[{"href":"https:\/\/madabouthorror.co.uk\/fr\/wp-json\/wp\/v2\/product\/49119","targetHints":{"allow":["GET"]}}],"collection":[{"href":"https:\/\/madabouthorror.co.uk\/fr\/wp-json\/wp\/v2\/product"}],"about":[{"href":"https:\/\/madabouthorror.co.uk\/fr\/wp-json\/wp\/v2\/types\/product"}],"replies":[{"embeddable":true,"href":"https:\/\/madabouthorror.co.uk\/fr\/wp-json\/wp\/v2\/comments?post=49119"}],"wp:featuredmedia":[{"embeddable":true,"href":"https:\/\/madabouthorror.co.uk\/fr\/wp-json\/wp\/v2\/media\/49111"}],"wp:attachment":[{"href":"https:\/\/madabouthorror.co.uk\/fr\/wp-json\/wp\/v2\/media?parent=49119"}],"wp:term":[{"taxonomy":"product_brand","embeddable":true,"href":"https:\/\/madabouthorror.co.uk\/fr\/wp-json\/wp\/v2\/product_brand?post=49119"},{"taxonomy":"product_cat","embeddable":true,"href":"https:\/\/madabouthorror.co.uk\/fr\/wp-json\/wp\/v2\/product_cat?post=49119"},{"taxonomy":"product_tag","embeddable":true,"href":"https:\/\/madabouthorror.co.uk\/fr\/wp-json\/wp\/v2\/product_tag?post=49119"}],"curies":[{"name":"wp","href":"https:\/\/api.w.org\/{rel}","templated":true}]}}