{"id":493078,"date":"2024-08-05T14:35:19","date_gmt":"2024-08-05T13:35:19","guid":{"rendered":"https:\/\/madabouthorror.co.uk\/?post_type=product&#038;p=493078"},"modified":"2026-04-26T18:46:34","modified_gmt":"2026-04-26T17:46:34","slug":"terrifier-3-art-the-clown-santa-mask","status":"publish","type":"product","link":"https:\/\/madabouthorror.co.uk\/fr\/product\/terrifier-3-art-the-clown-santa-mask\/","title":{"rendered":"Terrifier 3 - Art The Clown Santa Mask"},"content":{"rendered":"<p>Voici le masque Terrifier 3 Art the Clown Santa de la franchise cin\u00e9matographique classique de Damien Leone, <em>Terrifier<\/em>. Ce masque se distingue par son authenticit\u00e9, sculpt\u00e9 directement \u00e0 partir d'un scan de David Howard Thornton (Art the Clown) portant la v\u00e9ritable proth\u00e8se pendant le processus de moulage au Studio Tinsley pour <em>Terrifier 3<\/em>. Avec des proportions exactes, des d\u00e9tails m\u00e9ticuleux et une peinture qui correspond parfaitement aux couleurs du film, ce masque capture l'essence m\u00eame d'Art le Clown, garantissant qu'il va \u00e0 la fois \u00e9lever et terrifier vos amis lors de cet Halloween.<\/p>\n<p>Parmi les trois versions de cette sculpture, la version P\u00e8re No\u00ebl ajoute un esprit festif \u00e0 ce masque saisissant. Que vous soyez un collectionneur inv\u00e9t\u00e9r\u00e9 de masques ou un fan de la s\u00e9rie <em>Terrifier<\/em> Cette pi\u00e8ce est indispensable.<\/p>\n<p><strong>D\u00e9tails :<\/strong><\/p>\n<ul>\n<li><strong>Concepteur :<\/strong> Christien Tinsley au studio Tinsley<\/li>\n<li><strong>Mat\u00e9riau :<\/strong> Latex<\/li>\n<li><strong>Cr\u00e9ateur :<\/strong> Christien Tinsley, propri\u00e9taire de Tinsley Transfers, est un fabricant de masques et un artiste d'effets r\u00e9put\u00e9, fort de plusieurs dizaines d'ann\u00e9es d'exp\u00e9rience. Christien est laur\u00e9at d'un Academy Award et d'un Emmy Award dans l'industrie du cin\u00e9ma et de la t\u00e9l\u00e9vision.<\/li>\n<\/ul>\n<p><em>Art the Clown et Terrifier sont des marques d\u00e9pos\u00e9es et des droits d'auteur d'Art The Clown LLC. Tous les droits sont r\u00e9serv\u00e9s.<\/em><\/p>","protected":false},"excerpt":{"rendered":"<p>Pr\u00e9sentation du masque de P\u00e8re No\u00ebl Art the Clown de Terrifier 3, issu de la franchise de films culte de Damien Leone, Terrifier. Ce masque se distingue par son authenticit\u00e9, sculpt\u00e9 directement \u00e0 partir d'un scan de David Howard Thornton (Art the Clown) portant le proth\u00e9tique r\u00e9el lors du processus de moulage aux Tinsley Studio pour Terrifier 3. Avec des proportions pr\u00e9cises, m\u00e9ticuleuses, [\u2026]<\/p>","protected":false},"featured_media":493079,"comment_status":"closed","ping_status":"closed","template":"","meta":{"_acf_changed":false},"product_brand":[],"product_cat":[10079,10019,6580,10100,10124,10130,10038,6546,6541,6787,8802,9919,6701],"product_tag":[],"class_list":{"0":"post-493078","1":"product","2":"type-product","3":"status-publish","4":"has-post-thumbnail","6":"product_cat-art-the-clown-costume","7":"product_cat-terrifier-art-the-clown","8":"product_cat-movie-tv","9":"product_cat-latex-masks","10":"product_cat-tinsley","11":"product_cat-top-50-gifts","12":"product_cat-horror-gifts","13":"product_cat-masks-clown","14":"product_cat-masks","15":"product_cat-art-the-clown","16":"product_cat-sale","17":"product_cat-christmas","18":"product_cat-terrifier","20":"first","21":"instock","22":"sale","23":"taxable","24":"shipping-taxable","25":"purchasable","26":"product-type-simple"},"supplier_id":467909,"supplier_sku":"TT-TERMSK003","barcode":"813722024069","atum_controlled":true,"out_stock_date":null,"out_stock_threshold":null,"inheritable":false,"inbound_stock":0,"stock_on_hold":0,"sold_today":0,"sales_last_days":0,"reserved_stock":0,"customer_returns":0,"warehouse_damage":0,"lost_in_post":0,"other_logs":0,"out_stock_days":0,"lost_sales":0,"has_location":false,"update_date":"2026-04-27T07:58:29","atum_locations":[],"atum_stock_status":"instock","restock_status":false,"low_stock_amount":"","sales_update_date":"2026-04-27T07:58:28","calc_backorders":null,"acf":[],"yoast_head":"<!-- This site is optimized with the Yoast SEO plugin v27.4 - https:\/\/yoast.com\/product\/yoast-seo-wordpress\/ -->\n<title>Terrifier 3 - Art The Clown Santa Mask UK | Mad About Horror<\/title>\n<meta name=\"description\" content=\"UK Stock Terrifier 3 Art The Clown Santa Mask. PRE-ORDER now available in the UK. Buy from the UK &amp; Europe&#039;s leading horror &amp; Halloween specialist.\" \/>\n<meta name=\"robots\" content=\"index, follow, max-snippet:-1, max-image-preview:large, max-video-preview:-1\" \/>\n<link rel=\"canonical\" href=\"https:\/\/madabouthorror.co.uk\/fr\/product\/terrifier-3-art-the-clown-santa-mask\/\" \/>\n<meta property=\"og:locale\" content=\"fr_FR\" \/>\n<meta property=\"og:type\" content=\"article\" \/>\n<meta property=\"og:title\" content=\"Terrifier 3 - Art The Clown Santa Mask UK | Mad About Horror\" \/>\n<meta property=\"og:description\" content=\"UK Stock Terrifier 3 Art The Clown Santa Mask. PRE-ORDER now available in the UK. Buy from the UK &amp; Europe&#039;s leading horror &amp; Halloween specialist.\" \/>\n<meta property=\"og:url\" content=\"https:\/\/madabouthorror.co.uk\/fr\/product\/terrifier-3-art-the-clown-santa-mask\/\" \/>\n<meta property=\"og:site_name\" content=\"Mad About Horror\" \/>\n<meta property=\"article:publisher\" content=\"https:\/\/www.facebook.com\/madabouthorror\/\" \/>\n<meta property=\"article:modified_time\" content=\"2026-04-26T17:46:34+00:00\" \/>\n<meta name=\"twitter:card\" content=\"summary_large_image\" \/>\n<meta name=\"twitter:label1\" content=\"Dur\u00e9e de lecture estim\u00e9e\" \/>\n\t<meta name=\"twitter:data1\" content=\"1 minute\" \/>\n<script type=\"application\/ld+json\" class=\"yoast-schema-graph\">{\"@context\":\"https:\\\/\\\/schema.org\",\"@graph\":[{\"@type\":[\"WebPage\",\"ItemPage\"],\"@id\":\"https:\\\/\\\/madabouthorror.co.uk\\\/product\\\/terrifier-3-art-the-clown-santa-mask\\\/\",\"url\":\"https:\\\/\\\/madabouthorror.co.uk\\\/product\\\/terrifier-3-art-the-clown-santa-mask\\\/\",\"name\":\"Terrifier 3 - Art The Clown Santa Mask UK | Mad About Horror\",\"isPartOf\":{\"@id\":\"https:\\\/\\\/madabouthorror.co.uk\\\/#website\"},\"primaryImageOfPage\":{\"@id\":\"https:\\\/\\\/madabouthorror.co.uk\\\/product\\\/terrifier-3-art-the-clown-santa-mask\\\/#primaryimage\"},\"image\":{\"@id\":\"https:\\\/\\\/madabouthorror.co.uk\\\/product\\\/terrifier-3-art-the-clown-santa-mask\\\/#primaryimage\"},\"thumbnailUrl\":\"https:\\\/\\\/madabouthorror.co.uk\\\/wp-content\\\/uploads\\\/2024\\\/08\\\/Amazon_masks_Terrifier_santa_PRODUCT-600x600-1.avif\",\"datePublished\":\"2024-08-05T13:35:19+00:00\",\"dateModified\":\"2026-04-26T17:46:34+00:00\",\"description\":\"UK Stock Terrifier 3 Art The Clown Santa Mask. PRE-ORDER now available in the UK. Buy from the UK & Europe's leading horror & Halloween specialist.\",\"breadcrumb\":{\"@id\":\"https:\\\/\\\/madabouthorror.co.uk\\\/product\\\/terrifier-3-art-the-clown-santa-mask\\\/#breadcrumb\"},\"inLanguage\":\"fr-FR\",\"potentialAction\":[{\"@type\":\"ReadAction\",\"target\":[\"https:\\\/\\\/madabouthorror.co.uk\\\/product\\\/terrifier-3-art-the-clown-santa-mask\\\/\"]}]},{\"@type\":\"ImageObject\",\"inLanguage\":\"fr-FR\",\"@id\":\"https:\\\/\\\/madabouthorror.co.uk\\\/product\\\/terrifier-3-art-the-clown-santa-mask\\\/#primaryimage\",\"url\":\"https:\\\/\\\/madabouthorror.co.uk\\\/wp-content\\\/uploads\\\/2024\\\/08\\\/Amazon_masks_Terrifier_santa_PRODUCT-600x600-1.avif\",\"contentUrl\":\"https:\\\/\\\/madabouthorror.co.uk\\\/wp-content\\\/uploads\\\/2024\\\/08\\\/Amazon_masks_Terrifier_santa_PRODUCT-600x600-1.avif\",\"width\":600,\"height\":600,\"caption\":\"Art The Clown Santa Mask\"},{\"@type\":\"BreadcrumbList\",\"@id\":\"https:\\\/\\\/madabouthorror.co.uk\\\/product\\\/terrifier-3-art-the-clown-santa-mask\\\/#breadcrumb\",\"itemListElement\":[{\"@type\":\"ListItem\",\"position\":1,\"name\":\"Shop\",\"item\":\"https:\\\/\\\/madabouthorror.co.uk\\\/shop\\\/\"},{\"@type\":\"ListItem\",\"position\":2,\"name\":\"Terrifier 3 &#8211; Art The Clown Santa Mask\"}]},{\"@type\":\"WebSite\",\"@id\":\"https:\\\/\\\/madabouthorror.co.uk\\\/#website\",\"url\":\"https:\\\/\\\/madabouthorror.co.uk\\\/\",\"name\":\"Mad About Horror\",\"description\":\"\",\"publisher\":{\"@id\":\"https:\\\/\\\/madabouthorror.co.uk\\\/#organization\"},\"alternateName\":\"Mad About Horror Limited\",\"potentialAction\":[{\"@type\":\"SearchAction\",\"target\":{\"@type\":\"EntryPoint\",\"urlTemplate\":\"https:\\\/\\\/madabouthorror.co.uk\\\/?s={search_term_string}\"},\"query-input\":{\"@type\":\"PropertyValueSpecification\",\"valueRequired\":true,\"valueName\":\"search_term_string\"}}],\"inLanguage\":\"fr-FR\"},{\"@type\":\"Organization\",\"@id\":\"https:\\\/\\\/madabouthorror.co.uk\\\/#organization\",\"name\":\"Mad About Horror\",\"url\":\"https:\\\/\\\/madabouthorror.co.uk\\\/\",\"logo\":{\"@type\":\"ImageObject\",\"inLanguage\":\"fr-FR\",\"@id\":\"https:\\\/\\\/madabouthorror.co.uk\\\/#\\\/schema\\\/logo\\\/image\\\/\",\"url\":\"https:\\\/\\\/madabouthorror.co.uk\\\/wp-content\\\/uploads\\\/2024\\\/02\\\/cropped-Logo.png\",\"contentUrl\":\"https:\\\/\\\/madabouthorror.co.uk\\\/wp-content\\\/uploads\\\/2024\\\/02\\\/cropped-Logo.png\",\"width\":240,\"height\":88,\"caption\":\"Mad About Horror\"},\"image\":{\"@id\":\"https:\\\/\\\/madabouthorror.co.uk\\\/#\\\/schema\\\/logo\\\/image\\\/\"},\"sameAs\":[\"https:\\\/\\\/www.facebook.com\\\/madabouthorror\\\/\",\"https:\\\/\\\/www.instagram.com\\\/madabouthorror\\\/\",\"https:\\\/\\\/www.pinterest.co.uk\\\/madabouthorror\\\/\",\"https:\\\/\\\/www.youtube.com\\\/channel\\\/UCBooLOIxjoQ89dj6T5lWm_w\",\"https:\\\/\\\/www.tiktok.com\\\/@weremadabouthorror\"]}]}<\/script>\n<!-- \/ Yoast SEO plugin. -->","yoast_head_json":{"title":"Terrifier 3 - Masque de P\u00e8re No\u00ebl avec Art The Clown UK | Mad About Horror","description":"Masque P\u00e8re No\u00ebl \"Art The Clown\" de stock UK Terrifier 3. PR\u00c9COMMANDE maintenant disponible au Royaume-Uni. Achetez aupr\u00e8s du sp\u00e9cialiste leader au Royaume-Uni et en Europe pour l'horreur et Halloween.","robots":{"index":"index","follow":"follow","max-snippet":"max-snippet:-1","max-image-preview":"max-image-preview:large","max-video-preview":"max-video-preview:-1"},"canonical":"https:\/\/madabouthorror.co.uk\/fr\/product\/terrifier-3-art-the-clown-santa-mask\/","og_locale":"fr_FR","og_type":"article","og_title":"Terrifier 3 - Art The Clown Santa Mask UK | Mad About Horror","og_description":"UK Stock Terrifier 3 Art The Clown Santa Mask. PRE-ORDER now available in the UK. Buy from the UK & Europe's leading horror & Halloween specialist.","og_url":"https:\/\/madabouthorror.co.uk\/fr\/product\/terrifier-3-art-the-clown-santa-mask\/","og_site_name":"Mad About Horror","article_publisher":"https:\/\/www.facebook.com\/madabouthorror\/","article_modified_time":"2026-04-26T17:46:34+00:00","twitter_card":"summary_large_image","twitter_misc":{"Dur\u00e9e de lecture estim\u00e9e":"1 minute"},"schema":{"@context":"https:\/\/schema.org","@graph":[{"@type":["WebPage","ItemPage"],"@id":"https:\/\/madabouthorror.co.uk\/product\/terrifier-3-art-the-clown-santa-mask\/","url":"https:\/\/madabouthorror.co.uk\/product\/terrifier-3-art-the-clown-santa-mask\/","name":"Terrifier 3 - Masque de P\u00e8re No\u00ebl avec Art The Clown UK | Mad About Horror","isPartOf":{"@id":"https:\/\/madabouthorror.co.uk\/#website"},"primaryImageOfPage":{"@id":"https:\/\/madabouthorror.co.uk\/product\/terrifier-3-art-the-clown-santa-mask\/#primaryimage"},"image":{"@id":"https:\/\/madabouthorror.co.uk\/product\/terrifier-3-art-the-clown-santa-mask\/#primaryimage"},"thumbnailUrl":"https:\/\/madabouthorror.co.uk\/wp-content\/uploads\/2024\/08\/Amazon_masks_Terrifier_santa_PRODUCT-600x600-1.avif","datePublished":"2024-08-05T13:35:19+00:00","dateModified":"2026-04-26T17:46:34+00:00","description":"Masque P\u00e8re No\u00ebl \"Art The Clown\" de stock UK Terrifier 3. PR\u00c9COMMANDE maintenant disponible au Royaume-Uni. Achetez aupr\u00e8s du sp\u00e9cialiste leader au Royaume-Uni et en Europe pour l'horreur et Halloween.","breadcrumb":{"@id":"https:\/\/madabouthorror.co.uk\/product\/terrifier-3-art-the-clown-santa-mask\/#breadcrumb"},"inLanguage":"fr-FR","potentialAction":[{"@type":"ReadAction","target":["https:\/\/madabouthorror.co.uk\/product\/terrifier-3-art-the-clown-santa-mask\/"]}]},{"@type":"ImageObject","inLanguage":"fr-FR","@id":"https:\/\/madabouthorror.co.uk\/product\/terrifier-3-art-the-clown-santa-mask\/#primaryimage","url":"https:\/\/madabouthorror.co.uk\/wp-content\/uploads\/2024\/08\/Amazon_masks_Terrifier_santa_PRODUCT-600x600-1.avif","contentUrl":"https:\/\/madabouthorror.co.uk\/wp-content\/uploads\/2024\/08\/Amazon_masks_Terrifier_santa_PRODUCT-600x600-1.avif","width":600,"height":600,"caption":"Art The Clown Santa Mask"},{"@type":"BreadcrumbList","@id":"https:\/\/madabouthorror.co.uk\/product\/terrifier-3-art-the-clown-santa-mask\/#breadcrumb","itemListElement":[{"@type":"ListItem","position":1,"name":"Shop","item":"https:\/\/madabouthorror.co.uk\/shop\/"},{"@type":"ListItem","position":2,"name":"Terrifier 3 &#8211; Art The Clown Santa Mask"}]},{"@type":"WebSite","@id":"https:\/\/madabouthorror.co.uk\/#website","url":"https:\/\/madabouthorror.co.uk\/","name":"L'horreur en folie","description":"","publisher":{"@id":"https:\/\/madabouthorror.co.uk\/#organization"},"alternateName":"Mad About Horror Limited","potentialAction":[{"@type":"SearchAction","target":{"@type":"EntryPoint","urlTemplate":"https:\/\/madabouthorror.co.uk\/?s={search_term_string}"},"query-input":{"@type":"PropertyValueSpecification","valueRequired":true,"valueName":"search_term_string"}}],"inLanguage":"fr-FR"},{"@type":"Organization","@id":"https:\/\/madabouthorror.co.uk\/#organization","name":"L'horreur en folie","url":"https:\/\/madabouthorror.co.uk\/","logo":{"@type":"ImageObject","inLanguage":"fr-FR","@id":"https:\/\/madabouthorror.co.uk\/#\/schema\/logo\/image\/","url":"https:\/\/madabouthorror.co.uk\/wp-content\/uploads\/2024\/02\/cropped-Logo.png","contentUrl":"https:\/\/madabouthorror.co.uk\/wp-content\/uploads\/2024\/02\/cropped-Logo.png","width":240,"height":88,"caption":"Mad About Horror"},"image":{"@id":"https:\/\/madabouthorror.co.uk\/#\/schema\/logo\/image\/"},"sameAs":["https:\/\/www.facebook.com\/madabouthorror\/","https:\/\/www.instagram.com\/madabouthorror\/","https:\/\/www.pinterest.co.uk\/madabouthorror\/","https:\/\/www.youtube.com\/channel\/UCBooLOIxjoQ89dj6T5lWm_w","https:\/\/www.tiktok.com\/@weremadabouthorror"]}]}},"df_price":93.7,"df_sale_price":93.7,"df_regular_price":104.12,"df_image_link":"https:\/\/madabouthorror.co.uk\/wp-content\/uploads\/2024\/08\/Amazon_masks_Terrifier_santa_PRODUCT-600x600-1-300x300.avif","_links":{"self":[{"href":"https:\/\/madabouthorror.co.uk\/fr\/wp-json\/wp\/v2\/product\/493078","targetHints":{"allow":["GET"]}}],"collection":[{"href":"https:\/\/madabouthorror.co.uk\/fr\/wp-json\/wp\/v2\/product"}],"about":[{"href":"https:\/\/madabouthorror.co.uk\/fr\/wp-json\/wp\/v2\/types\/product"}],"replies":[{"embeddable":true,"href":"https:\/\/madabouthorror.co.uk\/fr\/wp-json\/wp\/v2\/comments?post=493078"}],"wp:featuredmedia":[{"embeddable":true,"href":"https:\/\/madabouthorror.co.uk\/fr\/wp-json\/wp\/v2\/media\/493079"}],"wp:attachment":[{"href":"https:\/\/madabouthorror.co.uk\/fr\/wp-json\/wp\/v2\/media?parent=493078"}],"wp:term":[{"taxonomy":"product_brand","embeddable":true,"href":"https:\/\/madabouthorror.co.uk\/fr\/wp-json\/wp\/v2\/product_brand?post=493078"},{"taxonomy":"product_cat","embeddable":true,"href":"https:\/\/madabouthorror.co.uk\/fr\/wp-json\/wp\/v2\/product_cat?post=493078"},{"taxonomy":"product_tag","embeddable":true,"href":"https:\/\/madabouthorror.co.uk\/fr\/wp-json\/wp\/v2\/product_tag?post=493078"}],"curies":[{"name":"wp","href":"https:\/\/api.w.org\/{rel}","templated":true}]}}