{"id":493729,"date":"2024-08-12T11:54:52","date_gmt":"2024-08-12T10:54:52","guid":{"rendered":"https:\/\/madabouthorror.co.uk\/?post_type=product&#038;p=493729"},"modified":"2026-02-10T13:34:25","modified_gmt":"2026-02-10T13:34:25","slug":"large-outdoor-pumpkin-lantern","status":"publish","type":"product","link":"https:\/\/madabouthorror.co.uk\/fr\/product\/large-outdoor-pumpkin-lantern\/","title":{"rendered":"Grande lanterne ext\u00e9rieure en forme de citrouille"},"content":{"rendered":"<p>Illuminez votre \u00e9v\u00e9nement sur le th\u00e8me d'Halloween avec nos grandes lanternes citrouilles d'ext\u00e9rieur. Mesurant 40 cm de large et 30 cm de haut, elles sont disponibles en lots de <a href=\"https:\/\/madabouthorror.co.uk\/fr\/product\/large-outdoor-pumpkin-lanterns-bulk-buy-50-pieces\/\">50<\/a> et <a href=\"https:\/\/madabouthorror.co.uk\/fr\/product\/large-outdoor-pumpkin-lanterns-bulk-buy-200-pieces\/\">200 pi\u00e8ces<\/a>Ces lanternes sont parfaites pour cr\u00e9er une atmosph\u00e8re effrayante.<\/p>\n<p>Con\u00e7ues pour r\u00e9sister aux intemp\u00e9ries, ces lanternes peuvent \u00eatre utilis\u00e9es aussi bien \u00e0 l'int\u00e9rieur qu'\u00e0 l'ext\u00e9rieur, ce qui leur permet de r\u00e9sister \u00e0 toutes les conditions m\u00e9t\u00e9orologiques tout en conservant leur aspect sinistre. Elles sont id\u00e9ales pour les \u00e9v\u00e9nements sur le th\u00e8me de l'horreur, les labyrinthes d'\u00e9pouvante, les attractions et les f\u00eates d'Halloween \u00e0 domicile, car elles ajoutent une touche festive \u00e0 tous les d\u00e9cors.<\/p>\n<p>Si vous avez besoin de quantit\u00e9s plus importantes, veuillez nous contacter pour obtenir un prix.<\/p>\n<p>Rendez votre \u00e9v\u00e9nement inoubliable gr\u00e2ce \u00e0 nos lanternes citrouilles polyvalentes et durables.<\/p>","protected":false},"excerpt":{"rendered":"<p>Illuminez votre \u00e9v\u00e9nement sur le th\u00e8me d'Halloween avec nos grandes lanternes citrouilles d'ext\u00e9rieur. Mesurant 40 cm de large par 30 cm de haut et disponibles en lots de 50 et 200 pi\u00e8ces, ces lanternes sont parfaites pour cr\u00e9er une atmosph\u00e8re effrayante. Con\u00e7ues pour r\u00e9sister aux intemp\u00e9ries, ces lanternes conviennent aussi bien \u00e0 l'int\u00e9rieur qu'\u00e0 l'ext\u00e9rieur, [...]<\/p>","protected":false},"featured_media":493724,"comment_status":"closed","ping_status":"closed","template":"","meta":{"_acf_changed":false},"product_brand":[],"product_cat":[10117,10119,6547,6597],"product_tag":[],"class_list":{"0":"post-493729","1":"product","2":"type-product","3":"status-publish","4":"has-post-thumbnail","6":"product_cat-halloween-essentials","7":"product_cat-halloween-front-door-decor","8":"product_cat-decorations","9":"product_cat-pumpkins","10":"product_shipping_class-small-parcel-economy-3-5-business-days","12":"first","13":"instock","14":"taxable","15":"shipping-taxable","16":"purchasable","17":"product-type-simple"},"supplier_id":null,"supplier_sku":"","barcode":null,"atum_controlled":true,"out_stock_date":null,"out_stock_threshold":null,"inheritable":false,"inbound_stock":0,"stock_on_hold":0,"sold_today":0,"sales_last_days":0,"reserved_stock":0,"customer_returns":0,"warehouse_damage":0,"lost_in_post":0,"other_logs":0,"out_stock_days":0,"lost_sales":0,"has_location":false,"update_date":"2026-05-04T01:18:53","atum_locations":[],"atum_stock_status":"instock","restock_status":false,"low_stock_amount":"","sales_update_date":"2026-05-04T01:18:51","calc_backorders":null,"acf":[],"yoast_head":"<!-- This site is optimized with the Yoast SEO plugin v27.5 - https:\/\/yoast.com\/product\/yoast-seo-wordpress\/ -->\n<title>Large Outdoor Pumpkin Lantern | Mad About Horror<\/title>\n<meta name=\"description\" content=\"Large Outdoor Pumpkin Lantern, weatherproof and durable outdoor halloween decorations. Buy from Europe\u2019s leading Horror &amp; Halloween Specialist.\" \/>\n<meta name=\"robots\" content=\"index, follow, max-snippet:-1, max-image-preview:large, max-video-preview:-1\" \/>\n<link rel=\"canonical\" href=\"https:\/\/madabouthorror.co.uk\/fr\/product\/large-outdoor-pumpkin-lantern\/\" \/>\n<meta property=\"og:locale\" content=\"fr_FR\" \/>\n<meta property=\"og:type\" content=\"article\" \/>\n<meta property=\"og:title\" content=\"Large Outdoor Pumpkin Lantern | Mad About Horror\" \/>\n<meta property=\"og:description\" content=\"Large Outdoor Pumpkin Lantern, weatherproof and durable outdoor halloween decorations. Buy from Europe\u2019s leading Horror &amp; Halloween Specialist.\" \/>\n<meta property=\"og:url\" content=\"https:\/\/madabouthorror.co.uk\/fr\/product\/large-outdoor-pumpkin-lantern\/\" \/>\n<meta property=\"og:site_name\" content=\"Mad About Horror\" \/>\n<meta property=\"article:publisher\" content=\"https:\/\/www.facebook.com\/madabouthorror\/\" \/>\n<meta property=\"article:modified_time\" content=\"2026-02-10T13:34:25+00:00\" \/>\n<meta property=\"og:image\" content=\"https:\/\/madabouthorror.co.uk\/wp-content\/uploads\/2024\/08\/WhatsApp-Image-2024-08-07-at-17.41.33-1.jpeg\" \/>\n\t<meta property=\"og:image:width\" content=\"1600\" \/>\n\t<meta property=\"og:image:height\" content=\"1600\" \/>\n\t<meta property=\"og:image:type\" content=\"image\/jpeg\" \/>\n<meta name=\"twitter:card\" content=\"summary_large_image\" \/>\n<meta name=\"twitter:label1\" content=\"Dur\u00e9e de lecture estim\u00e9e\" \/>\n\t<meta name=\"twitter:data1\" content=\"1 minute\" \/>\n<script type=\"application\/ld+json\" class=\"yoast-schema-graph\">{\"@context\":\"https:\\\/\\\/schema.org\",\"@graph\":[{\"@type\":[\"WebPage\",\"ItemPage\"],\"@id\":\"https:\\\/\\\/madabouthorror.co.uk\\\/product\\\/large-outdoor-pumpkin-lantern\\\/\",\"url\":\"https:\\\/\\\/madabouthorror.co.uk\\\/product\\\/large-outdoor-pumpkin-lantern\\\/\",\"name\":\"Large Outdoor Pumpkin Lantern | Mad About Horror\",\"isPartOf\":{\"@id\":\"https:\\\/\\\/madabouthorror.co.uk\\\/#website\"},\"primaryImageOfPage\":{\"@id\":\"https:\\\/\\\/madabouthorror.co.uk\\\/product\\\/large-outdoor-pumpkin-lantern\\\/#primaryimage\"},\"image\":{\"@id\":\"https:\\\/\\\/madabouthorror.co.uk\\\/product\\\/large-outdoor-pumpkin-lantern\\\/#primaryimage\"},\"thumbnailUrl\":\"https:\\\/\\\/madabouthorror.co.uk\\\/wp-content\\\/uploads\\\/2024\\\/08\\\/WhatsApp-Image-2024-08-07-at-17.41.33-1.jpeg\",\"datePublished\":\"2024-08-12T10:54:52+00:00\",\"dateModified\":\"2026-02-10T13:34:25+00:00\",\"description\":\"Large Outdoor Pumpkin Lantern, weatherproof and durable outdoor halloween decorations. Buy from Europe\u2019s leading Horror & Halloween Specialist.\",\"breadcrumb\":{\"@id\":\"https:\\\/\\\/madabouthorror.co.uk\\\/product\\\/large-outdoor-pumpkin-lantern\\\/#breadcrumb\"},\"inLanguage\":\"fr-FR\",\"potentialAction\":[{\"@type\":\"ReadAction\",\"target\":[\"https:\\\/\\\/madabouthorror.co.uk\\\/product\\\/large-outdoor-pumpkin-lantern\\\/\"]}]},{\"@type\":\"ImageObject\",\"inLanguage\":\"fr-FR\",\"@id\":\"https:\\\/\\\/madabouthorror.co.uk\\\/product\\\/large-outdoor-pumpkin-lantern\\\/#primaryimage\",\"url\":\"https:\\\/\\\/madabouthorror.co.uk\\\/wp-content\\\/uploads\\\/2024\\\/08\\\/WhatsApp-Image-2024-08-07-at-17.41.33-1.jpeg\",\"contentUrl\":\"https:\\\/\\\/madabouthorror.co.uk\\\/wp-content\\\/uploads\\\/2024\\\/08\\\/WhatsApp-Image-2024-08-07-at-17.41.33-1.jpeg\",\"width\":1600,\"height\":1600},{\"@type\":\"BreadcrumbList\",\"@id\":\"https:\\\/\\\/madabouthorror.co.uk\\\/product\\\/large-outdoor-pumpkin-lantern\\\/#breadcrumb\",\"itemListElement\":[{\"@type\":\"ListItem\",\"position\":1,\"name\":\"Shop\",\"item\":\"https:\\\/\\\/madabouthorror.co.uk\\\/shop\\\/\"},{\"@type\":\"ListItem\",\"position\":2,\"name\":\"Large Outdoor Pumpkin Lantern\"}]},{\"@type\":\"WebSite\",\"@id\":\"https:\\\/\\\/madabouthorror.co.uk\\\/#website\",\"url\":\"https:\\\/\\\/madabouthorror.co.uk\\\/\",\"name\":\"Mad About Horror\",\"description\":\"\",\"publisher\":{\"@id\":\"https:\\\/\\\/madabouthorror.co.uk\\\/#organization\"},\"alternateName\":\"Mad About Horror Limited\",\"potentialAction\":[{\"@type\":\"SearchAction\",\"target\":{\"@type\":\"EntryPoint\",\"urlTemplate\":\"https:\\\/\\\/madabouthorror.co.uk\\\/?s={search_term_string}\"},\"query-input\":{\"@type\":\"PropertyValueSpecification\",\"valueRequired\":true,\"valueName\":\"search_term_string\"}}],\"inLanguage\":\"fr-FR\"},{\"@type\":\"Organization\",\"@id\":\"https:\\\/\\\/madabouthorror.co.uk\\\/#organization\",\"name\":\"Mad About Horror\",\"url\":\"https:\\\/\\\/madabouthorror.co.uk\\\/\",\"logo\":{\"@type\":\"ImageObject\",\"inLanguage\":\"fr-FR\",\"@id\":\"https:\\\/\\\/madabouthorror.co.uk\\\/#\\\/schema\\\/logo\\\/image\\\/\",\"url\":\"https:\\\/\\\/madabouthorror.co.uk\\\/wp-content\\\/uploads\\\/2024\\\/02\\\/cropped-Logo.png\",\"contentUrl\":\"https:\\\/\\\/madabouthorror.co.uk\\\/wp-content\\\/uploads\\\/2024\\\/02\\\/cropped-Logo.png\",\"width\":240,\"height\":88,\"caption\":\"Mad About Horror\"},\"image\":{\"@id\":\"https:\\\/\\\/madabouthorror.co.uk\\\/#\\\/schema\\\/logo\\\/image\\\/\"},\"sameAs\":[\"https:\\\/\\\/www.facebook.com\\\/madabouthorror\\\/\",\"https:\\\/\\\/www.instagram.com\\\/madabouthorror\\\/\",\"https:\\\/\\\/www.pinterest.co.uk\\\/madabouthorror\\\/\",\"https:\\\/\\\/www.youtube.com\\\/channel\\\/UCBooLOIxjoQ89dj6T5lWm_w\",\"https:\\\/\\\/www.tiktok.com\\\/@weremadabouthorror\"]}]}<\/script>\n<!-- \/ Yoast SEO plugin. -->","yoast_head_json":{"title":"Lanterne de citrouille pour l'ext\u00e9rieur | Mad About Horror","description":"Grande lanterne citrouille pour l'ext\u00e9rieur, r\u00e9sistante aux intemp\u00e9ries et durable, d\u00e9corations d'Halloween pour l'ext\u00e9rieur. Achetez aupr\u00e8s du premier sp\u00e9cialiste europ\u00e9en de l'horreur et de l'Halloween.","robots":{"index":"index","follow":"follow","max-snippet":"max-snippet:-1","max-image-preview":"max-image-preview:large","max-video-preview":"max-video-preview:-1"},"canonical":"https:\/\/madabouthorror.co.uk\/fr\/product\/large-outdoor-pumpkin-lantern\/","og_locale":"fr_FR","og_type":"article","og_title":"Large Outdoor Pumpkin Lantern | Mad About Horror","og_description":"Large Outdoor Pumpkin Lantern, weatherproof and durable outdoor halloween decorations. Buy from Europe\u2019s leading Horror & Halloween Specialist.","og_url":"https:\/\/madabouthorror.co.uk\/fr\/product\/large-outdoor-pumpkin-lantern\/","og_site_name":"Mad About Horror","article_publisher":"https:\/\/www.facebook.com\/madabouthorror\/","article_modified_time":"2026-02-10T13:34:25+00:00","og_image":[{"width":1600,"height":1600,"url":"https:\/\/madabouthorror.co.uk\/wp-content\/uploads\/2024\/08\/WhatsApp-Image-2024-08-07-at-17.41.33-1.jpeg","type":"image\/jpeg"}],"twitter_card":"summary_large_image","twitter_misc":{"Dur\u00e9e de lecture estim\u00e9e":"1 minute"},"schema":{"@context":"https:\/\/schema.org","@graph":[{"@type":["WebPage","ItemPage"],"@id":"https:\/\/madabouthorror.co.uk\/product\/large-outdoor-pumpkin-lantern\/","url":"https:\/\/madabouthorror.co.uk\/product\/large-outdoor-pumpkin-lantern\/","name":"Lanterne de citrouille pour l'ext\u00e9rieur | Mad About Horror","isPartOf":{"@id":"https:\/\/madabouthorror.co.uk\/#website"},"primaryImageOfPage":{"@id":"https:\/\/madabouthorror.co.uk\/product\/large-outdoor-pumpkin-lantern\/#primaryimage"},"image":{"@id":"https:\/\/madabouthorror.co.uk\/product\/large-outdoor-pumpkin-lantern\/#primaryimage"},"thumbnailUrl":"https:\/\/madabouthorror.co.uk\/wp-content\/uploads\/2024\/08\/WhatsApp-Image-2024-08-07-at-17.41.33-1.jpeg","datePublished":"2024-08-12T10:54:52+00:00","dateModified":"2026-02-10T13:34:25+00:00","description":"Grande lanterne citrouille pour l'ext\u00e9rieur, r\u00e9sistante aux intemp\u00e9ries et durable, d\u00e9corations d'Halloween pour l'ext\u00e9rieur. Achetez aupr\u00e8s du premier sp\u00e9cialiste europ\u00e9en de l'horreur et de l'Halloween.","breadcrumb":{"@id":"https:\/\/madabouthorror.co.uk\/product\/large-outdoor-pumpkin-lantern\/#breadcrumb"},"inLanguage":"fr-FR","potentialAction":[{"@type":"ReadAction","target":["https:\/\/madabouthorror.co.uk\/product\/large-outdoor-pumpkin-lantern\/"]}]},{"@type":"ImageObject","inLanguage":"fr-FR","@id":"https:\/\/madabouthorror.co.uk\/product\/large-outdoor-pumpkin-lantern\/#primaryimage","url":"https:\/\/madabouthorror.co.uk\/wp-content\/uploads\/2024\/08\/WhatsApp-Image-2024-08-07-at-17.41.33-1.jpeg","contentUrl":"https:\/\/madabouthorror.co.uk\/wp-content\/uploads\/2024\/08\/WhatsApp-Image-2024-08-07-at-17.41.33-1.jpeg","width":1600,"height":1600},{"@type":"BreadcrumbList","@id":"https:\/\/madabouthorror.co.uk\/product\/large-outdoor-pumpkin-lantern\/#breadcrumb","itemListElement":[{"@type":"ListItem","position":1,"name":"Shop","item":"https:\/\/madabouthorror.co.uk\/shop\/"},{"@type":"ListItem","position":2,"name":"Large Outdoor Pumpkin Lantern"}]},{"@type":"WebSite","@id":"https:\/\/madabouthorror.co.uk\/#website","url":"https:\/\/madabouthorror.co.uk\/","name":"L'horreur en folie","description":"","publisher":{"@id":"https:\/\/madabouthorror.co.uk\/#organization"},"alternateName":"Mad About Horror Limited","potentialAction":[{"@type":"SearchAction","target":{"@type":"EntryPoint","urlTemplate":"https:\/\/madabouthorror.co.uk\/?s={search_term_string}"},"query-input":{"@type":"PropertyValueSpecification","valueRequired":true,"valueName":"search_term_string"}}],"inLanguage":"fr-FR"},{"@type":"Organization","@id":"https:\/\/madabouthorror.co.uk\/#organization","name":"L'horreur en folie","url":"https:\/\/madabouthorror.co.uk\/","logo":{"@type":"ImageObject","inLanguage":"fr-FR","@id":"https:\/\/madabouthorror.co.uk\/#\/schema\/logo\/image\/","url":"https:\/\/madabouthorror.co.uk\/wp-content\/uploads\/2024\/02\/cropped-Logo.png","contentUrl":"https:\/\/madabouthorror.co.uk\/wp-content\/uploads\/2024\/02\/cropped-Logo.png","width":240,"height":88,"caption":"Mad About Horror"},"image":{"@id":"https:\/\/madabouthorror.co.uk\/#\/schema\/logo\/image\/"},"sameAs":["https:\/\/www.facebook.com\/madabouthorror\/","https:\/\/www.instagram.com\/madabouthorror\/","https:\/\/www.pinterest.co.uk\/madabouthorror\/","https:\/\/www.youtube.com\/channel\/UCBooLOIxjoQ89dj6T5lWm_w","https:\/\/www.tiktok.com\/@weremadabouthorror"]}]}},"df_price":6.95,"df_sale_price":"","df_regular_price":6.95,"df_image_link":"https:\/\/madabouthorror.co.uk\/wp-content\/uploads\/2024\/08\/WhatsApp-Image-2024-08-07-at-17.41.33-1-300x300.jpeg","_links":{"self":[{"href":"https:\/\/madabouthorror.co.uk\/fr\/wp-json\/wp\/v2\/product\/493729","targetHints":{"allow":["GET"]}}],"collection":[{"href":"https:\/\/madabouthorror.co.uk\/fr\/wp-json\/wp\/v2\/product"}],"about":[{"href":"https:\/\/madabouthorror.co.uk\/fr\/wp-json\/wp\/v2\/types\/product"}],"replies":[{"embeddable":true,"href":"https:\/\/madabouthorror.co.uk\/fr\/wp-json\/wp\/v2\/comments?post=493729"}],"wp:featuredmedia":[{"embeddable":true,"href":"https:\/\/madabouthorror.co.uk\/fr\/wp-json\/wp\/v2\/media\/493724"}],"wp:attachment":[{"href":"https:\/\/madabouthorror.co.uk\/fr\/wp-json\/wp\/v2\/media?parent=493729"}],"wp:term":[{"taxonomy":"product_brand","embeddable":true,"href":"https:\/\/madabouthorror.co.uk\/fr\/wp-json\/wp\/v2\/product_brand?post=493729"},{"taxonomy":"product_cat","embeddable":true,"href":"https:\/\/madabouthorror.co.uk\/fr\/wp-json\/wp\/v2\/product_cat?post=493729"},{"taxonomy":"product_tag","embeddable":true,"href":"https:\/\/madabouthorror.co.uk\/fr\/wp-json\/wp\/v2\/product_tag?post=493729"}],"curies":[{"name":"wp","href":"https:\/\/api.w.org\/{rel}","templated":true}]}}