{"id":494110,"date":"2024-08-15T15:35:56","date_gmt":"2024-08-15T14:35:56","guid":{"rendered":"https:\/\/madabouthorror.co.uk\/?post_type=product&#038;p=494110"},"modified":"2026-02-11T16:33:29","modified_gmt":"2026-02-11T16:33:29","slug":"12ft-giant-inferno-deadwood-skeleton-animated-prop","status":"publish","type":"product","link":"https:\/\/madabouthorror.co.uk\/fr\/product\/12ft-giant-inferno-deadwood-skeleton-animated-prop\/","title":{"rendered":"Squelette g\u00e9ant Inferno Deadwood 12ft Animated Prop"},"content":{"rendered":"<p>Voici l'accessoire anim\u00e9 Inferno Deadwood Skeleton, un ajout imposant \u00e0 votre collection d'animatroniques g\u00e9ants pour Halloween ! D'une hauteur impressionnante de 12,5 pieds, cet animatronique de Home Depot attire l'attention par sa pr\u00e9sence sinistre. La poitrine de cette d\u00e9coration squelette g\u00e9ante, illumin\u00e9e et changeant de couleur, projette une lueur d'un autre monde, tandis que les yeux lumineux \u00e0 \u00e9cran LCD bougent et clignent, ajoutant une qualit\u00e9 de vie troublante. Avec des bras articul\u00e9s qui peuvent \u00eatre dispos\u00e9s pour maximiser son impact terrifiant, la d\u00e9coration Inferno Deadwood Giant Skeleton est la pi\u00e8ce ma\u00eetresse ultime pour une exposition d'Halloween qui laissera tout le monde \u00e9merveill\u00e9 !<\/p>\n<p>Caract\u00e9ristiques :<\/p>\n<ul>\n<li>\u00c9clairage t\u00eate et poitrine \u2013 couleurs changeantes<\/li>\n<li>LCD Life-eyes \u2013 Clignez et bougez<\/li>\n<li>12,5 pieds de haut<\/li>\n<li>2 personnes, assemblage en environ 60 minutes<\/li>\n<\/ul>\n<div>\n<div><b>EXP\u00c9DITION AU ROYAUME-UNI UNIQUEMENT <\/b>-<i>\u00a0Pour les Highlands et les \u00eeles, veuillez nous contacter pour conna\u00eetre les frais d'exp\u00e9dition.<\/i><\/div>\n<div><\/div>\n<div><b>S\u00e9curit\u00e9<\/b><i>. Veillez \u00e0 fixer l'ensemble \u00e0 l'aide des piquets de terre fournis et \u00e0 d\u00e9monter l'ensemble en cas de vents violents.<\/i><\/div>\n<div><\/div>\n<div><b>Fourni avec un adaptateur secteur britannique<\/b>. <i>N'utilisez que l'adaptateur d'alimentation fourni, car les adaptateurs d'alimentation incorrects peuvent causer des dommages.<\/i><\/div>\n<div><\/div>\n<div>\n<div><b>Pour le porche couvert ou l'int\u00e9rieur.<\/b> <i>Prot\u00e9ger des intemp\u00e9ries en cas d'utilisation \u00e0 l'ext\u00e9rieur et ne pas laisser \u00e0 l'ext\u00e9rieur pendant des p\u00e9riodes prolong\u00e9es.<\/i><\/div>\n<div><\/div>\n<div><b>A noter :<\/b><i> Ces accessoires ne sont pas recommand\u00e9s pour un usage commercial intensif, c'est-\u00e0-dire qu'ils ne doivent pas \u00eatre utilis\u00e9s pendant des p\u00e9riodes prolong\u00e9es, c'est-\u00e0-dire plusieurs jours d'affil\u00e9e. Ils sont con\u00e7us pour \u00eatre utilis\u00e9s \u00e0 l'occasion d'Halloween. Si vous avez des questions \u00e0 ce sujet, n'h\u00e9sitez pas \u00e0 les poser.<\/i><\/div>\n<\/div>\n<\/div>","protected":false},"excerpt":{"rendered":"<p>Pr\u00e9sentation de l'accessoire anim\u00e9 Inferno Deadwood Skeleton, un ajout imposant \u00e0 votre collection d'animatroniques g\u00e9ants d'Halloween ! D'une hauteur impressionnante de 12,5 pieds (environ 3,8 m\u00e8tres), cet animatronique Home Depot capte l'attention par sa pr\u00e9sence inqui\u00e9tante. La poitrine de cette d\u00e9coration squelettique g\u00e9ante, \u00e9clair\u00e9e et changeant de couleur, projette une lueur d'un autre monde, tandis que les yeux Life-eyes \u00e0 \u00e9cran LCD bougent et clignent, ajoutant une qualit\u00e9 d'un r\u00e9alisme troublant. [\u2026]<\/p>","protected":false},"featured_media":494637,"comment_status":"closed","ping_status":"closed","template":"","meta":{"_acf_changed":false},"product_brand":[],"product_cat":[10068,10131,10108,10110,10093,10094,6547,6548,9840,6963,9841,7047],"product_tag":[9993],"class_list":{"0":"post-494110","1":"product","2":"type-product","3":"status-publish","4":"has-post-thumbnail","6":"product_cat-halloween-decorations-2025","7":"product_cat-halloween-gifts","8":"product_cat-light-up-halloween-decorations","9":"product_cat-us-imports","10":"product_cat-indoor-halloween-decorations","11":"product_cat-outdoor-halloween-decorations","12":"product_cat-decorations","13":"product_cat-skeleton-decorations","14":"product_cat-giant","15":"product_cat-animatronics","16":"product_cat-home-depot-animatronics","17":"product_cat-skeletons-reapers","18":"product_tag-animatronics-imports","19":"product_shipping_class-extra-large-props","21":"first","22":"outofstock","23":"taxable","24":"shipping-taxable","25":"purchasable","26":"product-type-simple"},"supplier_id":null,"supplier_sku":"","barcode":null,"atum_controlled":true,"out_stock_date":"2025-09-08 13:47:21","out_stock_threshold":null,"inheritable":false,"inbound_stock":0,"stock_on_hold":0,"sold_today":0,"sales_last_days":0,"reserved_stock":0,"customer_returns":0,"warehouse_damage":0,"lost_in_post":0,"other_logs":0,"out_stock_days":235,"lost_sales":73853,"has_location":false,"update_date":"2026-05-02T00:51:25","atum_locations":[],"atum_stock_status":"outofstock","restock_status":false,"low_stock_amount":"","sales_update_date":"2026-05-02T00:51:24","calc_backorders":null,"acf":[],"yoast_head":"<!-- This site is optimized with the Yoast SEO plugin v27.5 - https:\/\/yoast.com\/product\/yoast-seo-wordpress\/ -->\n<title>12ft Giant Inferno Deadwood Skeleton Animated Prop | Mad About Horror<\/title>\n<meta name=\"description\" content=\"Inferno Deadwood Giant Skeleton Decoration. Shop Horror collectibles and Halloween props. Europe&#039;s leading horror collectibles specialist.\" \/>\n<meta name=\"robots\" content=\"index, follow, max-snippet:-1, max-image-preview:large, max-video-preview:-1\" \/>\n<link rel=\"canonical\" href=\"https:\/\/madabouthorror.co.uk\/fr\/product\/12ft-giant-inferno-deadwood-skeleton-animated-prop\/\" \/>\n<meta property=\"og:locale\" content=\"fr_FR\" \/>\n<meta property=\"og:type\" content=\"article\" \/>\n<meta property=\"og:title\" content=\"12ft Giant Inferno Deadwood Skeleton Animated Prop | Mad About Horror\" \/>\n<meta property=\"og:description\" content=\"Inferno Deadwood Giant Skeleton Decoration. Shop Horror collectibles and Halloween props. Europe&#039;s leading horror collectibles specialist.\" \/>\n<meta property=\"og:url\" content=\"https:\/\/madabouthorror.co.uk\/fr\/product\/12ft-giant-inferno-deadwood-skeleton-animated-prop\/\" \/>\n<meta property=\"og:site_name\" content=\"Mad About Horror\" \/>\n<meta property=\"article:publisher\" content=\"https:\/\/www.facebook.com\/madabouthorror\/\" \/>\n<meta property=\"article:modified_time\" content=\"2026-02-11T16:33:29+00:00\" \/>\n<meta property=\"og:image\" content=\"https:\/\/madabouthorror.co.uk\/wp-content\/uploads\/2024\/08\/8.jpg\" \/>\n\t<meta property=\"og:image:width\" content=\"1500\" \/>\n\t<meta property=\"og:image:height\" content=\"1500\" \/>\n\t<meta property=\"og:image:type\" content=\"image\/jpeg\" \/>\n<meta name=\"twitter:card\" content=\"summary_large_image\" \/>\n<meta name=\"twitter:label1\" content=\"Dur\u00e9e de lecture estim\u00e9e\" \/>\n\t<meta name=\"twitter:data1\" content=\"2 minutes\" \/>\n<script type=\"application\/ld+json\" class=\"yoast-schema-graph\">{\"@context\":\"https:\\\/\\\/schema.org\",\"@graph\":[{\"@type\":[\"WebPage\",\"ItemPage\"],\"@id\":\"https:\\\/\\\/madabouthorror.co.uk\\\/product\\\/12ft-giant-inferno-deadwood-skeleton-animated-prop\\\/\",\"url\":\"https:\\\/\\\/madabouthorror.co.uk\\\/product\\\/12ft-giant-inferno-deadwood-skeleton-animated-prop\\\/\",\"name\":\"12ft Giant Inferno Deadwood Skeleton Animated Prop | Mad About Horror\",\"isPartOf\":{\"@id\":\"https:\\\/\\\/madabouthorror.co.uk\\\/#website\"},\"primaryImageOfPage\":{\"@id\":\"https:\\\/\\\/madabouthorror.co.uk\\\/product\\\/12ft-giant-inferno-deadwood-skeleton-animated-prop\\\/#primaryimage\"},\"image\":{\"@id\":\"https:\\\/\\\/madabouthorror.co.uk\\\/product\\\/12ft-giant-inferno-deadwood-skeleton-animated-prop\\\/#primaryimage\"},\"thumbnailUrl\":\"https:\\\/\\\/madabouthorror.co.uk\\\/wp-content\\\/uploads\\\/2024\\\/08\\\/8.jpg\",\"datePublished\":\"2024-08-15T14:35:56+00:00\",\"dateModified\":\"2026-02-11T16:33:29+00:00\",\"description\":\"Inferno Deadwood Giant Skeleton Decoration. Shop Horror collectibles and Halloween props. Europe's leading horror collectibles specialist.\",\"breadcrumb\":{\"@id\":\"https:\\\/\\\/madabouthorror.co.uk\\\/product\\\/12ft-giant-inferno-deadwood-skeleton-animated-prop\\\/#breadcrumb\"},\"inLanguage\":\"fr-FR\",\"potentialAction\":[{\"@type\":\"ReadAction\",\"target\":[\"https:\\\/\\\/madabouthorror.co.uk\\\/product\\\/12ft-giant-inferno-deadwood-skeleton-animated-prop\\\/\"]}]},{\"@type\":\"ImageObject\",\"inLanguage\":\"fr-FR\",\"@id\":\"https:\\\/\\\/madabouthorror.co.uk\\\/product\\\/12ft-giant-inferno-deadwood-skeleton-animated-prop\\\/#primaryimage\",\"url\":\"https:\\\/\\\/madabouthorror.co.uk\\\/wp-content\\\/uploads\\\/2024\\\/08\\\/8.jpg\",\"contentUrl\":\"https:\\\/\\\/madabouthorror.co.uk\\\/wp-content\\\/uploads\\\/2024\\\/08\\\/8.jpg\",\"width\":1500,\"height\":1500,\"caption\":\"Inferno Deadwood Giant Skeleton Decoration\"},{\"@type\":\"BreadcrumbList\",\"@id\":\"https:\\\/\\\/madabouthorror.co.uk\\\/product\\\/12ft-giant-inferno-deadwood-skeleton-animated-prop\\\/#breadcrumb\",\"itemListElement\":[{\"@type\":\"ListItem\",\"position\":1,\"name\":\"Shop\",\"item\":\"https:\\\/\\\/madabouthorror.co.uk\\\/shop\\\/\"},{\"@type\":\"ListItem\",\"position\":2,\"name\":\"12ft Giant Inferno Deadwood Skeleton Animated Prop\"}]},{\"@type\":\"WebSite\",\"@id\":\"https:\\\/\\\/madabouthorror.co.uk\\\/#website\",\"url\":\"https:\\\/\\\/madabouthorror.co.uk\\\/\",\"name\":\"Mad About Horror\",\"description\":\"\",\"publisher\":{\"@id\":\"https:\\\/\\\/madabouthorror.co.uk\\\/#organization\"},\"alternateName\":\"Mad About Horror Limited\",\"potentialAction\":[{\"@type\":\"SearchAction\",\"target\":{\"@type\":\"EntryPoint\",\"urlTemplate\":\"https:\\\/\\\/madabouthorror.co.uk\\\/?s={search_term_string}\"},\"query-input\":{\"@type\":\"PropertyValueSpecification\",\"valueRequired\":true,\"valueName\":\"search_term_string\"}}],\"inLanguage\":\"fr-FR\"},{\"@type\":\"Organization\",\"@id\":\"https:\\\/\\\/madabouthorror.co.uk\\\/#organization\",\"name\":\"Mad About Horror\",\"url\":\"https:\\\/\\\/madabouthorror.co.uk\\\/\",\"logo\":{\"@type\":\"ImageObject\",\"inLanguage\":\"fr-FR\",\"@id\":\"https:\\\/\\\/madabouthorror.co.uk\\\/#\\\/schema\\\/logo\\\/image\\\/\",\"url\":\"https:\\\/\\\/madabouthorror.co.uk\\\/wp-content\\\/uploads\\\/2024\\\/02\\\/cropped-Logo.png\",\"contentUrl\":\"https:\\\/\\\/madabouthorror.co.uk\\\/wp-content\\\/uploads\\\/2024\\\/02\\\/cropped-Logo.png\",\"width\":240,\"height\":88,\"caption\":\"Mad About Horror\"},\"image\":{\"@id\":\"https:\\\/\\\/madabouthorror.co.uk\\\/#\\\/schema\\\/logo\\\/image\\\/\"},\"sameAs\":[\"https:\\\/\\\/www.facebook.com\\\/madabouthorror\\\/\",\"https:\\\/\\\/www.instagram.com\\\/madabouthorror\\\/\",\"https:\\\/\\\/www.pinterest.co.uk\\\/madabouthorror\\\/\",\"https:\\\/\\\/www.youtube.com\\\/channel\\\/UCBooLOIxjoQ89dj6T5lWm_w\",\"https:\\\/\\\/www.tiktok.com\\\/@weremadabouthorror\"]}]}<\/script>\n<!-- \/ Yoast SEO plugin. -->","yoast_head_json":{"title":"Propane G\u00e9ant Inferno Deadwood Squelette Anim\u00e9 12 pieds | Mad About Horror","description":"D\u00e9coration Squelette G\u00e9ant Inferno Deadwood. Achetez des objets de collection horrifiques et des accessoires d'Halloween. Le sp\u00e9cialiste europ\u00e9en des objets de collection horrifiques.","robots":{"index":"index","follow":"follow","max-snippet":"max-snippet:-1","max-image-preview":"max-image-preview:large","max-video-preview":"max-video-preview:-1"},"canonical":"https:\/\/madabouthorror.co.uk\/fr\/product\/12ft-giant-inferno-deadwood-skeleton-animated-prop\/","og_locale":"fr_FR","og_type":"article","og_title":"12ft Giant Inferno Deadwood Skeleton Animated Prop | Mad About Horror","og_description":"Inferno Deadwood Giant Skeleton Decoration. Shop Horror collectibles and Halloween props. Europe's leading horror collectibles specialist.","og_url":"https:\/\/madabouthorror.co.uk\/fr\/product\/12ft-giant-inferno-deadwood-skeleton-animated-prop\/","og_site_name":"Mad About Horror","article_publisher":"https:\/\/www.facebook.com\/madabouthorror\/","article_modified_time":"2026-02-11T16:33:29+00:00","og_image":[{"width":1500,"height":1500,"url":"https:\/\/madabouthorror.co.uk\/wp-content\/uploads\/2024\/08\/8.jpg","type":"image\/jpeg"}],"twitter_card":"summary_large_image","twitter_misc":{"Dur\u00e9e de lecture estim\u00e9e":"2 minutes"},"schema":{"@context":"https:\/\/schema.org","@graph":[{"@type":["WebPage","ItemPage"],"@id":"https:\/\/madabouthorror.co.uk\/product\/12ft-giant-inferno-deadwood-skeleton-animated-prop\/","url":"https:\/\/madabouthorror.co.uk\/product\/12ft-giant-inferno-deadwood-skeleton-animated-prop\/","name":"Propane G\u00e9ant Inferno Deadwood Squelette Anim\u00e9 12 pieds | Mad About Horror","isPartOf":{"@id":"https:\/\/madabouthorror.co.uk\/#website"},"primaryImageOfPage":{"@id":"https:\/\/madabouthorror.co.uk\/product\/12ft-giant-inferno-deadwood-skeleton-animated-prop\/#primaryimage"},"image":{"@id":"https:\/\/madabouthorror.co.uk\/product\/12ft-giant-inferno-deadwood-skeleton-animated-prop\/#primaryimage"},"thumbnailUrl":"https:\/\/madabouthorror.co.uk\/wp-content\/uploads\/2024\/08\/8.jpg","datePublished":"2024-08-15T14:35:56+00:00","dateModified":"2026-02-11T16:33:29+00:00","description":"D\u00e9coration Squelette G\u00e9ant Inferno Deadwood. Achetez des objets de collection horrifiques et des accessoires d'Halloween. Le sp\u00e9cialiste europ\u00e9en des objets de collection horrifiques.","breadcrumb":{"@id":"https:\/\/madabouthorror.co.uk\/product\/12ft-giant-inferno-deadwood-skeleton-animated-prop\/#breadcrumb"},"inLanguage":"fr-FR","potentialAction":[{"@type":"ReadAction","target":["https:\/\/madabouthorror.co.uk\/product\/12ft-giant-inferno-deadwood-skeleton-animated-prop\/"]}]},{"@type":"ImageObject","inLanguage":"fr-FR","@id":"https:\/\/madabouthorror.co.uk\/product\/12ft-giant-inferno-deadwood-skeleton-animated-prop\/#primaryimage","url":"https:\/\/madabouthorror.co.uk\/wp-content\/uploads\/2024\/08\/8.jpg","contentUrl":"https:\/\/madabouthorror.co.uk\/wp-content\/uploads\/2024\/08\/8.jpg","width":1500,"height":1500,"caption":"Inferno Deadwood Giant Skeleton Decoration"},{"@type":"BreadcrumbList","@id":"https:\/\/madabouthorror.co.uk\/product\/12ft-giant-inferno-deadwood-skeleton-animated-prop\/#breadcrumb","itemListElement":[{"@type":"ListItem","position":1,"name":"Shop","item":"https:\/\/madabouthorror.co.uk\/shop\/"},{"@type":"ListItem","position":2,"name":"12ft Giant Inferno Deadwood Skeleton Animated Prop"}]},{"@type":"WebSite","@id":"https:\/\/madabouthorror.co.uk\/#website","url":"https:\/\/madabouthorror.co.uk\/","name":"L'horreur en folie","description":"","publisher":{"@id":"https:\/\/madabouthorror.co.uk\/#organization"},"alternateName":"Mad About Horror Limited","potentialAction":[{"@type":"SearchAction","target":{"@type":"EntryPoint","urlTemplate":"https:\/\/madabouthorror.co.uk\/?s={search_term_string}"},"query-input":{"@type":"PropertyValueSpecification","valueRequired":true,"valueName":"search_term_string"}}],"inLanguage":"fr-FR"},{"@type":"Organization","@id":"https:\/\/madabouthorror.co.uk\/#organization","name":"L'horreur en folie","url":"https:\/\/madabouthorror.co.uk\/","logo":{"@type":"ImageObject","inLanguage":"fr-FR","@id":"https:\/\/madabouthorror.co.uk\/#\/schema\/logo\/image\/","url":"https:\/\/madabouthorror.co.uk\/wp-content\/uploads\/2024\/02\/cropped-Logo.png","contentUrl":"https:\/\/madabouthorror.co.uk\/wp-content\/uploads\/2024\/02\/cropped-Logo.png","width":240,"height":88,"caption":"Mad About Horror"},"image":{"@id":"https:\/\/madabouthorror.co.uk\/#\/schema\/logo\/image\/"},"sameAs":["https:\/\/www.facebook.com\/madabouthorror\/","https:\/\/www.instagram.com\/madabouthorror\/","https:\/\/www.pinterest.co.uk\/madabouthorror\/","https:\/\/www.youtube.com\/channel\/UCBooLOIxjoQ89dj6T5lWm_w","https:\/\/www.tiktok.com\/@weremadabouthorror"]}]}},"df_price":1099.95,"df_sale_price":"","df_regular_price":1099.95,"df_image_link":"https:\/\/madabouthorror.co.uk\/wp-content\/uploads\/2024\/08\/8-300x300.jpg","_links":{"self":[{"href":"https:\/\/madabouthorror.co.uk\/fr\/wp-json\/wp\/v2\/product\/494110","targetHints":{"allow":["GET"]}}],"collection":[{"href":"https:\/\/madabouthorror.co.uk\/fr\/wp-json\/wp\/v2\/product"}],"about":[{"href":"https:\/\/madabouthorror.co.uk\/fr\/wp-json\/wp\/v2\/types\/product"}],"replies":[{"embeddable":true,"href":"https:\/\/madabouthorror.co.uk\/fr\/wp-json\/wp\/v2\/comments?post=494110"}],"wp:featuredmedia":[{"embeddable":true,"href":"https:\/\/madabouthorror.co.uk\/fr\/wp-json\/wp\/v2\/media\/494637"}],"wp:attachment":[{"href":"https:\/\/madabouthorror.co.uk\/fr\/wp-json\/wp\/v2\/media?parent=494110"}],"wp:term":[{"taxonomy":"product_brand","embeddable":true,"href":"https:\/\/madabouthorror.co.uk\/fr\/wp-json\/wp\/v2\/product_brand?post=494110"},{"taxonomy":"product_cat","embeddable":true,"href":"https:\/\/madabouthorror.co.uk\/fr\/wp-json\/wp\/v2\/product_cat?post=494110"},{"taxonomy":"product_tag","embeddable":true,"href":"https:\/\/madabouthorror.co.uk\/fr\/wp-json\/wp\/v2\/product_tag?post=494110"}],"curies":[{"name":"wp","href":"https:\/\/api.w.org\/{rel}","templated":true}]}}