{"id":49499,"date":"2021-08-26T14:51:18","date_gmt":"2021-08-26T13:51:18","guid":{"rendered":"https:\/\/mah.6bdv.ws\/product\/trick-or-treat-studios-holiday-horrors-ghost-nameless-ghoulette-ornament\/"},"modified":"2026-04-20T13:42:40","modified_gmt":"2026-04-20T12:42:40","slug":"trick-or-treat-studios-holiday-horrors-ghost-nameless-ghoulette-ornament","status":"publish","type":"product","link":"https:\/\/madabouthorror.co.uk\/fr\/product\/trick-or-treat-studios-holiday-horrors-ghost-nameless-ghoulette-ornament\/","title":{"rendered":"Horreurs des f\u00eates - Fant\u00f4me - Ornement Ghoulette sans nom"},"content":{"rendered":"<h4>Trick or Treat Studios Holiday Horrors - Ornement Ghost Nameless Ghoulette<\/h4>\n<h4><span style=\"color: #ffcc00;\">&nbsp;<\/span><\/h4>\n<p>Sculpt\u00e9 par Jerry Constantine et Oluf Hartvigson<\/p>\n<p>Trick or Treat Studios et Global Merchandising Services sont fiers de pr\u00e9senter l'ornement sous licence officielle Ghost - Ghoulette Nameless Ghoul Ornament Holiday Horrors.<\/p>\n<p>Cet \u00e9tonnant ornement est fabriqu\u00e9 en r\u00e9sine et peint avec minutie pour atteindre la perfection. De plus, l'ornement est pr\u00e9sent\u00e9 dans une magnifique bo\u00eete \u00e0 fen\u00eatre pour collectionneurs.<\/p>\n<p>Alors, procurez-vous notre ornement Holiday Horrors et affichez-le fi\u00e8rement dans votre voiture, votre maison, votre bureau ou, bien s\u00fbr, sur votre sapin de No\u00ebl.<\/p>\n<p><em>Fant\u00f4me ! 2021 Global Merchandising Services. Tous droits r\u00e9serv\u00e9s.<\/em><\/p>\n<p>&nbsp;<\/p>","protected":false},"excerpt":{"rendered":"<p>Trick or Treat Studios Holiday Horrors - Ghost Nameless Ghoulette Ornament Sculpted by Jerry Constantine and Oluf Hartvigson Trick or Treat Studios et Global Merchandising Services sont fiers de pr\u00e9senter la licence officielle Ghost - Ghoulette Nameless Ghoul Ornament Holiday Horrors Ornament. Cette \u00e9tonnante d\u00e9coration est fabriqu\u00e9e en r\u00e9sine et est m\u00e9ticuleusement peinte pour [...]<\/p>","protected":false},"featured_media":49498,"comment_status":"closed","ping_status":"closed","template":"","meta":{"_acf_changed":false},"product_brand":[],"product_cat":[10116,9901,9893,6537,7036,9919,6655,6792],"product_tag":[],"class_list":{"0":"post-49499","1":"product","2":"type-product","3":"status-publish","4":"has-post-thumbnail","6":"product_cat-halloween-ornaments","7":"product_cat-hanging-ornaments","8":"product_cat-christmas-decorations","9":"product_cat-collectibles","10":"product_cat-ornaments","11":"product_cat-christmas","12":"product_cat-ghostpapaemeritus","13":"product_cat-trick-or-treat-studios","14":"product_shipping_class-small-parcel-economy-3-5-business-days","16":"first","17":"instock","18":"taxable","19":"shipping-taxable","20":"purchasable","21":"product-type-simple"},"supplier_id":471029,"supplier_sku":"TTGM137","barcode":"811501038108","atum_controlled":true,"out_stock_date":null,"out_stock_threshold":null,"inheritable":false,"inbound_stock":0,"stock_on_hold":0,"sold_today":0,"sales_last_days":0,"reserved_stock":0,"customer_returns":0,"warehouse_damage":0,"lost_in_post":0,"other_logs":0,"out_stock_days":0,"lost_sales":0,"has_location":false,"update_date":"2026-04-27T01:53:01","atum_locations":[],"atum_stock_status":"instock","restock_status":false,"low_stock_amount":2,"sales_update_date":"2026-04-27T01:53:00","calc_backorders":null,"acf":[],"yoast_head":"<!-- This site is optimized with the Yoast SEO plugin v27.4 - https:\/\/yoast.com\/product\/yoast-seo-wordpress\/ -->\n<title>Holiday Horrors - Ghost Nameless Ghoulette Ornament|Trick or Treat Studios<\/title>\n<meta name=\"description\" content=\"Holiday Horrors - Ghost Nameless Ghoulette by Trick or Treat Studios. Officially licensed Horror Masks &amp; Collectibles - the biggest European supplier. Available in the UK from Mad About Horror.\" \/>\n<meta name=\"robots\" content=\"index, follow, max-snippet:-1, max-image-preview:large, max-video-preview:-1\" \/>\n<link rel=\"canonical\" href=\"https:\/\/madabouthorror.co.uk\/fr\/product\/trick-or-treat-studios-holiday-horrors-ghost-nameless-ghoulette-ornament\/\" \/>\n<meta property=\"og:locale\" content=\"fr_FR\" \/>\n<meta property=\"og:type\" content=\"article\" \/>\n<meta property=\"og:title\" content=\"Holiday Horrors - Ghost Nameless Ghoulette Ornament|Trick or Treat Studios\" \/>\n<meta property=\"og:description\" content=\"Holiday Horrors - Ghost Nameless Ghoulette by Trick or Treat Studios. Officially licensed Horror Masks &amp; Collectibles - the biggest European supplier. Available in the UK from Mad About Horror.\" \/>\n<meta property=\"og:url\" content=\"https:\/\/madabouthorror.co.uk\/fr\/product\/trick-or-treat-studios-holiday-horrors-ghost-nameless-ghoulette-ornament\/\" \/>\n<meta property=\"og:site_name\" content=\"Mad About Horror\" \/>\n<meta property=\"article:publisher\" content=\"https:\/\/www.facebook.com\/madabouthorror\/\" \/>\n<meta property=\"article:modified_time\" content=\"2026-04-20T12:42:40+00:00\" \/>\n<meta property=\"og:image\" content=\"https:\/\/madabouthorror.co.uk\/wp-content\/uploads\/2021\/08\/nameless_ghoulette.jpg\" \/>\n\t<meta property=\"og:image:width\" content=\"650\" \/>\n\t<meta property=\"og:image:height\" content=\"650\" \/>\n\t<meta property=\"og:image:type\" content=\"image\/jpeg\" \/>\n<meta name=\"twitter:card\" content=\"summary_large_image\" \/>\n<script type=\"application\/ld+json\" class=\"yoast-schema-graph\">{\"@context\":\"https:\\\/\\\/schema.org\",\"@graph\":[{\"@type\":[\"WebPage\",\"ItemPage\"],\"@id\":\"https:\\\/\\\/madabouthorror.co.uk\\\/product\\\/trick-or-treat-studios-holiday-horrors-ghost-nameless-ghoulette-ornament\\\/\",\"url\":\"https:\\\/\\\/madabouthorror.co.uk\\\/product\\\/trick-or-treat-studios-holiday-horrors-ghost-nameless-ghoulette-ornament\\\/\",\"name\":\"Holiday Horrors - Ghost Nameless Ghoulette Ornament|Trick or Treat Studios\",\"isPartOf\":{\"@id\":\"https:\\\/\\\/madabouthorror.co.uk\\\/#website\"},\"primaryImageOfPage\":{\"@id\":\"https:\\\/\\\/madabouthorror.co.uk\\\/product\\\/trick-or-treat-studios-holiday-horrors-ghost-nameless-ghoulette-ornament\\\/#primaryimage\"},\"image\":{\"@id\":\"https:\\\/\\\/madabouthorror.co.uk\\\/product\\\/trick-or-treat-studios-holiday-horrors-ghost-nameless-ghoulette-ornament\\\/#primaryimage\"},\"thumbnailUrl\":\"https:\\\/\\\/madabouthorror.co.uk\\\/wp-content\\\/uploads\\\/2021\\\/08\\\/nameless_ghoulette.jpg\",\"datePublished\":\"2021-08-26T13:51:18+00:00\",\"dateModified\":\"2026-04-20T12:42:40+00:00\",\"description\":\"Holiday Horrors - Ghost Nameless Ghoulette by Trick or Treat Studios. Officially licensed Horror Masks & Collectibles - the biggest European supplier. Available in the UK from Mad About Horror.\",\"breadcrumb\":{\"@id\":\"https:\\\/\\\/madabouthorror.co.uk\\\/product\\\/trick-or-treat-studios-holiday-horrors-ghost-nameless-ghoulette-ornament\\\/#breadcrumb\"},\"inLanguage\":\"fr-FR\",\"potentialAction\":[{\"@type\":\"ReadAction\",\"target\":[\"https:\\\/\\\/madabouthorror.co.uk\\\/product\\\/trick-or-treat-studios-holiday-horrors-ghost-nameless-ghoulette-ornament\\\/\"]}]},{\"@type\":\"ImageObject\",\"inLanguage\":\"fr-FR\",\"@id\":\"https:\\\/\\\/madabouthorror.co.uk\\\/product\\\/trick-or-treat-studios-holiday-horrors-ghost-nameless-ghoulette-ornament\\\/#primaryimage\",\"url\":\"https:\\\/\\\/madabouthorror.co.uk\\\/wp-content\\\/uploads\\\/2021\\\/08\\\/nameless_ghoulette.jpg\",\"contentUrl\":\"https:\\\/\\\/madabouthorror.co.uk\\\/wp-content\\\/uploads\\\/2021\\\/08\\\/nameless_ghoulette.jpg\",\"width\":650,\"height\":650,\"caption\":\"Trick or Treat Studios Ghost - Nameless Ghoulette Ornament\"},{\"@type\":\"BreadcrumbList\",\"@id\":\"https:\\\/\\\/madabouthorror.co.uk\\\/product\\\/trick-or-treat-studios-holiday-horrors-ghost-nameless-ghoulette-ornament\\\/#breadcrumb\",\"itemListElement\":[{\"@type\":\"ListItem\",\"position\":1,\"name\":\"Shop\",\"item\":\"https:\\\/\\\/madabouthorror.co.uk\\\/shop\\\/\"},{\"@type\":\"ListItem\",\"position\":2,\"name\":\"Holiday Horrors &#8211; Ghost &#8211; Nameless Ghoulette Ornament\"}]},{\"@type\":\"WebSite\",\"@id\":\"https:\\\/\\\/madabouthorror.co.uk\\\/#website\",\"url\":\"https:\\\/\\\/madabouthorror.co.uk\\\/\",\"name\":\"Mad About Horror\",\"description\":\"\",\"publisher\":{\"@id\":\"https:\\\/\\\/madabouthorror.co.uk\\\/#organization\"},\"alternateName\":\"Mad About Horror Limited\",\"potentialAction\":[{\"@type\":\"SearchAction\",\"target\":{\"@type\":\"EntryPoint\",\"urlTemplate\":\"https:\\\/\\\/madabouthorror.co.uk\\\/?s={search_term_string}\"},\"query-input\":{\"@type\":\"PropertyValueSpecification\",\"valueRequired\":true,\"valueName\":\"search_term_string\"}}],\"inLanguage\":\"fr-FR\"},{\"@type\":\"Organization\",\"@id\":\"https:\\\/\\\/madabouthorror.co.uk\\\/#organization\",\"name\":\"Mad About Horror\",\"url\":\"https:\\\/\\\/madabouthorror.co.uk\\\/\",\"logo\":{\"@type\":\"ImageObject\",\"inLanguage\":\"fr-FR\",\"@id\":\"https:\\\/\\\/madabouthorror.co.uk\\\/#\\\/schema\\\/logo\\\/image\\\/\",\"url\":\"https:\\\/\\\/madabouthorror.co.uk\\\/wp-content\\\/uploads\\\/2024\\\/02\\\/cropped-Logo.png\",\"contentUrl\":\"https:\\\/\\\/madabouthorror.co.uk\\\/wp-content\\\/uploads\\\/2024\\\/02\\\/cropped-Logo.png\",\"width\":240,\"height\":88,\"caption\":\"Mad About Horror\"},\"image\":{\"@id\":\"https:\\\/\\\/madabouthorror.co.uk\\\/#\\\/schema\\\/logo\\\/image\\\/\"},\"sameAs\":[\"https:\\\/\\\/www.facebook.com\\\/madabouthorror\\\/\",\"https:\\\/\\\/www.instagram.com\\\/madabouthorror\\\/\",\"https:\\\/\\\/www.pinterest.co.uk\\\/madabouthorror\\\/\",\"https:\\\/\\\/www.youtube.com\\\/channel\\\/UCBooLOIxjoQ89dj6T5lWm_w\",\"https:\\\/\\\/www.tiktok.com\\\/@weremadabouthorror\"]}]}<\/script>\n<!-- \/ Yoast SEO plugin. -->","yoast_head_json":{"title":"Holiday Horrors - Ghost Nameless Ghoulette Ornament|Trick or Treat Studios","description":"Holiday Horrors - Ghost Nameless Ghoulette par Trick or Treat Studios. Masques d'horreur et objets de collection sous licence officielle - le plus grand fournisseur europ\u00e9en. Disponible au Royaume-Uni aupr\u00e8s de Mad About Horror.","robots":{"index":"index","follow":"follow","max-snippet":"max-snippet:-1","max-image-preview":"max-image-preview:large","max-video-preview":"max-video-preview:-1"},"canonical":"https:\/\/madabouthorror.co.uk\/fr\/product\/trick-or-treat-studios-holiday-horrors-ghost-nameless-ghoulette-ornament\/","og_locale":"fr_FR","og_type":"article","og_title":"Holiday Horrors - Ghost Nameless Ghoulette Ornament|Trick or Treat Studios","og_description":"Holiday Horrors - Ghost Nameless Ghoulette by Trick or Treat Studios. Officially licensed Horror Masks & Collectibles - the biggest European supplier. Available in the UK from Mad About Horror.","og_url":"https:\/\/madabouthorror.co.uk\/fr\/product\/trick-or-treat-studios-holiday-horrors-ghost-nameless-ghoulette-ornament\/","og_site_name":"Mad About Horror","article_publisher":"https:\/\/www.facebook.com\/madabouthorror\/","article_modified_time":"2026-04-20T12:42:40+00:00","og_image":[{"width":650,"height":650,"url":"https:\/\/madabouthorror.co.uk\/wp-content\/uploads\/2021\/08\/nameless_ghoulette.jpg","type":"image\/jpeg"}],"twitter_card":"summary_large_image","schema":{"@context":"https:\/\/schema.org","@graph":[{"@type":["WebPage","ItemPage"],"@id":"https:\/\/madabouthorror.co.uk\/product\/trick-or-treat-studios-holiday-horrors-ghost-nameless-ghoulette-ornament\/","url":"https:\/\/madabouthorror.co.uk\/product\/trick-or-treat-studios-holiday-horrors-ghost-nameless-ghoulette-ornament\/","name":"Holiday Horrors - Ghost Nameless Ghoulette Ornament|Trick or Treat Studios","isPartOf":{"@id":"https:\/\/madabouthorror.co.uk\/#website"},"primaryImageOfPage":{"@id":"https:\/\/madabouthorror.co.uk\/product\/trick-or-treat-studios-holiday-horrors-ghost-nameless-ghoulette-ornament\/#primaryimage"},"image":{"@id":"https:\/\/madabouthorror.co.uk\/product\/trick-or-treat-studios-holiday-horrors-ghost-nameless-ghoulette-ornament\/#primaryimage"},"thumbnailUrl":"https:\/\/madabouthorror.co.uk\/wp-content\/uploads\/2021\/08\/nameless_ghoulette.jpg","datePublished":"2021-08-26T13:51:18+00:00","dateModified":"2026-04-20T12:42:40+00:00","description":"Holiday Horrors - Ghost Nameless Ghoulette par Trick or Treat Studios. Masques d'horreur et objets de collection sous licence officielle - le plus grand fournisseur europ\u00e9en. Disponible au Royaume-Uni aupr\u00e8s de Mad About Horror.","breadcrumb":{"@id":"https:\/\/madabouthorror.co.uk\/product\/trick-or-treat-studios-holiday-horrors-ghost-nameless-ghoulette-ornament\/#breadcrumb"},"inLanguage":"fr-FR","potentialAction":[{"@type":"ReadAction","target":["https:\/\/madabouthorror.co.uk\/product\/trick-or-treat-studios-holiday-horrors-ghost-nameless-ghoulette-ornament\/"]}]},{"@type":"ImageObject","inLanguage":"fr-FR","@id":"https:\/\/madabouthorror.co.uk\/product\/trick-or-treat-studios-holiday-horrors-ghost-nameless-ghoulette-ornament\/#primaryimage","url":"https:\/\/madabouthorror.co.uk\/wp-content\/uploads\/2021\/08\/nameless_ghoulette.jpg","contentUrl":"https:\/\/madabouthorror.co.uk\/wp-content\/uploads\/2021\/08\/nameless_ghoulette.jpg","width":650,"height":650,"caption":"Trick or Treat Studios Ghost - Nameless Ghoulette Ornament"},{"@type":"BreadcrumbList","@id":"https:\/\/madabouthorror.co.uk\/product\/trick-or-treat-studios-holiday-horrors-ghost-nameless-ghoulette-ornament\/#breadcrumb","itemListElement":[{"@type":"ListItem","position":1,"name":"Shop","item":"https:\/\/madabouthorror.co.uk\/shop\/"},{"@type":"ListItem","position":2,"name":"Holiday Horrors &#8211; Ghost &#8211; Nameless Ghoulette Ornament"}]},{"@type":"WebSite","@id":"https:\/\/madabouthorror.co.uk\/#website","url":"https:\/\/madabouthorror.co.uk\/","name":"L'horreur en folie","description":"","publisher":{"@id":"https:\/\/madabouthorror.co.uk\/#organization"},"alternateName":"Mad About Horror Limited","potentialAction":[{"@type":"SearchAction","target":{"@type":"EntryPoint","urlTemplate":"https:\/\/madabouthorror.co.uk\/?s={search_term_string}"},"query-input":{"@type":"PropertyValueSpecification","valueRequired":true,"valueName":"search_term_string"}}],"inLanguage":"fr-FR"},{"@type":"Organization","@id":"https:\/\/madabouthorror.co.uk\/#organization","name":"L'horreur en folie","url":"https:\/\/madabouthorror.co.uk\/","logo":{"@type":"ImageObject","inLanguage":"fr-FR","@id":"https:\/\/madabouthorror.co.uk\/#\/schema\/logo\/image\/","url":"https:\/\/madabouthorror.co.uk\/wp-content\/uploads\/2024\/02\/cropped-Logo.png","contentUrl":"https:\/\/madabouthorror.co.uk\/wp-content\/uploads\/2024\/02\/cropped-Logo.png","width":240,"height":88,"caption":"Mad About Horror"},"image":{"@id":"https:\/\/madabouthorror.co.uk\/#\/schema\/logo\/image\/"},"sameAs":["https:\/\/www.facebook.com\/madabouthorror\/","https:\/\/www.instagram.com\/madabouthorror\/","https:\/\/www.pinterest.co.uk\/madabouthorror\/","https:\/\/www.youtube.com\/channel\/UCBooLOIxjoQ89dj6T5lWm_w","https:\/\/www.tiktok.com\/@weremadabouthorror"]}]}},"df_price":25.99,"df_sale_price":"","df_regular_price":25.99,"df_image_link":"https:\/\/madabouthorror.co.uk\/wp-content\/uploads\/2021\/08\/nameless_ghoulette-300x300.jpg","_links":{"self":[{"href":"https:\/\/madabouthorror.co.uk\/fr\/wp-json\/wp\/v2\/product\/49499","targetHints":{"allow":["GET"]}}],"collection":[{"href":"https:\/\/madabouthorror.co.uk\/fr\/wp-json\/wp\/v2\/product"}],"about":[{"href":"https:\/\/madabouthorror.co.uk\/fr\/wp-json\/wp\/v2\/types\/product"}],"replies":[{"embeddable":true,"href":"https:\/\/madabouthorror.co.uk\/fr\/wp-json\/wp\/v2\/comments?post=49499"}],"wp:featuredmedia":[{"embeddable":true,"href":"https:\/\/madabouthorror.co.uk\/fr\/wp-json\/wp\/v2\/media\/49498"}],"wp:attachment":[{"href":"https:\/\/madabouthorror.co.uk\/fr\/wp-json\/wp\/v2\/media?parent=49499"}],"wp:term":[{"taxonomy":"product_brand","embeddable":true,"href":"https:\/\/madabouthorror.co.uk\/fr\/wp-json\/wp\/v2\/product_brand?post=49499"},{"taxonomy":"product_cat","embeddable":true,"href":"https:\/\/madabouthorror.co.uk\/fr\/wp-json\/wp\/v2\/product_cat?post=49499"},{"taxonomy":"product_tag","embeddable":true,"href":"https:\/\/madabouthorror.co.uk\/fr\/wp-json\/wp\/v2\/product_tag?post=49499"}],"curies":[{"name":"wp","href":"https:\/\/api.w.org\/{rel}","templated":true}]}}