{"id":49660,"date":"2021-09-02T21:39:57","date_gmt":"2021-09-02T20:39:57","guid":{"rendered":"https:\/\/mah.6bdv.ws\/product\/bloody-coveralls\/"},"modified":"2026-04-22T11:41:25","modified_gmt":"2026-04-22T10:41:25","slug":"bloody-coveralls","status":"publish","type":"product","link":"https:\/\/madabouthorror.co.uk\/fr\/product\/bloody-coveralls\/","title":{"rendered":"Combinaisons Chop Chop"},"content":{"rendered":"<p>Ce boucher a pris un bain de sang ! Une salopette blanche, us\u00e9e par les intemp\u00e9ries, tremp\u00e9e dans le sang.<\/p>\n<p>Cr\u00e9\u00e9e par notre propre costumier, Mad About Horror vous propose une nouvelle gamme de costumes professionnels pour les secteurs de l'\u00e9pouvante, de l'Halloween et des \u00e9v\u00e9nements d'horreur.<\/p>\n<p>Tailles (\u00e0 choisir dans la liste d\u00e9roulante) :<\/p>\n<ul>\n<li>Standard<\/li>\n<li>XL<\/li>\n<li>2XL<\/li>\n<\/ul>\n<p>\u00c9galement disponible en costume complet avec les gants et le masque psycho-sac illustr\u00e9s - voir liste s\u00e9par\u00e9e.<\/p>","protected":false},"excerpt":{"rendered":"<p>Ce boucher a pris un bain de sang ! Une salopette blanche us\u00e9e par les intemp\u00e9ries et tremp\u00e9e dans le sang. Cr\u00e9\u00e9e par notre propre costumier, Mad About Horror vous propose une nouvelle gamme de costumes professionnels pour l'industrie de l'\u00e9pouvante, de l'Halloween et des \u00e9v\u00e9nements d'horreur. Tailles (\u00e0 choisir dans la liste d\u00e9roulante) : Standard XL 2XL \u00c9galement disponible en costume complet avec gants et masque psycho-sac illustr\u00e9 [...]<\/p>","protected":false},"featured_media":49655,"comment_status":"closed","ping_status":"closed","template":"","meta":{"_acf_changed":false},"product_brand":[],"product_cat":[6969,6551,6543,6829],"product_tag":[],"class_list":{"0":"post-49660","1":"product","2":"type-product","3":"status-publish","4":"has-post-thumbnail","6":"product_cat-professional-costumes","7":"product_cat-costumes","8":"product_cat-professional","9":"product_cat-professional-range-costumes","10":"pa_brand-other","11":"pa_character-other","12":"pa_google_tax-9c-clothingaccessoriescostume","14":"first","15":"instock","16":"taxable","17":"shipping-taxable","18":"purchasable","19":"product-type-variable"},"supplier_id":467463,"supplier_sku":"","barcode":"","atum_controlled":true,"out_stock_date":null,"out_stock_threshold":null,"inheritable":true,"inbound_stock":0,"stock_on_hold":0,"sold_today":0,"sales_last_days":0,"reserved_stock":0,"customer_returns":0,"warehouse_damage":0,"lost_in_post":0,"other_logs":0,"out_stock_days":0,"lost_sales":0,"has_location":false,"update_date":"2026-04-29T01:53:55","atum_locations":[],"atum_stock_status":"instock","restock_status":false,"low_stock_amount":"","sales_update_date":"2026-04-29T01:53:54","calc_backorders":null,"acf":[],"yoast_head":"<!-- This site is optimized with the Yoast SEO plugin v27.5 - https:\/\/yoast.com\/product\/yoast-seo-wordpress\/ -->\n<title>Bloody Coveralls - Halloween Costume<\/title>\n<meta name=\"description\" content=\"Professional range of horror props for Scare Attractions, Halloween events and film. Large range of in stock props, masks and costumes.\" \/>\n<meta name=\"robots\" content=\"index, follow, max-snippet:-1, max-image-preview:large, max-video-preview:-1\" \/>\n<link rel=\"canonical\" href=\"https:\/\/madabouthorror.co.uk\/fr\/product\/bloody-coveralls\/\" \/>\n<meta property=\"og:locale\" content=\"fr_FR\" \/>\n<meta property=\"og:type\" content=\"article\" \/>\n<meta property=\"og:title\" content=\"Bloody Coveralls - Halloween Costume\" \/>\n<meta property=\"og:description\" content=\"Professional range of horror props for Scare Attractions, Halloween events and film. Large range of in stock props, masks and costumes.\" \/>\n<meta property=\"og:url\" content=\"https:\/\/madabouthorror.co.uk\/fr\/product\/bloody-coveralls\/\" \/>\n<meta property=\"og:site_name\" content=\"Mad About Horror\" \/>\n<meta property=\"article:publisher\" content=\"https:\/\/www.facebook.com\/madabouthorror\/\" \/>\n<meta property=\"article:modified_time\" content=\"2026-04-22T10:41:25+00:00\" \/>\n<meta property=\"og:image\" content=\"https:\/\/madabouthorror.co.uk\/wp-content\/uploads\/2021\/09\/coveralls_chop_chop_butcher_bloody_halloween_costume.jpg\" \/>\n\t<meta property=\"og:image:width\" content=\"650\" \/>\n\t<meta property=\"og:image:height\" content=\"650\" \/>\n\t<meta property=\"og:image:type\" content=\"image\/jpeg\" \/>\n<meta name=\"twitter:card\" content=\"summary_large_image\" \/>\n<meta name=\"twitter:label1\" content=\"Dur\u00e9e de lecture estim\u00e9e\" \/>\n\t<meta name=\"twitter:data1\" content=\"1 minute\" \/>\n<script type=\"application\/ld+json\" class=\"yoast-schema-graph\">{\"@context\":\"https:\\\/\\\/schema.org\",\"@graph\":[{\"@type\":[\"WebPage\",\"ItemPage\"],\"@id\":\"https:\\\/\\\/madabouthorror.co.uk\\\/product\\\/bloody-coveralls\\\/\",\"url\":\"https:\\\/\\\/madabouthorror.co.uk\\\/product\\\/bloody-coveralls\\\/\",\"name\":\"Bloody Coveralls - Halloween Costume\",\"isPartOf\":{\"@id\":\"https:\\\/\\\/madabouthorror.co.uk\\\/#website\"},\"primaryImageOfPage\":{\"@id\":\"https:\\\/\\\/madabouthorror.co.uk\\\/product\\\/bloody-coveralls\\\/#primaryimage\"},\"image\":{\"@id\":\"https:\\\/\\\/madabouthorror.co.uk\\\/product\\\/bloody-coveralls\\\/#primaryimage\"},\"thumbnailUrl\":\"https:\\\/\\\/madabouthorror.co.uk\\\/wp-content\\\/uploads\\\/2021\\\/09\\\/coveralls_chop_chop_butcher_bloody_halloween_costume.jpg\",\"datePublished\":\"2021-09-02T20:39:57+00:00\",\"dateModified\":\"2026-04-22T10:41:25+00:00\",\"description\":\"Professional range of horror props for Scare Attractions, Halloween events and film. Large range of in stock props, masks and costumes.\",\"breadcrumb\":{\"@id\":\"https:\\\/\\\/madabouthorror.co.uk\\\/product\\\/bloody-coveralls\\\/#breadcrumb\"},\"inLanguage\":\"fr-FR\",\"potentialAction\":[{\"@type\":\"ReadAction\",\"target\":[\"https:\\\/\\\/madabouthorror.co.uk\\\/product\\\/bloody-coveralls\\\/\"]}]},{\"@type\":\"ImageObject\",\"inLanguage\":\"fr-FR\",\"@id\":\"https:\\\/\\\/madabouthorror.co.uk\\\/product\\\/bloody-coveralls\\\/#primaryimage\",\"url\":\"https:\\\/\\\/madabouthorror.co.uk\\\/wp-content\\\/uploads\\\/2021\\\/09\\\/coveralls_chop_chop_butcher_bloody_halloween_costume.jpg\",\"contentUrl\":\"https:\\\/\\\/madabouthorror.co.uk\\\/wp-content\\\/uploads\\\/2021\\\/09\\\/coveralls_chop_chop_butcher_bloody_halloween_costume.jpg\",\"width\":650,\"height\":650,\"caption\":\"Bloody Coveralls-0\"},{\"@type\":\"BreadcrumbList\",\"@id\":\"https:\\\/\\\/madabouthorror.co.uk\\\/product\\\/bloody-coveralls\\\/#breadcrumb\",\"itemListElement\":[{\"@type\":\"ListItem\",\"position\":1,\"name\":\"Shop\",\"item\":\"https:\\\/\\\/madabouthorror.co.uk\\\/shop\\\/\"},{\"@type\":\"ListItem\",\"position\":2,\"name\":\"Chop Chop Coveralls\"}]},{\"@type\":\"WebSite\",\"@id\":\"https:\\\/\\\/madabouthorror.co.uk\\\/#website\",\"url\":\"https:\\\/\\\/madabouthorror.co.uk\\\/\",\"name\":\"Mad About Horror\",\"description\":\"\",\"publisher\":{\"@id\":\"https:\\\/\\\/madabouthorror.co.uk\\\/#organization\"},\"alternateName\":\"Mad About Horror Limited\",\"potentialAction\":[{\"@type\":\"SearchAction\",\"target\":{\"@type\":\"EntryPoint\",\"urlTemplate\":\"https:\\\/\\\/madabouthorror.co.uk\\\/?s={search_term_string}\"},\"query-input\":{\"@type\":\"PropertyValueSpecification\",\"valueRequired\":true,\"valueName\":\"search_term_string\"}}],\"inLanguage\":\"fr-FR\"},{\"@type\":\"Organization\",\"@id\":\"https:\\\/\\\/madabouthorror.co.uk\\\/#organization\",\"name\":\"Mad About Horror\",\"url\":\"https:\\\/\\\/madabouthorror.co.uk\\\/\",\"logo\":{\"@type\":\"ImageObject\",\"inLanguage\":\"fr-FR\",\"@id\":\"https:\\\/\\\/madabouthorror.co.uk\\\/#\\\/schema\\\/logo\\\/image\\\/\",\"url\":\"https:\\\/\\\/madabouthorror.co.uk\\\/wp-content\\\/uploads\\\/2024\\\/02\\\/cropped-Logo.png\",\"contentUrl\":\"https:\\\/\\\/madabouthorror.co.uk\\\/wp-content\\\/uploads\\\/2024\\\/02\\\/cropped-Logo.png\",\"width\":240,\"height\":88,\"caption\":\"Mad About Horror\"},\"image\":{\"@id\":\"https:\\\/\\\/madabouthorror.co.uk\\\/#\\\/schema\\\/logo\\\/image\\\/\"},\"sameAs\":[\"https:\\\/\\\/www.facebook.com\\\/madabouthorror\\\/\",\"https:\\\/\\\/www.instagram.com\\\/madabouthorror\\\/\",\"https:\\\/\\\/www.pinterest.co.uk\\\/madabouthorror\\\/\",\"https:\\\/\\\/www.youtube.com\\\/channel\\\/UCBooLOIxjoQ89dj6T5lWm_w\",\"https:\\\/\\\/www.tiktok.com\\\/@weremadabouthorror\"]}]}<\/script>\n<!-- \/ Yoast SEO plugin. -->","yoast_head_json":{"title":"Combinaison sanglante - Costume d'Halloween","description":"Gamme professionnelle d'accessoires d'horreur pour les attractions d'\u00e9pouvante, les \u00e9v\u00e9nements d'Halloween et les films. Large gamme d'accessoires, de masques et de costumes en stock.","robots":{"index":"index","follow":"follow","max-snippet":"max-snippet:-1","max-image-preview":"max-image-preview:large","max-video-preview":"max-video-preview:-1"},"canonical":"https:\/\/madabouthorror.co.uk\/fr\/product\/bloody-coveralls\/","og_locale":"fr_FR","og_type":"article","og_title":"Bloody Coveralls - Halloween Costume","og_description":"Professional range of horror props for Scare Attractions, Halloween events and film. Large range of in stock props, masks and costumes.","og_url":"https:\/\/madabouthorror.co.uk\/fr\/product\/bloody-coveralls\/","og_site_name":"Mad About Horror","article_publisher":"https:\/\/www.facebook.com\/madabouthorror\/","article_modified_time":"2026-04-22T10:41:25+00:00","og_image":[{"width":650,"height":650,"url":"https:\/\/madabouthorror.co.uk\/wp-content\/uploads\/2021\/09\/coveralls_chop_chop_butcher_bloody_halloween_costume.jpg","type":"image\/jpeg"}],"twitter_card":"summary_large_image","twitter_misc":{"Dur\u00e9e de lecture estim\u00e9e":"1 minute"},"schema":{"@context":"https:\/\/schema.org","@graph":[{"@type":["WebPage","ItemPage"],"@id":"https:\/\/madabouthorror.co.uk\/product\/bloody-coveralls\/","url":"https:\/\/madabouthorror.co.uk\/product\/bloody-coveralls\/","name":"Combinaison sanglante - Costume d'Halloween","isPartOf":{"@id":"https:\/\/madabouthorror.co.uk\/#website"},"primaryImageOfPage":{"@id":"https:\/\/madabouthorror.co.uk\/product\/bloody-coveralls\/#primaryimage"},"image":{"@id":"https:\/\/madabouthorror.co.uk\/product\/bloody-coveralls\/#primaryimage"},"thumbnailUrl":"https:\/\/madabouthorror.co.uk\/wp-content\/uploads\/2021\/09\/coveralls_chop_chop_butcher_bloody_halloween_costume.jpg","datePublished":"2021-09-02T20:39:57+00:00","dateModified":"2026-04-22T10:41:25+00:00","description":"Gamme professionnelle d'accessoires d'horreur pour les attractions d'\u00e9pouvante, les \u00e9v\u00e9nements d'Halloween et les films. Large gamme d'accessoires, de masques et de costumes en stock.","breadcrumb":{"@id":"https:\/\/madabouthorror.co.uk\/product\/bloody-coveralls\/#breadcrumb"},"inLanguage":"fr-FR","potentialAction":[{"@type":"ReadAction","target":["https:\/\/madabouthorror.co.uk\/product\/bloody-coveralls\/"]}]},{"@type":"ImageObject","inLanguage":"fr-FR","@id":"https:\/\/madabouthorror.co.uk\/product\/bloody-coveralls\/#primaryimage","url":"https:\/\/madabouthorror.co.uk\/wp-content\/uploads\/2021\/09\/coveralls_chop_chop_butcher_bloody_halloween_costume.jpg","contentUrl":"https:\/\/madabouthorror.co.uk\/wp-content\/uploads\/2021\/09\/coveralls_chop_chop_butcher_bloody_halloween_costume.jpg","width":650,"height":650,"caption":"Bloody Coveralls-0"},{"@type":"BreadcrumbList","@id":"https:\/\/madabouthorror.co.uk\/product\/bloody-coveralls\/#breadcrumb","itemListElement":[{"@type":"ListItem","position":1,"name":"Shop","item":"https:\/\/madabouthorror.co.uk\/shop\/"},{"@type":"ListItem","position":2,"name":"Chop Chop Coveralls"}]},{"@type":"WebSite","@id":"https:\/\/madabouthorror.co.uk\/#website","url":"https:\/\/madabouthorror.co.uk\/","name":"L'horreur en folie","description":"","publisher":{"@id":"https:\/\/madabouthorror.co.uk\/#organization"},"alternateName":"Mad About Horror Limited","potentialAction":[{"@type":"SearchAction","target":{"@type":"EntryPoint","urlTemplate":"https:\/\/madabouthorror.co.uk\/?s={search_term_string}"},"query-input":{"@type":"PropertyValueSpecification","valueRequired":true,"valueName":"search_term_string"}}],"inLanguage":"fr-FR"},{"@type":"Organization","@id":"https:\/\/madabouthorror.co.uk\/#organization","name":"L'horreur en folie","url":"https:\/\/madabouthorror.co.uk\/","logo":{"@type":"ImageObject","inLanguage":"fr-FR","@id":"https:\/\/madabouthorror.co.uk\/#\/schema\/logo\/image\/","url":"https:\/\/madabouthorror.co.uk\/wp-content\/uploads\/2024\/02\/cropped-Logo.png","contentUrl":"https:\/\/madabouthorror.co.uk\/wp-content\/uploads\/2024\/02\/cropped-Logo.png","width":240,"height":88,"caption":"Mad About Horror"},"image":{"@id":"https:\/\/madabouthorror.co.uk\/#\/schema\/logo\/image\/"},"sameAs":["https:\/\/www.facebook.com\/madabouthorror\/","https:\/\/www.instagram.com\/madabouthorror\/","https:\/\/www.pinterest.co.uk\/madabouthorror\/","https:\/\/www.youtube.com\/channel\/UCBooLOIxjoQ89dj6T5lWm_w","https:\/\/www.tiktok.com\/@weremadabouthorror"]}]}},"df_price":129.95,"df_sale_price":"","df_regular_price":129.95,"df_image_link":"https:\/\/madabouthorror.co.uk\/wp-content\/uploads\/2021\/09\/coveralls_chop_chop_butcher_bloody_halloween_costume-300x300.jpg","_links":{"self":[{"href":"https:\/\/madabouthorror.co.uk\/fr\/wp-json\/wp\/v2\/product\/49660","targetHints":{"allow":["GET"]}}],"collection":[{"href":"https:\/\/madabouthorror.co.uk\/fr\/wp-json\/wp\/v2\/product"}],"about":[{"href":"https:\/\/madabouthorror.co.uk\/fr\/wp-json\/wp\/v2\/types\/product"}],"replies":[{"embeddable":true,"href":"https:\/\/madabouthorror.co.uk\/fr\/wp-json\/wp\/v2\/comments?post=49660"}],"wp:featuredmedia":[{"embeddable":true,"href":"https:\/\/madabouthorror.co.uk\/fr\/wp-json\/wp\/v2\/media\/49655"}],"wp:attachment":[{"href":"https:\/\/madabouthorror.co.uk\/fr\/wp-json\/wp\/v2\/media?parent=49660"}],"wp:term":[{"taxonomy":"product_brand","embeddable":true,"href":"https:\/\/madabouthorror.co.uk\/fr\/wp-json\/wp\/v2\/product_brand?post=49660"},{"taxonomy":"product_cat","embeddable":true,"href":"https:\/\/madabouthorror.co.uk\/fr\/wp-json\/wp\/v2\/product_cat?post=49660"},{"taxonomy":"product_tag","embeddable":true,"href":"https:\/\/madabouthorror.co.uk\/fr\/wp-json\/wp\/v2\/product_tag?post=49660"}],"curies":[{"name":"wp","href":"https:\/\/api.w.org\/{rel}","templated":true}]}}