{"id":496726,"date":"2024-09-02T15:35:46","date_gmt":"2024-09-02T14:35:46","guid":{"rendered":"https:\/\/madabouthorror.co.uk\/?post_type=product&#038;p=496726"},"modified":"2026-04-29T16:23:19","modified_gmt":"2026-04-29T15:23:19","slug":"7-5ft-jack-o-lantern-pumpkin-archway","status":"publish","type":"product","link":"https:\/\/madabouthorror.co.uk\/fr\/product\/7-5ft-jack-o-lantern-pumpkin-archway\/","title":{"rendered":"7.5ft Jack-o-Lantern Pumpkin Archway (arcade de citrouille)"},"content":{"rendered":"<p>Mettez en sc\u00e8ne une entr\u00e9e hant\u00e9e et festive avec notre arche en forme de citrouille Jack-o'-Lantern ! D'une hauteur impressionnante de 7,5 pieds, cette arche pr\u00e9sente une collection de visages mena\u00e7ants de citrouilles Jack-o'-Lanterne empil\u00e9s, cr\u00e9ant une entr\u00e9e effrayante et accrocheuse pour vos c\u00e9l\u00e9brations d'Halloween. Parfaite pour les jardins, les f\u00eates ou les maisons hant\u00e9es, cette arche est fabriqu\u00e9e \u00e0 partir de mat\u00e9riaux robustes, ce qui la rend id\u00e9ale pour une utilisation \u00e0 l'int\u00e9rieur comme \u00e0 l'ext\u00e9rieur. Cette arche en forme de citrouille ajoute une touche de charme sinistre \u00e0 n'importe quel d\u00e9cor, ce qui en fait l'ultime ajout effrayant \u00e0 votre d\u00e9cor d'Halloween.<\/p>\n<p>Profondeur du produit (in.) 16.93 in Hauteur du produit (in.) 94.48 in Largeur du produit (in.) 77.95 in<\/p>\n<p><b>EXP\u00c9DITION AU ROYAUME-UNI UNIQUEMENT <\/b>-<i> Pour les Highlands et les \u00eeles, veuillez nous contacter pour conna\u00eetre les frais d'exp\u00e9dition.<\/i><\/p>\n<div>\n<div><b>S\u00e9curit\u00e9<\/b><i>. Veillez \u00e0 fixer l'ensemble \u00e0 l'aide des piquets de terre fournis et \u00e0 d\u00e9monter l'ensemble en cas de vents violents.<\/i><i><\/i><\/div>\n<div><\/div>\n<div><b>A noter :<\/b><i> Ces accessoires ne sont pas recommand\u00e9s pour un usage commercial intensif, c'est-\u00e0-dire qu'ils ne doivent pas \u00eatre utilis\u00e9s pendant des p\u00e9riodes prolong\u00e9es, c'est-\u00e0-dire plusieurs jours d'affil\u00e9e. Ils sont con\u00e7us pour \u00eatre utilis\u00e9s \u00e0 l'occasion d'Halloween. Si vous avez des questions \u00e0 ce sujet, n'h\u00e9sitez pas \u00e0 les poser.<\/i><\/div>\n<\/div>","protected":false},"excerpt":{"rendered":"<p>Mettez en sc\u00e8ne une entr\u00e9e hant\u00e9e et festive avec notre arche en forme de citrouille Jack-o'-Lantern ! D'une hauteur impressionnante de 7,5 pieds, cette arche pr\u00e9sente une collection de visages mena\u00e7ants de citrouilles Jack-o'-Lanterne empil\u00e9s, cr\u00e9ant une entr\u00e9e sinistre et accrocheuse pour vos c\u00e9l\u00e9brations d'Halloween. Parfaite pour les jardins, les f\u00eates ou les maisons hant\u00e9es, cette arche est fabriqu\u00e9e \u00e0 partir de mat\u00e9riaux [...]<\/p>","protected":false},"featured_media":496729,"comment_status":"closed","ping_status":"closed","template":"","meta":{"_acf_changed":false},"product_brand":[],"product_cat":[10068,10131,10158,10110,10034,10093,10094,9842,6547,6549,6963,9841,6597],"product_tag":[9993],"class_list":{"0":"post-496726","1":"product","2":"type-product","3":"status-publish","4":"has-post-thumbnail","6":"product_cat-halloween-decorations-2025","7":"product_cat-halloween-gifts","8":"product_cat-in-stock-animatronics","9":"product_cat-us-imports","10":"product_cat-family-friendly","11":"product_cat-indoor-halloween-decorations","12":"product_cat-outdoor-halloween-decorations","13":"product_cat-just-arrived-props","14":"product_cat-decorations","15":"product_cat-haunted-house","16":"product_cat-animatronics","17":"product_cat-home-depot-animatronics","18":"product_cat-pumpkins","19":"product_tag-animatronics-imports","20":"product_shipping_class-extra-large-props","22":"first","23":"instock","24":"taxable","25":"shipping-taxable","26":"purchasable","27":"product-type-simple"},"supplier_id":null,"supplier_sku":"","barcode":null,"atum_controlled":true,"out_stock_date":null,"out_stock_threshold":null,"inheritable":false,"inbound_stock":0,"stock_on_hold":0,"sold_today":0,"sales_last_days":0,"reserved_stock":0,"customer_returns":0,"warehouse_damage":0,"lost_in_post":0,"other_logs":0,"out_stock_days":0,"lost_sales":0,"has_location":false,"update_date":"2026-05-04T02:12:24","atum_locations":[],"atum_stock_status":"instock","restock_status":false,"low_stock_amount":"","sales_update_date":"2026-05-04T02:12:23","calc_backorders":null,"acf":[],"yoast_head":"<!-- This site is optimized with the Yoast SEO plugin v27.5 - https:\/\/yoast.com\/product\/yoast-seo-wordpress\/ -->\n<title>7.5ft Jack-o-Lantern Pumpkin Archway | Mad About Horror<\/title>\n<meta name=\"description\" content=\"7.5ft Jack-o-lantern pumpkin archway. Shop Horror collectibles and Halloween props. Europe&#039;s leading horror collectibles specialist.\" \/>\n<meta name=\"robots\" content=\"index, follow, max-snippet:-1, max-image-preview:large, max-video-preview:-1\" \/>\n<link rel=\"canonical\" href=\"https:\/\/madabouthorror.co.uk\/fr\/product\/7-5ft-jack-o-lantern-pumpkin-archway\/\" \/>\n<meta property=\"og:locale\" content=\"fr_FR\" \/>\n<meta property=\"og:type\" content=\"article\" \/>\n<meta property=\"og:title\" content=\"7.5ft Jack-o-Lantern Pumpkin Archway | Mad About Horror\" \/>\n<meta property=\"og:description\" content=\"7.5ft Jack-o-lantern pumpkin archway. Shop Horror collectibles and Halloween props. Europe&#039;s leading horror collectibles specialist.\" \/>\n<meta property=\"og:url\" content=\"https:\/\/madabouthorror.co.uk\/fr\/product\/7-5ft-jack-o-lantern-pumpkin-archway\/\" \/>\n<meta property=\"og:site_name\" content=\"Mad About Horror\" \/>\n<meta property=\"article:publisher\" content=\"https:\/\/www.facebook.com\/madabouthorror\/\" \/>\n<meta property=\"article:modified_time\" content=\"2026-04-29T15:23:19+00:00\" \/>\n<meta property=\"og:image\" content=\"https:\/\/madabouthorror.co.uk\/wp-content\/uploads\/2024\/09\/pumpkkin-arch-cover.jpg\" \/>\n\t<meta property=\"og:image:width\" content=\"1772\" \/>\n\t<meta property=\"og:image:height\" content=\"1772\" \/>\n\t<meta property=\"og:image:type\" content=\"image\/jpeg\" \/>\n<meta name=\"twitter:card\" content=\"summary_large_image\" \/>\n<meta name=\"twitter:label1\" content=\"Dur\u00e9e de lecture estim\u00e9e\" \/>\n\t<meta name=\"twitter:data1\" content=\"1 minute\" \/>\n<script type=\"application\/ld+json\" class=\"yoast-schema-graph\">{\"@context\":\"https:\\\/\\\/schema.org\",\"@graph\":[{\"@type\":[\"WebPage\",\"ItemPage\"],\"@id\":\"https:\\\/\\\/madabouthorror.co.uk\\\/product\\\/7-5ft-jack-o-lantern-pumpkin-archway\\\/\",\"url\":\"https:\\\/\\\/madabouthorror.co.uk\\\/product\\\/7-5ft-jack-o-lantern-pumpkin-archway\\\/\",\"name\":\"7.5ft Jack-o-Lantern Pumpkin Archway | Mad About Horror\",\"isPartOf\":{\"@id\":\"https:\\\/\\\/madabouthorror.co.uk\\\/#website\"},\"primaryImageOfPage\":{\"@id\":\"https:\\\/\\\/madabouthorror.co.uk\\\/product\\\/7-5ft-jack-o-lantern-pumpkin-archway\\\/#primaryimage\"},\"image\":{\"@id\":\"https:\\\/\\\/madabouthorror.co.uk\\\/product\\\/7-5ft-jack-o-lantern-pumpkin-archway\\\/#primaryimage\"},\"thumbnailUrl\":\"https:\\\/\\\/madabouthorror.co.uk\\\/wp-content\\\/uploads\\\/2024\\\/09\\\/pumpkkin-arch-cover.jpg\",\"datePublished\":\"2024-09-02T14:35:46+00:00\",\"dateModified\":\"2026-04-29T15:23:19+00:00\",\"description\":\"7.5ft Jack-o-lantern pumpkin archway. Shop Horror collectibles and Halloween props. Europe's leading horror collectibles specialist.\",\"breadcrumb\":{\"@id\":\"https:\\\/\\\/madabouthorror.co.uk\\\/product\\\/7-5ft-jack-o-lantern-pumpkin-archway\\\/#breadcrumb\"},\"inLanguage\":\"fr-FR\",\"potentialAction\":[{\"@type\":\"ReadAction\",\"target\":[\"https:\\\/\\\/madabouthorror.co.uk\\\/product\\\/7-5ft-jack-o-lantern-pumpkin-archway\\\/\"]}]},{\"@type\":\"ImageObject\",\"inLanguage\":\"fr-FR\",\"@id\":\"https:\\\/\\\/madabouthorror.co.uk\\\/product\\\/7-5ft-jack-o-lantern-pumpkin-archway\\\/#primaryimage\",\"url\":\"https:\\\/\\\/madabouthorror.co.uk\\\/wp-content\\\/uploads\\\/2024\\\/09\\\/pumpkkin-arch-cover.jpg\",\"contentUrl\":\"https:\\\/\\\/madabouthorror.co.uk\\\/wp-content\\\/uploads\\\/2024\\\/09\\\/pumpkkin-arch-cover.jpg\",\"width\":1772,\"height\":1772,\"caption\":\"Jack-o-lantern pumpkin archway\"},{\"@type\":\"BreadcrumbList\",\"@id\":\"https:\\\/\\\/madabouthorror.co.uk\\\/product\\\/7-5ft-jack-o-lantern-pumpkin-archway\\\/#breadcrumb\",\"itemListElement\":[{\"@type\":\"ListItem\",\"position\":1,\"name\":\"Shop\",\"item\":\"https:\\\/\\\/madabouthorror.co.uk\\\/shop\\\/\"},{\"@type\":\"ListItem\",\"position\":2,\"name\":\"7.5ft Jack-o-Lantern Pumpkin Archway\"}]},{\"@type\":\"WebSite\",\"@id\":\"https:\\\/\\\/madabouthorror.co.uk\\\/#website\",\"url\":\"https:\\\/\\\/madabouthorror.co.uk\\\/\",\"name\":\"Mad About Horror\",\"description\":\"\",\"publisher\":{\"@id\":\"https:\\\/\\\/madabouthorror.co.uk\\\/#organization\"},\"alternateName\":\"Mad About Horror Limited\",\"potentialAction\":[{\"@type\":\"SearchAction\",\"target\":{\"@type\":\"EntryPoint\",\"urlTemplate\":\"https:\\\/\\\/madabouthorror.co.uk\\\/?s={search_term_string}\"},\"query-input\":{\"@type\":\"PropertyValueSpecification\",\"valueRequired\":true,\"valueName\":\"search_term_string\"}}],\"inLanguage\":\"fr-FR\"},{\"@type\":\"Organization\",\"@id\":\"https:\\\/\\\/madabouthorror.co.uk\\\/#organization\",\"name\":\"Mad About Horror\",\"url\":\"https:\\\/\\\/madabouthorror.co.uk\\\/\",\"logo\":{\"@type\":\"ImageObject\",\"inLanguage\":\"fr-FR\",\"@id\":\"https:\\\/\\\/madabouthorror.co.uk\\\/#\\\/schema\\\/logo\\\/image\\\/\",\"url\":\"https:\\\/\\\/madabouthorror.co.uk\\\/wp-content\\\/uploads\\\/2024\\\/02\\\/cropped-Logo.png\",\"contentUrl\":\"https:\\\/\\\/madabouthorror.co.uk\\\/wp-content\\\/uploads\\\/2024\\\/02\\\/cropped-Logo.png\",\"width\":240,\"height\":88,\"caption\":\"Mad About Horror\"},\"image\":{\"@id\":\"https:\\\/\\\/madabouthorror.co.uk\\\/#\\\/schema\\\/logo\\\/image\\\/\"},\"sameAs\":[\"https:\\\/\\\/www.facebook.com\\\/madabouthorror\\\/\",\"https:\\\/\\\/www.instagram.com\\\/madabouthorror\\\/\",\"https:\\\/\\\/www.pinterest.co.uk\\\/madabouthorror\\\/\",\"https:\\\/\\\/www.youtube.com\\\/channel\\\/UCBooLOIxjoQ89dj6T5lWm_w\",\"https:\\\/\\\/www.tiktok.com\\\/@weremadabouthorror\"]}]}<\/script>\n<!-- \/ Yoast SEO plugin. -->","yoast_head_json":{"title":"7.5ft Jack-o-Lantern Pumpkin Archway | Mad About Horror","description":"7.5ft Jack-o-lantern pumpkin archway. Boutique d'objets de collection d'horreur et d'accessoires d'Halloween. Le plus grand sp\u00e9cialiste europ\u00e9en des objets de collection d'horreur.","robots":{"index":"index","follow":"follow","max-snippet":"max-snippet:-1","max-image-preview":"max-image-preview:large","max-video-preview":"max-video-preview:-1"},"canonical":"https:\/\/madabouthorror.co.uk\/fr\/product\/7-5ft-jack-o-lantern-pumpkin-archway\/","og_locale":"fr_FR","og_type":"article","og_title":"7.5ft Jack-o-Lantern Pumpkin Archway | Mad About Horror","og_description":"7.5ft Jack-o-lantern pumpkin archway. Shop Horror collectibles and Halloween props. Europe's leading horror collectibles specialist.","og_url":"https:\/\/madabouthorror.co.uk\/fr\/product\/7-5ft-jack-o-lantern-pumpkin-archway\/","og_site_name":"Mad About Horror","article_publisher":"https:\/\/www.facebook.com\/madabouthorror\/","article_modified_time":"2026-04-29T15:23:19+00:00","og_image":[{"width":1772,"height":1772,"url":"https:\/\/madabouthorror.co.uk\/wp-content\/uploads\/2024\/09\/pumpkkin-arch-cover.jpg","type":"image\/jpeg"}],"twitter_card":"summary_large_image","twitter_misc":{"Dur\u00e9e de lecture estim\u00e9e":"1 minute"},"schema":{"@context":"https:\/\/schema.org","@graph":[{"@type":["WebPage","ItemPage"],"@id":"https:\/\/madabouthorror.co.uk\/product\/7-5ft-jack-o-lantern-pumpkin-archway\/","url":"https:\/\/madabouthorror.co.uk\/product\/7-5ft-jack-o-lantern-pumpkin-archway\/","name":"7.5ft Jack-o-Lantern Pumpkin Archway | Mad About Horror","isPartOf":{"@id":"https:\/\/madabouthorror.co.uk\/#website"},"primaryImageOfPage":{"@id":"https:\/\/madabouthorror.co.uk\/product\/7-5ft-jack-o-lantern-pumpkin-archway\/#primaryimage"},"image":{"@id":"https:\/\/madabouthorror.co.uk\/product\/7-5ft-jack-o-lantern-pumpkin-archway\/#primaryimage"},"thumbnailUrl":"https:\/\/madabouthorror.co.uk\/wp-content\/uploads\/2024\/09\/pumpkkin-arch-cover.jpg","datePublished":"2024-09-02T14:35:46+00:00","dateModified":"2026-04-29T15:23:19+00:00","description":"7.5ft Jack-o-lantern pumpkin archway. Boutique d'objets de collection d'horreur et d'accessoires d'Halloween. Le plus grand sp\u00e9cialiste europ\u00e9en des objets de collection d'horreur.","breadcrumb":{"@id":"https:\/\/madabouthorror.co.uk\/product\/7-5ft-jack-o-lantern-pumpkin-archway\/#breadcrumb"},"inLanguage":"fr-FR","potentialAction":[{"@type":"ReadAction","target":["https:\/\/madabouthorror.co.uk\/product\/7-5ft-jack-o-lantern-pumpkin-archway\/"]}]},{"@type":"ImageObject","inLanguage":"fr-FR","@id":"https:\/\/madabouthorror.co.uk\/product\/7-5ft-jack-o-lantern-pumpkin-archway\/#primaryimage","url":"https:\/\/madabouthorror.co.uk\/wp-content\/uploads\/2024\/09\/pumpkkin-arch-cover.jpg","contentUrl":"https:\/\/madabouthorror.co.uk\/wp-content\/uploads\/2024\/09\/pumpkkin-arch-cover.jpg","width":1772,"height":1772,"caption":"Jack-o-lantern pumpkin archway"},{"@type":"BreadcrumbList","@id":"https:\/\/madabouthorror.co.uk\/product\/7-5ft-jack-o-lantern-pumpkin-archway\/#breadcrumb","itemListElement":[{"@type":"ListItem","position":1,"name":"Shop","item":"https:\/\/madabouthorror.co.uk\/shop\/"},{"@type":"ListItem","position":2,"name":"7.5ft Jack-o-Lantern Pumpkin Archway"}]},{"@type":"WebSite","@id":"https:\/\/madabouthorror.co.uk\/#website","url":"https:\/\/madabouthorror.co.uk\/","name":"L'horreur en folie","description":"","publisher":{"@id":"https:\/\/madabouthorror.co.uk\/#organization"},"alternateName":"Mad About Horror Limited","potentialAction":[{"@type":"SearchAction","target":{"@type":"EntryPoint","urlTemplate":"https:\/\/madabouthorror.co.uk\/?s={search_term_string}"},"query-input":{"@type":"PropertyValueSpecification","valueRequired":true,"valueName":"search_term_string"}}],"inLanguage":"fr-FR"},{"@type":"Organization","@id":"https:\/\/madabouthorror.co.uk\/#organization","name":"L'horreur en folie","url":"https:\/\/madabouthorror.co.uk\/","logo":{"@type":"ImageObject","inLanguage":"fr-FR","@id":"https:\/\/madabouthorror.co.uk\/#\/schema\/logo\/image\/","url":"https:\/\/madabouthorror.co.uk\/wp-content\/uploads\/2024\/02\/cropped-Logo.png","contentUrl":"https:\/\/madabouthorror.co.uk\/wp-content\/uploads\/2024\/02\/cropped-Logo.png","width":240,"height":88,"caption":"Mad About Horror"},"image":{"@id":"https:\/\/madabouthorror.co.uk\/#\/schema\/logo\/image\/"},"sameAs":["https:\/\/www.facebook.com\/madabouthorror\/","https:\/\/www.instagram.com\/madabouthorror\/","https:\/\/www.pinterest.co.uk\/madabouthorror\/","https:\/\/www.youtube.com\/channel\/UCBooLOIxjoQ89dj6T5lWm_w","https:\/\/www.tiktok.com\/@weremadabouthorror"]}]}},"df_price":449.95,"df_sale_price":"","df_regular_price":449.95,"df_image_link":"https:\/\/madabouthorror.co.uk\/wp-content\/uploads\/2024\/09\/pumpkkin-arch-cover-300x300.jpg","_links":{"self":[{"href":"https:\/\/madabouthorror.co.uk\/fr\/wp-json\/wp\/v2\/product\/496726","targetHints":{"allow":["GET"]}}],"collection":[{"href":"https:\/\/madabouthorror.co.uk\/fr\/wp-json\/wp\/v2\/product"}],"about":[{"href":"https:\/\/madabouthorror.co.uk\/fr\/wp-json\/wp\/v2\/types\/product"}],"replies":[{"embeddable":true,"href":"https:\/\/madabouthorror.co.uk\/fr\/wp-json\/wp\/v2\/comments?post=496726"}],"wp:featuredmedia":[{"embeddable":true,"href":"https:\/\/madabouthorror.co.uk\/fr\/wp-json\/wp\/v2\/media\/496729"}],"wp:attachment":[{"href":"https:\/\/madabouthorror.co.uk\/fr\/wp-json\/wp\/v2\/media?parent=496726"}],"wp:term":[{"taxonomy":"product_brand","embeddable":true,"href":"https:\/\/madabouthorror.co.uk\/fr\/wp-json\/wp\/v2\/product_brand?post=496726"},{"taxonomy":"product_cat","embeddable":true,"href":"https:\/\/madabouthorror.co.uk\/fr\/wp-json\/wp\/v2\/product_cat?post=496726"},{"taxonomy":"product_tag","embeddable":true,"href":"https:\/\/madabouthorror.co.uk\/fr\/wp-json\/wp\/v2\/product_tag?post=496726"}],"curies":[{"name":"wp","href":"https:\/\/api.w.org\/{rel}","templated":true}]}}