{"id":496847,"date":"2024-09-03T11:17:03","date_gmt":"2024-09-03T10:17:03","guid":{"rendered":"https:\/\/madabouthorror.co.uk\/?post_type=product&#038;p=496847"},"modified":"2025-11-20T12:40:45","modified_gmt":"2025-11-20T12:40:45","slug":"6ft-deluxe-ghostface-animated-prop","status":"publish","type":"product","link":"https:\/\/madabouthorror.co.uk\/fr\/product\/6ft-deluxe-ghostface-animated-prop\/","title":{"rendered":"Propulsion anim\u00e9e de luxe Ghostface de 6 pieds"},"content":{"rendered":"<p>Donnez vie \u00e0 la terreur du slasher embl\u00e9matique avec la d\u00e9coration anim\u00e9e Deluxe Ghostface, une d\u00e9coration Ghostface officiellement sous licence Spirit Halloween. Se tenant de mani\u00e8re mena\u00e7ante, cette d\u00e9coration gla\u00e7ante pr\u00e9sente des mouvements r\u00e9alistes de bascule de la t\u00eate et de stab de bras, recr\u00e9ant la pr\u00e9sence redoutable de Ghostface de la l\u00e9gendaire s\u00e9rie de films d'horreur. La d\u00e9coration comprend deux masques Ghostface interchangeables et deux armes interchangeables, vous permettant de personnaliser l'apparence pour l'adapter \u00e0 votre propre lieu hant\u00e9. Ajoutant \u00e0 l'authenticit\u00e9 inqui\u00e9tante, cette d\u00e9coration anim\u00e9e prononce \u00e9galement les phrases les plus embl\u00e9matiques du film, donnant des frissons \u00e0 quiconque ose s'approcher. Parfaite pour les maisons hant\u00e9es, les f\u00eates d'Halloween, ou tout d\u00e9cor \u00e0 th\u00e8me d'horreur, cette d\u00e9coration Ghostface de Spirit Halloween est l'ajout ultime \u00e0 votre collection de d\u00e9corations effrayantes.<\/p>\n<p><strong>Caract\u00e9ristiques :<\/strong><\/p>\n<ul>\n<li>1,89 m de haut<\/li>\n<li>Inclinaison de la t\u00eate et mouvement de stabulation<\/li>\n<li>Prononce des r\u00e9pliques de films iconiques<\/li>\n<\/ul>\n<p><strong>Comprend :<\/strong><\/p>\n<ul>\n<li>Masque de Ghostface vieilli<\/li>\n<li>Masque de Ghostface sanglant<\/li>\n<li>Couteau de chasse<\/li>\n<li>Machette ensanglant\u00e9e<\/li>\n<\/ul>\n<p><b>Fourni avec un adaptateur secteur britannique<\/b>. <i>N'utilisez que l'adaptateur d'alimentation fourni, car les adaptateurs d'alimentation incorrects peuvent causer des dommages.<\/i><\/p>\n<div>\n<div><b>Pour le porche couvert ou l'int\u00e9rieur.<\/b> <i>Prot\u00e9ger des intemp\u00e9ries en cas d'utilisation \u00e0 l'ext\u00e9rieur et ne pas laisser \u00e0 l'ext\u00e9rieur pendant des p\u00e9riodes prolong\u00e9es.<\/i><\/div>\n<div><\/div>\n<div><b>A noter :<\/b><i> Ces accessoires ne sont pas recommand\u00e9s pour un usage commercial intensif, c'est-\u00e0-dire qu'ils ne doivent pas \u00eatre utilis\u00e9s pendant des p\u00e9riodes prolong\u00e9es, c'est-\u00e0-dire plusieurs jours d'affil\u00e9e. Ils sont con\u00e7us pour \u00eatre utilis\u00e9s \u00e0 l'occasion d'Halloween. Si vous avez des questions \u00e0 ce sujet, n'h\u00e9sitez pas \u00e0 les poser.<\/i><\/div>\n<\/div>","protected":false},"excerpt":{"rendered":"<p>Faites revivre la terreur de l'embl\u00e9matique tueur en s\u00e9rie avec la figurine anim\u00e9e Deluxe Ghostface, une figurine Ghostface officiellement sous licence de Spirit Halloween. Se tenant de mani\u00e8re mena\u00e7ante, cette d\u00e9coration effrayante comprend des mouvements r\u00e9alistes de la t\u00eate qui bascule et du bras qui poignarde, recr\u00e9ant la pr\u00e9sence terrifiante de Ghostface de la l\u00e9gendaire s\u00e9rie de films d'horreur. La figurine comprend deux masques Ghostface interchangeables et [\u2026]<\/p>","protected":false},"featured_media":496864,"comment_status":"closed","ping_status":"closed","template":"","meta":{"_acf_changed":false},"product_brand":[],"product_cat":[10068,10131,10108,10110,10093,10094,6547,6963,9839,7040,7054,6797,6695],"product_tag":[],"class_list":{"0":"post-496847","1":"product","2":"type-product","3":"status-publish","4":"has-post-thumbnail","6":"product_cat-halloween-decorations-2025","7":"product_cat-halloween-gifts","8":"product_cat-light-up-halloween-decorations","9":"product_cat-us-imports","10":"product_cat-indoor-halloween-decorations","11":"product_cat-outdoor-halloween-decorations","12":"product_cat-decorations","13":"product_cat-animatronics","14":"product_cat-spirit-halloween-animatronics","15":"product_cat-ghostface","16":"product_cat-movie-tv-props","17":"product_cat-spirit-halloween-uk-stockist","18":"product_cat-scream","20":"first","21":"outofstock","22":"taxable","23":"shipping-taxable","24":"purchasable","25":"product-type-simple"},"supplier_id":471382,"supplier_sku":"01673979","barcode":null,"atum_controlled":true,"out_stock_date":"2025-09-19 10:19:57","out_stock_threshold":null,"inheritable":false,"inbound_stock":0,"stock_on_hold":0,"sold_today":0,"sales_last_days":0,"reserved_stock":0,"customer_returns":0,"warehouse_damage":0,"lost_in_post":0,"other_logs":0,"out_stock_days":224,"lost_sales":0,"has_location":false,"update_date":"2026-05-02T00:47:26","atum_locations":[],"atum_stock_status":"outofstock","restock_status":false,"low_stock_amount":"","sales_update_date":"2026-05-02T00:47:25","calc_backorders":null,"acf":[],"yoast_head":"<!-- This site is optimized with the Yoast SEO plugin v27.5 - https:\/\/yoast.com\/product\/yoast-seo-wordpress\/ -->\n<title>6ft Deluxe Ghostface Animated Prop | Mad About Horror<\/title>\n<meta name=\"description\" content=\"Officially licensed Spirit Halloween Ghostface animated prop. Shop Horror collectibles and Halloween props. Europe&#039;s leading horror collectibles specialist.\" \/>\n<meta name=\"robots\" content=\"index, follow, max-snippet:-1, max-image-preview:large, max-video-preview:-1\" \/>\n<link rel=\"canonical\" href=\"https:\/\/madabouthorror.co.uk\/fr\/product\/6ft-deluxe-ghostface-animated-prop\/\" \/>\n<meta property=\"og:locale\" content=\"fr_FR\" \/>\n<meta property=\"og:type\" content=\"article\" \/>\n<meta property=\"og:title\" content=\"6ft Deluxe Ghostface Animated Prop | Mad About Horror\" \/>\n<meta property=\"og:description\" content=\"Officially licensed Spirit Halloween Ghostface animated prop. Shop Horror collectibles and Halloween props. Europe&#039;s leading horror collectibles specialist.\" \/>\n<meta property=\"og:url\" content=\"https:\/\/madabouthorror.co.uk\/fr\/product\/6ft-deluxe-ghostface-animated-prop\/\" \/>\n<meta property=\"og:site_name\" content=\"Mad About Horror\" \/>\n<meta property=\"article:publisher\" content=\"https:\/\/www.facebook.com\/madabouthorror\/\" \/>\n<meta property=\"article:modified_time\" content=\"2025-11-20T12:40:45+00:00\" \/>\n<meta property=\"og:image\" content=\"https:\/\/madabouthorror.co.uk\/wp-content\/uploads\/2024\/09\/ghostface-animatronic-cover.jpg\" \/>\n\t<meta property=\"og:image:width\" content=\"1772\" \/>\n\t<meta property=\"og:image:height\" content=\"1772\" \/>\n\t<meta property=\"og:image:type\" content=\"image\/jpeg\" \/>\n<meta name=\"twitter:card\" content=\"summary_large_image\" \/>\n<meta name=\"twitter:label1\" content=\"Dur\u00e9e de lecture estim\u00e9e\" \/>\n\t<meta name=\"twitter:data1\" content=\"2 minutes\" \/>\n<script type=\"application\/ld+json\" class=\"yoast-schema-graph\">{\"@context\":\"https:\\\/\\\/schema.org\",\"@graph\":[{\"@type\":[\"WebPage\",\"ItemPage\"],\"@id\":\"https:\\\/\\\/madabouthorror.co.uk\\\/product\\\/6ft-deluxe-ghostface-animated-prop\\\/\",\"url\":\"https:\\\/\\\/madabouthorror.co.uk\\\/product\\\/6ft-deluxe-ghostface-animated-prop\\\/\",\"name\":\"6ft Deluxe Ghostface Animated Prop | Mad About Horror\",\"isPartOf\":{\"@id\":\"https:\\\/\\\/madabouthorror.co.uk\\\/#website\"},\"primaryImageOfPage\":{\"@id\":\"https:\\\/\\\/madabouthorror.co.uk\\\/product\\\/6ft-deluxe-ghostface-animated-prop\\\/#primaryimage\"},\"image\":{\"@id\":\"https:\\\/\\\/madabouthorror.co.uk\\\/product\\\/6ft-deluxe-ghostface-animated-prop\\\/#primaryimage\"},\"thumbnailUrl\":\"https:\\\/\\\/madabouthorror.co.uk\\\/wp-content\\\/uploads\\\/2024\\\/09\\\/ghostface-animatronic-cover.jpg\",\"datePublished\":\"2024-09-03T10:17:03+00:00\",\"dateModified\":\"2025-11-20T12:40:45+00:00\",\"description\":\"Officially licensed Spirit Halloween Ghostface animated prop. Shop Horror collectibles and Halloween props. Europe's leading horror collectibles specialist.\",\"breadcrumb\":{\"@id\":\"https:\\\/\\\/madabouthorror.co.uk\\\/product\\\/6ft-deluxe-ghostface-animated-prop\\\/#breadcrumb\"},\"inLanguage\":\"fr-FR\",\"potentialAction\":[{\"@type\":\"ReadAction\",\"target\":[\"https:\\\/\\\/madabouthorror.co.uk\\\/product\\\/6ft-deluxe-ghostface-animated-prop\\\/\"]}]},{\"@type\":\"ImageObject\",\"inLanguage\":\"fr-FR\",\"@id\":\"https:\\\/\\\/madabouthorror.co.uk\\\/product\\\/6ft-deluxe-ghostface-animated-prop\\\/#primaryimage\",\"url\":\"https:\\\/\\\/madabouthorror.co.uk\\\/wp-content\\\/uploads\\\/2024\\\/09\\\/ghostface-animatronic-cover.jpg\",\"contentUrl\":\"https:\\\/\\\/madabouthorror.co.uk\\\/wp-content\\\/uploads\\\/2024\\\/09\\\/ghostface-animatronic-cover.jpg\",\"width\":1772,\"height\":1772,\"caption\":\"Spirit Halloween Ghostface Animated Prop\"},{\"@type\":\"BreadcrumbList\",\"@id\":\"https:\\\/\\\/madabouthorror.co.uk\\\/product\\\/6ft-deluxe-ghostface-animated-prop\\\/#breadcrumb\",\"itemListElement\":[{\"@type\":\"ListItem\",\"position\":1,\"name\":\"Shop\",\"item\":\"https:\\\/\\\/madabouthorror.co.uk\\\/shop\\\/\"},{\"@type\":\"ListItem\",\"position\":2,\"name\":\"6ft Deluxe Ghostface Animated Prop\"}]},{\"@type\":\"WebSite\",\"@id\":\"https:\\\/\\\/madabouthorror.co.uk\\\/#website\",\"url\":\"https:\\\/\\\/madabouthorror.co.uk\\\/\",\"name\":\"Mad About Horror\",\"description\":\"\",\"publisher\":{\"@id\":\"https:\\\/\\\/madabouthorror.co.uk\\\/#organization\"},\"alternateName\":\"Mad About Horror Limited\",\"potentialAction\":[{\"@type\":\"SearchAction\",\"target\":{\"@type\":\"EntryPoint\",\"urlTemplate\":\"https:\\\/\\\/madabouthorror.co.uk\\\/?s={search_term_string}\"},\"query-input\":{\"@type\":\"PropertyValueSpecification\",\"valueRequired\":true,\"valueName\":\"search_term_string\"}}],\"inLanguage\":\"fr-FR\"},{\"@type\":\"Organization\",\"@id\":\"https:\\\/\\\/madabouthorror.co.uk\\\/#organization\",\"name\":\"Mad About Horror\",\"url\":\"https:\\\/\\\/madabouthorror.co.uk\\\/\",\"logo\":{\"@type\":\"ImageObject\",\"inLanguage\":\"fr-FR\",\"@id\":\"https:\\\/\\\/madabouthorror.co.uk\\\/#\\\/schema\\\/logo\\\/image\\\/\",\"url\":\"https:\\\/\\\/madabouthorror.co.uk\\\/wp-content\\\/uploads\\\/2024\\\/02\\\/cropped-Logo.png\",\"contentUrl\":\"https:\\\/\\\/madabouthorror.co.uk\\\/wp-content\\\/uploads\\\/2024\\\/02\\\/cropped-Logo.png\",\"width\":240,\"height\":88,\"caption\":\"Mad About Horror\"},\"image\":{\"@id\":\"https:\\\/\\\/madabouthorror.co.uk\\\/#\\\/schema\\\/logo\\\/image\\\/\"},\"sameAs\":[\"https:\\\/\\\/www.facebook.com\\\/madabouthorror\\\/\",\"https:\\\/\\\/www.instagram.com\\\/madabouthorror\\\/\",\"https:\\\/\\\/www.pinterest.co.uk\\\/madabouthorror\\\/\",\"https:\\\/\\\/www.youtube.com\\\/channel\\\/UCBooLOIxjoQ89dj6T5lWm_w\",\"https:\\\/\\\/www.tiktok.com\\\/@weremadabouthorror\"]}]}<\/script>\n<!-- \/ Yoast SEO plugin. -->","yoast_head_json":{"title":"Accessoire anim\u00e9 Deluxe Ghostface de 6 pieds | Mad About Horror","description":"Produit anim\u00e9 officiel sous licence Spirit Halloween Ghostface. Achetez des objets de collection d'horreur et des accessoires d'Halloween. Le sp\u00e9cialiste europ\u00e9en des objets de collection d'horreur.","robots":{"index":"index","follow":"follow","max-snippet":"max-snippet:-1","max-image-preview":"max-image-preview:large","max-video-preview":"max-video-preview:-1"},"canonical":"https:\/\/madabouthorror.co.uk\/fr\/product\/6ft-deluxe-ghostface-animated-prop\/","og_locale":"fr_FR","og_type":"article","og_title":"6ft Deluxe Ghostface Animated Prop | Mad About Horror","og_description":"Officially licensed Spirit Halloween Ghostface animated prop. Shop Horror collectibles and Halloween props. Europe's leading horror collectibles specialist.","og_url":"https:\/\/madabouthorror.co.uk\/fr\/product\/6ft-deluxe-ghostface-animated-prop\/","og_site_name":"Mad About Horror","article_publisher":"https:\/\/www.facebook.com\/madabouthorror\/","article_modified_time":"2025-11-20T12:40:45+00:00","og_image":[{"width":1772,"height":1772,"url":"https:\/\/madabouthorror.co.uk\/wp-content\/uploads\/2024\/09\/ghostface-animatronic-cover.jpg","type":"image\/jpeg"}],"twitter_card":"summary_large_image","twitter_misc":{"Dur\u00e9e de lecture estim\u00e9e":"2 minutes"},"schema":{"@context":"https:\/\/schema.org","@graph":[{"@type":["WebPage","ItemPage"],"@id":"https:\/\/madabouthorror.co.uk\/product\/6ft-deluxe-ghostface-animated-prop\/","url":"https:\/\/madabouthorror.co.uk\/product\/6ft-deluxe-ghostface-animated-prop\/","name":"Accessoire anim\u00e9 Deluxe Ghostface de 6 pieds | Mad About Horror","isPartOf":{"@id":"https:\/\/madabouthorror.co.uk\/#website"},"primaryImageOfPage":{"@id":"https:\/\/madabouthorror.co.uk\/product\/6ft-deluxe-ghostface-animated-prop\/#primaryimage"},"image":{"@id":"https:\/\/madabouthorror.co.uk\/product\/6ft-deluxe-ghostface-animated-prop\/#primaryimage"},"thumbnailUrl":"https:\/\/madabouthorror.co.uk\/wp-content\/uploads\/2024\/09\/ghostface-animatronic-cover.jpg","datePublished":"2024-09-03T10:17:03+00:00","dateModified":"2025-11-20T12:40:45+00:00","description":"Produit anim\u00e9 officiel sous licence Spirit Halloween Ghostface. Achetez des objets de collection d'horreur et des accessoires d'Halloween. Le sp\u00e9cialiste europ\u00e9en des objets de collection d'horreur.","breadcrumb":{"@id":"https:\/\/madabouthorror.co.uk\/product\/6ft-deluxe-ghostface-animated-prop\/#breadcrumb"},"inLanguage":"fr-FR","potentialAction":[{"@type":"ReadAction","target":["https:\/\/madabouthorror.co.uk\/product\/6ft-deluxe-ghostface-animated-prop\/"]}]},{"@type":"ImageObject","inLanguage":"fr-FR","@id":"https:\/\/madabouthorror.co.uk\/product\/6ft-deluxe-ghostface-animated-prop\/#primaryimage","url":"https:\/\/madabouthorror.co.uk\/wp-content\/uploads\/2024\/09\/ghostface-animatronic-cover.jpg","contentUrl":"https:\/\/madabouthorror.co.uk\/wp-content\/uploads\/2024\/09\/ghostface-animatronic-cover.jpg","width":1772,"height":1772,"caption":"Spirit Halloween Ghostface Animated Prop"},{"@type":"BreadcrumbList","@id":"https:\/\/madabouthorror.co.uk\/product\/6ft-deluxe-ghostface-animated-prop\/#breadcrumb","itemListElement":[{"@type":"ListItem","position":1,"name":"Shop","item":"https:\/\/madabouthorror.co.uk\/shop\/"},{"@type":"ListItem","position":2,"name":"6ft Deluxe Ghostface Animated Prop"}]},{"@type":"WebSite","@id":"https:\/\/madabouthorror.co.uk\/#website","url":"https:\/\/madabouthorror.co.uk\/","name":"L'horreur en folie","description":"","publisher":{"@id":"https:\/\/madabouthorror.co.uk\/#organization"},"alternateName":"Mad About Horror Limited","potentialAction":[{"@type":"SearchAction","target":{"@type":"EntryPoint","urlTemplate":"https:\/\/madabouthorror.co.uk\/?s={search_term_string}"},"query-input":{"@type":"PropertyValueSpecification","valueRequired":true,"valueName":"search_term_string"}}],"inLanguage":"fr-FR"},{"@type":"Organization","@id":"https:\/\/madabouthorror.co.uk\/#organization","name":"L'horreur en folie","url":"https:\/\/madabouthorror.co.uk\/","logo":{"@type":"ImageObject","inLanguage":"fr-FR","@id":"https:\/\/madabouthorror.co.uk\/#\/schema\/logo\/image\/","url":"https:\/\/madabouthorror.co.uk\/wp-content\/uploads\/2024\/02\/cropped-Logo.png","contentUrl":"https:\/\/madabouthorror.co.uk\/wp-content\/uploads\/2024\/02\/cropped-Logo.png","width":240,"height":88,"caption":"Mad About Horror"},"image":{"@id":"https:\/\/madabouthorror.co.uk\/#\/schema\/logo\/image\/"},"sameAs":["https:\/\/www.facebook.com\/madabouthorror\/","https:\/\/www.instagram.com\/madabouthorror\/","https:\/\/www.pinterest.co.uk\/madabouthorror\/","https:\/\/www.youtube.com\/channel\/UCBooLOIxjoQ89dj6T5lWm_w","https:\/\/www.tiktok.com\/@weremadabouthorror"]}]}},"df_price":499.95,"df_sale_price":"","df_regular_price":499.95,"df_image_link":"https:\/\/madabouthorror.co.uk\/wp-content\/uploads\/2024\/09\/ghostface-animatronic-cover-300x300.jpg","_links":{"self":[{"href":"https:\/\/madabouthorror.co.uk\/fr\/wp-json\/wp\/v2\/product\/496847","targetHints":{"allow":["GET"]}}],"collection":[{"href":"https:\/\/madabouthorror.co.uk\/fr\/wp-json\/wp\/v2\/product"}],"about":[{"href":"https:\/\/madabouthorror.co.uk\/fr\/wp-json\/wp\/v2\/types\/product"}],"replies":[{"embeddable":true,"href":"https:\/\/madabouthorror.co.uk\/fr\/wp-json\/wp\/v2\/comments?post=496847"}],"wp:featuredmedia":[{"embeddable":true,"href":"https:\/\/madabouthorror.co.uk\/fr\/wp-json\/wp\/v2\/media\/496864"}],"wp:attachment":[{"href":"https:\/\/madabouthorror.co.uk\/fr\/wp-json\/wp\/v2\/media?parent=496847"}],"wp:term":[{"taxonomy":"product_brand","embeddable":true,"href":"https:\/\/madabouthorror.co.uk\/fr\/wp-json\/wp\/v2\/product_brand?post=496847"},{"taxonomy":"product_cat","embeddable":true,"href":"https:\/\/madabouthorror.co.uk\/fr\/wp-json\/wp\/v2\/product_cat?post=496847"},{"taxonomy":"product_tag","embeddable":true,"href":"https:\/\/madabouthorror.co.uk\/fr\/wp-json\/wp\/v2\/product_tag?post=496847"}],"curies":[{"name":"wp","href":"https:\/\/api.w.org\/{rel}","templated":true}]}}