{"id":501281,"date":"2024-09-19T10:57:56","date_gmt":"2024-09-19T09:57:56","guid":{"rendered":"https:\/\/madabouthorror.co.uk\/?post_type=product&#038;p=501281"},"modified":"2026-04-03T19:04:46","modified_gmt":"2026-04-03T18:04:46","slug":"mezco-the-return-of-the-living-dead-dolls-sin","status":"publish","type":"product","link":"https:\/\/madabouthorror.co.uk\/fr\/product\/mezco-the-return-of-the-living-dead-dolls-sin\/","title":{"rendered":"MEZCO Le retour des poup\u00e9es mortes-vivantes - P\u00e9ch\u00e9"},"content":{"rendered":"<p>Attention \u00e0 l'ab\u00eeme de feu - Sin \u00e9merge une fois de plus de son cercueil maudit et rejoint les rangs du Retour des poup\u00e9es mortes vivantes !<\/p>\n<p>Ce diable malicieux est dot\u00e9 de deux masques de mort interchangeables et de deux paires d'yeux sinistres, semblables \u00e0 des yeux de verre, qui passent d'un sourire sinistre \u00e0 la forme redoutable du D\u00e9voreur d'\u00e2mes, chacun \u00e9tant associ\u00e9 \u00e0 des cornes uniques. Sin est v\u00eatue d'une robe de velours rouge avec \"666\" brod\u00e9 sur son col, de chaussettes \u00e0 volants et de chaussures Mary Jane classiques. Son ensemble d\u00e9moniaque est compl\u00e9t\u00e9 par une cape satanique et la couronne flamboyante de la cruaut\u00e9.<\/p>\n<p>Avec ses 18 points d'articulation, ses 6 mains interchangeables et ses divers accessoires, Sin offre une multitude de possibilit\u00e9s d'exposition. Elle brandit sa fourche embl\u00e9matique, suffisamment aiguis\u00e9e pour transpercer votre \u00e2me, et se tient debout sur un socle en forme de pentagramme enflamm\u00e9, pr\u00eate \u00e0 faire griller des marshmallows alors que le monde s'enflamme.<\/p>\n<p>Le p\u00e9ch\u00e9 est pr\u00e9sent\u00e9 dans une bo\u00eete en forme de cercueil.<\/p>\n<h3>LES POUP\u00c9ES DU MORT-VIVANT - CARACT\u00c9RISTIQUES DU P\u00c9CH\u00c9 :<\/h3>\n<p><strong>POUP\u00c9E :<\/strong><\/p>\n<ul>\n<li>Environ 10\" de haut<\/li>\n<li>Dix-huit (18) points d'articulation<\/li>\n<li>Deux (2) \"masques de mort\" interchangeables et expressifs<\/li>\n<li>Deux (2) s\u00e9ries d'yeux en verre<\/li>\n<li>Six (6) mains interchangeables<\/li>\n<\/ul>\n<p><strong>TENUE DE VILLE :<\/strong><\/p>\n<ul>\n<li>Une (1) cape satanique<\/li>\n<li>Une (1) robe en velours rouge avec col<\/li>\n<li>Une (1) paire de chaussettes blanches \u00e0 volants<\/li>\n<li>Une (1) paire de chaussures noires de type Mary Jane \u00e0 lani\u00e8res en T<\/li>\n<\/ul>\n<p><strong>ACCESSOIRES :<\/strong><\/p>\n<ul>\n<li>Un (1) La couronne flamboyante de la cruaut\u00e9<\/li>\n<li>Une (1) fourche<\/li>\n<li>Une (1) base de flamme<\/li>\n<\/ul>\n<p>Consultez notre gamme compl\u00e8te de <a href=\"https:\/\/madabouthorror.co.uk\/fr\/c\/collectibles\/figures\/mezco-living-dead-dolls\/\">Poup\u00e9es mortes vivantes<\/a>.<\/p>","protected":false},"excerpt":{"rendered":"<p>M\u00e9fiez-vous de l'ab\u00eeme de feu - Sin \u00e9merge une fois de plus de son cercueil maudit et rejoint les rangs des poup\u00e9es du Retour des morts-vivants ! Ce diable espi\u00e8gle est dot\u00e9 de deux masques de mort interchangeables et de deux paires d'yeux sinistres, semblables \u00e0 des yeux de verre, qui passent d'un sourire sinistre \u00e0 la forme redoutable du D\u00e9voreur d'\u00e2mes, chacun \u00e9tant associ\u00e9 \u00e0 des cornes uniques. [...]<\/p>","protected":false},"featured_media":501284,"comment_status":"closed","ping_status":"closed","template":"","meta":{"_acf_changed":false},"product_brand":[],"product_cat":[6538,10129,6537,6619,10038,6794],"product_tag":[],"class_list":{"0":"post-501281","1":"product","2":"type-product","3":"status-publish","4":"has-post-thumbnail","6":"product_cat-figures","7":"product_cat-main-gift","8":"product_cat-collectibles","9":"product_cat-mezco-living-dead-dolls","10":"product_cat-horror-gifts","11":"product_cat-mezco","13":"first","14":"instock","15":"taxable","16":"shipping-taxable","17":"purchasable","18":"product-type-simple"},"supplier_id":467442,"supplier_sku":"99677","barcode":"8435450000000","atum_controlled":true,"out_stock_date":null,"out_stock_threshold":null,"inheritable":false,"inbound_stock":0,"stock_on_hold":0,"sold_today":0,"sales_last_days":0,"reserved_stock":0,"customer_returns":0,"warehouse_damage":0,"lost_in_post":0,"other_logs":0,"out_stock_days":0,"lost_sales":0,"has_location":false,"update_date":"2026-04-05T01:46:50","atum_locations":[],"atum_stock_status":"instock","restock_status":false,"low_stock_amount":1,"sales_update_date":"2026-04-05T01:46:49","calc_backorders":null,"acf":[],"yoast_head":"<!-- This site is optimized with the Yoast SEO plugin v27.3 - https:\/\/yoast.com\/product\/yoast-seo-wordpress\/ -->\n<title>MEZCO The Return Of The Living Dead Dolls - Sin | Mad About Horror<\/title>\n<meta name=\"description\" content=\"Official UK stockist of Mezco. Living Dead Dolls Sin LDD. Shop Horror collectibles and Halloween props. UK Stock, fast delivery.\" \/>\n<meta name=\"robots\" content=\"index, follow, max-snippet:-1, max-image-preview:large, max-video-preview:-1\" \/>\n<link rel=\"canonical\" href=\"https:\/\/madabouthorror.co.uk\/fr\/product\/mezco-the-return-of-the-living-dead-dolls-sin\/\" \/>\n<meta property=\"og:locale\" content=\"fr_FR\" \/>\n<meta property=\"og:type\" content=\"article\" \/>\n<meta property=\"og:title\" content=\"MEZCO The Return Of The Living Dead Dolls - Sin | Mad About Horror\" \/>\n<meta property=\"og:description\" content=\"Official UK stockist of Mezco. Living Dead Dolls Sin LDD. Shop Horror collectibles and Halloween props. UK Stock, fast delivery.\" \/>\n<meta property=\"og:url\" content=\"https:\/\/madabouthorror.co.uk\/fr\/product\/mezco-the-return-of-the-living-dead-dolls-sin\/\" \/>\n<meta property=\"og:site_name\" content=\"Mad About Horror\" \/>\n<meta property=\"article:publisher\" content=\"https:\/\/www.facebook.com\/madabouthorror\/\" \/>\n<meta property=\"article:modified_time\" content=\"2026-04-03T18:04:46+00:00\" \/>\n<meta property=\"og:image\" content=\"https:\/\/madabouthorror.co.uk\/wp-content\/uploads\/2024\/09\/x800-16255_1024x1024@2x.webp\" \/>\n\t<meta property=\"og:image:width\" content=\"800\" \/>\n\t<meta property=\"og:image:height\" content=\"800\" \/>\n\t<meta property=\"og:image:type\" content=\"image\/webp\" \/>\n<meta name=\"twitter:card\" content=\"summary_large_image\" \/>\n<meta name=\"twitter:label1\" content=\"Dur\u00e9e de lecture estim\u00e9e\" \/>\n\t<meta name=\"twitter:data1\" content=\"2 minutes\" \/>\n<script type=\"application\/ld+json\" class=\"yoast-schema-graph\">{\"@context\":\"https:\\\/\\\/schema.org\",\"@graph\":[{\"@type\":[\"WebPage\",\"ItemPage\"],\"@id\":\"https:\\\/\\\/madabouthorror.co.uk\\\/product\\\/mezco-the-return-of-the-living-dead-dolls-sin\\\/\",\"url\":\"https:\\\/\\\/madabouthorror.co.uk\\\/product\\\/mezco-the-return-of-the-living-dead-dolls-sin\\\/\",\"name\":\"MEZCO The Return Of The Living Dead Dolls - Sin | Mad About Horror\",\"isPartOf\":{\"@id\":\"https:\\\/\\\/madabouthorror.co.uk\\\/#website\"},\"primaryImageOfPage\":{\"@id\":\"https:\\\/\\\/madabouthorror.co.uk\\\/product\\\/mezco-the-return-of-the-living-dead-dolls-sin\\\/#primaryimage\"},\"image\":{\"@id\":\"https:\\\/\\\/madabouthorror.co.uk\\\/product\\\/mezco-the-return-of-the-living-dead-dolls-sin\\\/#primaryimage\"},\"thumbnailUrl\":\"https:\\\/\\\/madabouthorror.co.uk\\\/wp-content\\\/uploads\\\/2024\\\/09\\\/x800-16255_1024x1024@2x.webp\",\"datePublished\":\"2024-09-19T09:57:56+00:00\",\"dateModified\":\"2026-04-03T18:04:46+00:00\",\"description\":\"Official UK stockist of Mezco. Living Dead Dolls Sin LDD. Shop Horror collectibles and Halloween props. UK Stock, fast delivery.\",\"breadcrumb\":{\"@id\":\"https:\\\/\\\/madabouthorror.co.uk\\\/product\\\/mezco-the-return-of-the-living-dead-dolls-sin\\\/#breadcrumb\"},\"inLanguage\":\"fr-FR\",\"potentialAction\":[{\"@type\":\"ReadAction\",\"target\":[\"https:\\\/\\\/madabouthorror.co.uk\\\/product\\\/mezco-the-return-of-the-living-dead-dolls-sin\\\/\"]}]},{\"@type\":\"ImageObject\",\"inLanguage\":\"fr-FR\",\"@id\":\"https:\\\/\\\/madabouthorror.co.uk\\\/product\\\/mezco-the-return-of-the-living-dead-dolls-sin\\\/#primaryimage\",\"url\":\"https:\\\/\\\/madabouthorror.co.uk\\\/wp-content\\\/uploads\\\/2024\\\/09\\\/x800-16255_1024x1024@2x.webp\",\"contentUrl\":\"https:\\\/\\\/madabouthorror.co.uk\\\/wp-content\\\/uploads\\\/2024\\\/09\\\/x800-16255_1024x1024@2x.webp\",\"width\":800,\"height\":800,\"caption\":\"Living Dead Dolls Sin\"},{\"@type\":\"BreadcrumbList\",\"@id\":\"https:\\\/\\\/madabouthorror.co.uk\\\/product\\\/mezco-the-return-of-the-living-dead-dolls-sin\\\/#breadcrumb\",\"itemListElement\":[{\"@type\":\"ListItem\",\"position\":1,\"name\":\"Shop\",\"item\":\"https:\\\/\\\/madabouthorror.co.uk\\\/shop\\\/\"},{\"@type\":\"ListItem\",\"position\":2,\"name\":\"MEZCO The Return Of The Living Dead Dolls &#8211; Sin\"}]},{\"@type\":\"WebSite\",\"@id\":\"https:\\\/\\\/madabouthorror.co.uk\\\/#website\",\"url\":\"https:\\\/\\\/madabouthorror.co.uk\\\/\",\"name\":\"Mad About Horror\",\"description\":\"\",\"publisher\":{\"@id\":\"https:\\\/\\\/madabouthorror.co.uk\\\/#organization\"},\"alternateName\":\"Mad About Horror Limited\",\"potentialAction\":[{\"@type\":\"SearchAction\",\"target\":{\"@type\":\"EntryPoint\",\"urlTemplate\":\"https:\\\/\\\/madabouthorror.co.uk\\\/?s={search_term_string}\"},\"query-input\":{\"@type\":\"PropertyValueSpecification\",\"valueRequired\":true,\"valueName\":\"search_term_string\"}}],\"inLanguage\":\"fr-FR\"},{\"@type\":\"Organization\",\"@id\":\"https:\\\/\\\/madabouthorror.co.uk\\\/#organization\",\"name\":\"Mad About Horror\",\"url\":\"https:\\\/\\\/madabouthorror.co.uk\\\/\",\"logo\":{\"@type\":\"ImageObject\",\"inLanguage\":\"fr-FR\",\"@id\":\"https:\\\/\\\/madabouthorror.co.uk\\\/#\\\/schema\\\/logo\\\/image\\\/\",\"url\":\"https:\\\/\\\/madabouthorror.co.uk\\\/wp-content\\\/uploads\\\/2024\\\/02\\\/cropped-Logo.png\",\"contentUrl\":\"https:\\\/\\\/madabouthorror.co.uk\\\/wp-content\\\/uploads\\\/2024\\\/02\\\/cropped-Logo.png\",\"width\":240,\"height\":88,\"caption\":\"Mad About Horror\"},\"image\":{\"@id\":\"https:\\\/\\\/madabouthorror.co.uk\\\/#\\\/schema\\\/logo\\\/image\\\/\"},\"sameAs\":[\"https:\\\/\\\/www.facebook.com\\\/madabouthorror\\\/\",\"https:\\\/\\\/www.instagram.com\\\/madabouthorror\\\/\",\"https:\\\/\\\/www.pinterest.co.uk\\\/madabouthorror\\\/\",\"https:\\\/\\\/www.youtube.com\\\/channel\\\/UCBooLOIxjoQ89dj6T5lWm_w\",\"https:\\\/\\\/www.tiktok.com\\\/@weremadabouthorror\"]}]}<\/script>\n<!-- \/ Yoast SEO plugin. -->","yoast_head_json":{"title":"MEZCO Le retour des poup\u00e9es mortes-vivantes - Sin | Mad About Horror","description":"Distributeur officiel de Mezco. Poup\u00e9es mortes vivantes Sin LDD. Magasin d'objets de collection d'horreur et d'accessoires d'Halloween. Stock britannique, livraison rapide.","robots":{"index":"index","follow":"follow","max-snippet":"max-snippet:-1","max-image-preview":"max-image-preview:large","max-video-preview":"max-video-preview:-1"},"canonical":"https:\/\/madabouthorror.co.uk\/fr\/product\/mezco-the-return-of-the-living-dead-dolls-sin\/","og_locale":"fr_FR","og_type":"article","og_title":"MEZCO The Return Of The Living Dead Dolls - Sin | Mad About Horror","og_description":"Official UK stockist of Mezco. Living Dead Dolls Sin LDD. Shop Horror collectibles and Halloween props. UK Stock, fast delivery.","og_url":"https:\/\/madabouthorror.co.uk\/fr\/product\/mezco-the-return-of-the-living-dead-dolls-sin\/","og_site_name":"Mad About Horror","article_publisher":"https:\/\/www.facebook.com\/madabouthorror\/","article_modified_time":"2026-04-03T18:04:46+00:00","og_image":[{"width":800,"height":800,"url":"https:\/\/madabouthorror.co.uk\/wp-content\/uploads\/2024\/09\/x800-16255_1024x1024@2x.webp","type":"image\/webp"}],"twitter_card":"summary_large_image","twitter_misc":{"Dur\u00e9e de lecture estim\u00e9e":"2 minutes"},"schema":{"@context":"https:\/\/schema.org","@graph":[{"@type":["WebPage","ItemPage"],"@id":"https:\/\/madabouthorror.co.uk\/product\/mezco-the-return-of-the-living-dead-dolls-sin\/","url":"https:\/\/madabouthorror.co.uk\/product\/mezco-the-return-of-the-living-dead-dolls-sin\/","name":"MEZCO Le retour des poup\u00e9es mortes-vivantes - Sin | Mad About Horror","isPartOf":{"@id":"https:\/\/madabouthorror.co.uk\/#website"},"primaryImageOfPage":{"@id":"https:\/\/madabouthorror.co.uk\/product\/mezco-the-return-of-the-living-dead-dolls-sin\/#primaryimage"},"image":{"@id":"https:\/\/madabouthorror.co.uk\/product\/mezco-the-return-of-the-living-dead-dolls-sin\/#primaryimage"},"thumbnailUrl":"https:\/\/madabouthorror.co.uk\/wp-content\/uploads\/2024\/09\/x800-16255_1024x1024@2x.webp","datePublished":"2024-09-19T09:57:56+00:00","dateModified":"2026-04-03T18:04:46+00:00","description":"Distributeur officiel de Mezco. Poup\u00e9es mortes vivantes Sin LDD. Magasin d'objets de collection d'horreur et d'accessoires d'Halloween. Stock britannique, livraison rapide.","breadcrumb":{"@id":"https:\/\/madabouthorror.co.uk\/product\/mezco-the-return-of-the-living-dead-dolls-sin\/#breadcrumb"},"inLanguage":"fr-FR","potentialAction":[{"@type":"ReadAction","target":["https:\/\/madabouthorror.co.uk\/product\/mezco-the-return-of-the-living-dead-dolls-sin\/"]}]},{"@type":"ImageObject","inLanguage":"fr-FR","@id":"https:\/\/madabouthorror.co.uk\/product\/mezco-the-return-of-the-living-dead-dolls-sin\/#primaryimage","url":"https:\/\/madabouthorror.co.uk\/wp-content\/uploads\/2024\/09\/x800-16255_1024x1024@2x.webp","contentUrl":"https:\/\/madabouthorror.co.uk\/wp-content\/uploads\/2024\/09\/x800-16255_1024x1024@2x.webp","width":800,"height":800,"caption":"Living Dead Dolls Sin"},{"@type":"BreadcrumbList","@id":"https:\/\/madabouthorror.co.uk\/product\/mezco-the-return-of-the-living-dead-dolls-sin\/#breadcrumb","itemListElement":[{"@type":"ListItem","position":1,"name":"Shop","item":"https:\/\/madabouthorror.co.uk\/shop\/"},{"@type":"ListItem","position":2,"name":"MEZCO The Return Of The Living Dead Dolls &#8211; Sin"}]},{"@type":"WebSite","@id":"https:\/\/madabouthorror.co.uk\/#website","url":"https:\/\/madabouthorror.co.uk\/","name":"L'horreur en folie","description":"","publisher":{"@id":"https:\/\/madabouthorror.co.uk\/#organization"},"alternateName":"Mad About Horror Limited","potentialAction":[{"@type":"SearchAction","target":{"@type":"EntryPoint","urlTemplate":"https:\/\/madabouthorror.co.uk\/?s={search_term_string}"},"query-input":{"@type":"PropertyValueSpecification","valueRequired":true,"valueName":"search_term_string"}}],"inLanguage":"fr-FR"},{"@type":"Organization","@id":"https:\/\/madabouthorror.co.uk\/#organization","name":"L'horreur en folie","url":"https:\/\/madabouthorror.co.uk\/","logo":{"@type":"ImageObject","inLanguage":"fr-FR","@id":"https:\/\/madabouthorror.co.uk\/#\/schema\/logo\/image\/","url":"https:\/\/madabouthorror.co.uk\/wp-content\/uploads\/2024\/02\/cropped-Logo.png","contentUrl":"https:\/\/madabouthorror.co.uk\/wp-content\/uploads\/2024\/02\/cropped-Logo.png","width":240,"height":88,"caption":"Mad About Horror"},"image":{"@id":"https:\/\/madabouthorror.co.uk\/#\/schema\/logo\/image\/"},"sameAs":["https:\/\/www.facebook.com\/madabouthorror\/","https:\/\/www.instagram.com\/madabouthorror\/","https:\/\/www.pinterest.co.uk\/madabouthorror\/","https:\/\/www.youtube.com\/channel\/UCBooLOIxjoQ89dj6T5lWm_w","https:\/\/www.tiktok.com\/@weremadabouthorror"]}]}},"df_price":145.78,"df_sale_price":"","df_regular_price":145.78,"df_image_link":"https:\/\/madabouthorror.co.uk\/wp-content\/uploads\/2024\/09\/x800-16255_1024x1024@2x-300x300.webp","_links":{"self":[{"href":"https:\/\/madabouthorror.co.uk\/fr\/wp-json\/wp\/v2\/product\/501281","targetHints":{"allow":["GET"]}}],"collection":[{"href":"https:\/\/madabouthorror.co.uk\/fr\/wp-json\/wp\/v2\/product"}],"about":[{"href":"https:\/\/madabouthorror.co.uk\/fr\/wp-json\/wp\/v2\/types\/product"}],"replies":[{"embeddable":true,"href":"https:\/\/madabouthorror.co.uk\/fr\/wp-json\/wp\/v2\/comments?post=501281"}],"wp:featuredmedia":[{"embeddable":true,"href":"https:\/\/madabouthorror.co.uk\/fr\/wp-json\/wp\/v2\/media\/501284"}],"wp:attachment":[{"href":"https:\/\/madabouthorror.co.uk\/fr\/wp-json\/wp\/v2\/media?parent=501281"}],"wp:term":[{"taxonomy":"product_brand","embeddable":true,"href":"https:\/\/madabouthorror.co.uk\/fr\/wp-json\/wp\/v2\/product_brand?post=501281"},{"taxonomy":"product_cat","embeddable":true,"href":"https:\/\/madabouthorror.co.uk\/fr\/wp-json\/wp\/v2\/product_cat?post=501281"},{"taxonomy":"product_tag","embeddable":true,"href":"https:\/\/madabouthorror.co.uk\/fr\/wp-json\/wp\/v2\/product_tag?post=501281"}],"curies":[{"name":"wp","href":"https:\/\/api.w.org\/{rel}","templated":true}]}}