{"id":503010,"date":"2024-09-30T10:29:02","date_gmt":"2024-09-30T09:29:02","guid":{"rendered":"https:\/\/madabouthorror.co.uk\/?post_type=product&#038;p=503010"},"modified":"2026-04-14T18:08:34","modified_gmt":"2026-04-14T17:08:34","slug":"mezco-living-dead-dolls-leatherface-deluxe-edition","status":"publish","type":"product","link":"https:\/\/madabouthorror.co.uk\/fr\/product\/mezco-living-dead-dolls-leatherface-deluxe-edition\/","title":{"rendered":"MEZCO Poup\u00e9es mortes vivantes Massacre \u00e0 la tron\u00e7onneuse - Leatherface Deluxe Edition"},"content":{"rendered":"<div class=\"page\" title=\"Page 1\">\n<div class=\"section\">\n<div class=\"layoutArea\">\n<div class=\"column\">\n<p>Leatherface est pr\u00eat \u00e0 trancher tout ce qui se trouve sur son chemin, en brandissant son inf\u00e2me tron\u00e7onneuse. Avec deux portraits de t\u00eate et masques interchangeables, ce tueur implacable peut choisir entre ses looks embl\u00e9matiques du film : le tablier de boucher tach\u00e9 de sang associ\u00e9 \u00e0 son masque de tueur caract\u00e9ristique, ou son inqui\u00e9tant ensemble pour le d\u00eener - un costume bleu fonc\u00e9 et le masque inqui\u00e9tant de Pretty Woman.<\/p>\n<p>L'idyllique journ\u00e9e d'\u00e9t\u00e9 s'est transform\u00e9e en un effroyable cauchemar de peur et de sang... Le boucher des cauchemars est de retour, plus assoiff\u00e9 de sang que jamais ! Leatherface fait son entr\u00e9e dans le programme LDD Presents !<\/p>\n<p><strong>Caract\u00e9ristiques principales :<\/strong><\/p>\n<ul>\n<li><strong>Deux looks embl\u00e9matiques du film<\/strong>:\n<ul>\n<li>Tablier de boucher tach\u00e9 de sang avec le Killing Mask.<\/li>\n<li>Costume bleu fonc\u00e9 avec le masque obs\u00e9dant de Pretty Woman.<\/li>\n<\/ul>\n<\/li>\n<li><strong>Portraits et masques \u00e0 t\u00eate interchangeable<\/strong> pour une pr\u00e9sentation polyvalente.<\/li>\n<li><strong>Hauteur de 10,5 pouces<\/strong> avec 5 points d'articulation pour la pose.<\/li>\n<li><strong>Emball\u00e9 dans une bo\u00eete \u00e0 fen\u00eatre d\u00e9coup\u00e9e \u00e0 l'emporte-pi\u00e8ce<\/strong>Id\u00e9al pour les collectionneurs et les exposants.<\/li>\n<\/ul>\n<p>Tout droit sorti du classique de l'horreur de 1974, <em>Massacre \u00e0 la tron\u00e7onneuse<\/em>Leatherface est pr\u00eat \u00e0 faire des ravages avec sa c\u00e9l\u00e8bre tron\u00e7onneuse. Cette figurine de luxe apporte la terreur du film dans votre collection avec son design d\u00e9taill\u00e9 et ses accessoires.<\/p>\n<\/div>\n<\/div>\n<\/div>\n<\/div>","protected":false},"excerpt":{"rendered":"<p>Leatherface est pr\u00eat \u00e0 trancher tout ce qui se trouve sur son chemin, en brandissant son inf\u00e2me tron\u00e7onneuse. Avec deux portraits de t\u00eate et masques interchangeables, ce tueur implacable peut choisir entre ses looks embl\u00e9matiques du film : le tablier de boucher tach\u00e9 de sang associ\u00e9 \u00e0 son masque de tueur caract\u00e9ristique, ou son inqui\u00e9tant ensemble pour le d\u00eener - un costume bleu fonc\u00e9 et l'inqui\u00e9tant Pretty [...]<\/p>","protected":false},"featured_media":503019,"comment_status":"closed","ping_status":"closed","template":"","meta":{"_acf_changed":false},"product_brand":[],"product_cat":[6538,6619,6789,6794,6675],"product_tag":[],"class_list":{"0":"post-503010","1":"product","2":"type-product","3":"status-publish","4":"has-post-thumbnail","6":"product_cat-figures","7":"product_cat-mezco-living-dead-dolls","8":"product_cat-leatherface","9":"product_cat-mezco","10":"product_cat-texaschainsawmassacre","12":"first","13":"instock","14":"taxable","15":"shipping-taxable","16":"purchasable","17":"product-type-simple"},"supplier_id":467442,"supplier_sku":"93533","barcode":"696199000000","atum_controlled":true,"out_stock_date":null,"out_stock_threshold":null,"inheritable":false,"inbound_stock":0,"stock_on_hold":1,"sold_today":1,"sales_last_days":2,"reserved_stock":0,"customer_returns":0,"warehouse_damage":0,"lost_in_post":0,"other_logs":0,"out_stock_days":0,"lost_sales":0,"has_location":false,"update_date":"2026-04-14T17:08:47","atum_locations":[],"atum_stock_status":"instock","restock_status":true,"low_stock_amount":4,"sales_update_date":"2026-04-14T17:08:45","calc_backorders":null,"acf":[],"yoast_head":"<!-- This site is optimized with the Yoast SEO plugin v27.4 - https:\/\/yoast.com\/product\/yoast-seo-wordpress\/ -->\n<title>MEZCO Living Dead Dolls Texas Chainsaw Massacre - Leatherface<\/title>\n<meta name=\"description\" content=\"Official UK stockists of MEZCO Living Dead Dolls Leatherface \/ LDD TCM. Shop Horror collectibles and Halloween props. PRE-ORDER now available.\" \/>\n<meta name=\"robots\" content=\"index, follow, max-snippet:-1, max-image-preview:large, max-video-preview:-1\" \/>\n<link rel=\"canonical\" href=\"https:\/\/madabouthorror.co.uk\/fr\/product\/mezco-living-dead-dolls-leatherface-deluxe-edition\/\" \/>\n<meta property=\"og:locale\" content=\"fr_FR\" \/>\n<meta property=\"og:type\" content=\"article\" \/>\n<meta property=\"og:title\" content=\"MEZCO Living Dead Dolls Texas Chainsaw Massacre - Leatherface\" \/>\n<meta property=\"og:description\" content=\"Official UK stockists of MEZCO Living Dead Dolls Leatherface \/ LDD TCM. Shop Horror collectibles and Halloween props. PRE-ORDER now available.\" \/>\n<meta property=\"og:url\" content=\"https:\/\/madabouthorror.co.uk\/fr\/product\/mezco-living-dead-dolls-leatherface-deluxe-edition\/\" \/>\n<meta property=\"og:site_name\" content=\"Mad About Horror\" \/>\n<meta property=\"article:publisher\" content=\"https:\/\/www.facebook.com\/madabouthorror\/\" \/>\n<meta property=\"article:modified_time\" content=\"2026-04-14T17:08:34+00:00\" \/>\n<meta property=\"og:image\" content=\"https:\/\/madabouthorror.co.uk\/wp-content\/uploads\/2024\/09\/x800-16438_1024x1024@2x.webp\" \/>\n\t<meta property=\"og:image:width\" content=\"800\" \/>\n\t<meta property=\"og:image:height\" content=\"800\" \/>\n\t<meta property=\"og:image:type\" content=\"image\/webp\" \/>\n<meta name=\"twitter:card\" content=\"summary_large_image\" \/>\n<meta name=\"twitter:label1\" content=\"Dur\u00e9e de lecture estim\u00e9e\" \/>\n\t<meta name=\"twitter:data1\" content=\"1 minute\" \/>\n<script type=\"application\/ld+json\" class=\"yoast-schema-graph\">{\"@context\":\"https:\\\/\\\/schema.org\",\"@graph\":[{\"@type\":[\"WebPage\",\"ItemPage\"],\"@id\":\"https:\\\/\\\/madabouthorror.co.uk\\\/product\\\/mezco-living-dead-dolls-leatherface-deluxe-edition\\\/\",\"url\":\"https:\\\/\\\/madabouthorror.co.uk\\\/product\\\/mezco-living-dead-dolls-leatherface-deluxe-edition\\\/\",\"name\":\"MEZCO Living Dead Dolls Texas Chainsaw Massacre - Leatherface\",\"isPartOf\":{\"@id\":\"https:\\\/\\\/madabouthorror.co.uk\\\/#website\"},\"primaryImageOfPage\":{\"@id\":\"https:\\\/\\\/madabouthorror.co.uk\\\/product\\\/mezco-living-dead-dolls-leatherface-deluxe-edition\\\/#primaryimage\"},\"image\":{\"@id\":\"https:\\\/\\\/madabouthorror.co.uk\\\/product\\\/mezco-living-dead-dolls-leatherface-deluxe-edition\\\/#primaryimage\"},\"thumbnailUrl\":\"https:\\\/\\\/madabouthorror.co.uk\\\/wp-content\\\/uploads\\\/2024\\\/09\\\/x800-16438_1024x1024@2x.webp\",\"datePublished\":\"2024-09-30T09:29:02+00:00\",\"dateModified\":\"2026-04-14T17:08:34+00:00\",\"description\":\"Official UK stockists of MEZCO Living Dead Dolls Leatherface \\\/ LDD TCM. Shop Horror collectibles and Halloween props. PRE-ORDER now available.\",\"breadcrumb\":{\"@id\":\"https:\\\/\\\/madabouthorror.co.uk\\\/product\\\/mezco-living-dead-dolls-leatherface-deluxe-edition\\\/#breadcrumb\"},\"inLanguage\":\"fr-FR\",\"potentialAction\":[{\"@type\":\"ReadAction\",\"target\":[\"https:\\\/\\\/madabouthorror.co.uk\\\/product\\\/mezco-living-dead-dolls-leatherface-deluxe-edition\\\/\"]}]},{\"@type\":\"ImageObject\",\"inLanguage\":\"fr-FR\",\"@id\":\"https:\\\/\\\/madabouthorror.co.uk\\\/product\\\/mezco-living-dead-dolls-leatherface-deluxe-edition\\\/#primaryimage\",\"url\":\"https:\\\/\\\/madabouthorror.co.uk\\\/wp-content\\\/uploads\\\/2024\\\/09\\\/x800-16438_1024x1024@2x.webp\",\"contentUrl\":\"https:\\\/\\\/madabouthorror.co.uk\\\/wp-content\\\/uploads\\\/2024\\\/09\\\/x800-16438_1024x1024@2x.webp\",\"width\":800,\"height\":800},{\"@type\":\"BreadcrumbList\",\"@id\":\"https:\\\/\\\/madabouthorror.co.uk\\\/product\\\/mezco-living-dead-dolls-leatherface-deluxe-edition\\\/#breadcrumb\",\"itemListElement\":[{\"@type\":\"ListItem\",\"position\":1,\"name\":\"Shop\",\"item\":\"https:\\\/\\\/madabouthorror.co.uk\\\/shop\\\/\"},{\"@type\":\"ListItem\",\"position\":2,\"name\":\"MEZCO Living Dead Dolls Texas Chainsaw Massacre &#8211; Leatherface Deluxe Edition\"}]},{\"@type\":\"WebSite\",\"@id\":\"https:\\\/\\\/madabouthorror.co.uk\\\/#website\",\"url\":\"https:\\\/\\\/madabouthorror.co.uk\\\/\",\"name\":\"Mad About Horror\",\"description\":\"\",\"publisher\":{\"@id\":\"https:\\\/\\\/madabouthorror.co.uk\\\/#organization\"},\"alternateName\":\"Mad About Horror Limited\",\"potentialAction\":[{\"@type\":\"SearchAction\",\"target\":{\"@type\":\"EntryPoint\",\"urlTemplate\":\"https:\\\/\\\/madabouthorror.co.uk\\\/?s={search_term_string}\"},\"query-input\":{\"@type\":\"PropertyValueSpecification\",\"valueRequired\":true,\"valueName\":\"search_term_string\"}}],\"inLanguage\":\"fr-FR\"},{\"@type\":\"Organization\",\"@id\":\"https:\\\/\\\/madabouthorror.co.uk\\\/#organization\",\"name\":\"Mad About Horror\",\"url\":\"https:\\\/\\\/madabouthorror.co.uk\\\/\",\"logo\":{\"@type\":\"ImageObject\",\"inLanguage\":\"fr-FR\",\"@id\":\"https:\\\/\\\/madabouthorror.co.uk\\\/#\\\/schema\\\/logo\\\/image\\\/\",\"url\":\"https:\\\/\\\/madabouthorror.co.uk\\\/wp-content\\\/uploads\\\/2024\\\/02\\\/cropped-Logo.png\",\"contentUrl\":\"https:\\\/\\\/madabouthorror.co.uk\\\/wp-content\\\/uploads\\\/2024\\\/02\\\/cropped-Logo.png\",\"width\":240,\"height\":88,\"caption\":\"Mad About Horror\"},\"image\":{\"@id\":\"https:\\\/\\\/madabouthorror.co.uk\\\/#\\\/schema\\\/logo\\\/image\\\/\"},\"sameAs\":[\"https:\\\/\\\/www.facebook.com\\\/madabouthorror\\\/\",\"https:\\\/\\\/www.instagram.com\\\/madabouthorror\\\/\",\"https:\\\/\\\/www.pinterest.co.uk\\\/madabouthorror\\\/\",\"https:\\\/\\\/www.youtube.com\\\/channel\\\/UCBooLOIxjoQ89dj6T5lWm_w\",\"https:\\\/\\\/www.tiktok.com\\\/@weremadabouthorror\"]}]}<\/script>\n<!-- \/ Yoast SEO plugin. -->","yoast_head_json":{"title":"MEZCO Poup\u00e9es mortes vivantes Massacre \u00e0 la tron\u00e7onneuse - Leatherface","description":"Magasin officiel de MEZCO Living Dead Dolls Leatherface \/ LDD TCM. Boutique d'objets de collection d'horreur et d'accessoires d'Halloween. PR\u00c9-COMMANDE disponible d\u00e8s maintenant.","robots":{"index":"index","follow":"follow","max-snippet":"max-snippet:-1","max-image-preview":"max-image-preview:large","max-video-preview":"max-video-preview:-1"},"canonical":"https:\/\/madabouthorror.co.uk\/fr\/product\/mezco-living-dead-dolls-leatherface-deluxe-edition\/","og_locale":"fr_FR","og_type":"article","og_title":"MEZCO Living Dead Dolls Texas Chainsaw Massacre - Leatherface","og_description":"Official UK stockists of MEZCO Living Dead Dolls Leatherface \/ LDD TCM. Shop Horror collectibles and Halloween props. PRE-ORDER now available.","og_url":"https:\/\/madabouthorror.co.uk\/fr\/product\/mezco-living-dead-dolls-leatherface-deluxe-edition\/","og_site_name":"Mad About Horror","article_publisher":"https:\/\/www.facebook.com\/madabouthorror\/","article_modified_time":"2026-04-14T17:08:34+00:00","og_image":[{"width":800,"height":800,"url":"https:\/\/madabouthorror.co.uk\/wp-content\/uploads\/2024\/09\/x800-16438_1024x1024@2x.webp","type":"image\/webp"}],"twitter_card":"summary_large_image","twitter_misc":{"Dur\u00e9e de lecture estim\u00e9e":"1 minute"},"schema":{"@context":"https:\/\/schema.org","@graph":[{"@type":["WebPage","ItemPage"],"@id":"https:\/\/madabouthorror.co.uk\/product\/mezco-living-dead-dolls-leatherface-deluxe-edition\/","url":"https:\/\/madabouthorror.co.uk\/product\/mezco-living-dead-dolls-leatherface-deluxe-edition\/","name":"MEZCO Poup\u00e9es mortes vivantes Massacre \u00e0 la tron\u00e7onneuse - Leatherface","isPartOf":{"@id":"https:\/\/madabouthorror.co.uk\/#website"},"primaryImageOfPage":{"@id":"https:\/\/madabouthorror.co.uk\/product\/mezco-living-dead-dolls-leatherface-deluxe-edition\/#primaryimage"},"image":{"@id":"https:\/\/madabouthorror.co.uk\/product\/mezco-living-dead-dolls-leatherface-deluxe-edition\/#primaryimage"},"thumbnailUrl":"https:\/\/madabouthorror.co.uk\/wp-content\/uploads\/2024\/09\/x800-16438_1024x1024@2x.webp","datePublished":"2024-09-30T09:29:02+00:00","dateModified":"2026-04-14T17:08:34+00:00","description":"Magasin officiel de MEZCO Living Dead Dolls Leatherface \/ LDD TCM. Boutique d'objets de collection d'horreur et d'accessoires d'Halloween. PR\u00c9-COMMANDE disponible d\u00e8s maintenant.","breadcrumb":{"@id":"https:\/\/madabouthorror.co.uk\/product\/mezco-living-dead-dolls-leatherface-deluxe-edition\/#breadcrumb"},"inLanguage":"fr-FR","potentialAction":[{"@type":"ReadAction","target":["https:\/\/madabouthorror.co.uk\/product\/mezco-living-dead-dolls-leatherface-deluxe-edition\/"]}]},{"@type":"ImageObject","inLanguage":"fr-FR","@id":"https:\/\/madabouthorror.co.uk\/product\/mezco-living-dead-dolls-leatherface-deluxe-edition\/#primaryimage","url":"https:\/\/madabouthorror.co.uk\/wp-content\/uploads\/2024\/09\/x800-16438_1024x1024@2x.webp","contentUrl":"https:\/\/madabouthorror.co.uk\/wp-content\/uploads\/2024\/09\/x800-16438_1024x1024@2x.webp","width":800,"height":800},{"@type":"BreadcrumbList","@id":"https:\/\/madabouthorror.co.uk\/product\/mezco-living-dead-dolls-leatherface-deluxe-edition\/#breadcrumb","itemListElement":[{"@type":"ListItem","position":1,"name":"Shop","item":"https:\/\/madabouthorror.co.uk\/shop\/"},{"@type":"ListItem","position":2,"name":"MEZCO Living Dead Dolls Texas Chainsaw Massacre &#8211; Leatherface Deluxe Edition"}]},{"@type":"WebSite","@id":"https:\/\/madabouthorror.co.uk\/#website","url":"https:\/\/madabouthorror.co.uk\/","name":"L'horreur en folie","description":"","publisher":{"@id":"https:\/\/madabouthorror.co.uk\/#organization"},"alternateName":"Mad About Horror Limited","potentialAction":[{"@type":"SearchAction","target":{"@type":"EntryPoint","urlTemplate":"https:\/\/madabouthorror.co.uk\/?s={search_term_string}"},"query-input":{"@type":"PropertyValueSpecification","valueRequired":true,"valueName":"search_term_string"}}],"inLanguage":"fr-FR"},{"@type":"Organization","@id":"https:\/\/madabouthorror.co.uk\/#organization","name":"L'horreur en folie","url":"https:\/\/madabouthorror.co.uk\/","logo":{"@type":"ImageObject","inLanguage":"fr-FR","@id":"https:\/\/madabouthorror.co.uk\/#\/schema\/logo\/image\/","url":"https:\/\/madabouthorror.co.uk\/wp-content\/uploads\/2024\/02\/cropped-Logo.png","contentUrl":"https:\/\/madabouthorror.co.uk\/wp-content\/uploads\/2024\/02\/cropped-Logo.png","width":240,"height":88,"caption":"Mad About Horror"},"image":{"@id":"https:\/\/madabouthorror.co.uk\/#\/schema\/logo\/image\/"},"sameAs":["https:\/\/www.facebook.com\/madabouthorror\/","https:\/\/www.instagram.com\/madabouthorror\/","https:\/\/www.pinterest.co.uk\/madabouthorror\/","https:\/\/www.youtube.com\/channel\/UCBooLOIxjoQ89dj6T5lWm_w","https:\/\/www.tiktok.com\/@weremadabouthorror"]}]}},"df_price":83.28,"df_sale_price":"","df_regular_price":83.28,"df_image_link":"https:\/\/madabouthorror.co.uk\/wp-content\/uploads\/2024\/09\/x800-16438_1024x1024@2x-300x300.webp","_links":{"self":[{"href":"https:\/\/madabouthorror.co.uk\/fr\/wp-json\/wp\/v2\/product\/503010","targetHints":{"allow":["GET"]}}],"collection":[{"href":"https:\/\/madabouthorror.co.uk\/fr\/wp-json\/wp\/v2\/product"}],"about":[{"href":"https:\/\/madabouthorror.co.uk\/fr\/wp-json\/wp\/v2\/types\/product"}],"replies":[{"embeddable":true,"href":"https:\/\/madabouthorror.co.uk\/fr\/wp-json\/wp\/v2\/comments?post=503010"}],"wp:featuredmedia":[{"embeddable":true,"href":"https:\/\/madabouthorror.co.uk\/fr\/wp-json\/wp\/v2\/media\/503019"}],"wp:attachment":[{"href":"https:\/\/madabouthorror.co.uk\/fr\/wp-json\/wp\/v2\/media?parent=503010"}],"wp:term":[{"taxonomy":"product_brand","embeddable":true,"href":"https:\/\/madabouthorror.co.uk\/fr\/wp-json\/wp\/v2\/product_brand?post=503010"},{"taxonomy":"product_cat","embeddable":true,"href":"https:\/\/madabouthorror.co.uk\/fr\/wp-json\/wp\/v2\/product_cat?post=503010"},{"taxonomy":"product_tag","embeddable":true,"href":"https:\/\/madabouthorror.co.uk\/fr\/wp-json\/wp\/v2\/product_tag?post=503010"}],"curies":[{"name":"wp","href":"https:\/\/api.w.org\/{rel}","templated":true}]}}