{"id":50561,"date":"2021-10-15T21:01:41","date_gmt":"2021-10-15T20:01:41","guid":{"rendered":"https:\/\/mah.6bdv.ws\/product\/sack-mask-soots-the-clown\/"},"modified":"2025-08-28T12:50:43","modified_gmt":"2025-08-28T11:50:43","slug":"sack-mask-soots-the-clown","status":"publish","type":"product","link":"https:\/\/madabouthorror.co.uk\/fr\/product\/sack-mask-soots-the-clown\/","title":{"rendered":"Masque de sac - Soots le clown"},"content":{"rendered":"<p>Fabriqu\u00e9 \u00e0 la main, avec un visage de clown. Masque uniquement.<\/p>\n<p>Peint \u00e0 la main, chaque exemplaire est donc unique et la peinture peut varier.<\/p>\n<p>&nbsp;<\/p>\n<p>&nbsp;<\/p>\n<p>&nbsp;<\/p>","protected":false},"excerpt":{"rendered":"<p>Fabriqu\u00e9 \u00e0 la main, avec un visage de clown. Masque uniquement. Peint \u00e0 la main, chaque pi\u00e8ce est donc unique et la peinture peut varier. &nbsp; &nbsp; &nbsp;<\/p>","protected":false},"featured_media":50556,"comment_status":"closed","ping_status":"closed","template":"","meta":{"_acf_changed":false},"product_brand":[],"product_cat":[6542,8964,6541,6543,6824],"product_tag":[],"class_list":{"0":"post-50561","1":"product","2":"type-product","3":"status-publish","4":"has-post-thumbnail","6":"product_cat-premium-masks","7":"product_cat-burkbench-designs","8":"product_cat-masks","9":"product_cat-professional","10":"product_cat-professional-masks","11":"product_shipping_class-small-parcel-economy-3-5-business-days","12":"pa_brand-burkbenchdesigns","13":"pa_character-other","14":"pa_google_tax-e4-clothingaccessoriescostume","16":"first","17":"outofstock","18":"taxable","19":"shipping-taxable","20":"purchasable","21":"product-type-simple"},"supplier_id":467463,"supplier_sku":"","barcode":"","atum_controlled":true,"out_stock_date":"2025-08-28 12:50:44","out_stock_threshold":null,"inheritable":false,"inbound_stock":10,"stock_on_hold":0,"sold_today":0,"sales_last_days":0,"reserved_stock":0,"customer_returns":0,"warehouse_damage":0,"lost_in_post":0,"other_logs":0,"out_stock_days":218,"lost_sales":2612,"has_location":false,"update_date":"2026-04-04T01:23:49","atum_locations":[],"atum_stock_status":"outofstock","restock_status":false,"low_stock_amount":"","sales_update_date":"2026-04-04T01:23:47","calc_backorders":null,"acf":[],"yoast_head":"<!-- This site is optimized with the Yoast SEO plugin v27.3 - https:\/\/yoast.com\/product\/yoast-seo-wordpress\/ -->\n<title>Mad About Horror | Sack Mask - Soots the Clown<\/title>\n<meta name=\"description\" content=\"Mad About Horror are proud to present the Sack Mask - Soots the Clown - and with every face handpainted, the finish will be unique to every customer who buys one!\" \/>\n<meta name=\"robots\" content=\"index, follow, max-snippet:-1, max-image-preview:large, max-video-preview:-1\" \/>\n<link rel=\"canonical\" href=\"https:\/\/madabouthorror.co.uk\/fr\/product\/sack-mask-soots-the-clown\/\" \/>\n<meta property=\"og:locale\" content=\"fr_FR\" \/>\n<meta property=\"og:type\" content=\"article\" \/>\n<meta property=\"og:title\" content=\"Mad About Horror | Sack Mask - Soots the Clown\" \/>\n<meta property=\"og:description\" content=\"Mad About Horror are proud to present the Sack Mask - Soots the Clown - and with every face handpainted, the finish will be unique to every customer who buys one!\" \/>\n<meta property=\"og:url\" content=\"https:\/\/madabouthorror.co.uk\/fr\/product\/sack-mask-soots-the-clown\/\" \/>\n<meta property=\"og:site_name\" content=\"Mad About Horror\" \/>\n<meta property=\"article:publisher\" content=\"https:\/\/www.facebook.com\/madabouthorror\/\" \/>\n<meta property=\"article:modified_time\" content=\"2025-08-28T11:50:43+00:00\" \/>\n<meta property=\"og:image\" content=\"https:\/\/madabouthorror.co.uk\/wp-content\/uploads\/2021\/10\/soots_sack_mask_clown_halloween.jpg\" \/>\n\t<meta property=\"og:image:width\" content=\"650\" \/>\n\t<meta property=\"og:image:height\" content=\"650\" \/>\n\t<meta property=\"og:image:type\" content=\"image\/jpeg\" \/>\n<meta name=\"twitter:card\" content=\"summary_large_image\" \/>\n<meta name=\"twitter:label1\" content=\"Dur\u00e9e de lecture estim\u00e9e\" \/>\n\t<meta name=\"twitter:data1\" content=\"1 minute\" \/>\n<script type=\"application\/ld+json\" class=\"yoast-schema-graph\">{\"@context\":\"https:\\\/\\\/schema.org\",\"@graph\":[{\"@type\":[\"WebPage\",\"ItemPage\"],\"@id\":\"https:\\\/\\\/madabouthorror.co.uk\\\/product\\\/sack-mask-soots-the-clown\\\/\",\"url\":\"https:\\\/\\\/madabouthorror.co.uk\\\/product\\\/sack-mask-soots-the-clown\\\/\",\"name\":\"Mad About Horror | Sack Mask - Soots the Clown\",\"isPartOf\":{\"@id\":\"https:\\\/\\\/madabouthorror.co.uk\\\/#website\"},\"primaryImageOfPage\":{\"@id\":\"https:\\\/\\\/madabouthorror.co.uk\\\/product\\\/sack-mask-soots-the-clown\\\/#primaryimage\"},\"image\":{\"@id\":\"https:\\\/\\\/madabouthorror.co.uk\\\/product\\\/sack-mask-soots-the-clown\\\/#primaryimage\"},\"thumbnailUrl\":\"https:\\\/\\\/madabouthorror.co.uk\\\/wp-content\\\/uploads\\\/2021\\\/10\\\/soots_sack_mask_clown_halloween.jpg\",\"datePublished\":\"2021-10-15T20:01:41+00:00\",\"dateModified\":\"2025-08-28T11:50:43+00:00\",\"description\":\"Mad About Horror are proud to present the Sack Mask - Soots the Clown - and with every face handpainted, the finish will be unique to every customer who buys one!\",\"breadcrumb\":{\"@id\":\"https:\\\/\\\/madabouthorror.co.uk\\\/product\\\/sack-mask-soots-the-clown\\\/#breadcrumb\"},\"inLanguage\":\"fr-FR\",\"potentialAction\":[{\"@type\":\"ReadAction\",\"target\":[\"https:\\\/\\\/madabouthorror.co.uk\\\/product\\\/sack-mask-soots-the-clown\\\/\"]}]},{\"@type\":\"ImageObject\",\"inLanguage\":\"fr-FR\",\"@id\":\"https:\\\/\\\/madabouthorror.co.uk\\\/product\\\/sack-mask-soots-the-clown\\\/#primaryimage\",\"url\":\"https:\\\/\\\/madabouthorror.co.uk\\\/wp-content\\\/uploads\\\/2021\\\/10\\\/soots_sack_mask_clown_halloween.jpg\",\"contentUrl\":\"https:\\\/\\\/madabouthorror.co.uk\\\/wp-content\\\/uploads\\\/2021\\\/10\\\/soots_sack_mask_clown_halloween.jpg\",\"width\":650,\"height\":650,\"caption\":\"Sack Mask - Soots the Clown-0\"},{\"@type\":\"BreadcrumbList\",\"@id\":\"https:\\\/\\\/madabouthorror.co.uk\\\/product\\\/sack-mask-soots-the-clown\\\/#breadcrumb\",\"itemListElement\":[{\"@type\":\"ListItem\",\"position\":1,\"name\":\"Shop\",\"item\":\"https:\\\/\\\/madabouthorror.co.uk\\\/shop\\\/\"},{\"@type\":\"ListItem\",\"position\":2,\"name\":\"Sack Mask &#8211; Soots the Clown\"}]},{\"@type\":\"WebSite\",\"@id\":\"https:\\\/\\\/madabouthorror.co.uk\\\/#website\",\"url\":\"https:\\\/\\\/madabouthorror.co.uk\\\/\",\"name\":\"Mad About Horror\",\"description\":\"\",\"publisher\":{\"@id\":\"https:\\\/\\\/madabouthorror.co.uk\\\/#organization\"},\"alternateName\":\"Mad About Horror Limited\",\"potentialAction\":[{\"@type\":\"SearchAction\",\"target\":{\"@type\":\"EntryPoint\",\"urlTemplate\":\"https:\\\/\\\/madabouthorror.co.uk\\\/?s={search_term_string}\"},\"query-input\":{\"@type\":\"PropertyValueSpecification\",\"valueRequired\":true,\"valueName\":\"search_term_string\"}}],\"inLanguage\":\"fr-FR\"},{\"@type\":\"Organization\",\"@id\":\"https:\\\/\\\/madabouthorror.co.uk\\\/#organization\",\"name\":\"Mad About Horror\",\"url\":\"https:\\\/\\\/madabouthorror.co.uk\\\/\",\"logo\":{\"@type\":\"ImageObject\",\"inLanguage\":\"fr-FR\",\"@id\":\"https:\\\/\\\/madabouthorror.co.uk\\\/#\\\/schema\\\/logo\\\/image\\\/\",\"url\":\"https:\\\/\\\/madabouthorror.co.uk\\\/wp-content\\\/uploads\\\/2024\\\/02\\\/cropped-Logo.png\",\"contentUrl\":\"https:\\\/\\\/madabouthorror.co.uk\\\/wp-content\\\/uploads\\\/2024\\\/02\\\/cropped-Logo.png\",\"width\":240,\"height\":88,\"caption\":\"Mad About Horror\"},\"image\":{\"@id\":\"https:\\\/\\\/madabouthorror.co.uk\\\/#\\\/schema\\\/logo\\\/image\\\/\"},\"sameAs\":[\"https:\\\/\\\/www.facebook.com\\\/madabouthorror\\\/\",\"https:\\\/\\\/www.instagram.com\\\/madabouthorror\\\/\",\"https:\\\/\\\/www.pinterest.co.uk\\\/madabouthorror\\\/\",\"https:\\\/\\\/www.youtube.com\\\/channel\\\/UCBooLOIxjoQ89dj6T5lWm_w\",\"https:\\\/\\\/www.tiktok.com\\\/@weremadabouthorror\"]}]}<\/script>\n<!-- \/ Yoast SEO plugin. -->","yoast_head_json":{"title":"Mad About Horror - Masque de sac - Soots le clown","description":"Mad About Horror est fier de pr\u00e9senter le masque Sack - Soots le clown - et avec chaque visage peint \u00e0 la main, la finition sera unique pour chaque client qui en ach\u00e8te un !","robots":{"index":"index","follow":"follow","max-snippet":"max-snippet:-1","max-image-preview":"max-image-preview:large","max-video-preview":"max-video-preview:-1"},"canonical":"https:\/\/madabouthorror.co.uk\/fr\/product\/sack-mask-soots-the-clown\/","og_locale":"fr_FR","og_type":"article","og_title":"Mad About Horror | Sack Mask - Soots the Clown","og_description":"Mad About Horror are proud to present the Sack Mask - Soots the Clown - and with every face handpainted, the finish will be unique to every customer who buys one!","og_url":"https:\/\/madabouthorror.co.uk\/fr\/product\/sack-mask-soots-the-clown\/","og_site_name":"Mad About Horror","article_publisher":"https:\/\/www.facebook.com\/madabouthorror\/","article_modified_time":"2025-08-28T11:50:43+00:00","og_image":[{"width":650,"height":650,"url":"https:\/\/madabouthorror.co.uk\/wp-content\/uploads\/2021\/10\/soots_sack_mask_clown_halloween.jpg","type":"image\/jpeg"}],"twitter_card":"summary_large_image","twitter_misc":{"Dur\u00e9e de lecture estim\u00e9e":"1 minute"},"schema":{"@context":"https:\/\/schema.org","@graph":[{"@type":["WebPage","ItemPage"],"@id":"https:\/\/madabouthorror.co.uk\/product\/sack-mask-soots-the-clown\/","url":"https:\/\/madabouthorror.co.uk\/product\/sack-mask-soots-the-clown\/","name":"Mad About Horror - Masque de sac - Soots le clown","isPartOf":{"@id":"https:\/\/madabouthorror.co.uk\/#website"},"primaryImageOfPage":{"@id":"https:\/\/madabouthorror.co.uk\/product\/sack-mask-soots-the-clown\/#primaryimage"},"image":{"@id":"https:\/\/madabouthorror.co.uk\/product\/sack-mask-soots-the-clown\/#primaryimage"},"thumbnailUrl":"https:\/\/madabouthorror.co.uk\/wp-content\/uploads\/2021\/10\/soots_sack_mask_clown_halloween.jpg","datePublished":"2021-10-15T20:01:41+00:00","dateModified":"2025-08-28T11:50:43+00:00","description":"Mad About Horror est fier de pr\u00e9senter le masque Sack - Soots le clown - et avec chaque visage peint \u00e0 la main, la finition sera unique pour chaque client qui en ach\u00e8te un !","breadcrumb":{"@id":"https:\/\/madabouthorror.co.uk\/product\/sack-mask-soots-the-clown\/#breadcrumb"},"inLanguage":"fr-FR","potentialAction":[{"@type":"ReadAction","target":["https:\/\/madabouthorror.co.uk\/product\/sack-mask-soots-the-clown\/"]}]},{"@type":"ImageObject","inLanguage":"fr-FR","@id":"https:\/\/madabouthorror.co.uk\/product\/sack-mask-soots-the-clown\/#primaryimage","url":"https:\/\/madabouthorror.co.uk\/wp-content\/uploads\/2021\/10\/soots_sack_mask_clown_halloween.jpg","contentUrl":"https:\/\/madabouthorror.co.uk\/wp-content\/uploads\/2021\/10\/soots_sack_mask_clown_halloween.jpg","width":650,"height":650,"caption":"Sack Mask - Soots the Clown-0"},{"@type":"BreadcrumbList","@id":"https:\/\/madabouthorror.co.uk\/product\/sack-mask-soots-the-clown\/#breadcrumb","itemListElement":[{"@type":"ListItem","position":1,"name":"Shop","item":"https:\/\/madabouthorror.co.uk\/shop\/"},{"@type":"ListItem","position":2,"name":"Sack Mask &#8211; Soots the Clown"}]},{"@type":"WebSite","@id":"https:\/\/madabouthorror.co.uk\/#website","url":"https:\/\/madabouthorror.co.uk\/","name":"L'horreur en folie","description":"","publisher":{"@id":"https:\/\/madabouthorror.co.uk\/#organization"},"alternateName":"Mad About Horror Limited","potentialAction":[{"@type":"SearchAction","target":{"@type":"EntryPoint","urlTemplate":"https:\/\/madabouthorror.co.uk\/?s={search_term_string}"},"query-input":{"@type":"PropertyValueSpecification","valueRequired":true,"valueName":"search_term_string"}}],"inLanguage":"fr-FR"},{"@type":"Organization","@id":"https:\/\/madabouthorror.co.uk\/#organization","name":"L'horreur en folie","url":"https:\/\/madabouthorror.co.uk\/","logo":{"@type":"ImageObject","inLanguage":"fr-FR","@id":"https:\/\/madabouthorror.co.uk\/#\/schema\/logo\/image\/","url":"https:\/\/madabouthorror.co.uk\/wp-content\/uploads\/2024\/02\/cropped-Logo.png","contentUrl":"https:\/\/madabouthorror.co.uk\/wp-content\/uploads\/2024\/02\/cropped-Logo.png","width":240,"height":88,"caption":"Mad About Horror"},"image":{"@id":"https:\/\/madabouthorror.co.uk\/#\/schema\/logo\/image\/"},"sameAs":["https:\/\/www.facebook.com\/madabouthorror\/","https:\/\/www.instagram.com\/madabouthorror\/","https:\/\/www.pinterest.co.uk\/madabouthorror\/","https:\/\/www.youtube.com\/channel\/UCBooLOIxjoQ89dj6T5lWm_w","https:\/\/www.tiktok.com\/@weremadabouthorror"]}]}},"df_price":36.41,"df_sale_price":"","df_regular_price":36.41,"df_image_link":"https:\/\/madabouthorror.co.uk\/wp-content\/uploads\/2021\/10\/soots_sack_mask_clown_halloween-300x300.jpg","_links":{"self":[{"href":"https:\/\/madabouthorror.co.uk\/fr\/wp-json\/wp\/v2\/product\/50561","targetHints":{"allow":["GET"]}}],"collection":[{"href":"https:\/\/madabouthorror.co.uk\/fr\/wp-json\/wp\/v2\/product"}],"about":[{"href":"https:\/\/madabouthorror.co.uk\/fr\/wp-json\/wp\/v2\/types\/product"}],"replies":[{"embeddable":true,"href":"https:\/\/madabouthorror.co.uk\/fr\/wp-json\/wp\/v2\/comments?post=50561"}],"wp:featuredmedia":[{"embeddable":true,"href":"https:\/\/madabouthorror.co.uk\/fr\/wp-json\/wp\/v2\/media\/50556"}],"wp:attachment":[{"href":"https:\/\/madabouthorror.co.uk\/fr\/wp-json\/wp\/v2\/media?parent=50561"}],"wp:term":[{"taxonomy":"product_brand","embeddable":true,"href":"https:\/\/madabouthorror.co.uk\/fr\/wp-json\/wp\/v2\/product_brand?post=50561"},{"taxonomy":"product_cat","embeddable":true,"href":"https:\/\/madabouthorror.co.uk\/fr\/wp-json\/wp\/v2\/product_cat?post=50561"},{"taxonomy":"product_tag","embeddable":true,"href":"https:\/\/madabouthorror.co.uk\/fr\/wp-json\/wp\/v2\/product_tag?post=50561"}],"curies":[{"name":"wp","href":"https:\/\/api.w.org\/{rel}","templated":true}]}}