{"id":508581,"date":"2024-10-24T12:07:39","date_gmt":"2024-10-24T11:07:39","guid":{"rendered":"https:\/\/madabouthorror.co.uk\/?post_type=product&#038;p=508581"},"modified":"2025-11-20T12:54:05","modified_gmt":"2025-11-20T12:54:05","slug":"light-up-led-the-evil-dead-necronomicon","status":"publish","type":"product","link":"https:\/\/madabouthorror.co.uk\/fr\/product\/light-up-led-the-evil-dead-necronomicon\/","title":{"rendered":"Le N\u00e9cronomicon d'Evil Dead \u00e0 LED lumineuses"},"content":{"rendered":"<div class=\"pc-type pc-type--body-4 collapsible__content\">\n<p>Lib\u00e9rez l'horreur ultime pour Halloween avec le Necronomicon LED lumineux d'Evil Dead\u00ae ! Cette r\u00e9plique de film effrayante et r\u00e9aliste est parfaite pour les fans de la c\u00e9l\u00e8bre s\u00e9rie de films et les amateurs d'Halloween. Activ\u00e9 par le son et le mouvement, ce livre Necronomicon prend vie avec un effet de flamme vacillante et des sons de cin\u00e9ma sinistres, ce qui en fait un ajout gla\u00e7ant \u00e0 votre d\u00e9cor d'Halloween. La r\u00e9v\u00e9lation anim\u00e9e choquante \u00e0 l'int\u00e9rieur du livre ajoute une couche de terreur suppl\u00e9mentaire, garantissant que vos invit\u00e9s seront \u00e0 la fois impressionn\u00e9s et effray\u00e9s. Que vous organisiez une f\u00eate d'Halloween ou que vous installiez une maison hant\u00e9e, ce Necronomicon LED cr\u00e9era une exp\u00e9rience d'horreur inoubliable.<b>D\u00e9tails du produit Necronomicon The Evil Dead\u00ae \u00e0 DEL lumineuse :<\/b><\/p>\n<ul>\n<li>9 po de large x 11,4 po de haut x 4,7 po d'\u00e9paisseur<\/li>\n<li>N\u00e9cessite 3 piles AA. Non incluses<\/li>\n<li>Lampes \u00e0 effet de flamme vacillante \u00e0 LED<\/li>\n<li>Sons cin\u00e9matographiques effrayants<\/li>\n<li>Activation par le son et le mouvement<\/li>\n<li>Plastique et tissu<\/li>\n<\/ul>\n<div>\n<div><b>Pour le porche couvert ou l'int\u00e9rieur.<\/b> <i>Prot\u00e9ger des intemp\u00e9ries en cas d'utilisation \u00e0 l'ext\u00e9rieur et ne pas laisser \u00e0 l'ext\u00e9rieur pendant des p\u00e9riodes prolong\u00e9es.<\/i><\/div>\n<div><\/div>\n<div><b>A noter :<\/b><i> Ces accessoires ne sont pas recommand\u00e9s pour un usage commercial intensif, c'est-\u00e0-dire qu'ils ne doivent pas \u00eatre utilis\u00e9s pendant des p\u00e9riodes prolong\u00e9es, c'est-\u00e0-dire plusieurs jours d'affil\u00e9e. Ils sont con\u00e7us pour \u00eatre utilis\u00e9s \u00e0 l'occasion d'Halloween. Si vous avez des questions \u00e0 ce sujet, n'h\u00e9sitez pas \u00e0 les poser.<\/i><\/div>\n<\/div>\n<\/div>","protected":false},"excerpt":{"rendered":"<p>Lib\u00e9rez l'horreur ultime cet Halloween avec le Necronomicon The Evil Dead\u00ae lumineux \u00e0 LED ! Cette r\u00e9plique de film d'un r\u00e9alisme effrayant est parfaite pour les fans de la c\u00e9l\u00e8bre s\u00e9rie de films comme pour les amateurs d'Halloween. Activ\u00e9 par le son et le mouvement, ce livre Necronomicon prend vie avec un effet de flamme vacillante et des sons cin\u00e9matographiques inqui\u00e9tants, en faisant un ajout gla\u00e7ant [\u2026]<\/p>","protected":false},"featured_media":508595,"comment_status":"closed","ping_status":"closed","template":"","meta":{"_acf_changed":false},"product_brand":[],"product_cat":[10068,10131,10108,10093,6537,10094,6547,6963,9967,7054,6650],"product_tag":[],"class_list":{"0":"post-508581","1":"product","2":"type-product","3":"status-publish","4":"has-post-thumbnail","6":"product_cat-halloween-decorations-2025","7":"product_cat-halloween-gifts","8":"product_cat-light-up-halloween-decorations","9":"product_cat-indoor-halloween-decorations","10":"product_cat-collectibles","11":"product_cat-outdoor-halloween-decorations","12":"product_cat-decorations","13":"product_cat-animatronics","14":"product_cat-replica-props","15":"product_cat-movie-tv-props","16":"product_cat-evildeadashvevildead","18":"first","19":"outofstock","20":"taxable","21":"shipping-taxable","22":"purchasable","23":"product-type-simple"},"supplier_id":null,"supplier_sku":"978460","barcode":null,"atum_controlled":true,"out_stock_date":"2025-05-28 15:30:28","out_stock_threshold":null,"inheritable":false,"inbound_stock":0,"stock_on_hold":0,"sold_today":0,"sales_last_days":0,"reserved_stock":0,"customer_returns":0,"warehouse_damage":0,"lost_in_post":0,"other_logs":0,"out_stock_days":329,"lost_sales":3287,"has_location":false,"update_date":"2026-04-23T00:17:22","atum_locations":[],"atum_stock_status":"outofstock","restock_status":false,"low_stock_amount":"","sales_update_date":"2026-04-23T00:17:21","calc_backorders":null,"acf":[],"yoast_head":"<!-- This site is optimized with the Yoast SEO plugin v27.4 - https:\/\/yoast.com\/product\/yoast-seo-wordpress\/ -->\n<title>The Evil Dead Light-Up LED Necronomicon | Mad About Horror<\/title>\n<meta name=\"description\" content=\"Light-Up LED Necronomicon for Halloween or horror Collection. Shop Horror collectibles and Halloween props. Mad About Horror. UK Stock\" \/>\n<meta name=\"robots\" content=\"index, follow, max-snippet:-1, max-image-preview:large, max-video-preview:-1\" \/>\n<link rel=\"canonical\" href=\"https:\/\/madabouthorror.co.uk\/fr\/product\/light-up-led-the-evil-dead-necronomicon\/\" \/>\n<meta property=\"og:locale\" content=\"fr_FR\" \/>\n<meta property=\"og:type\" content=\"article\" \/>\n<meta property=\"og:title\" content=\"The Evil Dead Light-Up LED Necronomicon | Mad About Horror\" \/>\n<meta property=\"og:description\" content=\"Light-Up LED Necronomicon for Halloween or horror Collection. Shop Horror collectibles and Halloween props. Mad About Horror. UK Stock\" \/>\n<meta property=\"og:url\" content=\"https:\/\/madabouthorror.co.uk\/fr\/product\/light-up-led-the-evil-dead-necronomicon\/\" \/>\n<meta property=\"og:site_name\" content=\"Mad About Horror\" \/>\n<meta property=\"article:publisher\" content=\"https:\/\/www.facebook.com\/madabouthorror\/\" \/>\n<meta property=\"article:modified_time\" content=\"2025-11-20T12:54:05+00:00\" \/>\n<meta property=\"og:image\" content=\"https:\/\/madabouthorror.co.uk\/wp-content\/uploads\/2024\/10\/Untitled-2-1-1024x1024.png\" \/>\n\t<meta property=\"og:image:width\" content=\"1024\" \/>\n\t<meta property=\"og:image:height\" content=\"1024\" \/>\n\t<meta property=\"og:image:type\" content=\"image\/png\" \/>\n<meta name=\"twitter:card\" content=\"summary_large_image\" \/>\n<meta name=\"twitter:label1\" content=\"Dur\u00e9e de lecture estim\u00e9e\" \/>\n\t<meta name=\"twitter:data1\" content=\"2 minutes\" \/>\n<script type=\"application\/ld+json\" class=\"yoast-schema-graph\">{\"@context\":\"https:\\\/\\\/schema.org\",\"@graph\":[{\"@type\":[\"WebPage\",\"ItemPage\"],\"@id\":\"https:\\\/\\\/madabouthorror.co.uk\\\/product\\\/light-up-led-the-evil-dead-necronomicon\\\/\",\"url\":\"https:\\\/\\\/madabouthorror.co.uk\\\/product\\\/light-up-led-the-evil-dead-necronomicon\\\/\",\"name\":\"The Evil Dead Light-Up LED Necronomicon | Mad About Horror\",\"isPartOf\":{\"@id\":\"https:\\\/\\\/madabouthorror.co.uk\\\/#website\"},\"primaryImageOfPage\":{\"@id\":\"https:\\\/\\\/madabouthorror.co.uk\\\/product\\\/light-up-led-the-evil-dead-necronomicon\\\/#primaryimage\"},\"image\":{\"@id\":\"https:\\\/\\\/madabouthorror.co.uk\\\/product\\\/light-up-led-the-evil-dead-necronomicon\\\/#primaryimage\"},\"thumbnailUrl\":\"https:\\\/\\\/madabouthorror.co.uk\\\/wp-content\\\/uploads\\\/2024\\\/10\\\/Untitled-2-1.png\",\"datePublished\":\"2024-10-24T11:07:39+00:00\",\"dateModified\":\"2025-11-20T12:54:05+00:00\",\"description\":\"Light-Up LED Necronomicon for Halloween or horror Collection. Shop Horror collectibles and Halloween props. Mad About Horror. UK Stock\",\"breadcrumb\":{\"@id\":\"https:\\\/\\\/madabouthorror.co.uk\\\/product\\\/light-up-led-the-evil-dead-necronomicon\\\/#breadcrumb\"},\"inLanguage\":\"fr-FR\",\"potentialAction\":[{\"@type\":\"ReadAction\",\"target\":[\"https:\\\/\\\/madabouthorror.co.uk\\\/product\\\/light-up-led-the-evil-dead-necronomicon\\\/\"]}]},{\"@type\":\"ImageObject\",\"inLanguage\":\"fr-FR\",\"@id\":\"https:\\\/\\\/madabouthorror.co.uk\\\/product\\\/light-up-led-the-evil-dead-necronomicon\\\/#primaryimage\",\"url\":\"https:\\\/\\\/madabouthorror.co.uk\\\/wp-content\\\/uploads\\\/2024\\\/10\\\/Untitled-2-1.png\",\"contentUrl\":\"https:\\\/\\\/madabouthorror.co.uk\\\/wp-content\\\/uploads\\\/2024\\\/10\\\/Untitled-2-1.png\",\"width\":1772,\"height\":1772,\"caption\":\"Light-Up LED Necronomicon\"},{\"@type\":\"BreadcrumbList\",\"@id\":\"https:\\\/\\\/madabouthorror.co.uk\\\/product\\\/light-up-led-the-evil-dead-necronomicon\\\/#breadcrumb\",\"itemListElement\":[{\"@type\":\"ListItem\",\"position\":1,\"name\":\"Shop\",\"item\":\"https:\\\/\\\/madabouthorror.co.uk\\\/shop\\\/\"},{\"@type\":\"ListItem\",\"position\":2,\"name\":\"The Evil Dead Light-Up LED Necronomicon\"}]},{\"@type\":\"WebSite\",\"@id\":\"https:\\\/\\\/madabouthorror.co.uk\\\/#website\",\"url\":\"https:\\\/\\\/madabouthorror.co.uk\\\/\",\"name\":\"Mad About Horror\",\"description\":\"\",\"publisher\":{\"@id\":\"https:\\\/\\\/madabouthorror.co.uk\\\/#organization\"},\"alternateName\":\"Mad About Horror Limited\",\"potentialAction\":[{\"@type\":\"SearchAction\",\"target\":{\"@type\":\"EntryPoint\",\"urlTemplate\":\"https:\\\/\\\/madabouthorror.co.uk\\\/?s={search_term_string}\"},\"query-input\":{\"@type\":\"PropertyValueSpecification\",\"valueRequired\":true,\"valueName\":\"search_term_string\"}}],\"inLanguage\":\"fr-FR\"},{\"@type\":\"Organization\",\"@id\":\"https:\\\/\\\/madabouthorror.co.uk\\\/#organization\",\"name\":\"Mad About Horror\",\"url\":\"https:\\\/\\\/madabouthorror.co.uk\\\/\",\"logo\":{\"@type\":\"ImageObject\",\"inLanguage\":\"fr-FR\",\"@id\":\"https:\\\/\\\/madabouthorror.co.uk\\\/#\\\/schema\\\/logo\\\/image\\\/\",\"url\":\"https:\\\/\\\/madabouthorror.co.uk\\\/wp-content\\\/uploads\\\/2024\\\/02\\\/cropped-Logo.png\",\"contentUrl\":\"https:\\\/\\\/madabouthorror.co.uk\\\/wp-content\\\/uploads\\\/2024\\\/02\\\/cropped-Logo.png\",\"width\":240,\"height\":88,\"caption\":\"Mad About Horror\"},\"image\":{\"@id\":\"https:\\\/\\\/madabouthorror.co.uk\\\/#\\\/schema\\\/logo\\\/image\\\/\"},\"sameAs\":[\"https:\\\/\\\/www.facebook.com\\\/madabouthorror\\\/\",\"https:\\\/\\\/www.instagram.com\\\/madabouthorror\\\/\",\"https:\\\/\\\/www.pinterest.co.uk\\\/madabouthorror\\\/\",\"https:\\\/\\\/www.youtube.com\\\/channel\\\/UCBooLOIxjoQ89dj6T5lWm_w\",\"https:\\\/\\\/www.tiktok.com\\\/@weremadabouthorror\"]}]}<\/script>\n<!-- \/ Yoast SEO plugin. -->","yoast_head_json":{"title":"Le Necronomicon Lumineux LED Evil Dead | Mad About Horror","description":"N\u00e9cronomicon \u00e0 LED lumineux pour Halloween ou collection d'horreur. Achetez des objets de collection d'horreur et des accessoires d'Halloween. Mad About Horror. Stock UK","robots":{"index":"index","follow":"follow","max-snippet":"max-snippet:-1","max-image-preview":"max-image-preview:large","max-video-preview":"max-video-preview:-1"},"canonical":"https:\/\/madabouthorror.co.uk\/fr\/product\/light-up-led-the-evil-dead-necronomicon\/","og_locale":"fr_FR","og_type":"article","og_title":"The Evil Dead Light-Up LED Necronomicon | Mad About Horror","og_description":"Light-Up LED Necronomicon for Halloween or horror Collection. Shop Horror collectibles and Halloween props. Mad About Horror. UK Stock","og_url":"https:\/\/madabouthorror.co.uk\/fr\/product\/light-up-led-the-evil-dead-necronomicon\/","og_site_name":"Mad About Horror","article_publisher":"https:\/\/www.facebook.com\/madabouthorror\/","article_modified_time":"2025-11-20T12:54:05+00:00","og_image":[{"width":1024,"height":1024,"url":"https:\/\/madabouthorror.co.uk\/wp-content\/uploads\/2024\/10\/Untitled-2-1-1024x1024.png","type":"image\/png"}],"twitter_card":"summary_large_image","twitter_misc":{"Dur\u00e9e de lecture estim\u00e9e":"2 minutes"},"schema":{"@context":"https:\/\/schema.org","@graph":[{"@type":["WebPage","ItemPage"],"@id":"https:\/\/madabouthorror.co.uk\/product\/light-up-led-the-evil-dead-necronomicon\/","url":"https:\/\/madabouthorror.co.uk\/product\/light-up-led-the-evil-dead-necronomicon\/","name":"Le Necronomicon Lumineux LED Evil Dead | Mad About Horror","isPartOf":{"@id":"https:\/\/madabouthorror.co.uk\/#website"},"primaryImageOfPage":{"@id":"https:\/\/madabouthorror.co.uk\/product\/light-up-led-the-evil-dead-necronomicon\/#primaryimage"},"image":{"@id":"https:\/\/madabouthorror.co.uk\/product\/light-up-led-the-evil-dead-necronomicon\/#primaryimage"},"thumbnailUrl":"https:\/\/madabouthorror.co.uk\/wp-content\/uploads\/2024\/10\/Untitled-2-1.png","datePublished":"2024-10-24T11:07:39+00:00","dateModified":"2025-11-20T12:54:05+00:00","description":"N\u00e9cronomicon \u00e0 LED lumineux pour Halloween ou collection d'horreur. Achetez des objets de collection d'horreur et des accessoires d'Halloween. Mad About Horror. Stock UK","breadcrumb":{"@id":"https:\/\/madabouthorror.co.uk\/product\/light-up-led-the-evil-dead-necronomicon\/#breadcrumb"},"inLanguage":"fr-FR","potentialAction":[{"@type":"ReadAction","target":["https:\/\/madabouthorror.co.uk\/product\/light-up-led-the-evil-dead-necronomicon\/"]}]},{"@type":"ImageObject","inLanguage":"fr-FR","@id":"https:\/\/madabouthorror.co.uk\/product\/light-up-led-the-evil-dead-necronomicon\/#primaryimage","url":"https:\/\/madabouthorror.co.uk\/wp-content\/uploads\/2024\/10\/Untitled-2-1.png","contentUrl":"https:\/\/madabouthorror.co.uk\/wp-content\/uploads\/2024\/10\/Untitled-2-1.png","width":1772,"height":1772,"caption":"Light-Up LED Necronomicon"},{"@type":"BreadcrumbList","@id":"https:\/\/madabouthorror.co.uk\/product\/light-up-led-the-evil-dead-necronomicon\/#breadcrumb","itemListElement":[{"@type":"ListItem","position":1,"name":"Shop","item":"https:\/\/madabouthorror.co.uk\/shop\/"},{"@type":"ListItem","position":2,"name":"The Evil Dead Light-Up LED Necronomicon"}]},{"@type":"WebSite","@id":"https:\/\/madabouthorror.co.uk\/#website","url":"https:\/\/madabouthorror.co.uk\/","name":"L'horreur en folie","description":"","publisher":{"@id":"https:\/\/madabouthorror.co.uk\/#organization"},"alternateName":"Mad About Horror Limited","potentialAction":[{"@type":"SearchAction","target":{"@type":"EntryPoint","urlTemplate":"https:\/\/madabouthorror.co.uk\/?s={search_term_string}"},"query-input":{"@type":"PropertyValueSpecification","valueRequired":true,"valueName":"search_term_string"}}],"inLanguage":"fr-FR"},{"@type":"Organization","@id":"https:\/\/madabouthorror.co.uk\/#organization","name":"L'horreur en folie","url":"https:\/\/madabouthorror.co.uk\/","logo":{"@type":"ImageObject","inLanguage":"fr-FR","@id":"https:\/\/madabouthorror.co.uk\/#\/schema\/logo\/image\/","url":"https:\/\/madabouthorror.co.uk\/wp-content\/uploads\/2024\/02\/cropped-Logo.png","contentUrl":"https:\/\/madabouthorror.co.uk\/wp-content\/uploads\/2024\/02\/cropped-Logo.png","width":240,"height":88,"caption":"Mad About Horror"},"image":{"@id":"https:\/\/madabouthorror.co.uk\/#\/schema\/logo\/image\/"},"sameAs":["https:\/\/www.facebook.com\/madabouthorror\/","https:\/\/www.instagram.com\/madabouthorror\/","https:\/\/www.pinterest.co.uk\/madabouthorror\/","https:\/\/www.youtube.com\/channel\/UCBooLOIxjoQ89dj6T5lWm_w","https:\/\/www.tiktok.com\/@weremadabouthorror"]}]}},"df_price":72.87,"df_sale_price":"","df_regular_price":72.87,"df_image_link":"https:\/\/madabouthorror.co.uk\/wp-content\/uploads\/2024\/10\/Untitled-2-1-300x300.png","_links":{"self":[{"href":"https:\/\/madabouthorror.co.uk\/fr\/wp-json\/wp\/v2\/product\/508581","targetHints":{"allow":["GET"]}}],"collection":[{"href":"https:\/\/madabouthorror.co.uk\/fr\/wp-json\/wp\/v2\/product"}],"about":[{"href":"https:\/\/madabouthorror.co.uk\/fr\/wp-json\/wp\/v2\/types\/product"}],"replies":[{"embeddable":true,"href":"https:\/\/madabouthorror.co.uk\/fr\/wp-json\/wp\/v2\/comments?post=508581"}],"wp:featuredmedia":[{"embeddable":true,"href":"https:\/\/madabouthorror.co.uk\/fr\/wp-json\/wp\/v2\/media\/508595"}],"wp:attachment":[{"href":"https:\/\/madabouthorror.co.uk\/fr\/wp-json\/wp\/v2\/media?parent=508581"}],"wp:term":[{"taxonomy":"product_brand","embeddable":true,"href":"https:\/\/madabouthorror.co.uk\/fr\/wp-json\/wp\/v2\/product_brand?post=508581"},{"taxonomy":"product_cat","embeddable":true,"href":"https:\/\/madabouthorror.co.uk\/fr\/wp-json\/wp\/v2\/product_cat?post=508581"},{"taxonomy":"product_tag","embeddable":true,"href":"https:\/\/madabouthorror.co.uk\/fr\/wp-json\/wp\/v2\/product_tag?post=508581"}],"curies":[{"name":"wp","href":"https:\/\/api.w.org\/{rel}","templated":true}]}}