{"id":51023,"date":"2021-11-25T16:00:45","date_gmt":"2021-11-25T16:00:45","guid":{"rendered":"https:\/\/mah.6bdv.ws\/product\/christmas-tree-decoration-elm-street-sign\/"},"modified":"2026-04-05T19:16:01","modified_gmt":"2026-04-05T18:16:01","slug":"christmas-tree-decoration-elm-street-sign","status":"publish","type":"product","link":"https:\/\/madabouthorror.co.uk\/fr\/product\/christmas-tree-decoration-elm-street-sign\/","title":{"rendered":"D\u00e9coration de l'arbre de No\u00ebl - Elm Street Sign"},"content":{"rendered":"<h4>D\u00e9coration de l'arbre de No\u00ebl - Elm Street Sign<\/h4>\n<p><em>Sculpt\u00e9 par Jonathan Straughan alias SCR33M3R sur Instagram<\/em><\/p>\n<p><em>Cr\u00e9\u00e9 par Burkbench Designs.<\/em><\/p>\n<p>D\u00e9coration de sapin de No\u00ebl en r\u00e9sine.<\/p>\n<p>Taille d'environ 9,5 cm de large<\/p>","protected":false},"excerpt":{"rendered":"<p>D\u00e9coration de sapin de No\u00ebl - Panneau Elm Street Sculpt\u00e9 par Jonathan Straughan aka SCR33M3R sur Instagram Cr\u00e9\u00e9 par Burkbench Designs. D\u00e9coration de sapin de No\u00ebl en r\u00e9sine. Taille d'environ 9,5 cm de large<\/p>","protected":false},"featured_media":51022,"comment_status":"closed","ping_status":"closed","template":"","meta":{"_acf_changed":false},"product_brand":[],"product_cat":[10082,9901,9893,6537,7036,10038,8802,9919,6631],"product_tag":[],"class_list":{"0":"post-51023","1":"product","2":"type-product","3":"status-publish","4":"has-post-thumbnail","6":"product_cat-elm-street-signs","7":"product_cat-hanging-ornaments","8":"product_cat-christmas-decorations","9":"product_cat-collectibles","10":"product_cat-ornaments","11":"product_cat-horror-gifts","12":"product_cat-sale","13":"product_cat-christmas","14":"product_cat-nightmareonelmstreet","15":"product_shipping_class-small-parcel-economy-3-5-business-days","16":"pa_brand-burkbenchdesigns","17":"pa_character-99-anightmareonelmstreetfredd","18":"pa_google_tax-ba-artsentertainmenthobbiescr","20":"first","21":"instock","22":"sale","23":"taxable","24":"shipping-taxable","25":"purchasable","26":"product-type-simple"},"supplier_id":467463,"supplier_sku":"","barcode":"","atum_controlled":true,"out_stock_date":null,"out_stock_threshold":null,"inheritable":false,"inbound_stock":0,"stock_on_hold":0,"sold_today":0,"sales_last_days":2,"reserved_stock":0,"customer_returns":0,"warehouse_damage":0,"lost_in_post":0,"other_logs":0,"out_stock_days":0,"lost_sales":0,"has_location":false,"update_date":"2026-04-16T01:40:05","atum_locations":[],"atum_stock_status":"instock","restock_status":false,"low_stock_amount":"","sales_update_date":"2026-04-16T01:40:04","calc_backorders":null,"acf":[],"yoast_head":"<!-- This site is optimized with the Yoast SEO plugin v27.4 - https:\/\/yoast.com\/product\/yoast-seo-wordpress\/ -->\n<title>Christmas Tree Decoration - Elm Street Sign<\/title>\n<meta name=\"description\" content=\"Horror themed Christmas Tree Decorations. Huge range of professional quality horror props, masks and accessories. Buy from the UK &amp; Europe&#039;s leading horror and Halloween specialist.\" \/>\n<meta name=\"robots\" content=\"index, follow, max-snippet:-1, max-image-preview:large, max-video-preview:-1\" \/>\n<link rel=\"canonical\" href=\"https:\/\/madabouthorror.co.uk\/fr\/product\/christmas-tree-decoration-elm-street-sign\/\" \/>\n<meta property=\"og:locale\" content=\"fr_FR\" \/>\n<meta property=\"og:type\" content=\"article\" \/>\n<meta property=\"og:title\" content=\"Christmas Tree Decoration - Elm Street Sign\" \/>\n<meta property=\"og:description\" content=\"Horror themed Christmas Tree Decorations. Huge range of professional quality horror props, masks and accessories. Buy from the UK &amp; Europe&#039;s leading horror and Halloween specialist.\" \/>\n<meta property=\"og:url\" content=\"https:\/\/madabouthorror.co.uk\/fr\/product\/christmas-tree-decoration-elm-street-sign\/\" \/>\n<meta property=\"og:site_name\" content=\"Mad About Horror\" \/>\n<meta property=\"article:publisher\" content=\"https:\/\/www.facebook.com\/madabouthorror\/\" \/>\n<meta property=\"article:modified_time\" content=\"2026-04-05T18:16:01+00:00\" \/>\n<meta property=\"og:image\" content=\"https:\/\/madabouthorror.co.uk\/wp-content\/uploads\/2021\/11\/nightmare_on_elm_street_christmas_tree_decoration.jpg\" \/>\n\t<meta property=\"og:image:width\" content=\"650\" \/>\n\t<meta property=\"og:image:height\" content=\"650\" \/>\n\t<meta property=\"og:image:type\" content=\"image\/jpeg\" \/>\n<meta name=\"twitter:card\" content=\"summary_large_image\" \/>\n<meta name=\"twitter:label1\" content=\"Dur\u00e9e de lecture estim\u00e9e\" \/>\n\t<meta name=\"twitter:data1\" content=\"1 minute\" \/>\n<script type=\"application\/ld+json\" class=\"yoast-schema-graph\">{\"@context\":\"https:\\\/\\\/schema.org\",\"@graph\":[{\"@type\":[\"WebPage\",\"ItemPage\"],\"@id\":\"https:\\\/\\\/madabouthorror.co.uk\\\/product\\\/christmas-tree-decoration-elm-street-sign\\\/\",\"url\":\"https:\\\/\\\/madabouthorror.co.uk\\\/product\\\/christmas-tree-decoration-elm-street-sign\\\/\",\"name\":\"Christmas Tree Decoration - Elm Street Sign\",\"isPartOf\":{\"@id\":\"https:\\\/\\\/madabouthorror.co.uk\\\/#website\"},\"primaryImageOfPage\":{\"@id\":\"https:\\\/\\\/madabouthorror.co.uk\\\/product\\\/christmas-tree-decoration-elm-street-sign\\\/#primaryimage\"},\"image\":{\"@id\":\"https:\\\/\\\/madabouthorror.co.uk\\\/product\\\/christmas-tree-decoration-elm-street-sign\\\/#primaryimage\"},\"thumbnailUrl\":\"https:\\\/\\\/madabouthorror.co.uk\\\/wp-content\\\/uploads\\\/2021\\\/11\\\/nightmare_on_elm_street_christmas_tree_decoration.jpg\",\"datePublished\":\"2021-11-25T16:00:45+00:00\",\"dateModified\":\"2026-04-05T18:16:01+00:00\",\"description\":\"Horror themed Christmas Tree Decorations. Huge range of professional quality horror props, masks and accessories. Buy from the UK & Europe's leading horror and Halloween specialist.\",\"breadcrumb\":{\"@id\":\"https:\\\/\\\/madabouthorror.co.uk\\\/product\\\/christmas-tree-decoration-elm-street-sign\\\/#breadcrumb\"},\"inLanguage\":\"fr-FR\",\"potentialAction\":[{\"@type\":\"ReadAction\",\"target\":[\"https:\\\/\\\/madabouthorror.co.uk\\\/product\\\/christmas-tree-decoration-elm-street-sign\\\/\"]}]},{\"@type\":\"ImageObject\",\"inLanguage\":\"fr-FR\",\"@id\":\"https:\\\/\\\/madabouthorror.co.uk\\\/product\\\/christmas-tree-decoration-elm-street-sign\\\/#primaryimage\",\"url\":\"https:\\\/\\\/madabouthorror.co.uk\\\/wp-content\\\/uploads\\\/2021\\\/11\\\/nightmare_on_elm_street_christmas_tree_decoration.jpg\",\"contentUrl\":\"https:\\\/\\\/madabouthorror.co.uk\\\/wp-content\\\/uploads\\\/2021\\\/11\\\/nightmare_on_elm_street_christmas_tree_decoration.jpg\",\"width\":650,\"height\":650,\"caption\":\"Christmas Tree Decoration - Elm Street Sign\"},{\"@type\":\"BreadcrumbList\",\"@id\":\"https:\\\/\\\/madabouthorror.co.uk\\\/product\\\/christmas-tree-decoration-elm-street-sign\\\/#breadcrumb\",\"itemListElement\":[{\"@type\":\"ListItem\",\"position\":1,\"name\":\"Shop\",\"item\":\"https:\\\/\\\/madabouthorror.co.uk\\\/shop\\\/\"},{\"@type\":\"ListItem\",\"position\":2,\"name\":\"Christmas Tree Decoration &#8211; Elm Street Sign\"}]},{\"@type\":\"WebSite\",\"@id\":\"https:\\\/\\\/madabouthorror.co.uk\\\/#website\",\"url\":\"https:\\\/\\\/madabouthorror.co.uk\\\/\",\"name\":\"Mad About Horror\",\"description\":\"\",\"publisher\":{\"@id\":\"https:\\\/\\\/madabouthorror.co.uk\\\/#organization\"},\"alternateName\":\"Mad About Horror Limited\",\"potentialAction\":[{\"@type\":\"SearchAction\",\"target\":{\"@type\":\"EntryPoint\",\"urlTemplate\":\"https:\\\/\\\/madabouthorror.co.uk\\\/?s={search_term_string}\"},\"query-input\":{\"@type\":\"PropertyValueSpecification\",\"valueRequired\":true,\"valueName\":\"search_term_string\"}}],\"inLanguage\":\"fr-FR\"},{\"@type\":\"Organization\",\"@id\":\"https:\\\/\\\/madabouthorror.co.uk\\\/#organization\",\"name\":\"Mad About Horror\",\"url\":\"https:\\\/\\\/madabouthorror.co.uk\\\/\",\"logo\":{\"@type\":\"ImageObject\",\"inLanguage\":\"fr-FR\",\"@id\":\"https:\\\/\\\/madabouthorror.co.uk\\\/#\\\/schema\\\/logo\\\/image\\\/\",\"url\":\"https:\\\/\\\/madabouthorror.co.uk\\\/wp-content\\\/uploads\\\/2024\\\/02\\\/cropped-Logo.png\",\"contentUrl\":\"https:\\\/\\\/madabouthorror.co.uk\\\/wp-content\\\/uploads\\\/2024\\\/02\\\/cropped-Logo.png\",\"width\":240,\"height\":88,\"caption\":\"Mad About Horror\"},\"image\":{\"@id\":\"https:\\\/\\\/madabouthorror.co.uk\\\/#\\\/schema\\\/logo\\\/image\\\/\"},\"sameAs\":[\"https:\\\/\\\/www.facebook.com\\\/madabouthorror\\\/\",\"https:\\\/\\\/www.instagram.com\\\/madabouthorror\\\/\",\"https:\\\/\\\/www.pinterest.co.uk\\\/madabouthorror\\\/\",\"https:\\\/\\\/www.youtube.com\\\/channel\\\/UCBooLOIxjoQ89dj6T5lWm_w\",\"https:\\\/\\\/www.tiktok.com\\\/@weremadabouthorror\"]}]}<\/script>\n<!-- \/ Yoast SEO plugin. -->","yoast_head_json":{"title":"D\u00e9coration de l'arbre de No\u00ebl - Elm Street Sign","description":"D\u00e9corations de sapin de No\u00ebl sur le th\u00e8me de l'horreur. Vaste gamme d'accessoires, de masques et d'accessoires d'horreur de qualit\u00e9 professionnelle. Achetez aupr\u00e8s du plus grand sp\u00e9cialiste de l'horreur et de l'Halloween au Royaume-Uni et en Europe.","robots":{"index":"index","follow":"follow","max-snippet":"max-snippet:-1","max-image-preview":"max-image-preview:large","max-video-preview":"max-video-preview:-1"},"canonical":"https:\/\/madabouthorror.co.uk\/fr\/product\/christmas-tree-decoration-elm-street-sign\/","og_locale":"fr_FR","og_type":"article","og_title":"Christmas Tree Decoration - Elm Street Sign","og_description":"Horror themed Christmas Tree Decorations. Huge range of professional quality horror props, masks and accessories. Buy from the UK & Europe's leading horror and Halloween specialist.","og_url":"https:\/\/madabouthorror.co.uk\/fr\/product\/christmas-tree-decoration-elm-street-sign\/","og_site_name":"Mad About Horror","article_publisher":"https:\/\/www.facebook.com\/madabouthorror\/","article_modified_time":"2026-04-05T18:16:01+00:00","og_image":[{"width":650,"height":650,"url":"https:\/\/madabouthorror.co.uk\/wp-content\/uploads\/2021\/11\/nightmare_on_elm_street_christmas_tree_decoration.jpg","type":"image\/jpeg"}],"twitter_card":"summary_large_image","twitter_misc":{"Dur\u00e9e de lecture estim\u00e9e":"1 minute"},"schema":{"@context":"https:\/\/schema.org","@graph":[{"@type":["WebPage","ItemPage"],"@id":"https:\/\/madabouthorror.co.uk\/product\/christmas-tree-decoration-elm-street-sign\/","url":"https:\/\/madabouthorror.co.uk\/product\/christmas-tree-decoration-elm-street-sign\/","name":"D\u00e9coration de l'arbre de No\u00ebl - Elm Street Sign","isPartOf":{"@id":"https:\/\/madabouthorror.co.uk\/#website"},"primaryImageOfPage":{"@id":"https:\/\/madabouthorror.co.uk\/product\/christmas-tree-decoration-elm-street-sign\/#primaryimage"},"image":{"@id":"https:\/\/madabouthorror.co.uk\/product\/christmas-tree-decoration-elm-street-sign\/#primaryimage"},"thumbnailUrl":"https:\/\/madabouthorror.co.uk\/wp-content\/uploads\/2021\/11\/nightmare_on_elm_street_christmas_tree_decoration.jpg","datePublished":"2021-11-25T16:00:45+00:00","dateModified":"2026-04-05T18:16:01+00:00","description":"D\u00e9corations de sapin de No\u00ebl sur le th\u00e8me de l'horreur. Vaste gamme d'accessoires, de masques et d'accessoires d'horreur de qualit\u00e9 professionnelle. Achetez aupr\u00e8s du plus grand sp\u00e9cialiste de l'horreur et de l'Halloween au Royaume-Uni et en Europe.","breadcrumb":{"@id":"https:\/\/madabouthorror.co.uk\/product\/christmas-tree-decoration-elm-street-sign\/#breadcrumb"},"inLanguage":"fr-FR","potentialAction":[{"@type":"ReadAction","target":["https:\/\/madabouthorror.co.uk\/product\/christmas-tree-decoration-elm-street-sign\/"]}]},{"@type":"ImageObject","inLanguage":"fr-FR","@id":"https:\/\/madabouthorror.co.uk\/product\/christmas-tree-decoration-elm-street-sign\/#primaryimage","url":"https:\/\/madabouthorror.co.uk\/wp-content\/uploads\/2021\/11\/nightmare_on_elm_street_christmas_tree_decoration.jpg","contentUrl":"https:\/\/madabouthorror.co.uk\/wp-content\/uploads\/2021\/11\/nightmare_on_elm_street_christmas_tree_decoration.jpg","width":650,"height":650,"caption":"Christmas Tree Decoration - Elm Street Sign"},{"@type":"BreadcrumbList","@id":"https:\/\/madabouthorror.co.uk\/product\/christmas-tree-decoration-elm-street-sign\/#breadcrumb","itemListElement":[{"@type":"ListItem","position":1,"name":"Shop","item":"https:\/\/madabouthorror.co.uk\/shop\/"},{"@type":"ListItem","position":2,"name":"Christmas Tree Decoration &#8211; Elm Street Sign"}]},{"@type":"WebSite","@id":"https:\/\/madabouthorror.co.uk\/#website","url":"https:\/\/madabouthorror.co.uk\/","name":"L'horreur en folie","description":"","publisher":{"@id":"https:\/\/madabouthorror.co.uk\/#organization"},"alternateName":"Mad About Horror Limited","potentialAction":[{"@type":"SearchAction","target":{"@type":"EntryPoint","urlTemplate":"https:\/\/madabouthorror.co.uk\/?s={search_term_string}"},"query-input":{"@type":"PropertyValueSpecification","valueRequired":true,"valueName":"search_term_string"}}],"inLanguage":"fr-FR"},{"@type":"Organization","@id":"https:\/\/madabouthorror.co.uk\/#organization","name":"L'horreur en folie","url":"https:\/\/madabouthorror.co.uk\/","logo":{"@type":"ImageObject","inLanguage":"fr-FR","@id":"https:\/\/madabouthorror.co.uk\/#\/schema\/logo\/image\/","url":"https:\/\/madabouthorror.co.uk\/wp-content\/uploads\/2024\/02\/cropped-Logo.png","contentUrl":"https:\/\/madabouthorror.co.uk\/wp-content\/uploads\/2024\/02\/cropped-Logo.png","width":240,"height":88,"caption":"Mad About Horror"},"image":{"@id":"https:\/\/madabouthorror.co.uk\/#\/schema\/logo\/image\/"},"sameAs":["https:\/\/www.facebook.com\/madabouthorror\/","https:\/\/www.instagram.com\/madabouthorror\/","https:\/\/www.pinterest.co.uk\/madabouthorror\/","https:\/\/www.youtube.com\/channel\/UCBooLOIxjoQ89dj6T5lWm_w","https:\/\/www.tiktok.com\/@weremadabouthorror"]}]}},"df_price":4.63,"df_sale_price":4.63,"df_regular_price":9.33,"df_image_link":"https:\/\/madabouthorror.co.uk\/wp-content\/uploads\/2021\/11\/nightmare_on_elm_street_christmas_tree_decoration-300x300.jpg","_links":{"self":[{"href":"https:\/\/madabouthorror.co.uk\/fr\/wp-json\/wp\/v2\/product\/51023","targetHints":{"allow":["GET"]}}],"collection":[{"href":"https:\/\/madabouthorror.co.uk\/fr\/wp-json\/wp\/v2\/product"}],"about":[{"href":"https:\/\/madabouthorror.co.uk\/fr\/wp-json\/wp\/v2\/types\/product"}],"replies":[{"embeddable":true,"href":"https:\/\/madabouthorror.co.uk\/fr\/wp-json\/wp\/v2\/comments?post=51023"}],"wp:featuredmedia":[{"embeddable":true,"href":"https:\/\/madabouthorror.co.uk\/fr\/wp-json\/wp\/v2\/media\/51022"}],"wp:attachment":[{"href":"https:\/\/madabouthorror.co.uk\/fr\/wp-json\/wp\/v2\/media?parent=51023"}],"wp:term":[{"taxonomy":"product_brand","embeddable":true,"href":"https:\/\/madabouthorror.co.uk\/fr\/wp-json\/wp\/v2\/product_brand?post=51023"},{"taxonomy":"product_cat","embeddable":true,"href":"https:\/\/madabouthorror.co.uk\/fr\/wp-json\/wp\/v2\/product_cat?post=51023"},{"taxonomy":"product_tag","embeddable":true,"href":"https:\/\/madabouthorror.co.uk\/fr\/wp-json\/wp\/v2\/product_tag?post=51023"}],"curies":[{"name":"wp","href":"https:\/\/api.w.org\/{rel}","templated":true}]}}