{"id":514598,"date":"2024-11-14T12:33:27","date_gmt":"2024-11-14T12:33:27","guid":{"rendered":"https:\/\/madabouthorror.co.uk\/?post_type=product&#038;p=514598"},"modified":"2026-03-09T12:39:27","modified_gmt":"2026-03-09T12:39:27","slug":"6ft-darth-vader-christmas-animatronic","status":"publish","type":"product","link":"https:\/\/madabouthorror.co.uk\/fr\/product\/6ft-darth-vader-christmas-animatronic\/","title":{"rendered":"Animatronic Dark Vador de 6 pieds pour Halloween et No\u00ebl"},"content":{"rendered":"<div class=\"sui-flex sui-flex-col sui-gap-2\">\n<div class=\"sui-flex sui-flex-col sui-gap-2\">\n<p>Le Dark Vador\u2122 anim\u00e9 \u00e0 DEL de 1,83 m est arriv\u00e9 chez Home Depot pour mettre de l'ordre dans votre quartier. Frayez-vous un chemin dans le c\u0153ur et l'esprit de vos invit\u00e9s lorsque Vador brandit n\u00e9gligemment son sabre laser \u00e0 DEL lumineux. Attention aux passants, Dark Vador\u2122 peut utiliser la Force pour vous d\u00e9tecter gr\u00e2ce \u00e0 son activation par d\u00e9tecteur de mouvement. Les sons classiques de Dark Vador\u2122 vous feront basculer du c\u00f4t\u00e9 obscur en un rien de temps. Il comprend un sabre laser rouge et une \u00c9toile de la mort en citrouille pour Halloween, ainsi qu'un sabre laser en canne \u00e0 sucre et une \u00c9toile de la mort orn\u00e9e pour No\u00ebl. Il est parfait pour tous les fans d'Halloween, des f\u00eates ou de Star Wars.<\/p>\n<\/div>\n<div>\n<h3 class=\"sui-h3-bold sui-line-clamp-unset sui-font-normal sui-text-primary\">Faits saillants<\/h3>\n<ul class=\"sui-w-full sui-list-disc sui-px-6 sui-flex sui-flex-col sui-gap-2 sui-mt-2\" data-testid=\"bullet-list\">\n<li data-testid=\"bullet-list-item\">Int\u00e9rieur<\/li>\n<li data-testid=\"bullet-list-item\">Les servomoteurs r\u00e9alistes offrent des mouvements qui raviront les invit\u00e9s<\/li>\n<li data-testid=\"bullet-list-item\">Bruits classiques de Dark Vador \u2122<\/li>\n<li data-testid=\"bullet-list-item\">Sabre laser et citrouille lumineuse interchangeables pour Halloween<\/li>\n<li data-testid=\"bullet-list-item\">Adaptateur secteur enfichable inclus<\/li>\n<li data-testid=\"bullet-list-item\">Ajoute la touche festive parfaite \u00e0 votre espace int\u00e9rieur<\/li>\n<li data-testid=\"bullet-list-item\">Article sous licence<\/li>\n<li class=\"!sui-p-0 sui-text-base sui-leading-normal sui-font-regular\">6 pi. Dark Vador\u2122 \u00e0 DEL propose 3 mouvements : t\u00eate, bras et sabre laser<\/li>\n<li class=\"!sui-p-0 sui-text-base sui-leading-normal sui-font-regular\">Parle 3 phrases diff\u00e9rentes avec effets sonores<\/li>\n<li class=\"!sui-p-0 sui-text-base sui-leading-normal sui-font-regular\">Panneau de commande lumineux et sabre laser<\/li>\n<\/ul>\n<\/div>\n<div class=\"sui-flex sui-flex-col sui-gap-2\">\n<div class=\"product-info-bar\" data-testid=\"productInfo\">\n<div class=\"sui-flex sui-text-base sui-flex-wrap sui-flex-col\" data-component=\"product-info-bar:ProductInfoBar:v5.2.5\">\n<p><b>Fourni avec un adaptateur secteur britannique<\/b>. <i>N'utilisez que l'adaptateur d'alimentation fourni, car les adaptateurs d'alimentation incorrects peuvent causer des dommages.<\/i><\/p>\n<div>\n<div><b>Pour le porche couvert ou l'int\u00e9rieur.<\/b> <i>Prot\u00e9ger des intemp\u00e9ries en cas d'utilisation \u00e0 l'ext\u00e9rieur et ne pas laisser \u00e0 l'ext\u00e9rieur pendant des p\u00e9riodes prolong\u00e9es.<\/i><\/div>\n<div><\/div>\n<div><b>A noter :<\/b><i> Ces accessoires ne sont pas recommand\u00e9s pour un usage commercial intensif, c'est-\u00e0-dire qu'ils ne doivent pas \u00eatre utilis\u00e9s pendant des p\u00e9riodes prolong\u00e9es, c'est-\u00e0-dire plusieurs jours d'affil\u00e9e. Ils sont con\u00e7us pour \u00eatre utilis\u00e9s \u00e0 l'occasion d'Halloween. Si vous avez des questions \u00e0 ce sujet, n'h\u00e9sitez pas \u00e0 les poser.<\/i><\/div>\n<\/div>\n<\/div>\n<\/div>\n<\/div>\n<\/div>","protected":false},"excerpt":{"rendered":"<p>Le Dark Vador\u2122 anim\u00e9 \u00e0 DEL de 1,83 m est arriv\u00e9 chez The Home Depot pour mettre de l'ordre dans votre quartier. Inspirez la peur dans le c\u0153ur et l'esprit de vos invit\u00e9s lorsque Vador agite son sabre laser \u00e0 DEL lumineux. M\u00e9fiez-vous, passants, Dark Vador\u2122 peut utiliser la Force pour vous d\u00e9tecter gr\u00e2ce \u00e0 son activation par d\u00e9tecteur de mouvement. [\u2026]<\/p>","protected":false},"featured_media":514611,"comment_status":"closed","ping_status":"closed","template":"","meta":{"_acf_changed":false},"product_brand":[],"product_cat":[9892,10068,10131,10149,10110,10093,10094,6547,6963,9841,6571,7054,9919,10106],"product_tag":[],"class_list":{"0":"post-514598","1":"product","2":"type-product","3":"status-publish","4":"has-post-thumbnail","6":"product_cat-christmas-animatronics","7":"product_cat-halloween-decorations-2025","8":"product_cat-halloween-gifts","9":"product_cat-sci-fi","10":"product_cat-us-imports","11":"product_cat-indoor-halloween-decorations","12":"product_cat-outdoor-halloween-decorations","13":"product_cat-decorations","14":"product_cat-animatronics","15":"product_cat-home-depot-animatronics","16":"product_cat-just-arrived","17":"product_cat-movie-tv-props","18":"product_cat-christmas","19":"product_cat-star-wars","20":"product_shipping_class-eu-bulky-prop","22":"first","23":"instock","24":"taxable","25":"shipping-taxable","26":"purchasable","27":"product-type-simple"},"supplier_id":527920,"supplier_sku":"1011000475","barcode":null,"atum_controlled":true,"out_stock_date":null,"out_stock_threshold":null,"inheritable":false,"inbound_stock":5,"stock_on_hold":0,"sold_today":0,"sales_last_days":0,"reserved_stock":0,"customer_returns":0,"warehouse_damage":0,"lost_in_post":0,"other_logs":0,"out_stock_days":0,"lost_sales":0,"has_location":false,"update_date":"2026-04-21T01:09:59","atum_locations":[],"atum_stock_status":"instock","restock_status":false,"low_stock_amount":"","sales_update_date":"2026-04-21T01:09:57","calc_backorders":null,"acf":[],"yoast_head":"<!-- This site is optimized with the Yoast SEO plugin v27.4 - https:\/\/yoast.com\/product\/yoast-seo-wordpress\/ -->\n<title>6ft Darth Vader Halloween &amp; Christmas Animatronic | Mad About Horror<\/title>\n<meta name=\"description\" content=\"Darth Vader Christmas Animatronic. Shop Horror collectibles and Halloween props. Europe&#039;s leading horror collectibles specialist. UK stock.\" \/>\n<meta name=\"robots\" content=\"index, follow, max-snippet:-1, max-image-preview:large, max-video-preview:-1\" \/>\n<link rel=\"canonical\" href=\"https:\/\/madabouthorror.co.uk\/fr\/product\/6ft-darth-vader-christmas-animatronic\/\" \/>\n<meta property=\"og:locale\" content=\"fr_FR\" \/>\n<meta property=\"og:type\" content=\"article\" \/>\n<meta property=\"og:title\" content=\"6ft Darth Vader Halloween &amp; Christmas Animatronic | Mad About Horror\" \/>\n<meta property=\"og:description\" content=\"Darth Vader Christmas Animatronic. Shop Horror collectibles and Halloween props. Europe&#039;s leading horror collectibles specialist. UK stock.\" \/>\n<meta property=\"og:url\" content=\"https:\/\/madabouthorror.co.uk\/fr\/product\/6ft-darth-vader-christmas-animatronic\/\" \/>\n<meta property=\"og:site_name\" content=\"Mad About Horror\" \/>\n<meta property=\"article:publisher\" content=\"https:\/\/www.facebook.com\/madabouthorror\/\" \/>\n<meta property=\"article:modified_time\" content=\"2026-03-09T12:39:27+00:00\" \/>\n<meta property=\"og:image\" content=\"https:\/\/madabouthorror.co.uk\/wp-content\/uploads\/2024\/11\/s-l1600-2.webp\" \/>\n\t<meta property=\"og:image:width\" content=\"600\" \/>\n\t<meta property=\"og:image:height\" content=\"600\" \/>\n\t<meta property=\"og:image:type\" content=\"image\/webp\" \/>\n<meta name=\"twitter:card\" content=\"summary_large_image\" \/>\n<meta name=\"twitter:label1\" content=\"Dur\u00e9e de lecture estim\u00e9e\" \/>\n\t<meta name=\"twitter:data1\" content=\"2 minutes\" \/>\n<script type=\"application\/ld+json\" class=\"yoast-schema-graph\">{\"@context\":\"https:\\\/\\\/schema.org\",\"@graph\":[{\"@type\":[\"WebPage\",\"ItemPage\"],\"@id\":\"https:\\\/\\\/madabouthorror.co.uk\\\/product\\\/6ft-darth-vader-christmas-animatronic\\\/\",\"url\":\"https:\\\/\\\/madabouthorror.co.uk\\\/product\\\/6ft-darth-vader-christmas-animatronic\\\/\",\"name\":\"6ft Darth Vader Halloween & Christmas Animatronic | Mad About Horror\",\"isPartOf\":{\"@id\":\"https:\\\/\\\/madabouthorror.co.uk\\\/#website\"},\"primaryImageOfPage\":{\"@id\":\"https:\\\/\\\/madabouthorror.co.uk\\\/product\\\/6ft-darth-vader-christmas-animatronic\\\/#primaryimage\"},\"image\":{\"@id\":\"https:\\\/\\\/madabouthorror.co.uk\\\/product\\\/6ft-darth-vader-christmas-animatronic\\\/#primaryimage\"},\"thumbnailUrl\":\"https:\\\/\\\/madabouthorror.co.uk\\\/wp-content\\\/uploads\\\/2024\\\/11\\\/s-l1600-2.webp\",\"datePublished\":\"2024-11-14T12:33:27+00:00\",\"dateModified\":\"2026-03-09T12:39:27+00:00\",\"description\":\"Darth Vader Christmas Animatronic. Shop Horror collectibles and Halloween props. Europe's leading horror collectibles specialist. UK stock.\",\"breadcrumb\":{\"@id\":\"https:\\\/\\\/madabouthorror.co.uk\\\/product\\\/6ft-darth-vader-christmas-animatronic\\\/#breadcrumb\"},\"inLanguage\":\"fr-FR\",\"potentialAction\":[{\"@type\":\"ReadAction\",\"target\":[\"https:\\\/\\\/madabouthorror.co.uk\\\/product\\\/6ft-darth-vader-christmas-animatronic\\\/\"]}]},{\"@type\":\"ImageObject\",\"inLanguage\":\"fr-FR\",\"@id\":\"https:\\\/\\\/madabouthorror.co.uk\\\/product\\\/6ft-darth-vader-christmas-animatronic\\\/#primaryimage\",\"url\":\"https:\\\/\\\/madabouthorror.co.uk\\\/wp-content\\\/uploads\\\/2024\\\/11\\\/s-l1600-2.webp\",\"contentUrl\":\"https:\\\/\\\/madabouthorror.co.uk\\\/wp-content\\\/uploads\\\/2024\\\/11\\\/s-l1600-2.webp\",\"width\":600,\"height\":600},{\"@type\":\"BreadcrumbList\",\"@id\":\"https:\\\/\\\/madabouthorror.co.uk\\\/product\\\/6ft-darth-vader-christmas-animatronic\\\/#breadcrumb\",\"itemListElement\":[{\"@type\":\"ListItem\",\"position\":1,\"name\":\"Shop\",\"item\":\"https:\\\/\\\/madabouthorror.co.uk\\\/shop\\\/\"},{\"@type\":\"ListItem\",\"position\":2,\"name\":\"6ft Darth Vader Halloween &#038; Christmas Animatronic\"}]},{\"@type\":\"WebSite\",\"@id\":\"https:\\\/\\\/madabouthorror.co.uk\\\/#website\",\"url\":\"https:\\\/\\\/madabouthorror.co.uk\\\/\",\"name\":\"Mad About Horror\",\"description\":\"\",\"publisher\":{\"@id\":\"https:\\\/\\\/madabouthorror.co.uk\\\/#organization\"},\"alternateName\":\"Mad About Horror Limited\",\"potentialAction\":[{\"@type\":\"SearchAction\",\"target\":{\"@type\":\"EntryPoint\",\"urlTemplate\":\"https:\\\/\\\/madabouthorror.co.uk\\\/?s={search_term_string}\"},\"query-input\":{\"@type\":\"PropertyValueSpecification\",\"valueRequired\":true,\"valueName\":\"search_term_string\"}}],\"inLanguage\":\"fr-FR\"},{\"@type\":\"Organization\",\"@id\":\"https:\\\/\\\/madabouthorror.co.uk\\\/#organization\",\"name\":\"Mad About Horror\",\"url\":\"https:\\\/\\\/madabouthorror.co.uk\\\/\",\"logo\":{\"@type\":\"ImageObject\",\"inLanguage\":\"fr-FR\",\"@id\":\"https:\\\/\\\/madabouthorror.co.uk\\\/#\\\/schema\\\/logo\\\/image\\\/\",\"url\":\"https:\\\/\\\/madabouthorror.co.uk\\\/wp-content\\\/uploads\\\/2024\\\/02\\\/cropped-Logo.png\",\"contentUrl\":\"https:\\\/\\\/madabouthorror.co.uk\\\/wp-content\\\/uploads\\\/2024\\\/02\\\/cropped-Logo.png\",\"width\":240,\"height\":88,\"caption\":\"Mad About Horror\"},\"image\":{\"@id\":\"https:\\\/\\\/madabouthorror.co.uk\\\/#\\\/schema\\\/logo\\\/image\\\/\"},\"sameAs\":[\"https:\\\/\\\/www.facebook.com\\\/madabouthorror\\\/\",\"https:\\\/\\\/www.instagram.com\\\/madabouthorror\\\/\",\"https:\\\/\\\/www.pinterest.co.uk\\\/madabouthorror\\\/\",\"https:\\\/\\\/www.youtube.com\\\/channel\\\/UCBooLOIxjoQ89dj6T5lWm_w\",\"https:\\\/\\\/www.tiktok.com\\\/@weremadabouthorror\"]}]}<\/script>\n<!-- \/ Yoast SEO plugin. -->","yoast_head_json":{"title":"Darth Vader Animatronique Halloween &amp; No\u00ebl 1m83 | Mad About Horror","description":"Animatronique de No\u00ebl Dark Vador. Achetez des objets de collection d'horreur et des accessoires d'Halloween. Le sp\u00e9cialiste europ\u00e9en des objets de collection d'horreur. Stock Royaume-Uni.","robots":{"index":"index","follow":"follow","max-snippet":"max-snippet:-1","max-image-preview":"max-image-preview:large","max-video-preview":"max-video-preview:-1"},"canonical":"https:\/\/madabouthorror.co.uk\/fr\/product\/6ft-darth-vader-christmas-animatronic\/","og_locale":"fr_FR","og_type":"article","og_title":"6ft Darth Vader Halloween & Christmas Animatronic | Mad About Horror","og_description":"Darth Vader Christmas Animatronic. Shop Horror collectibles and Halloween props. Europe's leading horror collectibles specialist. UK stock.","og_url":"https:\/\/madabouthorror.co.uk\/fr\/product\/6ft-darth-vader-christmas-animatronic\/","og_site_name":"Mad About Horror","article_publisher":"https:\/\/www.facebook.com\/madabouthorror\/","article_modified_time":"2026-03-09T12:39:27+00:00","og_image":[{"width":600,"height":600,"url":"https:\/\/madabouthorror.co.uk\/wp-content\/uploads\/2024\/11\/s-l1600-2.webp","type":"image\/webp"}],"twitter_card":"summary_large_image","twitter_misc":{"Dur\u00e9e de lecture estim\u00e9e":"2 minutes"},"schema":{"@context":"https:\/\/schema.org","@graph":[{"@type":["WebPage","ItemPage"],"@id":"https:\/\/madabouthorror.co.uk\/product\/6ft-darth-vader-christmas-animatronic\/","url":"https:\/\/madabouthorror.co.uk\/product\/6ft-darth-vader-christmas-animatronic\/","name":"Darth Vader Animatronique Halloween &amp; No\u00ebl 1m83 | Mad About Horror","isPartOf":{"@id":"https:\/\/madabouthorror.co.uk\/#website"},"primaryImageOfPage":{"@id":"https:\/\/madabouthorror.co.uk\/product\/6ft-darth-vader-christmas-animatronic\/#primaryimage"},"image":{"@id":"https:\/\/madabouthorror.co.uk\/product\/6ft-darth-vader-christmas-animatronic\/#primaryimage"},"thumbnailUrl":"https:\/\/madabouthorror.co.uk\/wp-content\/uploads\/2024\/11\/s-l1600-2.webp","datePublished":"2024-11-14T12:33:27+00:00","dateModified":"2026-03-09T12:39:27+00:00","description":"Animatronique de No\u00ebl Dark Vador. Achetez des objets de collection d'horreur et des accessoires d'Halloween. Le sp\u00e9cialiste europ\u00e9en des objets de collection d'horreur. Stock Royaume-Uni.","breadcrumb":{"@id":"https:\/\/madabouthorror.co.uk\/product\/6ft-darth-vader-christmas-animatronic\/#breadcrumb"},"inLanguage":"fr-FR","potentialAction":[{"@type":"ReadAction","target":["https:\/\/madabouthorror.co.uk\/product\/6ft-darth-vader-christmas-animatronic\/"]}]},{"@type":"ImageObject","inLanguage":"fr-FR","@id":"https:\/\/madabouthorror.co.uk\/product\/6ft-darth-vader-christmas-animatronic\/#primaryimage","url":"https:\/\/madabouthorror.co.uk\/wp-content\/uploads\/2024\/11\/s-l1600-2.webp","contentUrl":"https:\/\/madabouthorror.co.uk\/wp-content\/uploads\/2024\/11\/s-l1600-2.webp","width":600,"height":600},{"@type":"BreadcrumbList","@id":"https:\/\/madabouthorror.co.uk\/product\/6ft-darth-vader-christmas-animatronic\/#breadcrumb","itemListElement":[{"@type":"ListItem","position":1,"name":"Shop","item":"https:\/\/madabouthorror.co.uk\/shop\/"},{"@type":"ListItem","position":2,"name":"6ft Darth Vader Halloween &#038; Christmas Animatronic"}]},{"@type":"WebSite","@id":"https:\/\/madabouthorror.co.uk\/#website","url":"https:\/\/madabouthorror.co.uk\/","name":"L'horreur en folie","description":"","publisher":{"@id":"https:\/\/madabouthorror.co.uk\/#organization"},"alternateName":"Mad About Horror Limited","potentialAction":[{"@type":"SearchAction","target":{"@type":"EntryPoint","urlTemplate":"https:\/\/madabouthorror.co.uk\/?s={search_term_string}"},"query-input":{"@type":"PropertyValueSpecification","valueRequired":true,"valueName":"search_term_string"}}],"inLanguage":"fr-FR"},{"@type":"Organization","@id":"https:\/\/madabouthorror.co.uk\/#organization","name":"L'horreur en folie","url":"https:\/\/madabouthorror.co.uk\/","logo":{"@type":"ImageObject","inLanguage":"fr-FR","@id":"https:\/\/madabouthorror.co.uk\/#\/schema\/logo\/image\/","url":"https:\/\/madabouthorror.co.uk\/wp-content\/uploads\/2024\/02\/cropped-Logo.png","contentUrl":"https:\/\/madabouthorror.co.uk\/wp-content\/uploads\/2024\/02\/cropped-Logo.png","width":240,"height":88,"caption":"Mad About Horror"},"image":{"@id":"https:\/\/madabouthorror.co.uk\/#\/schema\/logo\/image\/"},"sameAs":["https:\/\/www.facebook.com\/madabouthorror\/","https:\/\/www.instagram.com\/madabouthorror\/","https:\/\/www.pinterest.co.uk\/madabouthorror\/","https:\/\/www.youtube.com\/channel\/UCBooLOIxjoQ89dj6T5lWm_w","https:\/\/www.tiktok.com\/@weremadabouthorror"]}]}},"df_price":624.95,"df_sale_price":"","df_regular_price":624.95,"df_image_link":"https:\/\/madabouthorror.co.uk\/wp-content\/uploads\/2024\/11\/s-l1600-2-300x300.webp","_links":{"self":[{"href":"https:\/\/madabouthorror.co.uk\/fr\/wp-json\/wp\/v2\/product\/514598","targetHints":{"allow":["GET"]}}],"collection":[{"href":"https:\/\/madabouthorror.co.uk\/fr\/wp-json\/wp\/v2\/product"}],"about":[{"href":"https:\/\/madabouthorror.co.uk\/fr\/wp-json\/wp\/v2\/types\/product"}],"replies":[{"embeddable":true,"href":"https:\/\/madabouthorror.co.uk\/fr\/wp-json\/wp\/v2\/comments?post=514598"}],"wp:featuredmedia":[{"embeddable":true,"href":"https:\/\/madabouthorror.co.uk\/fr\/wp-json\/wp\/v2\/media\/514611"}],"wp:attachment":[{"href":"https:\/\/madabouthorror.co.uk\/fr\/wp-json\/wp\/v2\/media?parent=514598"}],"wp:term":[{"taxonomy":"product_brand","embeddable":true,"href":"https:\/\/madabouthorror.co.uk\/fr\/wp-json\/wp\/v2\/product_brand?post=514598"},{"taxonomy":"product_cat","embeddable":true,"href":"https:\/\/madabouthorror.co.uk\/fr\/wp-json\/wp\/v2\/product_cat?post=514598"},{"taxonomy":"product_tag","embeddable":true,"href":"https:\/\/madabouthorror.co.uk\/fr\/wp-json\/wp\/v2\/product_tag?post=514598"}],"curies":[{"name":"wp","href":"https:\/\/api.w.org\/{rel}","templated":true}]}}