{"id":518955,"date":"2024-12-16T14:54:40","date_gmt":"2024-12-16T14:54:40","guid":{"rendered":"https:\/\/madabouthorror.co.uk\/?post_type=product&#038;p=518955"},"modified":"2026-04-03T19:05:21","modified_gmt":"2026-04-03T18:05:21","slug":"m3gan-11-replica-life-size-m3gan-doll","status":"publish","type":"product","link":"https:\/\/madabouthorror.co.uk\/fr\/product\/m3gan-11-replica-life-size-m3gan-doll\/","title":{"rendered":"NECA M3gan 1:1 Replica Life Size Doll (Poup\u00e9e grandeur nature)"},"content":{"rendered":"<p>Pr\u00e9sentation de la poup\u00e9e M3gan NECA sous licence officielle \u00e0 l'\u00e9chelle 1:1, une r\u00e9plique grandeur nature enti\u00e8rement articul\u00e9e de la poup\u00e9e robot embl\u00e9matique du film \u00e0 succ\u00e8s. <em>M3GAN<\/em>. Le Mod\u00e8le 3 Android G\u00e9n\u00e9ratif (M3GAN) a \u00e9t\u00e9 cr\u00e9\u00e9 pour \u00eatre l'alli\u00e9 parfait d'un parent et le meilleur ami d'un enfant... mais une poup\u00e9e consciente d'elle-m\u00eame peut avoir des cons\u00e9quences gla\u00e7antes.<\/p>\n<p>Cette r\u00e9plique \u00e0 l'\u00e9chelle 1:1 est m\u00e9ticuleusement fabriqu\u00e9e \u00e0 partir des fichiers num\u00e9riques r\u00e9els utilis\u00e9s dans le film, offrant la version la plus fid\u00e8le \u00e0 l'\u00e9cran disponible. Elle est dot\u00e9e d'une armature interne articul\u00e9e, d'yeux mobiles et de cheveux synth\u00e9tiques correspondant pr\u00e9cis\u00e9ment aux \u00e9chantillons utilis\u00e9s dans le film. La tenue de M3GAN, cr\u00e9\u00e9e \u00e0 partir des patrons utilis\u00e9s dans le film, comprend une robe enti\u00e8rement doubl\u00e9e, deux manches ray\u00e9es, un n\u0153ud papillon, des sous-v\u00eatements, un collant et des chaussures. Le tissu de la robe correspond parfaitement \u00e0 un \u00e9chantillon du costume du film, tandis que les chaussures sont personnalis\u00e9es pour reproduire les d\u00e9tails \u00e0 l'\u00e9cran.<\/p>\n<p>D'une taille d'environ 55 pouces, cette r\u00e9plique d'une pr\u00e9cision \u00e9poustouflante sera un ajout inoubliable \u00e0 toute collection, ou \u00e0 toute famille !<\/p>\n<p>Consultez notre gamme compl\u00e8te de <a href=\"https:\/\/madabouthorror.co.uk\/fr\/c\/movie\/m3gan\/\">Poup\u00e9es et objets de collection M3gan<\/a>.<\/p>","protected":false},"excerpt":{"rendered":"<p>Voici la poup\u00e9e M3gan NECA sous licence officielle \u00e0 l'\u00e9chelle 1:1, une r\u00e9plique grandeur nature enti\u00e8rement articul\u00e9e de la poup\u00e9e robot embl\u00e9matique du film \u00e0 succ\u00e8s M3GAN. Le Model 3 Generative Android (M3GAN) a \u00e9t\u00e9 cr\u00e9\u00e9 pour \u00eatre l'alli\u00e9 parfait d'un parent et le meilleur ami d'un enfant... mais une poup\u00e9e consciente avec sa propre volont\u00e9 peut avoir des cons\u00e9quences gla\u00e7antes [...]<\/p>","protected":false},"featured_media":518962,"comment_status":"closed","ping_status":"closed","template":"","meta":{"_acf_changed":false},"product_brand":[],"product_cat":[10149,10093,9946,6537,10107,6547,6728,6536,6780,6793,10042],"product_tag":[],"class_list":{"0":"post-518955","1":"product","2":"type-product","3":"status-publish","4":"has-post-thumbnail","6":"product_cat-sci-fi","7":"product_cat-indoor-halloween-decorations","8":"product_cat-replica-dolls","9":"product_cat-collectibles","10":"product_cat-licensed-halloween-decorations","11":"product_cat-decorations","12":"product_cat-premium","13":"product_cat-shop-by-category","14":"product_cat-brand","15":"product_cat-neca","16":"product_cat-m3gan","17":"product_shipping_class-bulky","19":"first","20":"outofstock","21":"taxable","22":"shipping-taxable","23":"purchasable","24":"product-type-simple"},"supplier_id":467442,"supplier_sku":"19354","barcode":"634482000000","atum_controlled":true,"out_stock_date":"2026-03-24 12:25:40","out_stock_threshold":null,"inheritable":false,"inbound_stock":0,"stock_on_hold":0,"sold_today":0,"sales_last_days":0,"reserved_stock":0,"customer_returns":0,"warehouse_damage":0,"lost_in_post":0,"other_logs":0,"out_stock_days":42,"lost_sales":9599,"has_location":false,"update_date":"2026-05-06T01:28:20","atum_locations":[],"atum_stock_status":"outofstock","restock_status":false,"low_stock_amount":2,"sales_update_date":"2026-05-06T01:28:18","calc_backorders":null,"acf":[],"yoast_head":"<!-- This site is optimized with the Yoast SEO plugin v27.5 - https:\/\/yoast.com\/product\/yoast-seo-wordpress\/ -->\n<title>NECA M3gan 1:1 Replica Life Size Doll | Mad About Horror<\/title>\n<meta name=\"description\" content=\"Officially Licensed M3gan doll. Shop Horror collectibles and Halloween propsPRE-ORDER now available in the UK from Mad About Horror.\" \/>\n<meta name=\"robots\" content=\"index, follow, max-snippet:-1, max-image-preview:large, max-video-preview:-1\" \/>\n<link rel=\"canonical\" href=\"https:\/\/madabouthorror.co.uk\/fr\/product\/m3gan-11-replica-life-size-m3gan-doll\/\" \/>\n<meta property=\"og:locale\" content=\"fr_FR\" \/>\n<meta property=\"og:type\" content=\"article\" \/>\n<meta property=\"og:title\" content=\"NECA M3gan 1:1 Replica Life Size Doll | Mad About Horror\" \/>\n<meta property=\"og:description\" content=\"Officially Licensed M3gan doll. Shop Horror collectibles and Halloween propsPRE-ORDER now available in the UK from Mad About Horror.\" \/>\n<meta property=\"og:url\" content=\"https:\/\/madabouthorror.co.uk\/fr\/product\/m3gan-11-replica-life-size-m3gan-doll\/\" \/>\n<meta property=\"og:site_name\" content=\"Mad About Horror\" \/>\n<meta property=\"article:publisher\" content=\"https:\/\/www.facebook.com\/madabouthorror\/\" \/>\n<meta property=\"article:modified_time\" content=\"2026-04-03T18:05:21+00:00\" \/>\n<meta property=\"og:image\" content=\"https:\/\/madabouthorror.co.uk\/wp-content\/uploads\/2024\/12\/Untitled-2.jpg\" \/>\n\t<meta property=\"og:image:width\" content=\"1772\" \/>\n\t<meta property=\"og:image:height\" content=\"1772\" \/>\n\t<meta property=\"og:image:type\" content=\"image\/jpeg\" \/>\n<meta name=\"twitter:card\" content=\"summary_large_image\" \/>\n<meta name=\"twitter:label1\" content=\"Dur\u00e9e de lecture estim\u00e9e\" \/>\n\t<meta name=\"twitter:data1\" content=\"1 minute\" \/>\n<script type=\"application\/ld+json\" class=\"yoast-schema-graph\">{\"@context\":\"https:\\\/\\\/schema.org\",\"@graph\":[{\"@type\":[\"WebPage\",\"ItemPage\"],\"@id\":\"https:\\\/\\\/madabouthorror.co.uk\\\/product\\\/m3gan-11-replica-life-size-m3gan-doll\\\/\",\"url\":\"https:\\\/\\\/madabouthorror.co.uk\\\/product\\\/m3gan-11-replica-life-size-m3gan-doll\\\/\",\"name\":\"NECA M3gan 1:1 Replica Life Size Doll | Mad About Horror\",\"isPartOf\":{\"@id\":\"https:\\\/\\\/madabouthorror.co.uk\\\/#website\"},\"primaryImageOfPage\":{\"@id\":\"https:\\\/\\\/madabouthorror.co.uk\\\/product\\\/m3gan-11-replica-life-size-m3gan-doll\\\/#primaryimage\"},\"image\":{\"@id\":\"https:\\\/\\\/madabouthorror.co.uk\\\/product\\\/m3gan-11-replica-life-size-m3gan-doll\\\/#primaryimage\"},\"thumbnailUrl\":\"https:\\\/\\\/madabouthorror.co.uk\\\/wp-content\\\/uploads\\\/2024\\\/12\\\/Untitled-2.jpg\",\"datePublished\":\"2024-12-16T14:54:40+00:00\",\"dateModified\":\"2026-04-03T18:05:21+00:00\",\"description\":\"Officially Licensed M3gan doll. Shop Horror collectibles and Halloween propsPRE-ORDER now available in the UK from Mad About Horror.\",\"breadcrumb\":{\"@id\":\"https:\\\/\\\/madabouthorror.co.uk\\\/product\\\/m3gan-11-replica-life-size-m3gan-doll\\\/#breadcrumb\"},\"inLanguage\":\"fr-FR\",\"potentialAction\":[{\"@type\":\"ReadAction\",\"target\":[\"https:\\\/\\\/madabouthorror.co.uk\\\/product\\\/m3gan-11-replica-life-size-m3gan-doll\\\/\"]}]},{\"@type\":\"ImageObject\",\"inLanguage\":\"fr-FR\",\"@id\":\"https:\\\/\\\/madabouthorror.co.uk\\\/product\\\/m3gan-11-replica-life-size-m3gan-doll\\\/#primaryimage\",\"url\":\"https:\\\/\\\/madabouthorror.co.uk\\\/wp-content\\\/uploads\\\/2024\\\/12\\\/Untitled-2.jpg\",\"contentUrl\":\"https:\\\/\\\/madabouthorror.co.uk\\\/wp-content\\\/uploads\\\/2024\\\/12\\\/Untitled-2.jpg\",\"width\":1772,\"height\":1772,\"caption\":\"1:1 Replica M3gan Doll\"},{\"@type\":\"BreadcrumbList\",\"@id\":\"https:\\\/\\\/madabouthorror.co.uk\\\/product\\\/m3gan-11-replica-life-size-m3gan-doll\\\/#breadcrumb\",\"itemListElement\":[{\"@type\":\"ListItem\",\"position\":1,\"name\":\"Shop\",\"item\":\"https:\\\/\\\/madabouthorror.co.uk\\\/shop\\\/\"},{\"@type\":\"ListItem\",\"position\":2,\"name\":\"NECA M3gan 1:1 Replica Life Size Doll\"}]},{\"@type\":\"WebSite\",\"@id\":\"https:\\\/\\\/madabouthorror.co.uk\\\/#website\",\"url\":\"https:\\\/\\\/madabouthorror.co.uk\\\/\",\"name\":\"Mad About Horror\",\"description\":\"\",\"publisher\":{\"@id\":\"https:\\\/\\\/madabouthorror.co.uk\\\/#organization\"},\"alternateName\":\"Mad About Horror Limited\",\"potentialAction\":[{\"@type\":\"SearchAction\",\"target\":{\"@type\":\"EntryPoint\",\"urlTemplate\":\"https:\\\/\\\/madabouthorror.co.uk\\\/?s={search_term_string}\"},\"query-input\":{\"@type\":\"PropertyValueSpecification\",\"valueRequired\":true,\"valueName\":\"search_term_string\"}}],\"inLanguage\":\"fr-FR\"},{\"@type\":\"Organization\",\"@id\":\"https:\\\/\\\/madabouthorror.co.uk\\\/#organization\",\"name\":\"Mad About Horror\",\"url\":\"https:\\\/\\\/madabouthorror.co.uk\\\/\",\"logo\":{\"@type\":\"ImageObject\",\"inLanguage\":\"fr-FR\",\"@id\":\"https:\\\/\\\/madabouthorror.co.uk\\\/#\\\/schema\\\/logo\\\/image\\\/\",\"url\":\"https:\\\/\\\/madabouthorror.co.uk\\\/wp-content\\\/uploads\\\/2024\\\/02\\\/cropped-Logo.png\",\"contentUrl\":\"https:\\\/\\\/madabouthorror.co.uk\\\/wp-content\\\/uploads\\\/2024\\\/02\\\/cropped-Logo.png\",\"width\":240,\"height\":88,\"caption\":\"Mad About Horror\"},\"image\":{\"@id\":\"https:\\\/\\\/madabouthorror.co.uk\\\/#\\\/schema\\\/logo\\\/image\\\/\"},\"sameAs\":[\"https:\\\/\\\/www.facebook.com\\\/madabouthorror\\\/\",\"https:\\\/\\\/www.instagram.com\\\/madabouthorror\\\/\",\"https:\\\/\\\/www.pinterest.co.uk\\\/madabouthorror\\\/\",\"https:\\\/\\\/www.youtube.com\\\/channel\\\/UCBooLOIxjoQ89dj6T5lWm_w\",\"https:\\\/\\\/www.tiktok.com\\\/@weremadabouthorror\"]}]}<\/script>\n<!-- \/ Yoast SEO plugin. -->","yoast_head_json":{"title":"Figurine taille r\u00e9elle M3gan 1:1 | Mad About Horror","description":"Poup\u00e9e M3gan sous licence officielle. Achetez des objets de collection d'horreur et des accessoires d'Halloween. PR\u00c9COMMANDE disponible d\u00e8s maintenant au Royaume-Uni chez Mad About Horror.","robots":{"index":"index","follow":"follow","max-snippet":"max-snippet:-1","max-image-preview":"max-image-preview:large","max-video-preview":"max-video-preview:-1"},"canonical":"https:\/\/madabouthorror.co.uk\/fr\/product\/m3gan-11-replica-life-size-m3gan-doll\/","og_locale":"fr_FR","og_type":"article","og_title":"NECA M3gan 1:1 Replica Life Size Doll | Mad About Horror","og_description":"Officially Licensed M3gan doll. Shop Horror collectibles and Halloween propsPRE-ORDER now available in the UK from Mad About Horror.","og_url":"https:\/\/madabouthorror.co.uk\/fr\/product\/m3gan-11-replica-life-size-m3gan-doll\/","og_site_name":"Mad About Horror","article_publisher":"https:\/\/www.facebook.com\/madabouthorror\/","article_modified_time":"2026-04-03T18:05:21+00:00","og_image":[{"width":1772,"height":1772,"url":"https:\/\/madabouthorror.co.uk\/wp-content\/uploads\/2024\/12\/Untitled-2.jpg","type":"image\/jpeg"}],"twitter_card":"summary_large_image","twitter_misc":{"Dur\u00e9e de lecture estim\u00e9e":"1 minute"},"schema":{"@context":"https:\/\/schema.org","@graph":[{"@type":["WebPage","ItemPage"],"@id":"https:\/\/madabouthorror.co.uk\/product\/m3gan-11-replica-life-size-m3gan-doll\/","url":"https:\/\/madabouthorror.co.uk\/product\/m3gan-11-replica-life-size-m3gan-doll\/","name":"Figurine taille r\u00e9elle M3gan 1:1 | Mad About Horror","isPartOf":{"@id":"https:\/\/madabouthorror.co.uk\/#website"},"primaryImageOfPage":{"@id":"https:\/\/madabouthorror.co.uk\/product\/m3gan-11-replica-life-size-m3gan-doll\/#primaryimage"},"image":{"@id":"https:\/\/madabouthorror.co.uk\/product\/m3gan-11-replica-life-size-m3gan-doll\/#primaryimage"},"thumbnailUrl":"https:\/\/madabouthorror.co.uk\/wp-content\/uploads\/2024\/12\/Untitled-2.jpg","datePublished":"2024-12-16T14:54:40+00:00","dateModified":"2026-04-03T18:05:21+00:00","description":"Poup\u00e9e M3gan sous licence officielle. Achetez des objets de collection d'horreur et des accessoires d'Halloween. PR\u00c9COMMANDE disponible d\u00e8s maintenant au Royaume-Uni chez Mad About Horror.","breadcrumb":{"@id":"https:\/\/madabouthorror.co.uk\/product\/m3gan-11-replica-life-size-m3gan-doll\/#breadcrumb"},"inLanguage":"fr-FR","potentialAction":[{"@type":"ReadAction","target":["https:\/\/madabouthorror.co.uk\/product\/m3gan-11-replica-life-size-m3gan-doll\/"]}]},{"@type":"ImageObject","inLanguage":"fr-FR","@id":"https:\/\/madabouthorror.co.uk\/product\/m3gan-11-replica-life-size-m3gan-doll\/#primaryimage","url":"https:\/\/madabouthorror.co.uk\/wp-content\/uploads\/2024\/12\/Untitled-2.jpg","contentUrl":"https:\/\/madabouthorror.co.uk\/wp-content\/uploads\/2024\/12\/Untitled-2.jpg","width":1772,"height":1772,"caption":"1:1 Replica M3gan Doll"},{"@type":"BreadcrumbList","@id":"https:\/\/madabouthorror.co.uk\/product\/m3gan-11-replica-life-size-m3gan-doll\/#breadcrumb","itemListElement":[{"@type":"ListItem","position":1,"name":"Shop","item":"https:\/\/madabouthorror.co.uk\/shop\/"},{"@type":"ListItem","position":2,"name":"NECA M3gan 1:1 Replica Life Size Doll"}]},{"@type":"WebSite","@id":"https:\/\/madabouthorror.co.uk\/#website","url":"https:\/\/madabouthorror.co.uk\/","name":"L'horreur en folie","description":"","publisher":{"@id":"https:\/\/madabouthorror.co.uk\/#organization"},"alternateName":"Mad About Horror Limited","potentialAction":[{"@type":"SearchAction","target":{"@type":"EntryPoint","urlTemplate":"https:\/\/madabouthorror.co.uk\/?s={search_term_string}"},"query-input":{"@type":"PropertyValueSpecification","valueRequired":true,"valueName":"search_term_string"}}],"inLanguage":"fr-FR"},{"@type":"Organization","@id":"https:\/\/madabouthorror.co.uk\/#organization","name":"L'horreur en folie","url":"https:\/\/madabouthorror.co.uk\/","logo":{"@type":"ImageObject","inLanguage":"fr-FR","@id":"https:\/\/madabouthorror.co.uk\/#\/schema\/logo\/image\/","url":"https:\/\/madabouthorror.co.uk\/wp-content\/uploads\/2024\/02\/cropped-Logo.png","contentUrl":"https:\/\/madabouthorror.co.uk\/wp-content\/uploads\/2024\/02\/cropped-Logo.png","width":240,"height":88,"caption":"Mad About Horror"},"image":{"@id":"https:\/\/madabouthorror.co.uk\/#\/schema\/logo\/image\/"},"sameAs":["https:\/\/www.facebook.com\/madabouthorror\/","https:\/\/www.instagram.com\/madabouthorror\/","https:\/\/www.pinterest.co.uk\/madabouthorror\/","https:\/\/www.youtube.com\/channel\/UCBooLOIxjoQ89dj6T5lWm_w","https:\/\/www.tiktok.com\/@weremadabouthorror"]}]}},"df_price":799.95,"df_sale_price":"","df_regular_price":799.95,"df_image_link":"https:\/\/madabouthorror.co.uk\/wp-content\/uploads\/2024\/12\/Untitled-2-300x300.jpg","_links":{"self":[{"href":"https:\/\/madabouthorror.co.uk\/fr\/wp-json\/wp\/v2\/product\/518955","targetHints":{"allow":["GET"]}}],"collection":[{"href":"https:\/\/madabouthorror.co.uk\/fr\/wp-json\/wp\/v2\/product"}],"about":[{"href":"https:\/\/madabouthorror.co.uk\/fr\/wp-json\/wp\/v2\/types\/product"}],"replies":[{"embeddable":true,"href":"https:\/\/madabouthorror.co.uk\/fr\/wp-json\/wp\/v2\/comments?post=518955"}],"wp:featuredmedia":[{"embeddable":true,"href":"https:\/\/madabouthorror.co.uk\/fr\/wp-json\/wp\/v2\/media\/518962"}],"wp:attachment":[{"href":"https:\/\/madabouthorror.co.uk\/fr\/wp-json\/wp\/v2\/media?parent=518955"}],"wp:term":[{"taxonomy":"product_brand","embeddable":true,"href":"https:\/\/madabouthorror.co.uk\/fr\/wp-json\/wp\/v2\/product_brand?post=518955"},{"taxonomy":"product_cat","embeddable":true,"href":"https:\/\/madabouthorror.co.uk\/fr\/wp-json\/wp\/v2\/product_cat?post=518955"},{"taxonomy":"product_tag","embeddable":true,"href":"https:\/\/madabouthorror.co.uk\/fr\/wp-json\/wp\/v2\/product_tag?post=518955"}],"curies":[{"name":"wp","href":"https:\/\/api.w.org\/{rel}","templated":true}]}}