{"id":51904,"date":"2022-01-19T10:59:57","date_gmt":"2022-01-19T10:59:57","guid":{"rendered":"https:\/\/mah.6bdv.ws\/product\/guy-flesh-mask\/"},"modified":"2025-09-03T12:58:29","modified_gmt":"2025-09-03T11:58:29","slug":"guy-flesh-mask","status":"publish","type":"product","link":"https:\/\/madabouthorror.co.uk\/fr\/product\/guy-flesh-mask\/","title":{"rendered":"Masque d'homme - Chair"},"content":{"rendered":"<h4>Masque de chair de Guy<\/h4>\n<p>Mal \u00e0 l'aise dans votre peau ? Essayez ceci.<\/p>\n<p>Chaque masque est fabriqu\u00e9 \u00e0 la main en latex RD-407, le latex industriel le plus fiable et le plus durable qui soit. Les masques sont peints dans les moindres d\u00e9tails et sont suffisamment r\u00e9sistants pour survivre \u00e0 n'importe quelle saison de hantise ou d'\u00e9pouvante.<\/p>\n<p>Avec sangle r\u00e9glable<\/p>\n<p>Taille unique<\/p>","protected":false},"excerpt":{"rendered":"<p>Masque de chair Guy Mal \u00e0 l'aise dans votre peau ? Essayez-le pour voir. Chaque masque est fabriqu\u00e9 \u00e0 la main en latex RD-407, le latex industriel le plus fiable et le plus durable qui soit. Peint dans les moindres d\u00e9tails, il est suffisamment solide pour survivre \u00e0 n'importe quelle hantise ou saison d'\u00e9pouvante. Avec sangle r\u00e9glable. Taille unique.<\/p>","protected":false},"featured_media":51901,"comment_status":"closed","ping_status":"closed","template":"","meta":{"_acf_changed":false},"product_brand":[],"product_cat":[6542,7096,6541,7098,7101,6543,6824],"product_tag":[],"class_list":{"0":"post-51904","1":"product","2":"type-product","3":"status-publish","4":"has-post-thumbnail","6":"product_cat-premium-masks","7":"product_cat-dystopia-anarchy","8":"product_cat-masks","9":"product_cat-butchers-shop","10":"product_cat-hillbilly","11":"product_cat-professional","12":"product_cat-professional-masks","13":"pa_brand-other","14":"pa_character-other","15":"pa_google_tax-e4-clothingaccessoriescostume","16":"pa_material-containslatex","18":"first","19":"outofstock","20":"taxable","21":"shipping-taxable","22":"purchasable","23":"product-type-simple"},"supplier_id":467896,"supplier_sku":"","barcode":"","atum_controlled":true,"out_stock_date":"2025-09-03 12:58:30","out_stock_threshold":null,"inheritable":false,"inbound_stock":0,"stock_on_hold":0,"sold_today":0,"sales_last_days":0,"reserved_stock":0,"customer_returns":0,"warehouse_damage":0,"lost_in_post":0,"other_logs":0,"out_stock_days":220,"lost_sales":5026,"has_location":false,"update_date":"2026-04-12T00:25:35","atum_locations":[],"atum_stock_status":"outofstock","restock_status":false,"low_stock_amount":"","sales_update_date":"2026-04-12T00:25:33","calc_backorders":null,"acf":[],"yoast_head":"<!-- This site is optimized with the Yoast SEO plugin v27.3 - https:\/\/yoast.com\/product\/yoast-seo-wordpress\/ -->\n<title>Guy Flesh Mask | Deluxe Mask | Mad About Horror<\/title>\n<meta name=\"description\" content=\"Skinned face mask - perfect for scare actors. Shipped from the UK by Mad About Horror. Call 01482 935936\" \/>\n<meta name=\"robots\" content=\"index, follow, max-snippet:-1, max-image-preview:large, max-video-preview:-1\" \/>\n<link rel=\"canonical\" href=\"https:\/\/madabouthorror.co.uk\/fr\/product\/guy-flesh-mask\/\" \/>\n<meta property=\"og:locale\" content=\"fr_FR\" \/>\n<meta property=\"og:type\" content=\"article\" \/>\n<meta property=\"og:title\" content=\"Guy Flesh Mask | Deluxe Mask | Mad About Horror\" \/>\n<meta property=\"og:description\" content=\"Skinned face mask - perfect for scare actors. Shipped from the UK by Mad About Horror. Call 01482 935936\" \/>\n<meta property=\"og:url\" content=\"https:\/\/madabouthorror.co.uk\/fr\/product\/guy-flesh-mask\/\" \/>\n<meta property=\"og:site_name\" content=\"Mad About Horror\" \/>\n<meta property=\"article:publisher\" content=\"https:\/\/www.facebook.com\/madabouthorror\/\" \/>\n<meta property=\"article:modified_time\" content=\"2025-09-03T11:58:29+00:00\" \/>\n<meta property=\"og:image\" content=\"https:\/\/madabouthorror.co.uk\/wp-content\/uploads\/2022\/01\/inferno_effects_guy_flesh_mask_1.jpg\" \/>\n\t<meta property=\"og:image:width\" content=\"670\" \/>\n\t<meta property=\"og:image:height\" content=\"670\" \/>\n\t<meta property=\"og:image:type\" content=\"image\/jpeg\" \/>\n<meta name=\"twitter:card\" content=\"summary_large_image\" \/>\n<meta name=\"twitter:label1\" content=\"Dur\u00e9e de lecture estim\u00e9e\" \/>\n\t<meta name=\"twitter:data1\" content=\"1 minute\" \/>\n<script type=\"application\/ld+json\" class=\"yoast-schema-graph\">{\"@context\":\"https:\\\/\\\/schema.org\",\"@graph\":[{\"@type\":[\"WebPage\",\"ItemPage\"],\"@id\":\"https:\\\/\\\/madabouthorror.co.uk\\\/product\\\/guy-flesh-mask\\\/\",\"url\":\"https:\\\/\\\/madabouthorror.co.uk\\\/product\\\/guy-flesh-mask\\\/\",\"name\":\"Guy Flesh Mask | Deluxe Mask | Mad About Horror\",\"isPartOf\":{\"@id\":\"https:\\\/\\\/madabouthorror.co.uk\\\/#website\"},\"primaryImageOfPage\":{\"@id\":\"https:\\\/\\\/madabouthorror.co.uk\\\/product\\\/guy-flesh-mask\\\/#primaryimage\"},\"image\":{\"@id\":\"https:\\\/\\\/madabouthorror.co.uk\\\/product\\\/guy-flesh-mask\\\/#primaryimage\"},\"thumbnailUrl\":\"https:\\\/\\\/madabouthorror.co.uk\\\/wp-content\\\/uploads\\\/2022\\\/01\\\/inferno_effects_guy_flesh_mask_1.jpg\",\"datePublished\":\"2022-01-19T10:59:57+00:00\",\"dateModified\":\"2025-09-03T11:58:29+00:00\",\"description\":\"Skinned face mask - perfect for scare actors. Shipped from the UK by Mad About Horror. Call 01482 935936\",\"breadcrumb\":{\"@id\":\"https:\\\/\\\/madabouthorror.co.uk\\\/product\\\/guy-flesh-mask\\\/#breadcrumb\"},\"inLanguage\":\"fr-FR\",\"potentialAction\":[{\"@type\":\"ReadAction\",\"target\":[\"https:\\\/\\\/madabouthorror.co.uk\\\/product\\\/guy-flesh-mask\\\/\"]}]},{\"@type\":\"ImageObject\",\"inLanguage\":\"fr-FR\",\"@id\":\"https:\\\/\\\/madabouthorror.co.uk\\\/product\\\/guy-flesh-mask\\\/#primaryimage\",\"url\":\"https:\\\/\\\/madabouthorror.co.uk\\\/wp-content\\\/uploads\\\/2022\\\/01\\\/inferno_effects_guy_flesh_mask_1.jpg\",\"contentUrl\":\"https:\\\/\\\/madabouthorror.co.uk\\\/wp-content\\\/uploads\\\/2022\\\/01\\\/inferno_effects_guy_flesh_mask_1.jpg\",\"width\":670,\"height\":670,\"caption\":\"Guy Flesh Mask\"},{\"@type\":\"BreadcrumbList\",\"@id\":\"https:\\\/\\\/madabouthorror.co.uk\\\/product\\\/guy-flesh-mask\\\/#breadcrumb\",\"itemListElement\":[{\"@type\":\"ListItem\",\"position\":1,\"name\":\"Shop\",\"item\":\"https:\\\/\\\/madabouthorror.co.uk\\\/shop\\\/\"},{\"@type\":\"ListItem\",\"position\":2,\"name\":\"Guy Mask \u2013 Flesh\"}]},{\"@type\":\"WebSite\",\"@id\":\"https:\\\/\\\/madabouthorror.co.uk\\\/#website\",\"url\":\"https:\\\/\\\/madabouthorror.co.uk\\\/\",\"name\":\"Mad About Horror\",\"description\":\"\",\"publisher\":{\"@id\":\"https:\\\/\\\/madabouthorror.co.uk\\\/#organization\"},\"alternateName\":\"Mad About Horror Limited\",\"potentialAction\":[{\"@type\":\"SearchAction\",\"target\":{\"@type\":\"EntryPoint\",\"urlTemplate\":\"https:\\\/\\\/madabouthorror.co.uk\\\/?s={search_term_string}\"},\"query-input\":{\"@type\":\"PropertyValueSpecification\",\"valueRequired\":true,\"valueName\":\"search_term_string\"}}],\"inLanguage\":\"fr-FR\"},{\"@type\":\"Organization\",\"@id\":\"https:\\\/\\\/madabouthorror.co.uk\\\/#organization\",\"name\":\"Mad About Horror\",\"url\":\"https:\\\/\\\/madabouthorror.co.uk\\\/\",\"logo\":{\"@type\":\"ImageObject\",\"inLanguage\":\"fr-FR\",\"@id\":\"https:\\\/\\\/madabouthorror.co.uk\\\/#\\\/schema\\\/logo\\\/image\\\/\",\"url\":\"https:\\\/\\\/madabouthorror.co.uk\\\/wp-content\\\/uploads\\\/2024\\\/02\\\/cropped-Logo.png\",\"contentUrl\":\"https:\\\/\\\/madabouthorror.co.uk\\\/wp-content\\\/uploads\\\/2024\\\/02\\\/cropped-Logo.png\",\"width\":240,\"height\":88,\"caption\":\"Mad About Horror\"},\"image\":{\"@id\":\"https:\\\/\\\/madabouthorror.co.uk\\\/#\\\/schema\\\/logo\\\/image\\\/\"},\"sameAs\":[\"https:\\\/\\\/www.facebook.com\\\/madabouthorror\\\/\",\"https:\\\/\\\/www.instagram.com\\\/madabouthorror\\\/\",\"https:\\\/\\\/www.pinterest.co.uk\\\/madabouthorror\\\/\",\"https:\\\/\\\/www.youtube.com\\\/channel\\\/UCBooLOIxjoQ89dj6T5lWm_w\",\"https:\\\/\\\/www.tiktok.com\\\/@weremadabouthorror\"]}]}<\/script>\n<!-- \/ Yoast SEO plugin. -->","yoast_head_json":{"title":"Masque de chair de Guy | Masque de luxe | Mad About Horror","description":"Masque de visage \u00e9corch\u00e9 - parfait pour les acteurs d'\u00e9pouvante. Exp\u00e9di\u00e9 depuis le Royaume-Uni par Mad About Horror. Appelez le 01482 935936","robots":{"index":"index","follow":"follow","max-snippet":"max-snippet:-1","max-image-preview":"max-image-preview:large","max-video-preview":"max-video-preview:-1"},"canonical":"https:\/\/madabouthorror.co.uk\/fr\/product\/guy-flesh-mask\/","og_locale":"fr_FR","og_type":"article","og_title":"Guy Flesh Mask | Deluxe Mask | Mad About Horror","og_description":"Skinned face mask - perfect for scare actors. Shipped from the UK by Mad About Horror. Call 01482 935936","og_url":"https:\/\/madabouthorror.co.uk\/fr\/product\/guy-flesh-mask\/","og_site_name":"Mad About Horror","article_publisher":"https:\/\/www.facebook.com\/madabouthorror\/","article_modified_time":"2025-09-03T11:58:29+00:00","og_image":[{"width":670,"height":670,"url":"https:\/\/madabouthorror.co.uk\/wp-content\/uploads\/2022\/01\/inferno_effects_guy_flesh_mask_1.jpg","type":"image\/jpeg"}],"twitter_card":"summary_large_image","twitter_misc":{"Dur\u00e9e de lecture estim\u00e9e":"1 minute"},"schema":{"@context":"https:\/\/schema.org","@graph":[{"@type":["WebPage","ItemPage"],"@id":"https:\/\/madabouthorror.co.uk\/product\/guy-flesh-mask\/","url":"https:\/\/madabouthorror.co.uk\/product\/guy-flesh-mask\/","name":"Masque de chair de Guy | Masque de luxe | Mad About Horror","isPartOf":{"@id":"https:\/\/madabouthorror.co.uk\/#website"},"primaryImageOfPage":{"@id":"https:\/\/madabouthorror.co.uk\/product\/guy-flesh-mask\/#primaryimage"},"image":{"@id":"https:\/\/madabouthorror.co.uk\/product\/guy-flesh-mask\/#primaryimage"},"thumbnailUrl":"https:\/\/madabouthorror.co.uk\/wp-content\/uploads\/2022\/01\/inferno_effects_guy_flesh_mask_1.jpg","datePublished":"2022-01-19T10:59:57+00:00","dateModified":"2025-09-03T11:58:29+00:00","description":"Masque de visage \u00e9corch\u00e9 - parfait pour les acteurs d'\u00e9pouvante. Exp\u00e9di\u00e9 depuis le Royaume-Uni par Mad About Horror. Appelez le 01482 935936","breadcrumb":{"@id":"https:\/\/madabouthorror.co.uk\/product\/guy-flesh-mask\/#breadcrumb"},"inLanguage":"fr-FR","potentialAction":[{"@type":"ReadAction","target":["https:\/\/madabouthorror.co.uk\/product\/guy-flesh-mask\/"]}]},{"@type":"ImageObject","inLanguage":"fr-FR","@id":"https:\/\/madabouthorror.co.uk\/product\/guy-flesh-mask\/#primaryimage","url":"https:\/\/madabouthorror.co.uk\/wp-content\/uploads\/2022\/01\/inferno_effects_guy_flesh_mask_1.jpg","contentUrl":"https:\/\/madabouthorror.co.uk\/wp-content\/uploads\/2022\/01\/inferno_effects_guy_flesh_mask_1.jpg","width":670,"height":670,"caption":"Guy Flesh Mask"},{"@type":"BreadcrumbList","@id":"https:\/\/madabouthorror.co.uk\/product\/guy-flesh-mask\/#breadcrumb","itemListElement":[{"@type":"ListItem","position":1,"name":"Shop","item":"https:\/\/madabouthorror.co.uk\/shop\/"},{"@type":"ListItem","position":2,"name":"Guy Mask \u2013 Flesh"}]},{"@type":"WebSite","@id":"https:\/\/madabouthorror.co.uk\/#website","url":"https:\/\/madabouthorror.co.uk\/","name":"L'horreur en folie","description":"","publisher":{"@id":"https:\/\/madabouthorror.co.uk\/#organization"},"alternateName":"Mad About Horror Limited","potentialAction":[{"@type":"SearchAction","target":{"@type":"EntryPoint","urlTemplate":"https:\/\/madabouthorror.co.uk\/?s={search_term_string}"},"query-input":{"@type":"PropertyValueSpecification","valueRequired":true,"valueName":"search_term_string"}}],"inLanguage":"fr-FR"},{"@type":"Organization","@id":"https:\/\/madabouthorror.co.uk\/#organization","name":"L'horreur en folie","url":"https:\/\/madabouthorror.co.uk\/","logo":{"@type":"ImageObject","inLanguage":"fr-FR","@id":"https:\/\/madabouthorror.co.uk\/#\/schema\/logo\/image\/","url":"https:\/\/madabouthorror.co.uk\/wp-content\/uploads\/2024\/02\/cropped-Logo.png","contentUrl":"https:\/\/madabouthorror.co.uk\/wp-content\/uploads\/2024\/02\/cropped-Logo.png","width":240,"height":88,"caption":"Mad About Horror"},"image":{"@id":"https:\/\/madabouthorror.co.uk\/#\/schema\/logo\/image\/"},"sameAs":["https:\/\/www.facebook.com\/madabouthorror\/","https:\/\/www.instagram.com\/madabouthorror\/","https:\/\/www.pinterest.co.uk\/madabouthorror\/","https:\/\/www.youtube.com\/channel\/UCBooLOIxjoQ89dj6T5lWm_w","https:\/\/www.tiktok.com\/@weremadabouthorror"]}]}},"df_price":166.62,"df_sale_price":"","df_regular_price":166.62,"df_image_link":"https:\/\/madabouthorror.co.uk\/wp-content\/uploads\/2022\/01\/inferno_effects_guy_flesh_mask_1-300x300.jpg","_links":{"self":[{"href":"https:\/\/madabouthorror.co.uk\/fr\/wp-json\/wp\/v2\/product\/51904","targetHints":{"allow":["GET"]}}],"collection":[{"href":"https:\/\/madabouthorror.co.uk\/fr\/wp-json\/wp\/v2\/product"}],"about":[{"href":"https:\/\/madabouthorror.co.uk\/fr\/wp-json\/wp\/v2\/types\/product"}],"replies":[{"embeddable":true,"href":"https:\/\/madabouthorror.co.uk\/fr\/wp-json\/wp\/v2\/comments?post=51904"}],"wp:featuredmedia":[{"embeddable":true,"href":"https:\/\/madabouthorror.co.uk\/fr\/wp-json\/wp\/v2\/media\/51901"}],"wp:attachment":[{"href":"https:\/\/madabouthorror.co.uk\/fr\/wp-json\/wp\/v2\/media?parent=51904"}],"wp:term":[{"taxonomy":"product_brand","embeddable":true,"href":"https:\/\/madabouthorror.co.uk\/fr\/wp-json\/wp\/v2\/product_brand?post=51904"},{"taxonomy":"product_cat","embeddable":true,"href":"https:\/\/madabouthorror.co.uk\/fr\/wp-json\/wp\/v2\/product_cat?post=51904"},{"taxonomy":"product_tag","embeddable":true,"href":"https:\/\/madabouthorror.co.uk\/fr\/wp-json\/wp\/v2\/product_tag?post=51904"}],"curies":[{"name":"wp","href":"https:\/\/api.w.org\/{rel}","templated":true}]}}