{"id":519316,"date":"2024-12-18T14:38:42","date_gmt":"2024-12-18T14:38:42","guid":{"rendered":"https:\/\/madabouthorror.co.uk\/?post_type=product&#038;p=519316"},"modified":"2025-12-11T09:48:06","modified_gmt":"2025-12-11T09:48:06","slug":"ghostface-dash-dancer-bobble-head-collectible-figure","status":"publish","type":"product","link":"https:\/\/madabouthorror.co.uk\/fr\/product\/ghostface-dash-dancer-bobble-head-collectible-figure\/","title":{"rendered":"GhostFace Dash Dancer (Bobble Head) Figurine \u00e0 collectionner"},"content":{"rendered":"<p>Ajoutez une touche de terreur \u00e0 votre collection avec le Bobblehead Ghostface ! Cette figurine tr\u00e8s d\u00e9taill\u00e9e met en sc\u00e8ne le slasher masqu\u00e9 embl\u00e9matique du <em>Cri<\/em> franchise, complet avec son expression inqui\u00e9tante et son couteau embl\u00e9matique. Le design de la bobblehead apporte un \u00e9l\u00e9ment ludique mais gla\u00e7ant \u00e0 votre pr\u00e9sentoir, ce qui en fait un incontournable pour les fans d'horreur. Que vous soyez un ancien amateur <em>Cri<\/em> Que vous soyez un fanatique ou que vous aimiez simplement tout ce qui est effrayant, cette figurine GhostFace ne manquera pas de faire tourner les t\u00eates et de vous tenir en haleine.<\/p>\n<p><em>Remuez les choses dans votre collection avec la figurine \u00e0 t\u00eate vibrante GhostFace \u2013 o\u00f9 l'horreur rencontre le plaisir !<\/em><\/p>","protected":false},"excerpt":{"rendered":"<p>Ajoutez une touche de terreur \u00e0 votre collection avec la figurine \u00e0 t\u00eate branlante GhostFace ! Cette figurine tr\u00e8s d\u00e9taill\u00e9e met en sc\u00e8ne le tueur masqu\u00e9 embl\u00e9matique de la franchise Scream, avec son expression sinistre et son couteau caract\u00e9ristique. Le design \u00e0 t\u00eate branlante apporte un \u00e9l\u00e9ment ludique mais gla\u00e7ant \u00e0 votre \u00e9talage, ce qui en fait un incontournable pour les fans d'horreur. Que vous soyez un [\u2026]<\/p>","protected":false},"featured_media":519437,"comment_status":"closed","ping_status":"closed","template":"","meta":{"_acf_changed":false},"product_brand":[],"product_cat":[6538,10116,10039,10041,6537,7036,10038,6561,7040,6695],"product_tag":[],"class_list":{"0":"post-519316","1":"product","2":"type-product","3":"status-publish","4":"has-post-thumbnail","6":"product_cat-figures","7":"product_cat-halloween-ornaments","8":"product_cat-stocking-fillers","9":"product_cat-gifts-under-50","10":"product_cat-collectibles","11":"product_cat-ornaments","12":"product_cat-horror-gifts","13":"product_cat-homeware","14":"product_cat-ghostface","15":"product_cat-scream","16":"product_shipping_class-small-parcel-economy-3-5-business-days","18":"first","19":"outofstock","20":"taxable","21":"shipping-taxable","22":"purchasable","23":"product-type-simple"},"supplier_id":472744,"supplier_sku":"DD-GSF-STAB","barcode":"670711212513","atum_controlled":true,"out_stock_date":"2025-12-03 18:49:21","out_stock_threshold":null,"inheritable":false,"inbound_stock":0,"stock_on_hold":0,"sold_today":0,"sales_last_days":0,"reserved_stock":0,"customer_returns":0,"warehouse_damage":0,"lost_in_post":0,"other_logs":0,"out_stock_days":141,"lost_sales":2010,"has_location":false,"update_date":"2026-04-24T00:26:41","atum_locations":[],"atum_stock_status":"outofstock","restock_status":false,"low_stock_amount":"","sales_update_date":"2026-04-24T00:26:39","calc_backorders":null,"acf":[],"yoast_head":"<!-- This site is optimized with the Yoast SEO plugin v27.4 - https:\/\/yoast.com\/product\/yoast-seo-wordpress\/ -->\n<title>GhostFace Dash Dancer (Bobble Head) Collectible Figure | Mad About Horror<\/title>\n<meta name=\"description\" content=\"Officially licensed Ghostface Bobblehead. Shop Horror collectibles and Halloween props. Europe&#039;s leading horror collectibles specialist.\" \/>\n<meta name=\"robots\" content=\"index, follow, max-snippet:-1, max-image-preview:large, max-video-preview:-1\" \/>\n<link rel=\"canonical\" href=\"https:\/\/madabouthorror.co.uk\/fr\/product\/ghostface-dash-dancer-bobble-head-collectible-figure\/\" \/>\n<meta property=\"og:locale\" content=\"fr_FR\" \/>\n<meta property=\"og:type\" content=\"article\" \/>\n<meta property=\"og:title\" content=\"GhostFace Dash Dancer (Bobble Head) Collectible Figure | Mad About Horror\" \/>\n<meta property=\"og:description\" content=\"Officially licensed Ghostface Bobblehead. Shop Horror collectibles and Halloween props. Europe&#039;s leading horror collectibles specialist.\" \/>\n<meta property=\"og:url\" content=\"https:\/\/madabouthorror.co.uk\/fr\/product\/ghostface-dash-dancer-bobble-head-collectible-figure\/\" \/>\n<meta property=\"og:site_name\" content=\"Mad About Horror\" \/>\n<meta property=\"article:publisher\" content=\"https:\/\/www.facebook.com\/madabouthorror\/\" \/>\n<meta property=\"article:modified_time\" content=\"2025-12-11T09:48:06+00:00\" \/>\n<meta property=\"og:image\" content=\"https:\/\/madabouthorror.co.uk\/wp-content\/uploads\/2024\/12\/gf-bobblehead.jpg\" \/>\n\t<meta property=\"og:image:width\" content=\"1772\" \/>\n\t<meta property=\"og:image:height\" content=\"1772\" \/>\n\t<meta property=\"og:image:type\" content=\"image\/jpeg\" \/>\n<meta name=\"twitter:card\" content=\"summary_large_image\" \/>\n<meta name=\"twitter:label1\" content=\"Dur\u00e9e de lecture estim\u00e9e\" \/>\n\t<meta name=\"twitter:data1\" content=\"1 minute\" \/>\n<script type=\"application\/ld+json\" class=\"yoast-schema-graph\">{\"@context\":\"https:\\\/\\\/schema.org\",\"@graph\":[{\"@type\":[\"WebPage\",\"ItemPage\"],\"@id\":\"https:\\\/\\\/madabouthorror.co.uk\\\/product\\\/ghostface-dash-dancer-bobble-head-collectible-figure\\\/\",\"url\":\"https:\\\/\\\/madabouthorror.co.uk\\\/product\\\/ghostface-dash-dancer-bobble-head-collectible-figure\\\/\",\"name\":\"GhostFace Dash Dancer (Bobble Head) Collectible Figure | Mad About Horror\",\"isPartOf\":{\"@id\":\"https:\\\/\\\/madabouthorror.co.uk\\\/#website\"},\"primaryImageOfPage\":{\"@id\":\"https:\\\/\\\/madabouthorror.co.uk\\\/product\\\/ghostface-dash-dancer-bobble-head-collectible-figure\\\/#primaryimage\"},\"image\":{\"@id\":\"https:\\\/\\\/madabouthorror.co.uk\\\/product\\\/ghostface-dash-dancer-bobble-head-collectible-figure\\\/#primaryimage\"},\"thumbnailUrl\":\"https:\\\/\\\/madabouthorror.co.uk\\\/wp-content\\\/uploads\\\/2024\\\/12\\\/gf-bobblehead.jpg\",\"datePublished\":\"2024-12-18T14:38:42+00:00\",\"dateModified\":\"2025-12-11T09:48:06+00:00\",\"description\":\"Officially licensed Ghostface Bobblehead. Shop Horror collectibles and Halloween props. Europe's leading horror collectibles specialist.\",\"breadcrumb\":{\"@id\":\"https:\\\/\\\/madabouthorror.co.uk\\\/product\\\/ghostface-dash-dancer-bobble-head-collectible-figure\\\/#breadcrumb\"},\"inLanguage\":\"fr-FR\",\"potentialAction\":[{\"@type\":\"ReadAction\",\"target\":[\"https:\\\/\\\/madabouthorror.co.uk\\\/product\\\/ghostface-dash-dancer-bobble-head-collectible-figure\\\/\"]}]},{\"@type\":\"ImageObject\",\"inLanguage\":\"fr-FR\",\"@id\":\"https:\\\/\\\/madabouthorror.co.uk\\\/product\\\/ghostface-dash-dancer-bobble-head-collectible-figure\\\/#primaryimage\",\"url\":\"https:\\\/\\\/madabouthorror.co.uk\\\/wp-content\\\/uploads\\\/2024\\\/12\\\/gf-bobblehead.jpg\",\"contentUrl\":\"https:\\\/\\\/madabouthorror.co.uk\\\/wp-content\\\/uploads\\\/2024\\\/12\\\/gf-bobblehead.jpg\",\"width\":1772,\"height\":1772,\"caption\":\"Officially Licensed Ghostface Bobblehead\"},{\"@type\":\"BreadcrumbList\",\"@id\":\"https:\\\/\\\/madabouthorror.co.uk\\\/product\\\/ghostface-dash-dancer-bobble-head-collectible-figure\\\/#breadcrumb\",\"itemListElement\":[{\"@type\":\"ListItem\",\"position\":1,\"name\":\"Shop\",\"item\":\"https:\\\/\\\/madabouthorror.co.uk\\\/shop\\\/\"},{\"@type\":\"ListItem\",\"position\":2,\"name\":\"GhostFace Dash Dancer (Bobble Head) Collectible Figure\"}]},{\"@type\":\"WebSite\",\"@id\":\"https:\\\/\\\/madabouthorror.co.uk\\\/#website\",\"url\":\"https:\\\/\\\/madabouthorror.co.uk\\\/\",\"name\":\"Mad About Horror\",\"description\":\"\",\"publisher\":{\"@id\":\"https:\\\/\\\/madabouthorror.co.uk\\\/#organization\"},\"alternateName\":\"Mad About Horror Limited\",\"potentialAction\":[{\"@type\":\"SearchAction\",\"target\":{\"@type\":\"EntryPoint\",\"urlTemplate\":\"https:\\\/\\\/madabouthorror.co.uk\\\/?s={search_term_string}\"},\"query-input\":{\"@type\":\"PropertyValueSpecification\",\"valueRequired\":true,\"valueName\":\"search_term_string\"}}],\"inLanguage\":\"fr-FR\"},{\"@type\":\"Organization\",\"@id\":\"https:\\\/\\\/madabouthorror.co.uk\\\/#organization\",\"name\":\"Mad About Horror\",\"url\":\"https:\\\/\\\/madabouthorror.co.uk\\\/\",\"logo\":{\"@type\":\"ImageObject\",\"inLanguage\":\"fr-FR\",\"@id\":\"https:\\\/\\\/madabouthorror.co.uk\\\/#\\\/schema\\\/logo\\\/image\\\/\",\"url\":\"https:\\\/\\\/madabouthorror.co.uk\\\/wp-content\\\/uploads\\\/2024\\\/02\\\/cropped-Logo.png\",\"contentUrl\":\"https:\\\/\\\/madabouthorror.co.uk\\\/wp-content\\\/uploads\\\/2024\\\/02\\\/cropped-Logo.png\",\"width\":240,\"height\":88,\"caption\":\"Mad About Horror\"},\"image\":{\"@id\":\"https:\\\/\\\/madabouthorror.co.uk\\\/#\\\/schema\\\/logo\\\/image\\\/\"},\"sameAs\":[\"https:\\\/\\\/www.facebook.com\\\/madabouthorror\\\/\",\"https:\\\/\\\/www.instagram.com\\\/madabouthorror\\\/\",\"https:\\\/\\\/www.pinterest.co.uk\\\/madabouthorror\\\/\",\"https:\\\/\\\/www.youtube.com\\\/channel\\\/UCBooLOIxjoQ89dj6T5lWm_w\",\"https:\\\/\\\/www.tiktok.com\\\/@weremadabouthorror\"]}]}<\/script>\n<!-- \/ Yoast SEO plugin. -->","yoast_head_json":{"title":"Figurine \u00e0 secouer GhostFace Dash Dancer (\u00e0 t\u00eate mobile) | Mad About Horror","description":"Figurine officielle sous licence Ghostface \u00e0 t\u00eate branlante. Achetez des articles de collection d'horreur et des accessoires d'Halloween. Le sp\u00e9cialiste europ\u00e9en des articles de collection d'horreur.","robots":{"index":"index","follow":"follow","max-snippet":"max-snippet:-1","max-image-preview":"max-image-preview:large","max-video-preview":"max-video-preview:-1"},"canonical":"https:\/\/madabouthorror.co.uk\/fr\/product\/ghostface-dash-dancer-bobble-head-collectible-figure\/","og_locale":"fr_FR","og_type":"article","og_title":"GhostFace Dash Dancer (Bobble Head) Collectible Figure | Mad About Horror","og_description":"Officially licensed Ghostface Bobblehead. Shop Horror collectibles and Halloween props. Europe's leading horror collectibles specialist.","og_url":"https:\/\/madabouthorror.co.uk\/fr\/product\/ghostface-dash-dancer-bobble-head-collectible-figure\/","og_site_name":"Mad About Horror","article_publisher":"https:\/\/www.facebook.com\/madabouthorror\/","article_modified_time":"2025-12-11T09:48:06+00:00","og_image":[{"width":1772,"height":1772,"url":"https:\/\/madabouthorror.co.uk\/wp-content\/uploads\/2024\/12\/gf-bobblehead.jpg","type":"image\/jpeg"}],"twitter_card":"summary_large_image","twitter_misc":{"Dur\u00e9e de lecture estim\u00e9e":"1 minute"},"schema":{"@context":"https:\/\/schema.org","@graph":[{"@type":["WebPage","ItemPage"],"@id":"https:\/\/madabouthorror.co.uk\/product\/ghostface-dash-dancer-bobble-head-collectible-figure\/","url":"https:\/\/madabouthorror.co.uk\/product\/ghostface-dash-dancer-bobble-head-collectible-figure\/","name":"Figurine \u00e0 secouer GhostFace Dash Dancer (\u00e0 t\u00eate mobile) | Mad About Horror","isPartOf":{"@id":"https:\/\/madabouthorror.co.uk\/#website"},"primaryImageOfPage":{"@id":"https:\/\/madabouthorror.co.uk\/product\/ghostface-dash-dancer-bobble-head-collectible-figure\/#primaryimage"},"image":{"@id":"https:\/\/madabouthorror.co.uk\/product\/ghostface-dash-dancer-bobble-head-collectible-figure\/#primaryimage"},"thumbnailUrl":"https:\/\/madabouthorror.co.uk\/wp-content\/uploads\/2024\/12\/gf-bobblehead.jpg","datePublished":"2024-12-18T14:38:42+00:00","dateModified":"2025-12-11T09:48:06+00:00","description":"Figurine officielle sous licence Ghostface \u00e0 t\u00eate branlante. Achetez des articles de collection d'horreur et des accessoires d'Halloween. Le sp\u00e9cialiste europ\u00e9en des articles de collection d'horreur.","breadcrumb":{"@id":"https:\/\/madabouthorror.co.uk\/product\/ghostface-dash-dancer-bobble-head-collectible-figure\/#breadcrumb"},"inLanguage":"fr-FR","potentialAction":[{"@type":"ReadAction","target":["https:\/\/madabouthorror.co.uk\/product\/ghostface-dash-dancer-bobble-head-collectible-figure\/"]}]},{"@type":"ImageObject","inLanguage":"fr-FR","@id":"https:\/\/madabouthorror.co.uk\/product\/ghostface-dash-dancer-bobble-head-collectible-figure\/#primaryimage","url":"https:\/\/madabouthorror.co.uk\/wp-content\/uploads\/2024\/12\/gf-bobblehead.jpg","contentUrl":"https:\/\/madabouthorror.co.uk\/wp-content\/uploads\/2024\/12\/gf-bobblehead.jpg","width":1772,"height":1772,"caption":"Officially Licensed Ghostface Bobblehead"},{"@type":"BreadcrumbList","@id":"https:\/\/madabouthorror.co.uk\/product\/ghostface-dash-dancer-bobble-head-collectible-figure\/#breadcrumb","itemListElement":[{"@type":"ListItem","position":1,"name":"Shop","item":"https:\/\/madabouthorror.co.uk\/shop\/"},{"@type":"ListItem","position":2,"name":"GhostFace Dash Dancer (Bobble Head) Collectible Figure"}]},{"@type":"WebSite","@id":"https:\/\/madabouthorror.co.uk\/#website","url":"https:\/\/madabouthorror.co.uk\/","name":"L'horreur en folie","description":"","publisher":{"@id":"https:\/\/madabouthorror.co.uk\/#organization"},"alternateName":"Mad About Horror Limited","potentialAction":[{"@type":"SearchAction","target":{"@type":"EntryPoint","urlTemplate":"https:\/\/madabouthorror.co.uk\/?s={search_term_string}"},"query-input":{"@type":"PropertyValueSpecification","valueRequired":true,"valueName":"search_term_string"}}],"inLanguage":"fr-FR"},{"@type":"Organization","@id":"https:\/\/madabouthorror.co.uk\/#organization","name":"L'horreur en folie","url":"https:\/\/madabouthorror.co.uk\/","logo":{"@type":"ImageObject","inLanguage":"fr-FR","@id":"https:\/\/madabouthorror.co.uk\/#\/schema\/logo\/image\/","url":"https:\/\/madabouthorror.co.uk\/wp-content\/uploads\/2024\/02\/cropped-Logo.png","contentUrl":"https:\/\/madabouthorror.co.uk\/wp-content\/uploads\/2024\/02\/cropped-Logo.png","width":240,"height":88,"caption":"Mad About Horror"},"image":{"@id":"https:\/\/madabouthorror.co.uk\/#\/schema\/logo\/image\/"},"sameAs":["https:\/\/www.facebook.com\/madabouthorror\/","https:\/\/www.instagram.com\/madabouthorror\/","https:\/\/www.pinterest.co.uk\/madabouthorror\/","https:\/\/www.youtube.com\/channel\/UCBooLOIxjoQ89dj6T5lWm_w","https:\/\/www.tiktok.com\/@weremadabouthorror"]}]}},"df_price":25.99,"df_sale_price":"","df_regular_price":25.99,"df_image_link":"https:\/\/madabouthorror.co.uk\/wp-content\/uploads\/2024\/12\/gf-bobblehead-300x300.jpg","_links":{"self":[{"href":"https:\/\/madabouthorror.co.uk\/fr\/wp-json\/wp\/v2\/product\/519316","targetHints":{"allow":["GET"]}}],"collection":[{"href":"https:\/\/madabouthorror.co.uk\/fr\/wp-json\/wp\/v2\/product"}],"about":[{"href":"https:\/\/madabouthorror.co.uk\/fr\/wp-json\/wp\/v2\/types\/product"}],"replies":[{"embeddable":true,"href":"https:\/\/madabouthorror.co.uk\/fr\/wp-json\/wp\/v2\/comments?post=519316"}],"wp:featuredmedia":[{"embeddable":true,"href":"https:\/\/madabouthorror.co.uk\/fr\/wp-json\/wp\/v2\/media\/519437"}],"wp:attachment":[{"href":"https:\/\/madabouthorror.co.uk\/fr\/wp-json\/wp\/v2\/media?parent=519316"}],"wp:term":[{"taxonomy":"product_brand","embeddable":true,"href":"https:\/\/madabouthorror.co.uk\/fr\/wp-json\/wp\/v2\/product_brand?post=519316"},{"taxonomy":"product_cat","embeddable":true,"href":"https:\/\/madabouthorror.co.uk\/fr\/wp-json\/wp\/v2\/product_cat?post=519316"},{"taxonomy":"product_tag","embeddable":true,"href":"https:\/\/madabouthorror.co.uk\/fr\/wp-json\/wp\/v2\/product_tag?post=519316"}],"curies":[{"name":"wp","href":"https:\/\/api.w.org\/{rel}","templated":true}]}}