{"id":520890,"date":"2025-01-03T11:56:03","date_gmt":"2025-01-03T11:56:03","guid":{"rendered":"https:\/\/madabouthorror.co.uk\/?post_type=product&#038;p=520890"},"modified":"2026-04-01T00:26:58","modified_gmt":"2026-03-31T23:26:58","slug":"mondo-nightmare-vessels-halloween-2","status":"publish","type":"product","link":"https:\/\/madabouthorror.co.uk\/fr\/product\/mondo-nightmare-vessels-halloween-2\/","title":{"rendered":"Mondo Nightmare Vessels - Halloween 2 Michael Myers"},"content":{"rendered":"<p>Le cauchemar continue... Voici le vaisseau du cauchemar Mondo Halloween 2 !<\/p>\n<p>Le croque-mitaine revient avec le film de Mondo <em>Vaisseau du cauchemar<\/em> qui met en sc\u00e8ne des figurines articul\u00e9es en vinyle souple, enferm\u00e9es dans des contenants sculpt\u00e9s \u00e0 collectionner.<\/p>\n<p>Cette figurine de Michael Myers de qualit\u00e9 sup\u00e9rieure, log\u00e9e dans l'embl\u00e9matique citrouille \u00e0 t\u00eate de mort, comprend des portraits interchangeables et des armes inspir\u00e9es du classique d'Universal Pictures de 1981.<\/p>\n<p>Le navire mesure environ 9\u2033 de haut et la figurine 6\u2033.<\/p>\n<p><strong>Le produit comprend :<\/strong><\/p>\n<ul>\n<li>Vaisseau du cauchemar - Halloween 2 citrouille<\/li>\n<li>Figurine en vinyle souple Michael Myers<\/li>\n<li>T\u00eate ensanglant\u00e9e de Michael Myers<\/li>\n<li>Michael Myers T\u00eate de Ben Tramer<\/li>\n<li>Accessoire couteau Michael Myers<\/li>\n<\/ul>","protected":false},"excerpt":{"rendered":"<p>Le cauchemar continue... Voici le Mondo Halloween 2 Nightmare Vessel ! Le croque-mitaine est de retour avec la ligne Nightmare Vessel de Mondo, qui propose des figurines articul\u00e9es en vinyle souple enferm\u00e9es dans des contenants sculpt\u00e9s \u00e0 collectionner. Cet ensemble de figurines de Michael Myers, log\u00e9 dans l'embl\u00e9matique citrouille \u00e0 t\u00eate de mort, comprend des portraits interchangeables et des armes inspir\u00e9es du classique d'Universal Pictures de 1981. Le Vessel se tient debout [...]<\/p>","protected":false},"featured_media":520893,"comment_status":"closed","ping_status":"closed","template":"","meta":{"_acf_changed":false},"product_brand":[],"product_cat":[6538,10129,10130,6537,10038,6784,8802,10044,6660],"product_tag":[],"class_list":{"0":"post-520890","1":"product","2":"type-product","3":"status-publish","4":"has-post-thumbnail","6":"product_cat-figures","7":"product_cat-main-gift","8":"product_cat-top-50-gifts","9":"product_cat-collectibles","10":"product_cat-horror-gifts","11":"product_cat-michael-myers","12":"product_cat-sale","13":"product_cat-mondo","14":"product_cat-halloweenmichaelmyers","16":"first","17":"instock","18":"sale","19":"taxable","20":"shipping-taxable","21":"purchasable","22":"product-type-simple"},"supplier_id":520753,"supplier_sku":"s4","barcode":null,"atum_controlled":true,"out_stock_date":null,"out_stock_threshold":null,"inheritable":false,"inbound_stock":0,"stock_on_hold":0,"sold_today":0,"sales_last_days":4,"reserved_stock":0,"customer_returns":0,"warehouse_damage":0,"lost_in_post":0,"other_logs":0,"out_stock_days":0,"lost_sales":0,"has_location":false,"update_date":"2026-04-06T01:28:08","atum_locations":[],"atum_stock_status":"instock","restock_status":false,"low_stock_amount":"","sales_update_date":"2026-04-06T01:28:06","calc_backorders":null,"acf":[],"yoast_head":"<!-- This site is optimized with the Yoast SEO plugin v27.3 - https:\/\/yoast.com\/product\/yoast-seo-wordpress\/ -->\n<title>Mondo Nightmare Vessels - Halloween 2 Michael Myers | Mad About Horror<\/title>\n<meta name=\"description\" content=\"Officialy Licensed Mondo Halloween 2 Nightmare Vessel. Shop Horror collectibles and Halloween props. Europe&#039;s leading horror collectibles specialist.\" \/>\n<meta name=\"robots\" content=\"index, follow, max-snippet:-1, max-image-preview:large, max-video-preview:-1\" \/>\n<link rel=\"canonical\" href=\"https:\/\/madabouthorror.co.uk\/fr\/product\/mondo-nightmare-vessels-halloween-2\/\" \/>\n<meta property=\"og:locale\" content=\"fr_FR\" \/>\n<meta property=\"og:type\" content=\"article\" \/>\n<meta property=\"og:title\" content=\"Mondo Nightmare Vessels - Halloween 2 Michael Myers | Mad About Horror\" \/>\n<meta property=\"og:description\" content=\"Officialy Licensed Mondo Halloween 2 Nightmare Vessel. Shop Horror collectibles and Halloween props. Europe&#039;s leading horror collectibles specialist.\" \/>\n<meta property=\"og:url\" content=\"https:\/\/madabouthorror.co.uk\/fr\/product\/mondo-nightmare-vessels-halloween-2\/\" \/>\n<meta property=\"og:site_name\" content=\"Mad About Horror\" \/>\n<meta property=\"article:publisher\" content=\"https:\/\/www.facebook.com\/madabouthorror\/\" \/>\n<meta property=\"article:modified_time\" content=\"2026-03-31T23:26:58+00:00\" \/>\n<meta property=\"og:image\" content=\"https:\/\/madabouthorror.co.uk\/wp-content\/uploads\/2025\/01\/NightmareVessels_PP017_REG_becfeb91-a324-4439-8761-74901850388c.webp\" \/>\n\t<meta property=\"og:image:width\" content=\"570\" \/>\n\t<meta property=\"og:image:height\" content=\"570\" \/>\n\t<meta property=\"og:image:type\" content=\"image\/webp\" \/>\n<meta name=\"twitter:card\" content=\"summary_large_image\" \/>\n<meta name=\"twitter:label1\" content=\"Dur\u00e9e de lecture estim\u00e9e\" \/>\n\t<meta name=\"twitter:data1\" content=\"1 minute\" \/>\n<script type=\"application\/ld+json\" class=\"yoast-schema-graph\">{\"@context\":\"https:\\\/\\\/schema.org\",\"@graph\":[{\"@type\":[\"WebPage\",\"ItemPage\"],\"@id\":\"https:\\\/\\\/madabouthorror.co.uk\\\/product\\\/mondo-nightmare-vessels-halloween-2\\\/\",\"url\":\"https:\\\/\\\/madabouthorror.co.uk\\\/product\\\/mondo-nightmare-vessels-halloween-2\\\/\",\"name\":\"Mondo Nightmare Vessels - Halloween 2 Michael Myers | Mad About Horror\",\"isPartOf\":{\"@id\":\"https:\\\/\\\/madabouthorror.co.uk\\\/#website\"},\"primaryImageOfPage\":{\"@id\":\"https:\\\/\\\/madabouthorror.co.uk\\\/product\\\/mondo-nightmare-vessels-halloween-2\\\/#primaryimage\"},\"image\":{\"@id\":\"https:\\\/\\\/madabouthorror.co.uk\\\/product\\\/mondo-nightmare-vessels-halloween-2\\\/#primaryimage\"},\"thumbnailUrl\":\"https:\\\/\\\/madabouthorror.co.uk\\\/wp-content\\\/uploads\\\/2025\\\/01\\\/NightmareVessels_PP017_REG_becfeb91-a324-4439-8761-74901850388c.webp\",\"datePublished\":\"2025-01-03T11:56:03+00:00\",\"dateModified\":\"2026-03-31T23:26:58+00:00\",\"description\":\"Officialy Licensed Mondo Halloween 2 Nightmare Vessel. Shop Horror collectibles and Halloween props. Europe's leading horror collectibles specialist.\",\"breadcrumb\":{\"@id\":\"https:\\\/\\\/madabouthorror.co.uk\\\/product\\\/mondo-nightmare-vessels-halloween-2\\\/#breadcrumb\"},\"inLanguage\":\"fr-FR\",\"potentialAction\":[{\"@type\":\"ReadAction\",\"target\":[\"https:\\\/\\\/madabouthorror.co.uk\\\/product\\\/mondo-nightmare-vessels-halloween-2\\\/\"]}]},{\"@type\":\"ImageObject\",\"inLanguage\":\"fr-FR\",\"@id\":\"https:\\\/\\\/madabouthorror.co.uk\\\/product\\\/mondo-nightmare-vessels-halloween-2\\\/#primaryimage\",\"url\":\"https:\\\/\\\/madabouthorror.co.uk\\\/wp-content\\\/uploads\\\/2025\\\/01\\\/NightmareVessels_PP017_REG_becfeb91-a324-4439-8761-74901850388c.webp\",\"contentUrl\":\"https:\\\/\\\/madabouthorror.co.uk\\\/wp-content\\\/uploads\\\/2025\\\/01\\\/NightmareVessels_PP017_REG_becfeb91-a324-4439-8761-74901850388c.webp\",\"width\":570,\"height\":570,\"caption\":\"Halloween 2 Nightmare Vessel\"},{\"@type\":\"BreadcrumbList\",\"@id\":\"https:\\\/\\\/madabouthorror.co.uk\\\/product\\\/mondo-nightmare-vessels-halloween-2\\\/#breadcrumb\",\"itemListElement\":[{\"@type\":\"ListItem\",\"position\":1,\"name\":\"Shop\",\"item\":\"https:\\\/\\\/madabouthorror.co.uk\\\/shop\\\/\"},{\"@type\":\"ListItem\",\"position\":2,\"name\":\"Mondo Nightmare Vessels &#8211; Halloween 2 Michael Myers\"}]},{\"@type\":\"WebSite\",\"@id\":\"https:\\\/\\\/madabouthorror.co.uk\\\/#website\",\"url\":\"https:\\\/\\\/madabouthorror.co.uk\\\/\",\"name\":\"Mad About Horror\",\"description\":\"\",\"publisher\":{\"@id\":\"https:\\\/\\\/madabouthorror.co.uk\\\/#organization\"},\"alternateName\":\"Mad About Horror Limited\",\"potentialAction\":[{\"@type\":\"SearchAction\",\"target\":{\"@type\":\"EntryPoint\",\"urlTemplate\":\"https:\\\/\\\/madabouthorror.co.uk\\\/?s={search_term_string}\"},\"query-input\":{\"@type\":\"PropertyValueSpecification\",\"valueRequired\":true,\"valueName\":\"search_term_string\"}}],\"inLanguage\":\"fr-FR\"},{\"@type\":\"Organization\",\"@id\":\"https:\\\/\\\/madabouthorror.co.uk\\\/#organization\",\"name\":\"Mad About Horror\",\"url\":\"https:\\\/\\\/madabouthorror.co.uk\\\/\",\"logo\":{\"@type\":\"ImageObject\",\"inLanguage\":\"fr-FR\",\"@id\":\"https:\\\/\\\/madabouthorror.co.uk\\\/#\\\/schema\\\/logo\\\/image\\\/\",\"url\":\"https:\\\/\\\/madabouthorror.co.uk\\\/wp-content\\\/uploads\\\/2024\\\/02\\\/cropped-Logo.png\",\"contentUrl\":\"https:\\\/\\\/madabouthorror.co.uk\\\/wp-content\\\/uploads\\\/2024\\\/02\\\/cropped-Logo.png\",\"width\":240,\"height\":88,\"caption\":\"Mad About Horror\"},\"image\":{\"@id\":\"https:\\\/\\\/madabouthorror.co.uk\\\/#\\\/schema\\\/logo\\\/image\\\/\"},\"sameAs\":[\"https:\\\/\\\/www.facebook.com\\\/madabouthorror\\\/\",\"https:\\\/\\\/www.instagram.com\\\/madabouthorror\\\/\",\"https:\\\/\\\/www.pinterest.co.uk\\\/madabouthorror\\\/\",\"https:\\\/\\\/www.youtube.com\\\/channel\\\/UCBooLOIxjoQ89dj6T5lWm_w\",\"https:\\\/\\\/www.tiktok.com\\\/@weremadabouthorror\"]}]}<\/script>\n<!-- \/ Yoast SEO plugin. -->","yoast_head_json":{"title":"Mondo Nightmare Vessels - Halloween 2 Michael Myers | Mad About Horror","description":"Vaisseau de cauchemar Mondo Halloween 2 sous licence officielle. Boutique d'objets de collection d'horreur et d'accessoires d'Halloween. Le premier sp\u00e9cialiste europ\u00e9en des objets de collection d'horreur.","robots":{"index":"index","follow":"follow","max-snippet":"max-snippet:-1","max-image-preview":"max-image-preview:large","max-video-preview":"max-video-preview:-1"},"canonical":"https:\/\/madabouthorror.co.uk\/fr\/product\/mondo-nightmare-vessels-halloween-2\/","og_locale":"fr_FR","og_type":"article","og_title":"Mondo Nightmare Vessels - Halloween 2 Michael Myers | Mad About Horror","og_description":"Officialy Licensed Mondo Halloween 2 Nightmare Vessel. Shop Horror collectibles and Halloween props. Europe's leading horror collectibles specialist.","og_url":"https:\/\/madabouthorror.co.uk\/fr\/product\/mondo-nightmare-vessels-halloween-2\/","og_site_name":"Mad About Horror","article_publisher":"https:\/\/www.facebook.com\/madabouthorror\/","article_modified_time":"2026-03-31T23:26:58+00:00","og_image":[{"width":570,"height":570,"url":"https:\/\/madabouthorror.co.uk\/wp-content\/uploads\/2025\/01\/NightmareVessels_PP017_REG_becfeb91-a324-4439-8761-74901850388c.webp","type":"image\/webp"}],"twitter_card":"summary_large_image","twitter_misc":{"Dur\u00e9e de lecture estim\u00e9e":"1 minute"},"schema":{"@context":"https:\/\/schema.org","@graph":[{"@type":["WebPage","ItemPage"],"@id":"https:\/\/madabouthorror.co.uk\/product\/mondo-nightmare-vessels-halloween-2\/","url":"https:\/\/madabouthorror.co.uk\/product\/mondo-nightmare-vessels-halloween-2\/","name":"Mondo Nightmare Vessels - Halloween 2 Michael Myers | Mad About Horror","isPartOf":{"@id":"https:\/\/madabouthorror.co.uk\/#website"},"primaryImageOfPage":{"@id":"https:\/\/madabouthorror.co.uk\/product\/mondo-nightmare-vessels-halloween-2\/#primaryimage"},"image":{"@id":"https:\/\/madabouthorror.co.uk\/product\/mondo-nightmare-vessels-halloween-2\/#primaryimage"},"thumbnailUrl":"https:\/\/madabouthorror.co.uk\/wp-content\/uploads\/2025\/01\/NightmareVessels_PP017_REG_becfeb91-a324-4439-8761-74901850388c.webp","datePublished":"2025-01-03T11:56:03+00:00","dateModified":"2026-03-31T23:26:58+00:00","description":"Vaisseau de cauchemar Mondo Halloween 2 sous licence officielle. Boutique d'objets de collection d'horreur et d'accessoires d'Halloween. Le premier sp\u00e9cialiste europ\u00e9en des objets de collection d'horreur.","breadcrumb":{"@id":"https:\/\/madabouthorror.co.uk\/product\/mondo-nightmare-vessels-halloween-2\/#breadcrumb"},"inLanguage":"fr-FR","potentialAction":[{"@type":"ReadAction","target":["https:\/\/madabouthorror.co.uk\/product\/mondo-nightmare-vessels-halloween-2\/"]}]},{"@type":"ImageObject","inLanguage":"fr-FR","@id":"https:\/\/madabouthorror.co.uk\/product\/mondo-nightmare-vessels-halloween-2\/#primaryimage","url":"https:\/\/madabouthorror.co.uk\/wp-content\/uploads\/2025\/01\/NightmareVessels_PP017_REG_becfeb91-a324-4439-8761-74901850388c.webp","contentUrl":"https:\/\/madabouthorror.co.uk\/wp-content\/uploads\/2025\/01\/NightmareVessels_PP017_REG_becfeb91-a324-4439-8761-74901850388c.webp","width":570,"height":570,"caption":"Halloween 2 Nightmare Vessel"},{"@type":"BreadcrumbList","@id":"https:\/\/madabouthorror.co.uk\/product\/mondo-nightmare-vessels-halloween-2\/#breadcrumb","itemListElement":[{"@type":"ListItem","position":1,"name":"Shop","item":"https:\/\/madabouthorror.co.uk\/shop\/"},{"@type":"ListItem","position":2,"name":"Mondo Nightmare Vessels &#8211; Halloween 2 Michael Myers"}]},{"@type":"WebSite","@id":"https:\/\/madabouthorror.co.uk\/#website","url":"https:\/\/madabouthorror.co.uk\/","name":"L'horreur en folie","description":"","publisher":{"@id":"https:\/\/madabouthorror.co.uk\/#organization"},"alternateName":"Mad About Horror Limited","potentialAction":[{"@type":"SearchAction","target":{"@type":"EntryPoint","urlTemplate":"https:\/\/madabouthorror.co.uk\/?s={search_term_string}"},"query-input":{"@type":"PropertyValueSpecification","valueRequired":true,"valueName":"search_term_string"}}],"inLanguage":"fr-FR"},{"@type":"Organization","@id":"https:\/\/madabouthorror.co.uk\/#organization","name":"L'horreur en folie","url":"https:\/\/madabouthorror.co.uk\/","logo":{"@type":"ImageObject","inLanguage":"fr-FR","@id":"https:\/\/madabouthorror.co.uk\/#\/schema\/logo\/image\/","url":"https:\/\/madabouthorror.co.uk\/wp-content\/uploads\/2024\/02\/cropped-Logo.png","contentUrl":"https:\/\/madabouthorror.co.uk\/wp-content\/uploads\/2024\/02\/cropped-Logo.png","width":240,"height":88,"caption":"Mad About Horror"},"image":{"@id":"https:\/\/madabouthorror.co.uk\/#\/schema\/logo\/image\/"},"sameAs":["https:\/\/www.facebook.com\/madabouthorror\/","https:\/\/www.instagram.com\/madabouthorror\/","https:\/\/www.pinterest.co.uk\/madabouthorror\/","https:\/\/www.youtube.com\/channel\/UCBooLOIxjoQ89dj6T5lWm_w","https:\/\/www.tiktok.com\/@weremadabouthorror"]}]}},"df_price":67.66,"df_sale_price":67.66,"df_regular_price":135.37,"df_image_link":"https:\/\/madabouthorror.co.uk\/wp-content\/uploads\/2025\/01\/NightmareVessels_PP017_REG_becfeb91-a324-4439-8761-74901850388c-300x300.webp","_links":{"self":[{"href":"https:\/\/madabouthorror.co.uk\/fr\/wp-json\/wp\/v2\/product\/520890","targetHints":{"allow":["GET"]}}],"collection":[{"href":"https:\/\/madabouthorror.co.uk\/fr\/wp-json\/wp\/v2\/product"}],"about":[{"href":"https:\/\/madabouthorror.co.uk\/fr\/wp-json\/wp\/v2\/types\/product"}],"replies":[{"embeddable":true,"href":"https:\/\/madabouthorror.co.uk\/fr\/wp-json\/wp\/v2\/comments?post=520890"}],"wp:featuredmedia":[{"embeddable":true,"href":"https:\/\/madabouthorror.co.uk\/fr\/wp-json\/wp\/v2\/media\/520893"}],"wp:attachment":[{"href":"https:\/\/madabouthorror.co.uk\/fr\/wp-json\/wp\/v2\/media?parent=520890"}],"wp:term":[{"taxonomy":"product_brand","embeddable":true,"href":"https:\/\/madabouthorror.co.uk\/fr\/wp-json\/wp\/v2\/product_brand?post=520890"},{"taxonomy":"product_cat","embeddable":true,"href":"https:\/\/madabouthorror.co.uk\/fr\/wp-json\/wp\/v2\/product_cat?post=520890"},{"taxonomy":"product_tag","embeddable":true,"href":"https:\/\/madabouthorror.co.uk\/fr\/wp-json\/wp\/v2\/product_tag?post=520890"}],"curies":[{"name":"wp","href":"https:\/\/api.w.org\/{rel}","templated":true}]}}