{"id":522817,"date":"2025-01-22T10:30:17","date_gmt":"2025-01-22T10:30:17","guid":{"rendered":"https:\/\/madabouthorror.co.uk\/?post_type=product&#038;p=522817"},"modified":"2026-04-20T15:40:26","modified_gmt":"2026-04-20T14:40:26","slug":"maniac-cop-2-cordell-mask","status":"publish","type":"product","link":"https:\/\/madabouthorror.co.uk\/fr\/product\/maniac-cop-2-cordell-mask\/","title":{"rendered":"Maniac Cop 2 - Cordell Mask"},"content":{"rendered":"<div class=\"description rte section cf not-in-quickbuy\">\n<p>Trick or Treat Studios est fier de pr\u00e9senter le masque sous licence officielle Maniac Cop 2 - Cordell. Ce masque int\u00e9gral en latex, qui se porte par-dessus la t\u00eate, est dot\u00e9 de cheveux en fibre naturelle et d'un chapeau de police amovible en latex, capturant parfaitement le look gla\u00e7ant de l'inf\u00e2me officier mort-vivant. Un article indispensable pour les fans d'horreur et les collectionneurs !<\/p>\n<p>Mati\u00e8res : latex et fibres capillaires naturelles.<\/p>\n<\/div>\n<div class=\"rte cf light-inner-row not-in-quickbuy\">\n<p>\u00a92025 Blue Underground, Inc. Tous droits r\u00e9serv\u00e9s.<\/p>\n<\/div>","protected":false},"excerpt":{"rendered":"<p>Trick or Treat Studios est fier de pr\u00e9senter le masque officiellement sous licence de Maniac Cop 2 - Cordell. Ce masque int\u00e9gral en latex, \u00e0 enfiler par-dessus la t\u00eate, est dot\u00e9 de cheveux en fibres naturelles et d'un chapeau de policier en latex amovible, capturant parfaitement l'apparence gla\u00e7ante de l'inf\u00e2me officier mort-vivant. Un article indispensable pour les fans d'horreur et les collectionneurs ! Mat\u00e9riaux : Latex et cheveux en fibres naturelles. \u00a92025 [\u2026]<\/p>","protected":false},"featured_media":522819,"comment_status":"closed","ping_status":"closed","template":"","meta":{"_acf_changed":false},"product_brand":[],"product_cat":[6580,10100,10038,9962,6541,6571,6792,9932],"product_tag":[],"class_list":{"0":"post-522817","1":"product","2":"type-product","3":"status-publish","4":"has-post-thumbnail","6":"product_cat-movie-tv","7":"product_cat-latex-masks","8":"product_cat-horror-gifts","9":"product_cat-trick-or-treat-studios-masks","10":"product_cat-masks","11":"product_cat-just-arrived","12":"product_cat-trick-or-treat-studios","13":"product_cat-maniac-cop","15":"first","16":"instock","17":"taxable","18":"shipping-taxable","19":"purchasable","20":"product-type-simple"},"supplier_id":467429,"supplier_sku":"TTBU102","barcode":"810116285747","atum_controlled":true,"out_stock_date":null,"out_stock_threshold":null,"inheritable":false,"inbound_stock":0,"stock_on_hold":0,"sold_today":0,"sales_last_days":1,"reserved_stock":0,"customer_returns":0,"warehouse_damage":0,"lost_in_post":0,"other_logs":0,"out_stock_days":0,"lost_sales":0,"has_location":false,"update_date":"2026-05-04T01:47:48","atum_locations":[],"atum_stock_status":"instock","restock_status":false,"low_stock_amount":7,"sales_update_date":"2026-05-04T01:47:47","calc_backorders":null,"acf":[],"yoast_head":"<!-- This site is optimized with the Yoast SEO plugin v27.5 - https:\/\/yoast.com\/product\/yoast-seo-wordpress\/ -->\n<title>Maniac Cop 2 - Cordell Mask | Mad About Horror<\/title>\n<meta name=\"description\" content=\"Official UK stockists of Trick or Treat Studios Maniac Cop 2 Mask. Available in the UK from Mad About Horror. Europe\u2019s leading Horror Specialist.\" \/>\n<meta name=\"robots\" content=\"index, follow, max-snippet:-1, max-image-preview:large, max-video-preview:-1\" \/>\n<link rel=\"canonical\" href=\"https:\/\/madabouthorror.co.uk\/fr\/product\/maniac-cop-2-cordell-mask\/\" \/>\n<meta property=\"og:locale\" content=\"fr_FR\" \/>\n<meta property=\"og:type\" content=\"article\" \/>\n<meta property=\"og:title\" content=\"Maniac Cop 2 - Cordell Mask | Mad About Horror\" \/>\n<meta property=\"og:description\" content=\"Official UK stockists of Trick or Treat Studios Maniac Cop 2 Mask. Available in the UK from Mad About Horror. Europe\u2019s leading Horror Specialist.\" \/>\n<meta property=\"og:url\" content=\"https:\/\/madabouthorror.co.uk\/fr\/product\/maniac-cop-2-cordell-mask\/\" \/>\n<meta property=\"og:site_name\" content=\"Mad About Horror\" \/>\n<meta property=\"article:publisher\" content=\"https:\/\/www.facebook.com\/madabouthorror\/\" \/>\n<meta property=\"article:modified_time\" content=\"2026-04-20T14:40:26+00:00\" \/>\n<meta property=\"og:image\" content=\"https:\/\/madabouthorror.co.uk\/wp-content\/uploads\/2025\/01\/TTBU102-maniaccop2-cordell-mask-front_900x.webp\" \/>\n\t<meta property=\"og:image:width\" content=\"900\" \/>\n\t<meta property=\"og:image:height\" content=\"900\" \/>\n\t<meta property=\"og:image:type\" content=\"image\/webp\" \/>\n<meta name=\"twitter:card\" content=\"summary_large_image\" \/>\n<meta name=\"twitter:label1\" content=\"Dur\u00e9e de lecture estim\u00e9e\" \/>\n\t<meta name=\"twitter:data1\" content=\"1 minute\" \/>\n<script type=\"application\/ld+json\" class=\"yoast-schema-graph\">{\"@context\":\"https:\\\/\\\/schema.org\",\"@graph\":[{\"@type\":[\"WebPage\",\"ItemPage\"],\"@id\":\"https:\\\/\\\/madabouthorror.co.uk\\\/product\\\/maniac-cop-2-cordell-mask\\\/\",\"url\":\"https:\\\/\\\/madabouthorror.co.uk\\\/product\\\/maniac-cop-2-cordell-mask\\\/\",\"name\":\"Maniac Cop 2 - Cordell Mask | Mad About Horror\",\"isPartOf\":{\"@id\":\"https:\\\/\\\/madabouthorror.co.uk\\\/#website\"},\"primaryImageOfPage\":{\"@id\":\"https:\\\/\\\/madabouthorror.co.uk\\\/product\\\/maniac-cop-2-cordell-mask\\\/#primaryimage\"},\"image\":{\"@id\":\"https:\\\/\\\/madabouthorror.co.uk\\\/product\\\/maniac-cop-2-cordell-mask\\\/#primaryimage\"},\"thumbnailUrl\":\"https:\\\/\\\/madabouthorror.co.uk\\\/wp-content\\\/uploads\\\/2025\\\/01\\\/TTBU102-maniaccop2-cordell-mask-front_900x.webp\",\"datePublished\":\"2025-01-22T10:30:17+00:00\",\"dateModified\":\"2026-04-20T14:40:26+00:00\",\"description\":\"Official UK stockists of Trick or Treat Studios Maniac Cop 2 Mask. Available in the UK from Mad About Horror. Europe\u2019s leading Horror Specialist.\",\"breadcrumb\":{\"@id\":\"https:\\\/\\\/madabouthorror.co.uk\\\/product\\\/maniac-cop-2-cordell-mask\\\/#breadcrumb\"},\"inLanguage\":\"fr-FR\",\"potentialAction\":[{\"@type\":\"ReadAction\",\"target\":[\"https:\\\/\\\/madabouthorror.co.uk\\\/product\\\/maniac-cop-2-cordell-mask\\\/\"]}]},{\"@type\":\"ImageObject\",\"inLanguage\":\"fr-FR\",\"@id\":\"https:\\\/\\\/madabouthorror.co.uk\\\/product\\\/maniac-cop-2-cordell-mask\\\/#primaryimage\",\"url\":\"https:\\\/\\\/madabouthorror.co.uk\\\/wp-content\\\/uploads\\\/2025\\\/01\\\/TTBU102-maniaccop2-cordell-mask-front_900x.webp\",\"contentUrl\":\"https:\\\/\\\/madabouthorror.co.uk\\\/wp-content\\\/uploads\\\/2025\\\/01\\\/TTBU102-maniaccop2-cordell-mask-front_900x.webp\",\"width\":900,\"height\":900,\"caption\":\"Maniac Cop 2 Mask\"},{\"@type\":\"BreadcrumbList\",\"@id\":\"https:\\\/\\\/madabouthorror.co.uk\\\/product\\\/maniac-cop-2-cordell-mask\\\/#breadcrumb\",\"itemListElement\":[{\"@type\":\"ListItem\",\"position\":1,\"name\":\"Shop\",\"item\":\"https:\\\/\\\/madabouthorror.co.uk\\\/shop\\\/\"},{\"@type\":\"ListItem\",\"position\":2,\"name\":\"Maniac Cop 2 &#8211; Cordell Mask\"}]},{\"@type\":\"WebSite\",\"@id\":\"https:\\\/\\\/madabouthorror.co.uk\\\/#website\",\"url\":\"https:\\\/\\\/madabouthorror.co.uk\\\/\",\"name\":\"Mad About Horror\",\"description\":\"\",\"publisher\":{\"@id\":\"https:\\\/\\\/madabouthorror.co.uk\\\/#organization\"},\"alternateName\":\"Mad About Horror Limited\",\"potentialAction\":[{\"@type\":\"SearchAction\",\"target\":{\"@type\":\"EntryPoint\",\"urlTemplate\":\"https:\\\/\\\/madabouthorror.co.uk\\\/?s={search_term_string}\"},\"query-input\":{\"@type\":\"PropertyValueSpecification\",\"valueRequired\":true,\"valueName\":\"search_term_string\"}}],\"inLanguage\":\"fr-FR\"},{\"@type\":\"Organization\",\"@id\":\"https:\\\/\\\/madabouthorror.co.uk\\\/#organization\",\"name\":\"Mad About Horror\",\"url\":\"https:\\\/\\\/madabouthorror.co.uk\\\/\",\"logo\":{\"@type\":\"ImageObject\",\"inLanguage\":\"fr-FR\",\"@id\":\"https:\\\/\\\/madabouthorror.co.uk\\\/#\\\/schema\\\/logo\\\/image\\\/\",\"url\":\"https:\\\/\\\/madabouthorror.co.uk\\\/wp-content\\\/uploads\\\/2024\\\/02\\\/cropped-Logo.png\",\"contentUrl\":\"https:\\\/\\\/madabouthorror.co.uk\\\/wp-content\\\/uploads\\\/2024\\\/02\\\/cropped-Logo.png\",\"width\":240,\"height\":88,\"caption\":\"Mad About Horror\"},\"image\":{\"@id\":\"https:\\\/\\\/madabouthorror.co.uk\\\/#\\\/schema\\\/logo\\\/image\\\/\"},\"sameAs\":[\"https:\\\/\\\/www.facebook.com\\\/madabouthorror\\\/\",\"https:\\\/\\\/www.instagram.com\\\/madabouthorror\\\/\",\"https:\\\/\\\/www.pinterest.co.uk\\\/madabouthorror\\\/\",\"https:\\\/\\\/www.youtube.com\\\/channel\\\/UCBooLOIxjoQ89dj6T5lWm_w\",\"https:\\\/\\\/www.tiktok.com\\\/@weremadabouthorror\"]}]}<\/script>\n<!-- \/ Yoast SEO plugin. -->","yoast_head_json":{"title":"Maniac Cop 2 - Masque de Cordell | Mad About Horror","description":"Revendeurs officiels au Royaume-Uni du masque Maniac Cop 2 de Trick or Treat Studios. Disponible au Royaume-Uni chez Mad About Horror. Le sp\u00e9cialiste europ\u00e9en de l'horreur.","robots":{"index":"index","follow":"follow","max-snippet":"max-snippet:-1","max-image-preview":"max-image-preview:large","max-video-preview":"max-video-preview:-1"},"canonical":"https:\/\/madabouthorror.co.uk\/fr\/product\/maniac-cop-2-cordell-mask\/","og_locale":"fr_FR","og_type":"article","og_title":"Maniac Cop 2 - Cordell Mask | Mad About Horror","og_description":"Official UK stockists of Trick or Treat Studios Maniac Cop 2 Mask. Available in the UK from Mad About Horror. Europe\u2019s leading Horror Specialist.","og_url":"https:\/\/madabouthorror.co.uk\/fr\/product\/maniac-cop-2-cordell-mask\/","og_site_name":"Mad About Horror","article_publisher":"https:\/\/www.facebook.com\/madabouthorror\/","article_modified_time":"2026-04-20T14:40:26+00:00","og_image":[{"width":900,"height":900,"url":"https:\/\/madabouthorror.co.uk\/wp-content\/uploads\/2025\/01\/TTBU102-maniaccop2-cordell-mask-front_900x.webp","type":"image\/webp"}],"twitter_card":"summary_large_image","twitter_misc":{"Dur\u00e9e de lecture estim\u00e9e":"1 minute"},"schema":{"@context":"https:\/\/schema.org","@graph":[{"@type":["WebPage","ItemPage"],"@id":"https:\/\/madabouthorror.co.uk\/product\/maniac-cop-2-cordell-mask\/","url":"https:\/\/madabouthorror.co.uk\/product\/maniac-cop-2-cordell-mask\/","name":"Maniac Cop 2 - Masque de Cordell | Mad About Horror","isPartOf":{"@id":"https:\/\/madabouthorror.co.uk\/#website"},"primaryImageOfPage":{"@id":"https:\/\/madabouthorror.co.uk\/product\/maniac-cop-2-cordell-mask\/#primaryimage"},"image":{"@id":"https:\/\/madabouthorror.co.uk\/product\/maniac-cop-2-cordell-mask\/#primaryimage"},"thumbnailUrl":"https:\/\/madabouthorror.co.uk\/wp-content\/uploads\/2025\/01\/TTBU102-maniaccop2-cordell-mask-front_900x.webp","datePublished":"2025-01-22T10:30:17+00:00","dateModified":"2026-04-20T14:40:26+00:00","description":"Revendeurs officiels au Royaume-Uni du masque Maniac Cop 2 de Trick or Treat Studios. Disponible au Royaume-Uni chez Mad About Horror. Le sp\u00e9cialiste europ\u00e9en de l'horreur.","breadcrumb":{"@id":"https:\/\/madabouthorror.co.uk\/product\/maniac-cop-2-cordell-mask\/#breadcrumb"},"inLanguage":"fr-FR","potentialAction":[{"@type":"ReadAction","target":["https:\/\/madabouthorror.co.uk\/product\/maniac-cop-2-cordell-mask\/"]}]},{"@type":"ImageObject","inLanguage":"fr-FR","@id":"https:\/\/madabouthorror.co.uk\/product\/maniac-cop-2-cordell-mask\/#primaryimage","url":"https:\/\/madabouthorror.co.uk\/wp-content\/uploads\/2025\/01\/TTBU102-maniaccop2-cordell-mask-front_900x.webp","contentUrl":"https:\/\/madabouthorror.co.uk\/wp-content\/uploads\/2025\/01\/TTBU102-maniaccop2-cordell-mask-front_900x.webp","width":900,"height":900,"caption":"Maniac Cop 2 Mask"},{"@type":"BreadcrumbList","@id":"https:\/\/madabouthorror.co.uk\/product\/maniac-cop-2-cordell-mask\/#breadcrumb","itemListElement":[{"@type":"ListItem","position":1,"name":"Shop","item":"https:\/\/madabouthorror.co.uk\/shop\/"},{"@type":"ListItem","position":2,"name":"Maniac Cop 2 &#8211; Cordell Mask"}]},{"@type":"WebSite","@id":"https:\/\/madabouthorror.co.uk\/#website","url":"https:\/\/madabouthorror.co.uk\/","name":"L'horreur en folie","description":"","publisher":{"@id":"https:\/\/madabouthorror.co.uk\/#organization"},"alternateName":"Mad About Horror Limited","potentialAction":[{"@type":"SearchAction","target":{"@type":"EntryPoint","urlTemplate":"https:\/\/madabouthorror.co.uk\/?s={search_term_string}"},"query-input":{"@type":"PropertyValueSpecification","valueRequired":true,"valueName":"search_term_string"}}],"inLanguage":"fr-FR"},{"@type":"Organization","@id":"https:\/\/madabouthorror.co.uk\/#organization","name":"L'horreur en folie","url":"https:\/\/madabouthorror.co.uk\/","logo":{"@type":"ImageObject","inLanguage":"fr-FR","@id":"https:\/\/madabouthorror.co.uk\/#\/schema\/logo\/image\/","url":"https:\/\/madabouthorror.co.uk\/wp-content\/uploads\/2024\/02\/cropped-Logo.png","contentUrl":"https:\/\/madabouthorror.co.uk\/wp-content\/uploads\/2024\/02\/cropped-Logo.png","width":240,"height":88,"caption":"Mad About Horror"},"image":{"@id":"https:\/\/madabouthorror.co.uk\/#\/schema\/logo\/image\/"},"sameAs":["https:\/\/www.facebook.com\/madabouthorror\/","https:\/\/www.instagram.com\/madabouthorror\/","https:\/\/www.pinterest.co.uk\/madabouthorror\/","https:\/\/www.youtube.com\/channel\/UCBooLOIxjoQ89dj6T5lWm_w","https:\/\/www.tiktok.com\/@weremadabouthorror"]}]}},"df_price":79.95,"df_sale_price":"","df_regular_price":79.95,"df_image_link":"https:\/\/madabouthorror.co.uk\/wp-content\/uploads\/2025\/01\/TTBU102-maniaccop2-cordell-mask-front_900x-300x300.webp","_links":{"self":[{"href":"https:\/\/madabouthorror.co.uk\/fr\/wp-json\/wp\/v2\/product\/522817","targetHints":{"allow":["GET"]}}],"collection":[{"href":"https:\/\/madabouthorror.co.uk\/fr\/wp-json\/wp\/v2\/product"}],"about":[{"href":"https:\/\/madabouthorror.co.uk\/fr\/wp-json\/wp\/v2\/types\/product"}],"replies":[{"embeddable":true,"href":"https:\/\/madabouthorror.co.uk\/fr\/wp-json\/wp\/v2\/comments?post=522817"}],"wp:featuredmedia":[{"embeddable":true,"href":"https:\/\/madabouthorror.co.uk\/fr\/wp-json\/wp\/v2\/media\/522819"}],"wp:attachment":[{"href":"https:\/\/madabouthorror.co.uk\/fr\/wp-json\/wp\/v2\/media?parent=522817"}],"wp:term":[{"taxonomy":"product_brand","embeddable":true,"href":"https:\/\/madabouthorror.co.uk\/fr\/wp-json\/wp\/v2\/product_brand?post=522817"},{"taxonomy":"product_cat","embeddable":true,"href":"https:\/\/madabouthorror.co.uk\/fr\/wp-json\/wp\/v2\/product_cat?post=522817"},{"taxonomy":"product_tag","embeddable":true,"href":"https:\/\/madabouthorror.co.uk\/fr\/wp-json\/wp\/v2\/product_tag?post=522817"}],"curies":[{"name":"wp","href":"https:\/\/api.w.org\/{rel}","templated":true}]}}